{"id":44505,"date":"2024-09-20T10:04:19","date_gmt":"2024-09-20T08:04:19","guid":{"rendered":"https:\/\/fonsvinum.com\/?post_type=product&#038;p=44505"},"modified":"2024-09-20T10:24:02","modified_gmt":"2024-09-20T08:24:02","slug":"pira-chiara-boschis-barolo-cannubi-2018","status":"publish","type":"product","link":"https:\/\/fonsvinum.com\/de\/produkt\/pira-chiara-boschis-barolo-cannubi-2018\/","title":{"rendered":"PIRA CHIARA BOSCHIS Barolo Cannubi 2018"},"content":{"rendered":"<h2><a href=\"https:\/\/fonsvinum.com\/de\/shop\/?filter_producer=az-agricola-pira-figli-de\">PIRA CHIARA BOSCHIS<\/a><\/h2>\n<h3><strong>-Die Weinberge-<\/strong><\/h3>\n<p>Das Piemont hat eine besondere tektonische Evolution. Sein Boden, vor allem in einigen Gebieten, in der Terti\u00e4rzeit sah die Ablagerung und Sedimentation von kalk-toeigen Mergel mit Sandsteinen durchsetzt.<br \/>\nLanga, ein h\u00fcgeliges System in der Provinz Cuneo, zwischen der Ebene und den Seealpen, genie\u00dft auch ein besonderes Mikroklima, das in der Lage ist, den Trauben Eigenschaften von Exzellenz zu verleihen.<br \/>\nDas DOCG-Gebiet von Barolo befindet sich im Zentrum der Langhe und ist Teil von 11 Gemeinden, die Barolo umgeben.<\/p>\n<h3><strong>-Der Keller-<\/strong><\/h3>\n<p>Das Unternehmen befindet sich in der Gemeinde Barolo und der Keller mit Blick auf piazza del Peso, wo \u00fcber Monforte und via Vittorio Veneto zusammenkommen.<\/p>\n<p>Die Bodega weint nur Trauben aus den Weinbergen, etwa 4 und eine halbe Hektar, in einigen der besten Barolo-Gebiete gepachtet.<\/p>\n<h2><a href=\"https:\/\/fonsvinum.com\/de\/?s=barolo&amp;post_type=product\">BAROLO<\/a> CANNUBI<\/h2>\n<h3>-Verkostungsnotizen-<\/h3>\n<ul>\n<li><strong>Farbe: <\/strong>lebendigeund granimte Granatrot.<\/li>\n<li><strong>Parf\u00fcm:<\/strong> breiter und komplexer Blumen- und Obststrau\u00df<\/li>\n<li><strong>Geschmack:<\/strong> trocken, herzhaft und harmonisch.<\/li>\n<\/ul>\n<h3>-Kombinationen-<\/h3>\n<p>Dieser Rotwein ist perfekt, um mit rotem Fleisch, Wild und Wild zu servieren.<\/p>\n<div class=\"content__image alignnone wp-image-32298\"><div class=\"ratio\"><div class=\"ratio__content\"><a href=\"https:\/\/fonsvinum.com\/files\/2021\/04\/barolo-cannubi-pira-chiara-boschis-ETICHETTA.jpg\"><img loading=\"lazy\" decoding=\"async\" class=\"alignnone wp-image-32298\" src=\"https:\/\/fonsvinum.com\/files\/2021\/04\/barolo-cannubi-pira-chiara-boschis-ETICHETTA.jpg\" alt=\"\" width=\"285\" height=\"216\" srcset=\"https:\/\/fonsvinum.com\/files\/2021\/04\/barolo-cannubi-pira-chiara-boschis-ETICHETTA.jpg 1483w, https:\/\/fonsvinum.com\/files\/2021\/04\/barolo-cannubi-pira-chiara-boschis-ETICHETTA-1024x777.jpg 1024w, https:\/\/fonsvinum.com\/files\/2021\/04\/barolo-cannubi-pira-chiara-boschis-ETICHETTA-600x455.jpg 600w, https:\/\/fonsvinum.com\/files\/2021\/04\/barolo-cannubi-pira-chiara-boschis-ETICHETTA-300x228.jpg 300w\" sizes=\"auto, (max-width: 285px) 100vw, 285px\" \/><\/a><\/div><\/div><\/div><\/a><\/p>\n","protected":false},"excerpt":{"rendered":"<p>PIRA CHIARA BOSCHIS -Die Weinberge- Das Piemont hat eine besondere tektonische Evolution. Sein Boden, vor allem in einigen Gebieten, in der Terti\u00e4rzeit sah die Ablagerung und Sedimentation von kalk-toeigen Mergel mit Sandsteinen durchsetzt. Langa, ein h\u00fcgeliges System in der Provinz Cuneo, zwischen der Ebene und den Seealpen, genie\u00dft auch ein besonderes Mikroklima, das in der [&hellip;]<\/p>\n","protected":false},"featured_media":14575,"comment_status":"open","ping_status":"closed","template":"","meta":{"_acf_changed":false,"_monsterinsights_skip_tracking":false,"_monsterinsights_sitenote_active":false,"_monsterinsights_sitenote_note":"","_monsterinsights_sitenote_category":0},"product_brand":[],"product_cat":[1824],"product_tag":[15903,15893,15959],"class_list":{"0":"post-44505","1":"product","2":"type-product","3":"status-publish","4":"has-post-thumbnail","6":"product_cat-barolo-de","7":"product_tag-barolo-de","8":"product_tag-piemonte-de","9":"product_tag-vino-rosso-de","10":"pa_appellation-barolo-docg-de","11":"pa_formato-0-75-l-flasche-de","12":"pa_producer-az-agricola-pira-figli-de","13":"pa_region-piemont-de","14":"pa_vine-100-nebbiolo-de","15":"pa_vintage-2018-de","17":"first","18":"instock","19":"taxable","20":"shipping-taxable","21":"purchasable","22":"product-type-simple"},"bundled_by":[],"bundle_stock_status":"instock","bundle_stock_quantity":3,"bundle_virtual":false,"bundle_layout":"","bundle_add_to_cart_form_location":"","bundle_editable_in_cart":false,"bundle_sold_individually_context":"","bundle_item_grouping":"","bundle_min_size":"","bundle_max_size":"","bundle_price":[],"bundled_items":[],"bundle_sell_ids":[],"yoast_head":"<!-- This site is optimized with the Yoast SEO plugin v27.2 - https:\/\/yoast.com\/product\/yoast-seo-wordpress\/ -->\n<title>Kaufen PIRA CHIARA BOSCHIS Barolo Cannubi 2018 | FonsVinum<\/title>\n<meta name=\"description\" content=\"Kaufen PIRA CHIARA BOSCHIS Barolo Cannubi 2018 -Fons Vinum- Geschmack: trocken, herzhaft und harmonisch...\" \/>\n<meta name=\"robots\" content=\"index, follow, max-snippet:-1, max-image-preview:large, max-video-preview:-1\" \/>\n<link rel=\"canonical\" href=\"https:\/\/fonsvinum.com\/de\/produkt\/pira-chiara-boschis-barolo-cannubi-2018\/\" \/>\n<meta property=\"og:locale\" content=\"de_DE\" \/>\n<meta property=\"og:type\" content=\"article\" \/>\n<meta property=\"og:title\" content=\"Kaufen PIRA CHIARA BOSCHIS Barolo Cannubi 2018 | FonsVinum\" \/>\n<meta property=\"og:description\" content=\"Kaufen PIRA CHIARA BOSCHIS Barolo Cannubi 2018 -Fons Vinum- Geschmack: trocken, herzhaft und harmonisch...\" \/>\n<meta property=\"og:url\" content=\"https:\/\/fonsvinum.com\/de\/produkt\/pira-chiara-boschis-barolo-cannubi-2018\/\" \/>\n<meta property=\"og:site_name\" content=\"Fons Vinum\" \/>\n<meta property=\"article:modified_time\" content=\"2024-09-20T08:24:02+00:00\" \/>\n<meta property=\"og:image\" content=\"https:\/\/fonsvinum.com\/files\/2018\/04\/barolo-cannubi-pira-chiara-boschis.png\" \/>\n\t<meta property=\"og:image:width\" content=\"220\" \/>\n\t<meta property=\"og:image:height\" content=\"600\" \/>\n\t<meta property=\"og:image:type\" content=\"image\/png\" \/>\n<meta name=\"twitter:label1\" content=\"Gesch\u00e4tzte Lesezeit\" \/>\n\t<meta name=\"twitter:data1\" content=\"2\u00a0Minuten\" \/>\n<script type=\"application\/ld+json\" class=\"yoast-schema-graph\">{\"@context\":\"https:\/\/schema.org\",\"@graph\":[{\"@type\":\"WebPage\",\"@id\":\"https:\/\/fonsvinum.com\/de\/produkt\/pira-chiara-boschis-barolo-cannubi-2018\/\",\"url\":\"https:\/\/fonsvinum.com\/de\/produkt\/pira-chiara-boschis-barolo-cannubi-2018\/\",\"name\":\"Kaufen PIRA CHIARA BOSCHIS Barolo Cannubi 2018 | FonsVinum\",\"isPartOf\":{\"@id\":\"https:\/\/fonsvinum.com\/en\/#website\"},\"primaryImageOfPage\":{\"@id\":\"https:\/\/fonsvinum.com\/de\/produkt\/pira-chiara-boschis-barolo-cannubi-2018\/#primaryimage\"},\"image\":{\"@id\":\"https:\/\/fonsvinum.com\/de\/produkt\/pira-chiara-boschis-barolo-cannubi-2018\/#primaryimage\"},\"thumbnailUrl\":\"https:\/\/fonsvinum.com\/files\/2018\/04\/barolo-cannubi-pira-chiara-boschis.png\",\"datePublished\":\"2024-09-20T08:04:19+00:00\",\"dateModified\":\"2024-09-20T08:24:02+00:00\",\"description\":\"Kaufen PIRA CHIARA BOSCHIS Barolo Cannubi 2018 -Fons Vinum- Geschmack: trocken, herzhaft und harmonisch...\",\"breadcrumb\":{\"@id\":\"https:\/\/fonsvinum.com\/de\/produkt\/pira-chiara-boschis-barolo-cannubi-2018\/#breadcrumb\"},\"inLanguage\":\"de\",\"potentialAction\":[{\"@type\":\"ReadAction\",\"target\":[\"https:\/\/fonsvinum.com\/de\/produkt\/pira-chiara-boschis-barolo-cannubi-2018\/\"]}]},{\"@type\":\"ImageObject\",\"inLanguage\":\"de\",\"@id\":\"https:\/\/fonsvinum.com\/de\/produkt\/pira-chiara-boschis-barolo-cannubi-2018\/#primaryimage\",\"url\":\"https:\/\/fonsvinum.com\/files\/2018\/04\/barolo-cannubi-pira-chiara-boschis.png\",\"contentUrl\":\"https:\/\/fonsvinum.com\/files\/2018\/04\/barolo-cannubi-pira-chiara-boschis.png\",\"width\":220,\"height\":600,\"caption\":\"barolo-cannubi-pira-chiara-boschis\"},{\"@type\":\"BreadcrumbList\",\"@id\":\"https:\/\/fonsvinum.com\/de\/produkt\/pira-chiara-boschis-barolo-cannubi-2018\/#breadcrumb\",\"itemListElement\":[{\"@type\":\"ListItem\",\"position\":1,\"name\":\"Startseite\",\"item\":\"https:\/\/fonsvinum.com\/de\/\"},{\"@type\":\"ListItem\",\"position\":2,\"name\":\"Shop\",\"item\":\"https:\/\/fonsvinum.com\/de\/shop\/\"},{\"@type\":\"ListItem\",\"position\":3,\"name\":\"PIRA CHIARA BOSCHIS Barolo Cannubi 2018\"}]},{\"@type\":\"WebSite\",\"@id\":\"https:\/\/fonsvinum.com\/en\/#website\",\"url\":\"https:\/\/fonsvinum.com\/en\/\",\"name\":\"Fons Vinum\",\"description\":\"Vendita Vino Online\",\"publisher\":{\"@id\":\"https:\/\/fonsvinum.com\/en\/#organization\"},\"potentialAction\":[{\"@type\":\"SearchAction\",\"target\":{\"@type\":\"EntryPoint\",\"urlTemplate\":\"https:\/\/fonsvinum.com\/en\/?s={search_term_string}\"},\"query-input\":{\"@type\":\"PropertyValueSpecification\",\"valueRequired\":true,\"valueName\":\"search_term_string\"}}],\"inLanguage\":\"de\"},{\"@type\":\"Organization\",\"@id\":\"https:\/\/fonsvinum.com\/en\/#organization\",\"name\":\"Fons Vinum\",\"url\":\"https:\/\/fonsvinum.com\/en\/\",\"logo\":{\"@type\":\"ImageObject\",\"inLanguage\":\"de\",\"@id\":\"https:\/\/fonsvinum.com\/en\/#\/schema\/logo\/image\/\",\"url\":\"\",\"contentUrl\":\"\",\"caption\":\"Fons Vinum\"},\"image\":{\"@id\":\"https:\/\/fonsvinum.com\/en\/#\/schema\/logo\/image\/\"}}]}<\/script>\n<!-- \/ Yoast SEO plugin. -->","yoast_head_json":{"title":"Kaufen PIRA CHIARA BOSCHIS Barolo Cannubi 2018 | FonsVinum","description":"Kaufen PIRA CHIARA BOSCHIS Barolo Cannubi 2018 -Fons Vinum- Geschmack: trocken, herzhaft und harmonisch...","robots":{"index":"index","follow":"follow","max-snippet":"max-snippet:-1","max-image-preview":"max-image-preview:large","max-video-preview":"max-video-preview:-1"},"canonical":"https:\/\/fonsvinum.com\/de\/produkt\/pira-chiara-boschis-barolo-cannubi-2018\/","og_locale":"de_DE","og_type":"article","og_title":"Kaufen PIRA CHIARA BOSCHIS Barolo Cannubi 2018 | FonsVinum","og_description":"Kaufen PIRA CHIARA BOSCHIS Barolo Cannubi 2018 -Fons Vinum- Geschmack: trocken, herzhaft und harmonisch...","og_url":"https:\/\/fonsvinum.com\/de\/produkt\/pira-chiara-boschis-barolo-cannubi-2018\/","og_site_name":"Fons Vinum","article_modified_time":"2024-09-20T08:24:02+00:00","og_image":[{"width":220,"height":600,"url":"https:\/\/fonsvinum.com\/files\/2018\/04\/barolo-cannubi-pira-chiara-boschis.png","type":"image\/png"}],"twitter_misc":{"Gesch\u00e4tzte Lesezeit":"2\u00a0Minuten"},"schema":{"@context":"https:\/\/schema.org","@graph":[{"@type":"WebPage","@id":"https:\/\/fonsvinum.com\/de\/produkt\/pira-chiara-boschis-barolo-cannubi-2018\/","url":"https:\/\/fonsvinum.com\/de\/produkt\/pira-chiara-boschis-barolo-cannubi-2018\/","name":"Kaufen PIRA CHIARA BOSCHIS Barolo Cannubi 2018 | FonsVinum","isPartOf":{"@id":"https:\/\/fonsvinum.com\/en\/#website"},"primaryImageOfPage":{"@id":"https:\/\/fonsvinum.com\/de\/produkt\/pira-chiara-boschis-barolo-cannubi-2018\/#primaryimage"},"image":{"@id":"https:\/\/fonsvinum.com\/de\/produkt\/pira-chiara-boschis-barolo-cannubi-2018\/#primaryimage"},"thumbnailUrl":"https:\/\/fonsvinum.com\/files\/2018\/04\/barolo-cannubi-pira-chiara-boschis.png","datePublished":"2024-09-20T08:04:19+00:00","dateModified":"2024-09-20T08:24:02+00:00","description":"Kaufen PIRA CHIARA BOSCHIS Barolo Cannubi 2018 -Fons Vinum- Geschmack: trocken, herzhaft und harmonisch...","breadcrumb":{"@id":"https:\/\/fonsvinum.com\/de\/produkt\/pira-chiara-boschis-barolo-cannubi-2018\/#breadcrumb"},"inLanguage":"de","potentialAction":[{"@type":"ReadAction","target":["https:\/\/fonsvinum.com\/de\/produkt\/pira-chiara-boschis-barolo-cannubi-2018\/"]}]},{"@type":"ImageObject","inLanguage":"de","@id":"https:\/\/fonsvinum.com\/de\/produkt\/pira-chiara-boschis-barolo-cannubi-2018\/#primaryimage","url":"https:\/\/fonsvinum.com\/files\/2018\/04\/barolo-cannubi-pira-chiara-boschis.png","contentUrl":"https:\/\/fonsvinum.com\/files\/2018\/04\/barolo-cannubi-pira-chiara-boschis.png","width":220,"height":600,"caption":"barolo-cannubi-pira-chiara-boschis"},{"@type":"BreadcrumbList","@id":"https:\/\/fonsvinum.com\/de\/produkt\/pira-chiara-boschis-barolo-cannubi-2018\/#breadcrumb","itemListElement":[{"@type":"ListItem","position":1,"name":"Startseite","item":"https:\/\/fonsvinum.com\/de\/"},{"@type":"ListItem","position":2,"name":"Shop","item":"https:\/\/fonsvinum.com\/de\/shop\/"},{"@type":"ListItem","position":3,"name":"PIRA CHIARA BOSCHIS Barolo Cannubi 2018"}]},{"@type":"WebSite","@id":"https:\/\/fonsvinum.com\/en\/#website","url":"https:\/\/fonsvinum.com\/en\/","name":"Fons Vinum","description":"Vendita Vino Online","publisher":{"@id":"https:\/\/fonsvinum.com\/en\/#organization"},"potentialAction":[{"@type":"SearchAction","target":{"@type":"EntryPoint","urlTemplate":"https:\/\/fonsvinum.com\/en\/?s={search_term_string}"},"query-input":{"@type":"PropertyValueSpecification","valueRequired":true,"valueName":"search_term_string"}}],"inLanguage":"de"},{"@type":"Organization","@id":"https:\/\/fonsvinum.com\/en\/#organization","name":"Fons Vinum","url":"https:\/\/fonsvinum.com\/en\/","logo":{"@type":"ImageObject","inLanguage":"de","@id":"https:\/\/fonsvinum.com\/en\/#\/schema\/logo\/image\/","url":"","contentUrl":"","caption":"Fons Vinum"},"image":{"@id":"https:\/\/fonsvinum.com\/en\/#\/schema\/logo\/image\/"}}]}},"acf":[],"_links":{"self":[{"href":"https:\/\/fonsvinum.com\/de\/wp-json\/wp\/v2\/product\/44505","targetHints":{"allow":["GET"]}}],"collection":[{"href":"https:\/\/fonsvinum.com\/de\/wp-json\/wp\/v2\/product"}],"about":[{"href":"https:\/\/fonsvinum.com\/de\/wp-json\/wp\/v2\/types\/product"}],"replies":[{"embeddable":true,"href":"https:\/\/fonsvinum.com\/de\/wp-json\/wp\/v2\/comments?post=44505"}],"wp:featuredmedia":[{"embeddable":true,"href":"https:\/\/fonsvinum.com\/de\/wp-json\/wp\/v2\/media\/14575"}],"wp:attachment":[{"href":"https:\/\/fonsvinum.com\/de\/wp-json\/wp\/v2\/media?parent=44505"}],"wp:term":[{"taxonomy":"product_brand","embeddable":true,"href":"https:\/\/fonsvinum.com\/de\/wp-json\/wp\/v2\/product_brand?post=44505"},{"taxonomy":"product_cat","embeddable":true,"href":"https:\/\/fonsvinum.com\/de\/wp-json\/wp\/v2\/product_cat?post=44505"},{"taxonomy":"product_tag","embeddable":true,"href":"https:\/\/fonsvinum.com\/de\/wp-json\/wp\/v2\/product_tag?post=44505"}],"curies":[{"name":"wp","href":"https:\/\/api.w.org\/{rel}","templated":true}]}}