{"id":44252,"date":"2024-06-14T12:16:18","date_gmt":"2024-06-14T10:16:18","guid":{"rendered":"https:\/\/fonsvinum.com\/?post_type=product&#038;p=44252"},"modified":"2024-06-17T11:19:59","modified_gmt":"2024-06-17T09:19:59","slug":"la-chablisienne-bourgogne-chardonnay-emotion-minerales-2023","status":"publish","type":"product","link":"https:\/\/fonsvinum.com\/de\/produkt\/la-chablisienne-bourgogne-chardonnay-emotion-minerales-2023\/","title":{"rendered":"LA CHABLISIENNE Bourgogne Chardonnay &#8222;Emotion Min\u00e9rales&#8220; 2023"},"content":{"rendered":"<h1 class=\"lista_tenute\">LA CHABLISIENNE Bourgogne Chardonnay &#8222;Emotion Min\u00e9rales&#8220; 2023<\/h1>\n<p>La Chablisienne wurde 1923 im Burgund gegr\u00fcndet und ist der gr\u00f6\u00dfte Hersteller von Chablis-Weinen und eine der ber\u00fchmtesten Genossenschaftskellereien Frankreichs.<\/p>\n<p>Die angeschlossenen Winzer werden sorgf\u00e4ltig ausgew\u00e4hlt und sind echte Partner von Chablisienne. Um seinen einzigartigen Stil zu formen, verwendet La Chablisienne Trauben in Form von Most, die einmal von angeschlossenen Winzern gepresst wurden. Mit dieser Entscheidung haben Sie die Kontrolle \u00fcber den gesamten Weinbereitungsprozess.<\/p>\n<p>Die Vielfalt der Chablisienne-Weinberge erm\u00f6glicht es Ihnen, alle Besonderheiten des au\u00dfergew\u00f6hnlichen kimmeridgischen Kalksteinbodens von Chablis zu erkunden.<\/p>\n<p>Von Chablis Petit Village bis Chablis Village, \u00fcber Chablis Premier Cru und Chablis Grand Cru offenbaren die Weine von Chablisienne alle Nuancen des Terroirs und der Mineralit\u00e4t von Chablis.<\/p>\n<p>Zu den bekanntesten Cuv\u00e9es z\u00e4hlen die des Ch\u00e2teau Grenouille und die gro\u00dfen Wei\u00dfweine des Chablis.<\/p>\n<p>Die Genossenschaft La Chablisienne verf\u00fcgt \u00fcber insgesamt 1.200 Hektar Weinberge, die an beiden Ufern des Flusses Serein liegen und ausschlie\u00dflich dem Chardonnay vorbehalten sind, einer edlen Rebsorte, die die Geschichte des Chablis-Gebiets geschrieben hat.<\/p>\n<h2>BOURGOGNE CHARDONNAY<\/h2>\n<p>Alle Etiketten von La Chablisienne bringen die Essenz der Chablis-Region zum Ausdruck, mit starken Meeresmineralien-Empfindungen, immer begleitet von einer lebendigen Frische. Ein weiteres charakteristisches Merkmal ist die au\u00dfergew\u00f6hnliche Langlebigkeit dieser Weine, die besonders im Premier Cru und Grand Cru \u00fcberrascht.<\/p>\n<h2>-Geschmacksnoten-<\/h2>\n<p>Farbe: sch\u00f6ne strohgelbe Farbe mit deutlichen gr\u00fcnlichen Reflexen.<\/p>\n<p>Parf\u00fcm: dr\u00fcckt eine sehr frische, lebendige und mineralische Nase aus; wir finden Feuerstein, Apfel und Ananas; wei\u00dfe Pflaume und Grapefruit.<\/p>\n<p>Geschmack: Am Gaumen behalten seine Aromen lange ihre Frische. Langes und gl\u00fcckliches Fortbestehen bis hin zu einer s\u00fc\u00dfen und heiteren Schwerkraft. Sehr frisch, in den ersten Jahren manchmal scharf, erreicht der Chablis nach einiger Zeit eine perfekte Ausgewogenheit.<\/p>\n<p>Probieren Sie es mit Schnecken \u00e0 la Bourguignonne.<\/p>\n<p>&nbsp;<\/p>\n<h2><\/h2>\n","protected":false},"excerpt":{"rendered":"<p>LA CHABLISIENNE Bourgogne Chardonnay &#8222;Emotion Min\u00e9rales&#8220; 2023 La Chablisienne wurde 1923 im Burgund gegr\u00fcndet und ist der gr\u00f6\u00dfte Hersteller von Chablis-Weinen und eine der ber\u00fchmtesten Genossenschaftskellereien Frankreichs. Die angeschlossenen Winzer werden sorgf\u00e4ltig ausgew\u00e4hlt und sind echte Partner von Chablisienne. Um seinen einzigartigen Stil zu formen, verwendet La Chablisienne Trauben in Form von Most, die einmal [&hellip;]<\/p>\n","protected":false},"featured_media":44278,"comment_status":"open","ping_status":"closed","template":"","meta":{"_acf_changed":false,"_monsterinsights_skip_tracking":false,"_monsterinsights_sitenote_active":false,"_monsterinsights_sitenote_note":"","_monsterinsights_sitenote_category":0},"product_brand":[],"product_cat":[1778],"product_tag":[17850,17724,17742],"class_list":{"0":"post-44252","1":"product","2":"type-product","3":"status-publish","4":"has-post-thumbnail","6":"product_cat-chardonnay-de","7":"product_tag-bourgogne-de","8":"product_tag-francia-de","9":"product_tag-vino-bianco-de","10":"pa_formato-0-75-l-flasche-de","11":"pa_vine-100-chardonnay-de","12":"pa_vintage-18401","14":"first","15":"outofstock","16":"taxable","17":"shipping-taxable","18":"purchasable","19":"product-type-simple"},"bundled_by":[],"bundle_stock_status":"outofstock","bundle_stock_quantity":0,"bundle_virtual":false,"bundle_layout":"","bundle_add_to_cart_form_location":"","bundle_editable_in_cart":false,"bundle_sold_individually_context":"","bundle_item_grouping":"","bundle_min_size":"","bundle_max_size":"","bundle_price":[],"bundled_items":[],"bundle_sell_ids":[],"yoast_head":"<!-- This site is optimized with the Yoast SEO plugin v27.2 - https:\/\/yoast.com\/product\/yoast-seo-wordpress\/ -->\n<title>LA CHABLISIENNE Bourgogne Chardonnay &quot;Emotion Min\u00e9rales&quot; 2023<\/title>\n<meta name=\"description\" content=\"Kaufen online LA CHABLISIENNE Bourgogne Chardonnay &quot;Emotion Min\u00e9rales&quot; 2023 at Fons Vinum -France -Burgundy - ...Bourgogne at Fons Vinum...\" \/>\n<meta name=\"robots\" content=\"index, follow, max-snippet:-1, max-image-preview:large, max-video-preview:-1\" \/>\n<link rel=\"canonical\" href=\"https:\/\/fonsvinum.com\/de\/produkt\/la-chablisienne-bourgogne-chardonnay-emotion-minerales-2023\/\" \/>\n<meta property=\"og:locale\" content=\"de_DE\" \/>\n<meta property=\"og:type\" content=\"article\" \/>\n<meta property=\"og:title\" content=\"LA CHABLISIENNE Bourgogne Chardonnay &quot;Emotion Min\u00e9rales&quot; 2023\" \/>\n<meta property=\"og:description\" content=\"Kaufen online LA CHABLISIENNE Bourgogne Chardonnay &quot;Emotion Min\u00e9rales&quot; 2023 at Fons Vinum -France -Burgundy - ...Bourgogne at Fons Vinum...\" \/>\n<meta property=\"og:url\" content=\"https:\/\/fonsvinum.com\/de\/produkt\/la-chablisienne-bourgogne-chardonnay-emotion-minerales-2023\/\" \/>\n<meta property=\"og:site_name\" content=\"Fons Vinum\" \/>\n<meta property=\"article:modified_time\" content=\"2024-06-17T09:19:59+00:00\" \/>\n<meta property=\"og:image\" content=\"https:\/\/fonsvinum.com\/files\/2024\/06\/la-chablisienne-bourgogne-chardonnay-2023.png\" \/>\n\t<meta property=\"og:image:width\" content=\"200\" \/>\n\t<meta property=\"og:image:height\" content=\"600\" \/>\n\t<meta property=\"og:image:type\" content=\"image\/png\" \/>\n<meta name=\"twitter:label1\" content=\"Gesch\u00e4tzte Lesezeit\" \/>\n\t<meta name=\"twitter:data1\" content=\"2\u00a0Minuten\" \/>\n<script type=\"application\/ld+json\" class=\"yoast-schema-graph\">{\"@context\":\"https:\/\/schema.org\",\"@graph\":[{\"@type\":\"WebPage\",\"@id\":\"https:\/\/fonsvinum.com\/de\/produkt\/la-chablisienne-bourgogne-chardonnay-emotion-minerales-2023\/\",\"url\":\"https:\/\/fonsvinum.com\/de\/produkt\/la-chablisienne-bourgogne-chardonnay-emotion-minerales-2023\/\",\"name\":\"LA CHABLISIENNE Bourgogne Chardonnay \\\"Emotion Min\u00e9rales\\\" 2023\",\"isPartOf\":{\"@id\":\"https:\/\/fonsvinum.com\/en\/#website\"},\"primaryImageOfPage\":{\"@id\":\"https:\/\/fonsvinum.com\/de\/produkt\/la-chablisienne-bourgogne-chardonnay-emotion-minerales-2023\/#primaryimage\"},\"image\":{\"@id\":\"https:\/\/fonsvinum.com\/de\/produkt\/la-chablisienne-bourgogne-chardonnay-emotion-minerales-2023\/#primaryimage\"},\"thumbnailUrl\":\"https:\/\/fonsvinum.com\/files\/2024\/06\/la-chablisienne-bourgogne-chardonnay-2023.png\",\"datePublished\":\"2024-06-14T10:16:18+00:00\",\"dateModified\":\"2024-06-17T09:19:59+00:00\",\"description\":\"Kaufen online LA CHABLISIENNE Bourgogne Chardonnay \\\"Emotion Min\u00e9rales\\\" 2023 at Fons Vinum -France -Burgundy - ...Bourgogne at Fons Vinum...\",\"breadcrumb\":{\"@id\":\"https:\/\/fonsvinum.com\/de\/produkt\/la-chablisienne-bourgogne-chardonnay-emotion-minerales-2023\/#breadcrumb\"},\"inLanguage\":\"de\",\"potentialAction\":[{\"@type\":\"ReadAction\",\"target\":[\"https:\/\/fonsvinum.com\/de\/produkt\/la-chablisienne-bourgogne-chardonnay-emotion-minerales-2023\/\"]}]},{\"@type\":\"ImageObject\",\"inLanguage\":\"de\",\"@id\":\"https:\/\/fonsvinum.com\/de\/produkt\/la-chablisienne-bourgogne-chardonnay-emotion-minerales-2023\/#primaryimage\",\"url\":\"https:\/\/fonsvinum.com\/files\/2024\/06\/la-chablisienne-bourgogne-chardonnay-2023.png\",\"contentUrl\":\"https:\/\/fonsvinum.com\/files\/2024\/06\/la-chablisienne-bourgogne-chardonnay-2023.png\",\"width\":200,\"height\":600},{\"@type\":\"BreadcrumbList\",\"@id\":\"https:\/\/fonsvinum.com\/de\/produkt\/la-chablisienne-bourgogne-chardonnay-emotion-minerales-2023\/#breadcrumb\",\"itemListElement\":[{\"@type\":\"ListItem\",\"position\":1,\"name\":\"Startseite\",\"item\":\"https:\/\/fonsvinum.com\/de\/\"},{\"@type\":\"ListItem\",\"position\":2,\"name\":\"Shop\",\"item\":\"https:\/\/fonsvinum.com\/de\/shop\/\"},{\"@type\":\"ListItem\",\"position\":3,\"name\":\"LA CHABLISIENNE Bourgogne Chardonnay &#8222;Emotion Min\u00e9rales&#8220; 2023\"}]},{\"@type\":\"WebSite\",\"@id\":\"https:\/\/fonsvinum.com\/en\/#website\",\"url\":\"https:\/\/fonsvinum.com\/en\/\",\"name\":\"Fons Vinum\",\"description\":\"Vendita Vino Online\",\"publisher\":{\"@id\":\"https:\/\/fonsvinum.com\/en\/#organization\"},\"potentialAction\":[{\"@type\":\"SearchAction\",\"target\":{\"@type\":\"EntryPoint\",\"urlTemplate\":\"https:\/\/fonsvinum.com\/en\/?s={search_term_string}\"},\"query-input\":{\"@type\":\"PropertyValueSpecification\",\"valueRequired\":true,\"valueName\":\"search_term_string\"}}],\"inLanguage\":\"de\"},{\"@type\":\"Organization\",\"@id\":\"https:\/\/fonsvinum.com\/en\/#organization\",\"name\":\"Fons Vinum\",\"url\":\"https:\/\/fonsvinum.com\/en\/\",\"logo\":{\"@type\":\"ImageObject\",\"inLanguage\":\"de\",\"@id\":\"https:\/\/fonsvinum.com\/en\/#\/schema\/logo\/image\/\",\"url\":\"\",\"contentUrl\":\"\",\"caption\":\"Fons Vinum\"},\"image\":{\"@id\":\"https:\/\/fonsvinum.com\/en\/#\/schema\/logo\/image\/\"}}]}<\/script>\n<!-- \/ Yoast SEO plugin. -->","yoast_head_json":{"title":"LA CHABLISIENNE Bourgogne Chardonnay \"Emotion Min\u00e9rales\" 2023","description":"Kaufen online LA CHABLISIENNE Bourgogne Chardonnay \"Emotion Min\u00e9rales\" 2023 at Fons Vinum -France -Burgundy - ...Bourgogne at Fons Vinum...","robots":{"index":"index","follow":"follow","max-snippet":"max-snippet:-1","max-image-preview":"max-image-preview:large","max-video-preview":"max-video-preview:-1"},"canonical":"https:\/\/fonsvinum.com\/de\/produkt\/la-chablisienne-bourgogne-chardonnay-emotion-minerales-2023\/","og_locale":"de_DE","og_type":"article","og_title":"LA CHABLISIENNE Bourgogne Chardonnay \"Emotion Min\u00e9rales\" 2023","og_description":"Kaufen online LA CHABLISIENNE Bourgogne Chardonnay \"Emotion Min\u00e9rales\" 2023 at Fons Vinum -France -Burgundy - ...Bourgogne at Fons Vinum...","og_url":"https:\/\/fonsvinum.com\/de\/produkt\/la-chablisienne-bourgogne-chardonnay-emotion-minerales-2023\/","og_site_name":"Fons Vinum","article_modified_time":"2024-06-17T09:19:59+00:00","og_image":[{"width":200,"height":600,"url":"https:\/\/fonsvinum.com\/files\/2024\/06\/la-chablisienne-bourgogne-chardonnay-2023.png","type":"image\/png"}],"twitter_misc":{"Gesch\u00e4tzte Lesezeit":"2\u00a0Minuten"},"schema":{"@context":"https:\/\/schema.org","@graph":[{"@type":"WebPage","@id":"https:\/\/fonsvinum.com\/de\/produkt\/la-chablisienne-bourgogne-chardonnay-emotion-minerales-2023\/","url":"https:\/\/fonsvinum.com\/de\/produkt\/la-chablisienne-bourgogne-chardonnay-emotion-minerales-2023\/","name":"LA CHABLISIENNE Bourgogne Chardonnay \"Emotion Min\u00e9rales\" 2023","isPartOf":{"@id":"https:\/\/fonsvinum.com\/en\/#website"},"primaryImageOfPage":{"@id":"https:\/\/fonsvinum.com\/de\/produkt\/la-chablisienne-bourgogne-chardonnay-emotion-minerales-2023\/#primaryimage"},"image":{"@id":"https:\/\/fonsvinum.com\/de\/produkt\/la-chablisienne-bourgogne-chardonnay-emotion-minerales-2023\/#primaryimage"},"thumbnailUrl":"https:\/\/fonsvinum.com\/files\/2024\/06\/la-chablisienne-bourgogne-chardonnay-2023.png","datePublished":"2024-06-14T10:16:18+00:00","dateModified":"2024-06-17T09:19:59+00:00","description":"Kaufen online LA CHABLISIENNE Bourgogne Chardonnay \"Emotion Min\u00e9rales\" 2023 at Fons Vinum -France -Burgundy - ...Bourgogne at Fons Vinum...","breadcrumb":{"@id":"https:\/\/fonsvinum.com\/de\/produkt\/la-chablisienne-bourgogne-chardonnay-emotion-minerales-2023\/#breadcrumb"},"inLanguage":"de","potentialAction":[{"@type":"ReadAction","target":["https:\/\/fonsvinum.com\/de\/produkt\/la-chablisienne-bourgogne-chardonnay-emotion-minerales-2023\/"]}]},{"@type":"ImageObject","inLanguage":"de","@id":"https:\/\/fonsvinum.com\/de\/produkt\/la-chablisienne-bourgogne-chardonnay-emotion-minerales-2023\/#primaryimage","url":"https:\/\/fonsvinum.com\/files\/2024\/06\/la-chablisienne-bourgogne-chardonnay-2023.png","contentUrl":"https:\/\/fonsvinum.com\/files\/2024\/06\/la-chablisienne-bourgogne-chardonnay-2023.png","width":200,"height":600},{"@type":"BreadcrumbList","@id":"https:\/\/fonsvinum.com\/de\/produkt\/la-chablisienne-bourgogne-chardonnay-emotion-minerales-2023\/#breadcrumb","itemListElement":[{"@type":"ListItem","position":1,"name":"Startseite","item":"https:\/\/fonsvinum.com\/de\/"},{"@type":"ListItem","position":2,"name":"Shop","item":"https:\/\/fonsvinum.com\/de\/shop\/"},{"@type":"ListItem","position":3,"name":"LA CHABLISIENNE Bourgogne Chardonnay &#8222;Emotion Min\u00e9rales&#8220; 2023"}]},{"@type":"WebSite","@id":"https:\/\/fonsvinum.com\/en\/#website","url":"https:\/\/fonsvinum.com\/en\/","name":"Fons Vinum","description":"Vendita Vino Online","publisher":{"@id":"https:\/\/fonsvinum.com\/en\/#organization"},"potentialAction":[{"@type":"SearchAction","target":{"@type":"EntryPoint","urlTemplate":"https:\/\/fonsvinum.com\/en\/?s={search_term_string}"},"query-input":{"@type":"PropertyValueSpecification","valueRequired":true,"valueName":"search_term_string"}}],"inLanguage":"de"},{"@type":"Organization","@id":"https:\/\/fonsvinum.com\/en\/#organization","name":"Fons Vinum","url":"https:\/\/fonsvinum.com\/en\/","logo":{"@type":"ImageObject","inLanguage":"de","@id":"https:\/\/fonsvinum.com\/en\/#\/schema\/logo\/image\/","url":"","contentUrl":"","caption":"Fons Vinum"},"image":{"@id":"https:\/\/fonsvinum.com\/en\/#\/schema\/logo\/image\/"}}]}},"acf":[],"_links":{"self":[{"href":"https:\/\/fonsvinum.com\/de\/wp-json\/wp\/v2\/product\/44252","targetHints":{"allow":["GET"]}}],"collection":[{"href":"https:\/\/fonsvinum.com\/de\/wp-json\/wp\/v2\/product"}],"about":[{"href":"https:\/\/fonsvinum.com\/de\/wp-json\/wp\/v2\/types\/product"}],"replies":[{"embeddable":true,"href":"https:\/\/fonsvinum.com\/de\/wp-json\/wp\/v2\/comments?post=44252"}],"wp:featuredmedia":[{"embeddable":true,"href":"https:\/\/fonsvinum.com\/de\/wp-json\/wp\/v2\/media\/44278"}],"wp:attachment":[{"href":"https:\/\/fonsvinum.com\/de\/wp-json\/wp\/v2\/media?parent=44252"}],"wp:term":[{"taxonomy":"product_brand","embeddable":true,"href":"https:\/\/fonsvinum.com\/de\/wp-json\/wp\/v2\/product_brand?post=44252"},{"taxonomy":"product_cat","embeddable":true,"href":"https:\/\/fonsvinum.com\/de\/wp-json\/wp\/v2\/product_cat?post=44252"},{"taxonomy":"product_tag","embeddable":true,"href":"https:\/\/fonsvinum.com\/de\/wp-json\/wp\/v2\/product_tag?post=44252"}],"curies":[{"name":"wp","href":"https:\/\/api.w.org\/{rel}","templated":true}]}}