{"id":44236,"date":"2024-06-13T16:16:21","date_gmt":"2024-06-13T14:16:21","guid":{"rendered":"https:\/\/fonsvinum.com\/?post_type=product&#038;p=44236"},"modified":"2024-06-17T12:24:38","modified_gmt":"2024-06-17T10:24:38","slug":"domaine-bourgogne-devaux-bourgogne-rouge-hautes-cotes-de-beaune-pussey-2021","status":"publish","type":"product","link":"https:\/\/fonsvinum.com\/de\/produkt\/domaine-bourgogne-devaux-bourgogne-rouge-hautes-cotes-de-beaune-pussey-2021\/","title":{"rendered":"DOMAINE BOURGOGNE DEVAUX Bourgogne Rouge Hautes C\u00f4tes de Beaune Pussey 2021"},"content":{"rendered":"<h2><a href=\"https:\/\/fonsvinum.com\/de\/?s=DOMAINE+ROSSIGNOL&amp;post_type=product\">DOMAINE ROSSIGNOL-CORNU ET FILS<\/a><\/h2>\n<h2>DOMAINE BOURGOGNE DEVAUX Bourgogne Rouge Hautes C\u00f4tes de Beaune Pussey 2021<\/h2>\n<p>1899 baute Th\u00e9odore DEVAUX die ersten Geb\u00e4ude auf dem Anwesen.<\/p>\n<p>1946 \u00fcbernahm Alexandre DEVAUX in Begleitung seiner Frau Marie-Louise DEVAUX das Familienunternehmen. In den 1960er Jahren kaufte er einige Weinbergparzellen in Pommard und entwickelte den direkten Flaschenverkauf.<\/p>\n<p>1986 \u00fcbernahm seine Tochter Sylvie BOURGOGNE-DEVAUX das Anwesen, verkaufte jedoch die Traubenproduktion an Dritte. 2012 wurde unter der Leitung seiner beiden S\u00f6hne Fabrice und Luc der Bourgogne Hautes C\u00f4tes de Beaune vinifiziert, wodurch die Freude wiederentdeckt wurde, die famili\u00e4re Leidenschaft f\u00fcr Wein zu teilen.<\/p>\n<p>2013 wurde neben dem Bourgogne Hautes C\u00f4tes de Beaune auch ein Teil der Pommard-Trauben vinifiziert: So entstand die Cuv\u00e9e \u201eLes Vignots\u201c.<\/p>\n<p>2014 wurde die gesamte Ernte auf dem Bauernhof vinifiziert.<\/p>\n<p>Das Weingut bewirtschaftet derzeit 4,10 Hektar Land (3,42 Hektar Bourgogne Hautes Cotes de Beaune Rouge und 0,68 Hektar Pommard).<\/p>\n<h2>BOURGOGNE HAUTES COTES DE BEAUNE VINO ROSSO LIEU-DIT \u201eEN PUSSEY\u201c<\/h2>\n<p>Fl\u00e4che: 1 ha17<br \/>\nAnzahl der produzierten Flaschen: ca. 9000 Flaschen\/Jahr<br \/>\nAusrichtung: S\u00fcden, H\u00f6he ca. 300 m.<br \/>\nNeigung: 3 bis 5 %<br \/>\nBodentyp: in der Tiefe lehmig, an der Oberfl\u00e4che mergelig und kiesig<br \/>\nVerkostungsmerkmale: Die Weine dieser Parzelle zeichnen sich durch eine Dominanz von sehr reifen roten Fr\u00fcchten und kr\u00e4ftigen Tanninen aus.<br \/>\nServiertemperatur: 15-16 \u00b0C; es ist ratsam, den Wein zu dekantieren, um seinen aromatischen Ausdruck zu verst\u00e4rken.<\/p>\n<h3>-Verkostungsnotizen-<\/h3>\n<p>Farbe: rubinrot mit violetten Reflexen.<br \/>\nNase: zarte, aber pr\u00e4zise Nase, frisch und k\u00f6stlich, Note von roten und schwarzen Fr\u00fcchten.<br \/>\nGaumen: Noten von Kirschen, aber mit milden Gew\u00fcrzen, der Auftakt ist lebhaft, aber rund mit geschmeidigen Tanninen.<\/p>\n","protected":false},"excerpt":{"rendered":"<p>DOMAINE ROSSIGNOL-CORNU ET FILS DOMAINE BOURGOGNE DEVAUX Bourgogne Rouge Hautes C\u00f4tes de Beaune Pussey 2021 1899 baute Th\u00e9odore DEVAUX die ersten Geb\u00e4ude auf dem Anwesen. 1946 \u00fcbernahm Alexandre DEVAUX in Begleitung seiner Frau Marie-Louise DEVAUX das Familienunternehmen. In den 1960er Jahren kaufte er einige Weinbergparzellen in Pommard und entwickelte den direkten Flaschenverkauf. 1986 \u00fcbernahm seine [&hellip;]<\/p>\n","protected":false},"featured_media":44302,"comment_status":"open","ping_status":"closed","template":"","meta":{"_acf_changed":false,"_monsterinsights_skip_tracking":false,"_monsterinsights_sitenote_active":false,"_monsterinsights_sitenote_note":"","_monsterinsights_sitenote_category":0},"product_brand":[],"product_cat":[17931,2362],"product_tag":[17850,17724,15959],"class_list":{"0":"post-44236","1":"product","2":"type-product","3":"status-publish","4":"has-post-thumbnail","6":"product_cat-bourgogne-de","7":"product_cat-pinot-nero-de","8":"product_tag-bourgogne-de","9":"product_tag-francia-de","10":"product_tag-vino-rosso-de","11":"pa_formato-0-75-l-flasche-de","12":"pa_region-bourgogne-de","13":"pa_vine-100-pinot-noir-de","14":"pa_vintage-18393","16":"first","17":"instock","18":"taxable","19":"shipping-taxable","20":"purchasable","21":"product-type-simple"},"bundled_by":[],"bundle_stock_status":"instock","bundle_stock_quantity":2,"bundle_virtual":false,"bundle_layout":"","bundle_add_to_cart_form_location":"","bundle_editable_in_cart":false,"bundle_sold_individually_context":"","bundle_item_grouping":"","bundle_min_size":"","bundle_max_size":"","bundle_price":[],"bundled_items":[],"bundle_sell_ids":[],"yoast_head":"<!-- This site is optimized with the Yoast SEO plugin v27.3 - https:\/\/yoast.com\/product\/yoast-seo-wordpress\/ -->\n<title>DOMAINE BOURGOGNE DEVAUX Bourgogne Rouge Hautes C\u00f4tes de Beaune Pussey 2021<\/title>\n<meta name=\"description\" content=\"Kaufen online DOMAINE BOURGOGNE DEVAUX Bourgogne Rouge Hautes C\u00f4tes de Beaune Pussey 2021- ...Bourgogne at Fons Vinum...\" \/>\n<meta name=\"robots\" content=\"index, follow, max-snippet:-1, max-image-preview:large, max-video-preview:-1\" \/>\n<link rel=\"canonical\" href=\"https:\/\/fonsvinum.com\/de\/produkt\/domaine-bourgogne-devaux-bourgogne-rouge-hautes-cotes-de-beaune-pussey-2021\/\" \/>\n<meta property=\"og:locale\" content=\"de_DE\" \/>\n<meta property=\"og:type\" content=\"article\" \/>\n<meta property=\"og:title\" content=\"DOMAINE BOURGOGNE DEVAUX Bourgogne Rouge Hautes C\u00f4tes de Beaune Pussey 2021\" \/>\n<meta property=\"og:description\" content=\"Kaufen online DOMAINE BOURGOGNE DEVAUX Bourgogne Rouge Hautes C\u00f4tes de Beaune Pussey 2021- ...Bourgogne at Fons Vinum...\" \/>\n<meta property=\"og:url\" content=\"https:\/\/fonsvinum.com\/de\/produkt\/domaine-bourgogne-devaux-bourgogne-rouge-hautes-cotes-de-beaune-pussey-2021\/\" \/>\n<meta property=\"og:site_name\" content=\"Fons Vinum\" \/>\n<meta property=\"article:modified_time\" content=\"2024-06-17T10:24:38+00:00\" \/>\n<meta property=\"og:image\" content=\"https:\/\/fonsvinum.com\/files\/2024\/06\/domaine-bourgogne-pussey-2021.png\" \/>\n\t<meta property=\"og:image:width\" content=\"300\" \/>\n\t<meta property=\"og:image:height\" content=\"600\" \/>\n\t<meta property=\"og:image:type\" content=\"image\/png\" \/>\n<meta name=\"twitter:label1\" content=\"Gesch\u00e4tzte Lesezeit\" \/>\n\t<meta name=\"twitter:data1\" content=\"2\u00a0Minuten\" \/>\n<script type=\"application\/ld+json\" class=\"yoast-schema-graph\">{\"@context\":\"https:\\\/\\\/schema.org\",\"@graph\":[{\"@type\":\"WebPage\",\"@id\":\"https:\\\/\\\/fonsvinum.com\\\/de\\\/produkt\\\/domaine-bourgogne-devaux-bourgogne-rouge-hautes-cotes-de-beaune-pussey-2021\\\/\",\"url\":\"https:\\\/\\\/fonsvinum.com\\\/de\\\/produkt\\\/domaine-bourgogne-devaux-bourgogne-rouge-hautes-cotes-de-beaune-pussey-2021\\\/\",\"name\":\"DOMAINE BOURGOGNE DEVAUX Bourgogne Rouge Hautes C\u00f4tes de Beaune Pussey 2021\",\"isPartOf\":{\"@id\":\"https:\\\/\\\/fonsvinum.com\\\/en\\\/#website\"},\"primaryImageOfPage\":{\"@id\":\"https:\\\/\\\/fonsvinum.com\\\/de\\\/produkt\\\/domaine-bourgogne-devaux-bourgogne-rouge-hautes-cotes-de-beaune-pussey-2021\\\/#primaryimage\"},\"image\":{\"@id\":\"https:\\\/\\\/fonsvinum.com\\\/de\\\/produkt\\\/domaine-bourgogne-devaux-bourgogne-rouge-hautes-cotes-de-beaune-pussey-2021\\\/#primaryimage\"},\"thumbnailUrl\":\"https:\\\/\\\/fonsvinum.com\\\/files\\\/2024\\\/06\\\/domaine-bourgogne-pussey-2021.png\",\"datePublished\":\"2024-06-13T14:16:21+00:00\",\"dateModified\":\"2024-06-17T10:24:38+00:00\",\"description\":\"Kaufen online DOMAINE BOURGOGNE DEVAUX Bourgogne Rouge Hautes C\u00f4tes de Beaune Pussey 2021- ...Bourgogne at Fons Vinum...\",\"breadcrumb\":{\"@id\":\"https:\\\/\\\/fonsvinum.com\\\/de\\\/produkt\\\/domaine-bourgogne-devaux-bourgogne-rouge-hautes-cotes-de-beaune-pussey-2021\\\/#breadcrumb\"},\"inLanguage\":\"de\",\"potentialAction\":[{\"@type\":\"ReadAction\",\"target\":[\"https:\\\/\\\/fonsvinum.com\\\/de\\\/produkt\\\/domaine-bourgogne-devaux-bourgogne-rouge-hautes-cotes-de-beaune-pussey-2021\\\/\"]}]},{\"@type\":\"ImageObject\",\"inLanguage\":\"de\",\"@id\":\"https:\\\/\\\/fonsvinum.com\\\/de\\\/produkt\\\/domaine-bourgogne-devaux-bourgogne-rouge-hautes-cotes-de-beaune-pussey-2021\\\/#primaryimage\",\"url\":\"https:\\\/\\\/fonsvinum.com\\\/files\\\/2024\\\/06\\\/domaine-bourgogne-pussey-2021.png\",\"contentUrl\":\"https:\\\/\\\/fonsvinum.com\\\/files\\\/2024\\\/06\\\/domaine-bourgogne-pussey-2021.png\",\"width\":300,\"height\":600},{\"@type\":\"BreadcrumbList\",\"@id\":\"https:\\\/\\\/fonsvinum.com\\\/de\\\/produkt\\\/domaine-bourgogne-devaux-bourgogne-rouge-hautes-cotes-de-beaune-pussey-2021\\\/#breadcrumb\",\"itemListElement\":[{\"@type\":\"ListItem\",\"position\":1,\"name\":\"Startseite\",\"item\":\"https:\\\/\\\/fonsvinum.com\\\/de\\\/\"},{\"@type\":\"ListItem\",\"position\":2,\"name\":\"Shop\",\"item\":\"https:\\\/\\\/fonsvinum.com\\\/de\\\/shop\\\/\"},{\"@type\":\"ListItem\",\"position\":3,\"name\":\"DOMAINE BOURGOGNE DEVAUX Bourgogne Rouge Hautes C\u00f4tes de Beaune Pussey 2021\"}]},{\"@type\":\"WebSite\",\"@id\":\"https:\\\/\\\/fonsvinum.com\\\/en\\\/#website\",\"url\":\"https:\\\/\\\/fonsvinum.com\\\/en\\\/\",\"name\":\"Fons Vinum\",\"description\":\"Vendita Vino Online\",\"publisher\":{\"@id\":\"https:\\\/\\\/fonsvinum.com\\\/en\\\/#organization\"},\"potentialAction\":[{\"@type\":\"SearchAction\",\"target\":{\"@type\":\"EntryPoint\",\"urlTemplate\":\"https:\\\/\\\/fonsvinum.com\\\/en\\\/?s={search_term_string}\"},\"query-input\":{\"@type\":\"PropertyValueSpecification\",\"valueRequired\":true,\"valueName\":\"search_term_string\"}}],\"inLanguage\":\"de\"},{\"@type\":\"Organization\",\"@id\":\"https:\\\/\\\/fonsvinum.com\\\/en\\\/#organization\",\"name\":\"Fons Vinum\",\"url\":\"https:\\\/\\\/fonsvinum.com\\\/en\\\/\",\"logo\":{\"@type\":\"ImageObject\",\"inLanguage\":\"de\",\"@id\":\"https:\\\/\\\/fonsvinum.com\\\/en\\\/#\\\/schema\\\/logo\\\/image\\\/\",\"url\":\"\",\"contentUrl\":\"\",\"caption\":\"Fons Vinum\"},\"image\":{\"@id\":\"https:\\\/\\\/fonsvinum.com\\\/en\\\/#\\\/schema\\\/logo\\\/image\\\/\"}}]}<\/script>\n<!-- \/ Yoast SEO plugin. -->","yoast_head_json":{"title":"DOMAINE BOURGOGNE DEVAUX Bourgogne Rouge Hautes C\u00f4tes de Beaune Pussey 2021","description":"Kaufen online DOMAINE BOURGOGNE DEVAUX Bourgogne Rouge Hautes C\u00f4tes de Beaune Pussey 2021- ...Bourgogne at Fons Vinum...","robots":{"index":"index","follow":"follow","max-snippet":"max-snippet:-1","max-image-preview":"max-image-preview:large","max-video-preview":"max-video-preview:-1"},"canonical":"https:\/\/fonsvinum.com\/de\/produkt\/domaine-bourgogne-devaux-bourgogne-rouge-hautes-cotes-de-beaune-pussey-2021\/","og_locale":"de_DE","og_type":"article","og_title":"DOMAINE BOURGOGNE DEVAUX Bourgogne Rouge Hautes C\u00f4tes de Beaune Pussey 2021","og_description":"Kaufen online DOMAINE BOURGOGNE DEVAUX Bourgogne Rouge Hautes C\u00f4tes de Beaune Pussey 2021- ...Bourgogne at Fons Vinum...","og_url":"https:\/\/fonsvinum.com\/de\/produkt\/domaine-bourgogne-devaux-bourgogne-rouge-hautes-cotes-de-beaune-pussey-2021\/","og_site_name":"Fons Vinum","article_modified_time":"2024-06-17T10:24:38+00:00","og_image":[{"width":300,"height":600,"url":"https:\/\/fonsvinum.com\/files\/2024\/06\/domaine-bourgogne-pussey-2021.png","type":"image\/png"}],"twitter_misc":{"Gesch\u00e4tzte Lesezeit":"2\u00a0Minuten"},"schema":{"@context":"https:\/\/schema.org","@graph":[{"@type":"WebPage","@id":"https:\/\/fonsvinum.com\/de\/produkt\/domaine-bourgogne-devaux-bourgogne-rouge-hautes-cotes-de-beaune-pussey-2021\/","url":"https:\/\/fonsvinum.com\/de\/produkt\/domaine-bourgogne-devaux-bourgogne-rouge-hautes-cotes-de-beaune-pussey-2021\/","name":"DOMAINE BOURGOGNE DEVAUX Bourgogne Rouge Hautes C\u00f4tes de Beaune Pussey 2021","isPartOf":{"@id":"https:\/\/fonsvinum.com\/en\/#website"},"primaryImageOfPage":{"@id":"https:\/\/fonsvinum.com\/de\/produkt\/domaine-bourgogne-devaux-bourgogne-rouge-hautes-cotes-de-beaune-pussey-2021\/#primaryimage"},"image":{"@id":"https:\/\/fonsvinum.com\/de\/produkt\/domaine-bourgogne-devaux-bourgogne-rouge-hautes-cotes-de-beaune-pussey-2021\/#primaryimage"},"thumbnailUrl":"https:\/\/fonsvinum.com\/files\/2024\/06\/domaine-bourgogne-pussey-2021.png","datePublished":"2024-06-13T14:16:21+00:00","dateModified":"2024-06-17T10:24:38+00:00","description":"Kaufen online DOMAINE BOURGOGNE DEVAUX Bourgogne Rouge Hautes C\u00f4tes de Beaune Pussey 2021- ...Bourgogne at Fons Vinum...","breadcrumb":{"@id":"https:\/\/fonsvinum.com\/de\/produkt\/domaine-bourgogne-devaux-bourgogne-rouge-hautes-cotes-de-beaune-pussey-2021\/#breadcrumb"},"inLanguage":"de","potentialAction":[{"@type":"ReadAction","target":["https:\/\/fonsvinum.com\/de\/produkt\/domaine-bourgogne-devaux-bourgogne-rouge-hautes-cotes-de-beaune-pussey-2021\/"]}]},{"@type":"ImageObject","inLanguage":"de","@id":"https:\/\/fonsvinum.com\/de\/produkt\/domaine-bourgogne-devaux-bourgogne-rouge-hautes-cotes-de-beaune-pussey-2021\/#primaryimage","url":"https:\/\/fonsvinum.com\/files\/2024\/06\/domaine-bourgogne-pussey-2021.png","contentUrl":"https:\/\/fonsvinum.com\/files\/2024\/06\/domaine-bourgogne-pussey-2021.png","width":300,"height":600},{"@type":"BreadcrumbList","@id":"https:\/\/fonsvinum.com\/de\/produkt\/domaine-bourgogne-devaux-bourgogne-rouge-hautes-cotes-de-beaune-pussey-2021\/#breadcrumb","itemListElement":[{"@type":"ListItem","position":1,"name":"Startseite","item":"https:\/\/fonsvinum.com\/de\/"},{"@type":"ListItem","position":2,"name":"Shop","item":"https:\/\/fonsvinum.com\/de\/shop\/"},{"@type":"ListItem","position":3,"name":"DOMAINE BOURGOGNE DEVAUX Bourgogne Rouge Hautes C\u00f4tes de Beaune Pussey 2021"}]},{"@type":"WebSite","@id":"https:\/\/fonsvinum.com\/en\/#website","url":"https:\/\/fonsvinum.com\/en\/","name":"Fons Vinum","description":"Vendita Vino Online","publisher":{"@id":"https:\/\/fonsvinum.com\/en\/#organization"},"potentialAction":[{"@type":"SearchAction","target":{"@type":"EntryPoint","urlTemplate":"https:\/\/fonsvinum.com\/en\/?s={search_term_string}"},"query-input":{"@type":"PropertyValueSpecification","valueRequired":true,"valueName":"search_term_string"}}],"inLanguage":"de"},{"@type":"Organization","@id":"https:\/\/fonsvinum.com\/en\/#organization","name":"Fons Vinum","url":"https:\/\/fonsvinum.com\/en\/","logo":{"@type":"ImageObject","inLanguage":"de","@id":"https:\/\/fonsvinum.com\/en\/#\/schema\/logo\/image\/","url":"","contentUrl":"","caption":"Fons Vinum"},"image":{"@id":"https:\/\/fonsvinum.com\/en\/#\/schema\/logo\/image\/"}}]}},"acf":[],"_links":{"self":[{"href":"https:\/\/fonsvinum.com\/de\/wp-json\/wp\/v2\/product\/44236","targetHints":{"allow":["GET"]}}],"collection":[{"href":"https:\/\/fonsvinum.com\/de\/wp-json\/wp\/v2\/product"}],"about":[{"href":"https:\/\/fonsvinum.com\/de\/wp-json\/wp\/v2\/types\/product"}],"replies":[{"embeddable":true,"href":"https:\/\/fonsvinum.com\/de\/wp-json\/wp\/v2\/comments?post=44236"}],"wp:featuredmedia":[{"embeddable":true,"href":"https:\/\/fonsvinum.com\/de\/wp-json\/wp\/v2\/media\/44302"}],"wp:attachment":[{"href":"https:\/\/fonsvinum.com\/de\/wp-json\/wp\/v2\/media?parent=44236"}],"wp:term":[{"taxonomy":"product_brand","embeddable":true,"href":"https:\/\/fonsvinum.com\/de\/wp-json\/wp\/v2\/product_brand?post=44236"},{"taxonomy":"product_cat","embeddable":true,"href":"https:\/\/fonsvinum.com\/de\/wp-json\/wp\/v2\/product_cat?post=44236"},{"taxonomy":"product_tag","embeddable":true,"href":"https:\/\/fonsvinum.com\/de\/wp-json\/wp\/v2\/product_tag?post=44236"}],"curies":[{"name":"wp","href":"https:\/\/api.w.org\/{rel}","templated":true}]}}