{"id":44204,"date":"2024-06-11T12:41:38","date_gmt":"2024-06-11T10:41:38","guid":{"rendered":"https:\/\/fonsvinum.com\/?post_type=product&#038;p=44204"},"modified":"2024-06-17T11:55:58","modified_gmt":"2024-06-17T09:55:58","slug":"domaine-coulaudin-bussy-chablis-2021","status":"publish","type":"product","link":"https:\/\/fonsvinum.com\/de\/produkt\/domaine-coulaudin-bussy-chablis-2021\/","title":{"rendered":"DOMAINE COULAUDIN-BUSSY\u00a0Chablis 2021"},"content":{"rendered":"<h1>DOMAINE COULAUDIN-BUSSY\u00a0Chablis 2021<\/h1>\n<p>Familienanwesen, das seit 1880 Chablis- und Chablis Premier Cru-Weine produziert.<\/p>\n<p>Obwohl die Familie COULAUDIN seit f\u00fcnf Generationen Chablis-Weine produziert, wurde 1995 die Cave COULAUDIN BUSSY geboren, eine Fusion von Henri COULAUDIN und seinem Schwiegersohn Lionel BUSSY. Seit 2001 haben Lionel und Roseline Bussy die gesamte Leitung der Domaine \u00fcbernommen.<\/p>\n<p>\u200bIn Milly, Gemeinde Chablis, im Herzen der Chablis-Weinberge, verf\u00fcgte das Unternehmen 1995 \u00fcber eine Fl\u00e4che von 5 Hektar. Heute erstreckt es sich \u00fcber 7 Hektar und produziert ausschlie\u00dflich Chablis-Weine.<\/p>\n<p>\u200bDie Arbeit im Weinberg wird mit gr\u00f6\u00dftem Respekt vor den Traditionen durchgef\u00fchrt, um feine und elegante Weine zu produzieren. Alle Eingriffe im Weinberg basieren auf Beobachtungen der Pflanzen, des Bodens und des Klimas jedes Jahrgangs, den Matrizen unserer Terroirs. Ausgehend von einem traditionellen Schnitt namens \u201eChablis-Schnitt\u201c, der auf zwei Trieben aus dem Vorjahr basiert, werden die Reben gebunden, an Gitter gesetzt und beschnitten, um hochwertige Trauben zu produzieren.<\/p>\n<p>Nach der Ernte werden die Trauben direkt in den Weinkeller geschickt und mehr als zwei Stunden lang sanft gepresst, um den Rohstoff unserer Chablis-Weine zu extrahieren.<\/p>\n<h2>CHABLIS<\/h2>\n<p>In reiner Tradition werden die Chablis des Unternehmens in Stahlbeh\u00e4ltern vinifiziert, um die frischesten Sorten-, Frucht-, Blumen- und Pflanzennoten hervorzuheben. Und vor allem die Reinheit dieses besonderen mineralischen Akzents, der an den f\u00fcr Lehm-Kalkstein-B\u00f6den typischen Feuerstein erinnert.<\/p>\n<h2>-Geschmacksnoten-<\/h2>\n<p>Farbe: sch\u00f6ne strohgelbe Farbe mit deutlichen gr\u00fcnlichen Reflexen.<\/p>\n<p>Parf\u00fcm: dr\u00fcckt eine sehr frische, lebendige und mineralische Nase aus; wir finden Feuerstein, Apfel und Ananas; wei\u00dfe Pflaume und Grapefruit.<\/p>\n<p>Geschmack: Am Gaumen behalten seine Aromen lange ihre Frische. Langes und gl\u00fcckliches Fortbestehen bis hin zu einer s\u00fc\u00dfen und heiteren Schwerkraft. Sehr frisch, in den ersten Jahren manchmal scharf, erreicht der Chablis nach einiger Zeit eine perfekte Ausgewogenheit.<\/p>\n<p>Probieren Sie es mit Schnecken \u00e0 la Bourguignonne.<\/p>\n<p>&nbsp;<\/p>\n<h2><\/h2>\n","protected":false},"excerpt":{"rendered":"<p>DOMAINE COULAUDIN-BUSSY\u00a0Chablis 2021 Familienanwesen, das seit 1880 Chablis- und Chablis Premier Cru-Weine produziert. Obwohl die Familie COULAUDIN seit f\u00fcnf Generationen Chablis-Weine produziert, wurde 1995 die Cave COULAUDIN BUSSY geboren, eine Fusion von Henri COULAUDIN und seinem Schwiegersohn Lionel BUSSY. Seit 2001 haben Lionel und Roseline Bussy die gesamte Leitung der Domaine \u00fcbernommen. \u200bIn Milly, Gemeinde [&hellip;]<\/p>\n","protected":false},"featured_media":44294,"comment_status":"open","ping_status":"closed","template":"","meta":{"_acf_changed":false,"_monsterinsights_skip_tracking":false,"_monsterinsights_sitenote_active":false,"_monsterinsights_sitenote_note":"","_monsterinsights_sitenote_category":0},"product_brand":[],"product_cat":[17921,1778],"product_tag":[17850,17724,17742],"class_list":{"0":"post-44204","1":"product","2":"type-product","3":"status-publish","4":"has-post-thumbnail","6":"product_cat-chablis-de","7":"product_cat-chardonnay-de","8":"product_tag-bourgogne-de","9":"product_tag-francia-de","10":"product_tag-vino-bianco-de","11":"pa_formato-0-75-l-flasche-de","12":"pa_vine-100-chardonnay-de","13":"pa_vintage-18393","15":"first","16":"outofstock","17":"taxable","18":"shipping-taxable","19":"purchasable","20":"product-type-simple"},"bundled_by":[],"bundle_stock_status":"outofstock","bundle_stock_quantity":0,"bundle_virtual":false,"bundle_layout":"","bundle_add_to_cart_form_location":"","bundle_editable_in_cart":false,"bundle_sold_individually_context":"","bundle_item_grouping":"","bundle_min_size":"","bundle_max_size":"","bundle_price":[],"bundled_items":[],"bundle_sell_ids":[],"yoast_head":"<!-- This site is optimized with the Yoast SEO plugin v27.2 - https:\/\/yoast.com\/product\/yoast-seo-wordpress\/ -->\n<title>Buy online DOMAINE COULAUDIN-BUSSY\u00a0Chablis 2021<\/title>\n<meta name=\"description\" content=\"Kaufen online DOMAINE COULAUDIN-BUSSY\u00a0Chablis 2021 at Fons Vinum -France -Burgundy - ...Bourgogne at Fons Vinum...\" \/>\n<meta name=\"robots\" content=\"index, follow, max-snippet:-1, max-image-preview:large, max-video-preview:-1\" \/>\n<link rel=\"canonical\" href=\"https:\/\/fonsvinum.com\/de\/produkt\/domaine-coulaudin-bussy-chablis-2021\/\" \/>\n<meta property=\"og:locale\" content=\"de_DE\" \/>\n<meta property=\"og:type\" content=\"article\" \/>\n<meta property=\"og:title\" content=\"Buy online DOMAINE COULAUDIN-BUSSY\u00a0Chablis 2021\" \/>\n<meta property=\"og:description\" content=\"Kaufen online DOMAINE COULAUDIN-BUSSY\u00a0Chablis 2021 at Fons Vinum -France -Burgundy - ...Bourgogne at Fons Vinum...\" \/>\n<meta property=\"og:url\" content=\"https:\/\/fonsvinum.com\/de\/produkt\/domaine-coulaudin-bussy-chablis-2021\/\" \/>\n<meta property=\"og:site_name\" content=\"Fons Vinum\" \/>\n<meta property=\"article:modified_time\" content=\"2024-06-17T09:55:58+00:00\" \/>\n<meta property=\"og:image\" content=\"https:\/\/fonsvinum.com\/files\/2024\/06\/DOMAINE-COULAUDIN-BUSSY-Chablis-2021.png\" \/>\n\t<meta property=\"og:image:width\" content=\"200\" \/>\n\t<meta property=\"og:image:height\" content=\"600\" \/>\n\t<meta property=\"og:image:type\" content=\"image\/png\" \/>\n<meta name=\"twitter:label1\" content=\"Gesch\u00e4tzte Lesezeit\" \/>\n\t<meta name=\"twitter:data1\" content=\"2\u00a0Minuten\" \/>\n<script type=\"application\/ld+json\" class=\"yoast-schema-graph\">{\"@context\":\"https:\/\/schema.org\",\"@graph\":[{\"@type\":\"WebPage\",\"@id\":\"https:\/\/fonsvinum.com\/de\/produkt\/domaine-coulaudin-bussy-chablis-2021\/\",\"url\":\"https:\/\/fonsvinum.com\/de\/produkt\/domaine-coulaudin-bussy-chablis-2021\/\",\"name\":\"Buy online DOMAINE COULAUDIN-BUSSY\u00a0Chablis 2021\",\"isPartOf\":{\"@id\":\"https:\/\/fonsvinum.com\/en\/#website\"},\"primaryImageOfPage\":{\"@id\":\"https:\/\/fonsvinum.com\/de\/produkt\/domaine-coulaudin-bussy-chablis-2021\/#primaryimage\"},\"image\":{\"@id\":\"https:\/\/fonsvinum.com\/de\/produkt\/domaine-coulaudin-bussy-chablis-2021\/#primaryimage\"},\"thumbnailUrl\":\"https:\/\/fonsvinum.com\/files\/2024\/06\/DOMAINE-COULAUDIN-BUSSY-Chablis-2021.png\",\"datePublished\":\"2024-06-11T10:41:38+00:00\",\"dateModified\":\"2024-06-17T09:55:58+00:00\",\"description\":\"Kaufen online DOMAINE COULAUDIN-BUSSY\u00a0Chablis 2021 at Fons Vinum -France -Burgundy - ...Bourgogne at Fons Vinum...\",\"breadcrumb\":{\"@id\":\"https:\/\/fonsvinum.com\/de\/produkt\/domaine-coulaudin-bussy-chablis-2021\/#breadcrumb\"},\"inLanguage\":\"de\",\"potentialAction\":[{\"@type\":\"ReadAction\",\"target\":[\"https:\/\/fonsvinum.com\/de\/produkt\/domaine-coulaudin-bussy-chablis-2021\/\"]}]},{\"@type\":\"ImageObject\",\"inLanguage\":\"de\",\"@id\":\"https:\/\/fonsvinum.com\/de\/produkt\/domaine-coulaudin-bussy-chablis-2021\/#primaryimage\",\"url\":\"https:\/\/fonsvinum.com\/files\/2024\/06\/DOMAINE-COULAUDIN-BUSSY-Chablis-2021.png\",\"contentUrl\":\"https:\/\/fonsvinum.com\/files\/2024\/06\/DOMAINE-COULAUDIN-BUSSY-Chablis-2021.png\",\"width\":200,\"height\":600},{\"@type\":\"BreadcrumbList\",\"@id\":\"https:\/\/fonsvinum.com\/de\/produkt\/domaine-coulaudin-bussy-chablis-2021\/#breadcrumb\",\"itemListElement\":[{\"@type\":\"ListItem\",\"position\":1,\"name\":\"Startseite\",\"item\":\"https:\/\/fonsvinum.com\/de\/\"},{\"@type\":\"ListItem\",\"position\":2,\"name\":\"Shop\",\"item\":\"https:\/\/fonsvinum.com\/de\/shop\/\"},{\"@type\":\"ListItem\",\"position\":3,\"name\":\"DOMAINE COULAUDIN-BUSSY\u00a0Chablis 2021\"}]},{\"@type\":\"WebSite\",\"@id\":\"https:\/\/fonsvinum.com\/en\/#website\",\"url\":\"https:\/\/fonsvinum.com\/en\/\",\"name\":\"Fons Vinum\",\"description\":\"Vendita Vino Online\",\"publisher\":{\"@id\":\"https:\/\/fonsvinum.com\/en\/#organization\"},\"potentialAction\":[{\"@type\":\"SearchAction\",\"target\":{\"@type\":\"EntryPoint\",\"urlTemplate\":\"https:\/\/fonsvinum.com\/en\/?s={search_term_string}\"},\"query-input\":{\"@type\":\"PropertyValueSpecification\",\"valueRequired\":true,\"valueName\":\"search_term_string\"}}],\"inLanguage\":\"de\"},{\"@type\":\"Organization\",\"@id\":\"https:\/\/fonsvinum.com\/en\/#organization\",\"name\":\"Fons Vinum\",\"url\":\"https:\/\/fonsvinum.com\/en\/\",\"logo\":{\"@type\":\"ImageObject\",\"inLanguage\":\"de\",\"@id\":\"https:\/\/fonsvinum.com\/en\/#\/schema\/logo\/image\/\",\"url\":\"\",\"contentUrl\":\"\",\"caption\":\"Fons Vinum\"},\"image\":{\"@id\":\"https:\/\/fonsvinum.com\/en\/#\/schema\/logo\/image\/\"}}]}<\/script>\n<!-- \/ Yoast SEO plugin. -->","yoast_head_json":{"title":"Buy online DOMAINE COULAUDIN-BUSSY\u00a0Chablis 2021","description":"Kaufen online DOMAINE COULAUDIN-BUSSY\u00a0Chablis 2021 at Fons Vinum -France -Burgundy - ...Bourgogne at Fons Vinum...","robots":{"index":"index","follow":"follow","max-snippet":"max-snippet:-1","max-image-preview":"max-image-preview:large","max-video-preview":"max-video-preview:-1"},"canonical":"https:\/\/fonsvinum.com\/de\/produkt\/domaine-coulaudin-bussy-chablis-2021\/","og_locale":"de_DE","og_type":"article","og_title":"Buy online DOMAINE COULAUDIN-BUSSY\u00a0Chablis 2021","og_description":"Kaufen online DOMAINE COULAUDIN-BUSSY\u00a0Chablis 2021 at Fons Vinum -France -Burgundy - ...Bourgogne at Fons Vinum...","og_url":"https:\/\/fonsvinum.com\/de\/produkt\/domaine-coulaudin-bussy-chablis-2021\/","og_site_name":"Fons Vinum","article_modified_time":"2024-06-17T09:55:58+00:00","og_image":[{"width":200,"height":600,"url":"https:\/\/fonsvinum.com\/files\/2024\/06\/DOMAINE-COULAUDIN-BUSSY-Chablis-2021.png","type":"image\/png"}],"twitter_misc":{"Gesch\u00e4tzte Lesezeit":"2\u00a0Minuten"},"schema":{"@context":"https:\/\/schema.org","@graph":[{"@type":"WebPage","@id":"https:\/\/fonsvinum.com\/de\/produkt\/domaine-coulaudin-bussy-chablis-2021\/","url":"https:\/\/fonsvinum.com\/de\/produkt\/domaine-coulaudin-bussy-chablis-2021\/","name":"Buy online DOMAINE COULAUDIN-BUSSY\u00a0Chablis 2021","isPartOf":{"@id":"https:\/\/fonsvinum.com\/en\/#website"},"primaryImageOfPage":{"@id":"https:\/\/fonsvinum.com\/de\/produkt\/domaine-coulaudin-bussy-chablis-2021\/#primaryimage"},"image":{"@id":"https:\/\/fonsvinum.com\/de\/produkt\/domaine-coulaudin-bussy-chablis-2021\/#primaryimage"},"thumbnailUrl":"https:\/\/fonsvinum.com\/files\/2024\/06\/DOMAINE-COULAUDIN-BUSSY-Chablis-2021.png","datePublished":"2024-06-11T10:41:38+00:00","dateModified":"2024-06-17T09:55:58+00:00","description":"Kaufen online DOMAINE COULAUDIN-BUSSY\u00a0Chablis 2021 at Fons Vinum -France -Burgundy - ...Bourgogne at Fons Vinum...","breadcrumb":{"@id":"https:\/\/fonsvinum.com\/de\/produkt\/domaine-coulaudin-bussy-chablis-2021\/#breadcrumb"},"inLanguage":"de","potentialAction":[{"@type":"ReadAction","target":["https:\/\/fonsvinum.com\/de\/produkt\/domaine-coulaudin-bussy-chablis-2021\/"]}]},{"@type":"ImageObject","inLanguage":"de","@id":"https:\/\/fonsvinum.com\/de\/produkt\/domaine-coulaudin-bussy-chablis-2021\/#primaryimage","url":"https:\/\/fonsvinum.com\/files\/2024\/06\/DOMAINE-COULAUDIN-BUSSY-Chablis-2021.png","contentUrl":"https:\/\/fonsvinum.com\/files\/2024\/06\/DOMAINE-COULAUDIN-BUSSY-Chablis-2021.png","width":200,"height":600},{"@type":"BreadcrumbList","@id":"https:\/\/fonsvinum.com\/de\/produkt\/domaine-coulaudin-bussy-chablis-2021\/#breadcrumb","itemListElement":[{"@type":"ListItem","position":1,"name":"Startseite","item":"https:\/\/fonsvinum.com\/de\/"},{"@type":"ListItem","position":2,"name":"Shop","item":"https:\/\/fonsvinum.com\/de\/shop\/"},{"@type":"ListItem","position":3,"name":"DOMAINE COULAUDIN-BUSSY\u00a0Chablis 2021"}]},{"@type":"WebSite","@id":"https:\/\/fonsvinum.com\/en\/#website","url":"https:\/\/fonsvinum.com\/en\/","name":"Fons Vinum","description":"Vendita Vino Online","publisher":{"@id":"https:\/\/fonsvinum.com\/en\/#organization"},"potentialAction":[{"@type":"SearchAction","target":{"@type":"EntryPoint","urlTemplate":"https:\/\/fonsvinum.com\/en\/?s={search_term_string}"},"query-input":{"@type":"PropertyValueSpecification","valueRequired":true,"valueName":"search_term_string"}}],"inLanguage":"de"},{"@type":"Organization","@id":"https:\/\/fonsvinum.com\/en\/#organization","name":"Fons Vinum","url":"https:\/\/fonsvinum.com\/en\/","logo":{"@type":"ImageObject","inLanguage":"de","@id":"https:\/\/fonsvinum.com\/en\/#\/schema\/logo\/image\/","url":"","contentUrl":"","caption":"Fons Vinum"},"image":{"@id":"https:\/\/fonsvinum.com\/en\/#\/schema\/logo\/image\/"}}]}},"acf":[],"_links":{"self":[{"href":"https:\/\/fonsvinum.com\/de\/wp-json\/wp\/v2\/product\/44204","targetHints":{"allow":["GET"]}}],"collection":[{"href":"https:\/\/fonsvinum.com\/de\/wp-json\/wp\/v2\/product"}],"about":[{"href":"https:\/\/fonsvinum.com\/de\/wp-json\/wp\/v2\/types\/product"}],"replies":[{"embeddable":true,"href":"https:\/\/fonsvinum.com\/de\/wp-json\/wp\/v2\/comments?post=44204"}],"wp:featuredmedia":[{"embeddable":true,"href":"https:\/\/fonsvinum.com\/de\/wp-json\/wp\/v2\/media\/44294"}],"wp:attachment":[{"href":"https:\/\/fonsvinum.com\/de\/wp-json\/wp\/v2\/media?parent=44204"}],"wp:term":[{"taxonomy":"product_brand","embeddable":true,"href":"https:\/\/fonsvinum.com\/de\/wp-json\/wp\/v2\/product_brand?post=44204"},{"taxonomy":"product_cat","embeddable":true,"href":"https:\/\/fonsvinum.com\/de\/wp-json\/wp\/v2\/product_cat?post=44204"},{"taxonomy":"product_tag","embeddable":true,"href":"https:\/\/fonsvinum.com\/de\/wp-json\/wp\/v2\/product_tag?post=44204"}],"curies":[{"name":"wp","href":"https:\/\/api.w.org\/{rel}","templated":true}]}}