{"id":43880,"date":"2024-04-24T11:23:25","date_gmt":"2024-04-24T09:23:25","guid":{"rendered":"https:\/\/fonsvinum.com\/?post_type=product&#038;p=43880"},"modified":"2024-04-24T11:36:51","modified_gmt":"2024-04-24T09:36:51","slug":"tenuta-dellornellaia-ornellaia-2021","status":"publish","type":"product","link":"https:\/\/fonsvinum.com\/de\/produkt\/tenuta-dellornellaia-ornellaia-2021\/","title":{"rendered":"TENUTA DELL&#8217;ORNELLAIA &#8211; Ornellaia 2021"},"content":{"rendered":"<div data-wrapper=\"true\">\n<div class=\"uk-accordion-content\">\n<div class=\"post-content-container uk-hidden-small\">\n<div class=\"uk-accordion\">\n<div data-wrapper=\"true\">\n<div class=\"uk-accordion-content\">\n<div data-wrapper=\"true\">\n<div class=\"uk-accordion-content\">\n<h2><a href=\"https:\/\/fonsvinum.com\/de\/?filter_producer=tenute-dellornellaia-de&amp;s=TENUTA+DELL%27ORNELLAIA&amp;post_type=product\">TENUTA DELL&#8217;ORNELLAIA<\/a><\/h2>\n<h3>-DIE FAMILIE FRESCOBALDI-<\/h3>\n<p>Seit 700 Jahren verbindet die Familie Frescobaldi Tradition, Erfahrung und Innovation mit Kreativit\u00e4t und Streben nach Exzellenz. Es war stets das Bestreben der Familie, die Vielfalt des toskanischen Terroirs zu entwickeln und zu feiern. Als stolze Besitzer einiger der besten Weing\u00fcter der Region waren die Familienmitglieder stets darum bem\u00fcht, die Identit\u00e4t und die Selbstst\u00e4ndigkeit jedes einzelnen Besitzes zu bewahren.<\/p>\n<p>Weltweit gilt ORNELLAIA als eine Weingut-Ikone; im Besitz der Familie Frescobaldi hat es sich zu einer Erfolgsgeschichte entwickelt. Dies ist nur eines der Familienweing\u00fcter, zu denen auch ATTEMS (Friaul), MASSETO, DANZANTE, LUCE DELLA VITE und die sechs FRESCOBALDI-Weing\u00fctern Nipozzano, CastelGiocondo, Pomino, Ammiraglia, Castiglioni und Remole z\u00e4hlen.<\/p>\n<h2><a href=\"https:\/\/fonsvinum.com\/de\/?s=ORNELLAIA&amp;post_type=product\">ORNELLAIA<\/a><\/h2>\n<div class=\"scheda-container\">\n<div class=\"scheda-container-descr-cnt\">\n<p>Der Wunsch, die au\u00dfergew\u00f6hnliche Qualit\u00e4t des Weinguts zu f\u00f6rdern, pr\u00e4gt seit Beginn die Ornellaia-Philosophie. Ornellaia ist eine Cuv\u00e9e aus Cabernet Sauvignon, Merlot, Cabernet Franc sowie Petit Verdot und der authentische Ausdruck eines einzigartigen Terroirs, das im Einklang mit der Natur entwickelt wurde.<\/p>\n<\/div>\n<\/div>\n<div class=\"post-content-container uk-hidden-small\">\n<div class=\"uk-accordion\">\n<h3 class=\"uk-accordion-title uk-active\">-VERKOSTUNGSNOTIZEN DESWEINMACHERS- 2021<\/h3>\n<div data-wrapper=\"true\">\n<div class=\"uk-accordion-content\">\n<div class=\"c-cCNRlB c-cCNRlB-fKKfJh-fontVariant-small c-cCNRlB-fZwUQD-fontFamily-secondary\">\n<p>Der Ornellaia 2021 ist Ausdruck eines typischen Bolgheri-Jahrgangs, in dem es an sonnigen Perioden ohne Niederschl\u00e4ge nicht mangelte, was reichhaltige und konzentrierte, aber gleichzeitig sehr ausdrucksstarke und facettenreiche Weine ergab. In der Nase typische D\u00fcfte von mediterraner Macchia, aromatischen Kr\u00e4utern, Zypressenbeeren und den klassischen Aromen von schwarzen Johannisbeeren und dunklen Fr\u00fcchten, am Gaumen begleitet von einer dichten Tannintextur, die ihn mit Pr\u00e4zision und Finesse einh\u00fcllt. Das Finale ist anhaltend und vibrierend und hinterl\u00e4sst ein Gef\u00fchl von aromatischer Frische und Eleganz.<\/p>\n<\/div>\n<\/div>\n<\/div>\n<\/div>\n<\/div>\n<\/div>\n<\/div>\n<\/div>\n<\/div>\n<\/div>\n<\/div>\n<\/div>\n<\/div>\n","protected":false},"excerpt":{"rendered":"<p>TENUTA DELL&#8217;ORNELLAIA -DIE FAMILIE FRESCOBALDI- Seit 700 Jahren verbindet die Familie Frescobaldi Tradition, Erfahrung und Innovation mit Kreativit\u00e4t und Streben nach Exzellenz. Es war stets das Bestreben der Familie, die Vielfalt des toskanischen Terroirs zu entwickeln und zu feiern. Als stolze Besitzer einiger der besten Weing\u00fcter der Region waren die Familienmitglieder stets darum bem\u00fcht, die [&hellip;]<\/p>\n","protected":false},"featured_media":32364,"comment_status":"open","ping_status":"closed","template":"","meta":{"_acf_changed":false,"_monsterinsights_skip_tracking":false,"_monsterinsights_sitenote_active":false,"_monsterinsights_sitenote_note":"","_monsterinsights_sitenote_category":0},"product_brand":[],"product_cat":[1693],"product_tag":[15959,1745],"class_list":{"0":"post-43880","1":"product","2":"type-product","3":"status-publish","4":"has-post-thumbnail","6":"product_cat-blend-2-de","7":"product_tag-vino-rosso-de","8":"product_tag-super-tuscan-de","9":"pa_appellation-bolgheri-superiore-doc-de","10":"pa_formato-0-75-l-flasche-de","11":"pa_producer-tenuta-dellornellaia-de","12":"pa_region-toskana-de","13":"pa_vintage-18393","15":"first","16":"instock","17":"sale","18":"taxable","19":"shipping-taxable","20":"purchasable","21":"product-type-simple"},"bundled_by":[],"bundle_stock_status":"instock","bundle_stock_quantity":4,"bundle_virtual":false,"bundle_layout":"","bundle_add_to_cart_form_location":"","bundle_editable_in_cart":false,"bundle_sold_individually_context":"","bundle_item_grouping":"","bundle_min_size":"","bundle_max_size":"","bundle_price":[],"bundled_items":[],"bundle_sell_ids":[],"yoast_head":"<!-- This site is optimized with the Yoast SEO plugin v27.3 - https:\/\/yoast.com\/product\/yoast-seo-wordpress\/ -->\n<title>Kaufen online TENUTA DELL&#039;ORNELLAIA - Ornellaia 2021<\/title>\n<meta name=\"description\" content=\"Kaufen TENUTA DELL&#039;ORNELLAIA - Ornellaia 2021 - I Fonsvinum rare Weine online aus Piedmont, Toskana und Venetien\" \/>\n<meta name=\"robots\" content=\"index, follow, max-snippet:-1, max-image-preview:large, max-video-preview:-1\" \/>\n<link rel=\"canonical\" href=\"https:\/\/fonsvinum.com\/de\/produkt\/tenuta-dellornellaia-ornellaia-2021\/\" \/>\n<meta property=\"og:locale\" content=\"de_DE\" \/>\n<meta property=\"og:type\" content=\"article\" \/>\n<meta property=\"og:title\" content=\"Kaufen online TENUTA DELL&#039;ORNELLAIA - Ornellaia 2021\" \/>\n<meta property=\"og:description\" content=\"Kaufen TENUTA DELL&#039;ORNELLAIA - Ornellaia 2021 - I Fonsvinum rare Weine online aus Piedmont, Toskana und Venetien\" \/>\n<meta property=\"og:url\" content=\"https:\/\/fonsvinum.com\/de\/produkt\/tenuta-dellornellaia-ornellaia-2021\/\" \/>\n<meta property=\"og:site_name\" content=\"Fons Vinum\" \/>\n<meta property=\"article:modified_time\" content=\"2024-04-24T09:36:51+00:00\" \/>\n<meta property=\"og:image\" content=\"https:\/\/fonsvinum.com\/files\/2021\/04\/ornellaia.jpg\" \/>\n\t<meta property=\"og:image:width\" content=\"200\" \/>\n\t<meta property=\"og:image:height\" content=\"600\" \/>\n\t<meta property=\"og:image:type\" content=\"image\/jpeg\" \/>\n<meta name=\"twitter:label1\" content=\"Gesch\u00e4tzte Lesezeit\" \/>\n\t<meta name=\"twitter:data1\" content=\"2\u00a0Minuten\" \/>\n<script type=\"application\/ld+json\" class=\"yoast-schema-graph\">{\"@context\":\"https:\\\/\\\/schema.org\",\"@graph\":[{\"@type\":\"WebPage\",\"@id\":\"https:\\\/\\\/fonsvinum.com\\\/de\\\/produkt\\\/tenuta-dellornellaia-ornellaia-2021\\\/\",\"url\":\"https:\\\/\\\/fonsvinum.com\\\/de\\\/produkt\\\/tenuta-dellornellaia-ornellaia-2021\\\/\",\"name\":\"Kaufen online TENUTA DELL'ORNELLAIA - Ornellaia 2021\",\"isPartOf\":{\"@id\":\"https:\\\/\\\/fonsvinum.com\\\/en\\\/#website\"},\"primaryImageOfPage\":{\"@id\":\"https:\\\/\\\/fonsvinum.com\\\/de\\\/produkt\\\/tenuta-dellornellaia-ornellaia-2021\\\/#primaryimage\"},\"image\":{\"@id\":\"https:\\\/\\\/fonsvinum.com\\\/de\\\/produkt\\\/tenuta-dellornellaia-ornellaia-2021\\\/#primaryimage\"},\"thumbnailUrl\":\"https:\\\/\\\/fonsvinum.com\\\/files\\\/2021\\\/04\\\/ornellaia.jpg\",\"datePublished\":\"2024-04-24T09:23:25+00:00\",\"dateModified\":\"2024-04-24T09:36:51+00:00\",\"description\":\"Kaufen TENUTA DELL'ORNELLAIA - Ornellaia 2021 - I Fonsvinum rare Weine online aus Piedmont, Toskana und Venetien\",\"breadcrumb\":{\"@id\":\"https:\\\/\\\/fonsvinum.com\\\/de\\\/produkt\\\/tenuta-dellornellaia-ornellaia-2021\\\/#breadcrumb\"},\"inLanguage\":\"de\",\"potentialAction\":[{\"@type\":\"ReadAction\",\"target\":[\"https:\\\/\\\/fonsvinum.com\\\/de\\\/produkt\\\/tenuta-dellornellaia-ornellaia-2021\\\/\"]}]},{\"@type\":\"ImageObject\",\"inLanguage\":\"de\",\"@id\":\"https:\\\/\\\/fonsvinum.com\\\/de\\\/produkt\\\/tenuta-dellornellaia-ornellaia-2021\\\/#primaryimage\",\"url\":\"https:\\\/\\\/fonsvinum.com\\\/files\\\/2021\\\/04\\\/ornellaia.jpg\",\"contentUrl\":\"https:\\\/\\\/fonsvinum.com\\\/files\\\/2021\\\/04\\\/ornellaia.jpg\",\"width\":200,\"height\":600},{\"@type\":\"BreadcrumbList\",\"@id\":\"https:\\\/\\\/fonsvinum.com\\\/de\\\/produkt\\\/tenuta-dellornellaia-ornellaia-2021\\\/#breadcrumb\",\"itemListElement\":[{\"@type\":\"ListItem\",\"position\":1,\"name\":\"Startseite\",\"item\":\"https:\\\/\\\/fonsvinum.com\\\/de\\\/\"},{\"@type\":\"ListItem\",\"position\":2,\"name\":\"Shop\",\"item\":\"https:\\\/\\\/fonsvinum.com\\\/de\\\/shop\\\/\"},{\"@type\":\"ListItem\",\"position\":3,\"name\":\"TENUTA DELL&#8217;ORNELLAIA &#8211; Ornellaia 2021\"}]},{\"@type\":\"WebSite\",\"@id\":\"https:\\\/\\\/fonsvinum.com\\\/en\\\/#website\",\"url\":\"https:\\\/\\\/fonsvinum.com\\\/en\\\/\",\"name\":\"Fons Vinum\",\"description\":\"Vendita Vino Online\",\"publisher\":{\"@id\":\"https:\\\/\\\/fonsvinum.com\\\/en\\\/#organization\"},\"potentialAction\":[{\"@type\":\"SearchAction\",\"target\":{\"@type\":\"EntryPoint\",\"urlTemplate\":\"https:\\\/\\\/fonsvinum.com\\\/en\\\/?s={search_term_string}\"},\"query-input\":{\"@type\":\"PropertyValueSpecification\",\"valueRequired\":true,\"valueName\":\"search_term_string\"}}],\"inLanguage\":\"de\"},{\"@type\":\"Organization\",\"@id\":\"https:\\\/\\\/fonsvinum.com\\\/en\\\/#organization\",\"name\":\"Fons Vinum\",\"url\":\"https:\\\/\\\/fonsvinum.com\\\/en\\\/\",\"logo\":{\"@type\":\"ImageObject\",\"inLanguage\":\"de\",\"@id\":\"https:\\\/\\\/fonsvinum.com\\\/en\\\/#\\\/schema\\\/logo\\\/image\\\/\",\"url\":\"\",\"contentUrl\":\"\",\"caption\":\"Fons Vinum\"},\"image\":{\"@id\":\"https:\\\/\\\/fonsvinum.com\\\/en\\\/#\\\/schema\\\/logo\\\/image\\\/\"}}]}<\/script>\n<!-- \/ Yoast SEO plugin. -->","yoast_head_json":{"title":"Kaufen online TENUTA DELL'ORNELLAIA - Ornellaia 2021","description":"Kaufen TENUTA DELL'ORNELLAIA - Ornellaia 2021 - I Fonsvinum rare Weine online aus Piedmont, Toskana und Venetien","robots":{"index":"index","follow":"follow","max-snippet":"max-snippet:-1","max-image-preview":"max-image-preview:large","max-video-preview":"max-video-preview:-1"},"canonical":"https:\/\/fonsvinum.com\/de\/produkt\/tenuta-dellornellaia-ornellaia-2021\/","og_locale":"de_DE","og_type":"article","og_title":"Kaufen online TENUTA DELL'ORNELLAIA - Ornellaia 2021","og_description":"Kaufen TENUTA DELL'ORNELLAIA - Ornellaia 2021 - I Fonsvinum rare Weine online aus Piedmont, Toskana und Venetien","og_url":"https:\/\/fonsvinum.com\/de\/produkt\/tenuta-dellornellaia-ornellaia-2021\/","og_site_name":"Fons Vinum","article_modified_time":"2024-04-24T09:36:51+00:00","og_image":[{"width":200,"height":600,"url":"https:\/\/fonsvinum.com\/files\/2021\/04\/ornellaia.jpg","type":"image\/jpeg"}],"twitter_misc":{"Gesch\u00e4tzte Lesezeit":"2\u00a0Minuten"},"schema":{"@context":"https:\/\/schema.org","@graph":[{"@type":"WebPage","@id":"https:\/\/fonsvinum.com\/de\/produkt\/tenuta-dellornellaia-ornellaia-2021\/","url":"https:\/\/fonsvinum.com\/de\/produkt\/tenuta-dellornellaia-ornellaia-2021\/","name":"Kaufen online TENUTA DELL'ORNELLAIA - Ornellaia 2021","isPartOf":{"@id":"https:\/\/fonsvinum.com\/en\/#website"},"primaryImageOfPage":{"@id":"https:\/\/fonsvinum.com\/de\/produkt\/tenuta-dellornellaia-ornellaia-2021\/#primaryimage"},"image":{"@id":"https:\/\/fonsvinum.com\/de\/produkt\/tenuta-dellornellaia-ornellaia-2021\/#primaryimage"},"thumbnailUrl":"https:\/\/fonsvinum.com\/files\/2021\/04\/ornellaia.jpg","datePublished":"2024-04-24T09:23:25+00:00","dateModified":"2024-04-24T09:36:51+00:00","description":"Kaufen TENUTA DELL'ORNELLAIA - Ornellaia 2021 - I Fonsvinum rare Weine online aus Piedmont, Toskana und Venetien","breadcrumb":{"@id":"https:\/\/fonsvinum.com\/de\/produkt\/tenuta-dellornellaia-ornellaia-2021\/#breadcrumb"},"inLanguage":"de","potentialAction":[{"@type":"ReadAction","target":["https:\/\/fonsvinum.com\/de\/produkt\/tenuta-dellornellaia-ornellaia-2021\/"]}]},{"@type":"ImageObject","inLanguage":"de","@id":"https:\/\/fonsvinum.com\/de\/produkt\/tenuta-dellornellaia-ornellaia-2021\/#primaryimage","url":"https:\/\/fonsvinum.com\/files\/2021\/04\/ornellaia.jpg","contentUrl":"https:\/\/fonsvinum.com\/files\/2021\/04\/ornellaia.jpg","width":200,"height":600},{"@type":"BreadcrumbList","@id":"https:\/\/fonsvinum.com\/de\/produkt\/tenuta-dellornellaia-ornellaia-2021\/#breadcrumb","itemListElement":[{"@type":"ListItem","position":1,"name":"Startseite","item":"https:\/\/fonsvinum.com\/de\/"},{"@type":"ListItem","position":2,"name":"Shop","item":"https:\/\/fonsvinum.com\/de\/shop\/"},{"@type":"ListItem","position":3,"name":"TENUTA DELL&#8217;ORNELLAIA &#8211; Ornellaia 2021"}]},{"@type":"WebSite","@id":"https:\/\/fonsvinum.com\/en\/#website","url":"https:\/\/fonsvinum.com\/en\/","name":"Fons Vinum","description":"Vendita Vino Online","publisher":{"@id":"https:\/\/fonsvinum.com\/en\/#organization"},"potentialAction":[{"@type":"SearchAction","target":{"@type":"EntryPoint","urlTemplate":"https:\/\/fonsvinum.com\/en\/?s={search_term_string}"},"query-input":{"@type":"PropertyValueSpecification","valueRequired":true,"valueName":"search_term_string"}}],"inLanguage":"de"},{"@type":"Organization","@id":"https:\/\/fonsvinum.com\/en\/#organization","name":"Fons Vinum","url":"https:\/\/fonsvinum.com\/en\/","logo":{"@type":"ImageObject","inLanguage":"de","@id":"https:\/\/fonsvinum.com\/en\/#\/schema\/logo\/image\/","url":"","contentUrl":"","caption":"Fons Vinum"},"image":{"@id":"https:\/\/fonsvinum.com\/en\/#\/schema\/logo\/image\/"}}]}},"acf":[],"_links":{"self":[{"href":"https:\/\/fonsvinum.com\/de\/wp-json\/wp\/v2\/product\/43880","targetHints":{"allow":["GET"]}}],"collection":[{"href":"https:\/\/fonsvinum.com\/de\/wp-json\/wp\/v2\/product"}],"about":[{"href":"https:\/\/fonsvinum.com\/de\/wp-json\/wp\/v2\/types\/product"}],"replies":[{"embeddable":true,"href":"https:\/\/fonsvinum.com\/de\/wp-json\/wp\/v2\/comments?post=43880"}],"wp:featuredmedia":[{"embeddable":true,"href":"https:\/\/fonsvinum.com\/de\/wp-json\/wp\/v2\/media\/32364"}],"wp:attachment":[{"href":"https:\/\/fonsvinum.com\/de\/wp-json\/wp\/v2\/media?parent=43880"}],"wp:term":[{"taxonomy":"product_brand","embeddable":true,"href":"https:\/\/fonsvinum.com\/de\/wp-json\/wp\/v2\/product_brand?post=43880"},{"taxonomy":"product_cat","embeddable":true,"href":"https:\/\/fonsvinum.com\/de\/wp-json\/wp\/v2\/product_cat?post=43880"},{"taxonomy":"product_tag","embeddable":true,"href":"https:\/\/fonsvinum.com\/de\/wp-json\/wp\/v2\/product_tag?post=43880"}],"curies":[{"name":"wp","href":"https:\/\/api.w.org\/{rel}","templated":true}]}}