{"id":43790,"date":"2024-04-16T11:43:49","date_gmt":"2024-04-16T09:43:49","guid":{"rendered":"https:\/\/fonsvinum.com\/?post_type=product&#038;p=43790"},"modified":"2024-06-03T16:19:29","modified_gmt":"2024-06-03T14:19:29","slug":"luce-della-vite-lucente-2022-magnum","status":"publish","type":"product","link":"https:\/\/fonsvinum.com\/de\/produkt\/luce-della-vite-lucente-2022-magnum\/","title":{"rendered":"LUCE DELLA VITE Lucente 2022 Magnum"},"content":{"rendered":"<h2><a href=\"https:\/\/fonsvinum.com\/de\/?filter_producer=luce-della-vite-de&amp;s=LUCE+DELLA+VITE&amp;post_type=product\">LUCE DELLA VITE<\/a><\/h2>\n<div class=\"main-details\">\n<div class=\"row\">\n<div class=\"col-12 order-md-1 col-md-7\">\n<h3 class=\"mt-5 mb-5\">Unsere Geschichte. Die Anf\u00e4nge.<\/h3>\n<p>Als Vittorio Frescobaldi Anfang der 90er Jahre Robert Mondavi trifft, nimmt ein neues Kapitel in der Geschichte der gro\u00dfartigen toskanischen Weine und in der Geschichte der Qualit\u00e4tsweine seinen Anfang.<\/p>\n<p>Aus der Begegnung der beiden Partner entstand Luce.<\/p>\n<p>Von Anfang an war es fester Wille, eine Vision zu verwirklichen \u2013 die Herstellung toskanischer Spitzenweine in einem besonders geeigneten Terroir, jenem, das die Ortschaft Montalcino umgibt.<\/p>\n<p>Ein ehrgeiziges Projekt mit dem Namen Luce della Vite: Eine Hommage an das Grundelement Licht, das uns W\u00e4rme, Energie und Leben schenkt. Nichts k\u00f6nnte in der Natur ohne Licht gedeihen.<\/p>\n<p>Die Tenuta Luce hielt diese Vision \u00fcber all die Jahre aufrecht \u2013 und wurde allm\u00e4hlich Wiege exklusiver Weine, die weit \u00fcber die Grenzen ihrer Region hinaus und zumal auf internationaler Ebene als Spitzenweine der Toskana gesch\u00e4tzt werden.<\/p>\n<\/div>\n<\/div>\n<\/div>\n<div class=\"mood\">\n<div class=\"paragraph\">\n<div class=\"row\">\n<div class=\"col-12 col-md-7\">\n<h3>Sonne, W\u00e4rme, Leben. Davon erz\u00e4hlt uns Luce.<\/h3>\n<p>Als Folge des nat\u00fcrlichen Generationenwechsels nahm Lamberto Frescobaldi, Sohn von Vittorio, die Geschicke des Gutes in die Hand.<\/p>\n<p>Unter seiner Leitung festigten sich in der Tenuta Luce della Vite die Kenntnisse und das Fachwissen weiter und weiter: Noch intensiver wird auf die Rhythmen der Natur eingegangen; im Fokus steht die leidenschaftliche Hingabe, den vielschichtigen Prozess der Vinifizierung mehr und mehr zu verfeinern. So entstehen wahre toskanische Spitzenweine.<\/p>\n<h2><a href=\"https:\/\/fonsvinum.com\/de\/?s=LUCENTE&amp;post_type=product\">LUCENTE 2022<\/a><\/h2>\n<p><strong>Lucente<\/strong> ist der zweite Wein von Luce.<\/p>\n<p>Der Winter zeigte sich kalt und regenarm, mit Ausnahme eines kleinen Schneefalls Anfang Februar. Zu Beginn des Fr\u00fchlings herrschte trockenes, mildes Wetter, wobei die Temperaturen besonders im M\u00e4rz \u00fcber dem jahreszeitlichen Durchschnitt lagen. Der K\u00e4lteeinbruch am 8. April sorgte in der gesamten Toskana f\u00fcr Frost. Gl\u00fccklicherweise trugen die Weinberge der Tenuta Luce keinen Schaden davon. Verantwortlich daf\u00fcr war zum einen die Lage der Sangiovese-Reben, die im h\u00f6chstgelegenen Teil des Weinguts anbaut werden und somit dem Frost weniger ausgesetzt sind, zum anderen das flaumige Pflanzengewebe des Merlot, das sich sch\u00fctzende um die Knospen legte. Ende Mai wurde es schlie\u00dflich warm: der Merlot begann in der ersten Juniwoche zu bl\u00fchen, der Sangiovese in der darauffolgenden Woche. Die Sommermonate waren hei\u00df und trocken bis zum 16. Juli, als ein kr\u00e4ftiger Regen den Pflanzen Erleichterung verschaffte und die Temperaturen senkte. Dadurch wurden ideale Bedingungen f\u00fcr die Reifephase eingeleitet, die ab der dritten Juliwoche einsetzte. Im August regnete es zwischen der dritten und vierten Woche h\u00e4ufiger, was zu einem Temperaturr\u00fcckgang und Temperaturschwankungen zwischen Tag und Nacht von bis zu 15 \u00b0C f\u00fchrte und f\u00fcr die Frische der Aromen und die Reifung der Trauben vorteilhaft war. Die Weinlese begann am 7. September mit der Ernte der ersten Merlot-Trauben und in der zweiten Septemberwoche mit der Ernte der Sangiovese-Trauben. W\u00e4hrend der gesamten Erntezeit herrschte Kaiserwetter bei starken Temperaturschwankungen zwischen Tag und Nacht.<\/p>\n<h3>WEINBESCHREIBUNG<\/h3>\n<p>Der Lucente pr\u00e4sentiert sich rubinrot. In der Nase offenbart er ein intensives Bouquet von roten Fr\u00fcchten, Brombeere und blumigen Noten, insbesondere Veilchen. Am Gaumen ist er vollmundig und samtig mit angenehmen Tanninen, die perfekt in die Struktur des Weines integriert sind. Der erste Schluck erinnert an schwarze Fr\u00fcchte, Lakritze und Gew\u00fcrze.<\/p>\n<\/div>\n<\/div>\n<\/div>\n<\/div>\n","protected":false},"excerpt":{"rendered":"<p>LUCE DELLA VITE Unsere Geschichte. Die Anf\u00e4nge. Als Vittorio Frescobaldi Anfang der 90er Jahre Robert Mondavi trifft, nimmt ein neues Kapitel in der Geschichte der gro\u00dfartigen toskanischen Weine und in der Geschichte der Qualit\u00e4tsweine seinen Anfang. Aus der Begegnung der beiden Partner entstand Luce. Von Anfang an war es fester Wille, eine Vision zu verwirklichen [&hellip;]<\/p>\n","protected":false},"featured_media":34103,"comment_status":"open","ping_status":"closed","template":"","meta":{"_acf_changed":false,"_monsterinsights_skip_tracking":false,"_monsterinsights_sitenote_active":false,"_monsterinsights_sitenote_note":"","_monsterinsights_sitenote_category":0},"product_brand":[],"product_cat":[1693],"product_tag":[2150,17732,15959,3583],"class_list":{"0":"post-43790","1":"product","2":"type-product","3":"status-publish","4":"has-post-thumbnail","6":"product_cat-blend-2-de","7":"product_tag-grossformat","8":"product_tag-magnum-de","9":"product_tag-vino-rosso-de","10":"product_tag-vini-toscani-de","11":"pa_appellation-toscana-rosso-igt-de","12":"pa_formato-1-50-l-flasche-de","13":"pa_producer-luce-della-vite-de","14":"pa_region-toskana-de","15":"pa_vine-merlot-sangiovese-de","16":"pa_vintage-18397","18":"first","19":"instock","20":"taxable","21":"shipping-taxable","22":"purchasable","23":"product-type-simple"},"bundled_by":[],"bundle_stock_status":"instock","bundle_stock_quantity":1,"bundle_virtual":false,"bundle_layout":"","bundle_add_to_cart_form_location":"","bundle_editable_in_cart":false,"bundle_sold_individually_context":"","bundle_item_grouping":"","bundle_min_size":"","bundle_max_size":"","bundle_price":[],"bundled_items":[],"bundle_sell_ids":[],"yoast_head":"<!-- This site is optimized with the Yoast SEO plugin v27.2 - https:\/\/yoast.com\/product\/yoast-seo-wordpress\/ -->\n<title>Kaufen LUCE DELLA VITE Lucente 2022 Magnum FonsVinum<\/title>\n<meta name=\"description\" content=\"Kaufen online on FonsVinum LUCE DELLA VITE Lucente 2022 Magnum, Er ist perfekter Ausdruck der Einzigartigkeit seines Terroirs. Fons Vinum..\" \/>\n<meta name=\"robots\" content=\"index, follow, max-snippet:-1, max-image-preview:large, max-video-preview:-1\" \/>\n<link rel=\"canonical\" href=\"https:\/\/fonsvinum.com\/de\/produkt\/luce-della-vite-lucente-2022-magnum\/\" \/>\n<meta property=\"og:locale\" content=\"de_DE\" \/>\n<meta property=\"og:type\" content=\"article\" \/>\n<meta property=\"og:title\" content=\"Kaufen LUCE DELLA VITE Lucente 2022 Magnum FonsVinum\" \/>\n<meta property=\"og:description\" content=\"Kaufen online on FonsVinum LUCE DELLA VITE Lucente 2022 Magnum, Er ist perfekter Ausdruck der Einzigartigkeit seines Terroirs. Fons Vinum..\" \/>\n<meta property=\"og:url\" content=\"https:\/\/fonsvinum.com\/de\/produkt\/luce-della-vite-lucente-2022-magnum\/\" \/>\n<meta property=\"og:site_name\" content=\"Fons Vinum\" \/>\n<meta property=\"article:modified_time\" content=\"2024-06-03T14:19:29+00:00\" \/>\n<meta property=\"og:image\" content=\"https:\/\/fonsvinum.com\/files\/2021\/07\/lucente-magnum-owc-luce-della-vite-frescobaldi.jpg\" \/>\n\t<meta property=\"og:image:width\" content=\"200\" \/>\n\t<meta property=\"og:image:height\" content=\"600\" \/>\n\t<meta property=\"og:image:type\" content=\"image\/jpeg\" \/>\n<meta name=\"twitter:label1\" content=\"Gesch\u00e4tzte Lesezeit\" \/>\n\t<meta name=\"twitter:data1\" content=\"3\u00a0Minuten\" \/>\n<script type=\"application\/ld+json\" class=\"yoast-schema-graph\">{\"@context\":\"https:\/\/schema.org\",\"@graph\":[{\"@type\":\"WebPage\",\"@id\":\"https:\/\/fonsvinum.com\/de\/produkt\/luce-della-vite-lucente-2022-magnum\/\",\"url\":\"https:\/\/fonsvinum.com\/de\/produkt\/luce-della-vite-lucente-2022-magnum\/\",\"name\":\"Kaufen LUCE DELLA VITE Lucente 2022 Magnum FonsVinum\",\"isPartOf\":{\"@id\":\"https:\/\/fonsvinum.com\/en\/#website\"},\"primaryImageOfPage\":{\"@id\":\"https:\/\/fonsvinum.com\/de\/produkt\/luce-della-vite-lucente-2022-magnum\/#primaryimage\"},\"image\":{\"@id\":\"https:\/\/fonsvinum.com\/de\/produkt\/luce-della-vite-lucente-2022-magnum\/#primaryimage\"},\"thumbnailUrl\":\"https:\/\/fonsvinum.com\/files\/2021\/07\/lucente-magnum-owc-luce-della-vite-frescobaldi.jpg\",\"datePublished\":\"2024-04-16T09:43:49+00:00\",\"dateModified\":\"2024-06-03T14:19:29+00:00\",\"description\":\"Kaufen online on FonsVinum LUCE DELLA VITE Lucente 2022 Magnum, Er ist perfekter Ausdruck der Einzigartigkeit seines Terroirs. Fons Vinum..\",\"breadcrumb\":{\"@id\":\"https:\/\/fonsvinum.com\/de\/produkt\/luce-della-vite-lucente-2022-magnum\/#breadcrumb\"},\"inLanguage\":\"de\",\"potentialAction\":[{\"@type\":\"ReadAction\",\"target\":[\"https:\/\/fonsvinum.com\/de\/produkt\/luce-della-vite-lucente-2022-magnum\/\"]}]},{\"@type\":\"ImageObject\",\"inLanguage\":\"de\",\"@id\":\"https:\/\/fonsvinum.com\/de\/produkt\/luce-della-vite-lucente-2022-magnum\/#primaryimage\",\"url\":\"https:\/\/fonsvinum.com\/files\/2021\/07\/lucente-magnum-owc-luce-della-vite-frescobaldi.jpg\",\"contentUrl\":\"https:\/\/fonsvinum.com\/files\/2021\/07\/lucente-magnum-owc-luce-della-vite-frescobaldi.jpg\",\"width\":200,\"height\":600},{\"@type\":\"BreadcrumbList\",\"@id\":\"https:\/\/fonsvinum.com\/de\/produkt\/luce-della-vite-lucente-2022-magnum\/#breadcrumb\",\"itemListElement\":[{\"@type\":\"ListItem\",\"position\":1,\"name\":\"Startseite\",\"item\":\"https:\/\/fonsvinum.com\/de\/\"},{\"@type\":\"ListItem\",\"position\":2,\"name\":\"Shop\",\"item\":\"https:\/\/fonsvinum.com\/de\/shop\/\"},{\"@type\":\"ListItem\",\"position\":3,\"name\":\"LUCE DELLA VITE Lucente 2022 Magnum\"}]},{\"@type\":\"WebSite\",\"@id\":\"https:\/\/fonsvinum.com\/en\/#website\",\"url\":\"https:\/\/fonsvinum.com\/en\/\",\"name\":\"Fons Vinum\",\"description\":\"Vendita Vino Online\",\"publisher\":{\"@id\":\"https:\/\/fonsvinum.com\/en\/#organization\"},\"potentialAction\":[{\"@type\":\"SearchAction\",\"target\":{\"@type\":\"EntryPoint\",\"urlTemplate\":\"https:\/\/fonsvinum.com\/en\/?s={search_term_string}\"},\"query-input\":{\"@type\":\"PropertyValueSpecification\",\"valueRequired\":true,\"valueName\":\"search_term_string\"}}],\"inLanguage\":\"de\"},{\"@type\":\"Organization\",\"@id\":\"https:\/\/fonsvinum.com\/en\/#organization\",\"name\":\"Fons Vinum\",\"url\":\"https:\/\/fonsvinum.com\/en\/\",\"logo\":{\"@type\":\"ImageObject\",\"inLanguage\":\"de\",\"@id\":\"https:\/\/fonsvinum.com\/en\/#\/schema\/logo\/image\/\",\"url\":\"\",\"contentUrl\":\"\",\"caption\":\"Fons Vinum\"},\"image\":{\"@id\":\"https:\/\/fonsvinum.com\/en\/#\/schema\/logo\/image\/\"}}]}<\/script>\n<!-- \/ Yoast SEO plugin. -->","yoast_head_json":{"title":"Kaufen LUCE DELLA VITE Lucente 2022 Magnum FonsVinum","description":"Kaufen online on FonsVinum LUCE DELLA VITE Lucente 2022 Magnum, Er ist perfekter Ausdruck der Einzigartigkeit seines Terroirs. Fons Vinum..","robots":{"index":"index","follow":"follow","max-snippet":"max-snippet:-1","max-image-preview":"max-image-preview:large","max-video-preview":"max-video-preview:-1"},"canonical":"https:\/\/fonsvinum.com\/de\/produkt\/luce-della-vite-lucente-2022-magnum\/","og_locale":"de_DE","og_type":"article","og_title":"Kaufen LUCE DELLA VITE Lucente 2022 Magnum FonsVinum","og_description":"Kaufen online on FonsVinum LUCE DELLA VITE Lucente 2022 Magnum, Er ist perfekter Ausdruck der Einzigartigkeit seines Terroirs. Fons Vinum..","og_url":"https:\/\/fonsvinum.com\/de\/produkt\/luce-della-vite-lucente-2022-magnum\/","og_site_name":"Fons Vinum","article_modified_time":"2024-06-03T14:19:29+00:00","og_image":[{"width":200,"height":600,"url":"https:\/\/fonsvinum.com\/files\/2021\/07\/lucente-magnum-owc-luce-della-vite-frescobaldi.jpg","type":"image\/jpeg"}],"twitter_misc":{"Gesch\u00e4tzte Lesezeit":"3\u00a0Minuten"},"schema":{"@context":"https:\/\/schema.org","@graph":[{"@type":"WebPage","@id":"https:\/\/fonsvinum.com\/de\/produkt\/luce-della-vite-lucente-2022-magnum\/","url":"https:\/\/fonsvinum.com\/de\/produkt\/luce-della-vite-lucente-2022-magnum\/","name":"Kaufen LUCE DELLA VITE Lucente 2022 Magnum FonsVinum","isPartOf":{"@id":"https:\/\/fonsvinum.com\/en\/#website"},"primaryImageOfPage":{"@id":"https:\/\/fonsvinum.com\/de\/produkt\/luce-della-vite-lucente-2022-magnum\/#primaryimage"},"image":{"@id":"https:\/\/fonsvinum.com\/de\/produkt\/luce-della-vite-lucente-2022-magnum\/#primaryimage"},"thumbnailUrl":"https:\/\/fonsvinum.com\/files\/2021\/07\/lucente-magnum-owc-luce-della-vite-frescobaldi.jpg","datePublished":"2024-04-16T09:43:49+00:00","dateModified":"2024-06-03T14:19:29+00:00","description":"Kaufen online on FonsVinum LUCE DELLA VITE Lucente 2022 Magnum, Er ist perfekter Ausdruck der Einzigartigkeit seines Terroirs. Fons Vinum..","breadcrumb":{"@id":"https:\/\/fonsvinum.com\/de\/produkt\/luce-della-vite-lucente-2022-magnum\/#breadcrumb"},"inLanguage":"de","potentialAction":[{"@type":"ReadAction","target":["https:\/\/fonsvinum.com\/de\/produkt\/luce-della-vite-lucente-2022-magnum\/"]}]},{"@type":"ImageObject","inLanguage":"de","@id":"https:\/\/fonsvinum.com\/de\/produkt\/luce-della-vite-lucente-2022-magnum\/#primaryimage","url":"https:\/\/fonsvinum.com\/files\/2021\/07\/lucente-magnum-owc-luce-della-vite-frescobaldi.jpg","contentUrl":"https:\/\/fonsvinum.com\/files\/2021\/07\/lucente-magnum-owc-luce-della-vite-frescobaldi.jpg","width":200,"height":600},{"@type":"BreadcrumbList","@id":"https:\/\/fonsvinum.com\/de\/produkt\/luce-della-vite-lucente-2022-magnum\/#breadcrumb","itemListElement":[{"@type":"ListItem","position":1,"name":"Startseite","item":"https:\/\/fonsvinum.com\/de\/"},{"@type":"ListItem","position":2,"name":"Shop","item":"https:\/\/fonsvinum.com\/de\/shop\/"},{"@type":"ListItem","position":3,"name":"LUCE DELLA VITE Lucente 2022 Magnum"}]},{"@type":"WebSite","@id":"https:\/\/fonsvinum.com\/en\/#website","url":"https:\/\/fonsvinum.com\/en\/","name":"Fons Vinum","description":"Vendita Vino Online","publisher":{"@id":"https:\/\/fonsvinum.com\/en\/#organization"},"potentialAction":[{"@type":"SearchAction","target":{"@type":"EntryPoint","urlTemplate":"https:\/\/fonsvinum.com\/en\/?s={search_term_string}"},"query-input":{"@type":"PropertyValueSpecification","valueRequired":true,"valueName":"search_term_string"}}],"inLanguage":"de"},{"@type":"Organization","@id":"https:\/\/fonsvinum.com\/en\/#organization","name":"Fons Vinum","url":"https:\/\/fonsvinum.com\/en\/","logo":{"@type":"ImageObject","inLanguage":"de","@id":"https:\/\/fonsvinum.com\/en\/#\/schema\/logo\/image\/","url":"","contentUrl":"","caption":"Fons Vinum"},"image":{"@id":"https:\/\/fonsvinum.com\/en\/#\/schema\/logo\/image\/"}}]}},"acf":[],"_links":{"self":[{"href":"https:\/\/fonsvinum.com\/de\/wp-json\/wp\/v2\/product\/43790","targetHints":{"allow":["GET"]}}],"collection":[{"href":"https:\/\/fonsvinum.com\/de\/wp-json\/wp\/v2\/product"}],"about":[{"href":"https:\/\/fonsvinum.com\/de\/wp-json\/wp\/v2\/types\/product"}],"replies":[{"embeddable":true,"href":"https:\/\/fonsvinum.com\/de\/wp-json\/wp\/v2\/comments?post=43790"}],"wp:featuredmedia":[{"embeddable":true,"href":"https:\/\/fonsvinum.com\/de\/wp-json\/wp\/v2\/media\/34103"}],"wp:attachment":[{"href":"https:\/\/fonsvinum.com\/de\/wp-json\/wp\/v2\/media?parent=43790"}],"wp:term":[{"taxonomy":"product_brand","embeddable":true,"href":"https:\/\/fonsvinum.com\/de\/wp-json\/wp\/v2\/product_brand?post=43790"},{"taxonomy":"product_cat","embeddable":true,"href":"https:\/\/fonsvinum.com\/de\/wp-json\/wp\/v2\/product_cat?post=43790"},{"taxonomy":"product_tag","embeddable":true,"href":"https:\/\/fonsvinum.com\/de\/wp-json\/wp\/v2\/product_tag?post=43790"}],"curies":[{"name":"wp","href":"https:\/\/api.w.org\/{rel}","templated":true}]}}