{"id":43686,"date":"2024-04-05T09:41:39","date_gmt":"2024-04-05T07:41:39","guid":{"rendered":"https:\/\/fonsvinum.com\/?post_type=product&#038;p=43686"},"modified":"2026-04-14T15:41:51","modified_gmt":"2026-04-14T13:41:51","slug":"nebbiolo-produttori-del-barbaresco-2022","status":"publish","type":"product","link":"https:\/\/fonsvinum.com\/de\/produkt\/nebbiolo-produttori-del-barbaresco-2022\/","title":{"rendered":"Nebbiolo PRODUTTORI DEL BARBARESCO 2022"},"content":{"rendered":"<h2>Nebbiolo <a title=\"Nebbiolo Produttori del Barbaresco\" href=\"https:\/\/fonsvinum.com\/produttore\/comprare-vino-produttori-del-barbaresco\/\">PRODUTTORI DEL BARBARESCO 2022<\/a><\/h2>\n<h3>Nebbiolo <a title=\"Nebbiolo Produttori del Barbaresco\" href=\"https:\/\/fonsvinum.com\/produttore\/comprare-vino-produttori-del-barbaresco\/\">PRODUTTORI DEL BARBARESCO 2022<\/a><\/h3>\n<p>Dieser Wein wird jedes Jahr produziert und macht je nach Qualit\u00e4t des Jahrgangs 10 bis 30 % der Gesamtproduktion aus (die beste Lese ergibt die geringste Menge an Nebbiolo).<\/p>\n<p>Es ist die zweite Etikette des Barbaresco und wird aus Trauben junger Weinberge oder weniger qualifizierter Produktion hergestellt. Dies erm\u00f6glicht es uns, unseren Wein vor der gesetzlich vorgeschriebenen Reifung zu verkaufen und die Qualit\u00e4t des Barbaresco so hoch wie m\u00f6glich zu halten.<\/p>\n<h3>Die Geschichte<\/h3>\n<p>Bereits Ende des 19. Jahrhunderts war bekannt, dass der Nebbiolo in der Zone von Barbaresco ganz andere Eigenschaften aufwies als in anderen Gebieten des Piemont.<\/p>\n<p>Aus diesem Grund beschloss der damalige Direktor der k\u00f6niglichen Weinbauschule von Alba, Domizio Cavazza, der in Barbaresco ans\u00e4ssig war, einige Winzer und Produzenten zu versammeln, um eine Genossenschaftskellerei zu gr\u00fcnden, die einen anderen Wein produzieren konnte, da die Nebbiolo-Trauben jener Zone begannen, in das einzuflie\u00dfen, was sp\u00e4ter die Denomination Barolo werden sollte.<\/p>\n<p>Es war genau im Jahr 1894, als die \u201eCantine Sociali di Barbaresco\u201c zur \u201eErzeugung von Luxus- und Tafelweinen\u201c gegr\u00fcndet wurde.<\/p>\n<p>Anfangs aus neun Winzern bestehend, begann die Genossenschaft mit der Weinbereitung in den Kellern des Direktors Domizio Cavazza selbst, der im Einvernehmen mit den anderen Mitgliedern beschloss, dem Wein denselben Namen wie dem Ort zu geben: Barbaresco.<\/p>\n<p>Die Kellerei blieb bis 1913 unter der Leitung von Cavazza, dem Jahr, in dem der Direktor verstarb.<\/p>\n<p>Seitdem hat die \u201eProduttori del Barbaresco\u201c eine erfolgreiche Geschichte geschrieben. Heute z\u00e4hlt sie \u00fcber f\u00fcnfzig Mitglieder und verf\u00fcgt \u00fcber rund einhundert Hektar Weinberge, die ausschlie\u00dflich mit Nebbiolo bestockt sind \u2013 was etwa einem Sechstel des gesamten Anbaugebiets entspricht.<\/p>\n<p>Wenn es darum geht, eine Winzergenossenschaft zu nennen, die durch Zahlen, Qualit\u00e4t und erschwingliche Preise einen Unterschied macht, kommt immer die Produttori del Barbaresco ins Spiel.<\/p>\n<p>Vollmundig, intensive Aromen reifer roter Fr\u00fcchte, wei\u00dfer Pfeffer, Anis.<\/p>\n<h2>Jahrgang 2022<\/h2>\n<p><strong>Rebsorte:<\/strong> 100 % Nebbiolo<br \/>\n<strong>Weinberg:<\/strong> verschiedene Weinberge in der Herkunftszone<br \/>\n<strong>Fl\u00e4che:<\/strong> Trauben ausgew\u00e4hlter junger Weinberge der 100 Hektar im Besitz<br \/>\n<strong>Ausrichtung:<\/strong> S\u00fcd, West, Ost<br \/>\n<strong>Boden:<\/strong> lehmig-tonhaltig, kalkhaltig<br \/>\n<strong>Vinifikation:<\/strong> G\u00e4rung in Stahltanks bei 28 \u00b0C, 20 Tage auf den Schalen, Remontage 2-mal t\u00e4glich, malolaktische G\u00e4rung abgeschlossen<br \/>\n<strong>Ausbau:<\/strong> 5 Monate in gro\u00dfen Eichenf\u00e4ssern<br \/>\n<strong>Produktion:<\/strong> ca. 140.000 Flaschen<br \/>\n<strong>Charakteristika des Jahrgangs:<\/strong> mittlerer K\u00f6rper, intensive Aromen roter Fr\u00fcchte, wei\u00dfer Pfeffer, Anis, unterst\u00fctzt von guter S\u00e4ure<br \/>\n<strong>Charakteristika des Weinbergs:<\/strong> verschiedene Weinberge in der Herkunftszone<br \/>\n<strong>Lagerf\u00e4higkeit:<\/strong> 5\u20138 Jahre ab Lese<br \/>\n<strong>Eigent\u00fcmer der Weinberge:<\/strong> 54 Mitglieder<br \/>\n<strong>Speiseempfehlungen:<\/strong> Vorspeisen mit Fleisch und Gem\u00fcse, auch pikante Pasta, wei\u00dfes und rotes Fleisch<\/p>\n<p>&nbsp;<\/p>\n","protected":false},"excerpt":{"rendered":"<p>Nebbiolo PRODUTTORI DEL BARBARESCO 2022 Nebbiolo PRODUTTORI DEL BARBARESCO 2022 Dieser Wein wird jedes Jahr produziert und macht je nach Qualit\u00e4t des Jahrgangs 10 bis 30 % der Gesamtproduktion aus (die beste Lese ergibt die geringste Menge an Nebbiolo). Es ist die zweite Etikette des Barbaresco und wird aus Trauben junger Weinberge oder weniger qualifizierter [&hellip;]<\/p>\n","protected":false},"featured_media":6484,"comment_status":"open","ping_status":"closed","template":"","meta":{"_acf_changed":false,"_monsterinsights_skip_tracking":false,"_monsterinsights_sitenote_active":false,"_monsterinsights_sitenote_note":"","_monsterinsights_sitenote_category":0},"product_brand":[],"product_cat":[2356],"product_tag":[],"class_list":{"0":"post-43686","1":"product","2":"type-product","3":"status-publish","4":"has-post-thumbnail","6":"product_cat-nebbiolo-de","7":"pa_appellation-langhe-nebbiolo-doc-de","8":"pa_formato-0-75-l-flasche-de","9":"pa_producer-produttori-del-barbaresco-de","10":"pa_region-piemont-de","11":"pa_vine-100-nebbiolo-de","12":"pa_vintage-18397","14":"first","15":"instock","16":"taxable","17":"shipping-taxable","18":"purchasable","19":"product-type-simple"},"bundled_by":[],"bundle_stock_status":"instock","bundle_stock_quantity":1,"bundle_virtual":false,"bundle_layout":"","bundle_add_to_cart_form_location":"","bundle_editable_in_cart":false,"bundle_sold_individually_context":"","bundle_item_grouping":"","bundle_min_size":"","bundle_max_size":"","bundle_price":[],"bundled_items":[],"bundle_sell_ids":[],"yoast_head":"<!-- This site is optimized with the Yoast SEO plugin v27.3 - https:\/\/yoast.com\/product\/yoast-seo-wordpress\/ -->\n<title>Nebbiolo PRODUTTORI DEL BARBARESCO 2022<\/title>\n<meta name=\"description\" content=\"Nebbiolo PRODUTTORI DEL BARBARESCO 2022 online kaufen bei Fons Vinum Vollmundig, intensive Aromen reifer roter Fr\u00fcchte\" \/>\n<meta name=\"robots\" content=\"index, follow, max-snippet:-1, max-image-preview:large, max-video-preview:-1\" \/>\n<link rel=\"canonical\" href=\"https:\/\/fonsvinum.com\/de\/produkt\/nebbiolo-produttori-del-barbaresco-2022\/\" \/>\n<meta property=\"og:locale\" content=\"de_DE\" \/>\n<meta property=\"og:type\" content=\"article\" \/>\n<meta property=\"og:title\" content=\"Nebbiolo PRODUTTORI DEL BARBARESCO 2022\" \/>\n<meta property=\"og:description\" content=\"Nebbiolo PRODUTTORI DEL BARBARESCO 2022 online kaufen bei Fons Vinum Vollmundig, intensive Aromen reifer roter Fr\u00fcchte\" \/>\n<meta property=\"og:url\" content=\"https:\/\/fonsvinum.com\/de\/produkt\/nebbiolo-produttori-del-barbaresco-2022\/\" \/>\n<meta property=\"og:site_name\" content=\"Fons Vinum\" \/>\n<meta property=\"article:modified_time\" content=\"2026-04-14T13:41:51+00:00\" \/>\n<meta property=\"og:image\" content=\"https:\/\/fonsvinum.com\/files\/2013\/04\/nebbiolo_langhe_produttoridelbarbaresco.jpg\" \/>\n\t<meta property=\"og:image:width\" content=\"156\" \/>\n\t<meta property=\"og:image:height\" content=\"527\" \/>\n\t<meta property=\"og:image:type\" content=\"image\/jpeg\" \/>\n<meta name=\"twitter:label1\" content=\"Gesch\u00e4tzte Lesezeit\" \/>\n\t<meta name=\"twitter:data1\" content=\"2\u00a0Minuten\" \/>\n<script type=\"application\/ld+json\" class=\"yoast-schema-graph\">{\"@context\":\"https:\\\/\\\/schema.org\",\"@graph\":[{\"@type\":\"WebPage\",\"@id\":\"https:\\\/\\\/fonsvinum.com\\\/de\\\/produkt\\\/nebbiolo-produttori-del-barbaresco-2022\\\/\",\"url\":\"https:\\\/\\\/fonsvinum.com\\\/de\\\/produkt\\\/nebbiolo-produttori-del-barbaresco-2022\\\/\",\"name\":\"Nebbiolo PRODUTTORI DEL BARBARESCO 2022\",\"isPartOf\":{\"@id\":\"https:\\\/\\\/fonsvinum.com\\\/en\\\/#website\"},\"primaryImageOfPage\":{\"@id\":\"https:\\\/\\\/fonsvinum.com\\\/de\\\/produkt\\\/nebbiolo-produttori-del-barbaresco-2022\\\/#primaryimage\"},\"image\":{\"@id\":\"https:\\\/\\\/fonsvinum.com\\\/de\\\/produkt\\\/nebbiolo-produttori-del-barbaresco-2022\\\/#primaryimage\"},\"thumbnailUrl\":\"https:\\\/\\\/fonsvinum.com\\\/files\\\/2013\\\/04\\\/nebbiolo_langhe_produttoridelbarbaresco.jpg\",\"datePublished\":\"2024-04-05T07:41:39+00:00\",\"dateModified\":\"2026-04-14T13:41:51+00:00\",\"description\":\"Nebbiolo PRODUTTORI DEL BARBARESCO 2022 online kaufen bei Fons Vinum Vollmundig, intensive Aromen reifer roter Fr\u00fcchte\",\"breadcrumb\":{\"@id\":\"https:\\\/\\\/fonsvinum.com\\\/de\\\/produkt\\\/nebbiolo-produttori-del-barbaresco-2022\\\/#breadcrumb\"},\"inLanguage\":\"de\",\"potentialAction\":[{\"@type\":\"ReadAction\",\"target\":[\"https:\\\/\\\/fonsvinum.com\\\/de\\\/produkt\\\/nebbiolo-produttori-del-barbaresco-2022\\\/\"]}]},{\"@type\":\"ImageObject\",\"inLanguage\":\"de\",\"@id\":\"https:\\\/\\\/fonsvinum.com\\\/de\\\/produkt\\\/nebbiolo-produttori-del-barbaresco-2022\\\/#primaryimage\",\"url\":\"https:\\\/\\\/fonsvinum.com\\\/files\\\/2013\\\/04\\\/nebbiolo_langhe_produttoridelbarbaresco.jpg\",\"contentUrl\":\"https:\\\/\\\/fonsvinum.com\\\/files\\\/2013\\\/04\\\/nebbiolo_langhe_produttoridelbarbaresco.jpg\",\"width\":156,\"height\":527,\"caption\":\"Nebbiolo PRODUTTORI DEL BARBARESCO\"},{\"@type\":\"BreadcrumbList\",\"@id\":\"https:\\\/\\\/fonsvinum.com\\\/de\\\/produkt\\\/nebbiolo-produttori-del-barbaresco-2022\\\/#breadcrumb\",\"itemListElement\":[{\"@type\":\"ListItem\",\"position\":1,\"name\":\"Startseite\",\"item\":\"https:\\\/\\\/fonsvinum.com\\\/de\\\/\"},{\"@type\":\"ListItem\",\"position\":2,\"name\":\"Shop\",\"item\":\"https:\\\/\\\/fonsvinum.com\\\/de\\\/shop\\\/\"},{\"@type\":\"ListItem\",\"position\":3,\"name\":\"Nebbiolo PRODUTTORI DEL BARBARESCO 2022\"}]},{\"@type\":\"WebSite\",\"@id\":\"https:\\\/\\\/fonsvinum.com\\\/en\\\/#website\",\"url\":\"https:\\\/\\\/fonsvinum.com\\\/en\\\/\",\"name\":\"Fons Vinum\",\"description\":\"Vendita Vino Online\",\"publisher\":{\"@id\":\"https:\\\/\\\/fonsvinum.com\\\/en\\\/#organization\"},\"potentialAction\":[{\"@type\":\"SearchAction\",\"target\":{\"@type\":\"EntryPoint\",\"urlTemplate\":\"https:\\\/\\\/fonsvinum.com\\\/en\\\/?s={search_term_string}\"},\"query-input\":{\"@type\":\"PropertyValueSpecification\",\"valueRequired\":true,\"valueName\":\"search_term_string\"}}],\"inLanguage\":\"de\"},{\"@type\":\"Organization\",\"@id\":\"https:\\\/\\\/fonsvinum.com\\\/en\\\/#organization\",\"name\":\"Fons Vinum\",\"url\":\"https:\\\/\\\/fonsvinum.com\\\/en\\\/\",\"logo\":{\"@type\":\"ImageObject\",\"inLanguage\":\"de\",\"@id\":\"https:\\\/\\\/fonsvinum.com\\\/en\\\/#\\\/schema\\\/logo\\\/image\\\/\",\"url\":\"\",\"contentUrl\":\"\",\"caption\":\"Fons Vinum\"},\"image\":{\"@id\":\"https:\\\/\\\/fonsvinum.com\\\/en\\\/#\\\/schema\\\/logo\\\/image\\\/\"}}]}<\/script>\n<!-- \/ Yoast SEO plugin. -->","yoast_head_json":{"title":"Nebbiolo PRODUTTORI DEL BARBARESCO 2022","description":"Nebbiolo PRODUTTORI DEL BARBARESCO 2022 online kaufen bei Fons Vinum Vollmundig, intensive Aromen reifer roter Fr\u00fcchte","robots":{"index":"index","follow":"follow","max-snippet":"max-snippet:-1","max-image-preview":"max-image-preview:large","max-video-preview":"max-video-preview:-1"},"canonical":"https:\/\/fonsvinum.com\/de\/produkt\/nebbiolo-produttori-del-barbaresco-2022\/","og_locale":"de_DE","og_type":"article","og_title":"Nebbiolo PRODUTTORI DEL BARBARESCO 2022","og_description":"Nebbiolo PRODUTTORI DEL BARBARESCO 2022 online kaufen bei Fons Vinum Vollmundig, intensive Aromen reifer roter Fr\u00fcchte","og_url":"https:\/\/fonsvinum.com\/de\/produkt\/nebbiolo-produttori-del-barbaresco-2022\/","og_site_name":"Fons Vinum","article_modified_time":"2026-04-14T13:41:51+00:00","og_image":[{"width":156,"height":527,"url":"https:\/\/fonsvinum.com\/files\/2013\/04\/nebbiolo_langhe_produttoridelbarbaresco.jpg","type":"image\/jpeg"}],"twitter_misc":{"Gesch\u00e4tzte Lesezeit":"2\u00a0Minuten"},"schema":{"@context":"https:\/\/schema.org","@graph":[{"@type":"WebPage","@id":"https:\/\/fonsvinum.com\/de\/produkt\/nebbiolo-produttori-del-barbaresco-2022\/","url":"https:\/\/fonsvinum.com\/de\/produkt\/nebbiolo-produttori-del-barbaresco-2022\/","name":"Nebbiolo PRODUTTORI DEL BARBARESCO 2022","isPartOf":{"@id":"https:\/\/fonsvinum.com\/en\/#website"},"primaryImageOfPage":{"@id":"https:\/\/fonsvinum.com\/de\/produkt\/nebbiolo-produttori-del-barbaresco-2022\/#primaryimage"},"image":{"@id":"https:\/\/fonsvinum.com\/de\/produkt\/nebbiolo-produttori-del-barbaresco-2022\/#primaryimage"},"thumbnailUrl":"https:\/\/fonsvinum.com\/files\/2013\/04\/nebbiolo_langhe_produttoridelbarbaresco.jpg","datePublished":"2024-04-05T07:41:39+00:00","dateModified":"2026-04-14T13:41:51+00:00","description":"Nebbiolo PRODUTTORI DEL BARBARESCO 2022 online kaufen bei Fons Vinum Vollmundig, intensive Aromen reifer roter Fr\u00fcchte","breadcrumb":{"@id":"https:\/\/fonsvinum.com\/de\/produkt\/nebbiolo-produttori-del-barbaresco-2022\/#breadcrumb"},"inLanguage":"de","potentialAction":[{"@type":"ReadAction","target":["https:\/\/fonsvinum.com\/de\/produkt\/nebbiolo-produttori-del-barbaresco-2022\/"]}]},{"@type":"ImageObject","inLanguage":"de","@id":"https:\/\/fonsvinum.com\/de\/produkt\/nebbiolo-produttori-del-barbaresco-2022\/#primaryimage","url":"https:\/\/fonsvinum.com\/files\/2013\/04\/nebbiolo_langhe_produttoridelbarbaresco.jpg","contentUrl":"https:\/\/fonsvinum.com\/files\/2013\/04\/nebbiolo_langhe_produttoridelbarbaresco.jpg","width":156,"height":527,"caption":"Nebbiolo PRODUTTORI DEL BARBARESCO"},{"@type":"BreadcrumbList","@id":"https:\/\/fonsvinum.com\/de\/produkt\/nebbiolo-produttori-del-barbaresco-2022\/#breadcrumb","itemListElement":[{"@type":"ListItem","position":1,"name":"Startseite","item":"https:\/\/fonsvinum.com\/de\/"},{"@type":"ListItem","position":2,"name":"Shop","item":"https:\/\/fonsvinum.com\/de\/shop\/"},{"@type":"ListItem","position":3,"name":"Nebbiolo PRODUTTORI DEL BARBARESCO 2022"}]},{"@type":"WebSite","@id":"https:\/\/fonsvinum.com\/en\/#website","url":"https:\/\/fonsvinum.com\/en\/","name":"Fons Vinum","description":"Vendita Vino Online","publisher":{"@id":"https:\/\/fonsvinum.com\/en\/#organization"},"potentialAction":[{"@type":"SearchAction","target":{"@type":"EntryPoint","urlTemplate":"https:\/\/fonsvinum.com\/en\/?s={search_term_string}"},"query-input":{"@type":"PropertyValueSpecification","valueRequired":true,"valueName":"search_term_string"}}],"inLanguage":"de"},{"@type":"Organization","@id":"https:\/\/fonsvinum.com\/en\/#organization","name":"Fons Vinum","url":"https:\/\/fonsvinum.com\/en\/","logo":{"@type":"ImageObject","inLanguage":"de","@id":"https:\/\/fonsvinum.com\/en\/#\/schema\/logo\/image\/","url":"","contentUrl":"","caption":"Fons Vinum"},"image":{"@id":"https:\/\/fonsvinum.com\/en\/#\/schema\/logo\/image\/"}}]}},"acf":[],"_links":{"self":[{"href":"https:\/\/fonsvinum.com\/de\/wp-json\/wp\/v2\/product\/43686","targetHints":{"allow":["GET"]}}],"collection":[{"href":"https:\/\/fonsvinum.com\/de\/wp-json\/wp\/v2\/product"}],"about":[{"href":"https:\/\/fonsvinum.com\/de\/wp-json\/wp\/v2\/types\/product"}],"replies":[{"embeddable":true,"href":"https:\/\/fonsvinum.com\/de\/wp-json\/wp\/v2\/comments?post=43686"}],"wp:featuredmedia":[{"embeddable":true,"href":"https:\/\/fonsvinum.com\/de\/wp-json\/wp\/v2\/media\/6484"}],"wp:attachment":[{"href":"https:\/\/fonsvinum.com\/de\/wp-json\/wp\/v2\/media?parent=43686"}],"wp:term":[{"taxonomy":"product_brand","embeddable":true,"href":"https:\/\/fonsvinum.com\/de\/wp-json\/wp\/v2\/product_brand?post=43686"},{"taxonomy":"product_cat","embeddable":true,"href":"https:\/\/fonsvinum.com\/de\/wp-json\/wp\/v2\/product_cat?post=43686"},{"taxonomy":"product_tag","embeddable":true,"href":"https:\/\/fonsvinum.com\/de\/wp-json\/wp\/v2\/product_tag?post=43686"}],"curies":[{"name":"wp","href":"https:\/\/api.w.org\/{rel}","templated":true}]}}