{"id":43624,"date":"2024-03-25T11:58:45","date_gmt":"2024-03-25T10:58:45","guid":{"rendered":"https:\/\/fonsvinum.com\/?post_type=product&#038;p=43624"},"modified":"2024-03-25T12:22:42","modified_gmt":"2024-03-25T11:22:42","slug":"louis-roederer-collection-244-2019","status":"publish","type":"product","link":"https:\/\/fonsvinum.com\/de\/produkt\/louis-roederer-collection-244-2019\/","title":{"rendered":"LOUIS ROEDERER COLLECTION 244 2019"},"content":{"rendered":"<h2>LOUIS ROEDERER COLLECTION 244 2019<\/h2>\n<p>LOUIS ROEDERER <a href=\"https:\/\/www.shopinlanghe.com\/sellers?render_type=sellerview&amp;id_seller=5\">Collection <\/a>244 2019<\/p>\n<h2>MAISON <a href=\"https:\/\/fonsvinum.com\/de\/attributes\/producer\/roederer-de\/\">LOUIS ROEDERER<\/a><\/h2>\n<blockquote><p>\u201eVon der Begegnung mit Duy Anh war ich sofort begeistert. Die \u00c4sthetik seiner Werke, die Freiheit der Natur und eine hohe Kunstfertigkeit haben uns zutiefst ber\u00fchrt. Duy Anh versteht es, mit einfachen Mitteln zu zeigen, wie wunderbar die Natur ist, und liegt damit ganz auf einer Ebene mit der Vision, die die Arbeit des Hauses Louis Roederer leitet.\u201c<br \/>\n\u2014 Fr\u00e9d\u00e9ric Rouzaud, Generaldirektor<\/p><\/blockquote>\n<p>W\u00e4hrend seiner zwei Jahre in den Weing\u00e4rten des Hauses Louis Roederer wurde Duy Anh klar, wie wichtig Himmelsk\u00f6rper f\u00fcr den biodynamischen Weinbau sind, um aus dem Terroir den bestm\u00f6glichen Ausdruck zu gewinnen. Zwischen den Elementen Wasser, Luft, Erde, Feuer und Raum herrscht eine mysteri\u00f6se, aber dennoch sehr reale, verifizierte Verbindung. Eine Verbindung zwischen dem Himmel und der Kreide in den Tiefen der Erde, zwischen Pflanzen und Himmelsk\u00f6rpern, Mondphasen, Bewegungen der Sterne und der Sonne zu den unterschiedlichen Jahreszeiten. Eine Verbindung, die es zu achten gilt: beim Rebschnitt in den Weing\u00e4rten des Hauses Louis Roederer, bei dem auf zunehmenden und abnehmenden Mond geachtet wird, und bei der Weinlese, f\u00fcr die nicht nur die Reife der Trauben ma\u00dfgebend ist, sondern auch die Position der Himmelsk\u00f6rper.<\/p>\n<blockquote><p>\u201eWir laden Sie dazu ein, das Ergebnis dieser Zusammenarbeit kennenzulernen\u201c<\/p>\n<p>UNSERE ZUSAMMENARBEIT<\/p><\/blockquote>\n","protected":false},"excerpt":{"rendered":"<p>LOUIS ROEDERER COLLECTION 244 2019 LOUIS ROEDERER Collection 244 2019 MAISON LOUIS ROEDERER \u201eVon der Begegnung mit Duy Anh war ich sofort begeistert. Die \u00c4sthetik seiner Werke, die Freiheit der Natur und eine hohe Kunstfertigkeit haben uns zutiefst ber\u00fchrt. Duy Anh versteht es, mit einfachen Mitteln zu zeigen, wie wunderbar die Natur ist, und liegt [&hellip;]<\/p>\n","protected":false},"featured_media":43632,"comment_status":"open","ping_status":"closed","template":"","meta":{"_acf_changed":false,"_monsterinsights_skip_tracking":false,"_monsterinsights_sitenote_active":false,"_monsterinsights_sitenote_note":"","_monsterinsights_sitenote_category":0},"product_brand":[],"product_cat":[2160],"product_tag":[1733,1802],"class_list":{"0":"post-43624","1":"product","2":"type-product","3":"status-publish","4":"has-post-thumbnail","6":"product_cat-champagne-de","7":"product_tag-aussergewoehnliche-weine-de","8":"product_tag-champagne-de","9":"pa_appellation-champagne-aoc-de","10":"pa_formato-0-75-l-flasche-de","11":"pa_producer-roederer-de","12":"pa_region-champagne-de","13":"pa_vintage-2019-de","15":"first","16":"instock","17":"taxable","18":"shipping-taxable","19":"purchasable","20":"product-type-simple"},"bundled_by":[],"bundle_stock_status":"instock","bundle_stock_quantity":6,"bundle_virtual":false,"bundle_layout":"","bundle_add_to_cart_form_location":"","bundle_editable_in_cart":false,"bundle_sold_individually_context":"","bundle_item_grouping":"","bundle_min_size":"","bundle_max_size":"","bundle_price":[],"bundled_items":[],"bundle_sell_ids":[],"yoast_head":"<!-- This site is optimized with the Yoast SEO plugin v27.2 - https:\/\/yoast.com\/product\/yoast-seo-wordpress\/ -->\n<title>Kaufen online LOUIS ROEDERER COLLECTION 244 - FonsVinum<\/title>\n<meta name=\"description\" content=\"Kaufen online FonsVInum LOUIS ROEDERER COLLECTION 244 2019 on Fons Vinum.................ein toller franz\u00f6sischer Champagner!!!!\" \/>\n<meta name=\"robots\" content=\"index, follow, max-snippet:-1, max-image-preview:large, max-video-preview:-1\" \/>\n<link rel=\"canonical\" href=\"https:\/\/fonsvinum.com\/de\/produkt\/louis-roederer-collection-244-2019\/\" \/>\n<meta property=\"og:locale\" content=\"de_DE\" \/>\n<meta property=\"og:type\" content=\"article\" \/>\n<meta property=\"og:title\" content=\"Kaufen online LOUIS ROEDERER COLLECTION 244 - FonsVinum\" \/>\n<meta property=\"og:description\" content=\"Kaufen online FonsVInum LOUIS ROEDERER COLLECTION 244 2019 on Fons Vinum.................ein toller franz\u00f6sischer Champagner!!!!\" \/>\n<meta property=\"og:url\" content=\"https:\/\/fonsvinum.com\/de\/produkt\/louis-roederer-collection-244-2019\/\" \/>\n<meta property=\"og:site_name\" content=\"Fons Vinum\" \/>\n<meta property=\"article:modified_time\" content=\"2024-03-25T11:22:42+00:00\" \/>\n<meta property=\"og:image\" content=\"https:\/\/fonsvinum.com\/files\/2024\/03\/louis-roederer-collection-244.png\" \/>\n\t<meta property=\"og:image:width\" content=\"200\" \/>\n\t<meta property=\"og:image:height\" content=\"600\" \/>\n\t<meta property=\"og:image:type\" content=\"image\/png\" \/>\n<meta name=\"twitter:label1\" content=\"Gesch\u00e4tzte Lesezeit\" \/>\n\t<meta name=\"twitter:data1\" content=\"1\u00a0Minute\" \/>\n<script type=\"application\/ld+json\" class=\"yoast-schema-graph\">{\"@context\":\"https:\/\/schema.org\",\"@graph\":[{\"@type\":\"WebPage\",\"@id\":\"https:\/\/fonsvinum.com\/de\/produkt\/louis-roederer-collection-244-2019\/\",\"url\":\"https:\/\/fonsvinum.com\/de\/produkt\/louis-roederer-collection-244-2019\/\",\"name\":\"Kaufen online LOUIS ROEDERER COLLECTION 244 - FonsVinum\",\"isPartOf\":{\"@id\":\"https:\/\/fonsvinum.com\/en\/#website\"},\"primaryImageOfPage\":{\"@id\":\"https:\/\/fonsvinum.com\/de\/produkt\/louis-roederer-collection-244-2019\/#primaryimage\"},\"image\":{\"@id\":\"https:\/\/fonsvinum.com\/de\/produkt\/louis-roederer-collection-244-2019\/#primaryimage\"},\"thumbnailUrl\":\"https:\/\/fonsvinum.com\/files\/2024\/03\/louis-roederer-collection-244.png\",\"datePublished\":\"2024-03-25T10:58:45+00:00\",\"dateModified\":\"2024-03-25T11:22:42+00:00\",\"description\":\"Kaufen online FonsVInum LOUIS ROEDERER COLLECTION 244 2019 on Fons Vinum.................ein toller franz\u00f6sischer Champagner!!!!\",\"breadcrumb\":{\"@id\":\"https:\/\/fonsvinum.com\/de\/produkt\/louis-roederer-collection-244-2019\/#breadcrumb\"},\"inLanguage\":\"de\",\"potentialAction\":[{\"@type\":\"ReadAction\",\"target\":[\"https:\/\/fonsvinum.com\/de\/produkt\/louis-roederer-collection-244-2019\/\"]}]},{\"@type\":\"ImageObject\",\"inLanguage\":\"de\",\"@id\":\"https:\/\/fonsvinum.com\/de\/produkt\/louis-roederer-collection-244-2019\/#primaryimage\",\"url\":\"https:\/\/fonsvinum.com\/files\/2024\/03\/louis-roederer-collection-244.png\",\"contentUrl\":\"https:\/\/fonsvinum.com\/files\/2024\/03\/louis-roederer-collection-244.png\",\"width\":200,\"height\":600},{\"@type\":\"BreadcrumbList\",\"@id\":\"https:\/\/fonsvinum.com\/de\/produkt\/louis-roederer-collection-244-2019\/#breadcrumb\",\"itemListElement\":[{\"@type\":\"ListItem\",\"position\":1,\"name\":\"Startseite\",\"item\":\"https:\/\/fonsvinum.com\/de\/\"},{\"@type\":\"ListItem\",\"position\":2,\"name\":\"Shop\",\"item\":\"https:\/\/fonsvinum.com\/de\/shop\/\"},{\"@type\":\"ListItem\",\"position\":3,\"name\":\"LOUIS ROEDERER COLLECTION 244 2019\"}]},{\"@type\":\"WebSite\",\"@id\":\"https:\/\/fonsvinum.com\/en\/#website\",\"url\":\"https:\/\/fonsvinum.com\/en\/\",\"name\":\"Fons Vinum\",\"description\":\"Vendita Vino Online\",\"publisher\":{\"@id\":\"https:\/\/fonsvinum.com\/en\/#organization\"},\"potentialAction\":[{\"@type\":\"SearchAction\",\"target\":{\"@type\":\"EntryPoint\",\"urlTemplate\":\"https:\/\/fonsvinum.com\/en\/?s={search_term_string}\"},\"query-input\":{\"@type\":\"PropertyValueSpecification\",\"valueRequired\":true,\"valueName\":\"search_term_string\"}}],\"inLanguage\":\"de\"},{\"@type\":\"Organization\",\"@id\":\"https:\/\/fonsvinum.com\/en\/#organization\",\"name\":\"Fons Vinum\",\"url\":\"https:\/\/fonsvinum.com\/en\/\",\"logo\":{\"@type\":\"ImageObject\",\"inLanguage\":\"de\",\"@id\":\"https:\/\/fonsvinum.com\/en\/#\/schema\/logo\/image\/\",\"url\":\"\",\"contentUrl\":\"\",\"caption\":\"Fons Vinum\"},\"image\":{\"@id\":\"https:\/\/fonsvinum.com\/en\/#\/schema\/logo\/image\/\"}}]}<\/script>\n<!-- \/ Yoast SEO plugin. -->","yoast_head_json":{"title":"Kaufen online LOUIS ROEDERER COLLECTION 244 - FonsVinum","description":"Kaufen online FonsVInum LOUIS ROEDERER COLLECTION 244 2019 on Fons Vinum.................ein toller franz\u00f6sischer Champagner!!!!","robots":{"index":"index","follow":"follow","max-snippet":"max-snippet:-1","max-image-preview":"max-image-preview:large","max-video-preview":"max-video-preview:-1"},"canonical":"https:\/\/fonsvinum.com\/de\/produkt\/louis-roederer-collection-244-2019\/","og_locale":"de_DE","og_type":"article","og_title":"Kaufen online LOUIS ROEDERER COLLECTION 244 - FonsVinum","og_description":"Kaufen online FonsVInum LOUIS ROEDERER COLLECTION 244 2019 on Fons Vinum.................ein toller franz\u00f6sischer Champagner!!!!","og_url":"https:\/\/fonsvinum.com\/de\/produkt\/louis-roederer-collection-244-2019\/","og_site_name":"Fons Vinum","article_modified_time":"2024-03-25T11:22:42+00:00","og_image":[{"width":200,"height":600,"url":"https:\/\/fonsvinum.com\/files\/2024\/03\/louis-roederer-collection-244.png","type":"image\/png"}],"twitter_misc":{"Gesch\u00e4tzte Lesezeit":"1\u00a0Minute"},"schema":{"@context":"https:\/\/schema.org","@graph":[{"@type":"WebPage","@id":"https:\/\/fonsvinum.com\/de\/produkt\/louis-roederer-collection-244-2019\/","url":"https:\/\/fonsvinum.com\/de\/produkt\/louis-roederer-collection-244-2019\/","name":"Kaufen online LOUIS ROEDERER COLLECTION 244 - FonsVinum","isPartOf":{"@id":"https:\/\/fonsvinum.com\/en\/#website"},"primaryImageOfPage":{"@id":"https:\/\/fonsvinum.com\/de\/produkt\/louis-roederer-collection-244-2019\/#primaryimage"},"image":{"@id":"https:\/\/fonsvinum.com\/de\/produkt\/louis-roederer-collection-244-2019\/#primaryimage"},"thumbnailUrl":"https:\/\/fonsvinum.com\/files\/2024\/03\/louis-roederer-collection-244.png","datePublished":"2024-03-25T10:58:45+00:00","dateModified":"2024-03-25T11:22:42+00:00","description":"Kaufen online FonsVInum LOUIS ROEDERER COLLECTION 244 2019 on Fons Vinum.................ein toller franz\u00f6sischer Champagner!!!!","breadcrumb":{"@id":"https:\/\/fonsvinum.com\/de\/produkt\/louis-roederer-collection-244-2019\/#breadcrumb"},"inLanguage":"de","potentialAction":[{"@type":"ReadAction","target":["https:\/\/fonsvinum.com\/de\/produkt\/louis-roederer-collection-244-2019\/"]}]},{"@type":"ImageObject","inLanguage":"de","@id":"https:\/\/fonsvinum.com\/de\/produkt\/louis-roederer-collection-244-2019\/#primaryimage","url":"https:\/\/fonsvinum.com\/files\/2024\/03\/louis-roederer-collection-244.png","contentUrl":"https:\/\/fonsvinum.com\/files\/2024\/03\/louis-roederer-collection-244.png","width":200,"height":600},{"@type":"BreadcrumbList","@id":"https:\/\/fonsvinum.com\/de\/produkt\/louis-roederer-collection-244-2019\/#breadcrumb","itemListElement":[{"@type":"ListItem","position":1,"name":"Startseite","item":"https:\/\/fonsvinum.com\/de\/"},{"@type":"ListItem","position":2,"name":"Shop","item":"https:\/\/fonsvinum.com\/de\/shop\/"},{"@type":"ListItem","position":3,"name":"LOUIS ROEDERER COLLECTION 244 2019"}]},{"@type":"WebSite","@id":"https:\/\/fonsvinum.com\/en\/#website","url":"https:\/\/fonsvinum.com\/en\/","name":"Fons Vinum","description":"Vendita Vino Online","publisher":{"@id":"https:\/\/fonsvinum.com\/en\/#organization"},"potentialAction":[{"@type":"SearchAction","target":{"@type":"EntryPoint","urlTemplate":"https:\/\/fonsvinum.com\/en\/?s={search_term_string}"},"query-input":{"@type":"PropertyValueSpecification","valueRequired":true,"valueName":"search_term_string"}}],"inLanguage":"de"},{"@type":"Organization","@id":"https:\/\/fonsvinum.com\/en\/#organization","name":"Fons Vinum","url":"https:\/\/fonsvinum.com\/en\/","logo":{"@type":"ImageObject","inLanguage":"de","@id":"https:\/\/fonsvinum.com\/en\/#\/schema\/logo\/image\/","url":"","contentUrl":"","caption":"Fons Vinum"},"image":{"@id":"https:\/\/fonsvinum.com\/en\/#\/schema\/logo\/image\/"}}]}},"acf":[],"_links":{"self":[{"href":"https:\/\/fonsvinum.com\/de\/wp-json\/wp\/v2\/product\/43624","targetHints":{"allow":["GET"]}}],"collection":[{"href":"https:\/\/fonsvinum.com\/de\/wp-json\/wp\/v2\/product"}],"about":[{"href":"https:\/\/fonsvinum.com\/de\/wp-json\/wp\/v2\/types\/product"}],"replies":[{"embeddable":true,"href":"https:\/\/fonsvinum.com\/de\/wp-json\/wp\/v2\/comments?post=43624"}],"wp:featuredmedia":[{"embeddable":true,"href":"https:\/\/fonsvinum.com\/de\/wp-json\/wp\/v2\/media\/43632"}],"wp:attachment":[{"href":"https:\/\/fonsvinum.com\/de\/wp-json\/wp\/v2\/media?parent=43624"}],"wp:term":[{"taxonomy":"product_brand","embeddable":true,"href":"https:\/\/fonsvinum.com\/de\/wp-json\/wp\/v2\/product_brand?post=43624"},{"taxonomy":"product_cat","embeddable":true,"href":"https:\/\/fonsvinum.com\/de\/wp-json\/wp\/v2\/product_cat?post=43624"},{"taxonomy":"product_tag","embeddable":true,"href":"https:\/\/fonsvinum.com\/de\/wp-json\/wp\/v2\/product_tag?post=43624"}],"curies":[{"name":"wp","href":"https:\/\/api.w.org\/{rel}","templated":true}]}}