{"id":43410,"date":"2024-02-29T11:47:55","date_gmt":"2024-02-29T10:47:55","guid":{"rendered":"https:\/\/fonsvinum.com\/?post_type=product&#038;p=43410"},"modified":"2024-02-29T12:01:09","modified_gmt":"2024-02-29T11:01:09","slug":"bolgheri-superiore-arnione-campo-alla-sughera-2019","status":"publish","type":"product","link":"https:\/\/fonsvinum.com\/de\/produkt\/bolgheri-superiore-arnione-campo-alla-sughera-2019\/","title":{"rendered":"Bolgheri Superiore Arnione Campo alla Sughera 2019"},"content":{"rendered":"<h1>Bolgheri Superiore Arnione\u00a0<a title=\"Campo alla Sughera\" href=\"https:\/\/fonsvinum.com\/produttore\/campo-sughera\/\">Campo alla Sughera<\/a> 2019<\/h1>\n<p>Zeichnet sich durch die stark im Vordergrund stehende Frucht aus.<\/p>\n<p>Der kr\u00e4ftig dunkelrote \u00a0Bolgheri Superiore\u00a0verspr\u00fcht einen Duft, der voll dunkler Beeren und W\u00fcrze steckt.<\/p>\n<p>Sein Geschmack ist harmonisch und schmeichelnd mit einem sch\u00f6nen Abgang.<\/p>\n<p>Genie\u00dfen Sie ihn zu mittelaltem K\u00e4se und herzhaften, kr\u00e4ftigen Speisen.<\/p>\n","protected":false},"excerpt":{"rendered":"<p>Bolgheri Superiore Arnione\u00a0Campo alla Sughera 2019 Zeichnet sich durch die stark im Vordergrund stehende Frucht aus. Der kr\u00e4ftig dunkelrote \u00a0Bolgheri Superiore\u00a0verspr\u00fcht einen Duft, der voll dunkler Beeren und W\u00fcrze steckt. Sein Geschmack ist harmonisch und schmeichelnd mit einem sch\u00f6nen Abgang. Genie\u00dfen Sie ihn zu mittelaltem K\u00e4se und herzhaften, kr\u00e4ftigen Speisen.<\/p>\n","protected":false},"featured_media":37788,"comment_status":"open","ping_status":"closed","template":"","meta":{"_acf_changed":false,"_monsterinsights_skip_tracking":false,"_monsterinsights_sitenote_active":false,"_monsterinsights_sitenote_note":"","_monsterinsights_sitenote_category":0},"product_brand":[],"product_cat":[1693],"product_tag":[3583],"class_list":{"0":"post-43410","1":"product","2":"type-product","3":"status-publish","4":"has-post-thumbnail","6":"product_cat-blend-2-de","7":"product_tag-vini-toscani-de","8":"pa_appellation-bolgheri-superiore-doc-de","9":"pa_formato-0-75-l-flasche-de","10":"pa_producer-campo-alla-sughera-de","11":"pa_region-toskana-de","12":"pa_vine-cabernet-sauvignon-merlot-cabernet-franc-petit-verdot-de","13":"pa_vintage-2019-de","15":"first","16":"instock","17":"taxable","18":"shipping-taxable","19":"purchasable","20":"product-type-simple"},"bundled_by":[],"bundle_stock_status":"instock","bundle_stock_quantity":2,"bundle_virtual":false,"bundle_layout":"","bundle_add_to_cart_form_location":"","bundle_editable_in_cart":false,"bundle_sold_individually_context":"","bundle_item_grouping":"","bundle_min_size":"","bundle_max_size":"","bundle_price":[],"bundled_items":[],"bundle_sell_ids":[],"yoast_head":"<!-- This site is optimized with the Yoast SEO plugin v27.2 - https:\/\/yoast.com\/product\/yoast-seo-wordpress\/ -->\n<title>Acquista Bolgheri Superiore Arnione Campo alla Sughera 2019<\/title>\n<meta name=\"description\" content=\"Acquista su Fons Vinum Bolgheri Superiore Arnione Campo alla Sughera 2019 Assemblaggio toscano spese di spedizione gratis\" \/>\n<meta name=\"robots\" content=\"index, follow, max-snippet:-1, max-image-preview:large, max-video-preview:-1\" \/>\n<link rel=\"canonical\" href=\"https:\/\/fonsvinum.com\/de\/produkt\/bolgheri-superiore-arnione-campo-alla-sughera-2019\/\" \/>\n<meta property=\"og:locale\" content=\"de_DE\" \/>\n<meta property=\"og:type\" content=\"article\" \/>\n<meta property=\"og:title\" content=\"Acquista Bolgheri Superiore Arnione Campo alla Sughera 2019\" \/>\n<meta property=\"og:description\" content=\"Acquista su Fons Vinum Bolgheri Superiore Arnione Campo alla Sughera 2019 Assemblaggio toscano spese di spedizione gratis\" \/>\n<meta property=\"og:url\" content=\"https:\/\/fonsvinum.com\/de\/produkt\/bolgheri-superiore-arnione-campo-alla-sughera-2019\/\" \/>\n<meta property=\"og:site_name\" content=\"Fons Vinum\" \/>\n<meta property=\"article:modified_time\" content=\"2024-02-29T11:01:09+00:00\" \/>\n<meta property=\"og:image\" content=\"https:\/\/fonsvinum.com\/files\/2019\/03\/arnione_bolgheri_superiore_new_label_20211020115848.png\" \/>\n\t<meta property=\"og:image:width\" content=\"600\" \/>\n\t<meta property=\"og:image:height\" content=\"1500\" \/>\n\t<meta property=\"og:image:type\" content=\"image\/png\" \/>\n<meta name=\"twitter:label1\" content=\"Gesch\u00e4tzte Lesezeit\" \/>\n\t<meta name=\"twitter:data1\" content=\"1\u00a0Minute\" \/>\n<script type=\"application\/ld+json\" class=\"yoast-schema-graph\">{\"@context\":\"https:\/\/schema.org\",\"@graph\":[{\"@type\":\"WebPage\",\"@id\":\"https:\/\/fonsvinum.com\/de\/produkt\/bolgheri-superiore-arnione-campo-alla-sughera-2019\/\",\"url\":\"https:\/\/fonsvinum.com\/de\/produkt\/bolgheri-superiore-arnione-campo-alla-sughera-2019\/\",\"name\":\"Acquista Bolgheri Superiore Arnione Campo alla Sughera 2019\",\"isPartOf\":{\"@id\":\"https:\/\/fonsvinum.com\/en\/#website\"},\"primaryImageOfPage\":{\"@id\":\"https:\/\/fonsvinum.com\/de\/produkt\/bolgheri-superiore-arnione-campo-alla-sughera-2019\/#primaryimage\"},\"image\":{\"@id\":\"https:\/\/fonsvinum.com\/de\/produkt\/bolgheri-superiore-arnione-campo-alla-sughera-2019\/#primaryimage\"},\"thumbnailUrl\":\"https:\/\/fonsvinum.com\/files\/2019\/03\/arnione_bolgheri_superiore_new_label_20211020115848.png\",\"datePublished\":\"2024-02-29T10:47:55+00:00\",\"dateModified\":\"2024-02-29T11:01:09+00:00\",\"description\":\"Acquista su Fons Vinum Bolgheri Superiore Arnione Campo alla Sughera 2019 Assemblaggio toscano spese di spedizione gratis\",\"breadcrumb\":{\"@id\":\"https:\/\/fonsvinum.com\/de\/produkt\/bolgheri-superiore-arnione-campo-alla-sughera-2019\/#breadcrumb\"},\"inLanguage\":\"de\",\"potentialAction\":[{\"@type\":\"ReadAction\",\"target\":[\"https:\/\/fonsvinum.com\/de\/produkt\/bolgheri-superiore-arnione-campo-alla-sughera-2019\/\"]}]},{\"@type\":\"ImageObject\",\"inLanguage\":\"de\",\"@id\":\"https:\/\/fonsvinum.com\/de\/produkt\/bolgheri-superiore-arnione-campo-alla-sughera-2019\/#primaryimage\",\"url\":\"https:\/\/fonsvinum.com\/files\/2019\/03\/arnione_bolgheri_superiore_new_label_20211020115848.png\",\"contentUrl\":\"https:\/\/fonsvinum.com\/files\/2019\/03\/arnione_bolgheri_superiore_new_label_20211020115848.png\",\"width\":600,\"height\":1500},{\"@type\":\"BreadcrumbList\",\"@id\":\"https:\/\/fonsvinum.com\/de\/produkt\/bolgheri-superiore-arnione-campo-alla-sughera-2019\/#breadcrumb\",\"itemListElement\":[{\"@type\":\"ListItem\",\"position\":1,\"name\":\"Startseite\",\"item\":\"https:\/\/fonsvinum.com\/de\/\"},{\"@type\":\"ListItem\",\"position\":2,\"name\":\"Shop\",\"item\":\"https:\/\/fonsvinum.com\/de\/shop\/\"},{\"@type\":\"ListItem\",\"position\":3,\"name\":\"Bolgheri Superiore Arnione Campo alla Sughera 2019\"}]},{\"@type\":\"WebSite\",\"@id\":\"https:\/\/fonsvinum.com\/en\/#website\",\"url\":\"https:\/\/fonsvinum.com\/en\/\",\"name\":\"Fons Vinum\",\"description\":\"Vendita Vino Online\",\"publisher\":{\"@id\":\"https:\/\/fonsvinum.com\/en\/#organization\"},\"potentialAction\":[{\"@type\":\"SearchAction\",\"target\":{\"@type\":\"EntryPoint\",\"urlTemplate\":\"https:\/\/fonsvinum.com\/en\/?s={search_term_string}\"},\"query-input\":{\"@type\":\"PropertyValueSpecification\",\"valueRequired\":true,\"valueName\":\"search_term_string\"}}],\"inLanguage\":\"de\"},{\"@type\":\"Organization\",\"@id\":\"https:\/\/fonsvinum.com\/en\/#organization\",\"name\":\"Fons Vinum\",\"url\":\"https:\/\/fonsvinum.com\/en\/\",\"logo\":{\"@type\":\"ImageObject\",\"inLanguage\":\"de\",\"@id\":\"https:\/\/fonsvinum.com\/en\/#\/schema\/logo\/image\/\",\"url\":\"\",\"contentUrl\":\"\",\"caption\":\"Fons Vinum\"},\"image\":{\"@id\":\"https:\/\/fonsvinum.com\/en\/#\/schema\/logo\/image\/\"}}]}<\/script>\n<!-- \/ Yoast SEO plugin. -->","yoast_head_json":{"title":"Acquista Bolgheri Superiore Arnione Campo alla Sughera 2019","description":"Acquista su Fons Vinum Bolgheri Superiore Arnione Campo alla Sughera 2019 Assemblaggio toscano spese di spedizione gratis","robots":{"index":"index","follow":"follow","max-snippet":"max-snippet:-1","max-image-preview":"max-image-preview:large","max-video-preview":"max-video-preview:-1"},"canonical":"https:\/\/fonsvinum.com\/de\/produkt\/bolgheri-superiore-arnione-campo-alla-sughera-2019\/","og_locale":"de_DE","og_type":"article","og_title":"Acquista Bolgheri Superiore Arnione Campo alla Sughera 2019","og_description":"Acquista su Fons Vinum Bolgheri Superiore Arnione Campo alla Sughera 2019 Assemblaggio toscano spese di spedizione gratis","og_url":"https:\/\/fonsvinum.com\/de\/produkt\/bolgheri-superiore-arnione-campo-alla-sughera-2019\/","og_site_name":"Fons Vinum","article_modified_time":"2024-02-29T11:01:09+00:00","og_image":[{"width":600,"height":1500,"url":"https:\/\/fonsvinum.com\/files\/2019\/03\/arnione_bolgheri_superiore_new_label_20211020115848.png","type":"image\/png"}],"twitter_misc":{"Gesch\u00e4tzte Lesezeit":"1\u00a0Minute"},"schema":{"@context":"https:\/\/schema.org","@graph":[{"@type":"WebPage","@id":"https:\/\/fonsvinum.com\/de\/produkt\/bolgheri-superiore-arnione-campo-alla-sughera-2019\/","url":"https:\/\/fonsvinum.com\/de\/produkt\/bolgheri-superiore-arnione-campo-alla-sughera-2019\/","name":"Acquista Bolgheri Superiore Arnione Campo alla Sughera 2019","isPartOf":{"@id":"https:\/\/fonsvinum.com\/en\/#website"},"primaryImageOfPage":{"@id":"https:\/\/fonsvinum.com\/de\/produkt\/bolgheri-superiore-arnione-campo-alla-sughera-2019\/#primaryimage"},"image":{"@id":"https:\/\/fonsvinum.com\/de\/produkt\/bolgheri-superiore-arnione-campo-alla-sughera-2019\/#primaryimage"},"thumbnailUrl":"https:\/\/fonsvinum.com\/files\/2019\/03\/arnione_bolgheri_superiore_new_label_20211020115848.png","datePublished":"2024-02-29T10:47:55+00:00","dateModified":"2024-02-29T11:01:09+00:00","description":"Acquista su Fons Vinum Bolgheri Superiore Arnione Campo alla Sughera 2019 Assemblaggio toscano spese di spedizione gratis","breadcrumb":{"@id":"https:\/\/fonsvinum.com\/de\/produkt\/bolgheri-superiore-arnione-campo-alla-sughera-2019\/#breadcrumb"},"inLanguage":"de","potentialAction":[{"@type":"ReadAction","target":["https:\/\/fonsvinum.com\/de\/produkt\/bolgheri-superiore-arnione-campo-alla-sughera-2019\/"]}]},{"@type":"ImageObject","inLanguage":"de","@id":"https:\/\/fonsvinum.com\/de\/produkt\/bolgheri-superiore-arnione-campo-alla-sughera-2019\/#primaryimage","url":"https:\/\/fonsvinum.com\/files\/2019\/03\/arnione_bolgheri_superiore_new_label_20211020115848.png","contentUrl":"https:\/\/fonsvinum.com\/files\/2019\/03\/arnione_bolgheri_superiore_new_label_20211020115848.png","width":600,"height":1500},{"@type":"BreadcrumbList","@id":"https:\/\/fonsvinum.com\/de\/produkt\/bolgheri-superiore-arnione-campo-alla-sughera-2019\/#breadcrumb","itemListElement":[{"@type":"ListItem","position":1,"name":"Startseite","item":"https:\/\/fonsvinum.com\/de\/"},{"@type":"ListItem","position":2,"name":"Shop","item":"https:\/\/fonsvinum.com\/de\/shop\/"},{"@type":"ListItem","position":3,"name":"Bolgheri Superiore Arnione Campo alla Sughera 2019"}]},{"@type":"WebSite","@id":"https:\/\/fonsvinum.com\/en\/#website","url":"https:\/\/fonsvinum.com\/en\/","name":"Fons Vinum","description":"Vendita Vino Online","publisher":{"@id":"https:\/\/fonsvinum.com\/en\/#organization"},"potentialAction":[{"@type":"SearchAction","target":{"@type":"EntryPoint","urlTemplate":"https:\/\/fonsvinum.com\/en\/?s={search_term_string}"},"query-input":{"@type":"PropertyValueSpecification","valueRequired":true,"valueName":"search_term_string"}}],"inLanguage":"de"},{"@type":"Organization","@id":"https:\/\/fonsvinum.com\/en\/#organization","name":"Fons Vinum","url":"https:\/\/fonsvinum.com\/en\/","logo":{"@type":"ImageObject","inLanguage":"de","@id":"https:\/\/fonsvinum.com\/en\/#\/schema\/logo\/image\/","url":"","contentUrl":"","caption":"Fons Vinum"},"image":{"@id":"https:\/\/fonsvinum.com\/en\/#\/schema\/logo\/image\/"}}]}},"acf":[],"_links":{"self":[{"href":"https:\/\/fonsvinum.com\/de\/wp-json\/wp\/v2\/product\/43410","targetHints":{"allow":["GET"]}}],"collection":[{"href":"https:\/\/fonsvinum.com\/de\/wp-json\/wp\/v2\/product"}],"about":[{"href":"https:\/\/fonsvinum.com\/de\/wp-json\/wp\/v2\/types\/product"}],"replies":[{"embeddable":true,"href":"https:\/\/fonsvinum.com\/de\/wp-json\/wp\/v2\/comments?post=43410"}],"wp:featuredmedia":[{"embeddable":true,"href":"https:\/\/fonsvinum.com\/de\/wp-json\/wp\/v2\/media\/37788"}],"wp:attachment":[{"href":"https:\/\/fonsvinum.com\/de\/wp-json\/wp\/v2\/media?parent=43410"}],"wp:term":[{"taxonomy":"product_brand","embeddable":true,"href":"https:\/\/fonsvinum.com\/de\/wp-json\/wp\/v2\/product_brand?post=43410"},{"taxonomy":"product_cat","embeddable":true,"href":"https:\/\/fonsvinum.com\/de\/wp-json\/wp\/v2\/product_cat?post=43410"},{"taxonomy":"product_tag","embeddable":true,"href":"https:\/\/fonsvinum.com\/de\/wp-json\/wp\/v2\/product_tag?post=43410"}],"curies":[{"name":"wp","href":"https:\/\/api.w.org\/{rel}","templated":true}]}}