{"id":43326,"date":"2024-02-28T11:31:40","date_gmt":"2024-02-28T10:31:40","guid":{"rendered":"https:\/\/fonsvinum.com\/?post_type=product&#038;p=43326"},"modified":"2024-02-28T12:09:40","modified_gmt":"2024-02-28T11:09:40","slug":"il-poggione-brunello-di-montalcino-2017","status":"publish","type":"product","link":"https:\/\/fonsvinum.com\/de\/produkt\/il-poggione-brunello-di-montalcino-2017\/","title":{"rendered":"IL POGGIONE Brunello di Montalcino 2017"},"content":{"rendered":"<h1>IL POGGIONE Brunello di Montalcino 2017<\/h1>\n<p>Der Brunello di Montalcino DOCG von Tenuta il Poggione leuchtet im Glas in einem dichten Rubinrot und zeigt in der Nase sehr dichte Fruchtnoten von dunklen Beeren bis zu leicht ged\u00f6rrten Pflaumen, mit einer feinen w\u00fcrzig, rauchigen Note die etwas Tabakduft zeigt.<\/p>\n<p>Am Gaumen gibt er sich sehr elegant, aber trotzdem druckvoll und dicht. Weiterhin verf\u00fcgt er \u00fcber ein perfektes S\u00e4urespiel, das dem Wein eine frische Kirschnote im Abgang\u00a0verleiht.<\/p>\n","protected":false},"excerpt":{"rendered":"<p>IL POGGIONE Brunello di Montalcino 2017 Der Brunello di Montalcino DOCG von Tenuta il Poggione leuchtet im Glas in einem dichten Rubinrot und zeigt in der Nase sehr dichte Fruchtnoten von dunklen Beeren bis zu leicht ged\u00f6rrten Pflaumen, mit einer feinen w\u00fcrzig, rauchigen Note die etwas Tabakduft zeigt. Am Gaumen gibt er sich sehr elegant, [&hellip;]<\/p>\n","protected":false},"featured_media":6224,"comment_status":"open","ping_status":"closed","template":"","meta":{"_acf_changed":false,"_monsterinsights_skip_tracking":false,"_monsterinsights_sitenote_active":false,"_monsterinsights_sitenote_note":"","_monsterinsights_sitenote_category":0},"product_brand":[],"product_cat":[1772],"product_tag":[15911,1745,3583],"class_list":{"0":"post-43326","1":"product","2":"type-product","3":"status-publish","4":"has-post-thumbnail","6":"product_cat-sangiovese-de","7":"product_tag-brunello-de-2","8":"product_tag-super-tuscan-de","9":"product_tag-vini-toscani-de","10":"pa_appellation-brunello-di-montalcino-docg-de","11":"pa_formato-0-75-l-flasche-de","12":"pa_producer-il-poggione-de","13":"pa_region-toskana-de","14":"pa_vine-sangiovese-2-de","15":"pa_vintage-2017-de","17":"first","18":"instock","19":"taxable","20":"shipping-taxable","21":"purchasable","22":"product-type-simple"},"bundled_by":[],"bundle_stock_status":"instock","bundle_stock_quantity":6,"bundle_virtual":false,"bundle_layout":"","bundle_add_to_cart_form_location":"","bundle_editable_in_cart":false,"bundle_sold_individually_context":"","bundle_item_grouping":"","bundle_min_size":"","bundle_max_size":"","bundle_price":[],"bundled_items":[],"bundle_sell_ids":[],"yoast_head":"<!-- This site is optimized with the Yoast SEO plugin v27.3 - https:\/\/yoast.com\/product\/yoast-seo-wordpress\/ -->\n<title>IL POGGIONE Brunello di Montalcino 2017 fonsvinum<\/title>\n<meta name=\"description\" content=\"IL POGGIONE Brunello di Montalcino 2017 Der Brunello di Montalcino DOCG von Tenuta il Poggione leuchtet im Glas in einem dichten Rubinrot\" \/>\n<meta name=\"robots\" content=\"index, follow, max-snippet:-1, max-image-preview:large, max-video-preview:-1\" \/>\n<link rel=\"canonical\" href=\"https:\/\/fonsvinum.com\/de\/produkt\/il-poggione-brunello-di-montalcino-2017\/\" \/>\n<meta property=\"og:locale\" content=\"de_DE\" \/>\n<meta property=\"og:type\" content=\"article\" \/>\n<meta property=\"og:title\" content=\"IL POGGIONE Brunello di Montalcino 2017 fonsvinum\" \/>\n<meta property=\"og:description\" content=\"IL POGGIONE Brunello di Montalcino 2017 Der Brunello di Montalcino DOCG von Tenuta il Poggione leuchtet im Glas in einem dichten Rubinrot\" \/>\n<meta property=\"og:url\" content=\"https:\/\/fonsvinum.com\/de\/produkt\/il-poggione-brunello-di-montalcino-2017\/\" \/>\n<meta property=\"og:site_name\" content=\"Fons Vinum\" \/>\n<meta property=\"article:modified_time\" content=\"2024-02-28T11:09:40+00:00\" \/>\n<meta property=\"og:image\" content=\"https:\/\/fonsvinum.com\/files\/2015\/11\/brunello-di-montalcino-il-poggione.png\" \/>\n\t<meta property=\"og:image:width\" content=\"200\" \/>\n\t<meta property=\"og:image:height\" content=\"600\" \/>\n\t<meta property=\"og:image:type\" content=\"image\/png\" \/>\n<meta name=\"twitter:label1\" content=\"Gesch\u00e4tzte Lesezeit\" \/>\n\t<meta name=\"twitter:data1\" content=\"1\u00a0Minute\" \/>\n<script type=\"application\/ld+json\" class=\"yoast-schema-graph\">{\"@context\":\"https:\\\/\\\/schema.org\",\"@graph\":[{\"@type\":\"WebPage\",\"@id\":\"https:\\\/\\\/fonsvinum.com\\\/de\\\/produkt\\\/il-poggione-brunello-di-montalcino-2017\\\/\",\"url\":\"https:\\\/\\\/fonsvinum.com\\\/de\\\/produkt\\\/il-poggione-brunello-di-montalcino-2017\\\/\",\"name\":\"IL POGGIONE Brunello di Montalcino 2017 fonsvinum\",\"isPartOf\":{\"@id\":\"https:\\\/\\\/fonsvinum.com\\\/en\\\/#website\"},\"primaryImageOfPage\":{\"@id\":\"https:\\\/\\\/fonsvinum.com\\\/de\\\/produkt\\\/il-poggione-brunello-di-montalcino-2017\\\/#primaryimage\"},\"image\":{\"@id\":\"https:\\\/\\\/fonsvinum.com\\\/de\\\/produkt\\\/il-poggione-brunello-di-montalcino-2017\\\/#primaryimage\"},\"thumbnailUrl\":\"https:\\\/\\\/fonsvinum.com\\\/files\\\/2015\\\/11\\\/brunello-di-montalcino-il-poggione.png\",\"datePublished\":\"2024-02-28T10:31:40+00:00\",\"dateModified\":\"2024-02-28T11:09:40+00:00\",\"description\":\"IL POGGIONE Brunello di Montalcino 2017 Der Brunello di Montalcino DOCG von Tenuta il Poggione leuchtet im Glas in einem dichten Rubinrot\",\"breadcrumb\":{\"@id\":\"https:\\\/\\\/fonsvinum.com\\\/de\\\/produkt\\\/il-poggione-brunello-di-montalcino-2017\\\/#breadcrumb\"},\"inLanguage\":\"de\",\"potentialAction\":[{\"@type\":\"ReadAction\",\"target\":[\"https:\\\/\\\/fonsvinum.com\\\/de\\\/produkt\\\/il-poggione-brunello-di-montalcino-2017\\\/\"]}]},{\"@type\":\"ImageObject\",\"inLanguage\":\"de\",\"@id\":\"https:\\\/\\\/fonsvinum.com\\\/de\\\/produkt\\\/il-poggione-brunello-di-montalcino-2017\\\/#primaryimage\",\"url\":\"https:\\\/\\\/fonsvinum.com\\\/files\\\/2015\\\/11\\\/brunello-di-montalcino-il-poggione.png\",\"contentUrl\":\"https:\\\/\\\/fonsvinum.com\\\/files\\\/2015\\\/11\\\/brunello-di-montalcino-il-poggione.png\",\"width\":200,\"height\":600},{\"@type\":\"BreadcrumbList\",\"@id\":\"https:\\\/\\\/fonsvinum.com\\\/de\\\/produkt\\\/il-poggione-brunello-di-montalcino-2017\\\/#breadcrumb\",\"itemListElement\":[{\"@type\":\"ListItem\",\"position\":1,\"name\":\"Startseite\",\"item\":\"https:\\\/\\\/fonsvinum.com\\\/de\\\/\"},{\"@type\":\"ListItem\",\"position\":2,\"name\":\"Shop\",\"item\":\"https:\\\/\\\/fonsvinum.com\\\/de\\\/shop\\\/\"},{\"@type\":\"ListItem\",\"position\":3,\"name\":\"IL POGGIONE Brunello di Montalcino 2017\"}]},{\"@type\":\"WebSite\",\"@id\":\"https:\\\/\\\/fonsvinum.com\\\/en\\\/#website\",\"url\":\"https:\\\/\\\/fonsvinum.com\\\/en\\\/\",\"name\":\"Fons Vinum\",\"description\":\"Vendita Vino Online\",\"publisher\":{\"@id\":\"https:\\\/\\\/fonsvinum.com\\\/en\\\/#organization\"},\"potentialAction\":[{\"@type\":\"SearchAction\",\"target\":{\"@type\":\"EntryPoint\",\"urlTemplate\":\"https:\\\/\\\/fonsvinum.com\\\/en\\\/?s={search_term_string}\"},\"query-input\":{\"@type\":\"PropertyValueSpecification\",\"valueRequired\":true,\"valueName\":\"search_term_string\"}}],\"inLanguage\":\"de\"},{\"@type\":\"Organization\",\"@id\":\"https:\\\/\\\/fonsvinum.com\\\/en\\\/#organization\",\"name\":\"Fons Vinum\",\"url\":\"https:\\\/\\\/fonsvinum.com\\\/en\\\/\",\"logo\":{\"@type\":\"ImageObject\",\"inLanguage\":\"de\",\"@id\":\"https:\\\/\\\/fonsvinum.com\\\/en\\\/#\\\/schema\\\/logo\\\/image\\\/\",\"url\":\"\",\"contentUrl\":\"\",\"caption\":\"Fons Vinum\"},\"image\":{\"@id\":\"https:\\\/\\\/fonsvinum.com\\\/en\\\/#\\\/schema\\\/logo\\\/image\\\/\"}}]}<\/script>\n<!-- \/ Yoast SEO plugin. -->","yoast_head_json":{"title":"IL POGGIONE Brunello di Montalcino 2017 fonsvinum","description":"IL POGGIONE Brunello di Montalcino 2017 Der Brunello di Montalcino DOCG von Tenuta il Poggione leuchtet im Glas in einem dichten Rubinrot","robots":{"index":"index","follow":"follow","max-snippet":"max-snippet:-1","max-image-preview":"max-image-preview:large","max-video-preview":"max-video-preview:-1"},"canonical":"https:\/\/fonsvinum.com\/de\/produkt\/il-poggione-brunello-di-montalcino-2017\/","og_locale":"de_DE","og_type":"article","og_title":"IL POGGIONE Brunello di Montalcino 2017 fonsvinum","og_description":"IL POGGIONE Brunello di Montalcino 2017 Der Brunello di Montalcino DOCG von Tenuta il Poggione leuchtet im Glas in einem dichten Rubinrot","og_url":"https:\/\/fonsvinum.com\/de\/produkt\/il-poggione-brunello-di-montalcino-2017\/","og_site_name":"Fons Vinum","article_modified_time":"2024-02-28T11:09:40+00:00","og_image":[{"width":200,"height":600,"url":"https:\/\/fonsvinum.com\/files\/2015\/11\/brunello-di-montalcino-il-poggione.png","type":"image\/png"}],"twitter_misc":{"Gesch\u00e4tzte Lesezeit":"1\u00a0Minute"},"schema":{"@context":"https:\/\/schema.org","@graph":[{"@type":"WebPage","@id":"https:\/\/fonsvinum.com\/de\/produkt\/il-poggione-brunello-di-montalcino-2017\/","url":"https:\/\/fonsvinum.com\/de\/produkt\/il-poggione-brunello-di-montalcino-2017\/","name":"IL POGGIONE Brunello di Montalcino 2017 fonsvinum","isPartOf":{"@id":"https:\/\/fonsvinum.com\/en\/#website"},"primaryImageOfPage":{"@id":"https:\/\/fonsvinum.com\/de\/produkt\/il-poggione-brunello-di-montalcino-2017\/#primaryimage"},"image":{"@id":"https:\/\/fonsvinum.com\/de\/produkt\/il-poggione-brunello-di-montalcino-2017\/#primaryimage"},"thumbnailUrl":"https:\/\/fonsvinum.com\/files\/2015\/11\/brunello-di-montalcino-il-poggione.png","datePublished":"2024-02-28T10:31:40+00:00","dateModified":"2024-02-28T11:09:40+00:00","description":"IL POGGIONE Brunello di Montalcino 2017 Der Brunello di Montalcino DOCG von Tenuta il Poggione leuchtet im Glas in einem dichten Rubinrot","breadcrumb":{"@id":"https:\/\/fonsvinum.com\/de\/produkt\/il-poggione-brunello-di-montalcino-2017\/#breadcrumb"},"inLanguage":"de","potentialAction":[{"@type":"ReadAction","target":["https:\/\/fonsvinum.com\/de\/produkt\/il-poggione-brunello-di-montalcino-2017\/"]}]},{"@type":"ImageObject","inLanguage":"de","@id":"https:\/\/fonsvinum.com\/de\/produkt\/il-poggione-brunello-di-montalcino-2017\/#primaryimage","url":"https:\/\/fonsvinum.com\/files\/2015\/11\/brunello-di-montalcino-il-poggione.png","contentUrl":"https:\/\/fonsvinum.com\/files\/2015\/11\/brunello-di-montalcino-il-poggione.png","width":200,"height":600},{"@type":"BreadcrumbList","@id":"https:\/\/fonsvinum.com\/de\/produkt\/il-poggione-brunello-di-montalcino-2017\/#breadcrumb","itemListElement":[{"@type":"ListItem","position":1,"name":"Startseite","item":"https:\/\/fonsvinum.com\/de\/"},{"@type":"ListItem","position":2,"name":"Shop","item":"https:\/\/fonsvinum.com\/de\/shop\/"},{"@type":"ListItem","position":3,"name":"IL POGGIONE Brunello di Montalcino 2017"}]},{"@type":"WebSite","@id":"https:\/\/fonsvinum.com\/en\/#website","url":"https:\/\/fonsvinum.com\/en\/","name":"Fons Vinum","description":"Vendita Vino Online","publisher":{"@id":"https:\/\/fonsvinum.com\/en\/#organization"},"potentialAction":[{"@type":"SearchAction","target":{"@type":"EntryPoint","urlTemplate":"https:\/\/fonsvinum.com\/en\/?s={search_term_string}"},"query-input":{"@type":"PropertyValueSpecification","valueRequired":true,"valueName":"search_term_string"}}],"inLanguage":"de"},{"@type":"Organization","@id":"https:\/\/fonsvinum.com\/en\/#organization","name":"Fons Vinum","url":"https:\/\/fonsvinum.com\/en\/","logo":{"@type":"ImageObject","inLanguage":"de","@id":"https:\/\/fonsvinum.com\/en\/#\/schema\/logo\/image\/","url":"","contentUrl":"","caption":"Fons Vinum"},"image":{"@id":"https:\/\/fonsvinum.com\/en\/#\/schema\/logo\/image\/"}}]}},"acf":[],"_links":{"self":[{"href":"https:\/\/fonsvinum.com\/de\/wp-json\/wp\/v2\/product\/43326","targetHints":{"allow":["GET"]}}],"collection":[{"href":"https:\/\/fonsvinum.com\/de\/wp-json\/wp\/v2\/product"}],"about":[{"href":"https:\/\/fonsvinum.com\/de\/wp-json\/wp\/v2\/types\/product"}],"replies":[{"embeddable":true,"href":"https:\/\/fonsvinum.com\/de\/wp-json\/wp\/v2\/comments?post=43326"}],"wp:featuredmedia":[{"embeddable":true,"href":"https:\/\/fonsvinum.com\/de\/wp-json\/wp\/v2\/media\/6224"}],"wp:attachment":[{"href":"https:\/\/fonsvinum.com\/de\/wp-json\/wp\/v2\/media?parent=43326"}],"wp:term":[{"taxonomy":"product_brand","embeddable":true,"href":"https:\/\/fonsvinum.com\/de\/wp-json\/wp\/v2\/product_brand?post=43326"},{"taxonomy":"product_cat","embeddable":true,"href":"https:\/\/fonsvinum.com\/de\/wp-json\/wp\/v2\/product_cat?post=43326"},{"taxonomy":"product_tag","embeddable":true,"href":"https:\/\/fonsvinum.com\/de\/wp-json\/wp\/v2\/product_tag?post=43326"}],"curies":[{"name":"wp","href":"https:\/\/api.w.org\/{rel}","templated":true}]}}