{"id":43276,"date":"2024-02-27T15:40:41","date_gmt":"2024-02-27T14:40:41","guid":{"rendered":"https:\/\/fonsvinum.com\/?post_type=product&#038;p=43276"},"modified":"2024-02-27T15:48:48","modified_gmt":"2024-02-27T14:48:48","slug":"barolo-riserva-bricco-boschis-vigna-san-giuseppe-2017","status":"publish","type":"product","link":"https:\/\/fonsvinum.com\/de\/produkt\/barolo-riserva-bricco-boschis-vigna-san-giuseppe-2017\/","title":{"rendered":"BAROLO RISERVA BRICCO BOSCHIS VIGNA SAN GIUSEPPE 2017"},"content":{"rendered":"<h1><a href=\"https:\/\/www.cavallotto.com\/de\/\">BAROLO RISERVA BRICCO BOSCHIS VIGNA SAN GIUSEPPE 2017<\/a><\/h1>\n<h4>DIE GESCHICHTE<\/h4>\n<p>Eine Familie, ein Weinkeller, eine einmalige Lage: die Bricco Boschis und das Weingut Cavallotto. Eine Winzerfamilie seit Generationen. Ein geschichtstr\u00e4chtiger Ort an dem die Trauben in einem ausgezeichneten Mikroklima ideale Voraussetzungen zum Wachstum antreffen und die geologischen Strukturen den idealen Mix aus Kalkmergel und Sand aufweisen.<\/p>\n<p>Im Jahr 1989 \u00fcbernahm die Familie 60% der historischen Lage Vignolo Cru (angrenzend an die Bricco Boschis) und sie waren die Ersten, die diesen Cru als Cavallotto Barolo Riserva Vignolo abgef\u00fcllt haben. Seit 1995 laufen die Rebfl\u00e4chen des Colle Sudovest und Punta Marcello unter der Bezeichung \u201cnormaler\u201d Barolomit dem Namen des Weinbaugebiets Bricco Boschis.<\/p>\n<p>Ende der 1980er Jahre f\u00fchrten die Cavallottos mit Alfio, Giuseppe und Laura, den Kindern von Olivio, die schrittweisen Erweiterungsarbeiten fort.\u00a0Die R\u00e4umlichkeiten des Kellers wurden ausgeweitet: Im Inneren des H\u00fcgels Bricco Boschis wurde der Reifungsbereich f\u00fcr die edlen Weine eingerichtet, er grenzt an den Raum f\u00fcr die Abf\u00fcllung und den Raum f\u00fcr den Ausbau, der 1994 entstand und 2008 erweitert wurde.<\/p>\n<h2>BAROLO RIS. BRICCO BOSCHIS VIGNA SAN GIUSEPPE<\/h2>\n<p><strong>Vinifikation:<\/strong> mit nat\u00fcrlichen G\u00e4rstoffen, Mazeration bei teilweise eingeauchtem Tresterhut in 20-35 Tagen.<\/p>\n<p><strong>Alterung:<\/strong> Traditionell im slawonischen Eichenfass f\u00fcr 4-5 Jahre.<\/p>\n<p><strong>Flaschenalterung:<\/strong> 12 Monate bevor sie in den Verkauf gelangen.<\/p>\n<p><strong>Organoleptische Eigenschaften:<\/strong> Grosse Struktur mit Eleganz und Komplexit\u00e4t. Prim\u00e4ren Duftstoffe sind fruchtig, gefolgt von floralen Aspekten und Gew\u00fcrzen \u2013 sehr offen und intensiv. Eignet sich f\u00fcr die Reifung.<\/p>\n<p><strong>Speisenempfehlungen:<\/strong>\u00a0Passt zu Vorspeisen wie Schinken, Salami, Alba Rindertatar und Vitello Tonato. rotes Fleisch im Allgemeinen, Fisch und gegrilltes weisses Fleisch, Hartk\u00e4se oder gereifter K\u00e4se, Schokolade. Kann einfach als \u201eVino da Meditazione\u201c (ein Wein zum meditieren) genossen werden.<\/p>\n","protected":false},"excerpt":{"rendered":"<p>BAROLO RISERVA BRICCO BOSCHIS VIGNA SAN GIUSEPPE 2017 DIE GESCHICHTE Eine Familie, ein Weinkeller, eine einmalige Lage: die Bricco Boschis und das Weingut Cavallotto. Eine Winzerfamilie seit Generationen. Ein geschichtstr\u00e4chtiger Ort an dem die Trauben in einem ausgezeichneten Mikroklima ideale Voraussetzungen zum Wachstum antreffen und die geologischen Strukturen den idealen Mix aus Kalkmergel und Sand [&hellip;]<\/p>\n","protected":false},"featured_media":19609,"comment_status":"open","ping_status":"closed","template":"","meta":{"_acf_changed":false,"_monsterinsights_skip_tracking":false,"_monsterinsights_sitenote_active":false,"_monsterinsights_sitenote_note":"","_monsterinsights_sitenote_category":0},"product_brand":[],"product_cat":[1824],"product_tag":[15903],"class_list":{"0":"post-43276","1":"product","2":"type-product","3":"status-publish","4":"has-post-thumbnail","6":"product_cat-barolo-de","7":"product_tag-barolo-de","8":"pa_appellation-barolo-riserva-docg-de","9":"pa_formato-0-75-l-flasche-de","10":"pa_producer-tenuta-cavallotto-de","11":"pa_region-piemont-de","12":"pa_vine-100-nebbiolo-de","13":"pa_vintage-2017-de","15":"first","16":"instock","17":"taxable","18":"shipping-taxable","19":"purchasable","20":"product-type-simple"},"bundled_by":[],"bundle_stock_status":"instock","bundle_stock_quantity":12,"bundle_virtual":false,"bundle_layout":"","bundle_add_to_cart_form_location":"","bundle_editable_in_cart":false,"bundle_sold_individually_context":"","bundle_item_grouping":"","bundle_min_size":"","bundle_max_size":"","bundle_price":[],"bundled_items":[],"bundle_sell_ids":[],"yoast_head":"<!-- This site is optimized with the Yoast SEO plugin v27.2 - https:\/\/yoast.com\/product\/yoast-seo-wordpress\/ -->\n<title>BAROLO RISERVA BRICCO BOSCHIS VIGNA SAN GIUSEPPE 2017<\/title>\n<meta name=\"description\" content=\"BAROLO RISERVA BRICCO BOSCHIS VIGNA SAN GIUSEPPE 2017 -Fons Vinum- Grosse Struktur mit Eleganz und Komplexit\u00e4t.\" \/>\n<meta name=\"robots\" content=\"index, follow, max-snippet:-1, max-image-preview:large, max-video-preview:-1\" \/>\n<link rel=\"canonical\" href=\"https:\/\/fonsvinum.com\/de\/produkt\/barolo-riserva-bricco-boschis-vigna-san-giuseppe-2017\/\" \/>\n<meta property=\"og:locale\" content=\"de_DE\" \/>\n<meta property=\"og:type\" content=\"article\" \/>\n<meta property=\"og:title\" content=\"BAROLO RISERVA BRICCO BOSCHIS VIGNA SAN GIUSEPPE 2017\" \/>\n<meta property=\"og:description\" content=\"BAROLO RISERVA BRICCO BOSCHIS VIGNA SAN GIUSEPPE 2017 -Fons Vinum- Grosse Struktur mit Eleganz und Komplexit\u00e4t.\" \/>\n<meta property=\"og:url\" content=\"https:\/\/fonsvinum.com\/de\/produkt\/barolo-riserva-bricco-boschis-vigna-san-giuseppe-2017\/\" \/>\n<meta property=\"og:site_name\" content=\"Fons Vinum\" \/>\n<meta property=\"article:modified_time\" content=\"2024-02-27T14:48:48+00:00\" \/>\n<meta property=\"og:image\" content=\"https:\/\/fonsvinum.com\/files\/2019\/05\/barolo-vigna-san-giuseppe-cavallotto.jpg\" \/>\n\t<meta property=\"og:image:width\" content=\"206\" \/>\n\t<meta property=\"og:image:height\" content=\"677\" \/>\n\t<meta property=\"og:image:type\" content=\"image\/jpeg\" \/>\n<meta name=\"twitter:label1\" content=\"Gesch\u00e4tzte Lesezeit\" \/>\n\t<meta name=\"twitter:data1\" content=\"2\u00a0Minuten\" \/>\n<script type=\"application\/ld+json\" class=\"yoast-schema-graph\">{\"@context\":\"https:\/\/schema.org\",\"@graph\":[{\"@type\":\"WebPage\",\"@id\":\"https:\/\/fonsvinum.com\/de\/produkt\/barolo-riserva-bricco-boschis-vigna-san-giuseppe-2017\/\",\"url\":\"https:\/\/fonsvinum.com\/de\/produkt\/barolo-riserva-bricco-boschis-vigna-san-giuseppe-2017\/\",\"name\":\"BAROLO RISERVA BRICCO BOSCHIS VIGNA SAN GIUSEPPE 2017\",\"isPartOf\":{\"@id\":\"https:\/\/fonsvinum.com\/en\/#website\"},\"primaryImageOfPage\":{\"@id\":\"https:\/\/fonsvinum.com\/de\/produkt\/barolo-riserva-bricco-boschis-vigna-san-giuseppe-2017\/#primaryimage\"},\"image\":{\"@id\":\"https:\/\/fonsvinum.com\/de\/produkt\/barolo-riserva-bricco-boschis-vigna-san-giuseppe-2017\/#primaryimage\"},\"thumbnailUrl\":\"https:\/\/fonsvinum.com\/files\/2019\/05\/barolo-vigna-san-giuseppe-cavallotto.jpg\",\"datePublished\":\"2024-02-27T14:40:41+00:00\",\"dateModified\":\"2024-02-27T14:48:48+00:00\",\"description\":\"BAROLO RISERVA BRICCO BOSCHIS VIGNA SAN GIUSEPPE 2017 -Fons Vinum- Grosse Struktur mit Eleganz und Komplexit\u00e4t.\",\"breadcrumb\":{\"@id\":\"https:\/\/fonsvinum.com\/de\/produkt\/barolo-riserva-bricco-boschis-vigna-san-giuseppe-2017\/#breadcrumb\"},\"inLanguage\":\"de\",\"potentialAction\":[{\"@type\":\"ReadAction\",\"target\":[\"https:\/\/fonsvinum.com\/de\/produkt\/barolo-riserva-bricco-boschis-vigna-san-giuseppe-2017\/\"]}]},{\"@type\":\"ImageObject\",\"inLanguage\":\"de\",\"@id\":\"https:\/\/fonsvinum.com\/de\/produkt\/barolo-riserva-bricco-boschis-vigna-san-giuseppe-2017\/#primaryimage\",\"url\":\"https:\/\/fonsvinum.com\/files\/2019\/05\/barolo-vigna-san-giuseppe-cavallotto.jpg\",\"contentUrl\":\"https:\/\/fonsvinum.com\/files\/2019\/05\/barolo-vigna-san-giuseppe-cavallotto.jpg\",\"width\":206,\"height\":677,\"caption\":\"barolo vigna san giuseppe cavallotto\"},{\"@type\":\"BreadcrumbList\",\"@id\":\"https:\/\/fonsvinum.com\/de\/produkt\/barolo-riserva-bricco-boschis-vigna-san-giuseppe-2017\/#breadcrumb\",\"itemListElement\":[{\"@type\":\"ListItem\",\"position\":1,\"name\":\"Startseite\",\"item\":\"https:\/\/fonsvinum.com\/de\/\"},{\"@type\":\"ListItem\",\"position\":2,\"name\":\"Shop\",\"item\":\"https:\/\/fonsvinum.com\/de\/shop\/\"},{\"@type\":\"ListItem\",\"position\":3,\"name\":\"BAROLO RISERVA BRICCO BOSCHIS VIGNA SAN GIUSEPPE 2017\"}]},{\"@type\":\"WebSite\",\"@id\":\"https:\/\/fonsvinum.com\/en\/#website\",\"url\":\"https:\/\/fonsvinum.com\/en\/\",\"name\":\"Fons Vinum\",\"description\":\"Vendita Vino Online\",\"publisher\":{\"@id\":\"https:\/\/fonsvinum.com\/en\/#organization\"},\"potentialAction\":[{\"@type\":\"SearchAction\",\"target\":{\"@type\":\"EntryPoint\",\"urlTemplate\":\"https:\/\/fonsvinum.com\/en\/?s={search_term_string}\"},\"query-input\":{\"@type\":\"PropertyValueSpecification\",\"valueRequired\":true,\"valueName\":\"search_term_string\"}}],\"inLanguage\":\"de\"},{\"@type\":\"Organization\",\"@id\":\"https:\/\/fonsvinum.com\/en\/#organization\",\"name\":\"Fons Vinum\",\"url\":\"https:\/\/fonsvinum.com\/en\/\",\"logo\":{\"@type\":\"ImageObject\",\"inLanguage\":\"de\",\"@id\":\"https:\/\/fonsvinum.com\/en\/#\/schema\/logo\/image\/\",\"url\":\"\",\"contentUrl\":\"\",\"caption\":\"Fons Vinum\"},\"image\":{\"@id\":\"https:\/\/fonsvinum.com\/en\/#\/schema\/logo\/image\/\"}}]}<\/script>\n<!-- \/ Yoast SEO plugin. -->","yoast_head_json":{"title":"BAROLO RISERVA BRICCO BOSCHIS VIGNA SAN GIUSEPPE 2017","description":"BAROLO RISERVA BRICCO BOSCHIS VIGNA SAN GIUSEPPE 2017 -Fons Vinum- Grosse Struktur mit Eleganz und Komplexit\u00e4t.","robots":{"index":"index","follow":"follow","max-snippet":"max-snippet:-1","max-image-preview":"max-image-preview:large","max-video-preview":"max-video-preview:-1"},"canonical":"https:\/\/fonsvinum.com\/de\/produkt\/barolo-riserva-bricco-boschis-vigna-san-giuseppe-2017\/","og_locale":"de_DE","og_type":"article","og_title":"BAROLO RISERVA BRICCO BOSCHIS VIGNA SAN GIUSEPPE 2017","og_description":"BAROLO RISERVA BRICCO BOSCHIS VIGNA SAN GIUSEPPE 2017 -Fons Vinum- Grosse Struktur mit Eleganz und Komplexit\u00e4t.","og_url":"https:\/\/fonsvinum.com\/de\/produkt\/barolo-riserva-bricco-boschis-vigna-san-giuseppe-2017\/","og_site_name":"Fons Vinum","article_modified_time":"2024-02-27T14:48:48+00:00","og_image":[{"width":206,"height":677,"url":"https:\/\/fonsvinum.com\/files\/2019\/05\/barolo-vigna-san-giuseppe-cavallotto.jpg","type":"image\/jpeg"}],"twitter_misc":{"Gesch\u00e4tzte Lesezeit":"2\u00a0Minuten"},"schema":{"@context":"https:\/\/schema.org","@graph":[{"@type":"WebPage","@id":"https:\/\/fonsvinum.com\/de\/produkt\/barolo-riserva-bricco-boschis-vigna-san-giuseppe-2017\/","url":"https:\/\/fonsvinum.com\/de\/produkt\/barolo-riserva-bricco-boschis-vigna-san-giuseppe-2017\/","name":"BAROLO RISERVA BRICCO BOSCHIS VIGNA SAN GIUSEPPE 2017","isPartOf":{"@id":"https:\/\/fonsvinum.com\/en\/#website"},"primaryImageOfPage":{"@id":"https:\/\/fonsvinum.com\/de\/produkt\/barolo-riserva-bricco-boschis-vigna-san-giuseppe-2017\/#primaryimage"},"image":{"@id":"https:\/\/fonsvinum.com\/de\/produkt\/barolo-riserva-bricco-boschis-vigna-san-giuseppe-2017\/#primaryimage"},"thumbnailUrl":"https:\/\/fonsvinum.com\/files\/2019\/05\/barolo-vigna-san-giuseppe-cavallotto.jpg","datePublished":"2024-02-27T14:40:41+00:00","dateModified":"2024-02-27T14:48:48+00:00","description":"BAROLO RISERVA BRICCO BOSCHIS VIGNA SAN GIUSEPPE 2017 -Fons Vinum- Grosse Struktur mit Eleganz und Komplexit\u00e4t.","breadcrumb":{"@id":"https:\/\/fonsvinum.com\/de\/produkt\/barolo-riserva-bricco-boschis-vigna-san-giuseppe-2017\/#breadcrumb"},"inLanguage":"de","potentialAction":[{"@type":"ReadAction","target":["https:\/\/fonsvinum.com\/de\/produkt\/barolo-riserva-bricco-boschis-vigna-san-giuseppe-2017\/"]}]},{"@type":"ImageObject","inLanguage":"de","@id":"https:\/\/fonsvinum.com\/de\/produkt\/barolo-riserva-bricco-boschis-vigna-san-giuseppe-2017\/#primaryimage","url":"https:\/\/fonsvinum.com\/files\/2019\/05\/barolo-vigna-san-giuseppe-cavallotto.jpg","contentUrl":"https:\/\/fonsvinum.com\/files\/2019\/05\/barolo-vigna-san-giuseppe-cavallotto.jpg","width":206,"height":677,"caption":"barolo vigna san giuseppe cavallotto"},{"@type":"BreadcrumbList","@id":"https:\/\/fonsvinum.com\/de\/produkt\/barolo-riserva-bricco-boschis-vigna-san-giuseppe-2017\/#breadcrumb","itemListElement":[{"@type":"ListItem","position":1,"name":"Startseite","item":"https:\/\/fonsvinum.com\/de\/"},{"@type":"ListItem","position":2,"name":"Shop","item":"https:\/\/fonsvinum.com\/de\/shop\/"},{"@type":"ListItem","position":3,"name":"BAROLO RISERVA BRICCO BOSCHIS VIGNA SAN GIUSEPPE 2017"}]},{"@type":"WebSite","@id":"https:\/\/fonsvinum.com\/en\/#website","url":"https:\/\/fonsvinum.com\/en\/","name":"Fons Vinum","description":"Vendita Vino Online","publisher":{"@id":"https:\/\/fonsvinum.com\/en\/#organization"},"potentialAction":[{"@type":"SearchAction","target":{"@type":"EntryPoint","urlTemplate":"https:\/\/fonsvinum.com\/en\/?s={search_term_string}"},"query-input":{"@type":"PropertyValueSpecification","valueRequired":true,"valueName":"search_term_string"}}],"inLanguage":"de"},{"@type":"Organization","@id":"https:\/\/fonsvinum.com\/en\/#organization","name":"Fons Vinum","url":"https:\/\/fonsvinum.com\/en\/","logo":{"@type":"ImageObject","inLanguage":"de","@id":"https:\/\/fonsvinum.com\/en\/#\/schema\/logo\/image\/","url":"","contentUrl":"","caption":"Fons Vinum"},"image":{"@id":"https:\/\/fonsvinum.com\/en\/#\/schema\/logo\/image\/"}}]}},"acf":[],"_links":{"self":[{"href":"https:\/\/fonsvinum.com\/de\/wp-json\/wp\/v2\/product\/43276","targetHints":{"allow":["GET"]}}],"collection":[{"href":"https:\/\/fonsvinum.com\/de\/wp-json\/wp\/v2\/product"}],"about":[{"href":"https:\/\/fonsvinum.com\/de\/wp-json\/wp\/v2\/types\/product"}],"replies":[{"embeddable":true,"href":"https:\/\/fonsvinum.com\/de\/wp-json\/wp\/v2\/comments?post=43276"}],"wp:featuredmedia":[{"embeddable":true,"href":"https:\/\/fonsvinum.com\/de\/wp-json\/wp\/v2\/media\/19609"}],"wp:attachment":[{"href":"https:\/\/fonsvinum.com\/de\/wp-json\/wp\/v2\/media?parent=43276"}],"wp:term":[{"taxonomy":"product_brand","embeddable":true,"href":"https:\/\/fonsvinum.com\/de\/wp-json\/wp\/v2\/product_brand?post=43276"},{"taxonomy":"product_cat","embeddable":true,"href":"https:\/\/fonsvinum.com\/de\/wp-json\/wp\/v2\/product_cat?post=43276"},{"taxonomy":"product_tag","embeddable":true,"href":"https:\/\/fonsvinum.com\/de\/wp-json\/wp\/v2\/product_tag?post=43276"}],"curies":[{"name":"wp","href":"https:\/\/api.w.org\/{rel}","templated":true}]}}