{"id":43216,"date":"2024-02-26T17:01:19","date_gmt":"2024-02-26T16:01:19","guid":{"rendered":"https:\/\/fonsvinum.com\/?post_type=product&#038;p=43216"},"modified":"2024-02-26T17:05:16","modified_gmt":"2024-02-26T16:05:16","slug":"paolo-scavino-monvigliero-barolo-2018","status":"publish","type":"product","link":"https:\/\/fonsvinum.com\/de\/produkt\/paolo-scavino-monvigliero-barolo-2018\/","title":{"rendered":"Paolo Scavino Monvigliero Barolo 2018"},"content":{"rendered":"<h1><a title=\"Barolo\" href=\"https:\/\/fonsvinum.com\/categoria-prodotto\/vini-rossi\/barolo\/\">Barolo\u00a0 <\/a>Monvigliero Paolo Scavino 2018<\/h1>\n<h3><a title=\"Barolo\" href=\"https:\/\/fonsvinum.com\/categoria-prodotto\/vini-rossi\/barolo\/\">Barolo <\/a>Paolo Scavino 2018<\/h3>\n<h3><\/h3>\n<p>Wilde Beeren und aromatische Kr\u00e4uter l\u00e4sst das tolle Bouquet dieses 24 Monate im Fass gereiften Weines erkennen.<\/p>\n<p>Mit seinem sanften Tanin und dem nachhaltigen Finale genie\u00dft man ihn hervorragend zu Wildgerichten oder reifem K\u00e4se.<\/p>\n<p>Ein Megawein, der f\u00fcr die n\u00e4chsten Dekaden einer der Referenzpunkte f\u00fcr gro\u00dfe Baroli sein wird.<\/p>\n","protected":false},"excerpt":{"rendered":"<p>Barolo\u00a0 Monvigliero Paolo Scavino 2018 Barolo Paolo Scavino 2018 Wilde Beeren und aromatische Kr\u00e4uter l\u00e4sst das tolle Bouquet dieses 24 Monate im Fass gereiften Weines erkennen. Mit seinem sanften Tanin und dem nachhaltigen Finale genie\u00dft man ihn hervorragend zu Wildgerichten oder reifem K\u00e4se. Ein Megawein, der f\u00fcr die n\u00e4chsten Dekaden einer der Referenzpunkte f\u00fcr gro\u00dfe [&hellip;]<\/p>\n","protected":false},"featured_media":43206,"comment_status":"open","ping_status":"closed","template":"","meta":{"_acf_changed":false,"_monsterinsights_skip_tracking":false,"_monsterinsights_sitenote_active":false,"_monsterinsights_sitenote_note":"","_monsterinsights_sitenote_category":0},"product_brand":[],"product_cat":[1824],"product_tag":[1733,1751,15903],"class_list":{"0":"post-43216","1":"product","2":"type-product","3":"status-publish","4":"has-post-thumbnail","6":"product_cat-barolo-de","7":"product_tag-aussergewoehnliche-weine-de","8":"product_tag-aussergewoehnliche-weine-aus-italien-de","9":"product_tag-barolo-de","10":"pa_appellation-barolo-docg-de","11":"pa_formato-0-75-l-flasche-de","12":"pa_producer-paolo-scavino-de","13":"pa_region-piemont-de","14":"pa_vine-100-nebbiolo-de","15":"pa_vintage-2018-de","17":"first","18":"instock","19":"taxable","20":"shipping-taxable","21":"purchasable","22":"product-type-simple"},"bundled_by":[],"bundle_stock_status":"instock","bundle_stock_quantity":3,"bundle_virtual":false,"bundle_layout":"","bundle_add_to_cart_form_location":"","bundle_editable_in_cart":false,"bundle_sold_individually_context":"","bundle_item_grouping":"","bundle_min_size":"","bundle_max_size":"","bundle_price":[],"bundled_items":[],"bundle_sell_ids":[],"yoast_head":"<!-- This site is optimized with the Yoast SEO plugin v27.3 - https:\/\/yoast.com\/product\/yoast-seo-wordpress\/ -->\n<title>Paolo Scavino Monvigliero Barolo 2018 online Fons Vinum<\/title>\n<meta name=\"description\" content=\"Paolo Scavino Monvigliero Barolo 2018 Ein Megawein, der f\u00fcr die n\u00e4chsten Dekaden einer der Referenzpunkte f\u00fcr gro\u00dfe Baroli sein wird.\" \/>\n<meta name=\"robots\" content=\"index, follow, max-snippet:-1, max-image-preview:large, max-video-preview:-1\" \/>\n<link rel=\"canonical\" href=\"https:\/\/fonsvinum.com\/de\/produkt\/paolo-scavino-monvigliero-barolo-2018\/\" \/>\n<meta property=\"og:locale\" content=\"de_DE\" \/>\n<meta property=\"og:type\" content=\"article\" \/>\n<meta property=\"og:title\" content=\"Paolo Scavino Monvigliero Barolo 2018 online Fons Vinum\" \/>\n<meta property=\"og:description\" content=\"Paolo Scavino Monvigliero Barolo 2018 Ein Megawein, der f\u00fcr die n\u00e4chsten Dekaden einer der Referenzpunkte f\u00fcr gro\u00dfe Baroli sein wird.\" \/>\n<meta property=\"og:url\" content=\"https:\/\/fonsvinum.com\/de\/produkt\/paolo-scavino-monvigliero-barolo-2018\/\" \/>\n<meta property=\"og:site_name\" content=\"Fons Vinum\" \/>\n<meta property=\"article:modified_time\" content=\"2024-02-26T16:05:16+00:00\" \/>\n<meta property=\"og:image\" content=\"https:\/\/fonsvinum.com\/files\/2024\/02\/scavino-barolo-monvigliero.png\" \/>\n\t<meta property=\"og:image:width\" content=\"200\" \/>\n\t<meta property=\"og:image:height\" content=\"600\" \/>\n\t<meta property=\"og:image:type\" content=\"image\/png\" \/>\n<meta name=\"twitter:label1\" content=\"Gesch\u00e4tzte Lesezeit\" \/>\n\t<meta name=\"twitter:data1\" content=\"1\u00a0Minute\" \/>\n<script type=\"application\/ld+json\" class=\"yoast-schema-graph\">{\"@context\":\"https:\\\/\\\/schema.org\",\"@graph\":[{\"@type\":\"WebPage\",\"@id\":\"https:\\\/\\\/fonsvinum.com\\\/de\\\/produkt\\\/paolo-scavino-monvigliero-barolo-2018\\\/\",\"url\":\"https:\\\/\\\/fonsvinum.com\\\/de\\\/produkt\\\/paolo-scavino-monvigliero-barolo-2018\\\/\",\"name\":\"Paolo Scavino Monvigliero Barolo 2018 online Fons Vinum\",\"isPartOf\":{\"@id\":\"https:\\\/\\\/fonsvinum.com\\\/en\\\/#website\"},\"primaryImageOfPage\":{\"@id\":\"https:\\\/\\\/fonsvinum.com\\\/de\\\/produkt\\\/paolo-scavino-monvigliero-barolo-2018\\\/#primaryimage\"},\"image\":{\"@id\":\"https:\\\/\\\/fonsvinum.com\\\/de\\\/produkt\\\/paolo-scavino-monvigliero-barolo-2018\\\/#primaryimage\"},\"thumbnailUrl\":\"https:\\\/\\\/fonsvinum.com\\\/files\\\/2024\\\/02\\\/scavino-barolo-monvigliero.png\",\"datePublished\":\"2024-02-26T16:01:19+00:00\",\"dateModified\":\"2024-02-26T16:05:16+00:00\",\"description\":\"Paolo Scavino Monvigliero Barolo 2018 Ein Megawein, der f\u00fcr die n\u00e4chsten Dekaden einer der Referenzpunkte f\u00fcr gro\u00dfe Baroli sein wird.\",\"breadcrumb\":{\"@id\":\"https:\\\/\\\/fonsvinum.com\\\/de\\\/produkt\\\/paolo-scavino-monvigliero-barolo-2018\\\/#breadcrumb\"},\"inLanguage\":\"de\",\"potentialAction\":[{\"@type\":\"ReadAction\",\"target\":[\"https:\\\/\\\/fonsvinum.com\\\/de\\\/produkt\\\/paolo-scavino-monvigliero-barolo-2018\\\/\"]}]},{\"@type\":\"ImageObject\",\"inLanguage\":\"de\",\"@id\":\"https:\\\/\\\/fonsvinum.com\\\/de\\\/produkt\\\/paolo-scavino-monvigliero-barolo-2018\\\/#primaryimage\",\"url\":\"https:\\\/\\\/fonsvinum.com\\\/files\\\/2024\\\/02\\\/scavino-barolo-monvigliero.png\",\"contentUrl\":\"https:\\\/\\\/fonsvinum.com\\\/files\\\/2024\\\/02\\\/scavino-barolo-monvigliero.png\",\"width\":200,\"height\":600,\"caption\":\"scavino-barolo-monviglier\"},{\"@type\":\"BreadcrumbList\",\"@id\":\"https:\\\/\\\/fonsvinum.com\\\/de\\\/produkt\\\/paolo-scavino-monvigliero-barolo-2018\\\/#breadcrumb\",\"itemListElement\":[{\"@type\":\"ListItem\",\"position\":1,\"name\":\"Startseite\",\"item\":\"https:\\\/\\\/fonsvinum.com\\\/de\\\/\"},{\"@type\":\"ListItem\",\"position\":2,\"name\":\"Shop\",\"item\":\"https:\\\/\\\/fonsvinum.com\\\/de\\\/shop\\\/\"},{\"@type\":\"ListItem\",\"position\":3,\"name\":\"Paolo Scavino Monvigliero Barolo 2018\"}]},{\"@type\":\"WebSite\",\"@id\":\"https:\\\/\\\/fonsvinum.com\\\/en\\\/#website\",\"url\":\"https:\\\/\\\/fonsvinum.com\\\/en\\\/\",\"name\":\"Fons Vinum\",\"description\":\"Vendita Vino Online\",\"publisher\":{\"@id\":\"https:\\\/\\\/fonsvinum.com\\\/en\\\/#organization\"},\"potentialAction\":[{\"@type\":\"SearchAction\",\"target\":{\"@type\":\"EntryPoint\",\"urlTemplate\":\"https:\\\/\\\/fonsvinum.com\\\/en\\\/?s={search_term_string}\"},\"query-input\":{\"@type\":\"PropertyValueSpecification\",\"valueRequired\":true,\"valueName\":\"search_term_string\"}}],\"inLanguage\":\"de\"},{\"@type\":\"Organization\",\"@id\":\"https:\\\/\\\/fonsvinum.com\\\/en\\\/#organization\",\"name\":\"Fons Vinum\",\"url\":\"https:\\\/\\\/fonsvinum.com\\\/en\\\/\",\"logo\":{\"@type\":\"ImageObject\",\"inLanguage\":\"de\",\"@id\":\"https:\\\/\\\/fonsvinum.com\\\/en\\\/#\\\/schema\\\/logo\\\/image\\\/\",\"url\":\"\",\"contentUrl\":\"\",\"caption\":\"Fons Vinum\"},\"image\":{\"@id\":\"https:\\\/\\\/fonsvinum.com\\\/en\\\/#\\\/schema\\\/logo\\\/image\\\/\"}}]}<\/script>\n<!-- \/ Yoast SEO plugin. -->","yoast_head_json":{"title":"Paolo Scavino Monvigliero Barolo 2018 online Fons Vinum","description":"Paolo Scavino Monvigliero Barolo 2018 Ein Megawein, der f\u00fcr die n\u00e4chsten Dekaden einer der Referenzpunkte f\u00fcr gro\u00dfe Baroli sein wird.","robots":{"index":"index","follow":"follow","max-snippet":"max-snippet:-1","max-image-preview":"max-image-preview:large","max-video-preview":"max-video-preview:-1"},"canonical":"https:\/\/fonsvinum.com\/de\/produkt\/paolo-scavino-monvigliero-barolo-2018\/","og_locale":"de_DE","og_type":"article","og_title":"Paolo Scavino Monvigliero Barolo 2018 online Fons Vinum","og_description":"Paolo Scavino Monvigliero Barolo 2018 Ein Megawein, der f\u00fcr die n\u00e4chsten Dekaden einer der Referenzpunkte f\u00fcr gro\u00dfe Baroli sein wird.","og_url":"https:\/\/fonsvinum.com\/de\/produkt\/paolo-scavino-monvigliero-barolo-2018\/","og_site_name":"Fons Vinum","article_modified_time":"2024-02-26T16:05:16+00:00","og_image":[{"width":200,"height":600,"url":"https:\/\/fonsvinum.com\/files\/2024\/02\/scavino-barolo-monvigliero.png","type":"image\/png"}],"twitter_misc":{"Gesch\u00e4tzte Lesezeit":"1\u00a0Minute"},"schema":{"@context":"https:\/\/schema.org","@graph":[{"@type":"WebPage","@id":"https:\/\/fonsvinum.com\/de\/produkt\/paolo-scavino-monvigliero-barolo-2018\/","url":"https:\/\/fonsvinum.com\/de\/produkt\/paolo-scavino-monvigliero-barolo-2018\/","name":"Paolo Scavino Monvigliero Barolo 2018 online Fons Vinum","isPartOf":{"@id":"https:\/\/fonsvinum.com\/en\/#website"},"primaryImageOfPage":{"@id":"https:\/\/fonsvinum.com\/de\/produkt\/paolo-scavino-monvigliero-barolo-2018\/#primaryimage"},"image":{"@id":"https:\/\/fonsvinum.com\/de\/produkt\/paolo-scavino-monvigliero-barolo-2018\/#primaryimage"},"thumbnailUrl":"https:\/\/fonsvinum.com\/files\/2024\/02\/scavino-barolo-monvigliero.png","datePublished":"2024-02-26T16:01:19+00:00","dateModified":"2024-02-26T16:05:16+00:00","description":"Paolo Scavino Monvigliero Barolo 2018 Ein Megawein, der f\u00fcr die n\u00e4chsten Dekaden einer der Referenzpunkte f\u00fcr gro\u00dfe Baroli sein wird.","breadcrumb":{"@id":"https:\/\/fonsvinum.com\/de\/produkt\/paolo-scavino-monvigliero-barolo-2018\/#breadcrumb"},"inLanguage":"de","potentialAction":[{"@type":"ReadAction","target":["https:\/\/fonsvinum.com\/de\/produkt\/paolo-scavino-monvigliero-barolo-2018\/"]}]},{"@type":"ImageObject","inLanguage":"de","@id":"https:\/\/fonsvinum.com\/de\/produkt\/paolo-scavino-monvigliero-barolo-2018\/#primaryimage","url":"https:\/\/fonsvinum.com\/files\/2024\/02\/scavino-barolo-monvigliero.png","contentUrl":"https:\/\/fonsvinum.com\/files\/2024\/02\/scavino-barolo-monvigliero.png","width":200,"height":600,"caption":"scavino-barolo-monviglier"},{"@type":"BreadcrumbList","@id":"https:\/\/fonsvinum.com\/de\/produkt\/paolo-scavino-monvigliero-barolo-2018\/#breadcrumb","itemListElement":[{"@type":"ListItem","position":1,"name":"Startseite","item":"https:\/\/fonsvinum.com\/de\/"},{"@type":"ListItem","position":2,"name":"Shop","item":"https:\/\/fonsvinum.com\/de\/shop\/"},{"@type":"ListItem","position":3,"name":"Paolo Scavino Monvigliero Barolo 2018"}]},{"@type":"WebSite","@id":"https:\/\/fonsvinum.com\/en\/#website","url":"https:\/\/fonsvinum.com\/en\/","name":"Fons Vinum","description":"Vendita Vino Online","publisher":{"@id":"https:\/\/fonsvinum.com\/en\/#organization"},"potentialAction":[{"@type":"SearchAction","target":{"@type":"EntryPoint","urlTemplate":"https:\/\/fonsvinum.com\/en\/?s={search_term_string}"},"query-input":{"@type":"PropertyValueSpecification","valueRequired":true,"valueName":"search_term_string"}}],"inLanguage":"de"},{"@type":"Organization","@id":"https:\/\/fonsvinum.com\/en\/#organization","name":"Fons Vinum","url":"https:\/\/fonsvinum.com\/en\/","logo":{"@type":"ImageObject","inLanguage":"de","@id":"https:\/\/fonsvinum.com\/en\/#\/schema\/logo\/image\/","url":"","contentUrl":"","caption":"Fons Vinum"},"image":{"@id":"https:\/\/fonsvinum.com\/en\/#\/schema\/logo\/image\/"}}]}},"acf":[],"_links":{"self":[{"href":"https:\/\/fonsvinum.com\/de\/wp-json\/wp\/v2\/product\/43216","targetHints":{"allow":["GET"]}}],"collection":[{"href":"https:\/\/fonsvinum.com\/de\/wp-json\/wp\/v2\/product"}],"about":[{"href":"https:\/\/fonsvinum.com\/de\/wp-json\/wp\/v2\/types\/product"}],"replies":[{"embeddable":true,"href":"https:\/\/fonsvinum.com\/de\/wp-json\/wp\/v2\/comments?post=43216"}],"wp:featuredmedia":[{"embeddable":true,"href":"https:\/\/fonsvinum.com\/de\/wp-json\/wp\/v2\/media\/43206"}],"wp:attachment":[{"href":"https:\/\/fonsvinum.com\/de\/wp-json\/wp\/v2\/media?parent=43216"}],"wp:term":[{"taxonomy":"product_brand","embeddable":true,"href":"https:\/\/fonsvinum.com\/de\/wp-json\/wp\/v2\/product_brand?post=43216"},{"taxonomy":"product_cat","embeddable":true,"href":"https:\/\/fonsvinum.com\/de\/wp-json\/wp\/v2\/product_cat?post=43216"},{"taxonomy":"product_tag","embeddable":true,"href":"https:\/\/fonsvinum.com\/de\/wp-json\/wp\/v2\/product_tag?post=43216"}],"curies":[{"name":"wp","href":"https:\/\/api.w.org\/{rel}","templated":true}]}}