{"id":43168,"date":"2024-02-26T10:59:07","date_gmt":"2024-02-26T09:59:07","guid":{"rendered":"https:\/\/fonsvinum.com\/?post_type=product&#038;p=43168"},"modified":"2024-02-26T11:57:37","modified_gmt":"2024-02-26T10:57:37","slug":"antica-casa-vinicola-scarpa-barolo-monvigliero-2018","status":"publish","type":"product","link":"https:\/\/fonsvinum.com\/de\/produkt\/antica-casa-vinicola-scarpa-barolo-monvigliero-2018\/","title":{"rendered":"ANTICA CASA VINICOLA SCARPA Barolo Monvigliero 2018"},"content":{"rendered":"<h1>ANTICA CASA VINICOLA SCARPA Barolo Monvigliero 2018<\/h1>\n<h2>Barolo Monvigliero<\/h2>\n<p>Barolo\u00a0<em>Monvigliero<\/em>\u00a0ist eines der wichtigsten Labels des Weinguts Scarpa, das auf den H\u00fcgeln von Nizza Monferrato (AT) liegt. Dieser Wein stammt aus Weinbergen in der Gemeinde Verduno.<\/p>\n<p>Reine Nebbiolo-Trauben werden mit 24-t\u00e4giger Mazeration auf den Schalen in Allier-Eichenf\u00e4ssern vinifiziert. Der Abstich erfolgt in Stahltanks, die anschlie\u00dfende Verfeinerung dauert 32 Monate und findet in Allier-Eichenf\u00e4ssern statt.<\/p>\n<h2 id=\"tw-target-text\" class=\"tw-data-text tw-text-large tw-ta\" dir=\"ltr\" data-placeholder=\"Traduzione\" data-ved=\"2ahUKEwi39qiL6siEAxVHSPEDHWSMCMcQ3ewLegQIBRAU\"><span class=\"Y2IQFc\" lang=\"de\">Bewertungen<\/span><\/h2>\n<p class=\"paywall_397657\" data-container=\"translate-content\">Klare, geschliffene, zart florale Nase nach roten und ein wenig schwarzen Beeren mit verhaltenen Fasst\u00f6nen, zart nussigen und tabakigen Ankl\u00e4ngen, etwas getrockneten Pilzen und einem Hauch Speck. Feinsaftige, herbe, reife Frucht, pr\u00e4sentes, sehr feines Tannin, rauchige und nussige Ankl\u00e4nge, wieder getrocknete Pilze, ein Hauch Wacholder im Hintergrund, viel salzige Mineralik, eine Spur Leder und Jod, nachhaltig, gewisse Kraft und gute Tiefe, recht eleganter Stil, ein wenig Teer, sehr guter, straffer, herber Abgang.<\/p>\n","protected":false},"excerpt":{"rendered":"<p>ANTICA CASA VINICOLA SCARPA Barolo Monvigliero 2018 Barolo Monvigliero Barolo\u00a0Monvigliero\u00a0ist eines der wichtigsten Labels des Weinguts Scarpa, das auf den H\u00fcgeln von Nizza Monferrato (AT) liegt. Dieser Wein stammt aus Weinbergen in der Gemeinde Verduno. Reine Nebbiolo-Trauben werden mit 24-t\u00e4giger Mazeration auf den Schalen in Allier-Eichenf\u00e4ssern vinifiziert. Der Abstich erfolgt in Stahltanks, die anschlie\u00dfende Verfeinerung [&hellip;]<\/p>\n","protected":false},"featured_media":43176,"comment_status":"open","ping_status":"closed","template":"","meta":{"_acf_changed":false,"_monsterinsights_skip_tracking":false,"_monsterinsights_sitenote_active":false,"_monsterinsights_sitenote_note":"","_monsterinsights_sitenote_category":0},"product_brand":[],"product_cat":[2170],"product_tag":[1751,15903,2418,15959],"class_list":{"0":"post-43168","1":"product","2":"type-product","3":"status-publish","4":"has-post-thumbnail","6":"product_cat-barbera-de","7":"product_tag-aussergewoehnliche-weine-aus-italien-de","8":"product_tag-barolo-de","9":"product_tag-kleine-weinzeuger-de","10":"product_tag-vino-rosso-de","11":"pa_appellation-barolo-docg-de","12":"pa_formato-0-75-l-flasche-de","13":"pa_region-piemont-de","14":"pa_vine-100-barbera-de","15":"pa_vintage-2018-de","17":"first","18":"instock","19":"taxable","20":"shipping-taxable","21":"purchasable","22":"product-type-simple"},"bundled_by":[],"bundle_stock_status":"instock","bundle_stock_quantity":6,"bundle_virtual":false,"bundle_layout":"","bundle_add_to_cart_form_location":"","bundle_editable_in_cart":false,"bundle_sold_individually_context":"","bundle_item_grouping":"","bundle_min_size":"","bundle_max_size":"","bundle_price":[],"bundled_items":[],"bundle_sell_ids":[],"yoast_head":"<!-- This site is optimized with the Yoast SEO plugin v27.3 - https:\/\/yoast.com\/product\/yoast-seo-wordpress\/ -->\n<title>Kaufen ANTICA CASA VINICOLA SCARPA Barolo Monvigliero 2018<\/title>\n<meta name=\"description\" content=\"Kaufen online ANTICA CASA VINICOLA SCARPA Barolo Monvigliero 2018 on FonsVinum - Kaufen ANTICA CASA VINICOLA SCARPA Barolo Monvigliero 2018 on FonsVinum\" \/>\n<meta name=\"robots\" content=\"index, follow, max-snippet:-1, max-image-preview:large, max-video-preview:-1\" \/>\n<link rel=\"canonical\" href=\"https:\/\/fonsvinum.com\/de\/produkt\/antica-casa-vinicola-scarpa-barolo-monvigliero-2018\/\" \/>\n<meta property=\"og:locale\" content=\"de_DE\" \/>\n<meta property=\"og:type\" content=\"article\" \/>\n<meta property=\"og:title\" content=\"Kaufen ANTICA CASA VINICOLA SCARPA Barolo Monvigliero 2018\" \/>\n<meta property=\"og:description\" content=\"Kaufen online ANTICA CASA VINICOLA SCARPA Barolo Monvigliero 2018 on FonsVinum - Kaufen ANTICA CASA VINICOLA SCARPA Barolo Monvigliero 2018 on FonsVinum\" \/>\n<meta property=\"og:url\" content=\"https:\/\/fonsvinum.com\/de\/produkt\/antica-casa-vinicola-scarpa-barolo-monvigliero-2018\/\" \/>\n<meta property=\"og:site_name\" content=\"Fons Vinum\" \/>\n<meta property=\"article:modified_time\" content=\"2024-02-26T10:57:37+00:00\" \/>\n<meta property=\"og:image\" content=\"https:\/\/fonsvinum.com\/files\/2024\/02\/scarpa-barolo-monvigliero.png\" \/>\n\t<meta property=\"og:image:width\" content=\"200\" \/>\n\t<meta property=\"og:image:height\" content=\"600\" \/>\n\t<meta property=\"og:image:type\" content=\"image\/png\" \/>\n<meta name=\"twitter:label1\" content=\"Gesch\u00e4tzte Lesezeit\" \/>\n\t<meta name=\"twitter:data1\" content=\"1\u00a0Minute\" \/>\n<script type=\"application\/ld+json\" class=\"yoast-schema-graph\">{\"@context\":\"https:\\\/\\\/schema.org\",\"@graph\":[{\"@type\":\"WebPage\",\"@id\":\"https:\\\/\\\/fonsvinum.com\\\/de\\\/produkt\\\/antica-casa-vinicola-scarpa-barolo-monvigliero-2018\\\/\",\"url\":\"https:\\\/\\\/fonsvinum.com\\\/de\\\/produkt\\\/antica-casa-vinicola-scarpa-barolo-monvigliero-2018\\\/\",\"name\":\"Kaufen ANTICA CASA VINICOLA SCARPA Barolo Monvigliero 2018\",\"isPartOf\":{\"@id\":\"https:\\\/\\\/fonsvinum.com\\\/en\\\/#website\"},\"primaryImageOfPage\":{\"@id\":\"https:\\\/\\\/fonsvinum.com\\\/de\\\/produkt\\\/antica-casa-vinicola-scarpa-barolo-monvigliero-2018\\\/#primaryimage\"},\"image\":{\"@id\":\"https:\\\/\\\/fonsvinum.com\\\/de\\\/produkt\\\/antica-casa-vinicola-scarpa-barolo-monvigliero-2018\\\/#primaryimage\"},\"thumbnailUrl\":\"https:\\\/\\\/fonsvinum.com\\\/files\\\/2024\\\/02\\\/scarpa-barolo-monvigliero.png\",\"datePublished\":\"2024-02-26T09:59:07+00:00\",\"dateModified\":\"2024-02-26T10:57:37+00:00\",\"description\":\"Kaufen online ANTICA CASA VINICOLA SCARPA Barolo Monvigliero 2018 on FonsVinum - Kaufen ANTICA CASA VINICOLA SCARPA Barolo Monvigliero 2018 on FonsVinum\",\"breadcrumb\":{\"@id\":\"https:\\\/\\\/fonsvinum.com\\\/de\\\/produkt\\\/antica-casa-vinicola-scarpa-barolo-monvigliero-2018\\\/#breadcrumb\"},\"inLanguage\":\"de\",\"potentialAction\":[{\"@type\":\"ReadAction\",\"target\":[\"https:\\\/\\\/fonsvinum.com\\\/de\\\/produkt\\\/antica-casa-vinicola-scarpa-barolo-monvigliero-2018\\\/\"]}]},{\"@type\":\"ImageObject\",\"inLanguage\":\"de\",\"@id\":\"https:\\\/\\\/fonsvinum.com\\\/de\\\/produkt\\\/antica-casa-vinicola-scarpa-barolo-monvigliero-2018\\\/#primaryimage\",\"url\":\"https:\\\/\\\/fonsvinum.com\\\/files\\\/2024\\\/02\\\/scarpa-barolo-monvigliero.png\",\"contentUrl\":\"https:\\\/\\\/fonsvinum.com\\\/files\\\/2024\\\/02\\\/scarpa-barolo-monvigliero.png\",\"width\":200,\"height\":600},{\"@type\":\"BreadcrumbList\",\"@id\":\"https:\\\/\\\/fonsvinum.com\\\/de\\\/produkt\\\/antica-casa-vinicola-scarpa-barolo-monvigliero-2018\\\/#breadcrumb\",\"itemListElement\":[{\"@type\":\"ListItem\",\"position\":1,\"name\":\"Startseite\",\"item\":\"https:\\\/\\\/fonsvinum.com\\\/de\\\/\"},{\"@type\":\"ListItem\",\"position\":2,\"name\":\"Shop\",\"item\":\"https:\\\/\\\/fonsvinum.com\\\/de\\\/shop\\\/\"},{\"@type\":\"ListItem\",\"position\":3,\"name\":\"ANTICA CASA VINICOLA SCARPA Barolo Monvigliero 2018\"}]},{\"@type\":\"WebSite\",\"@id\":\"https:\\\/\\\/fonsvinum.com\\\/en\\\/#website\",\"url\":\"https:\\\/\\\/fonsvinum.com\\\/en\\\/\",\"name\":\"Fons Vinum\",\"description\":\"Vendita Vino Online\",\"publisher\":{\"@id\":\"https:\\\/\\\/fonsvinum.com\\\/en\\\/#organization\"},\"potentialAction\":[{\"@type\":\"SearchAction\",\"target\":{\"@type\":\"EntryPoint\",\"urlTemplate\":\"https:\\\/\\\/fonsvinum.com\\\/en\\\/?s={search_term_string}\"},\"query-input\":{\"@type\":\"PropertyValueSpecification\",\"valueRequired\":true,\"valueName\":\"search_term_string\"}}],\"inLanguage\":\"de\"},{\"@type\":\"Organization\",\"@id\":\"https:\\\/\\\/fonsvinum.com\\\/en\\\/#organization\",\"name\":\"Fons Vinum\",\"url\":\"https:\\\/\\\/fonsvinum.com\\\/en\\\/\",\"logo\":{\"@type\":\"ImageObject\",\"inLanguage\":\"de\",\"@id\":\"https:\\\/\\\/fonsvinum.com\\\/en\\\/#\\\/schema\\\/logo\\\/image\\\/\",\"url\":\"\",\"contentUrl\":\"\",\"caption\":\"Fons Vinum\"},\"image\":{\"@id\":\"https:\\\/\\\/fonsvinum.com\\\/en\\\/#\\\/schema\\\/logo\\\/image\\\/\"}}]}<\/script>\n<!-- \/ Yoast SEO plugin. -->","yoast_head_json":{"title":"Kaufen ANTICA CASA VINICOLA SCARPA Barolo Monvigliero 2018","description":"Kaufen online ANTICA CASA VINICOLA SCARPA Barolo Monvigliero 2018 on FonsVinum - Kaufen ANTICA CASA VINICOLA SCARPA Barolo Monvigliero 2018 on FonsVinum","robots":{"index":"index","follow":"follow","max-snippet":"max-snippet:-1","max-image-preview":"max-image-preview:large","max-video-preview":"max-video-preview:-1"},"canonical":"https:\/\/fonsvinum.com\/de\/produkt\/antica-casa-vinicola-scarpa-barolo-monvigliero-2018\/","og_locale":"de_DE","og_type":"article","og_title":"Kaufen ANTICA CASA VINICOLA SCARPA Barolo Monvigliero 2018","og_description":"Kaufen online ANTICA CASA VINICOLA SCARPA Barolo Monvigliero 2018 on FonsVinum - Kaufen ANTICA CASA VINICOLA SCARPA Barolo Monvigliero 2018 on FonsVinum","og_url":"https:\/\/fonsvinum.com\/de\/produkt\/antica-casa-vinicola-scarpa-barolo-monvigliero-2018\/","og_site_name":"Fons Vinum","article_modified_time":"2024-02-26T10:57:37+00:00","og_image":[{"width":200,"height":600,"url":"https:\/\/fonsvinum.com\/files\/2024\/02\/scarpa-barolo-monvigliero.png","type":"image\/png"}],"twitter_misc":{"Gesch\u00e4tzte Lesezeit":"1\u00a0Minute"},"schema":{"@context":"https:\/\/schema.org","@graph":[{"@type":"WebPage","@id":"https:\/\/fonsvinum.com\/de\/produkt\/antica-casa-vinicola-scarpa-barolo-monvigliero-2018\/","url":"https:\/\/fonsvinum.com\/de\/produkt\/antica-casa-vinicola-scarpa-barolo-monvigliero-2018\/","name":"Kaufen ANTICA CASA VINICOLA SCARPA Barolo Monvigliero 2018","isPartOf":{"@id":"https:\/\/fonsvinum.com\/en\/#website"},"primaryImageOfPage":{"@id":"https:\/\/fonsvinum.com\/de\/produkt\/antica-casa-vinicola-scarpa-barolo-monvigliero-2018\/#primaryimage"},"image":{"@id":"https:\/\/fonsvinum.com\/de\/produkt\/antica-casa-vinicola-scarpa-barolo-monvigliero-2018\/#primaryimage"},"thumbnailUrl":"https:\/\/fonsvinum.com\/files\/2024\/02\/scarpa-barolo-monvigliero.png","datePublished":"2024-02-26T09:59:07+00:00","dateModified":"2024-02-26T10:57:37+00:00","description":"Kaufen online ANTICA CASA VINICOLA SCARPA Barolo Monvigliero 2018 on FonsVinum - Kaufen ANTICA CASA VINICOLA SCARPA Barolo Monvigliero 2018 on FonsVinum","breadcrumb":{"@id":"https:\/\/fonsvinum.com\/de\/produkt\/antica-casa-vinicola-scarpa-barolo-monvigliero-2018\/#breadcrumb"},"inLanguage":"de","potentialAction":[{"@type":"ReadAction","target":["https:\/\/fonsvinum.com\/de\/produkt\/antica-casa-vinicola-scarpa-barolo-monvigliero-2018\/"]}]},{"@type":"ImageObject","inLanguage":"de","@id":"https:\/\/fonsvinum.com\/de\/produkt\/antica-casa-vinicola-scarpa-barolo-monvigliero-2018\/#primaryimage","url":"https:\/\/fonsvinum.com\/files\/2024\/02\/scarpa-barolo-monvigliero.png","contentUrl":"https:\/\/fonsvinum.com\/files\/2024\/02\/scarpa-barolo-monvigliero.png","width":200,"height":600},{"@type":"BreadcrumbList","@id":"https:\/\/fonsvinum.com\/de\/produkt\/antica-casa-vinicola-scarpa-barolo-monvigliero-2018\/#breadcrumb","itemListElement":[{"@type":"ListItem","position":1,"name":"Startseite","item":"https:\/\/fonsvinum.com\/de\/"},{"@type":"ListItem","position":2,"name":"Shop","item":"https:\/\/fonsvinum.com\/de\/shop\/"},{"@type":"ListItem","position":3,"name":"ANTICA CASA VINICOLA SCARPA Barolo Monvigliero 2018"}]},{"@type":"WebSite","@id":"https:\/\/fonsvinum.com\/en\/#website","url":"https:\/\/fonsvinum.com\/en\/","name":"Fons Vinum","description":"Vendita Vino Online","publisher":{"@id":"https:\/\/fonsvinum.com\/en\/#organization"},"potentialAction":[{"@type":"SearchAction","target":{"@type":"EntryPoint","urlTemplate":"https:\/\/fonsvinum.com\/en\/?s={search_term_string}"},"query-input":{"@type":"PropertyValueSpecification","valueRequired":true,"valueName":"search_term_string"}}],"inLanguage":"de"},{"@type":"Organization","@id":"https:\/\/fonsvinum.com\/en\/#organization","name":"Fons Vinum","url":"https:\/\/fonsvinum.com\/en\/","logo":{"@type":"ImageObject","inLanguage":"de","@id":"https:\/\/fonsvinum.com\/en\/#\/schema\/logo\/image\/","url":"","contentUrl":"","caption":"Fons Vinum"},"image":{"@id":"https:\/\/fonsvinum.com\/en\/#\/schema\/logo\/image\/"}}]}},"acf":[],"_links":{"self":[{"href":"https:\/\/fonsvinum.com\/de\/wp-json\/wp\/v2\/product\/43168","targetHints":{"allow":["GET"]}}],"collection":[{"href":"https:\/\/fonsvinum.com\/de\/wp-json\/wp\/v2\/product"}],"about":[{"href":"https:\/\/fonsvinum.com\/de\/wp-json\/wp\/v2\/types\/product"}],"replies":[{"embeddable":true,"href":"https:\/\/fonsvinum.com\/de\/wp-json\/wp\/v2\/comments?post=43168"}],"wp:featuredmedia":[{"embeddable":true,"href":"https:\/\/fonsvinum.com\/de\/wp-json\/wp\/v2\/media\/43176"}],"wp:attachment":[{"href":"https:\/\/fonsvinum.com\/de\/wp-json\/wp\/v2\/media?parent=43168"}],"wp:term":[{"taxonomy":"product_brand","embeddable":true,"href":"https:\/\/fonsvinum.com\/de\/wp-json\/wp\/v2\/product_brand?post=43168"},{"taxonomy":"product_cat","embeddable":true,"href":"https:\/\/fonsvinum.com\/de\/wp-json\/wp\/v2\/product_cat?post=43168"},{"taxonomy":"product_tag","embeddable":true,"href":"https:\/\/fonsvinum.com\/de\/wp-json\/wp\/v2\/product_tag?post=43168"}],"curies":[{"name":"wp","href":"https:\/\/api.w.org\/{rel}","templated":true}]}}