{"id":43136,"date":"2024-02-22T12:03:32","date_gmt":"2024-02-22T11:03:32","guid":{"rendered":"https:\/\/fonsvinum.com\/?post_type=product&#038;p=43136"},"modified":"2024-02-22T12:09:43","modified_gmt":"2024-02-22T11:09:43","slug":"paolo-scavino-bric-del-fiasc-barolo-2019","status":"publish","type":"product","link":"https:\/\/fonsvinum.com\/de\/produkt\/paolo-scavino-bric-del-fiasc-barolo-2019\/","title":{"rendered":"PAOLO SCAVINO Bric del Fiasc Barolo 2019"},"content":{"rendered":"<h1><a href=\"http:\/\/www.paoloscavino.com\/barolo-bric-del-fiasc\/\">PAOLO SCAVINO Bric del Fiasc Barolo 2019<\/a><\/h1>\n<p>Wilde Beeren und aromatische Kr\u00e4uter l\u00e4sst das tolle Bouquet dieses 24 Monate im Fass gereiften Weines erkennen.<\/p>\n<p>Mit seinem sanften Tanin und dem nachhaltigen Finale genie\u00dft man ihn hervorragend zu Wildgerichten oder reifem K\u00e4se.<\/p>\n<p>Ein Megawein, der f\u00fcr die n\u00e4chsten Dekaden einer der Referenzpunkte f\u00fcr gro\u00dfe Baroli sein wird.<\/p>\n","protected":false},"excerpt":{"rendered":"<p>PAOLO SCAVINO Bric del Fiasc Barolo 2019 Wilde Beeren und aromatische Kr\u00e4uter l\u00e4sst das tolle Bouquet dieses 24 Monate im Fass gereiften Weines erkennen. Mit seinem sanften Tanin und dem nachhaltigen Finale genie\u00dft man ihn hervorragend zu Wildgerichten oder reifem K\u00e4se. Ein Megawein, der f\u00fcr die n\u00e4chsten Dekaden einer der Referenzpunkte f\u00fcr gro\u00dfe Baroli sein [&hellip;]<\/p>\n","protected":false},"featured_media":3537,"comment_status":"open","ping_status":"closed","template":"","meta":{"_acf_changed":false,"_monsterinsights_skip_tracking":false,"_monsterinsights_sitenote_active":false,"_monsterinsights_sitenote_note":"","_monsterinsights_sitenote_category":0},"product_brand":[],"product_cat":[1824,2332],"product_tag":[1733],"class_list":{"0":"post-43136","1":"product","2":"type-product","3":"status-publish","4":"has-post-thumbnail","6":"product_cat-barolo-de","7":"product_cat-rotweine-de","8":"product_tag-aussergewoehnliche-weine-de","9":"pa_appellation-barolo-docg-de","10":"pa_formato-0-75-l-flasche-de","11":"pa_producer-paolo-scavino-de","12":"pa_region-piemont-de","13":"pa_vine-100-nebbiolo-de","14":"pa_vintage-2019-de","16":"first","17":"instock","18":"taxable","19":"shipping-taxable","20":"purchasable","21":"product-type-simple"},"bundled_by":[],"bundle_stock_status":"instock","bundle_stock_quantity":10,"bundle_virtual":false,"bundle_layout":"","bundle_add_to_cart_form_location":"","bundle_editable_in_cart":false,"bundle_sold_individually_context":"","bundle_item_grouping":"","bundle_min_size":"","bundle_max_size":"","bundle_price":[],"bundled_items":[],"bundle_sell_ids":[],"yoast_head":"<!-- This site is optimized with the Yoast SEO plugin v27.3 - https:\/\/yoast.com\/product\/yoast-seo-wordpress\/ -->\n<title>Acquista on line PAOLO SCAVINO Bric del Fiasc Barolo 2019<\/title>\n<meta name=\"description\" content=\"PAOLO SCAVINO Bric del Fiasc Barolo 2019 Wilde Beeren und aromatische Kr\u00e4uter l\u00e4sst das tolle Bouquet dieses 24 Monate im Fass gereiften...\" \/>\n<meta name=\"robots\" content=\"index, follow, max-snippet:-1, max-image-preview:large, max-video-preview:-1\" \/>\n<link rel=\"canonical\" href=\"https:\/\/fonsvinum.com\/de\/produkt\/paolo-scavino-bric-del-fiasc-barolo-2019\/\" \/>\n<meta property=\"og:locale\" content=\"de_DE\" \/>\n<meta property=\"og:type\" content=\"article\" \/>\n<meta property=\"og:title\" content=\"Acquista on line PAOLO SCAVINO Bric del Fiasc Barolo 2019\" \/>\n<meta property=\"og:description\" content=\"PAOLO SCAVINO Bric del Fiasc Barolo 2019 Wilde Beeren und aromatische Kr\u00e4uter l\u00e4sst das tolle Bouquet dieses 24 Monate im Fass gereiften...\" \/>\n<meta property=\"og:url\" content=\"https:\/\/fonsvinum.com\/de\/produkt\/paolo-scavino-bric-del-fiasc-barolo-2019\/\" \/>\n<meta property=\"og:site_name\" content=\"Fons Vinum\" \/>\n<meta property=\"article:modified_time\" content=\"2024-02-22T11:09:43+00:00\" \/>\n<meta property=\"og:image\" content=\"https:\/\/fonsvinum.com\/files\/2015\/01\/barolo-bric-del-fiasc-paolo-scavino.png\" \/>\n\t<meta property=\"og:image:width\" content=\"200\" \/>\n\t<meta property=\"og:image:height\" content=\"600\" \/>\n\t<meta property=\"og:image:type\" content=\"image\/png\" \/>\n<meta name=\"twitter:label1\" content=\"Gesch\u00e4tzte Lesezeit\" \/>\n\t<meta name=\"twitter:data1\" content=\"1\u00a0Minute\" \/>\n<script type=\"application\/ld+json\" class=\"yoast-schema-graph\">{\"@context\":\"https:\\\/\\\/schema.org\",\"@graph\":[{\"@type\":\"WebPage\",\"@id\":\"https:\\\/\\\/fonsvinum.com\\\/de\\\/produkt\\\/paolo-scavino-bric-del-fiasc-barolo-2019\\\/\",\"url\":\"https:\\\/\\\/fonsvinum.com\\\/de\\\/produkt\\\/paolo-scavino-bric-del-fiasc-barolo-2019\\\/\",\"name\":\"Acquista on line PAOLO SCAVINO Bric del Fiasc Barolo 2019\",\"isPartOf\":{\"@id\":\"https:\\\/\\\/fonsvinum.com\\\/en\\\/#website\"},\"primaryImageOfPage\":{\"@id\":\"https:\\\/\\\/fonsvinum.com\\\/de\\\/produkt\\\/paolo-scavino-bric-del-fiasc-barolo-2019\\\/#primaryimage\"},\"image\":{\"@id\":\"https:\\\/\\\/fonsvinum.com\\\/de\\\/produkt\\\/paolo-scavino-bric-del-fiasc-barolo-2019\\\/#primaryimage\"},\"thumbnailUrl\":\"https:\\\/\\\/fonsvinum.com\\\/files\\\/2015\\\/01\\\/barolo-bric-del-fiasc-paolo-scavino.png\",\"datePublished\":\"2024-02-22T11:03:32+00:00\",\"dateModified\":\"2024-02-22T11:09:43+00:00\",\"description\":\"PAOLO SCAVINO Bric del Fiasc Barolo 2019 Wilde Beeren und aromatische Kr\u00e4uter l\u00e4sst das tolle Bouquet dieses 24 Monate im Fass gereiften...\",\"breadcrumb\":{\"@id\":\"https:\\\/\\\/fonsvinum.com\\\/de\\\/produkt\\\/paolo-scavino-bric-del-fiasc-barolo-2019\\\/#breadcrumb\"},\"inLanguage\":\"de\",\"potentialAction\":[{\"@type\":\"ReadAction\",\"target\":[\"https:\\\/\\\/fonsvinum.com\\\/de\\\/produkt\\\/paolo-scavino-bric-del-fiasc-barolo-2019\\\/\"]}]},{\"@type\":\"ImageObject\",\"inLanguage\":\"de\",\"@id\":\"https:\\\/\\\/fonsvinum.com\\\/de\\\/produkt\\\/paolo-scavino-bric-del-fiasc-barolo-2019\\\/#primaryimage\",\"url\":\"https:\\\/\\\/fonsvinum.com\\\/files\\\/2015\\\/01\\\/barolo-bric-del-fiasc-paolo-scavino.png\",\"contentUrl\":\"https:\\\/\\\/fonsvinum.com\\\/files\\\/2015\\\/01\\\/barolo-bric-del-fiasc-paolo-scavino.png\",\"width\":200,\"height\":600},{\"@type\":\"BreadcrumbList\",\"@id\":\"https:\\\/\\\/fonsvinum.com\\\/de\\\/produkt\\\/paolo-scavino-bric-del-fiasc-barolo-2019\\\/#breadcrumb\",\"itemListElement\":[{\"@type\":\"ListItem\",\"position\":1,\"name\":\"Startseite\",\"item\":\"https:\\\/\\\/fonsvinum.com\\\/de\\\/\"},{\"@type\":\"ListItem\",\"position\":2,\"name\":\"Shop\",\"item\":\"https:\\\/\\\/fonsvinum.com\\\/de\\\/shop\\\/\"},{\"@type\":\"ListItem\",\"position\":3,\"name\":\"PAOLO SCAVINO Bric del Fiasc Barolo 2019\"}]},{\"@type\":\"WebSite\",\"@id\":\"https:\\\/\\\/fonsvinum.com\\\/en\\\/#website\",\"url\":\"https:\\\/\\\/fonsvinum.com\\\/en\\\/\",\"name\":\"Fons Vinum\",\"description\":\"Vendita Vino Online\",\"publisher\":{\"@id\":\"https:\\\/\\\/fonsvinum.com\\\/en\\\/#organization\"},\"potentialAction\":[{\"@type\":\"SearchAction\",\"target\":{\"@type\":\"EntryPoint\",\"urlTemplate\":\"https:\\\/\\\/fonsvinum.com\\\/en\\\/?s={search_term_string}\"},\"query-input\":{\"@type\":\"PropertyValueSpecification\",\"valueRequired\":true,\"valueName\":\"search_term_string\"}}],\"inLanguage\":\"de\"},{\"@type\":\"Organization\",\"@id\":\"https:\\\/\\\/fonsvinum.com\\\/en\\\/#organization\",\"name\":\"Fons Vinum\",\"url\":\"https:\\\/\\\/fonsvinum.com\\\/en\\\/\",\"logo\":{\"@type\":\"ImageObject\",\"inLanguage\":\"de\",\"@id\":\"https:\\\/\\\/fonsvinum.com\\\/en\\\/#\\\/schema\\\/logo\\\/image\\\/\",\"url\":\"\",\"contentUrl\":\"\",\"caption\":\"Fons Vinum\"},\"image\":{\"@id\":\"https:\\\/\\\/fonsvinum.com\\\/en\\\/#\\\/schema\\\/logo\\\/image\\\/\"}}]}<\/script>\n<!-- \/ Yoast SEO plugin. -->","yoast_head_json":{"title":"Acquista on line PAOLO SCAVINO Bric del Fiasc Barolo 2019","description":"PAOLO SCAVINO Bric del Fiasc Barolo 2019 Wilde Beeren und aromatische Kr\u00e4uter l\u00e4sst das tolle Bouquet dieses 24 Monate im Fass gereiften...","robots":{"index":"index","follow":"follow","max-snippet":"max-snippet:-1","max-image-preview":"max-image-preview:large","max-video-preview":"max-video-preview:-1"},"canonical":"https:\/\/fonsvinum.com\/de\/produkt\/paolo-scavino-bric-del-fiasc-barolo-2019\/","og_locale":"de_DE","og_type":"article","og_title":"Acquista on line PAOLO SCAVINO Bric del Fiasc Barolo 2019","og_description":"PAOLO SCAVINO Bric del Fiasc Barolo 2019 Wilde Beeren und aromatische Kr\u00e4uter l\u00e4sst das tolle Bouquet dieses 24 Monate im Fass gereiften...","og_url":"https:\/\/fonsvinum.com\/de\/produkt\/paolo-scavino-bric-del-fiasc-barolo-2019\/","og_site_name":"Fons Vinum","article_modified_time":"2024-02-22T11:09:43+00:00","og_image":[{"width":200,"height":600,"url":"https:\/\/fonsvinum.com\/files\/2015\/01\/barolo-bric-del-fiasc-paolo-scavino.png","type":"image\/png"}],"twitter_misc":{"Gesch\u00e4tzte Lesezeit":"1\u00a0Minute"},"schema":{"@context":"https:\/\/schema.org","@graph":[{"@type":"WebPage","@id":"https:\/\/fonsvinum.com\/de\/produkt\/paolo-scavino-bric-del-fiasc-barolo-2019\/","url":"https:\/\/fonsvinum.com\/de\/produkt\/paolo-scavino-bric-del-fiasc-barolo-2019\/","name":"Acquista on line PAOLO SCAVINO Bric del Fiasc Barolo 2019","isPartOf":{"@id":"https:\/\/fonsvinum.com\/en\/#website"},"primaryImageOfPage":{"@id":"https:\/\/fonsvinum.com\/de\/produkt\/paolo-scavino-bric-del-fiasc-barolo-2019\/#primaryimage"},"image":{"@id":"https:\/\/fonsvinum.com\/de\/produkt\/paolo-scavino-bric-del-fiasc-barolo-2019\/#primaryimage"},"thumbnailUrl":"https:\/\/fonsvinum.com\/files\/2015\/01\/barolo-bric-del-fiasc-paolo-scavino.png","datePublished":"2024-02-22T11:03:32+00:00","dateModified":"2024-02-22T11:09:43+00:00","description":"PAOLO SCAVINO Bric del Fiasc Barolo 2019 Wilde Beeren und aromatische Kr\u00e4uter l\u00e4sst das tolle Bouquet dieses 24 Monate im Fass gereiften...","breadcrumb":{"@id":"https:\/\/fonsvinum.com\/de\/produkt\/paolo-scavino-bric-del-fiasc-barolo-2019\/#breadcrumb"},"inLanguage":"de","potentialAction":[{"@type":"ReadAction","target":["https:\/\/fonsvinum.com\/de\/produkt\/paolo-scavino-bric-del-fiasc-barolo-2019\/"]}]},{"@type":"ImageObject","inLanguage":"de","@id":"https:\/\/fonsvinum.com\/de\/produkt\/paolo-scavino-bric-del-fiasc-barolo-2019\/#primaryimage","url":"https:\/\/fonsvinum.com\/files\/2015\/01\/barolo-bric-del-fiasc-paolo-scavino.png","contentUrl":"https:\/\/fonsvinum.com\/files\/2015\/01\/barolo-bric-del-fiasc-paolo-scavino.png","width":200,"height":600},{"@type":"BreadcrumbList","@id":"https:\/\/fonsvinum.com\/de\/produkt\/paolo-scavino-bric-del-fiasc-barolo-2019\/#breadcrumb","itemListElement":[{"@type":"ListItem","position":1,"name":"Startseite","item":"https:\/\/fonsvinum.com\/de\/"},{"@type":"ListItem","position":2,"name":"Shop","item":"https:\/\/fonsvinum.com\/de\/shop\/"},{"@type":"ListItem","position":3,"name":"PAOLO SCAVINO Bric del Fiasc Barolo 2019"}]},{"@type":"WebSite","@id":"https:\/\/fonsvinum.com\/en\/#website","url":"https:\/\/fonsvinum.com\/en\/","name":"Fons Vinum","description":"Vendita Vino Online","publisher":{"@id":"https:\/\/fonsvinum.com\/en\/#organization"},"potentialAction":[{"@type":"SearchAction","target":{"@type":"EntryPoint","urlTemplate":"https:\/\/fonsvinum.com\/en\/?s={search_term_string}"},"query-input":{"@type":"PropertyValueSpecification","valueRequired":true,"valueName":"search_term_string"}}],"inLanguage":"de"},{"@type":"Organization","@id":"https:\/\/fonsvinum.com\/en\/#organization","name":"Fons Vinum","url":"https:\/\/fonsvinum.com\/en\/","logo":{"@type":"ImageObject","inLanguage":"de","@id":"https:\/\/fonsvinum.com\/en\/#\/schema\/logo\/image\/","url":"","contentUrl":"","caption":"Fons Vinum"},"image":{"@id":"https:\/\/fonsvinum.com\/en\/#\/schema\/logo\/image\/"}}]}},"acf":[],"_links":{"self":[{"href":"https:\/\/fonsvinum.com\/de\/wp-json\/wp\/v2\/product\/43136","targetHints":{"allow":["GET"]}}],"collection":[{"href":"https:\/\/fonsvinum.com\/de\/wp-json\/wp\/v2\/product"}],"about":[{"href":"https:\/\/fonsvinum.com\/de\/wp-json\/wp\/v2\/types\/product"}],"replies":[{"embeddable":true,"href":"https:\/\/fonsvinum.com\/de\/wp-json\/wp\/v2\/comments?post=43136"}],"wp:featuredmedia":[{"embeddable":true,"href":"https:\/\/fonsvinum.com\/de\/wp-json\/wp\/v2\/media\/3537"}],"wp:attachment":[{"href":"https:\/\/fonsvinum.com\/de\/wp-json\/wp\/v2\/media?parent=43136"}],"wp:term":[{"taxonomy":"product_brand","embeddable":true,"href":"https:\/\/fonsvinum.com\/de\/wp-json\/wp\/v2\/product_brand?post=43136"},{"taxonomy":"product_cat","embeddable":true,"href":"https:\/\/fonsvinum.com\/de\/wp-json\/wp\/v2\/product_cat?post=43136"},{"taxonomy":"product_tag","embeddable":true,"href":"https:\/\/fonsvinum.com\/de\/wp-json\/wp\/v2\/product_tag?post=43136"}],"curies":[{"name":"wp","href":"https:\/\/api.w.org\/{rel}","templated":true}]}}