{"id":43106,"date":"2024-02-21T16:19:31","date_gmt":"2024-02-21T15:19:31","guid":{"rendered":"https:\/\/fonsvinum.com\/?post_type=product&#038;p=43106"},"modified":"2024-02-21T16:29:57","modified_gmt":"2024-02-21T15:29:57","slug":"poderi-colla-barolo-bussia-dardi-le-rose-2019","status":"publish","type":"product","link":"https:\/\/fonsvinum.com\/de\/produkt\/poderi-colla-barolo-bussia-dardi-le-rose-2019\/","title":{"rendered":"PODERI COLLA Barolo Bussia Dardi le Rose 2019"},"content":{"rendered":"<h1>PODERI COLLA Barolo Bussia Dardi le Rose 2019<\/h1>\n<h3>PODERI COLLA Barolo Bussia Dardi le Rose 2019<\/h3>\n<p>&nbsp;<\/p>\n<h3>Degustationsnotiz<\/h3>\n<section class=\"product-more-information full-width-background\">\n<div class=\"tabs tabs-desktop\">\n<div class=\"tabs-content\">\n<div class=\"tab-content active\">\n<div class=\"tab-content-inner\">Mittleres Rubinrot. In der Nase rote Johannisbeeren, Hagebutten, warme Gew\u00fcrze, etwas D\u00f6rrobst. Im Gaumen stoffig, mit sp\u00fcrbaren, feink\u00f6rnigen Tanninen. Pr\u00e4sente, aber gut integrierte S\u00e4ure. Kr\u00e4ftige, gut akzentuierte Textur. Bussia pr\u00e4sentiert sich als klassischer Barolo mit langem, elegantem Finale.<\/div>\n<\/div>\n<\/div>\n<\/div>\n<\/section>\n<div><\/div>\n<section class=\"product-more-information full-width-background\">\n<div class=\"tabs tabs-desktop\">\n<div class=\"tabs-content\">\n<div class=\"tab-content active\">\n<h3>Kulinarische Empfehlung<\/h3>\n<section class=\"product-more-information full-width-background\">\n<div class=\"tabs tabs-desktop\">\n<div class=\"tabs-content\">\n<div class=\"tab-content active\">\n<div class=\"tab-content-inner\">Die perfekte Wahl zu Brasato di manzo, Tagliatelle con tartufi oder zu Wildschwein.<\/div>\n<div><\/div>\n<\/div>\n<div><\/div>\n<div class=\"tab-content\">\n<h3 class=\"tab-icon\">Vinification<\/h3>\n<p>Die Nebbiolo-Trauben f\u00fcr den \u00abBussia\u00bb stammen vom gleichnamigen Rebberg oberhalb von La Morra. Nach der Traubenselektion und dem sanften Anquetschen folgt die Maischeg\u00e4rung im Stahltank. Danach wird der Jungwein in teilweise neuen slawonischen und franz\u00f6sischen Holzf\u00e4ssern w\u00e4hrend 24 bis 28 Monaten ausgebaut und verfeinert. Anschliessend reift der Wein f\u00fcr weitere zw\u00f6lf Monate in der Flasche.<\/p>\n<div><\/div>\n<div class=\"tab-content-inner\"><\/div>\n<\/div>\n<\/div>\n<\/div>\n<\/section>\n<\/div>\n<div class=\"tab-content\">\n<div class=\"tab-icon\"><\/div>\n<div class=\"tab-content-inner\"><\/div>\n<\/div>\n<div class=\"tab-content\">\n<div class=\"tab-icon\"><\/div>\n<div class=\"tab-content-inner\"><\/div>\n<\/div>\n<\/div>\n<\/div>\n<\/section>\n<div class=\"short-description-content product attribute overview text-dark-gray mt-1 mt-md-0\">\n<div class=\"value\">\n<p>&nbsp;<\/p>\n<\/div>\n<\/div>\n<div class=\"product-information mt-2 font-sm\">\n<div class=\"attribute d-flex justify-content-between py-1 py-md-2 border-bottom-light-gray\"><\/div>\n<\/div>\n","protected":false},"excerpt":{"rendered":"<p>PODERI COLLA Barolo Bussia Dardi le Rose 2019 PODERI COLLA Barolo Bussia Dardi le Rose 2019 &nbsp; Degustationsnotiz Mittleres Rubinrot. In der Nase rote Johannisbeeren, Hagebutten, warme Gew\u00fcrze, etwas D\u00f6rrobst. Im Gaumen stoffig, mit sp\u00fcrbaren, feink\u00f6rnigen Tanninen. Pr\u00e4sente, aber gut integrierte S\u00e4ure. Kr\u00e4ftige, gut akzentuierte Textur. Bussia pr\u00e4sentiert sich als klassischer Barolo mit langem, elegantem [&hellip;]<\/p>\n","protected":false},"featured_media":41039,"comment_status":"open","ping_status":"closed","template":"","meta":{"_acf_changed":false,"_monsterinsights_skip_tracking":false,"_monsterinsights_sitenote_active":false,"_monsterinsights_sitenote_note":"","_monsterinsights_sitenote_category":0},"product_brand":[],"product_cat":[1824],"product_tag":[1751,15903],"class_list":{"0":"post-43106","1":"product","2":"type-product","3":"status-publish","4":"has-post-thumbnail","6":"product_cat-barolo-de","7":"product_tag-aussergewoehnliche-weine-aus-italien-de","8":"product_tag-barolo-de","9":"pa_appellation-barolo-docg-de","10":"pa_formato-0-75-l-flasche-de","11":"pa_region-piemont-de","12":"pa_vine-100-nebbiolo-de","13":"pa_vintage-2019-de","15":"first","16":"instock","17":"taxable","18":"shipping-taxable","19":"purchasable","20":"product-type-simple"},"bundled_by":[],"bundle_stock_status":"instock","bundle_stock_quantity":6,"bundle_virtual":false,"bundle_layout":"","bundle_add_to_cart_form_location":"","bundle_editable_in_cart":false,"bundle_sold_individually_context":"","bundle_item_grouping":"","bundle_min_size":"","bundle_max_size":"","bundle_price":[],"bundled_items":[],"bundle_sell_ids":[],"yoast_head":"<!-- This site is optimized with the Yoast SEO plugin v27.3 - https:\/\/yoast.com\/product\/yoast-seo-wordpress\/ -->\n<title>Kaufen online PODERI COLLA Barolo Bussia Dardi le Rose 2019<\/title>\n<meta name=\"description\" content=\"Kaufen online PODERI COLLA Barolo Bussia Dardi le Rose 2019 I Fonsvinum rare Weine online aus Piedmont,Toskana und Venetien\" \/>\n<meta name=\"robots\" content=\"index, follow, max-snippet:-1, max-image-preview:large, max-video-preview:-1\" \/>\n<link rel=\"canonical\" href=\"https:\/\/fonsvinum.com\/de\/produkt\/poderi-colla-barolo-bussia-dardi-le-rose-2019\/\" \/>\n<meta property=\"og:locale\" content=\"de_DE\" \/>\n<meta property=\"og:type\" content=\"article\" \/>\n<meta property=\"og:title\" content=\"Kaufen online PODERI COLLA Barolo Bussia Dardi le Rose 2019\" \/>\n<meta property=\"og:description\" content=\"Kaufen online PODERI COLLA Barolo Bussia Dardi le Rose 2019 I Fonsvinum rare Weine online aus Piedmont,Toskana und Venetien\" \/>\n<meta property=\"og:url\" content=\"https:\/\/fonsvinum.com\/de\/produkt\/poderi-colla-barolo-bussia-dardi-le-rose-2019\/\" \/>\n<meta property=\"og:site_name\" content=\"Fons Vinum\" \/>\n<meta property=\"article:modified_time\" content=\"2024-02-21T15:29:57+00:00\" \/>\n<meta property=\"og:image\" content=\"https:\/\/fonsvinum.com\/files\/2023\/05\/Barolo-Bussia-Dardi-le-rose-poderi-colla.png\" \/>\n\t<meta property=\"og:image:width\" content=\"200\" \/>\n\t<meta property=\"og:image:height\" content=\"600\" \/>\n\t<meta property=\"og:image:type\" content=\"image\/png\" \/>\n<meta name=\"twitter:label1\" content=\"Gesch\u00e4tzte Lesezeit\" \/>\n\t<meta name=\"twitter:data1\" content=\"1\u00a0Minute\" \/>\n<script type=\"application\/ld+json\" class=\"yoast-schema-graph\">{\"@context\":\"https:\\\/\\\/schema.org\",\"@graph\":[{\"@type\":\"WebPage\",\"@id\":\"https:\\\/\\\/fonsvinum.com\\\/de\\\/produkt\\\/poderi-colla-barolo-bussia-dardi-le-rose-2019\\\/\",\"url\":\"https:\\\/\\\/fonsvinum.com\\\/de\\\/produkt\\\/poderi-colla-barolo-bussia-dardi-le-rose-2019\\\/\",\"name\":\"Kaufen online PODERI COLLA Barolo Bussia Dardi le Rose 2019\",\"isPartOf\":{\"@id\":\"https:\\\/\\\/fonsvinum.com\\\/en\\\/#website\"},\"primaryImageOfPage\":{\"@id\":\"https:\\\/\\\/fonsvinum.com\\\/de\\\/produkt\\\/poderi-colla-barolo-bussia-dardi-le-rose-2019\\\/#primaryimage\"},\"image\":{\"@id\":\"https:\\\/\\\/fonsvinum.com\\\/de\\\/produkt\\\/poderi-colla-barolo-bussia-dardi-le-rose-2019\\\/#primaryimage\"},\"thumbnailUrl\":\"https:\\\/\\\/fonsvinum.com\\\/files\\\/2023\\\/05\\\/Barolo-Bussia-Dardi-le-rose-poderi-colla.png\",\"datePublished\":\"2024-02-21T15:19:31+00:00\",\"dateModified\":\"2024-02-21T15:29:57+00:00\",\"description\":\"Kaufen online PODERI COLLA Barolo Bussia Dardi le Rose 2019 I Fonsvinum rare Weine online aus Piedmont,Toskana und Venetien\",\"breadcrumb\":{\"@id\":\"https:\\\/\\\/fonsvinum.com\\\/de\\\/produkt\\\/poderi-colla-barolo-bussia-dardi-le-rose-2019\\\/#breadcrumb\"},\"inLanguage\":\"de\",\"potentialAction\":[{\"@type\":\"ReadAction\",\"target\":[\"https:\\\/\\\/fonsvinum.com\\\/de\\\/produkt\\\/poderi-colla-barolo-bussia-dardi-le-rose-2019\\\/\"]}]},{\"@type\":\"ImageObject\",\"inLanguage\":\"de\",\"@id\":\"https:\\\/\\\/fonsvinum.com\\\/de\\\/produkt\\\/poderi-colla-barolo-bussia-dardi-le-rose-2019\\\/#primaryimage\",\"url\":\"https:\\\/\\\/fonsvinum.com\\\/files\\\/2023\\\/05\\\/Barolo-Bussia-Dardi-le-rose-poderi-colla.png\",\"contentUrl\":\"https:\\\/\\\/fonsvinum.com\\\/files\\\/2023\\\/05\\\/Barolo-Bussia-Dardi-le-rose-poderi-colla.png\",\"width\":200,\"height\":600},{\"@type\":\"BreadcrumbList\",\"@id\":\"https:\\\/\\\/fonsvinum.com\\\/de\\\/produkt\\\/poderi-colla-barolo-bussia-dardi-le-rose-2019\\\/#breadcrumb\",\"itemListElement\":[{\"@type\":\"ListItem\",\"position\":1,\"name\":\"Startseite\",\"item\":\"https:\\\/\\\/fonsvinum.com\\\/de\\\/\"},{\"@type\":\"ListItem\",\"position\":2,\"name\":\"Shop\",\"item\":\"https:\\\/\\\/fonsvinum.com\\\/de\\\/shop\\\/\"},{\"@type\":\"ListItem\",\"position\":3,\"name\":\"PODERI COLLA Barolo Bussia Dardi le Rose 2019\"}]},{\"@type\":\"WebSite\",\"@id\":\"https:\\\/\\\/fonsvinum.com\\\/en\\\/#website\",\"url\":\"https:\\\/\\\/fonsvinum.com\\\/en\\\/\",\"name\":\"Fons Vinum\",\"description\":\"Vendita Vino Online\",\"publisher\":{\"@id\":\"https:\\\/\\\/fonsvinum.com\\\/en\\\/#organization\"},\"potentialAction\":[{\"@type\":\"SearchAction\",\"target\":{\"@type\":\"EntryPoint\",\"urlTemplate\":\"https:\\\/\\\/fonsvinum.com\\\/en\\\/?s={search_term_string}\"},\"query-input\":{\"@type\":\"PropertyValueSpecification\",\"valueRequired\":true,\"valueName\":\"search_term_string\"}}],\"inLanguage\":\"de\"},{\"@type\":\"Organization\",\"@id\":\"https:\\\/\\\/fonsvinum.com\\\/en\\\/#organization\",\"name\":\"Fons Vinum\",\"url\":\"https:\\\/\\\/fonsvinum.com\\\/en\\\/\",\"logo\":{\"@type\":\"ImageObject\",\"inLanguage\":\"de\",\"@id\":\"https:\\\/\\\/fonsvinum.com\\\/en\\\/#\\\/schema\\\/logo\\\/image\\\/\",\"url\":\"\",\"contentUrl\":\"\",\"caption\":\"Fons Vinum\"},\"image\":{\"@id\":\"https:\\\/\\\/fonsvinum.com\\\/en\\\/#\\\/schema\\\/logo\\\/image\\\/\"}}]}<\/script>\n<!-- \/ Yoast SEO plugin. -->","yoast_head_json":{"title":"Kaufen online PODERI COLLA Barolo Bussia Dardi le Rose 2019","description":"Kaufen online PODERI COLLA Barolo Bussia Dardi le Rose 2019 I Fonsvinum rare Weine online aus Piedmont,Toskana und Venetien","robots":{"index":"index","follow":"follow","max-snippet":"max-snippet:-1","max-image-preview":"max-image-preview:large","max-video-preview":"max-video-preview:-1"},"canonical":"https:\/\/fonsvinum.com\/de\/produkt\/poderi-colla-barolo-bussia-dardi-le-rose-2019\/","og_locale":"de_DE","og_type":"article","og_title":"Kaufen online PODERI COLLA Barolo Bussia Dardi le Rose 2019","og_description":"Kaufen online PODERI COLLA Barolo Bussia Dardi le Rose 2019 I Fonsvinum rare Weine online aus Piedmont,Toskana und Venetien","og_url":"https:\/\/fonsvinum.com\/de\/produkt\/poderi-colla-barolo-bussia-dardi-le-rose-2019\/","og_site_name":"Fons Vinum","article_modified_time":"2024-02-21T15:29:57+00:00","og_image":[{"width":200,"height":600,"url":"https:\/\/fonsvinum.com\/files\/2023\/05\/Barolo-Bussia-Dardi-le-rose-poderi-colla.png","type":"image\/png"}],"twitter_misc":{"Gesch\u00e4tzte Lesezeit":"1\u00a0Minute"},"schema":{"@context":"https:\/\/schema.org","@graph":[{"@type":"WebPage","@id":"https:\/\/fonsvinum.com\/de\/produkt\/poderi-colla-barolo-bussia-dardi-le-rose-2019\/","url":"https:\/\/fonsvinum.com\/de\/produkt\/poderi-colla-barolo-bussia-dardi-le-rose-2019\/","name":"Kaufen online PODERI COLLA Barolo Bussia Dardi le Rose 2019","isPartOf":{"@id":"https:\/\/fonsvinum.com\/en\/#website"},"primaryImageOfPage":{"@id":"https:\/\/fonsvinum.com\/de\/produkt\/poderi-colla-barolo-bussia-dardi-le-rose-2019\/#primaryimage"},"image":{"@id":"https:\/\/fonsvinum.com\/de\/produkt\/poderi-colla-barolo-bussia-dardi-le-rose-2019\/#primaryimage"},"thumbnailUrl":"https:\/\/fonsvinum.com\/files\/2023\/05\/Barolo-Bussia-Dardi-le-rose-poderi-colla.png","datePublished":"2024-02-21T15:19:31+00:00","dateModified":"2024-02-21T15:29:57+00:00","description":"Kaufen online PODERI COLLA Barolo Bussia Dardi le Rose 2019 I Fonsvinum rare Weine online aus Piedmont,Toskana und Venetien","breadcrumb":{"@id":"https:\/\/fonsvinum.com\/de\/produkt\/poderi-colla-barolo-bussia-dardi-le-rose-2019\/#breadcrumb"},"inLanguage":"de","potentialAction":[{"@type":"ReadAction","target":["https:\/\/fonsvinum.com\/de\/produkt\/poderi-colla-barolo-bussia-dardi-le-rose-2019\/"]}]},{"@type":"ImageObject","inLanguage":"de","@id":"https:\/\/fonsvinum.com\/de\/produkt\/poderi-colla-barolo-bussia-dardi-le-rose-2019\/#primaryimage","url":"https:\/\/fonsvinum.com\/files\/2023\/05\/Barolo-Bussia-Dardi-le-rose-poderi-colla.png","contentUrl":"https:\/\/fonsvinum.com\/files\/2023\/05\/Barolo-Bussia-Dardi-le-rose-poderi-colla.png","width":200,"height":600},{"@type":"BreadcrumbList","@id":"https:\/\/fonsvinum.com\/de\/produkt\/poderi-colla-barolo-bussia-dardi-le-rose-2019\/#breadcrumb","itemListElement":[{"@type":"ListItem","position":1,"name":"Startseite","item":"https:\/\/fonsvinum.com\/de\/"},{"@type":"ListItem","position":2,"name":"Shop","item":"https:\/\/fonsvinum.com\/de\/shop\/"},{"@type":"ListItem","position":3,"name":"PODERI COLLA Barolo Bussia Dardi le Rose 2019"}]},{"@type":"WebSite","@id":"https:\/\/fonsvinum.com\/en\/#website","url":"https:\/\/fonsvinum.com\/en\/","name":"Fons Vinum","description":"Vendita Vino Online","publisher":{"@id":"https:\/\/fonsvinum.com\/en\/#organization"},"potentialAction":[{"@type":"SearchAction","target":{"@type":"EntryPoint","urlTemplate":"https:\/\/fonsvinum.com\/en\/?s={search_term_string}"},"query-input":{"@type":"PropertyValueSpecification","valueRequired":true,"valueName":"search_term_string"}}],"inLanguage":"de"},{"@type":"Organization","@id":"https:\/\/fonsvinum.com\/en\/#organization","name":"Fons Vinum","url":"https:\/\/fonsvinum.com\/en\/","logo":{"@type":"ImageObject","inLanguage":"de","@id":"https:\/\/fonsvinum.com\/en\/#\/schema\/logo\/image\/","url":"","contentUrl":"","caption":"Fons Vinum"},"image":{"@id":"https:\/\/fonsvinum.com\/en\/#\/schema\/logo\/image\/"}}]}},"acf":[],"_links":{"self":[{"href":"https:\/\/fonsvinum.com\/de\/wp-json\/wp\/v2\/product\/43106","targetHints":{"allow":["GET"]}}],"collection":[{"href":"https:\/\/fonsvinum.com\/de\/wp-json\/wp\/v2\/product"}],"about":[{"href":"https:\/\/fonsvinum.com\/de\/wp-json\/wp\/v2\/types\/product"}],"replies":[{"embeddable":true,"href":"https:\/\/fonsvinum.com\/de\/wp-json\/wp\/v2\/comments?post=43106"}],"wp:featuredmedia":[{"embeddable":true,"href":"https:\/\/fonsvinum.com\/de\/wp-json\/wp\/v2\/media\/41039"}],"wp:attachment":[{"href":"https:\/\/fonsvinum.com\/de\/wp-json\/wp\/v2\/media?parent=43106"}],"wp:term":[{"taxonomy":"product_brand","embeddable":true,"href":"https:\/\/fonsvinum.com\/de\/wp-json\/wp\/v2\/product_brand?post=43106"},{"taxonomy":"product_cat","embeddable":true,"href":"https:\/\/fonsvinum.com\/de\/wp-json\/wp\/v2\/product_cat?post=43106"},{"taxonomy":"product_tag","embeddable":true,"href":"https:\/\/fonsvinum.com\/de\/wp-json\/wp\/v2\/product_tag?post=43106"}],"curies":[{"name":"wp","href":"https:\/\/api.w.org\/{rel}","templated":true}]}}