{"id":42796,"date":"2024-02-02T12:12:40","date_gmt":"2024-02-02T11:12:40","guid":{"rendered":"https:\/\/fonsvinum.com\/?post_type=product&#038;p=42796"},"modified":"2024-02-02T12:17:39","modified_gmt":"2024-02-02T11:17:39","slug":"antica-casa-vinicola-scarpa-la-bogliona-barbera-dasti-superiore-2017","status":"publish","type":"product","link":"https:\/\/fonsvinum.com\/de\/produkt\/antica-casa-vinicola-scarpa-la-bogliona-barbera-dasti-superiore-2017\/","title":{"rendered":"ANTICA CASA VINICOLA SCARPA La Bogliona Barbera d&#8217;Asti Superiore 2017"},"content":{"rendered":"<h1>ANTICA CASA VINICOLA SCARPA La Bogliona Barbera d&#8217;Asti Superiore 2017<\/h1>\n<p>&nbsp;<\/p>\n<h4>Der Weine<\/h4>\n<ul>\n<li>Die rubinrote Farbe ist dicht und undurchdringlich.<\/li>\n<li>Der Duft von Kirschen, Brombeeren und Himbeeren offenbart auch Noten von Minze, Gew\u00fcrze und Kaffee.<\/li>\n<li>Im Mund ist er voll und umh\u00fcllend mit einem unendlich langen Abgang.<\/li>\n<li>Am besten zu Wild zu genie\u00dfen, aber auch ideal zu reifem K\u00e4se.<\/li>\n<\/ul>\n","protected":false},"excerpt":{"rendered":"<p>ANTICA CASA VINICOLA SCARPA La Bogliona Barbera d&#8217;Asti Superiore 2017 &nbsp; Der Weine Die rubinrote Farbe ist dicht und undurchdringlich. Der Duft von Kirschen, Brombeeren und Himbeeren offenbart auch Noten von Minze, Gew\u00fcrze und Kaffee. Im Mund ist er voll und umh\u00fcllend mit einem unendlich langen Abgang. Am besten zu Wild zu genie\u00dfen, aber auch [&hellip;]<\/p>\n","protected":false},"featured_media":39649,"comment_status":"open","ping_status":"closed","template":"","meta":{"_acf_changed":false,"_monsterinsights_skip_tracking":false,"_monsterinsights_sitenote_active":false,"_monsterinsights_sitenote_note":"","_monsterinsights_sitenote_category":0},"product_brand":[],"product_cat":[2170],"product_tag":[1751,2418],"class_list":{"0":"post-42796","1":"product","2":"type-product","3":"status-publish","4":"has-post-thumbnail","6":"product_cat-barbera-de","7":"product_tag-aussergewoehnliche-weine-aus-italien-de","8":"product_tag-kleine-weinzeuger-de","9":"pa_appellation-barbera-dasti-superiore-docg-de","10":"pa_formato-0-75-l-flasche-de","11":"pa_region-piemont-de","12":"pa_vine-100-barbera-de","13":"pa_vintage-2017-de","15":"first","16":"outofstock","17":"taxable","18":"shipping-taxable","19":"purchasable","20":"product-type-simple"},"bundled_by":[],"bundle_stock_status":"outofstock","bundle_stock_quantity":0,"bundle_virtual":false,"bundle_layout":"","bundle_add_to_cart_form_location":"","bundle_editable_in_cart":false,"bundle_sold_individually_context":"","bundle_item_grouping":"","bundle_min_size":"","bundle_max_size":"","bundle_price":[],"bundled_items":[],"bundle_sell_ids":[],"yoast_head":"<!-- This site is optimized with the Yoast SEO plugin v27.2 - https:\/\/yoast.com\/product\/yoast-seo-wordpress\/ -->\n<title>SCARPA La Bogliona Barbera d&#039;Asti Superiore 2017<\/title>\n<meta name=\"description\" content=\"ANTICA CASA VINICOLA SCARPA La Bogliona Barbera d&#039;Asti Superiore 2017 DOCG, Nizza Monferrato , 100% Barbera, 16000 Flasche\" \/>\n<meta name=\"robots\" content=\"index, follow, max-snippet:-1, max-image-preview:large, max-video-preview:-1\" \/>\n<link rel=\"canonical\" href=\"https:\/\/fonsvinum.com\/de\/produkt\/antica-casa-vinicola-scarpa-la-bogliona-barbera-dasti-superiore-2017\/\" \/>\n<meta property=\"og:locale\" content=\"de_DE\" \/>\n<meta property=\"og:type\" content=\"article\" \/>\n<meta property=\"og:title\" content=\"SCARPA La Bogliona Barbera d&#039;Asti Superiore 2017\" \/>\n<meta property=\"og:description\" content=\"ANTICA CASA VINICOLA SCARPA La Bogliona Barbera d&#039;Asti Superiore 2017 DOCG, Nizza Monferrato , 100% Barbera, 16000 Flasche\" \/>\n<meta property=\"og:url\" content=\"https:\/\/fonsvinum.com\/de\/produkt\/antica-casa-vinicola-scarpa-la-bogliona-barbera-dasti-superiore-2017\/\" \/>\n<meta property=\"og:site_name\" content=\"Fons Vinum\" \/>\n<meta property=\"article:modified_time\" content=\"2024-02-02T11:17:39+00:00\" \/>\n<meta property=\"og:image\" content=\"https:\/\/fonsvinum.com\/files\/2023\/02\/SCARPA_la-bogliona-2016.png\" \/>\n\t<meta property=\"og:image:width\" content=\"200\" \/>\n\t<meta property=\"og:image:height\" content=\"600\" \/>\n\t<meta property=\"og:image:type\" content=\"image\/png\" \/>\n<meta name=\"twitter:label1\" content=\"Gesch\u00e4tzte Lesezeit\" \/>\n\t<meta name=\"twitter:data1\" content=\"1\u00a0Minute\" \/>\n<script type=\"application\/ld+json\" class=\"yoast-schema-graph\">{\"@context\":\"https:\/\/schema.org\",\"@graph\":[{\"@type\":\"WebPage\",\"@id\":\"https:\/\/fonsvinum.com\/de\/produkt\/antica-casa-vinicola-scarpa-la-bogliona-barbera-dasti-superiore-2017\/\",\"url\":\"https:\/\/fonsvinum.com\/de\/produkt\/antica-casa-vinicola-scarpa-la-bogliona-barbera-dasti-superiore-2017\/\",\"name\":\"SCARPA La Bogliona Barbera d'Asti Superiore 2017\",\"isPartOf\":{\"@id\":\"https:\/\/fonsvinum.com\/en\/#website\"},\"primaryImageOfPage\":{\"@id\":\"https:\/\/fonsvinum.com\/de\/produkt\/antica-casa-vinicola-scarpa-la-bogliona-barbera-dasti-superiore-2017\/#primaryimage\"},\"image\":{\"@id\":\"https:\/\/fonsvinum.com\/de\/produkt\/antica-casa-vinicola-scarpa-la-bogliona-barbera-dasti-superiore-2017\/#primaryimage\"},\"thumbnailUrl\":\"https:\/\/fonsvinum.com\/files\/2023\/02\/SCARPA_la-bogliona-2016.png\",\"datePublished\":\"2024-02-02T11:12:40+00:00\",\"dateModified\":\"2024-02-02T11:17:39+00:00\",\"description\":\"ANTICA CASA VINICOLA SCARPA La Bogliona Barbera d'Asti Superiore 2017 DOCG, Nizza Monferrato , 100% Barbera, 16000 Flasche\",\"breadcrumb\":{\"@id\":\"https:\/\/fonsvinum.com\/de\/produkt\/antica-casa-vinicola-scarpa-la-bogliona-barbera-dasti-superiore-2017\/#breadcrumb\"},\"inLanguage\":\"de\",\"potentialAction\":[{\"@type\":\"ReadAction\",\"target\":[\"https:\/\/fonsvinum.com\/de\/produkt\/antica-casa-vinicola-scarpa-la-bogliona-barbera-dasti-superiore-2017\/\"]}]},{\"@type\":\"ImageObject\",\"inLanguage\":\"de\",\"@id\":\"https:\/\/fonsvinum.com\/de\/produkt\/antica-casa-vinicola-scarpa-la-bogliona-barbera-dasti-superiore-2017\/#primaryimage\",\"url\":\"https:\/\/fonsvinum.com\/files\/2023\/02\/SCARPA_la-bogliona-2016.png\",\"contentUrl\":\"https:\/\/fonsvinum.com\/files\/2023\/02\/SCARPA_la-bogliona-2016.png\",\"width\":200,\"height\":600,\"caption\":\"SCARPA_la-bogliona-2016\"},{\"@type\":\"BreadcrumbList\",\"@id\":\"https:\/\/fonsvinum.com\/de\/produkt\/antica-casa-vinicola-scarpa-la-bogliona-barbera-dasti-superiore-2017\/#breadcrumb\",\"itemListElement\":[{\"@type\":\"ListItem\",\"position\":1,\"name\":\"Startseite\",\"item\":\"https:\/\/fonsvinum.com\/de\/\"},{\"@type\":\"ListItem\",\"position\":2,\"name\":\"Shop\",\"item\":\"https:\/\/fonsvinum.com\/de\/shop\/\"},{\"@type\":\"ListItem\",\"position\":3,\"name\":\"ANTICA CASA VINICOLA SCARPA La Bogliona Barbera d&#8217;Asti Superiore 2017\"}]},{\"@type\":\"WebSite\",\"@id\":\"https:\/\/fonsvinum.com\/en\/#website\",\"url\":\"https:\/\/fonsvinum.com\/en\/\",\"name\":\"Fons Vinum\",\"description\":\"Vendita Vino Online\",\"publisher\":{\"@id\":\"https:\/\/fonsvinum.com\/en\/#organization\"},\"potentialAction\":[{\"@type\":\"SearchAction\",\"target\":{\"@type\":\"EntryPoint\",\"urlTemplate\":\"https:\/\/fonsvinum.com\/en\/?s={search_term_string}\"},\"query-input\":{\"@type\":\"PropertyValueSpecification\",\"valueRequired\":true,\"valueName\":\"search_term_string\"}}],\"inLanguage\":\"de\"},{\"@type\":\"Organization\",\"@id\":\"https:\/\/fonsvinum.com\/en\/#organization\",\"name\":\"Fons Vinum\",\"url\":\"https:\/\/fonsvinum.com\/en\/\",\"logo\":{\"@type\":\"ImageObject\",\"inLanguage\":\"de\",\"@id\":\"https:\/\/fonsvinum.com\/en\/#\/schema\/logo\/image\/\",\"url\":\"\",\"contentUrl\":\"\",\"caption\":\"Fons Vinum\"},\"image\":{\"@id\":\"https:\/\/fonsvinum.com\/en\/#\/schema\/logo\/image\/\"}}]}<\/script>\n<!-- \/ Yoast SEO plugin. -->","yoast_head_json":{"title":"SCARPA La Bogliona Barbera d'Asti Superiore 2017","description":"ANTICA CASA VINICOLA SCARPA La Bogliona Barbera d'Asti Superiore 2017 DOCG, Nizza Monferrato , 100% Barbera, 16000 Flasche","robots":{"index":"index","follow":"follow","max-snippet":"max-snippet:-1","max-image-preview":"max-image-preview:large","max-video-preview":"max-video-preview:-1"},"canonical":"https:\/\/fonsvinum.com\/de\/produkt\/antica-casa-vinicola-scarpa-la-bogliona-barbera-dasti-superiore-2017\/","og_locale":"de_DE","og_type":"article","og_title":"SCARPA La Bogliona Barbera d'Asti Superiore 2017","og_description":"ANTICA CASA VINICOLA SCARPA La Bogliona Barbera d'Asti Superiore 2017 DOCG, Nizza Monferrato , 100% Barbera, 16000 Flasche","og_url":"https:\/\/fonsvinum.com\/de\/produkt\/antica-casa-vinicola-scarpa-la-bogliona-barbera-dasti-superiore-2017\/","og_site_name":"Fons Vinum","article_modified_time":"2024-02-02T11:17:39+00:00","og_image":[{"width":200,"height":600,"url":"https:\/\/fonsvinum.com\/files\/2023\/02\/SCARPA_la-bogliona-2016.png","type":"image\/png"}],"twitter_misc":{"Gesch\u00e4tzte Lesezeit":"1\u00a0Minute"},"schema":{"@context":"https:\/\/schema.org","@graph":[{"@type":"WebPage","@id":"https:\/\/fonsvinum.com\/de\/produkt\/antica-casa-vinicola-scarpa-la-bogliona-barbera-dasti-superiore-2017\/","url":"https:\/\/fonsvinum.com\/de\/produkt\/antica-casa-vinicola-scarpa-la-bogliona-barbera-dasti-superiore-2017\/","name":"SCARPA La Bogliona Barbera d'Asti Superiore 2017","isPartOf":{"@id":"https:\/\/fonsvinum.com\/en\/#website"},"primaryImageOfPage":{"@id":"https:\/\/fonsvinum.com\/de\/produkt\/antica-casa-vinicola-scarpa-la-bogliona-barbera-dasti-superiore-2017\/#primaryimage"},"image":{"@id":"https:\/\/fonsvinum.com\/de\/produkt\/antica-casa-vinicola-scarpa-la-bogliona-barbera-dasti-superiore-2017\/#primaryimage"},"thumbnailUrl":"https:\/\/fonsvinum.com\/files\/2023\/02\/SCARPA_la-bogliona-2016.png","datePublished":"2024-02-02T11:12:40+00:00","dateModified":"2024-02-02T11:17:39+00:00","description":"ANTICA CASA VINICOLA SCARPA La Bogliona Barbera d'Asti Superiore 2017 DOCG, Nizza Monferrato , 100% Barbera, 16000 Flasche","breadcrumb":{"@id":"https:\/\/fonsvinum.com\/de\/produkt\/antica-casa-vinicola-scarpa-la-bogliona-barbera-dasti-superiore-2017\/#breadcrumb"},"inLanguage":"de","potentialAction":[{"@type":"ReadAction","target":["https:\/\/fonsvinum.com\/de\/produkt\/antica-casa-vinicola-scarpa-la-bogliona-barbera-dasti-superiore-2017\/"]}]},{"@type":"ImageObject","inLanguage":"de","@id":"https:\/\/fonsvinum.com\/de\/produkt\/antica-casa-vinicola-scarpa-la-bogliona-barbera-dasti-superiore-2017\/#primaryimage","url":"https:\/\/fonsvinum.com\/files\/2023\/02\/SCARPA_la-bogliona-2016.png","contentUrl":"https:\/\/fonsvinum.com\/files\/2023\/02\/SCARPA_la-bogliona-2016.png","width":200,"height":600,"caption":"SCARPA_la-bogliona-2016"},{"@type":"BreadcrumbList","@id":"https:\/\/fonsvinum.com\/de\/produkt\/antica-casa-vinicola-scarpa-la-bogliona-barbera-dasti-superiore-2017\/#breadcrumb","itemListElement":[{"@type":"ListItem","position":1,"name":"Startseite","item":"https:\/\/fonsvinum.com\/de\/"},{"@type":"ListItem","position":2,"name":"Shop","item":"https:\/\/fonsvinum.com\/de\/shop\/"},{"@type":"ListItem","position":3,"name":"ANTICA CASA VINICOLA SCARPA La Bogliona Barbera d&#8217;Asti Superiore 2017"}]},{"@type":"WebSite","@id":"https:\/\/fonsvinum.com\/en\/#website","url":"https:\/\/fonsvinum.com\/en\/","name":"Fons Vinum","description":"Vendita Vino Online","publisher":{"@id":"https:\/\/fonsvinum.com\/en\/#organization"},"potentialAction":[{"@type":"SearchAction","target":{"@type":"EntryPoint","urlTemplate":"https:\/\/fonsvinum.com\/en\/?s={search_term_string}"},"query-input":{"@type":"PropertyValueSpecification","valueRequired":true,"valueName":"search_term_string"}}],"inLanguage":"de"},{"@type":"Organization","@id":"https:\/\/fonsvinum.com\/en\/#organization","name":"Fons Vinum","url":"https:\/\/fonsvinum.com\/en\/","logo":{"@type":"ImageObject","inLanguage":"de","@id":"https:\/\/fonsvinum.com\/en\/#\/schema\/logo\/image\/","url":"","contentUrl":"","caption":"Fons Vinum"},"image":{"@id":"https:\/\/fonsvinum.com\/en\/#\/schema\/logo\/image\/"}}]}},"acf":[],"_links":{"self":[{"href":"https:\/\/fonsvinum.com\/de\/wp-json\/wp\/v2\/product\/42796","targetHints":{"allow":["GET"]}}],"collection":[{"href":"https:\/\/fonsvinum.com\/de\/wp-json\/wp\/v2\/product"}],"about":[{"href":"https:\/\/fonsvinum.com\/de\/wp-json\/wp\/v2\/types\/product"}],"replies":[{"embeddable":true,"href":"https:\/\/fonsvinum.com\/de\/wp-json\/wp\/v2\/comments?post=42796"}],"wp:featuredmedia":[{"embeddable":true,"href":"https:\/\/fonsvinum.com\/de\/wp-json\/wp\/v2\/media\/39649"}],"wp:attachment":[{"href":"https:\/\/fonsvinum.com\/de\/wp-json\/wp\/v2\/media?parent=42796"}],"wp:term":[{"taxonomy":"product_brand","embeddable":true,"href":"https:\/\/fonsvinum.com\/de\/wp-json\/wp\/v2\/product_brand?post=42796"},{"taxonomy":"product_cat","embeddable":true,"href":"https:\/\/fonsvinum.com\/de\/wp-json\/wp\/v2\/product_cat?post=42796"},{"taxonomy":"product_tag","embeddable":true,"href":"https:\/\/fonsvinum.com\/de\/wp-json\/wp\/v2\/product_tag?post=42796"}],"curies":[{"name":"wp","href":"https:\/\/api.w.org\/{rel}","templated":true}]}}