{"id":42788,"date":"2024-02-02T12:05:56","date_gmt":"2024-02-02T11:05:56","guid":{"rendered":"https:\/\/fonsvinum.com\/?post_type=product&#038;p=42788"},"modified":"2024-02-02T12:10:53","modified_gmt":"2024-02-02T11:10:53","slug":"luciano-sandrone-barbera-dalba-2021","status":"publish","type":"product","link":"https:\/\/fonsvinum.com\/de\/produkt\/luciano-sandrone-barbera-dalba-2021\/","title":{"rendered":"LUCIANO SANDRONE Barbera d&#8217;Alba 2021"},"content":{"rendered":"<h2><a href=\"https:\/\/fonsvinum.com\/de\/attributes\/producer\/luciano-sandrone-de\/\">LUCIANO SANDRONE<\/a> Barbera d&#8217;Alba 2021<\/h2>\n<p>LUCIANO SANDRONE <a href=\"https:\/\/www.shopinlanghe.com\/sellers?render_type=sellerview&amp;id_seller=5\">Barbera<\/a> d&#8217;Alba 2021<\/p>\n<h2><a href=\"https:\/\/fonsvinum.com\/de\/?s=BARBERA&amp;post_type=product\">BARBERA<\/a> D&#8217;ALBA<\/h2>\n<p><strong>Vom Monferrato in die Langa.<\/strong>\u00a0Urspr\u00fcnglich aus dem Monferrato stammend, erreichte die Rebsorte Barbera in der zweiten H\u00e4lfte des 19. Jahrhunderts zun\u00e4chst das Roero-Gebiet und dann die Langa. In diesen H\u00fcgeln hat die Rebsorte, die oft in Konkurrenz zum Nebbiolo steht, die besten Pl\u00e4tze f\u00fcr sich ausgew\u00e4hlt. Dort, wo kompakte und mergelhaltige B\u00f6den vorherrschen und wo die Pflanzen m\u00f6glichst lange von der Sonne profitieren k\u00f6nnen. Aus dieser besonderen Symbiose entstand der Barbera d&#8217;Alba, fruchtig und vollmundig, ein weiterer Protagonist der Weinberge und der piemontesischen Weinkeller.<\/p>\n<p><strong>Ausgewogenheit und Harmonie.\u00a0<\/strong>Sandrone baut Barbera-Reben in sieben verschiedenen Lagen inmitten der Barolo-H\u00fcgel an. Jede einzelne pr\u00e4gt durch die Besonderheit des Bodens und der mikroklimatischen Bedingungen ihren ganz eigenen Charakter. Die Lese findet von Hand statt und wir vinifizieren die Barbera-Trauben stets getrennt, um den Bezug zu den unterschiedlichen Herk\u00fcnften umzusetzen. Aus der Verm\u00e4hlung dieser Weine entsteht dann unser Barbera d&#8217;Alba. Er reift 15 Monate in Holzf\u00e4ssern, zum Teil neues Holz ebenso wie Zweitbelegungen, um die nat\u00fcrliche Ausgewogenheit und Struktur des Weins zu erhalten, die mehr von Frucht, Duft und den dezenten Tanninen inspiriert ist.<\/p>\n","protected":false},"excerpt":{"rendered":"<p>LUCIANO SANDRONE Barbera d&#8217;Alba 2021 LUCIANO SANDRONE Barbera d&#8217;Alba 2021 BARBERA D&#8217;ALBA Vom Monferrato in die Langa.\u00a0Urspr\u00fcnglich aus dem Monferrato stammend, erreichte die Rebsorte Barbera in der zweiten H\u00e4lfte des 19. Jahrhunderts zun\u00e4chst das Roero-Gebiet und dann die Langa. In diesen H\u00fcgeln hat die Rebsorte, die oft in Konkurrenz zum Nebbiolo steht, die besten Pl\u00e4tze [&hellip;]<\/p>\n","protected":false},"featured_media":22522,"comment_status":"open","ping_status":"closed","template":"","meta":{"_acf_changed":false,"_monsterinsights_skip_tracking":false,"_monsterinsights_sitenote_active":false,"_monsterinsights_sitenote_note":"","_monsterinsights_sitenote_category":0},"product_brand":[],"product_cat":[2170,2332],"product_tag":[17718,15893,15959],"class_list":{"0":"post-42788","1":"product","2":"type-product","3":"status-publish","4":"has-post-thumbnail","6":"product_cat-barbera-de","7":"product_cat-rotweine-de","8":"product_tag-barbera-de","9":"product_tag-piemonte-de","10":"product_tag-vino-rosso-de","11":"pa_appellation-barbera-dalba-doc-de","12":"pa_formato-0-75-l-flasche-de","13":"pa_producer-luciano-sandrone-de","14":"pa_region-piemont-de","15":"pa_vine-100-barbera-de","16":"pa_vintage-18393","18":"first","19":"instock","20":"taxable","21":"shipping-taxable","22":"purchasable","23":"product-type-simple"},"bundled_by":[],"bundle_stock_status":"instock","bundle_stock_quantity":3,"bundle_virtual":false,"bundle_layout":"","bundle_add_to_cart_form_location":"","bundle_editable_in_cart":false,"bundle_sold_individually_context":"","bundle_item_grouping":"","bundle_min_size":"","bundle_max_size":"","bundle_price":[],"bundled_items":[],"bundle_sell_ids":[],"yoast_head":"<!-- This site is optimized with the Yoast SEO plugin v27.3 - https:\/\/yoast.com\/product\/yoast-seo-wordpress\/ -->\n<title>LUCIANO SANDRONE Barbera d&#039;Alba 2021- Fons Vinum<\/title>\n<meta name=\"description\" content=\"LUCIANO SANDRONE Barbera d&#039;Alba 2021 - Fons Vinum- Sandrone baut Barbera-Reben in sieben verschiedenen Lagen inmitten der Barolo-H\u00fcgel an.\" \/>\n<meta name=\"robots\" content=\"index, follow, max-snippet:-1, max-image-preview:large, max-video-preview:-1\" \/>\n<link rel=\"canonical\" href=\"https:\/\/fonsvinum.com\/de\/produkt\/luciano-sandrone-barbera-dalba-2021\/\" \/>\n<meta property=\"og:locale\" content=\"de_DE\" \/>\n<meta property=\"og:type\" content=\"article\" \/>\n<meta property=\"og:title\" content=\"LUCIANO SANDRONE Barbera d&#039;Alba 2021- Fons Vinum\" \/>\n<meta property=\"og:description\" content=\"LUCIANO SANDRONE Barbera d&#039;Alba 2021 - Fons Vinum- Sandrone baut Barbera-Reben in sieben verschiedenen Lagen inmitten der Barolo-H\u00fcgel an.\" \/>\n<meta property=\"og:url\" content=\"https:\/\/fonsvinum.com\/de\/produkt\/luciano-sandrone-barbera-dalba-2021\/\" \/>\n<meta property=\"og:site_name\" content=\"Fons Vinum\" \/>\n<meta property=\"article:modified_time\" content=\"2024-02-02T11:10:53+00:00\" \/>\n<meta property=\"og:image\" content=\"https:\/\/fonsvinum.com\/files\/2020\/02\/barbera-alba-luciano-sandrone.jpg\" \/>\n\t<meta property=\"og:image:width\" content=\"200\" \/>\n\t<meta property=\"og:image:height\" content=\"600\" \/>\n\t<meta property=\"og:image:type\" content=\"image\/jpeg\" \/>\n<meta name=\"twitter:label1\" content=\"Gesch\u00e4tzte Lesezeit\" \/>\n\t<meta name=\"twitter:data1\" content=\"2\u00a0Minuten\" \/>\n<script type=\"application\/ld+json\" class=\"yoast-schema-graph\">{\"@context\":\"https:\\\/\\\/schema.org\",\"@graph\":[{\"@type\":\"WebPage\",\"@id\":\"https:\\\/\\\/fonsvinum.com\\\/de\\\/produkt\\\/luciano-sandrone-barbera-dalba-2021\\\/\",\"url\":\"https:\\\/\\\/fonsvinum.com\\\/de\\\/produkt\\\/luciano-sandrone-barbera-dalba-2021\\\/\",\"name\":\"LUCIANO SANDRONE Barbera d'Alba 2021- Fons Vinum\",\"isPartOf\":{\"@id\":\"https:\\\/\\\/fonsvinum.com\\\/en\\\/#website\"},\"primaryImageOfPage\":{\"@id\":\"https:\\\/\\\/fonsvinum.com\\\/de\\\/produkt\\\/luciano-sandrone-barbera-dalba-2021\\\/#primaryimage\"},\"image\":{\"@id\":\"https:\\\/\\\/fonsvinum.com\\\/de\\\/produkt\\\/luciano-sandrone-barbera-dalba-2021\\\/#primaryimage\"},\"thumbnailUrl\":\"https:\\\/\\\/fonsvinum.com\\\/files\\\/2020\\\/02\\\/barbera-alba-luciano-sandrone.jpg\",\"datePublished\":\"2024-02-02T11:05:56+00:00\",\"dateModified\":\"2024-02-02T11:10:53+00:00\",\"description\":\"LUCIANO SANDRONE Barbera d'Alba 2021 - Fons Vinum- Sandrone baut Barbera-Reben in sieben verschiedenen Lagen inmitten der Barolo-H\u00fcgel an.\",\"breadcrumb\":{\"@id\":\"https:\\\/\\\/fonsvinum.com\\\/de\\\/produkt\\\/luciano-sandrone-barbera-dalba-2021\\\/#breadcrumb\"},\"inLanguage\":\"de\",\"potentialAction\":[{\"@type\":\"ReadAction\",\"target\":[\"https:\\\/\\\/fonsvinum.com\\\/de\\\/produkt\\\/luciano-sandrone-barbera-dalba-2021\\\/\"]}]},{\"@type\":\"ImageObject\",\"inLanguage\":\"de\",\"@id\":\"https:\\\/\\\/fonsvinum.com\\\/de\\\/produkt\\\/luciano-sandrone-barbera-dalba-2021\\\/#primaryimage\",\"url\":\"https:\\\/\\\/fonsvinum.com\\\/files\\\/2020\\\/02\\\/barbera-alba-luciano-sandrone.jpg\",\"contentUrl\":\"https:\\\/\\\/fonsvinum.com\\\/files\\\/2020\\\/02\\\/barbera-alba-luciano-sandrone.jpg\",\"width\":200,\"height\":600},{\"@type\":\"BreadcrumbList\",\"@id\":\"https:\\\/\\\/fonsvinum.com\\\/de\\\/produkt\\\/luciano-sandrone-barbera-dalba-2021\\\/#breadcrumb\",\"itemListElement\":[{\"@type\":\"ListItem\",\"position\":1,\"name\":\"Startseite\",\"item\":\"https:\\\/\\\/fonsvinum.com\\\/de\\\/\"},{\"@type\":\"ListItem\",\"position\":2,\"name\":\"Shop\",\"item\":\"https:\\\/\\\/fonsvinum.com\\\/de\\\/shop\\\/\"},{\"@type\":\"ListItem\",\"position\":3,\"name\":\"LUCIANO SANDRONE Barbera d&#8217;Alba 2021\"}]},{\"@type\":\"WebSite\",\"@id\":\"https:\\\/\\\/fonsvinum.com\\\/en\\\/#website\",\"url\":\"https:\\\/\\\/fonsvinum.com\\\/en\\\/\",\"name\":\"Fons Vinum\",\"description\":\"Vendita Vino Online\",\"publisher\":{\"@id\":\"https:\\\/\\\/fonsvinum.com\\\/en\\\/#organization\"},\"potentialAction\":[{\"@type\":\"SearchAction\",\"target\":{\"@type\":\"EntryPoint\",\"urlTemplate\":\"https:\\\/\\\/fonsvinum.com\\\/en\\\/?s={search_term_string}\"},\"query-input\":{\"@type\":\"PropertyValueSpecification\",\"valueRequired\":true,\"valueName\":\"search_term_string\"}}],\"inLanguage\":\"de\"},{\"@type\":\"Organization\",\"@id\":\"https:\\\/\\\/fonsvinum.com\\\/en\\\/#organization\",\"name\":\"Fons Vinum\",\"url\":\"https:\\\/\\\/fonsvinum.com\\\/en\\\/\",\"logo\":{\"@type\":\"ImageObject\",\"inLanguage\":\"de\",\"@id\":\"https:\\\/\\\/fonsvinum.com\\\/en\\\/#\\\/schema\\\/logo\\\/image\\\/\",\"url\":\"\",\"contentUrl\":\"\",\"caption\":\"Fons Vinum\"},\"image\":{\"@id\":\"https:\\\/\\\/fonsvinum.com\\\/en\\\/#\\\/schema\\\/logo\\\/image\\\/\"}}]}<\/script>\n<!-- \/ Yoast SEO plugin. -->","yoast_head_json":{"title":"LUCIANO SANDRONE Barbera d'Alba 2021- Fons Vinum","description":"LUCIANO SANDRONE Barbera d'Alba 2021 - Fons Vinum- Sandrone baut Barbera-Reben in sieben verschiedenen Lagen inmitten der Barolo-H\u00fcgel an.","robots":{"index":"index","follow":"follow","max-snippet":"max-snippet:-1","max-image-preview":"max-image-preview:large","max-video-preview":"max-video-preview:-1"},"canonical":"https:\/\/fonsvinum.com\/de\/produkt\/luciano-sandrone-barbera-dalba-2021\/","og_locale":"de_DE","og_type":"article","og_title":"LUCIANO SANDRONE Barbera d'Alba 2021- Fons Vinum","og_description":"LUCIANO SANDRONE Barbera d'Alba 2021 - Fons Vinum- Sandrone baut Barbera-Reben in sieben verschiedenen Lagen inmitten der Barolo-H\u00fcgel an.","og_url":"https:\/\/fonsvinum.com\/de\/produkt\/luciano-sandrone-barbera-dalba-2021\/","og_site_name":"Fons Vinum","article_modified_time":"2024-02-02T11:10:53+00:00","og_image":[{"width":200,"height":600,"url":"https:\/\/fonsvinum.com\/files\/2020\/02\/barbera-alba-luciano-sandrone.jpg","type":"image\/jpeg"}],"twitter_misc":{"Gesch\u00e4tzte Lesezeit":"2\u00a0Minuten"},"schema":{"@context":"https:\/\/schema.org","@graph":[{"@type":"WebPage","@id":"https:\/\/fonsvinum.com\/de\/produkt\/luciano-sandrone-barbera-dalba-2021\/","url":"https:\/\/fonsvinum.com\/de\/produkt\/luciano-sandrone-barbera-dalba-2021\/","name":"LUCIANO SANDRONE Barbera d'Alba 2021- Fons Vinum","isPartOf":{"@id":"https:\/\/fonsvinum.com\/en\/#website"},"primaryImageOfPage":{"@id":"https:\/\/fonsvinum.com\/de\/produkt\/luciano-sandrone-barbera-dalba-2021\/#primaryimage"},"image":{"@id":"https:\/\/fonsvinum.com\/de\/produkt\/luciano-sandrone-barbera-dalba-2021\/#primaryimage"},"thumbnailUrl":"https:\/\/fonsvinum.com\/files\/2020\/02\/barbera-alba-luciano-sandrone.jpg","datePublished":"2024-02-02T11:05:56+00:00","dateModified":"2024-02-02T11:10:53+00:00","description":"LUCIANO SANDRONE Barbera d'Alba 2021 - Fons Vinum- Sandrone baut Barbera-Reben in sieben verschiedenen Lagen inmitten der Barolo-H\u00fcgel an.","breadcrumb":{"@id":"https:\/\/fonsvinum.com\/de\/produkt\/luciano-sandrone-barbera-dalba-2021\/#breadcrumb"},"inLanguage":"de","potentialAction":[{"@type":"ReadAction","target":["https:\/\/fonsvinum.com\/de\/produkt\/luciano-sandrone-barbera-dalba-2021\/"]}]},{"@type":"ImageObject","inLanguage":"de","@id":"https:\/\/fonsvinum.com\/de\/produkt\/luciano-sandrone-barbera-dalba-2021\/#primaryimage","url":"https:\/\/fonsvinum.com\/files\/2020\/02\/barbera-alba-luciano-sandrone.jpg","contentUrl":"https:\/\/fonsvinum.com\/files\/2020\/02\/barbera-alba-luciano-sandrone.jpg","width":200,"height":600},{"@type":"BreadcrumbList","@id":"https:\/\/fonsvinum.com\/de\/produkt\/luciano-sandrone-barbera-dalba-2021\/#breadcrumb","itemListElement":[{"@type":"ListItem","position":1,"name":"Startseite","item":"https:\/\/fonsvinum.com\/de\/"},{"@type":"ListItem","position":2,"name":"Shop","item":"https:\/\/fonsvinum.com\/de\/shop\/"},{"@type":"ListItem","position":3,"name":"LUCIANO SANDRONE Barbera d&#8217;Alba 2021"}]},{"@type":"WebSite","@id":"https:\/\/fonsvinum.com\/en\/#website","url":"https:\/\/fonsvinum.com\/en\/","name":"Fons Vinum","description":"Vendita Vino Online","publisher":{"@id":"https:\/\/fonsvinum.com\/en\/#organization"},"potentialAction":[{"@type":"SearchAction","target":{"@type":"EntryPoint","urlTemplate":"https:\/\/fonsvinum.com\/en\/?s={search_term_string}"},"query-input":{"@type":"PropertyValueSpecification","valueRequired":true,"valueName":"search_term_string"}}],"inLanguage":"de"},{"@type":"Organization","@id":"https:\/\/fonsvinum.com\/en\/#organization","name":"Fons Vinum","url":"https:\/\/fonsvinum.com\/en\/","logo":{"@type":"ImageObject","inLanguage":"de","@id":"https:\/\/fonsvinum.com\/en\/#\/schema\/logo\/image\/","url":"","contentUrl":"","caption":"Fons Vinum"},"image":{"@id":"https:\/\/fonsvinum.com\/en\/#\/schema\/logo\/image\/"}}]}},"acf":[],"_links":{"self":[{"href":"https:\/\/fonsvinum.com\/de\/wp-json\/wp\/v2\/product\/42788","targetHints":{"allow":["GET"]}}],"collection":[{"href":"https:\/\/fonsvinum.com\/de\/wp-json\/wp\/v2\/product"}],"about":[{"href":"https:\/\/fonsvinum.com\/de\/wp-json\/wp\/v2\/types\/product"}],"replies":[{"embeddable":true,"href":"https:\/\/fonsvinum.com\/de\/wp-json\/wp\/v2\/comments?post=42788"}],"wp:featuredmedia":[{"embeddable":true,"href":"https:\/\/fonsvinum.com\/de\/wp-json\/wp\/v2\/media\/22522"}],"wp:attachment":[{"href":"https:\/\/fonsvinum.com\/de\/wp-json\/wp\/v2\/media?parent=42788"}],"wp:term":[{"taxonomy":"product_brand","embeddable":true,"href":"https:\/\/fonsvinum.com\/de\/wp-json\/wp\/v2\/product_brand?post=42788"},{"taxonomy":"product_cat","embeddable":true,"href":"https:\/\/fonsvinum.com\/de\/wp-json\/wp\/v2\/product_cat?post=42788"},{"taxonomy":"product_tag","embeddable":true,"href":"https:\/\/fonsvinum.com\/de\/wp-json\/wp\/v2\/product_tag?post=42788"}],"curies":[{"name":"wp","href":"https:\/\/api.w.org\/{rel}","templated":true}]}}