{"id":42602,"date":"2024-01-16T11:10:54","date_gmt":"2024-01-16T10:10:54","guid":{"rendered":"https:\/\/fonsvinum.com\/?post_type=product&#038;p=42602"},"modified":"2024-01-16T11:25:44","modified_gmt":"2024-01-16T10:25:44","slug":"le-macchiole-paleo-rosso-2019","status":"publish","type":"product","link":"https:\/\/fonsvinum.com\/de\/produkt\/le-macchiole-paleo-rosso-2019\/","title":{"rendered":"Le Macchiole Paleo Rosso 2019"},"content":{"rendered":"<h1>Le Macchiole Paleo Rosso 2019<\/h1>\n<p>In dem trocken hei\u00dfen Klima an der toskanischen K\u00fcste mit k\u00fchlen Nachtwinden findet der Cabernet Franc auf Lehmboden perfekte Bedingungen, vielleicht die besten auf der ganzen Welt.<\/p>\n<p>Der Paleo Rosso ist der wichtigste Wein von Le Macchiole.<\/p>\n<p>Die Nachfrage nach Le Macchiole Weinen ist enorm, wir k\u00f6nnen Ihnen aber einige Flaschen dieses tollen Weins anbieten.<\/p>\n","protected":false},"excerpt":{"rendered":"<p>Le Macchiole Paleo Rosso 2019 In dem trocken hei\u00dfen Klima an der toskanischen K\u00fcste mit k\u00fchlen Nachtwinden findet der Cabernet Franc auf Lehmboden perfekte Bedingungen, vielleicht die besten auf der ganzen Welt. Der Paleo Rosso ist der wichtigste Wein von Le Macchiole. Die Nachfrage nach Le Macchiole Weinen ist enorm, wir k\u00f6nnen Ihnen aber einige [&hellip;]<\/p>\n","protected":false},"featured_media":9995,"comment_status":"open","ping_status":"closed","template":"","meta":{"_acf_changed":false,"_monsterinsights_skip_tracking":false,"_monsterinsights_sitenote_active":false,"_monsterinsights_sitenote_note":"","_monsterinsights_sitenote_category":0},"product_brand":[],"product_cat":[15711],"product_tag":[1745,3583],"class_list":{"0":"post-42602","1":"product","2":"type-product","3":"status-publish","4":"has-post-thumbnail","6":"product_cat-cabernet-franc-de","7":"product_tag-super-tuscan-de","8":"product_tag-vini-toscani-de","9":"pa_appellation-toscana-rosso-igt-de","10":"pa_formato-0-75-l-flasche-de","11":"pa_producer-le-macchiole-de","12":"pa_region-toskana-de","13":"pa_vine-100-cabernet-franc-de","14":"pa_vintage-2019-de","16":"first","17":"outofstock","18":"taxable","19":"shipping-taxable","20":"purchasable","21":"product-type-simple"},"bundled_by":[],"bundle_stock_status":"outofstock","bundle_stock_quantity":0,"bundle_virtual":false,"bundle_layout":"","bundle_add_to_cart_form_location":"","bundle_editable_in_cart":false,"bundle_sold_individually_context":"","bundle_item_grouping":"","bundle_min_size":"","bundle_max_size":"","bundle_price":[],"bundled_items":[],"bundle_sell_ids":[],"yoast_head":"<!-- This site is optimized with the Yoast SEO plugin v27.2 - https:\/\/yoast.com\/product\/yoast-seo-wordpress\/ -->\n<title>Buy Le Macchiole Paleo Rosso 2019 buy Fons Vinum<\/title>\n<meta name=\"description\" content=\"Le Macchiole Paleo Rosso 2019 Fons Vinum Die Nachfrage nach Le Macchiole Weinen ist enorm, wir k\u00f6nnen Ihnen aber einige Flaschen dieses\" \/>\n<meta name=\"robots\" content=\"index, follow, max-snippet:-1, max-image-preview:large, max-video-preview:-1\" \/>\n<link rel=\"canonical\" href=\"https:\/\/fonsvinum.com\/de\/produkt\/le-macchiole-paleo-rosso-2019\/\" \/>\n<meta property=\"og:locale\" content=\"de_DE\" \/>\n<meta property=\"og:type\" content=\"article\" \/>\n<meta property=\"og:title\" content=\"Buy Le Macchiole Paleo Rosso 2019 buy Fons Vinum\" \/>\n<meta property=\"og:description\" content=\"Le Macchiole Paleo Rosso 2019 Fons Vinum Die Nachfrage nach Le Macchiole Weinen ist enorm, wir k\u00f6nnen Ihnen aber einige Flaschen dieses\" \/>\n<meta property=\"og:url\" content=\"https:\/\/fonsvinum.com\/de\/produkt\/le-macchiole-paleo-rosso-2019\/\" \/>\n<meta property=\"og:site_name\" content=\"Fons Vinum\" \/>\n<meta property=\"article:modified_time\" content=\"2024-01-16T10:25:44+00:00\" \/>\n<meta property=\"og:image\" content=\"https:\/\/fonsvinum.com\/files\/2017\/01\/Paleo-Rosso-Le-Macchiole.png\" \/>\n\t<meta property=\"og:image:width\" content=\"200\" \/>\n\t<meta property=\"og:image:height\" content=\"600\" \/>\n\t<meta property=\"og:image:type\" content=\"image\/png\" \/>\n<meta name=\"twitter:label1\" content=\"Gesch\u00e4tzte Lesezeit\" \/>\n\t<meta name=\"twitter:data1\" content=\"1\u00a0Minute\" \/>\n<script type=\"application\/ld+json\" class=\"yoast-schema-graph\">{\"@context\":\"https:\/\/schema.org\",\"@graph\":[{\"@type\":\"WebPage\",\"@id\":\"https:\/\/fonsvinum.com\/de\/produkt\/le-macchiole-paleo-rosso-2019\/\",\"url\":\"https:\/\/fonsvinum.com\/de\/produkt\/le-macchiole-paleo-rosso-2019\/\",\"name\":\"Buy Le Macchiole Paleo Rosso 2019 buy Fons Vinum\",\"isPartOf\":{\"@id\":\"https:\/\/fonsvinum.com\/en\/#website\"},\"primaryImageOfPage\":{\"@id\":\"https:\/\/fonsvinum.com\/de\/produkt\/le-macchiole-paleo-rosso-2019\/#primaryimage\"},\"image\":{\"@id\":\"https:\/\/fonsvinum.com\/de\/produkt\/le-macchiole-paleo-rosso-2019\/#primaryimage\"},\"thumbnailUrl\":\"https:\/\/fonsvinum.com\/files\/2017\/01\/Paleo-Rosso-Le-Macchiole.png\",\"datePublished\":\"2024-01-16T10:10:54+00:00\",\"dateModified\":\"2024-01-16T10:25:44+00:00\",\"description\":\"Le Macchiole Paleo Rosso 2019 Fons Vinum Die Nachfrage nach Le Macchiole Weinen ist enorm, wir k\u00f6nnen Ihnen aber einige Flaschen dieses\",\"breadcrumb\":{\"@id\":\"https:\/\/fonsvinum.com\/de\/produkt\/le-macchiole-paleo-rosso-2019\/#breadcrumb\"},\"inLanguage\":\"de\",\"potentialAction\":[{\"@type\":\"ReadAction\",\"target\":[\"https:\/\/fonsvinum.com\/de\/produkt\/le-macchiole-paleo-rosso-2019\/\"]}]},{\"@type\":\"ImageObject\",\"inLanguage\":\"de\",\"@id\":\"https:\/\/fonsvinum.com\/de\/produkt\/le-macchiole-paleo-rosso-2019\/#primaryimage\",\"url\":\"https:\/\/fonsvinum.com\/files\/2017\/01\/Paleo-Rosso-Le-Macchiole.png\",\"contentUrl\":\"https:\/\/fonsvinum.com\/files\/2017\/01\/Paleo-Rosso-Le-Macchiole.png\",\"width\":200,\"height\":600},{\"@type\":\"BreadcrumbList\",\"@id\":\"https:\/\/fonsvinum.com\/de\/produkt\/le-macchiole-paleo-rosso-2019\/#breadcrumb\",\"itemListElement\":[{\"@type\":\"ListItem\",\"position\":1,\"name\":\"Startseite\",\"item\":\"https:\/\/fonsvinum.com\/de\/\"},{\"@type\":\"ListItem\",\"position\":2,\"name\":\"Shop\",\"item\":\"https:\/\/fonsvinum.com\/de\/shop\/\"},{\"@type\":\"ListItem\",\"position\":3,\"name\":\"Le Macchiole Paleo Rosso 2019\"}]},{\"@type\":\"WebSite\",\"@id\":\"https:\/\/fonsvinum.com\/en\/#website\",\"url\":\"https:\/\/fonsvinum.com\/en\/\",\"name\":\"Fons Vinum\",\"description\":\"Vendita Vino Online\",\"publisher\":{\"@id\":\"https:\/\/fonsvinum.com\/en\/#organization\"},\"potentialAction\":[{\"@type\":\"SearchAction\",\"target\":{\"@type\":\"EntryPoint\",\"urlTemplate\":\"https:\/\/fonsvinum.com\/en\/?s={search_term_string}\"},\"query-input\":{\"@type\":\"PropertyValueSpecification\",\"valueRequired\":true,\"valueName\":\"search_term_string\"}}],\"inLanguage\":\"de\"},{\"@type\":\"Organization\",\"@id\":\"https:\/\/fonsvinum.com\/en\/#organization\",\"name\":\"Fons Vinum\",\"url\":\"https:\/\/fonsvinum.com\/en\/\",\"logo\":{\"@type\":\"ImageObject\",\"inLanguage\":\"de\",\"@id\":\"https:\/\/fonsvinum.com\/en\/#\/schema\/logo\/image\/\",\"url\":\"\",\"contentUrl\":\"\",\"caption\":\"Fons Vinum\"},\"image\":{\"@id\":\"https:\/\/fonsvinum.com\/en\/#\/schema\/logo\/image\/\"}}]}<\/script>\n<!-- \/ Yoast SEO plugin. -->","yoast_head_json":{"title":"Buy Le Macchiole Paleo Rosso 2019 buy Fons Vinum","description":"Le Macchiole Paleo Rosso 2019 Fons Vinum Die Nachfrage nach Le Macchiole Weinen ist enorm, wir k\u00f6nnen Ihnen aber einige Flaschen dieses","robots":{"index":"index","follow":"follow","max-snippet":"max-snippet:-1","max-image-preview":"max-image-preview:large","max-video-preview":"max-video-preview:-1"},"canonical":"https:\/\/fonsvinum.com\/de\/produkt\/le-macchiole-paleo-rosso-2019\/","og_locale":"de_DE","og_type":"article","og_title":"Buy Le Macchiole Paleo Rosso 2019 buy Fons Vinum","og_description":"Le Macchiole Paleo Rosso 2019 Fons Vinum Die Nachfrage nach Le Macchiole Weinen ist enorm, wir k\u00f6nnen Ihnen aber einige Flaschen dieses","og_url":"https:\/\/fonsvinum.com\/de\/produkt\/le-macchiole-paleo-rosso-2019\/","og_site_name":"Fons Vinum","article_modified_time":"2024-01-16T10:25:44+00:00","og_image":[{"width":200,"height":600,"url":"https:\/\/fonsvinum.com\/files\/2017\/01\/Paleo-Rosso-Le-Macchiole.png","type":"image\/png"}],"twitter_misc":{"Gesch\u00e4tzte Lesezeit":"1\u00a0Minute"},"schema":{"@context":"https:\/\/schema.org","@graph":[{"@type":"WebPage","@id":"https:\/\/fonsvinum.com\/de\/produkt\/le-macchiole-paleo-rosso-2019\/","url":"https:\/\/fonsvinum.com\/de\/produkt\/le-macchiole-paleo-rosso-2019\/","name":"Buy Le Macchiole Paleo Rosso 2019 buy Fons Vinum","isPartOf":{"@id":"https:\/\/fonsvinum.com\/en\/#website"},"primaryImageOfPage":{"@id":"https:\/\/fonsvinum.com\/de\/produkt\/le-macchiole-paleo-rosso-2019\/#primaryimage"},"image":{"@id":"https:\/\/fonsvinum.com\/de\/produkt\/le-macchiole-paleo-rosso-2019\/#primaryimage"},"thumbnailUrl":"https:\/\/fonsvinum.com\/files\/2017\/01\/Paleo-Rosso-Le-Macchiole.png","datePublished":"2024-01-16T10:10:54+00:00","dateModified":"2024-01-16T10:25:44+00:00","description":"Le Macchiole Paleo Rosso 2019 Fons Vinum Die Nachfrage nach Le Macchiole Weinen ist enorm, wir k\u00f6nnen Ihnen aber einige Flaschen dieses","breadcrumb":{"@id":"https:\/\/fonsvinum.com\/de\/produkt\/le-macchiole-paleo-rosso-2019\/#breadcrumb"},"inLanguage":"de","potentialAction":[{"@type":"ReadAction","target":["https:\/\/fonsvinum.com\/de\/produkt\/le-macchiole-paleo-rosso-2019\/"]}]},{"@type":"ImageObject","inLanguage":"de","@id":"https:\/\/fonsvinum.com\/de\/produkt\/le-macchiole-paleo-rosso-2019\/#primaryimage","url":"https:\/\/fonsvinum.com\/files\/2017\/01\/Paleo-Rosso-Le-Macchiole.png","contentUrl":"https:\/\/fonsvinum.com\/files\/2017\/01\/Paleo-Rosso-Le-Macchiole.png","width":200,"height":600},{"@type":"BreadcrumbList","@id":"https:\/\/fonsvinum.com\/de\/produkt\/le-macchiole-paleo-rosso-2019\/#breadcrumb","itemListElement":[{"@type":"ListItem","position":1,"name":"Startseite","item":"https:\/\/fonsvinum.com\/de\/"},{"@type":"ListItem","position":2,"name":"Shop","item":"https:\/\/fonsvinum.com\/de\/shop\/"},{"@type":"ListItem","position":3,"name":"Le Macchiole Paleo Rosso 2019"}]},{"@type":"WebSite","@id":"https:\/\/fonsvinum.com\/en\/#website","url":"https:\/\/fonsvinum.com\/en\/","name":"Fons Vinum","description":"Vendita Vino Online","publisher":{"@id":"https:\/\/fonsvinum.com\/en\/#organization"},"potentialAction":[{"@type":"SearchAction","target":{"@type":"EntryPoint","urlTemplate":"https:\/\/fonsvinum.com\/en\/?s={search_term_string}"},"query-input":{"@type":"PropertyValueSpecification","valueRequired":true,"valueName":"search_term_string"}}],"inLanguage":"de"},{"@type":"Organization","@id":"https:\/\/fonsvinum.com\/en\/#organization","name":"Fons Vinum","url":"https:\/\/fonsvinum.com\/en\/","logo":{"@type":"ImageObject","inLanguage":"de","@id":"https:\/\/fonsvinum.com\/en\/#\/schema\/logo\/image\/","url":"","contentUrl":"","caption":"Fons Vinum"},"image":{"@id":"https:\/\/fonsvinum.com\/en\/#\/schema\/logo\/image\/"}}]}},"acf":[],"_links":{"self":[{"href":"https:\/\/fonsvinum.com\/de\/wp-json\/wp\/v2\/product\/42602","targetHints":{"allow":["GET"]}}],"collection":[{"href":"https:\/\/fonsvinum.com\/de\/wp-json\/wp\/v2\/product"}],"about":[{"href":"https:\/\/fonsvinum.com\/de\/wp-json\/wp\/v2\/types\/product"}],"replies":[{"embeddable":true,"href":"https:\/\/fonsvinum.com\/de\/wp-json\/wp\/v2\/comments?post=42602"}],"wp:featuredmedia":[{"embeddable":true,"href":"https:\/\/fonsvinum.com\/de\/wp-json\/wp\/v2\/media\/9995"}],"wp:attachment":[{"href":"https:\/\/fonsvinum.com\/de\/wp-json\/wp\/v2\/media?parent=42602"}],"wp:term":[{"taxonomy":"product_brand","embeddable":true,"href":"https:\/\/fonsvinum.com\/de\/wp-json\/wp\/v2\/product_brand?post=42602"},{"taxonomy":"product_cat","embeddable":true,"href":"https:\/\/fonsvinum.com\/de\/wp-json\/wp\/v2\/product_cat?post=42602"},{"taxonomy":"product_tag","embeddable":true,"href":"https:\/\/fonsvinum.com\/de\/wp-json\/wp\/v2\/product_tag?post=42602"}],"curies":[{"name":"wp","href":"https:\/\/api.w.org\/{rel}","templated":true}]}}