{"id":42079,"date":"2023-09-21T11:30:50","date_gmt":"2023-09-21T09:30:50","guid":{"rendered":"https:\/\/fonsvinum.com\/?post_type=product&#038;p=42079"},"modified":"2026-04-17T07:25:42","modified_gmt":"2026-04-17T05:25:42","slug":"barbaresco-il-bricco-2013-pio-cesare","status":"publish","type":"product","link":"https:\/\/fonsvinum.com\/de\/produkt\/barbaresco-il-bricco-2013-pio-cesare\/","title":{"rendered":"BARBARESCO \u201eIL BRICCO\u201c 2013 PIO CESARE"},"content":{"rendered":"<h1><a href=\"https:\/\/fonsvinum.com\/de\/produkt-kategorie\/rotweine-de\/barbaresco-de\/\">BARBARESCO<\/a> \u201eIL BRICCO\u201c 2013 <a href=\"https:\/\/www.piocesare.it\/\">PIO CESARE<\/a><\/h1>\n<h2><a href=\"https:\/\/fonsvinum.com\/?s=PIO+CESARE&amp;post_type=product\">PIO CESARE<\/a><\/h2>\n<p>Die Familie besitzt etwa 70 Hektar Weinberge in besonders geeigneten Lagen.<\/p>\n<p>Die offizielle Klassifizierung der Weinberge \u2013 Menzioni Geografiche Aggiuntive \u2013 wurde f\u00fcr den Barolo im Jahr 2010 abgeschlossen. F\u00fcr den Barbaresco hingegen endete sie 2007. Jeder Weinberg in den Gebieten Barolo und Barbaresco ist stolz in der Liste der \u201eMenzioni Geografiche Aggiuntive\u201c aufgef\u00fchrt.  <\/p>\n<p>Die Entscheidung, Weinberge in verschiedenen Zonen zu besitzen, ist nicht zuf\u00e4llig. Sie ist vielmehr durch den Willen bestimmt, die unterschiedlichen Eigenschaften jedes Weinbergs und jeder Zone zu verschmelzen und zu vereinen. Dies selbstverst\u00e4ndlich, um Weine zu erzeugen, die den Stil der Gesamtheit der Terroirs jeder Denomination repr\u00e4sentieren.  <\/p>\n<p>Dieses Weingut ist eines der wenigen, die im historischen Zentrum der Stadt Alba verblieben sind. Ende des 18. Jahrhunderts erbaut, wird es von den antiken r\u00f6mischen Stadtmauern von Alba Pompeia durchzogen und begrenzt, die als Fundament dienen und in jedem Winkel sichtbar sind. <\/p>\n<h2>BARBARESCO \u201eIL BRICCO\u201c<\/h2>\n<div class=\"prodotto__descrizione__breve formatted-content\">\n<p>BARBARESCO \u201eIL BRICCO\u201c 2013 PIO CESARE. Der Barbaresco \u201eIl Bricco\u201c ist ein kraftvoller und strukturierter Wein von gro\u00dfer Klasse und Eleganz, der aus einer Einzellage namens Cascina Il Bricco in der Gemeinde Treiso stammt. <\/p>\n<\/div>\n<p><strong>Weinberge<\/strong>: Aus 3 Mikrozonen der Weinberge der Cascina Il Bricco, im Besitz der Familie Pio, in der Gemeinde Treiso.<br \/>\nEine kleine und sorgf\u00e4ltige Auswahl sehr reifer Trauben.<br \/>\n<strong>Vinifizierung:<\/strong> Im Edelstahltank bei recht hohen Temperaturen. \u2013 Mazeration: ca. 25 Tage.<br \/>\n<strong>Ausbau:<\/strong> Etwa 30 Monate in Eichenf\u00e4ssern und ein kleiner Teil in Barriques f\u00fcr die ersten 18 Monate.<br \/>\n<strong>Notizen:<\/strong> Kraftvoll und strukturiert, reich an reifen Fr\u00fcchten, weich, w\u00fcrzig. S\u00fc\u00dfe und reife Tannine. Sehr langlebig. In geringen Mengen produziert.   <\/p>\n<ul>\n<li><span class=\"prodotto__descrizione__content__attributi__title\"><strong>Farbe:<\/strong> <\/span><span class=\"prodotto__descrizione__content__attributi__text\">Leuchtendes Granatrot<\/span><\/li>\n<li><span class=\"prodotto__descrizione__content__attributi__title\"><strong>Bouquet:<\/strong> <\/span><span class=\"prodotto__descrizione__content__attributi__text\">Reichhaltig, komplex und elegant, mit Ankl\u00e4ngen von Kirschen, Waldbeeren, minzigen Kr\u00e4utern, s\u00fc\u00dfen und orientalischen Gew\u00fcrzen<\/span><\/li>\n<li><span class=\"prodotto__descrizione__content__attributi__title\"><strong>Geschmack:<\/strong> <\/span><span class=\"prodotto__descrizione__content__attributi__text\">Strukturiert, frisch und saftig, kraftvoll und elegant, mit feinen, lebendigen Tanninen und langem, fruchtigem Nachhall<\/span><\/li>\n<\/ul>\n","protected":false},"excerpt":{"rendered":"<p>BARBARESCO \u201eIL BRICCO\u201c 2013 PIO CESARE PIO CESARE Die Familie besitzt etwa 70 Hektar Weinberge in besonders geeigneten Lagen. Die offizielle Klassifizierung der Weinberge \u2013 Menzioni Geografiche Aggiuntive \u2013 wurde f\u00fcr den Barolo im Jahr 2010 abgeschlossen. F\u00fcr den Barbaresco hingegen endete sie 2007. Jeder Weinberg in den Gebieten Barolo und Barbaresco ist stolz in [&hellip;]<\/p>\n","protected":false},"featured_media":23040,"comment_status":"open","ping_status":"closed","template":"","meta":{"_acf_changed":false,"_monsterinsights_skip_tracking":false,"_monsterinsights_sitenote_active":false,"_monsterinsights_sitenote_note":"","_monsterinsights_sitenote_category":0},"product_brand":[],"product_cat":[1773],"product_tag":[],"class_list":{"0":"post-42079","1":"product","2":"type-product","3":"status-publish","4":"has-post-thumbnail","6":"product_cat-barbaresco-de","7":"pa_appellation-barbaresco-docg-de","8":"pa_formato-0-75-l-flasche-de","9":"pa_producer-pio-cesare-de","10":"pa_region-piemont-de","11":"pa_vine-100-nebbiolo-de","12":"pa_vintage-2013-de","14":"first","15":"instock","16":"sale","17":"taxable","18":"shipping-taxable","19":"purchasable","20":"product-type-simple"},"bundled_by":[],"bundle_stock_status":"instock","bundle_stock_quantity":6,"bundle_virtual":false,"bundle_layout":"","bundle_add_to_cart_form_location":"","bundle_editable_in_cart":false,"bundle_sold_individually_context":"","bundle_item_grouping":"","bundle_min_size":"","bundle_max_size":"","bundle_price":[],"bundled_items":[],"bundle_sell_ids":[],"yoast_head":"<!-- This site is optimized with the Yoast SEO plugin v27.3 - https:\/\/yoast.com\/product\/yoast-seo-wordpress\/ -->\n<title>BARBARESCO \u201eIL BRICCO\u201c 2013 PIO CESARE kaufen<\/title>\n<meta name=\"description\" content=\"Kaufen Sie BARBARESCO \u201eIL BRICCO\u201c 2013 PIO CESARE online bei FonsVinum \u2013 ein kraftvoller und strukturierter Wein von gro\u00dfer Klasse und Eleganz....\" \/>\n<meta name=\"robots\" content=\"index, follow, max-snippet:-1, max-image-preview:large, max-video-preview:-1\" \/>\n<link rel=\"canonical\" href=\"https:\/\/fonsvinum.com\/de\/produkt\/barbaresco-il-bricco-2013-pio-cesare\/\" \/>\n<meta property=\"og:locale\" content=\"de_DE\" \/>\n<meta property=\"og:type\" content=\"article\" \/>\n<meta property=\"og:title\" content=\"BARBARESCO \u201eIL BRICCO\u201c 2013 PIO CESARE kaufen\" \/>\n<meta property=\"og:description\" content=\"Kaufen Sie BARBARESCO \u201eIL BRICCO\u201c 2013 PIO CESARE online bei FonsVinum \u2013 ein kraftvoller und strukturierter Wein von gro\u00dfer Klasse und Eleganz....\" \/>\n<meta property=\"og:url\" content=\"https:\/\/fonsvinum.com\/de\/produkt\/barbaresco-il-bricco-2013-pio-cesare\/\" \/>\n<meta property=\"og:site_name\" content=\"Fons Vinum\" \/>\n<meta property=\"article:modified_time\" content=\"2026-04-17T05:25:42+00:00\" \/>\n<meta property=\"og:image\" content=\"https:\/\/fonsvinum.com\/files\/2020\/03\/barbaresco-il-bricco-pio-cesare.jpg\" \/>\n\t<meta property=\"og:image:width\" content=\"200\" \/>\n\t<meta property=\"og:image:height\" content=\"600\" \/>\n\t<meta property=\"og:image:type\" content=\"image\/jpeg\" \/>\n<meta name=\"twitter:label1\" content=\"Gesch\u00e4tzte Lesezeit\" \/>\n\t<meta name=\"twitter:data1\" content=\"1\u00a0Minute\" \/>\n<script type=\"application\/ld+json\" class=\"yoast-schema-graph\">{\"@context\":\"https:\\\/\\\/schema.org\",\"@graph\":[{\"@type\":\"WebPage\",\"@id\":\"https:\\\/\\\/fonsvinum.com\\\/de\\\/produkt\\\/barbaresco-il-bricco-2013-pio-cesare\\\/\",\"url\":\"https:\\\/\\\/fonsvinum.com\\\/de\\\/produkt\\\/barbaresco-il-bricco-2013-pio-cesare\\\/\",\"name\":\"BARBARESCO \u201eIL BRICCO\u201c 2013 PIO CESARE kaufen\",\"isPartOf\":{\"@id\":\"https:\\\/\\\/fonsvinum.com\\\/en\\\/#website\"},\"primaryImageOfPage\":{\"@id\":\"https:\\\/\\\/fonsvinum.com\\\/de\\\/produkt\\\/barbaresco-il-bricco-2013-pio-cesare\\\/#primaryimage\"},\"image\":{\"@id\":\"https:\\\/\\\/fonsvinum.com\\\/de\\\/produkt\\\/barbaresco-il-bricco-2013-pio-cesare\\\/#primaryimage\"},\"thumbnailUrl\":\"https:\\\/\\\/fonsvinum.com\\\/files\\\/2020\\\/03\\\/barbaresco-il-bricco-pio-cesare.jpg\",\"datePublished\":\"2023-09-21T09:30:50+00:00\",\"dateModified\":\"2026-04-17T05:25:42+00:00\",\"description\":\"Kaufen Sie BARBARESCO \u201eIL BRICCO\u201c 2013 PIO CESARE online bei FonsVinum \u2013 ein kraftvoller und strukturierter Wein von gro\u00dfer Klasse und Eleganz....\",\"breadcrumb\":{\"@id\":\"https:\\\/\\\/fonsvinum.com\\\/de\\\/produkt\\\/barbaresco-il-bricco-2013-pio-cesare\\\/#breadcrumb\"},\"inLanguage\":\"de\",\"potentialAction\":[{\"@type\":\"ReadAction\",\"target\":[\"https:\\\/\\\/fonsvinum.com\\\/de\\\/produkt\\\/barbaresco-il-bricco-2013-pio-cesare\\\/\"]}]},{\"@type\":\"ImageObject\",\"inLanguage\":\"de\",\"@id\":\"https:\\\/\\\/fonsvinum.com\\\/de\\\/produkt\\\/barbaresco-il-bricco-2013-pio-cesare\\\/#primaryimage\",\"url\":\"https:\\\/\\\/fonsvinum.com\\\/files\\\/2020\\\/03\\\/barbaresco-il-bricco-pio-cesare.jpg\",\"contentUrl\":\"https:\\\/\\\/fonsvinum.com\\\/files\\\/2020\\\/03\\\/barbaresco-il-bricco-pio-cesare.jpg\",\"width\":200,\"height\":600},{\"@type\":\"BreadcrumbList\",\"@id\":\"https:\\\/\\\/fonsvinum.com\\\/de\\\/produkt\\\/barbaresco-il-bricco-2013-pio-cesare\\\/#breadcrumb\",\"itemListElement\":[{\"@type\":\"ListItem\",\"position\":1,\"name\":\"Startseite\",\"item\":\"https:\\\/\\\/fonsvinum.com\\\/de\\\/\"},{\"@type\":\"ListItem\",\"position\":2,\"name\":\"Shop\",\"item\":\"https:\\\/\\\/fonsvinum.com\\\/de\\\/shop\\\/\"},{\"@type\":\"ListItem\",\"position\":3,\"name\":\"BARBARESCO \u201eIL BRICCO\u201c 2013 PIO CESARE\"}]},{\"@type\":\"WebSite\",\"@id\":\"https:\\\/\\\/fonsvinum.com\\\/en\\\/#website\",\"url\":\"https:\\\/\\\/fonsvinum.com\\\/en\\\/\",\"name\":\"Fons Vinum\",\"description\":\"Vendita Vino Online\",\"publisher\":{\"@id\":\"https:\\\/\\\/fonsvinum.com\\\/en\\\/#organization\"},\"potentialAction\":[{\"@type\":\"SearchAction\",\"target\":{\"@type\":\"EntryPoint\",\"urlTemplate\":\"https:\\\/\\\/fonsvinum.com\\\/en\\\/?s={search_term_string}\"},\"query-input\":{\"@type\":\"PropertyValueSpecification\",\"valueRequired\":true,\"valueName\":\"search_term_string\"}}],\"inLanguage\":\"de\"},{\"@type\":\"Organization\",\"@id\":\"https:\\\/\\\/fonsvinum.com\\\/en\\\/#organization\",\"name\":\"Fons Vinum\",\"url\":\"https:\\\/\\\/fonsvinum.com\\\/en\\\/\",\"logo\":{\"@type\":\"ImageObject\",\"inLanguage\":\"de\",\"@id\":\"https:\\\/\\\/fonsvinum.com\\\/en\\\/#\\\/schema\\\/logo\\\/image\\\/\",\"url\":\"\",\"contentUrl\":\"\",\"caption\":\"Fons Vinum\"},\"image\":{\"@id\":\"https:\\\/\\\/fonsvinum.com\\\/en\\\/#\\\/schema\\\/logo\\\/image\\\/\"}}]}<\/script>\n<!-- \/ Yoast SEO plugin. -->","yoast_head_json":{"title":"BARBARESCO \u201eIL BRICCO\u201c 2013 PIO CESARE kaufen","description":"Kaufen Sie BARBARESCO \u201eIL BRICCO\u201c 2013 PIO CESARE online bei FonsVinum \u2013 ein kraftvoller und strukturierter Wein von gro\u00dfer Klasse und Eleganz....","robots":{"index":"index","follow":"follow","max-snippet":"max-snippet:-1","max-image-preview":"max-image-preview:large","max-video-preview":"max-video-preview:-1"},"canonical":"https:\/\/fonsvinum.com\/de\/produkt\/barbaresco-il-bricco-2013-pio-cesare\/","og_locale":"de_DE","og_type":"article","og_title":"BARBARESCO \u201eIL BRICCO\u201c 2013 PIO CESARE kaufen","og_description":"Kaufen Sie BARBARESCO \u201eIL BRICCO\u201c 2013 PIO CESARE online bei FonsVinum \u2013 ein kraftvoller und strukturierter Wein von gro\u00dfer Klasse und Eleganz....","og_url":"https:\/\/fonsvinum.com\/de\/produkt\/barbaresco-il-bricco-2013-pio-cesare\/","og_site_name":"Fons Vinum","article_modified_time":"2026-04-17T05:25:42+00:00","og_image":[{"width":200,"height":600,"url":"https:\/\/fonsvinum.com\/files\/2020\/03\/barbaresco-il-bricco-pio-cesare.jpg","type":"image\/jpeg"}],"twitter_misc":{"Gesch\u00e4tzte Lesezeit":"1\u00a0Minute"},"schema":{"@context":"https:\/\/schema.org","@graph":[{"@type":"WebPage","@id":"https:\/\/fonsvinum.com\/de\/produkt\/barbaresco-il-bricco-2013-pio-cesare\/","url":"https:\/\/fonsvinum.com\/de\/produkt\/barbaresco-il-bricco-2013-pio-cesare\/","name":"BARBARESCO \u201eIL BRICCO\u201c 2013 PIO CESARE kaufen","isPartOf":{"@id":"https:\/\/fonsvinum.com\/en\/#website"},"primaryImageOfPage":{"@id":"https:\/\/fonsvinum.com\/de\/produkt\/barbaresco-il-bricco-2013-pio-cesare\/#primaryimage"},"image":{"@id":"https:\/\/fonsvinum.com\/de\/produkt\/barbaresco-il-bricco-2013-pio-cesare\/#primaryimage"},"thumbnailUrl":"https:\/\/fonsvinum.com\/files\/2020\/03\/barbaresco-il-bricco-pio-cesare.jpg","datePublished":"2023-09-21T09:30:50+00:00","dateModified":"2026-04-17T05:25:42+00:00","description":"Kaufen Sie BARBARESCO \u201eIL BRICCO\u201c 2013 PIO CESARE online bei FonsVinum \u2013 ein kraftvoller und strukturierter Wein von gro\u00dfer Klasse und Eleganz....","breadcrumb":{"@id":"https:\/\/fonsvinum.com\/de\/produkt\/barbaresco-il-bricco-2013-pio-cesare\/#breadcrumb"},"inLanguage":"de","potentialAction":[{"@type":"ReadAction","target":["https:\/\/fonsvinum.com\/de\/produkt\/barbaresco-il-bricco-2013-pio-cesare\/"]}]},{"@type":"ImageObject","inLanguage":"de","@id":"https:\/\/fonsvinum.com\/de\/produkt\/barbaresco-il-bricco-2013-pio-cesare\/#primaryimage","url":"https:\/\/fonsvinum.com\/files\/2020\/03\/barbaresco-il-bricco-pio-cesare.jpg","contentUrl":"https:\/\/fonsvinum.com\/files\/2020\/03\/barbaresco-il-bricco-pio-cesare.jpg","width":200,"height":600},{"@type":"BreadcrumbList","@id":"https:\/\/fonsvinum.com\/de\/produkt\/barbaresco-il-bricco-2013-pio-cesare\/#breadcrumb","itemListElement":[{"@type":"ListItem","position":1,"name":"Startseite","item":"https:\/\/fonsvinum.com\/de\/"},{"@type":"ListItem","position":2,"name":"Shop","item":"https:\/\/fonsvinum.com\/de\/shop\/"},{"@type":"ListItem","position":3,"name":"BARBARESCO \u201eIL BRICCO\u201c 2013 PIO CESARE"}]},{"@type":"WebSite","@id":"https:\/\/fonsvinum.com\/en\/#website","url":"https:\/\/fonsvinum.com\/en\/","name":"Fons Vinum","description":"Vendita Vino Online","publisher":{"@id":"https:\/\/fonsvinum.com\/en\/#organization"},"potentialAction":[{"@type":"SearchAction","target":{"@type":"EntryPoint","urlTemplate":"https:\/\/fonsvinum.com\/en\/?s={search_term_string}"},"query-input":{"@type":"PropertyValueSpecification","valueRequired":true,"valueName":"search_term_string"}}],"inLanguage":"de"},{"@type":"Organization","@id":"https:\/\/fonsvinum.com\/en\/#organization","name":"Fons Vinum","url":"https:\/\/fonsvinum.com\/en\/","logo":{"@type":"ImageObject","inLanguage":"de","@id":"https:\/\/fonsvinum.com\/en\/#\/schema\/logo\/image\/","url":"","contentUrl":"","caption":"Fons Vinum"},"image":{"@id":"https:\/\/fonsvinum.com\/en\/#\/schema\/logo\/image\/"}}]}},"acf":[],"_links":{"self":[{"href":"https:\/\/fonsvinum.com\/de\/wp-json\/wp\/v2\/product\/42079","targetHints":{"allow":["GET"]}}],"collection":[{"href":"https:\/\/fonsvinum.com\/de\/wp-json\/wp\/v2\/product"}],"about":[{"href":"https:\/\/fonsvinum.com\/de\/wp-json\/wp\/v2\/types\/product"}],"replies":[{"embeddable":true,"href":"https:\/\/fonsvinum.com\/de\/wp-json\/wp\/v2\/comments?post=42079"}],"wp:featuredmedia":[{"embeddable":true,"href":"https:\/\/fonsvinum.com\/de\/wp-json\/wp\/v2\/media\/23040"}],"wp:attachment":[{"href":"https:\/\/fonsvinum.com\/de\/wp-json\/wp\/v2\/media?parent=42079"}],"wp:term":[{"taxonomy":"product_brand","embeddable":true,"href":"https:\/\/fonsvinum.com\/de\/wp-json\/wp\/v2\/product_brand?post=42079"},{"taxonomy":"product_cat","embeddable":true,"href":"https:\/\/fonsvinum.com\/de\/wp-json\/wp\/v2\/product_cat?post=42079"},{"taxonomy":"product_tag","embeddable":true,"href":"https:\/\/fonsvinum.com\/de\/wp-json\/wp\/v2\/product_tag?post=42079"}],"curies":[{"name":"wp","href":"https:\/\/api.w.org\/{rel}","templated":true}]}}