{"id":41731,"date":"2023-07-26T12:49:23","date_gmt":"2023-07-26T10:49:23","guid":{"rendered":"https:\/\/fonsvinum.com\/?post_type=product&#038;p=41731"},"modified":"2026-04-14T15:41:49","modified_gmt":"2026-04-14T13:41:49","slug":"castello-dei-rampolla-chianti-classico-2020","status":"publish","type":"product","link":"https:\/\/fonsvinum.com\/de\/produkt\/castello-dei-rampolla-chianti-classico-2020\/","title":{"rendered":"Castello dei Rampolla Chianti Classico 2020"},"content":{"rendered":"<h1>Castello dei Rampolla Chianti Classico 2020<\/h1>\n<h2>Das Weingut \u2013 <a href=\"https:\/\/www.castellodeirampolla.it\/\">Castello dei Rampolla<\/a><\/h2>\n<p>Ein besonders beg\u00fcnstigtes Gebiet in der Toskana liegt s\u00fcdlich der Gemeinde Panzano in Chianti und ist als \u201eConca d\u2019Oro\u201c bekannt. Hier, im Ortsteil Santa Lucia in Faulle, befindet sich das Weingut Castello dei Rampolla.<br \/>\nDas Gel\u00e4nde, auf dem die Kellerei steht, ist seit 1739 im Besitz der Familie Rampolla. Doch erst Mitte der 1960er-Jahre erwachte der \u00f6nologische Traum dank Alceo di Napoli Rampolla zum Leben. Als entschlossener und geistreicher Mann \u00fcbernahm er den Betrieb von seinem Vater und pflanzte 1968 gemeinsam mit seiner Frau die ersten Reben. Aus diesen ging mit der Ernte 1975 die erste Flasche Chianti Classico hervor.<br \/>\nEs war jedoch eine Zeit, in der dieser Weintyp um Anerkennung k\u00e4mpfte. So entschied sich Alceo, auch mit Unterst\u00fctzung des gro\u00dfen \u00d6nologen Giacomo Tachis, Cabernet Sauvignon anzupflanzen \u2013 eine Rebsorte, die dem Weingut bald gro\u00dfe Erfolge bescherte. Seither nahm Castello dei Rampolla seinen Erfolgsweg auf, der auch von Pionierentscheidungen gepr\u00e4gt war. Dazu geh\u00f6rten etwa die Umstellung auf biodynamische Richtlinien ab 1994 und der Beginn des Ausbaus in Terrakotta-Amphoren im Jahr 2008.         <\/p>\n<p>Heute werden j\u00e4hrlich etwa 70.000 Flaschen produziert, die sich auf sechs Etiketten verteilen. Darunter ragen neben einem exzellenten Chianti Classico DOCG der \u201eSammarco\u201c und der \u201ed\u2019Alceo\u201c heraus \u2013 IGT-Weine, in denen die Pers\u00f6nlichkeit und Struktur des Cabernet Sauvignon dominieren.<\/p>\n<p>Die Trauben werden in Zement vinifiziert. Anschlie\u00dfend reifen sie zun\u00e4chst 12\u201315 Monate in Tonneaux und F\u00e4ssern und dann weitere 18\u201324 Monate direkt in der Flasche. <\/p>\n<h2>CHIANTI CLASSICO<\/h2>\n<p>Der Chianti Classico repr\u00e4sentiert die Intensit\u00e4t und Frische unseres Terroirs. Zur strengen Eleganz des Sangiovese werden variable Anteile von Cabernet Sauvignon und Merlot hinzugef\u00fcgt.<br \/>\nDas Ergebnis ist ein frischer, aber intensiver Wein, fruchtig, k\u00f6rperreich und ausgewogen. Er hat eine gute S\u00e4ure und einen anhaltenden Geschmack.  <\/p>\n<p>Die durchschnittliche Produktion betr\u00e4gt 25.000\u201340.000 Flaschen.<\/p>\n<h3>VINIFIKATION UND REIFUNG<\/h3>\n<p>8 Monate in Zementbottichen<\/p>\n<p>12 Monate in 12-HL-F\u00e4ssern<br \/>\nno toast \/ medium toast<\/p>\n<p>6 Monate in der Flasche<\/p>\n","protected":false},"excerpt":{"rendered":"<p>Castello dei Rampolla Chianti Classico 2020 Das Weingut \u2013 Castello dei Rampolla Ein besonders beg\u00fcnstigtes Gebiet in der Toskana liegt s\u00fcdlich der Gemeinde Panzano in Chianti und ist als \u201eConca d\u2019Oro\u201c bekannt. Hier, im Ortsteil Santa Lucia in Faulle, befindet sich das Weingut Castello dei Rampolla. Das Gel\u00e4nde, auf dem die Kellerei steht, ist seit [&hellip;]<\/p>\n","protected":false},"featured_media":27562,"comment_status":"open","ping_status":"closed","template":"","meta":{"_acf_changed":false,"_monsterinsights_skip_tracking":false,"_monsterinsights_sitenote_active":false,"_monsterinsights_sitenote_note":"","_monsterinsights_sitenote_category":0},"product_brand":[],"product_cat":[15737],"product_tag":[1733,1745,3583],"class_list":{"0":"post-41731","1":"product","2":"type-product","3":"status-publish","4":"has-post-thumbnail","6":"product_cat-chianti-classico-docg-de","7":"product_tag-aussergewoehnliche-weine-de","8":"product_tag-super-tuscan-de","9":"product_tag-vini-toscani-de","10":"pa_appellation-chianti-classico-docg-de","11":"pa_formato-0-75-l-flasche-de","12":"pa_producer-castello-dei-rampolla-de","13":"pa_region-toskana-de","14":"pa_vine-sangiovese-90-cabernet-sauvignon-5-merlot-5","15":"pa_vintage-2020-de","17":"first","18":"instock","19":"taxable","20":"shipping-taxable","21":"purchasable","22":"product-type-simple"},"bundled_by":[],"bundle_stock_status":"instock","bundle_stock_quantity":7,"bundle_virtual":false,"bundle_layout":"","bundle_add_to_cart_form_location":"","bundle_editable_in_cart":false,"bundle_sold_individually_context":"","bundle_item_grouping":"","bundle_min_size":"","bundle_max_size":"","bundle_price":[],"bundled_items":[],"bundle_sell_ids":[],"yoast_head":"<!-- This site is optimized with the Yoast SEO plugin v27.3 - https:\/\/yoast.com\/product\/yoast-seo-wordpress\/ -->\n<title>Castello dei Rampolla Chianti Classico 2020 kaufen \u2013 FonsVinum<\/title>\n<meta name=\"description\" content=\"Kaufen Sie online bei Fons Vinum Castello dei Rampolla Chianti Classico 2020 ..repr\u00e4sentiert die Intensit\u00e4t und Frische unseres Terroirs...\" \/>\n<meta name=\"robots\" content=\"index, follow, max-snippet:-1, max-image-preview:large, max-video-preview:-1\" \/>\n<link rel=\"canonical\" href=\"https:\/\/fonsvinum.com\/de\/produkt\/castello-dei-rampolla-chianti-classico-2020\/\" \/>\n<meta property=\"og:locale\" content=\"de_DE\" \/>\n<meta property=\"og:type\" content=\"article\" \/>\n<meta property=\"og:title\" content=\"Castello dei Rampolla Chianti Classico 2020 kaufen \u2013 FonsVinum\" \/>\n<meta property=\"og:description\" content=\"Kaufen Sie online bei Fons Vinum Castello dei Rampolla Chianti Classico 2020 ..repr\u00e4sentiert die Intensit\u00e4t und Frische unseres Terroirs...\" \/>\n<meta property=\"og:url\" content=\"https:\/\/fonsvinum.com\/de\/produkt\/castello-dei-rampolla-chianti-classico-2020\/\" \/>\n<meta property=\"og:site_name\" content=\"Fons Vinum\" \/>\n<meta property=\"article:modified_time\" content=\"2026-04-14T13:41:49+00:00\" \/>\n<meta property=\"og:image\" content=\"https:\/\/fonsvinum.com\/files\/2020\/10\/chianti-classico-castello-dei-rampolla.jpg\" \/>\n\t<meta property=\"og:image:width\" content=\"200\" \/>\n\t<meta property=\"og:image:height\" content=\"600\" \/>\n\t<meta property=\"og:image:type\" content=\"image\/jpeg\" \/>\n<meta name=\"twitter:label1\" content=\"Gesch\u00e4tzte Lesezeit\" \/>\n\t<meta name=\"twitter:data1\" content=\"1\u00a0Minute\" \/>\n<script type=\"application\/ld+json\" class=\"yoast-schema-graph\">{\"@context\":\"https:\\\/\\\/schema.org\",\"@graph\":[{\"@type\":\"WebPage\",\"@id\":\"https:\\\/\\\/fonsvinum.com\\\/de\\\/produkt\\\/castello-dei-rampolla-chianti-classico-2020\\\/\",\"url\":\"https:\\\/\\\/fonsvinum.com\\\/de\\\/produkt\\\/castello-dei-rampolla-chianti-classico-2020\\\/\",\"name\":\"Castello dei Rampolla Chianti Classico 2020 kaufen \u2013 FonsVinum\",\"isPartOf\":{\"@id\":\"https:\\\/\\\/fonsvinum.com\\\/en\\\/#website\"},\"primaryImageOfPage\":{\"@id\":\"https:\\\/\\\/fonsvinum.com\\\/de\\\/produkt\\\/castello-dei-rampolla-chianti-classico-2020\\\/#primaryimage\"},\"image\":{\"@id\":\"https:\\\/\\\/fonsvinum.com\\\/de\\\/produkt\\\/castello-dei-rampolla-chianti-classico-2020\\\/#primaryimage\"},\"thumbnailUrl\":\"https:\\\/\\\/fonsvinum.com\\\/files\\\/2020\\\/10\\\/chianti-classico-castello-dei-rampolla.jpg\",\"datePublished\":\"2023-07-26T10:49:23+00:00\",\"dateModified\":\"2026-04-14T13:41:49+00:00\",\"description\":\"Kaufen Sie online bei Fons Vinum Castello dei Rampolla Chianti Classico 2020 ..repr\u00e4sentiert die Intensit\u00e4t und Frische unseres Terroirs...\",\"breadcrumb\":{\"@id\":\"https:\\\/\\\/fonsvinum.com\\\/de\\\/produkt\\\/castello-dei-rampolla-chianti-classico-2020\\\/#breadcrumb\"},\"inLanguage\":\"de\",\"potentialAction\":[{\"@type\":\"ReadAction\",\"target\":[\"https:\\\/\\\/fonsvinum.com\\\/de\\\/produkt\\\/castello-dei-rampolla-chianti-classico-2020\\\/\"]}]},{\"@type\":\"ImageObject\",\"inLanguage\":\"de\",\"@id\":\"https:\\\/\\\/fonsvinum.com\\\/de\\\/produkt\\\/castello-dei-rampolla-chianti-classico-2020\\\/#primaryimage\",\"url\":\"https:\\\/\\\/fonsvinum.com\\\/files\\\/2020\\\/10\\\/chianti-classico-castello-dei-rampolla.jpg\",\"contentUrl\":\"https:\\\/\\\/fonsvinum.com\\\/files\\\/2020\\\/10\\\/chianti-classico-castello-dei-rampolla.jpg\",\"width\":200,\"height\":600},{\"@type\":\"BreadcrumbList\",\"@id\":\"https:\\\/\\\/fonsvinum.com\\\/de\\\/produkt\\\/castello-dei-rampolla-chianti-classico-2020\\\/#breadcrumb\",\"itemListElement\":[{\"@type\":\"ListItem\",\"position\":1,\"name\":\"Startseite\",\"item\":\"https:\\\/\\\/fonsvinum.com\\\/de\\\/\"},{\"@type\":\"ListItem\",\"position\":2,\"name\":\"Shop\",\"item\":\"https:\\\/\\\/fonsvinum.com\\\/de\\\/shop\\\/\"},{\"@type\":\"ListItem\",\"position\":3,\"name\":\"Castello dei Rampolla Chianti Classico 2020\"}]},{\"@type\":\"WebSite\",\"@id\":\"https:\\\/\\\/fonsvinum.com\\\/en\\\/#website\",\"url\":\"https:\\\/\\\/fonsvinum.com\\\/en\\\/\",\"name\":\"Fons Vinum\",\"description\":\"Vendita Vino Online\",\"publisher\":{\"@id\":\"https:\\\/\\\/fonsvinum.com\\\/en\\\/#organization\"},\"potentialAction\":[{\"@type\":\"SearchAction\",\"target\":{\"@type\":\"EntryPoint\",\"urlTemplate\":\"https:\\\/\\\/fonsvinum.com\\\/en\\\/?s={search_term_string}\"},\"query-input\":{\"@type\":\"PropertyValueSpecification\",\"valueRequired\":true,\"valueName\":\"search_term_string\"}}],\"inLanguage\":\"de\"},{\"@type\":\"Organization\",\"@id\":\"https:\\\/\\\/fonsvinum.com\\\/en\\\/#organization\",\"name\":\"Fons Vinum\",\"url\":\"https:\\\/\\\/fonsvinum.com\\\/en\\\/\",\"logo\":{\"@type\":\"ImageObject\",\"inLanguage\":\"de\",\"@id\":\"https:\\\/\\\/fonsvinum.com\\\/en\\\/#\\\/schema\\\/logo\\\/image\\\/\",\"url\":\"\",\"contentUrl\":\"\",\"caption\":\"Fons Vinum\"},\"image\":{\"@id\":\"https:\\\/\\\/fonsvinum.com\\\/en\\\/#\\\/schema\\\/logo\\\/image\\\/\"}}]}<\/script>\n<!-- \/ Yoast SEO plugin. -->","yoast_head_json":{"title":"Castello dei Rampolla Chianti Classico 2020 kaufen \u2013 FonsVinum","description":"Kaufen Sie online bei Fons Vinum Castello dei Rampolla Chianti Classico 2020 ..repr\u00e4sentiert die Intensit\u00e4t und Frische unseres Terroirs...","robots":{"index":"index","follow":"follow","max-snippet":"max-snippet:-1","max-image-preview":"max-image-preview:large","max-video-preview":"max-video-preview:-1"},"canonical":"https:\/\/fonsvinum.com\/de\/produkt\/castello-dei-rampolla-chianti-classico-2020\/","og_locale":"de_DE","og_type":"article","og_title":"Castello dei Rampolla Chianti Classico 2020 kaufen \u2013 FonsVinum","og_description":"Kaufen Sie online bei Fons Vinum Castello dei Rampolla Chianti Classico 2020 ..repr\u00e4sentiert die Intensit\u00e4t und Frische unseres Terroirs...","og_url":"https:\/\/fonsvinum.com\/de\/produkt\/castello-dei-rampolla-chianti-classico-2020\/","og_site_name":"Fons Vinum","article_modified_time":"2026-04-14T13:41:49+00:00","og_image":[{"width":200,"height":600,"url":"https:\/\/fonsvinum.com\/files\/2020\/10\/chianti-classico-castello-dei-rampolla.jpg","type":"image\/jpeg"}],"twitter_misc":{"Gesch\u00e4tzte Lesezeit":"1\u00a0Minute"},"schema":{"@context":"https:\/\/schema.org","@graph":[{"@type":"WebPage","@id":"https:\/\/fonsvinum.com\/de\/produkt\/castello-dei-rampolla-chianti-classico-2020\/","url":"https:\/\/fonsvinum.com\/de\/produkt\/castello-dei-rampolla-chianti-classico-2020\/","name":"Castello dei Rampolla Chianti Classico 2020 kaufen \u2013 FonsVinum","isPartOf":{"@id":"https:\/\/fonsvinum.com\/en\/#website"},"primaryImageOfPage":{"@id":"https:\/\/fonsvinum.com\/de\/produkt\/castello-dei-rampolla-chianti-classico-2020\/#primaryimage"},"image":{"@id":"https:\/\/fonsvinum.com\/de\/produkt\/castello-dei-rampolla-chianti-classico-2020\/#primaryimage"},"thumbnailUrl":"https:\/\/fonsvinum.com\/files\/2020\/10\/chianti-classico-castello-dei-rampolla.jpg","datePublished":"2023-07-26T10:49:23+00:00","dateModified":"2026-04-14T13:41:49+00:00","description":"Kaufen Sie online bei Fons Vinum Castello dei Rampolla Chianti Classico 2020 ..repr\u00e4sentiert die Intensit\u00e4t und Frische unseres Terroirs...","breadcrumb":{"@id":"https:\/\/fonsvinum.com\/de\/produkt\/castello-dei-rampolla-chianti-classico-2020\/#breadcrumb"},"inLanguage":"de","potentialAction":[{"@type":"ReadAction","target":["https:\/\/fonsvinum.com\/de\/produkt\/castello-dei-rampolla-chianti-classico-2020\/"]}]},{"@type":"ImageObject","inLanguage":"de","@id":"https:\/\/fonsvinum.com\/de\/produkt\/castello-dei-rampolla-chianti-classico-2020\/#primaryimage","url":"https:\/\/fonsvinum.com\/files\/2020\/10\/chianti-classico-castello-dei-rampolla.jpg","contentUrl":"https:\/\/fonsvinum.com\/files\/2020\/10\/chianti-classico-castello-dei-rampolla.jpg","width":200,"height":600},{"@type":"BreadcrumbList","@id":"https:\/\/fonsvinum.com\/de\/produkt\/castello-dei-rampolla-chianti-classico-2020\/#breadcrumb","itemListElement":[{"@type":"ListItem","position":1,"name":"Startseite","item":"https:\/\/fonsvinum.com\/de\/"},{"@type":"ListItem","position":2,"name":"Shop","item":"https:\/\/fonsvinum.com\/de\/shop\/"},{"@type":"ListItem","position":3,"name":"Castello dei Rampolla Chianti Classico 2020"}]},{"@type":"WebSite","@id":"https:\/\/fonsvinum.com\/en\/#website","url":"https:\/\/fonsvinum.com\/en\/","name":"Fons Vinum","description":"Vendita Vino Online","publisher":{"@id":"https:\/\/fonsvinum.com\/en\/#organization"},"potentialAction":[{"@type":"SearchAction","target":{"@type":"EntryPoint","urlTemplate":"https:\/\/fonsvinum.com\/en\/?s={search_term_string}"},"query-input":{"@type":"PropertyValueSpecification","valueRequired":true,"valueName":"search_term_string"}}],"inLanguage":"de"},{"@type":"Organization","@id":"https:\/\/fonsvinum.com\/en\/#organization","name":"Fons Vinum","url":"https:\/\/fonsvinum.com\/en\/","logo":{"@type":"ImageObject","inLanguage":"de","@id":"https:\/\/fonsvinum.com\/en\/#\/schema\/logo\/image\/","url":"","contentUrl":"","caption":"Fons Vinum"},"image":{"@id":"https:\/\/fonsvinum.com\/en\/#\/schema\/logo\/image\/"}}]}},"acf":[],"_links":{"self":[{"href":"https:\/\/fonsvinum.com\/de\/wp-json\/wp\/v2\/product\/41731","targetHints":{"allow":["GET"]}}],"collection":[{"href":"https:\/\/fonsvinum.com\/de\/wp-json\/wp\/v2\/product"}],"about":[{"href":"https:\/\/fonsvinum.com\/de\/wp-json\/wp\/v2\/types\/product"}],"replies":[{"embeddable":true,"href":"https:\/\/fonsvinum.com\/de\/wp-json\/wp\/v2\/comments?post=41731"}],"wp:featuredmedia":[{"embeddable":true,"href":"https:\/\/fonsvinum.com\/de\/wp-json\/wp\/v2\/media\/27562"}],"wp:attachment":[{"href":"https:\/\/fonsvinum.com\/de\/wp-json\/wp\/v2\/media?parent=41731"}],"wp:term":[{"taxonomy":"product_brand","embeddable":true,"href":"https:\/\/fonsvinum.com\/de\/wp-json\/wp\/v2\/product_brand?post=41731"},{"taxonomy":"product_cat","embeddable":true,"href":"https:\/\/fonsvinum.com\/de\/wp-json\/wp\/v2\/product_cat?post=41731"},{"taxonomy":"product_tag","embeddable":true,"href":"https:\/\/fonsvinum.com\/de\/wp-json\/wp\/v2\/product_tag?post=41731"}],"curies":[{"name":"wp","href":"https:\/\/api.w.org\/{rel}","templated":true}]}}