{"id":41549,"date":"2023-07-06T11:32:06","date_gmt":"2023-07-06T09:32:06","guid":{"rendered":"https:\/\/fonsvinum.com\/?post_type=product&#038;p=41549"},"modified":"2023-07-06T12:13:54","modified_gmt":"2023-07-06T10:13:54","slug":"roberto-voerzio-barolo-la-serra-2019","status":"publish","type":"product","link":"https:\/\/fonsvinum.com\/de\/produkt\/roberto-voerzio-barolo-la-serra-2019\/","title":{"rendered":"Roberto Voerzio Barolo La Serra 2019"},"content":{"rendered":"<h1>Roberto Voerzio <a href=\"https:\/\/fonsvinum.com\/categoria-prodotto\/vini-rossi\/barolo\/\">Barolo <\/a>La Serra 2019<\/h1>\n<h2>Roberto Voerzio <a href=\"https:\/\/fonsvinum.com\/categoria-prodotto\/vini-rossi\/barolo\/\">Barolo <\/a>La Serra 2019<\/h2>\n<p>Der Barolo\u00a0<em>La Serra<\/em>\u00a0von Roberto Voerzio wurde in Weinbergen in der Gemeinde La Morra geboren.<\/p>\n<p>Es wird ausschlie\u00dflich aus Nebbiolo-Trauben hergestellt und zwischen Ende September und Anfang Oktober geerntet. Es ist das Ergebnis einer G\u00e4rung, die in Edelstahltanks bei kontrollierter Temperatur stattfindet. Anschlie\u00dfend reift der Wein 24 Monate in Barrique und gro\u00dfem Fass, 8 Monate in Stahl und weitere 8 Monate in der Flasche.<\/p>\n<p>Es zeichnet sich durch eine dunkle Granatfarbe aus. Die Nase \u00f6ffnet sich mit intensiv fruchtigen Noten von Brombeeren und Blaubeeren, angereichert mit angenehm w\u00fcrzigen Noten von Lakritz, Kakao und Schokolade. Am Gaumen ist es weich und angenehm ausgewogen, mit einer langen Ausdauer.<\/p>\n<p>Perfekt zu ersten G\u00e4ngen und rotem Fleisch, ideal in Kombination mit Wild und gereiftem K\u00e4se.<\/p>\n","protected":false},"excerpt":{"rendered":"<p>Roberto Voerzio Barolo La Serra 2019 Roberto Voerzio Barolo La Serra 2019 Der Barolo\u00a0La Serra\u00a0von Roberto Voerzio wurde in Weinbergen in der Gemeinde La Morra geboren. Es wird ausschlie\u00dflich aus Nebbiolo-Trauben hergestellt und zwischen Ende September und Anfang Oktober geerntet. Es ist das Ergebnis einer G\u00e4rung, die in Edelstahltanks bei kontrollierter Temperatur stattfindet. Anschlie\u00dfend reift [&hellip;]<\/p>\n","protected":false},"featured_media":41557,"comment_status":"open","ping_status":"closed","template":"","meta":{"_acf_changed":false,"_monsterinsights_skip_tracking":false,"_monsterinsights_sitenote_active":false,"_monsterinsights_sitenote_note":"","_monsterinsights_sitenote_category":0},"product_brand":[],"product_cat":[1824],"product_tag":[1733,15903,15893],"class_list":{"0":"post-41549","1":"product","2":"type-product","3":"status-publish","4":"has-post-thumbnail","6":"product_cat-barolo-de","7":"product_tag-aussergewoehnliche-weine-de","8":"product_tag-barolo-de","9":"product_tag-piemonte-de","10":"pa_appellation-barolo-docg-de","11":"pa_formato-0-75-l-flasche-de","12":"pa_producer-azienda-agricola-roberto-voerzio-de","13":"pa_region-piemont-de","14":"pa_vine-100-nebbiolo-de","15":"pa_vintage-2019-de","17":"first","18":"instock","19":"taxable","20":"shipping-taxable","21":"purchasable","22":"product-type-simple"},"bundled_by":[],"bundle_stock_status":"instock","bundle_stock_quantity":12,"bundle_virtual":false,"bundle_layout":"","bundle_add_to_cart_form_location":"","bundle_editable_in_cart":false,"bundle_sold_individually_context":"","bundle_item_grouping":"","bundle_min_size":"","bundle_max_size":"","bundle_price":[],"bundled_items":[],"bundle_sell_ids":[],"yoast_head":"<!-- This site is optimized with the Yoast SEO plugin v27.3 - https:\/\/yoast.com\/product\/yoast-seo-wordpress\/ -->\n<title>Kaufen online Roberto Voerzio Barolo La Serra 2019 - FonsVinum<\/title>\n<meta name=\"description\" content=\"Kaufen online Roberto Voerzio Barolo La Serra 2019 - Fons Vinum....\" \/>\n<meta name=\"robots\" content=\"index, follow, max-snippet:-1, max-image-preview:large, max-video-preview:-1\" \/>\n<link rel=\"canonical\" href=\"https:\/\/fonsvinum.com\/de\/produkt\/roberto-voerzio-barolo-la-serra-2019\/\" \/>\n<meta property=\"og:locale\" content=\"de_DE\" \/>\n<meta property=\"og:type\" content=\"article\" \/>\n<meta property=\"og:title\" content=\"Kaufen online Roberto Voerzio Barolo La Serra 2019 - FonsVinum\" \/>\n<meta property=\"og:description\" content=\"Kaufen online Roberto Voerzio Barolo La Serra 2019 - Fons Vinum....\" \/>\n<meta property=\"og:url\" content=\"https:\/\/fonsvinum.com\/de\/produkt\/roberto-voerzio-barolo-la-serra-2019\/\" \/>\n<meta property=\"og:site_name\" content=\"Fons Vinum\" \/>\n<meta property=\"article:modified_time\" content=\"2023-07-06T10:13:54+00:00\" \/>\n<meta property=\"og:image\" content=\"https:\/\/fonsvinum.com\/files\/2023\/07\/Voerzio-barolo-la-Serra.png\" \/>\n\t<meta property=\"og:image:width\" content=\"200\" \/>\n\t<meta property=\"og:image:height\" content=\"600\" \/>\n\t<meta property=\"og:image:type\" content=\"image\/png\" \/>\n<meta name=\"twitter:label1\" content=\"Gesch\u00e4tzte Lesezeit\" \/>\n\t<meta name=\"twitter:data1\" content=\"1\u00a0Minute\" \/>\n<script type=\"application\/ld+json\" class=\"yoast-schema-graph\">{\"@context\":\"https:\\\/\\\/schema.org\",\"@graph\":[{\"@type\":\"WebPage\",\"@id\":\"https:\\\/\\\/fonsvinum.com\\\/de\\\/produkt\\\/roberto-voerzio-barolo-la-serra-2019\\\/\",\"url\":\"https:\\\/\\\/fonsvinum.com\\\/de\\\/produkt\\\/roberto-voerzio-barolo-la-serra-2019\\\/\",\"name\":\"Kaufen online Roberto Voerzio Barolo La Serra 2019 - FonsVinum\",\"isPartOf\":{\"@id\":\"https:\\\/\\\/fonsvinum.com\\\/en\\\/#website\"},\"primaryImageOfPage\":{\"@id\":\"https:\\\/\\\/fonsvinum.com\\\/de\\\/produkt\\\/roberto-voerzio-barolo-la-serra-2019\\\/#primaryimage\"},\"image\":{\"@id\":\"https:\\\/\\\/fonsvinum.com\\\/de\\\/produkt\\\/roberto-voerzio-barolo-la-serra-2019\\\/#primaryimage\"},\"thumbnailUrl\":\"https:\\\/\\\/fonsvinum.com\\\/files\\\/2023\\\/07\\\/Voerzio-barolo-la-Serra.png\",\"datePublished\":\"2023-07-06T09:32:06+00:00\",\"dateModified\":\"2023-07-06T10:13:54+00:00\",\"description\":\"Kaufen online Roberto Voerzio Barolo La Serra 2019 - Fons Vinum....\",\"breadcrumb\":{\"@id\":\"https:\\\/\\\/fonsvinum.com\\\/de\\\/produkt\\\/roberto-voerzio-barolo-la-serra-2019\\\/#breadcrumb\"},\"inLanguage\":\"de\",\"potentialAction\":[{\"@type\":\"ReadAction\",\"target\":[\"https:\\\/\\\/fonsvinum.com\\\/de\\\/produkt\\\/roberto-voerzio-barolo-la-serra-2019\\\/\"]}]},{\"@type\":\"ImageObject\",\"inLanguage\":\"de\",\"@id\":\"https:\\\/\\\/fonsvinum.com\\\/de\\\/produkt\\\/roberto-voerzio-barolo-la-serra-2019\\\/#primaryimage\",\"url\":\"https:\\\/\\\/fonsvinum.com\\\/files\\\/2023\\\/07\\\/Voerzio-barolo-la-Serra.png\",\"contentUrl\":\"https:\\\/\\\/fonsvinum.com\\\/files\\\/2023\\\/07\\\/Voerzio-barolo-la-Serra.png\",\"width\":200,\"height\":600},{\"@type\":\"BreadcrumbList\",\"@id\":\"https:\\\/\\\/fonsvinum.com\\\/de\\\/produkt\\\/roberto-voerzio-barolo-la-serra-2019\\\/#breadcrumb\",\"itemListElement\":[{\"@type\":\"ListItem\",\"position\":1,\"name\":\"Startseite\",\"item\":\"https:\\\/\\\/fonsvinum.com\\\/de\\\/\"},{\"@type\":\"ListItem\",\"position\":2,\"name\":\"Shop\",\"item\":\"https:\\\/\\\/fonsvinum.com\\\/de\\\/shop\\\/\"},{\"@type\":\"ListItem\",\"position\":3,\"name\":\"Roberto Voerzio Barolo La Serra 2019\"}]},{\"@type\":\"WebSite\",\"@id\":\"https:\\\/\\\/fonsvinum.com\\\/en\\\/#website\",\"url\":\"https:\\\/\\\/fonsvinum.com\\\/en\\\/\",\"name\":\"Fons Vinum\",\"description\":\"Vendita Vino Online\",\"publisher\":{\"@id\":\"https:\\\/\\\/fonsvinum.com\\\/en\\\/#organization\"},\"potentialAction\":[{\"@type\":\"SearchAction\",\"target\":{\"@type\":\"EntryPoint\",\"urlTemplate\":\"https:\\\/\\\/fonsvinum.com\\\/en\\\/?s={search_term_string}\"},\"query-input\":{\"@type\":\"PropertyValueSpecification\",\"valueRequired\":true,\"valueName\":\"search_term_string\"}}],\"inLanguage\":\"de\"},{\"@type\":\"Organization\",\"@id\":\"https:\\\/\\\/fonsvinum.com\\\/en\\\/#organization\",\"name\":\"Fons Vinum\",\"url\":\"https:\\\/\\\/fonsvinum.com\\\/en\\\/\",\"logo\":{\"@type\":\"ImageObject\",\"inLanguage\":\"de\",\"@id\":\"https:\\\/\\\/fonsvinum.com\\\/en\\\/#\\\/schema\\\/logo\\\/image\\\/\",\"url\":\"\",\"contentUrl\":\"\",\"caption\":\"Fons Vinum\"},\"image\":{\"@id\":\"https:\\\/\\\/fonsvinum.com\\\/en\\\/#\\\/schema\\\/logo\\\/image\\\/\"}}]}<\/script>\n<!-- \/ Yoast SEO plugin. -->","yoast_head_json":{"title":"Kaufen online Roberto Voerzio Barolo La Serra 2019 - FonsVinum","description":"Kaufen online Roberto Voerzio Barolo La Serra 2019 - Fons Vinum....","robots":{"index":"index","follow":"follow","max-snippet":"max-snippet:-1","max-image-preview":"max-image-preview:large","max-video-preview":"max-video-preview:-1"},"canonical":"https:\/\/fonsvinum.com\/de\/produkt\/roberto-voerzio-barolo-la-serra-2019\/","og_locale":"de_DE","og_type":"article","og_title":"Kaufen online Roberto Voerzio Barolo La Serra 2019 - FonsVinum","og_description":"Kaufen online Roberto Voerzio Barolo La Serra 2019 - Fons Vinum....","og_url":"https:\/\/fonsvinum.com\/de\/produkt\/roberto-voerzio-barolo-la-serra-2019\/","og_site_name":"Fons Vinum","article_modified_time":"2023-07-06T10:13:54+00:00","og_image":[{"width":200,"height":600,"url":"https:\/\/fonsvinum.com\/files\/2023\/07\/Voerzio-barolo-la-Serra.png","type":"image\/png"}],"twitter_misc":{"Gesch\u00e4tzte Lesezeit":"1\u00a0Minute"},"schema":{"@context":"https:\/\/schema.org","@graph":[{"@type":"WebPage","@id":"https:\/\/fonsvinum.com\/de\/produkt\/roberto-voerzio-barolo-la-serra-2019\/","url":"https:\/\/fonsvinum.com\/de\/produkt\/roberto-voerzio-barolo-la-serra-2019\/","name":"Kaufen online Roberto Voerzio Barolo La Serra 2019 - FonsVinum","isPartOf":{"@id":"https:\/\/fonsvinum.com\/en\/#website"},"primaryImageOfPage":{"@id":"https:\/\/fonsvinum.com\/de\/produkt\/roberto-voerzio-barolo-la-serra-2019\/#primaryimage"},"image":{"@id":"https:\/\/fonsvinum.com\/de\/produkt\/roberto-voerzio-barolo-la-serra-2019\/#primaryimage"},"thumbnailUrl":"https:\/\/fonsvinum.com\/files\/2023\/07\/Voerzio-barolo-la-Serra.png","datePublished":"2023-07-06T09:32:06+00:00","dateModified":"2023-07-06T10:13:54+00:00","description":"Kaufen online Roberto Voerzio Barolo La Serra 2019 - Fons Vinum....","breadcrumb":{"@id":"https:\/\/fonsvinum.com\/de\/produkt\/roberto-voerzio-barolo-la-serra-2019\/#breadcrumb"},"inLanguage":"de","potentialAction":[{"@type":"ReadAction","target":["https:\/\/fonsvinum.com\/de\/produkt\/roberto-voerzio-barolo-la-serra-2019\/"]}]},{"@type":"ImageObject","inLanguage":"de","@id":"https:\/\/fonsvinum.com\/de\/produkt\/roberto-voerzio-barolo-la-serra-2019\/#primaryimage","url":"https:\/\/fonsvinum.com\/files\/2023\/07\/Voerzio-barolo-la-Serra.png","contentUrl":"https:\/\/fonsvinum.com\/files\/2023\/07\/Voerzio-barolo-la-Serra.png","width":200,"height":600},{"@type":"BreadcrumbList","@id":"https:\/\/fonsvinum.com\/de\/produkt\/roberto-voerzio-barolo-la-serra-2019\/#breadcrumb","itemListElement":[{"@type":"ListItem","position":1,"name":"Startseite","item":"https:\/\/fonsvinum.com\/de\/"},{"@type":"ListItem","position":2,"name":"Shop","item":"https:\/\/fonsvinum.com\/de\/shop\/"},{"@type":"ListItem","position":3,"name":"Roberto Voerzio Barolo La Serra 2019"}]},{"@type":"WebSite","@id":"https:\/\/fonsvinum.com\/en\/#website","url":"https:\/\/fonsvinum.com\/en\/","name":"Fons Vinum","description":"Vendita Vino Online","publisher":{"@id":"https:\/\/fonsvinum.com\/en\/#organization"},"potentialAction":[{"@type":"SearchAction","target":{"@type":"EntryPoint","urlTemplate":"https:\/\/fonsvinum.com\/en\/?s={search_term_string}"},"query-input":{"@type":"PropertyValueSpecification","valueRequired":true,"valueName":"search_term_string"}}],"inLanguage":"de"},{"@type":"Organization","@id":"https:\/\/fonsvinum.com\/en\/#organization","name":"Fons Vinum","url":"https:\/\/fonsvinum.com\/en\/","logo":{"@type":"ImageObject","inLanguage":"de","@id":"https:\/\/fonsvinum.com\/en\/#\/schema\/logo\/image\/","url":"","contentUrl":"","caption":"Fons Vinum"},"image":{"@id":"https:\/\/fonsvinum.com\/en\/#\/schema\/logo\/image\/"}}]}},"acf":[],"_links":{"self":[{"href":"https:\/\/fonsvinum.com\/de\/wp-json\/wp\/v2\/product\/41549","targetHints":{"allow":["GET"]}}],"collection":[{"href":"https:\/\/fonsvinum.com\/de\/wp-json\/wp\/v2\/product"}],"about":[{"href":"https:\/\/fonsvinum.com\/de\/wp-json\/wp\/v2\/types\/product"}],"replies":[{"embeddable":true,"href":"https:\/\/fonsvinum.com\/de\/wp-json\/wp\/v2\/comments?post=41549"}],"wp:featuredmedia":[{"embeddable":true,"href":"https:\/\/fonsvinum.com\/de\/wp-json\/wp\/v2\/media\/41557"}],"wp:attachment":[{"href":"https:\/\/fonsvinum.com\/de\/wp-json\/wp\/v2\/media?parent=41549"}],"wp:term":[{"taxonomy":"product_brand","embeddable":true,"href":"https:\/\/fonsvinum.com\/de\/wp-json\/wp\/v2\/product_brand?post=41549"},{"taxonomy":"product_cat","embeddable":true,"href":"https:\/\/fonsvinum.com\/de\/wp-json\/wp\/v2\/product_cat?post=41549"},{"taxonomy":"product_tag","embeddable":true,"href":"https:\/\/fonsvinum.com\/de\/wp-json\/wp\/v2\/product_tag?post=41549"}],"curies":[{"name":"wp","href":"https:\/\/api.w.org\/{rel}","templated":true}]}}