{"id":41509,"date":"2023-06-29T10:42:46","date_gmt":"2023-06-29T08:42:46","guid":{"rendered":"https:\/\/fonsvinum.com\/?post_type=product&#038;p=41509"},"modified":"2023-06-29T11:58:16","modified_gmt":"2023-06-29T09:58:16","slug":"roberto-voerzio-barolo-brunate-2019","status":"publish","type":"product","link":"https:\/\/fonsvinum.com\/de\/produkt\/roberto-voerzio-barolo-brunate-2019\/","title":{"rendered":"Roberto Voerzio Barolo Brunate 2019"},"content":{"rendered":"<h1>Roberto Voerzio <a href=\"https:\/\/fonsvinum.com\/categoria-prodotto\/vini-rossi\/barolo\/\">Barolo <\/a>Brunate 2019<\/h1>\n<h2>Roberto Voerzio <a href=\"https:\/\/fonsvinum.com\/categoria-prodotto\/vini-rossi\/barolo\/\">Barolo <\/a>Brunate 2019<\/h2>\n<p id=\"tw-target-text\" class=\"tw-data-text tw-text-large tw-ta\" dir=\"ltr\" data-placeholder=\"Traduzione\"><span class=\"Y2IQFc\" lang=\"de\">2019 ist ein magisches Jahr, das als klassischer Jahrgang sehr gesch\u00e4tzt wird. Viele Winzer vergleichen den Jahrgang mit dem herausragenden 2016, insbesondere hinsichtlich der Tannine, Konzentration und Kraft der Weine. Der entscheidende Unterschied zu 2016 ist die Ausgewogenheit der vielen dichten Tannine mit einer s\u00fc\u00dferen und saftigeren Fruchtnote als 2016. Die lebendig frische und ausgewogene S\u00e4urestruktur der Weine sorgt f\u00fcr maximale Ausgewogenheit. Der hohe Anteil an Polyphenolen sorgt besonders bei Nebbiolo f\u00fcr eine leuchtende und brillante Farbe.<\/span><\/p>\n<h2 id=\"tw-target-text\" class=\"tw-data-text tw-text-large tw-ta\" dir=\"ltr\" data-placeholder=\"Traduzione\"><span class=\"Y2IQFc\" lang=\"de\">Danksagungen <\/span><\/h2>\n<p class=\"tw-data-text tw-text-large tw-ta\" dir=\"ltr\" data-placeholder=\"Traduzione\"><span class=\"Y2IQFc\" lang=\"de\"><strong>Heiner Lobenberg<\/strong>: <\/span><span class=\"Y2IQFc\" lang=\"de\">Um diesen Brunate in vollen Z\u00fcgen genie\u00dfen zu k\u00f6nnen, sollte er einige Jahre nach der Abf\u00fcllung ge\u00f6ffnet werden, aber selbst wenn er jetzt getrunken wird, wei\u00df er zu 98\/100 jeden zu verbl\u00fcffen und zu faszinieren! <\/span><\/p>\n<h3 id=\"tw-target-text\" class=\"tw-data-text tw-text-large tw-ta\" dir=\"ltr\" data-placeholder=\"Traduzione\"><span class=\"Y2IQFc\" lang=\"de\">Geschmacksnoten<\/span><\/h3>\n<p><strong>Farbe<\/strong> : <span class=\"Y2IQFc\" lang=\"de\">Intensives Granatrot<\/span><\/p>\n<p><strong>Geruch<\/strong> : <span class=\"Y2IQFc\" lang=\"de\">Intensiv, aber zart, mit einem Hauch von reifen und getrockneten Erdbeeren, Pflaumenkompott und Tabak<\/span><\/p>\n<p><strong>Geschmack<\/strong> : <span class=\"Y2IQFc\" lang=\"de\">Robust und strukturiert, mit Charakter, voll, mit umh\u00fcllenden Tanninen<\/span><\/p>\n<h2 id=\"tw-target-text\" class=\"tw-data-text tw-text-large tw-ta\" dir=\"ltr\" data-placeholder=\"Traduzione\"><span class=\"Y2IQFc\" lang=\"de\">Geschmacksnoten<\/span><\/h2>\n<p>Sattes Granatrot. Klare Aromen von schwarzen Beeren und Pflaumen. Saftie Frucht im Mund, griffiges Tanninund feiner S\u00e4urenerv, dicht und konzentriert, komplex und Potential andeutend, langer Abgang.<\/p>\n","protected":false},"excerpt":{"rendered":"<p>Roberto Voerzio Barolo Brunate 2019 Roberto Voerzio Barolo Brunate 2019 2019 ist ein magisches Jahr, das als klassischer Jahrgang sehr gesch\u00e4tzt wird. Viele Winzer vergleichen den Jahrgang mit dem herausragenden 2016, insbesondere hinsichtlich der Tannine, Konzentration und Kraft der Weine. Der entscheidende Unterschied zu 2016 ist die Ausgewogenheit der vielen dichten Tannine mit einer s\u00fc\u00dferen [&hellip;]<\/p>\n","protected":false},"featured_media":41517,"comment_status":"open","ping_status":"closed","template":"","meta":{"_acf_changed":false,"_monsterinsights_skip_tracking":false,"_monsterinsights_sitenote_active":false,"_monsterinsights_sitenote_note":"","_monsterinsights_sitenote_category":0},"product_brand":[],"product_cat":[1824],"product_tag":[1733,15903,15893],"class_list":{"0":"post-41509","1":"product","2":"type-product","3":"status-publish","4":"has-post-thumbnail","6":"product_cat-barolo-de","7":"product_tag-aussergewoehnliche-weine-de","8":"product_tag-barolo-de","9":"product_tag-piemonte-de","10":"pa_appellation-barolo-docg-de","11":"pa_formato-0-75-l-flasche-de","12":"pa_producer-azienda-agricola-roberto-voerzio-de","13":"pa_region-piemont-de","14":"pa_vine-100-nebbiolo-de","15":"pa_vintage-2019-de","17":"first","18":"instock","19":"taxable","20":"shipping-taxable","21":"purchasable","22":"product-type-simple"},"bundled_by":[],"bundle_stock_status":"instock","bundle_stock_quantity":30,"bundle_virtual":false,"bundle_layout":"","bundle_add_to_cart_form_location":"","bundle_editable_in_cart":false,"bundle_sold_individually_context":"","bundle_item_grouping":"","bundle_min_size":"","bundle_max_size":"","bundle_price":[],"bundled_items":[],"bundle_sell_ids":[],"yoast_head":"<!-- This site is optimized with the Yoast SEO plugin v27.3 - https:\/\/yoast.com\/product\/yoast-seo-wordpress\/ -->\n<title>Kaufen Roberto Voerzio Barolo Brunate 2019 - FonsVinum<\/title>\n<meta name=\"description\" content=\"Kaufen online Roberto Voerzio Barolo Brunate 2019 - Fons Vinum....\" \/>\n<meta name=\"robots\" content=\"index, follow, max-snippet:-1, max-image-preview:large, max-video-preview:-1\" \/>\n<link rel=\"canonical\" href=\"https:\/\/fonsvinum.com\/de\/produkt\/roberto-voerzio-barolo-brunate-2019\/\" \/>\n<meta property=\"og:locale\" content=\"de_DE\" \/>\n<meta property=\"og:type\" content=\"article\" \/>\n<meta property=\"og:title\" content=\"Kaufen Roberto Voerzio Barolo Brunate 2019 - FonsVinum\" \/>\n<meta property=\"og:description\" content=\"Kaufen online Roberto Voerzio Barolo Brunate 2019 - Fons Vinum....\" \/>\n<meta property=\"og:url\" content=\"https:\/\/fonsvinum.com\/de\/produkt\/roberto-voerzio-barolo-brunate-2019\/\" \/>\n<meta property=\"og:site_name\" content=\"Fons Vinum\" \/>\n<meta property=\"article:modified_time\" content=\"2023-06-29T09:58:16+00:00\" \/>\n<meta property=\"og:image\" content=\"https:\/\/fonsvinum.com\/files\/2023\/06\/voerzio-barolo-brunate.png\" \/>\n\t<meta property=\"og:image:width\" content=\"200\" \/>\n\t<meta property=\"og:image:height\" content=\"600\" \/>\n\t<meta property=\"og:image:type\" content=\"image\/png\" \/>\n<meta name=\"twitter:label1\" content=\"Gesch\u00e4tzte Lesezeit\" \/>\n\t<meta name=\"twitter:data1\" content=\"1\u00a0Minute\" \/>\n<script type=\"application\/ld+json\" class=\"yoast-schema-graph\">{\"@context\":\"https:\\\/\\\/schema.org\",\"@graph\":[{\"@type\":\"WebPage\",\"@id\":\"https:\\\/\\\/fonsvinum.com\\\/de\\\/produkt\\\/roberto-voerzio-barolo-brunate-2019\\\/\",\"url\":\"https:\\\/\\\/fonsvinum.com\\\/de\\\/produkt\\\/roberto-voerzio-barolo-brunate-2019\\\/\",\"name\":\"Kaufen Roberto Voerzio Barolo Brunate 2019 - FonsVinum\",\"isPartOf\":{\"@id\":\"https:\\\/\\\/fonsvinum.com\\\/en\\\/#website\"},\"primaryImageOfPage\":{\"@id\":\"https:\\\/\\\/fonsvinum.com\\\/de\\\/produkt\\\/roberto-voerzio-barolo-brunate-2019\\\/#primaryimage\"},\"image\":{\"@id\":\"https:\\\/\\\/fonsvinum.com\\\/de\\\/produkt\\\/roberto-voerzio-barolo-brunate-2019\\\/#primaryimage\"},\"thumbnailUrl\":\"https:\\\/\\\/fonsvinum.com\\\/files\\\/2023\\\/06\\\/voerzio-barolo-brunate.png\",\"datePublished\":\"2023-06-29T08:42:46+00:00\",\"dateModified\":\"2023-06-29T09:58:16+00:00\",\"description\":\"Kaufen online Roberto Voerzio Barolo Brunate 2019 - Fons Vinum....\",\"breadcrumb\":{\"@id\":\"https:\\\/\\\/fonsvinum.com\\\/de\\\/produkt\\\/roberto-voerzio-barolo-brunate-2019\\\/#breadcrumb\"},\"inLanguage\":\"de\",\"potentialAction\":[{\"@type\":\"ReadAction\",\"target\":[\"https:\\\/\\\/fonsvinum.com\\\/de\\\/produkt\\\/roberto-voerzio-barolo-brunate-2019\\\/\"]}]},{\"@type\":\"ImageObject\",\"inLanguage\":\"de\",\"@id\":\"https:\\\/\\\/fonsvinum.com\\\/de\\\/produkt\\\/roberto-voerzio-barolo-brunate-2019\\\/#primaryimage\",\"url\":\"https:\\\/\\\/fonsvinum.com\\\/files\\\/2023\\\/06\\\/voerzio-barolo-brunate.png\",\"contentUrl\":\"https:\\\/\\\/fonsvinum.com\\\/files\\\/2023\\\/06\\\/voerzio-barolo-brunate.png\",\"width\":200,\"height\":600},{\"@type\":\"BreadcrumbList\",\"@id\":\"https:\\\/\\\/fonsvinum.com\\\/de\\\/produkt\\\/roberto-voerzio-barolo-brunate-2019\\\/#breadcrumb\",\"itemListElement\":[{\"@type\":\"ListItem\",\"position\":1,\"name\":\"Startseite\",\"item\":\"https:\\\/\\\/fonsvinum.com\\\/de\\\/\"},{\"@type\":\"ListItem\",\"position\":2,\"name\":\"Shop\",\"item\":\"https:\\\/\\\/fonsvinum.com\\\/de\\\/shop\\\/\"},{\"@type\":\"ListItem\",\"position\":3,\"name\":\"Roberto Voerzio Barolo Brunate 2019\"}]},{\"@type\":\"WebSite\",\"@id\":\"https:\\\/\\\/fonsvinum.com\\\/en\\\/#website\",\"url\":\"https:\\\/\\\/fonsvinum.com\\\/en\\\/\",\"name\":\"Fons Vinum\",\"description\":\"Vendita Vino Online\",\"publisher\":{\"@id\":\"https:\\\/\\\/fonsvinum.com\\\/en\\\/#organization\"},\"potentialAction\":[{\"@type\":\"SearchAction\",\"target\":{\"@type\":\"EntryPoint\",\"urlTemplate\":\"https:\\\/\\\/fonsvinum.com\\\/en\\\/?s={search_term_string}\"},\"query-input\":{\"@type\":\"PropertyValueSpecification\",\"valueRequired\":true,\"valueName\":\"search_term_string\"}}],\"inLanguage\":\"de\"},{\"@type\":\"Organization\",\"@id\":\"https:\\\/\\\/fonsvinum.com\\\/en\\\/#organization\",\"name\":\"Fons Vinum\",\"url\":\"https:\\\/\\\/fonsvinum.com\\\/en\\\/\",\"logo\":{\"@type\":\"ImageObject\",\"inLanguage\":\"de\",\"@id\":\"https:\\\/\\\/fonsvinum.com\\\/en\\\/#\\\/schema\\\/logo\\\/image\\\/\",\"url\":\"\",\"contentUrl\":\"\",\"caption\":\"Fons Vinum\"},\"image\":{\"@id\":\"https:\\\/\\\/fonsvinum.com\\\/en\\\/#\\\/schema\\\/logo\\\/image\\\/\"}}]}<\/script>\n<!-- \/ Yoast SEO plugin. -->","yoast_head_json":{"title":"Kaufen Roberto Voerzio Barolo Brunate 2019 - FonsVinum","description":"Kaufen online Roberto Voerzio Barolo Brunate 2019 - Fons Vinum....","robots":{"index":"index","follow":"follow","max-snippet":"max-snippet:-1","max-image-preview":"max-image-preview:large","max-video-preview":"max-video-preview:-1"},"canonical":"https:\/\/fonsvinum.com\/de\/produkt\/roberto-voerzio-barolo-brunate-2019\/","og_locale":"de_DE","og_type":"article","og_title":"Kaufen Roberto Voerzio Barolo Brunate 2019 - FonsVinum","og_description":"Kaufen online Roberto Voerzio Barolo Brunate 2019 - Fons Vinum....","og_url":"https:\/\/fonsvinum.com\/de\/produkt\/roberto-voerzio-barolo-brunate-2019\/","og_site_name":"Fons Vinum","article_modified_time":"2023-06-29T09:58:16+00:00","og_image":[{"width":200,"height":600,"url":"https:\/\/fonsvinum.com\/files\/2023\/06\/voerzio-barolo-brunate.png","type":"image\/png"}],"twitter_misc":{"Gesch\u00e4tzte Lesezeit":"1\u00a0Minute"},"schema":{"@context":"https:\/\/schema.org","@graph":[{"@type":"WebPage","@id":"https:\/\/fonsvinum.com\/de\/produkt\/roberto-voerzio-barolo-brunate-2019\/","url":"https:\/\/fonsvinum.com\/de\/produkt\/roberto-voerzio-barolo-brunate-2019\/","name":"Kaufen Roberto Voerzio Barolo Brunate 2019 - FonsVinum","isPartOf":{"@id":"https:\/\/fonsvinum.com\/en\/#website"},"primaryImageOfPage":{"@id":"https:\/\/fonsvinum.com\/de\/produkt\/roberto-voerzio-barolo-brunate-2019\/#primaryimage"},"image":{"@id":"https:\/\/fonsvinum.com\/de\/produkt\/roberto-voerzio-barolo-brunate-2019\/#primaryimage"},"thumbnailUrl":"https:\/\/fonsvinum.com\/files\/2023\/06\/voerzio-barolo-brunate.png","datePublished":"2023-06-29T08:42:46+00:00","dateModified":"2023-06-29T09:58:16+00:00","description":"Kaufen online Roberto Voerzio Barolo Brunate 2019 - Fons Vinum....","breadcrumb":{"@id":"https:\/\/fonsvinum.com\/de\/produkt\/roberto-voerzio-barolo-brunate-2019\/#breadcrumb"},"inLanguage":"de","potentialAction":[{"@type":"ReadAction","target":["https:\/\/fonsvinum.com\/de\/produkt\/roberto-voerzio-barolo-brunate-2019\/"]}]},{"@type":"ImageObject","inLanguage":"de","@id":"https:\/\/fonsvinum.com\/de\/produkt\/roberto-voerzio-barolo-brunate-2019\/#primaryimage","url":"https:\/\/fonsvinum.com\/files\/2023\/06\/voerzio-barolo-brunate.png","contentUrl":"https:\/\/fonsvinum.com\/files\/2023\/06\/voerzio-barolo-brunate.png","width":200,"height":600},{"@type":"BreadcrumbList","@id":"https:\/\/fonsvinum.com\/de\/produkt\/roberto-voerzio-barolo-brunate-2019\/#breadcrumb","itemListElement":[{"@type":"ListItem","position":1,"name":"Startseite","item":"https:\/\/fonsvinum.com\/de\/"},{"@type":"ListItem","position":2,"name":"Shop","item":"https:\/\/fonsvinum.com\/de\/shop\/"},{"@type":"ListItem","position":3,"name":"Roberto Voerzio Barolo Brunate 2019"}]},{"@type":"WebSite","@id":"https:\/\/fonsvinum.com\/en\/#website","url":"https:\/\/fonsvinum.com\/en\/","name":"Fons Vinum","description":"Vendita Vino Online","publisher":{"@id":"https:\/\/fonsvinum.com\/en\/#organization"},"potentialAction":[{"@type":"SearchAction","target":{"@type":"EntryPoint","urlTemplate":"https:\/\/fonsvinum.com\/en\/?s={search_term_string}"},"query-input":{"@type":"PropertyValueSpecification","valueRequired":true,"valueName":"search_term_string"}}],"inLanguage":"de"},{"@type":"Organization","@id":"https:\/\/fonsvinum.com\/en\/#organization","name":"Fons Vinum","url":"https:\/\/fonsvinum.com\/en\/","logo":{"@type":"ImageObject","inLanguage":"de","@id":"https:\/\/fonsvinum.com\/en\/#\/schema\/logo\/image\/","url":"","contentUrl":"","caption":"Fons Vinum"},"image":{"@id":"https:\/\/fonsvinum.com\/en\/#\/schema\/logo\/image\/"}}]}},"acf":[],"_links":{"self":[{"href":"https:\/\/fonsvinum.com\/de\/wp-json\/wp\/v2\/product\/41509","targetHints":{"allow":["GET"]}}],"collection":[{"href":"https:\/\/fonsvinum.com\/de\/wp-json\/wp\/v2\/product"}],"about":[{"href":"https:\/\/fonsvinum.com\/de\/wp-json\/wp\/v2\/types\/product"}],"replies":[{"embeddable":true,"href":"https:\/\/fonsvinum.com\/de\/wp-json\/wp\/v2\/comments?post=41509"}],"wp:featuredmedia":[{"embeddable":true,"href":"https:\/\/fonsvinum.com\/de\/wp-json\/wp\/v2\/media\/41517"}],"wp:attachment":[{"href":"https:\/\/fonsvinum.com\/de\/wp-json\/wp\/v2\/media?parent=41509"}],"wp:term":[{"taxonomy":"product_brand","embeddable":true,"href":"https:\/\/fonsvinum.com\/de\/wp-json\/wp\/v2\/product_brand?post=41509"},{"taxonomy":"product_cat","embeddable":true,"href":"https:\/\/fonsvinum.com\/de\/wp-json\/wp\/v2\/product_cat?post=41509"},{"taxonomy":"product_tag","embeddable":true,"href":"https:\/\/fonsvinum.com\/de\/wp-json\/wp\/v2\/product_tag?post=41509"}],"curies":[{"name":"wp","href":"https:\/\/api.w.org\/{rel}","templated":true}]}}