{"id":41495,"date":"2023-06-28T10:50:43","date_gmt":"2023-06-28T08:50:43","guid":{"rendered":"https:\/\/fonsvinum.com\/?post_type=product&#038;p=41495"},"modified":"2023-06-28T12:17:29","modified_gmt":"2023-06-28T10:17:29","slug":"roberto-voerzio-barolo-riserva-rv350-2017","status":"publish","type":"product","link":"https:\/\/fonsvinum.com\/de\/produkt\/roberto-voerzio-barolo-riserva-rv350-2017\/","title":{"rendered":"Roberto Voerzio Barolo Riserva RV350 2017"},"content":{"rendered":"<h1>Roberto Voerzio <a href=\"https:\/\/fonsvinum.com\/categoria-prodotto\/vini-rossi\/barolo\/\">Barolo <\/a>Riserva RV350 2017<\/h1>\n<h2>Roberto Voerzio <a href=\"https:\/\/fonsvinum.com\/categoria-prodotto\/vini-rossi\/barolo\/\">Barolo <\/a>Riserva RV350 2017<\/h2>\n<p id=\"tw-target-text\" class=\"tw-data-text tw-text-large tw-ta\" dir=\"ltr\" data-placeholder=\"Traduzione\"><span class=\"Y2IQFc\" lang=\"de\">Dieser Wein ist eine besondere Selektion des Jahrgangs 2017 und stammt ausschlie\u00dflich von Reben mit einem garantierten H\u00f6chstertrag von 350 Gramm, also mit einer m\u00f6glichst konzentrierten Produktion. Man denkt an \u00fcberkonzentriert, aber die Nase ist sehr fein. Feines Lakritz, mit einem sehr leichten blumigen und roten Kirschduft. Der Wein im Mund ist \u00fcberkonzentriert und gleichzeitig sehr delikat. Bestenfalls Tannin, aber die Tannine sind v\u00f6llig weich.<\/span><\/p>\n<h2 id=\"tw-target-text\" class=\"tw-data-text tw-text-large tw-ta\" dir=\"ltr\" data-placeholder=\"Traduzione\"><span class=\"Y2IQFc\" lang=\"de\">Danksagungen <\/span><\/h2>\n<p class=\"tw-data-text tw-text-large tw-ta\" dir=\"ltr\" data-placeholder=\"Traduzione\"><span class=\"Y2IQFc\" lang=\"de\"><strong>Heiner Lobenberg<\/strong>: Ich glaube nicht, dass ich jemals einen Barolo so konzentriert und gleichzeitig so fein getrunken habe, dass ich ihn nicht austrinken wollte, weil er gut war. Erreicht das Niveau der Besten wie Giacosa und Roagna. Super Stoff! 100+\/100<\/span><\/p>\n<h3 id=\"tw-target-text\" class=\"tw-data-text tw-text-large tw-ta\" dir=\"ltr\" data-placeholder=\"Traduzione\"><span class=\"Y2IQFc\" lang=\"de\">Geschmacksnoten<\/span><\/h3>\n<p><strong>Farbe<\/strong> : Rubinrot<\/p>\n<p><strong>Geruch<\/strong> : In der Nase Aromen von Waldbeeren, begleitet von Gew\u00fcrznoten<\/p>\n<p><strong>Geschmack<\/strong> : Am Gaumen intensiv, strukturiert und gehaltvoll<\/p>\n<h2 id=\"tw-target-text\" class=\"tw-data-text tw-text-large tw-ta\" dir=\"ltr\" data-placeholder=\"Traduzione\"><span class=\"Y2IQFc\" lang=\"de\">Geschmacksnoten<\/span><\/h2>\n<p>Sattes Granatrot. Klare Aromen von schwarzen Beeren und Pflaumen. Saftie Frucht im Mund, griffiges Tanninund feiner S\u00e4urenerv, dicht und konzentriert, komplex und Potential andeutend, langer Abgang.<\/p>\n","protected":false},"excerpt":{"rendered":"<p>Roberto Voerzio Barolo Riserva RV350 2017 Roberto Voerzio Barolo Riserva RV350 2017 Dieser Wein ist eine besondere Selektion des Jahrgangs 2017 und stammt ausschlie\u00dflich von Reben mit einem garantierten H\u00f6chstertrag von 350 Gramm, also mit einer m\u00f6glichst konzentrierten Produktion. Man denkt an \u00fcberkonzentriert, aber die Nase ist sehr fein. Feines Lakritz, mit einem sehr leichten [&hellip;]<\/p>\n","protected":false},"featured_media":41503,"comment_status":"open","ping_status":"closed","template":"","meta":{"_acf_changed":false,"_monsterinsights_skip_tracking":false,"_monsterinsights_sitenote_active":false,"_monsterinsights_sitenote_note":"","_monsterinsights_sitenote_category":0},"product_brand":[],"product_cat":[1824],"product_tag":[1733,15903,15893],"class_list":{"0":"post-41495","1":"product","2":"type-product","3":"status-publish","4":"has-post-thumbnail","6":"product_cat-barolo-de","7":"product_tag-aussergewoehnliche-weine-de","8":"product_tag-barolo-de","9":"product_tag-piemonte-de","10":"pa_appellation-barolo-docg-de","11":"pa_formato-0-75-l-flasche-de","12":"pa_producer-azienda-agricola-roberto-voerzio-de","13":"pa_region-piemont-de","14":"pa_vine-100-nebbiolo-de","15":"pa_vintage-2017-de","17":"first","18":"instock","19":"taxable","20":"shipping-taxable","21":"purchasable","22":"product-type-simple"},"bundled_by":[],"bundle_stock_status":"instock","bundle_stock_quantity":6,"bundle_virtual":false,"bundle_layout":"","bundle_add_to_cart_form_location":"","bundle_editable_in_cart":false,"bundle_sold_individually_context":"","bundle_item_grouping":"","bundle_min_size":"","bundle_max_size":"","bundle_price":[],"bundled_items":[],"bundle_sell_ids":[],"yoast_head":"<!-- This site is optimized with the Yoast SEO plugin v27.3 - https:\/\/yoast.com\/product\/yoast-seo-wordpress\/ -->\n<title>Kaufen Roberto Voerzio Barolo Riserva RV350 2017 - FonsVinum<\/title>\n<meta name=\"description\" content=\"Kaufen online Roberto Voerzio Barolo Riserva RV350 2017 - Fons Vinum....\" \/>\n<meta name=\"robots\" content=\"index, follow, max-snippet:-1, max-image-preview:large, max-video-preview:-1\" \/>\n<link rel=\"canonical\" href=\"https:\/\/fonsvinum.com\/de\/produkt\/roberto-voerzio-barolo-riserva-rv350-2017\/\" \/>\n<meta property=\"og:locale\" content=\"de_DE\" \/>\n<meta property=\"og:type\" content=\"article\" \/>\n<meta property=\"og:title\" content=\"Kaufen Roberto Voerzio Barolo Riserva RV350 2017 - FonsVinum\" \/>\n<meta property=\"og:description\" content=\"Kaufen online Roberto Voerzio Barolo Riserva RV350 2017 - Fons Vinum....\" \/>\n<meta property=\"og:url\" content=\"https:\/\/fonsvinum.com\/de\/produkt\/roberto-voerzio-barolo-riserva-rv350-2017\/\" \/>\n<meta property=\"og:site_name\" content=\"Fons Vinum\" \/>\n<meta property=\"article:modified_time\" content=\"2023-06-28T10:17:29+00:00\" \/>\n<meta property=\"og:image\" content=\"https:\/\/fonsvinum.com\/files\/2023\/06\/voerzio-roberto-barolo-riserva-rv350.png\" \/>\n\t<meta property=\"og:image:width\" content=\"200\" \/>\n\t<meta property=\"og:image:height\" content=\"650\" \/>\n\t<meta property=\"og:image:type\" content=\"image\/png\" \/>\n<meta name=\"twitter:label1\" content=\"Gesch\u00e4tzte Lesezeit\" \/>\n\t<meta name=\"twitter:data1\" content=\"1\u00a0Minute\" \/>\n<script type=\"application\/ld+json\" class=\"yoast-schema-graph\">{\"@context\":\"https:\\\/\\\/schema.org\",\"@graph\":[{\"@type\":\"WebPage\",\"@id\":\"https:\\\/\\\/fonsvinum.com\\\/de\\\/produkt\\\/roberto-voerzio-barolo-riserva-rv350-2017\\\/\",\"url\":\"https:\\\/\\\/fonsvinum.com\\\/de\\\/produkt\\\/roberto-voerzio-barolo-riserva-rv350-2017\\\/\",\"name\":\"Kaufen Roberto Voerzio Barolo Riserva RV350 2017 - FonsVinum\",\"isPartOf\":{\"@id\":\"https:\\\/\\\/fonsvinum.com\\\/en\\\/#website\"},\"primaryImageOfPage\":{\"@id\":\"https:\\\/\\\/fonsvinum.com\\\/de\\\/produkt\\\/roberto-voerzio-barolo-riserva-rv350-2017\\\/#primaryimage\"},\"image\":{\"@id\":\"https:\\\/\\\/fonsvinum.com\\\/de\\\/produkt\\\/roberto-voerzio-barolo-riserva-rv350-2017\\\/#primaryimage\"},\"thumbnailUrl\":\"https:\\\/\\\/fonsvinum.com\\\/files\\\/2023\\\/06\\\/voerzio-roberto-barolo-riserva-rv350.png\",\"datePublished\":\"2023-06-28T08:50:43+00:00\",\"dateModified\":\"2023-06-28T10:17:29+00:00\",\"description\":\"Kaufen online Roberto Voerzio Barolo Riserva RV350 2017 - Fons Vinum....\",\"breadcrumb\":{\"@id\":\"https:\\\/\\\/fonsvinum.com\\\/de\\\/produkt\\\/roberto-voerzio-barolo-riserva-rv350-2017\\\/#breadcrumb\"},\"inLanguage\":\"de\",\"potentialAction\":[{\"@type\":\"ReadAction\",\"target\":[\"https:\\\/\\\/fonsvinum.com\\\/de\\\/produkt\\\/roberto-voerzio-barolo-riserva-rv350-2017\\\/\"]}]},{\"@type\":\"ImageObject\",\"inLanguage\":\"de\",\"@id\":\"https:\\\/\\\/fonsvinum.com\\\/de\\\/produkt\\\/roberto-voerzio-barolo-riserva-rv350-2017\\\/#primaryimage\",\"url\":\"https:\\\/\\\/fonsvinum.com\\\/files\\\/2023\\\/06\\\/voerzio-roberto-barolo-riserva-rv350.png\",\"contentUrl\":\"https:\\\/\\\/fonsvinum.com\\\/files\\\/2023\\\/06\\\/voerzio-roberto-barolo-riserva-rv350.png\",\"width\":200,\"height\":650},{\"@type\":\"BreadcrumbList\",\"@id\":\"https:\\\/\\\/fonsvinum.com\\\/de\\\/produkt\\\/roberto-voerzio-barolo-riserva-rv350-2017\\\/#breadcrumb\",\"itemListElement\":[{\"@type\":\"ListItem\",\"position\":1,\"name\":\"Startseite\",\"item\":\"https:\\\/\\\/fonsvinum.com\\\/de\\\/\"},{\"@type\":\"ListItem\",\"position\":2,\"name\":\"Shop\",\"item\":\"https:\\\/\\\/fonsvinum.com\\\/de\\\/shop\\\/\"},{\"@type\":\"ListItem\",\"position\":3,\"name\":\"Roberto Voerzio Barolo Riserva RV350 2017\"}]},{\"@type\":\"WebSite\",\"@id\":\"https:\\\/\\\/fonsvinum.com\\\/en\\\/#website\",\"url\":\"https:\\\/\\\/fonsvinum.com\\\/en\\\/\",\"name\":\"Fons Vinum\",\"description\":\"Vendita Vino Online\",\"publisher\":{\"@id\":\"https:\\\/\\\/fonsvinum.com\\\/en\\\/#organization\"},\"potentialAction\":[{\"@type\":\"SearchAction\",\"target\":{\"@type\":\"EntryPoint\",\"urlTemplate\":\"https:\\\/\\\/fonsvinum.com\\\/en\\\/?s={search_term_string}\"},\"query-input\":{\"@type\":\"PropertyValueSpecification\",\"valueRequired\":true,\"valueName\":\"search_term_string\"}}],\"inLanguage\":\"de\"},{\"@type\":\"Organization\",\"@id\":\"https:\\\/\\\/fonsvinum.com\\\/en\\\/#organization\",\"name\":\"Fons Vinum\",\"url\":\"https:\\\/\\\/fonsvinum.com\\\/en\\\/\",\"logo\":{\"@type\":\"ImageObject\",\"inLanguage\":\"de\",\"@id\":\"https:\\\/\\\/fonsvinum.com\\\/en\\\/#\\\/schema\\\/logo\\\/image\\\/\",\"url\":\"\",\"contentUrl\":\"\",\"caption\":\"Fons Vinum\"},\"image\":{\"@id\":\"https:\\\/\\\/fonsvinum.com\\\/en\\\/#\\\/schema\\\/logo\\\/image\\\/\"}}]}<\/script>\n<!-- \/ Yoast SEO plugin. -->","yoast_head_json":{"title":"Kaufen Roberto Voerzio Barolo Riserva RV350 2017 - FonsVinum","description":"Kaufen online Roberto Voerzio Barolo Riserva RV350 2017 - Fons Vinum....","robots":{"index":"index","follow":"follow","max-snippet":"max-snippet:-1","max-image-preview":"max-image-preview:large","max-video-preview":"max-video-preview:-1"},"canonical":"https:\/\/fonsvinum.com\/de\/produkt\/roberto-voerzio-barolo-riserva-rv350-2017\/","og_locale":"de_DE","og_type":"article","og_title":"Kaufen Roberto Voerzio Barolo Riserva RV350 2017 - FonsVinum","og_description":"Kaufen online Roberto Voerzio Barolo Riserva RV350 2017 - Fons Vinum....","og_url":"https:\/\/fonsvinum.com\/de\/produkt\/roberto-voerzio-barolo-riserva-rv350-2017\/","og_site_name":"Fons Vinum","article_modified_time":"2023-06-28T10:17:29+00:00","og_image":[{"width":200,"height":650,"url":"https:\/\/fonsvinum.com\/files\/2023\/06\/voerzio-roberto-barolo-riserva-rv350.png","type":"image\/png"}],"twitter_misc":{"Gesch\u00e4tzte Lesezeit":"1\u00a0Minute"},"schema":{"@context":"https:\/\/schema.org","@graph":[{"@type":"WebPage","@id":"https:\/\/fonsvinum.com\/de\/produkt\/roberto-voerzio-barolo-riserva-rv350-2017\/","url":"https:\/\/fonsvinum.com\/de\/produkt\/roberto-voerzio-barolo-riserva-rv350-2017\/","name":"Kaufen Roberto Voerzio Barolo Riserva RV350 2017 - FonsVinum","isPartOf":{"@id":"https:\/\/fonsvinum.com\/en\/#website"},"primaryImageOfPage":{"@id":"https:\/\/fonsvinum.com\/de\/produkt\/roberto-voerzio-barolo-riserva-rv350-2017\/#primaryimage"},"image":{"@id":"https:\/\/fonsvinum.com\/de\/produkt\/roberto-voerzio-barolo-riserva-rv350-2017\/#primaryimage"},"thumbnailUrl":"https:\/\/fonsvinum.com\/files\/2023\/06\/voerzio-roberto-barolo-riserva-rv350.png","datePublished":"2023-06-28T08:50:43+00:00","dateModified":"2023-06-28T10:17:29+00:00","description":"Kaufen online Roberto Voerzio Barolo Riserva RV350 2017 - Fons Vinum....","breadcrumb":{"@id":"https:\/\/fonsvinum.com\/de\/produkt\/roberto-voerzio-barolo-riserva-rv350-2017\/#breadcrumb"},"inLanguage":"de","potentialAction":[{"@type":"ReadAction","target":["https:\/\/fonsvinum.com\/de\/produkt\/roberto-voerzio-barolo-riserva-rv350-2017\/"]}]},{"@type":"ImageObject","inLanguage":"de","@id":"https:\/\/fonsvinum.com\/de\/produkt\/roberto-voerzio-barolo-riserva-rv350-2017\/#primaryimage","url":"https:\/\/fonsvinum.com\/files\/2023\/06\/voerzio-roberto-barolo-riserva-rv350.png","contentUrl":"https:\/\/fonsvinum.com\/files\/2023\/06\/voerzio-roberto-barolo-riserva-rv350.png","width":200,"height":650},{"@type":"BreadcrumbList","@id":"https:\/\/fonsvinum.com\/de\/produkt\/roberto-voerzio-barolo-riserva-rv350-2017\/#breadcrumb","itemListElement":[{"@type":"ListItem","position":1,"name":"Startseite","item":"https:\/\/fonsvinum.com\/de\/"},{"@type":"ListItem","position":2,"name":"Shop","item":"https:\/\/fonsvinum.com\/de\/shop\/"},{"@type":"ListItem","position":3,"name":"Roberto Voerzio Barolo Riserva RV350 2017"}]},{"@type":"WebSite","@id":"https:\/\/fonsvinum.com\/en\/#website","url":"https:\/\/fonsvinum.com\/en\/","name":"Fons Vinum","description":"Vendita Vino Online","publisher":{"@id":"https:\/\/fonsvinum.com\/en\/#organization"},"potentialAction":[{"@type":"SearchAction","target":{"@type":"EntryPoint","urlTemplate":"https:\/\/fonsvinum.com\/en\/?s={search_term_string}"},"query-input":{"@type":"PropertyValueSpecification","valueRequired":true,"valueName":"search_term_string"}}],"inLanguage":"de"},{"@type":"Organization","@id":"https:\/\/fonsvinum.com\/en\/#organization","name":"Fons Vinum","url":"https:\/\/fonsvinum.com\/en\/","logo":{"@type":"ImageObject","inLanguage":"de","@id":"https:\/\/fonsvinum.com\/en\/#\/schema\/logo\/image\/","url":"","contentUrl":"","caption":"Fons Vinum"},"image":{"@id":"https:\/\/fonsvinum.com\/en\/#\/schema\/logo\/image\/"}}]}},"acf":[],"_links":{"self":[{"href":"https:\/\/fonsvinum.com\/de\/wp-json\/wp\/v2\/product\/41495","targetHints":{"allow":["GET"]}}],"collection":[{"href":"https:\/\/fonsvinum.com\/de\/wp-json\/wp\/v2\/product"}],"about":[{"href":"https:\/\/fonsvinum.com\/de\/wp-json\/wp\/v2\/types\/product"}],"replies":[{"embeddable":true,"href":"https:\/\/fonsvinum.com\/de\/wp-json\/wp\/v2\/comments?post=41495"}],"wp:featuredmedia":[{"embeddable":true,"href":"https:\/\/fonsvinum.com\/de\/wp-json\/wp\/v2\/media\/41503"}],"wp:attachment":[{"href":"https:\/\/fonsvinum.com\/de\/wp-json\/wp\/v2\/media?parent=41495"}],"wp:term":[{"taxonomy":"product_brand","embeddable":true,"href":"https:\/\/fonsvinum.com\/de\/wp-json\/wp\/v2\/product_brand?post=41495"},{"taxonomy":"product_cat","embeddable":true,"href":"https:\/\/fonsvinum.com\/de\/wp-json\/wp\/v2\/product_cat?post=41495"},{"taxonomy":"product_tag","embeddable":true,"href":"https:\/\/fonsvinum.com\/de\/wp-json\/wp\/v2\/product_tag?post=41495"}],"curies":[{"name":"wp","href":"https:\/\/api.w.org\/{rel}","templated":true}]}}