{"id":41405,"date":"2023-06-22T08:54:26","date_gmt":"2023-06-22T06:54:26","guid":{"rendered":"https:\/\/fonsvinum.com\/?post_type=product&#038;p=41405"},"modified":"2023-06-22T10:41:18","modified_gmt":"2023-06-22T08:41:18","slug":"castello-di-verduno-barolo-2019","status":"publish","type":"product","link":"https:\/\/fonsvinum.com\/de\/produkt\/castello-di-verduno-barolo-2019\/","title":{"rendered":"CASTELLO DI VERDUNO Barolo 2019"},"content":{"rendered":"<h1>CASTELLO DI VERDUNO Barolo 2019<\/h1>\n<h3 class=\"toggle-title\" data-toggle-name=\"product-details_note_di_degustazione\">GESCHMACKSNOTEN<\/h3>\n<p class=\"toggle-content\" data-toggle-content=\"product-details_note_di_degustazione\">Leuchtend rubinrote Farbe. Das Bouquet ist breit und elegant, mit D\u00fcften von Veilchen, Geranien, balsamischen Noten, Aromen von roten Fr\u00fcchten, Marmelade und Gew\u00fcrzen. Am Gaumen zeigt er eine gute Struktur, eine sehr feine Tanninstruktur und eine intakte Frische. Ein eleganter, kr\u00e4ftiger Barolo mit gro\u00dfer Langlebigkeit.<\/p>\n<h3 class=\"toggle-title\" data-toggle-name=\"product-details_abbinamenti\">DER PASSENDE BEGLEITER ZU<\/h3>\n<p class=\"toggle-content\" data-toggle-content=\"product-details_abbinamenti\">Der Barolo DOCG von Castello di Verduno ist der perfekte Begleiter zu rotem Fleisch, geschmort, geschmort oder Wild.<\/p>\n<div class=\"w\">\n<section class=\"productPage__product-details\">\n<div class=\"productPage__description product-details\">\n<div class=\"lap-and-up__6\">\n<div class=\"toggle-block\">\n<p class=\"toggle-content\" data-toggle-content=\"product-details_perche_ci_piace\">Die Maischeg\u00e4rung in Holzbottichen dauert etwa 35 Tage, wobei der Tresterhut traditionell aufgespalten wird. Der Wein reift 32 Monate in gro\u00dfen slawonischen Eichenf\u00e4ssern und einen Monat in Stahlbeh\u00e4ltern. Die Verfeinerung in der Flasche dauert 37 Monate bis zur Freigabe.<\/p>\n<\/div>\n<\/div>\n<\/div>\n<\/section>\n<\/div>\n<section class=\"productSlider\">\n<div class=\"sectionHeader\"><\/div>\n<\/section>\n","protected":false},"excerpt":{"rendered":"<p>CASTELLO DI VERDUNO Barolo 2019 GESCHMACKSNOTEN Leuchtend rubinrote Farbe. Das Bouquet ist breit und elegant, mit D\u00fcften von Veilchen, Geranien, balsamischen Noten, Aromen von roten Fr\u00fcchten, Marmelade und Gew\u00fcrzen. Am Gaumen zeigt er eine gute Struktur, eine sehr feine Tanninstruktur und eine intakte Frische. Ein eleganter, kr\u00e4ftiger Barolo mit gro\u00dfer Langlebigkeit. DER PASSENDE BEGLEITER ZU [&hellip;]<\/p>\n","protected":false},"featured_media":41419,"comment_status":"open","ping_status":"closed","template":"","meta":{"_acf_changed":false,"_monsterinsights_skip_tracking":false,"_monsterinsights_sitenote_active":false,"_monsterinsights_sitenote_note":"","_monsterinsights_sitenote_category":0},"product_brand":[],"product_cat":[1824],"product_tag":[15903,15893,15959],"class_list":{"0":"post-41405","1":"product","2":"type-product","3":"status-publish","4":"has-post-thumbnail","6":"product_cat-barolo-de","7":"product_tag-barolo-de","8":"product_tag-piemonte-de","9":"product_tag-vino-rosso-de","10":"pa_appellation-barolo-docg-de","11":"pa_formato-0-75-l-flasche-de","12":"pa_region-piemont-de","13":"pa_vine-100-nebbiolo-de","14":"pa_vintage-2019-de","16":"first","17":"instock","18":"taxable","19":"shipping-taxable","20":"purchasable","21":"product-type-simple"},"bundled_by":[],"bundle_stock_status":"instock","bundle_stock_quantity":6,"bundle_virtual":false,"bundle_layout":"","bundle_add_to_cart_form_location":"","bundle_editable_in_cart":false,"bundle_sold_individually_context":"","bundle_item_grouping":"","bundle_min_size":"","bundle_max_size":"","bundle_price":[],"bundled_items":[],"bundle_sell_ids":[],"yoast_head":"<!-- This site is optimized with the Yoast SEO plugin v27.3 - https:\/\/yoast.com\/product\/yoast-seo-wordpress\/ -->\n<title>CASTELLO DI VERDUNO Barolo 2019<\/title>\n<meta name=\"description\" content=\"Kaufen online CASTELLO DI VERDUNO Barolo 2019 - Fons Vinum -\" \/>\n<meta name=\"robots\" content=\"index, follow, max-snippet:-1, max-image-preview:large, max-video-preview:-1\" \/>\n<link rel=\"canonical\" href=\"https:\/\/fonsvinum.com\/de\/produkt\/castello-di-verduno-barolo-2019\/\" \/>\n<meta property=\"og:locale\" content=\"de_DE\" \/>\n<meta property=\"og:type\" content=\"article\" \/>\n<meta property=\"og:title\" content=\"CASTELLO DI VERDUNO Barolo 2019\" \/>\n<meta property=\"og:description\" content=\"Kaufen online CASTELLO DI VERDUNO Barolo 2019 - Fons Vinum -\" \/>\n<meta property=\"og:url\" content=\"https:\/\/fonsvinum.com\/de\/produkt\/castello-di-verduno-barolo-2019\/\" \/>\n<meta property=\"og:site_name\" content=\"Fons Vinum\" \/>\n<meta property=\"article:modified_time\" content=\"2023-06-22T08:41:18+00:00\" \/>\n<meta property=\"og:image\" content=\"https:\/\/fonsvinum.com\/files\/2023\/06\/castello-verduno-barolo.png\" \/>\n\t<meta property=\"og:image:width\" content=\"268\" \/>\n\t<meta property=\"og:image:height\" content=\"623\" \/>\n\t<meta property=\"og:image:type\" content=\"image\/png\" \/>\n<meta name=\"twitter:label1\" content=\"Gesch\u00e4tzte Lesezeit\" \/>\n\t<meta name=\"twitter:data1\" content=\"1\u00a0Minute\" \/>\n<script type=\"application\/ld+json\" class=\"yoast-schema-graph\">{\"@context\":\"https:\\\/\\\/schema.org\",\"@graph\":[{\"@type\":\"WebPage\",\"@id\":\"https:\\\/\\\/fonsvinum.com\\\/de\\\/produkt\\\/castello-di-verduno-barolo-2019\\\/\",\"url\":\"https:\\\/\\\/fonsvinum.com\\\/de\\\/produkt\\\/castello-di-verduno-barolo-2019\\\/\",\"name\":\"CASTELLO DI VERDUNO Barolo 2019\",\"isPartOf\":{\"@id\":\"https:\\\/\\\/fonsvinum.com\\\/en\\\/#website\"},\"primaryImageOfPage\":{\"@id\":\"https:\\\/\\\/fonsvinum.com\\\/de\\\/produkt\\\/castello-di-verduno-barolo-2019\\\/#primaryimage\"},\"image\":{\"@id\":\"https:\\\/\\\/fonsvinum.com\\\/de\\\/produkt\\\/castello-di-verduno-barolo-2019\\\/#primaryimage\"},\"thumbnailUrl\":\"https:\\\/\\\/fonsvinum.com\\\/files\\\/2023\\\/06\\\/castello-verduno-barolo.png\",\"datePublished\":\"2023-06-22T06:54:26+00:00\",\"dateModified\":\"2023-06-22T08:41:18+00:00\",\"description\":\"Kaufen online CASTELLO DI VERDUNO Barolo 2019 - Fons Vinum -\",\"breadcrumb\":{\"@id\":\"https:\\\/\\\/fonsvinum.com\\\/de\\\/produkt\\\/castello-di-verduno-barolo-2019\\\/#breadcrumb\"},\"inLanguage\":\"de\",\"potentialAction\":[{\"@type\":\"ReadAction\",\"target\":[\"https:\\\/\\\/fonsvinum.com\\\/de\\\/produkt\\\/castello-di-verduno-barolo-2019\\\/\"]}]},{\"@type\":\"ImageObject\",\"inLanguage\":\"de\",\"@id\":\"https:\\\/\\\/fonsvinum.com\\\/de\\\/produkt\\\/castello-di-verduno-barolo-2019\\\/#primaryimage\",\"url\":\"https:\\\/\\\/fonsvinum.com\\\/files\\\/2023\\\/06\\\/castello-verduno-barolo.png\",\"contentUrl\":\"https:\\\/\\\/fonsvinum.com\\\/files\\\/2023\\\/06\\\/castello-verduno-barolo.png\",\"width\":268,\"height\":623},{\"@type\":\"BreadcrumbList\",\"@id\":\"https:\\\/\\\/fonsvinum.com\\\/de\\\/produkt\\\/castello-di-verduno-barolo-2019\\\/#breadcrumb\",\"itemListElement\":[{\"@type\":\"ListItem\",\"position\":1,\"name\":\"Startseite\",\"item\":\"https:\\\/\\\/fonsvinum.com\\\/de\\\/\"},{\"@type\":\"ListItem\",\"position\":2,\"name\":\"Shop\",\"item\":\"https:\\\/\\\/fonsvinum.com\\\/de\\\/shop\\\/\"},{\"@type\":\"ListItem\",\"position\":3,\"name\":\"CASTELLO DI VERDUNO Barolo 2019\"}]},{\"@type\":\"WebSite\",\"@id\":\"https:\\\/\\\/fonsvinum.com\\\/en\\\/#website\",\"url\":\"https:\\\/\\\/fonsvinum.com\\\/en\\\/\",\"name\":\"Fons Vinum\",\"description\":\"Vendita Vino Online\",\"publisher\":{\"@id\":\"https:\\\/\\\/fonsvinum.com\\\/en\\\/#organization\"},\"potentialAction\":[{\"@type\":\"SearchAction\",\"target\":{\"@type\":\"EntryPoint\",\"urlTemplate\":\"https:\\\/\\\/fonsvinum.com\\\/en\\\/?s={search_term_string}\"},\"query-input\":{\"@type\":\"PropertyValueSpecification\",\"valueRequired\":true,\"valueName\":\"search_term_string\"}}],\"inLanguage\":\"de\"},{\"@type\":\"Organization\",\"@id\":\"https:\\\/\\\/fonsvinum.com\\\/en\\\/#organization\",\"name\":\"Fons Vinum\",\"url\":\"https:\\\/\\\/fonsvinum.com\\\/en\\\/\",\"logo\":{\"@type\":\"ImageObject\",\"inLanguage\":\"de\",\"@id\":\"https:\\\/\\\/fonsvinum.com\\\/en\\\/#\\\/schema\\\/logo\\\/image\\\/\",\"url\":\"\",\"contentUrl\":\"\",\"caption\":\"Fons Vinum\"},\"image\":{\"@id\":\"https:\\\/\\\/fonsvinum.com\\\/en\\\/#\\\/schema\\\/logo\\\/image\\\/\"}}]}<\/script>\n<!-- \/ Yoast SEO plugin. -->","yoast_head_json":{"title":"CASTELLO DI VERDUNO Barolo 2019","description":"Kaufen online CASTELLO DI VERDUNO Barolo 2019 - Fons Vinum -","robots":{"index":"index","follow":"follow","max-snippet":"max-snippet:-1","max-image-preview":"max-image-preview:large","max-video-preview":"max-video-preview:-1"},"canonical":"https:\/\/fonsvinum.com\/de\/produkt\/castello-di-verduno-barolo-2019\/","og_locale":"de_DE","og_type":"article","og_title":"CASTELLO DI VERDUNO Barolo 2019","og_description":"Kaufen online CASTELLO DI VERDUNO Barolo 2019 - Fons Vinum -","og_url":"https:\/\/fonsvinum.com\/de\/produkt\/castello-di-verduno-barolo-2019\/","og_site_name":"Fons Vinum","article_modified_time":"2023-06-22T08:41:18+00:00","og_image":[{"width":268,"height":623,"url":"https:\/\/fonsvinum.com\/files\/2023\/06\/castello-verduno-barolo.png","type":"image\/png"}],"twitter_misc":{"Gesch\u00e4tzte Lesezeit":"1\u00a0Minute"},"schema":{"@context":"https:\/\/schema.org","@graph":[{"@type":"WebPage","@id":"https:\/\/fonsvinum.com\/de\/produkt\/castello-di-verduno-barolo-2019\/","url":"https:\/\/fonsvinum.com\/de\/produkt\/castello-di-verduno-barolo-2019\/","name":"CASTELLO DI VERDUNO Barolo 2019","isPartOf":{"@id":"https:\/\/fonsvinum.com\/en\/#website"},"primaryImageOfPage":{"@id":"https:\/\/fonsvinum.com\/de\/produkt\/castello-di-verduno-barolo-2019\/#primaryimage"},"image":{"@id":"https:\/\/fonsvinum.com\/de\/produkt\/castello-di-verduno-barolo-2019\/#primaryimage"},"thumbnailUrl":"https:\/\/fonsvinum.com\/files\/2023\/06\/castello-verduno-barolo.png","datePublished":"2023-06-22T06:54:26+00:00","dateModified":"2023-06-22T08:41:18+00:00","description":"Kaufen online CASTELLO DI VERDUNO Barolo 2019 - Fons Vinum -","breadcrumb":{"@id":"https:\/\/fonsvinum.com\/de\/produkt\/castello-di-verduno-barolo-2019\/#breadcrumb"},"inLanguage":"de","potentialAction":[{"@type":"ReadAction","target":["https:\/\/fonsvinum.com\/de\/produkt\/castello-di-verduno-barolo-2019\/"]}]},{"@type":"ImageObject","inLanguage":"de","@id":"https:\/\/fonsvinum.com\/de\/produkt\/castello-di-verduno-barolo-2019\/#primaryimage","url":"https:\/\/fonsvinum.com\/files\/2023\/06\/castello-verduno-barolo.png","contentUrl":"https:\/\/fonsvinum.com\/files\/2023\/06\/castello-verduno-barolo.png","width":268,"height":623},{"@type":"BreadcrumbList","@id":"https:\/\/fonsvinum.com\/de\/produkt\/castello-di-verduno-barolo-2019\/#breadcrumb","itemListElement":[{"@type":"ListItem","position":1,"name":"Startseite","item":"https:\/\/fonsvinum.com\/de\/"},{"@type":"ListItem","position":2,"name":"Shop","item":"https:\/\/fonsvinum.com\/de\/shop\/"},{"@type":"ListItem","position":3,"name":"CASTELLO DI VERDUNO Barolo 2019"}]},{"@type":"WebSite","@id":"https:\/\/fonsvinum.com\/en\/#website","url":"https:\/\/fonsvinum.com\/en\/","name":"Fons Vinum","description":"Vendita Vino Online","publisher":{"@id":"https:\/\/fonsvinum.com\/en\/#organization"},"potentialAction":[{"@type":"SearchAction","target":{"@type":"EntryPoint","urlTemplate":"https:\/\/fonsvinum.com\/en\/?s={search_term_string}"},"query-input":{"@type":"PropertyValueSpecification","valueRequired":true,"valueName":"search_term_string"}}],"inLanguage":"de"},{"@type":"Organization","@id":"https:\/\/fonsvinum.com\/en\/#organization","name":"Fons Vinum","url":"https:\/\/fonsvinum.com\/en\/","logo":{"@type":"ImageObject","inLanguage":"de","@id":"https:\/\/fonsvinum.com\/en\/#\/schema\/logo\/image\/","url":"","contentUrl":"","caption":"Fons Vinum"},"image":{"@id":"https:\/\/fonsvinum.com\/en\/#\/schema\/logo\/image\/"}}]}},"acf":[],"_links":{"self":[{"href":"https:\/\/fonsvinum.com\/de\/wp-json\/wp\/v2\/product\/41405","targetHints":{"allow":["GET"]}}],"collection":[{"href":"https:\/\/fonsvinum.com\/de\/wp-json\/wp\/v2\/product"}],"about":[{"href":"https:\/\/fonsvinum.com\/de\/wp-json\/wp\/v2\/types\/product"}],"replies":[{"embeddable":true,"href":"https:\/\/fonsvinum.com\/de\/wp-json\/wp\/v2\/comments?post=41405"}],"wp:featuredmedia":[{"embeddable":true,"href":"https:\/\/fonsvinum.com\/de\/wp-json\/wp\/v2\/media\/41419"}],"wp:attachment":[{"href":"https:\/\/fonsvinum.com\/de\/wp-json\/wp\/v2\/media?parent=41405"}],"wp:term":[{"taxonomy":"product_brand","embeddable":true,"href":"https:\/\/fonsvinum.com\/de\/wp-json\/wp\/v2\/product_brand?post=41405"},{"taxonomy":"product_cat","embeddable":true,"href":"https:\/\/fonsvinum.com\/de\/wp-json\/wp\/v2\/product_cat?post=41405"},{"taxonomy":"product_tag","embeddable":true,"href":"https:\/\/fonsvinum.com\/de\/wp-json\/wp\/v2\/product_tag?post=41405"}],"curies":[{"name":"wp","href":"https:\/\/api.w.org\/{rel}","templated":true}]}}