{"id":41087,"date":"2023-06-01T10:39:30","date_gmt":"2023-06-01T08:39:30","guid":{"rendered":"https:\/\/fonsvinum.com\/?post_type=product&#038;p=41087"},"modified":"2023-06-01T10:45:50","modified_gmt":"2023-06-01T08:45:50","slug":"bruno-giacosa-nebbiolo-dalba-doc-2021","status":"publish","type":"product","link":"https:\/\/fonsvinum.com\/de\/produkt\/bruno-giacosa-nebbiolo-dalba-doc-2021\/","title":{"rendered":"Bruno Giacosa Nebbiolo d&#8217;Alba DOC 2021"},"content":{"rendered":"<h1>Bruno Giacosa Nebbiolo d&#8217;Alba DOC 2021<\/h1>\n<h2>&#8211; NEBBIOLO D&#8217;ALBA BRUNO GIACOSA &#8211;<\/h2>\n<div class=\"product_desc\">Der kleine Bruder des Barolo bzw. Barbaresco beeindruckt mit seinen erdigen Aromen nach Teer, Tr\u00fcffeln und Tabak im Zusammenspiel mit fruchtigen Noten. Kraftvoll und dicht mit zarter Kr\u00e4uterw\u00fcrze ausgestattet wird er von einem erdig-pilzigem Finale getragen. Bruno Giacosa ist einer der letzten Traditionalisten des Piemonteser Weinbaus. Barriques lehnt er grunds\u00e4tzlich ab, seine Weine werden auch nicht filtriert. Die G\u00e4rung findet in Edelstahltanks statt, der Ausbau in grossen F\u00e4ssern aus franz\u00f6sischer Eiche. Er hat die Philosophie seiner Vorfahren \u00fcbernommen, bei der Entwicklung seiner Weine so wenig wie m\u00f6glich einzugreifen. Seine Weine sind von burgundischer Eleganz, sanft und dennoch kraftvoll und lang.<\/div>\n<div>\n<p><strong>Herkunftsland<\/strong>: Italien<\/p>\n<p><strong>Sorte:Rotwein<\/strong><\/p>\n<p><strong>Gesamtalkoholgehalt:<\/strong> 14.0% vol<\/p>\n<p><strong>Rebsorte:<\/strong> 100% Nebbiolo<\/p>\n<\/div>\n<div class=\"sharing\"><\/div>\n","protected":false},"excerpt":{"rendered":"<p>Bruno Giacosa Nebbiolo d&#8217;Alba DOC 2021 &#8211; NEBBIOLO D&#8217;ALBA BRUNO GIACOSA &#8211; Der kleine Bruder des Barolo bzw. Barbaresco beeindruckt mit seinen erdigen Aromen nach Teer, Tr\u00fcffeln und Tabak im Zusammenspiel mit fruchtigen Noten. Kraftvoll und dicht mit zarter Kr\u00e4uterw\u00fcrze ausgestattet wird er von einem erdig-pilzigem Finale getragen. Bruno Giacosa ist einer der letzten Traditionalisten [&hellip;]<\/p>\n","protected":false},"featured_media":5062,"comment_status":"open","ping_status":"closed","template":"","meta":{"_acf_changed":false,"_monsterinsights_skip_tracking":false,"_monsterinsights_sitenote_active":false,"_monsterinsights_sitenote_note":"","_monsterinsights_sitenote_category":0},"product_brand":[],"product_cat":[2356],"product_tag":[],"class_list":{"0":"post-41087","1":"product","2":"type-product","3":"status-publish","4":"has-post-thumbnail","6":"product_cat-nebbiolo-de","7":"pa_appellation-nebbiolo-dalba-doc-de","8":"pa_formato-0-75-l-flasche-de","9":"pa_producer-giacosa-bruno-de","10":"pa_region-piemont-de","11":"pa_vine-100-nebbiolo-de","12":"pa_vintage-18393","14":"first","15":"outofstock","16":"taxable","17":"shipping-taxable","18":"purchasable","19":"product-type-simple"},"bundled_by":[],"bundle_stock_status":"outofstock","bundle_stock_quantity":0,"bundle_virtual":false,"bundle_layout":"","bundle_add_to_cart_form_location":"","bundle_editable_in_cart":false,"bundle_sold_individually_context":"","bundle_item_grouping":"","bundle_min_size":"","bundle_max_size":"","bundle_price":[],"bundled_items":[],"bundle_sell_ids":[],"yoast_head":"<!-- This site is optimized with the Yoast SEO plugin v27.2 - https:\/\/yoast.com\/product\/yoast-seo-wordpress\/ -->\n<title>Bruno Giacosa Nebbiolo d&#039;Alba DOC 2021 | FonsVinum<\/title>\n<meta name=\"description\" content=\"Bruno Giacosa Nebbiolo d&#039;Alba DOC 2021 -FonsVinum- Kraftvoll und dicht mit zarter Kr\u00e4uterw\u00fcrze ausgestattet wird er von einem erdig-pilzigem Finale getragen\" \/>\n<meta name=\"robots\" content=\"index, follow, max-snippet:-1, max-image-preview:large, max-video-preview:-1\" \/>\n<link rel=\"canonical\" href=\"https:\/\/fonsvinum.com\/de\/produkt\/bruno-giacosa-nebbiolo-dalba-doc-2021\/\" \/>\n<meta property=\"og:locale\" content=\"de_DE\" \/>\n<meta property=\"og:type\" content=\"article\" \/>\n<meta property=\"og:title\" content=\"Bruno Giacosa Nebbiolo d&#039;Alba DOC 2021 | FonsVinum\" \/>\n<meta property=\"og:description\" content=\"Bruno Giacosa Nebbiolo d&#039;Alba DOC 2021 -FonsVinum- Kraftvoll und dicht mit zarter Kr\u00e4uterw\u00fcrze ausgestattet wird er von einem erdig-pilzigem Finale getragen\" \/>\n<meta property=\"og:url\" content=\"https:\/\/fonsvinum.com\/de\/produkt\/bruno-giacosa-nebbiolo-dalba-doc-2021\/\" \/>\n<meta property=\"og:site_name\" content=\"Fons Vinum\" \/>\n<meta property=\"article:modified_time\" content=\"2023-06-01T08:45:50+00:00\" \/>\n<meta property=\"og:image\" content=\"https:\/\/fonsvinum.com\/files\/2015\/10\/nebbiolo-giacosa.png\" \/>\n\t<meta property=\"og:image:width\" content=\"200\" \/>\n\t<meta property=\"og:image:height\" content=\"600\" \/>\n\t<meta property=\"og:image:type\" content=\"image\/png\" \/>\n<meta name=\"twitter:label1\" content=\"Gesch\u00e4tzte Lesezeit\" \/>\n\t<meta name=\"twitter:data1\" content=\"1\u00a0Minute\" \/>\n<script type=\"application\/ld+json\" class=\"yoast-schema-graph\">{\"@context\":\"https:\/\/schema.org\",\"@graph\":[{\"@type\":\"WebPage\",\"@id\":\"https:\/\/fonsvinum.com\/de\/produkt\/bruno-giacosa-nebbiolo-dalba-doc-2021\/\",\"url\":\"https:\/\/fonsvinum.com\/de\/produkt\/bruno-giacosa-nebbiolo-dalba-doc-2021\/\",\"name\":\"Bruno Giacosa Nebbiolo d'Alba DOC 2021 | FonsVinum\",\"isPartOf\":{\"@id\":\"https:\/\/fonsvinum.com\/en\/#website\"},\"primaryImageOfPage\":{\"@id\":\"https:\/\/fonsvinum.com\/de\/produkt\/bruno-giacosa-nebbiolo-dalba-doc-2021\/#primaryimage\"},\"image\":{\"@id\":\"https:\/\/fonsvinum.com\/de\/produkt\/bruno-giacosa-nebbiolo-dalba-doc-2021\/#primaryimage\"},\"thumbnailUrl\":\"https:\/\/fonsvinum.com\/files\/2015\/10\/nebbiolo-giacosa.png\",\"datePublished\":\"2023-06-01T08:39:30+00:00\",\"dateModified\":\"2023-06-01T08:45:50+00:00\",\"description\":\"Bruno Giacosa Nebbiolo d'Alba DOC 2021 -FonsVinum- Kraftvoll und dicht mit zarter Kr\u00e4uterw\u00fcrze ausgestattet wird er von einem erdig-pilzigem Finale getragen\",\"breadcrumb\":{\"@id\":\"https:\/\/fonsvinum.com\/de\/produkt\/bruno-giacosa-nebbiolo-dalba-doc-2021\/#breadcrumb\"},\"inLanguage\":\"de\",\"potentialAction\":[{\"@type\":\"ReadAction\",\"target\":[\"https:\/\/fonsvinum.com\/de\/produkt\/bruno-giacosa-nebbiolo-dalba-doc-2021\/\"]}]},{\"@type\":\"ImageObject\",\"inLanguage\":\"de\",\"@id\":\"https:\/\/fonsvinum.com\/de\/produkt\/bruno-giacosa-nebbiolo-dalba-doc-2021\/#primaryimage\",\"url\":\"https:\/\/fonsvinum.com\/files\/2015\/10\/nebbiolo-giacosa.png\",\"contentUrl\":\"https:\/\/fonsvinum.com\/files\/2015\/10\/nebbiolo-giacosa.png\",\"width\":200,\"height\":600},{\"@type\":\"BreadcrumbList\",\"@id\":\"https:\/\/fonsvinum.com\/de\/produkt\/bruno-giacosa-nebbiolo-dalba-doc-2021\/#breadcrumb\",\"itemListElement\":[{\"@type\":\"ListItem\",\"position\":1,\"name\":\"Startseite\",\"item\":\"https:\/\/fonsvinum.com\/de\/\"},{\"@type\":\"ListItem\",\"position\":2,\"name\":\"Shop\",\"item\":\"https:\/\/fonsvinum.com\/de\/shop\/\"},{\"@type\":\"ListItem\",\"position\":3,\"name\":\"Bruno Giacosa Nebbiolo d&#8217;Alba DOC 2021\"}]},{\"@type\":\"WebSite\",\"@id\":\"https:\/\/fonsvinum.com\/en\/#website\",\"url\":\"https:\/\/fonsvinum.com\/en\/\",\"name\":\"Fons Vinum\",\"description\":\"Vendita Vino Online\",\"publisher\":{\"@id\":\"https:\/\/fonsvinum.com\/en\/#organization\"},\"potentialAction\":[{\"@type\":\"SearchAction\",\"target\":{\"@type\":\"EntryPoint\",\"urlTemplate\":\"https:\/\/fonsvinum.com\/en\/?s={search_term_string}\"},\"query-input\":{\"@type\":\"PropertyValueSpecification\",\"valueRequired\":true,\"valueName\":\"search_term_string\"}}],\"inLanguage\":\"de\"},{\"@type\":\"Organization\",\"@id\":\"https:\/\/fonsvinum.com\/en\/#organization\",\"name\":\"Fons Vinum\",\"url\":\"https:\/\/fonsvinum.com\/en\/\",\"logo\":{\"@type\":\"ImageObject\",\"inLanguage\":\"de\",\"@id\":\"https:\/\/fonsvinum.com\/en\/#\/schema\/logo\/image\/\",\"url\":\"\",\"contentUrl\":\"\",\"caption\":\"Fons Vinum\"},\"image\":{\"@id\":\"https:\/\/fonsvinum.com\/en\/#\/schema\/logo\/image\/\"}}]}<\/script>\n<!-- \/ Yoast SEO plugin. -->","yoast_head_json":{"title":"Bruno Giacosa Nebbiolo d'Alba DOC 2021 | FonsVinum","description":"Bruno Giacosa Nebbiolo d'Alba DOC 2021 -FonsVinum- Kraftvoll und dicht mit zarter Kr\u00e4uterw\u00fcrze ausgestattet wird er von einem erdig-pilzigem Finale getragen","robots":{"index":"index","follow":"follow","max-snippet":"max-snippet:-1","max-image-preview":"max-image-preview:large","max-video-preview":"max-video-preview:-1"},"canonical":"https:\/\/fonsvinum.com\/de\/produkt\/bruno-giacosa-nebbiolo-dalba-doc-2021\/","og_locale":"de_DE","og_type":"article","og_title":"Bruno Giacosa Nebbiolo d'Alba DOC 2021 | FonsVinum","og_description":"Bruno Giacosa Nebbiolo d'Alba DOC 2021 -FonsVinum- Kraftvoll und dicht mit zarter Kr\u00e4uterw\u00fcrze ausgestattet wird er von einem erdig-pilzigem Finale getragen","og_url":"https:\/\/fonsvinum.com\/de\/produkt\/bruno-giacosa-nebbiolo-dalba-doc-2021\/","og_site_name":"Fons Vinum","article_modified_time":"2023-06-01T08:45:50+00:00","og_image":[{"width":200,"height":600,"url":"https:\/\/fonsvinum.com\/files\/2015\/10\/nebbiolo-giacosa.png","type":"image\/png"}],"twitter_misc":{"Gesch\u00e4tzte Lesezeit":"1\u00a0Minute"},"schema":{"@context":"https:\/\/schema.org","@graph":[{"@type":"WebPage","@id":"https:\/\/fonsvinum.com\/de\/produkt\/bruno-giacosa-nebbiolo-dalba-doc-2021\/","url":"https:\/\/fonsvinum.com\/de\/produkt\/bruno-giacosa-nebbiolo-dalba-doc-2021\/","name":"Bruno Giacosa Nebbiolo d'Alba DOC 2021 | FonsVinum","isPartOf":{"@id":"https:\/\/fonsvinum.com\/en\/#website"},"primaryImageOfPage":{"@id":"https:\/\/fonsvinum.com\/de\/produkt\/bruno-giacosa-nebbiolo-dalba-doc-2021\/#primaryimage"},"image":{"@id":"https:\/\/fonsvinum.com\/de\/produkt\/bruno-giacosa-nebbiolo-dalba-doc-2021\/#primaryimage"},"thumbnailUrl":"https:\/\/fonsvinum.com\/files\/2015\/10\/nebbiolo-giacosa.png","datePublished":"2023-06-01T08:39:30+00:00","dateModified":"2023-06-01T08:45:50+00:00","description":"Bruno Giacosa Nebbiolo d'Alba DOC 2021 -FonsVinum- Kraftvoll und dicht mit zarter Kr\u00e4uterw\u00fcrze ausgestattet wird er von einem erdig-pilzigem Finale getragen","breadcrumb":{"@id":"https:\/\/fonsvinum.com\/de\/produkt\/bruno-giacosa-nebbiolo-dalba-doc-2021\/#breadcrumb"},"inLanguage":"de","potentialAction":[{"@type":"ReadAction","target":["https:\/\/fonsvinum.com\/de\/produkt\/bruno-giacosa-nebbiolo-dalba-doc-2021\/"]}]},{"@type":"ImageObject","inLanguage":"de","@id":"https:\/\/fonsvinum.com\/de\/produkt\/bruno-giacosa-nebbiolo-dalba-doc-2021\/#primaryimage","url":"https:\/\/fonsvinum.com\/files\/2015\/10\/nebbiolo-giacosa.png","contentUrl":"https:\/\/fonsvinum.com\/files\/2015\/10\/nebbiolo-giacosa.png","width":200,"height":600},{"@type":"BreadcrumbList","@id":"https:\/\/fonsvinum.com\/de\/produkt\/bruno-giacosa-nebbiolo-dalba-doc-2021\/#breadcrumb","itemListElement":[{"@type":"ListItem","position":1,"name":"Startseite","item":"https:\/\/fonsvinum.com\/de\/"},{"@type":"ListItem","position":2,"name":"Shop","item":"https:\/\/fonsvinum.com\/de\/shop\/"},{"@type":"ListItem","position":3,"name":"Bruno Giacosa Nebbiolo d&#8217;Alba DOC 2021"}]},{"@type":"WebSite","@id":"https:\/\/fonsvinum.com\/en\/#website","url":"https:\/\/fonsvinum.com\/en\/","name":"Fons Vinum","description":"Vendita Vino Online","publisher":{"@id":"https:\/\/fonsvinum.com\/en\/#organization"},"potentialAction":[{"@type":"SearchAction","target":{"@type":"EntryPoint","urlTemplate":"https:\/\/fonsvinum.com\/en\/?s={search_term_string}"},"query-input":{"@type":"PropertyValueSpecification","valueRequired":true,"valueName":"search_term_string"}}],"inLanguage":"de"},{"@type":"Organization","@id":"https:\/\/fonsvinum.com\/en\/#organization","name":"Fons Vinum","url":"https:\/\/fonsvinum.com\/en\/","logo":{"@type":"ImageObject","inLanguage":"de","@id":"https:\/\/fonsvinum.com\/en\/#\/schema\/logo\/image\/","url":"","contentUrl":"","caption":"Fons Vinum"},"image":{"@id":"https:\/\/fonsvinum.com\/en\/#\/schema\/logo\/image\/"}}]}},"acf":[],"_links":{"self":[{"href":"https:\/\/fonsvinum.com\/de\/wp-json\/wp\/v2\/product\/41087","targetHints":{"allow":["GET"]}}],"collection":[{"href":"https:\/\/fonsvinum.com\/de\/wp-json\/wp\/v2\/product"}],"about":[{"href":"https:\/\/fonsvinum.com\/de\/wp-json\/wp\/v2\/types\/product"}],"replies":[{"embeddable":true,"href":"https:\/\/fonsvinum.com\/de\/wp-json\/wp\/v2\/comments?post=41087"}],"wp:featuredmedia":[{"embeddable":true,"href":"https:\/\/fonsvinum.com\/de\/wp-json\/wp\/v2\/media\/5062"}],"wp:attachment":[{"href":"https:\/\/fonsvinum.com\/de\/wp-json\/wp\/v2\/media?parent=41087"}],"wp:term":[{"taxonomy":"product_brand","embeddable":true,"href":"https:\/\/fonsvinum.com\/de\/wp-json\/wp\/v2\/product_brand?post=41087"},{"taxonomy":"product_cat","embeddable":true,"href":"https:\/\/fonsvinum.com\/de\/wp-json\/wp\/v2\/product_cat?post=41087"},{"taxonomy":"product_tag","embeddable":true,"href":"https:\/\/fonsvinum.com\/de\/wp-json\/wp\/v2\/product_tag?post=41087"}],"curies":[{"name":"wp","href":"https:\/\/api.w.org\/{rel}","templated":true}]}}