{"id":40969,"date":"2023-05-25T11:47:37","date_gmt":"2023-05-25T09:47:37","guid":{"rendered":"https:\/\/fonsvinum.com\/?post_type=product&#038;p=40969"},"modified":"2023-05-25T11:54:14","modified_gmt":"2023-05-25T09:54:14","slug":"barolo-cascina-nuova-2018-elvio-cogno","status":"publish","type":"product","link":"https:\/\/fonsvinum.com\/de\/produkt\/barolo-cascina-nuova-2018-elvio-cogno\/","title":{"rendered":"BAROLO CASCINA NUOVA 2018 ELVIO COGNO"},"content":{"rendered":"<h1>BAROLO CASCINA NUOVA 2018 <a href=\"https:\/\/www.elviocogno.com\/de\/\">ELVIO COGNO<\/a><\/h1>\n<p><em>Der Landwirtschaftsbetrieb Elvio Cogno produziert die gro\u00dfen Weine der Langhe und bearbeitet etwa 15 Hektar Weinberge im Eigenbesitz in der Ortschaft Novello, die zu den elf Gemeinden in der Provinz Cuneo geh\u00f6rt, wo der Anbau des Barolo DOCG gestattet ist.<\/em><\/p>\n<p><em>Es sind H\u00fcgel, die f\u00fcr ihre Geschichte, Kultur und Sch\u00f6nheit bekannt sind und vor kurzem auch von der UNESCO als Weltkulturerbe anerkannt wurden.<\/em><\/p>\n<p>In den Fu\u00dfstapfen des Gr\u00fcnders Elvio Cogno berufen sich Nadia Cogno und Valter Fissore in ihrer Arbeit auf die Erfahrungen von mehr als vier Winzergenerationen, die sich stets engagierten, exzellente Produkte zu schaffen, die ihren Ursprung in einem einzigartigen\u00a0<b>Terroir<\/b>\u00a0haben, das f\u00fcr die Eleganz, die Textur und die Ausgewogenheit seiner Weine in der ganzen Welt ber\u00fchmt ist.<\/p>\n<p>Mit vier Barolo-Typologien und elfeinhalb Hektar Weinbergen in der Lage Ravera ist Cogno das gr\u00f6\u00dfte Winzerunternehmen der Geografischen Zusatzbezeichnung (MeGA) \u201eRavera\u201c. Es handelt sich um die namhafteste Einzellage von Novello, die bekannt ist f\u00fcr die F\u00e4higkeit ihrer Weine, der Zeit zu widerstehen und dabei Duft und Frische unver\u00e4ndert zu bewahren.<\/p>\n","protected":false},"excerpt":{"rendered":"<p>BAROLO CASCINA NUOVA 2018 ELVIO COGNO Der Landwirtschaftsbetrieb Elvio Cogno produziert die gro\u00dfen Weine der Langhe und bearbeitet etwa 15 Hektar Weinberge im Eigenbesitz in der Ortschaft Novello, die zu den elf Gemeinden in der Provinz Cuneo geh\u00f6rt, wo der Anbau des Barolo DOCG gestattet ist. Es sind H\u00fcgel, die f\u00fcr ihre Geschichte, Kultur und [&hellip;]<\/p>\n","protected":false},"featured_media":23026,"comment_status":"open","ping_status":"closed","template":"","meta":{"_acf_changed":false,"_monsterinsights_skip_tracking":false,"_monsterinsights_sitenote_active":false,"_monsterinsights_sitenote_note":"","_monsterinsights_sitenote_category":0},"product_brand":[],"product_cat":[1824],"product_tag":[1751,15903],"class_list":{"0":"post-40969","1":"product","2":"type-product","3":"status-publish","4":"has-post-thumbnail","6":"product_cat-barolo-de","7":"product_tag-aussergewoehnliche-weine-aus-italien-de","8":"product_tag-barolo-de","9":"pa_appellation-barolo-docg-de","10":"pa_formato-0-75-l-flasche-de","11":"pa_producer-elvio-cogno-de","12":"pa_region-piemont-de","13":"pa_vine-100-nebbiolo-de","14":"pa_vintage-2018-de","16":"first","17":"instock","18":"sale","19":"taxable","20":"shipping-taxable","21":"purchasable","22":"product-type-simple"},"bundled_by":[],"bundle_stock_status":"instock","bundle_stock_quantity":6,"bundle_virtual":false,"bundle_layout":"","bundle_add_to_cart_form_location":"","bundle_editable_in_cart":false,"bundle_sold_individually_context":"","bundle_item_grouping":"","bundle_min_size":"","bundle_max_size":"","bundle_price":[],"bundled_items":[],"bundle_sell_ids":[],"yoast_head":"<!-- This site is optimized with the Yoast SEO plugin v27.3 - https:\/\/yoast.com\/product\/yoast-seo-wordpress\/ -->\n<title>BAROLO CASCINA NUOVA 2018 ELVIO COGNO - FonsVinum<\/title>\n<meta name=\"description\" content=\"Buy online BAROLO CASCINA NUOVA 2018 ELVIO COGNO -FonsVinum I Fonsvinum rare Weine online aus Piedmont, Toskana und Venetien\" \/>\n<meta name=\"robots\" content=\"index, follow, max-snippet:-1, max-image-preview:large, max-video-preview:-1\" \/>\n<link rel=\"canonical\" href=\"https:\/\/fonsvinum.com\/de\/produkt\/barolo-cascina-nuova-2018-elvio-cogno\/\" \/>\n<meta property=\"og:locale\" content=\"de_DE\" \/>\n<meta property=\"og:type\" content=\"article\" \/>\n<meta property=\"og:title\" content=\"BAROLO CASCINA NUOVA 2018 ELVIO COGNO - FonsVinum\" \/>\n<meta property=\"og:description\" content=\"Buy online BAROLO CASCINA NUOVA 2018 ELVIO COGNO -FonsVinum I Fonsvinum rare Weine online aus Piedmont, Toskana und Venetien\" \/>\n<meta property=\"og:url\" content=\"https:\/\/fonsvinum.com\/de\/produkt\/barolo-cascina-nuova-2018-elvio-cogno\/\" \/>\n<meta property=\"og:site_name\" content=\"Fons Vinum\" \/>\n<meta property=\"article:modified_time\" content=\"2023-05-25T09:54:14+00:00\" \/>\n<meta property=\"og:image\" content=\"https:\/\/fonsvinum.com\/files\/2020\/03\/barolo-cascina-nuova-elvio-cogno.jpg\" \/>\n\t<meta property=\"og:image:width\" content=\"833\" \/>\n\t<meta property=\"og:image:height\" content=\"2500\" \/>\n\t<meta property=\"og:image:type\" content=\"image\/jpeg\" \/>\n<meta name=\"twitter:label1\" content=\"Gesch\u00e4tzte Lesezeit\" \/>\n\t<meta name=\"twitter:data1\" content=\"1\u00a0Minute\" \/>\n<script type=\"application\/ld+json\" class=\"yoast-schema-graph\">{\"@context\":\"https:\\\/\\\/schema.org\",\"@graph\":[{\"@type\":\"WebPage\",\"@id\":\"https:\\\/\\\/fonsvinum.com\\\/de\\\/produkt\\\/barolo-cascina-nuova-2018-elvio-cogno\\\/\",\"url\":\"https:\\\/\\\/fonsvinum.com\\\/de\\\/produkt\\\/barolo-cascina-nuova-2018-elvio-cogno\\\/\",\"name\":\"BAROLO CASCINA NUOVA 2018 ELVIO COGNO - FonsVinum\",\"isPartOf\":{\"@id\":\"https:\\\/\\\/fonsvinum.com\\\/en\\\/#website\"},\"primaryImageOfPage\":{\"@id\":\"https:\\\/\\\/fonsvinum.com\\\/de\\\/produkt\\\/barolo-cascina-nuova-2018-elvio-cogno\\\/#primaryimage\"},\"image\":{\"@id\":\"https:\\\/\\\/fonsvinum.com\\\/de\\\/produkt\\\/barolo-cascina-nuova-2018-elvio-cogno\\\/#primaryimage\"},\"thumbnailUrl\":\"https:\\\/\\\/fonsvinum.com\\\/files\\\/2020\\\/03\\\/barolo-cascina-nuova-elvio-cogno.jpg\",\"datePublished\":\"2023-05-25T09:47:37+00:00\",\"dateModified\":\"2023-05-25T09:54:14+00:00\",\"description\":\"Buy online BAROLO CASCINA NUOVA 2018 ELVIO COGNO -FonsVinum I Fonsvinum rare Weine online aus Piedmont, Toskana und Venetien\",\"breadcrumb\":{\"@id\":\"https:\\\/\\\/fonsvinum.com\\\/de\\\/produkt\\\/barolo-cascina-nuova-2018-elvio-cogno\\\/#breadcrumb\"},\"inLanguage\":\"de\",\"potentialAction\":[{\"@type\":\"ReadAction\",\"target\":[\"https:\\\/\\\/fonsvinum.com\\\/de\\\/produkt\\\/barolo-cascina-nuova-2018-elvio-cogno\\\/\"]}]},{\"@type\":\"ImageObject\",\"inLanguage\":\"de\",\"@id\":\"https:\\\/\\\/fonsvinum.com\\\/de\\\/produkt\\\/barolo-cascina-nuova-2018-elvio-cogno\\\/#primaryimage\",\"url\":\"https:\\\/\\\/fonsvinum.com\\\/files\\\/2020\\\/03\\\/barolo-cascina-nuova-elvio-cogno.jpg\",\"contentUrl\":\"https:\\\/\\\/fonsvinum.com\\\/files\\\/2020\\\/03\\\/barolo-cascina-nuova-elvio-cogno.jpg\",\"width\":833,\"height\":2500},{\"@type\":\"BreadcrumbList\",\"@id\":\"https:\\\/\\\/fonsvinum.com\\\/de\\\/produkt\\\/barolo-cascina-nuova-2018-elvio-cogno\\\/#breadcrumb\",\"itemListElement\":[{\"@type\":\"ListItem\",\"position\":1,\"name\":\"Startseite\",\"item\":\"https:\\\/\\\/fonsvinum.com\\\/de\\\/\"},{\"@type\":\"ListItem\",\"position\":2,\"name\":\"Shop\",\"item\":\"https:\\\/\\\/fonsvinum.com\\\/de\\\/shop\\\/\"},{\"@type\":\"ListItem\",\"position\":3,\"name\":\"BAROLO CASCINA NUOVA 2018 ELVIO COGNO\"}]},{\"@type\":\"WebSite\",\"@id\":\"https:\\\/\\\/fonsvinum.com\\\/en\\\/#website\",\"url\":\"https:\\\/\\\/fonsvinum.com\\\/en\\\/\",\"name\":\"Fons Vinum\",\"description\":\"Vendita Vino Online\",\"publisher\":{\"@id\":\"https:\\\/\\\/fonsvinum.com\\\/en\\\/#organization\"},\"potentialAction\":[{\"@type\":\"SearchAction\",\"target\":{\"@type\":\"EntryPoint\",\"urlTemplate\":\"https:\\\/\\\/fonsvinum.com\\\/en\\\/?s={search_term_string}\"},\"query-input\":{\"@type\":\"PropertyValueSpecification\",\"valueRequired\":true,\"valueName\":\"search_term_string\"}}],\"inLanguage\":\"de\"},{\"@type\":\"Organization\",\"@id\":\"https:\\\/\\\/fonsvinum.com\\\/en\\\/#organization\",\"name\":\"Fons Vinum\",\"url\":\"https:\\\/\\\/fonsvinum.com\\\/en\\\/\",\"logo\":{\"@type\":\"ImageObject\",\"inLanguage\":\"de\",\"@id\":\"https:\\\/\\\/fonsvinum.com\\\/en\\\/#\\\/schema\\\/logo\\\/image\\\/\",\"url\":\"\",\"contentUrl\":\"\",\"caption\":\"Fons Vinum\"},\"image\":{\"@id\":\"https:\\\/\\\/fonsvinum.com\\\/en\\\/#\\\/schema\\\/logo\\\/image\\\/\"}}]}<\/script>\n<!-- \/ Yoast SEO plugin. -->","yoast_head_json":{"title":"BAROLO CASCINA NUOVA 2018 ELVIO COGNO - FonsVinum","description":"Buy online BAROLO CASCINA NUOVA 2018 ELVIO COGNO -FonsVinum I Fonsvinum rare Weine online aus Piedmont, Toskana und Venetien","robots":{"index":"index","follow":"follow","max-snippet":"max-snippet:-1","max-image-preview":"max-image-preview:large","max-video-preview":"max-video-preview:-1"},"canonical":"https:\/\/fonsvinum.com\/de\/produkt\/barolo-cascina-nuova-2018-elvio-cogno\/","og_locale":"de_DE","og_type":"article","og_title":"BAROLO CASCINA NUOVA 2018 ELVIO COGNO - FonsVinum","og_description":"Buy online BAROLO CASCINA NUOVA 2018 ELVIO COGNO -FonsVinum I Fonsvinum rare Weine online aus Piedmont, Toskana und Venetien","og_url":"https:\/\/fonsvinum.com\/de\/produkt\/barolo-cascina-nuova-2018-elvio-cogno\/","og_site_name":"Fons Vinum","article_modified_time":"2023-05-25T09:54:14+00:00","og_image":[{"width":833,"height":2500,"url":"https:\/\/fonsvinum.com\/files\/2020\/03\/barolo-cascina-nuova-elvio-cogno.jpg","type":"image\/jpeg"}],"twitter_misc":{"Gesch\u00e4tzte Lesezeit":"1\u00a0Minute"},"schema":{"@context":"https:\/\/schema.org","@graph":[{"@type":"WebPage","@id":"https:\/\/fonsvinum.com\/de\/produkt\/barolo-cascina-nuova-2018-elvio-cogno\/","url":"https:\/\/fonsvinum.com\/de\/produkt\/barolo-cascina-nuova-2018-elvio-cogno\/","name":"BAROLO CASCINA NUOVA 2018 ELVIO COGNO - FonsVinum","isPartOf":{"@id":"https:\/\/fonsvinum.com\/en\/#website"},"primaryImageOfPage":{"@id":"https:\/\/fonsvinum.com\/de\/produkt\/barolo-cascina-nuova-2018-elvio-cogno\/#primaryimage"},"image":{"@id":"https:\/\/fonsvinum.com\/de\/produkt\/barolo-cascina-nuova-2018-elvio-cogno\/#primaryimage"},"thumbnailUrl":"https:\/\/fonsvinum.com\/files\/2020\/03\/barolo-cascina-nuova-elvio-cogno.jpg","datePublished":"2023-05-25T09:47:37+00:00","dateModified":"2023-05-25T09:54:14+00:00","description":"Buy online BAROLO CASCINA NUOVA 2018 ELVIO COGNO -FonsVinum I Fonsvinum rare Weine online aus Piedmont, Toskana und Venetien","breadcrumb":{"@id":"https:\/\/fonsvinum.com\/de\/produkt\/barolo-cascina-nuova-2018-elvio-cogno\/#breadcrumb"},"inLanguage":"de","potentialAction":[{"@type":"ReadAction","target":["https:\/\/fonsvinum.com\/de\/produkt\/barolo-cascina-nuova-2018-elvio-cogno\/"]}]},{"@type":"ImageObject","inLanguage":"de","@id":"https:\/\/fonsvinum.com\/de\/produkt\/barolo-cascina-nuova-2018-elvio-cogno\/#primaryimage","url":"https:\/\/fonsvinum.com\/files\/2020\/03\/barolo-cascina-nuova-elvio-cogno.jpg","contentUrl":"https:\/\/fonsvinum.com\/files\/2020\/03\/barolo-cascina-nuova-elvio-cogno.jpg","width":833,"height":2500},{"@type":"BreadcrumbList","@id":"https:\/\/fonsvinum.com\/de\/produkt\/barolo-cascina-nuova-2018-elvio-cogno\/#breadcrumb","itemListElement":[{"@type":"ListItem","position":1,"name":"Startseite","item":"https:\/\/fonsvinum.com\/de\/"},{"@type":"ListItem","position":2,"name":"Shop","item":"https:\/\/fonsvinum.com\/de\/shop\/"},{"@type":"ListItem","position":3,"name":"BAROLO CASCINA NUOVA 2018 ELVIO COGNO"}]},{"@type":"WebSite","@id":"https:\/\/fonsvinum.com\/en\/#website","url":"https:\/\/fonsvinum.com\/en\/","name":"Fons Vinum","description":"Vendita Vino Online","publisher":{"@id":"https:\/\/fonsvinum.com\/en\/#organization"},"potentialAction":[{"@type":"SearchAction","target":{"@type":"EntryPoint","urlTemplate":"https:\/\/fonsvinum.com\/en\/?s={search_term_string}"},"query-input":{"@type":"PropertyValueSpecification","valueRequired":true,"valueName":"search_term_string"}}],"inLanguage":"de"},{"@type":"Organization","@id":"https:\/\/fonsvinum.com\/en\/#organization","name":"Fons Vinum","url":"https:\/\/fonsvinum.com\/en\/","logo":{"@type":"ImageObject","inLanguage":"de","@id":"https:\/\/fonsvinum.com\/en\/#\/schema\/logo\/image\/","url":"","contentUrl":"","caption":"Fons Vinum"},"image":{"@id":"https:\/\/fonsvinum.com\/en\/#\/schema\/logo\/image\/"}}]}},"acf":[],"_links":{"self":[{"href":"https:\/\/fonsvinum.com\/de\/wp-json\/wp\/v2\/product\/40969","targetHints":{"allow":["GET"]}}],"collection":[{"href":"https:\/\/fonsvinum.com\/de\/wp-json\/wp\/v2\/product"}],"about":[{"href":"https:\/\/fonsvinum.com\/de\/wp-json\/wp\/v2\/types\/product"}],"replies":[{"embeddable":true,"href":"https:\/\/fonsvinum.com\/de\/wp-json\/wp\/v2\/comments?post=40969"}],"wp:featuredmedia":[{"embeddable":true,"href":"https:\/\/fonsvinum.com\/de\/wp-json\/wp\/v2\/media\/23026"}],"wp:attachment":[{"href":"https:\/\/fonsvinum.com\/de\/wp-json\/wp\/v2\/media?parent=40969"}],"wp:term":[{"taxonomy":"product_brand","embeddable":true,"href":"https:\/\/fonsvinum.com\/de\/wp-json\/wp\/v2\/product_brand?post=40969"},{"taxonomy":"product_cat","embeddable":true,"href":"https:\/\/fonsvinum.com\/de\/wp-json\/wp\/v2\/product_cat?post=40969"},{"taxonomy":"product_tag","embeddable":true,"href":"https:\/\/fonsvinum.com\/de\/wp-json\/wp\/v2\/product_tag?post=40969"}],"curies":[{"name":"wp","href":"https:\/\/api.w.org\/{rel}","templated":true}]}}