{"id":40843,"date":"2023-05-22T10:37:06","date_gmt":"2023-05-22T08:37:06","guid":{"rendered":"https:\/\/fonsvinum.com\/?post_type=product&#038;p=40843"},"modified":"2025-12-02T20:19:58","modified_gmt":"2025-12-02T19:19:58","slug":"francesco-rinaldi-barolo-cannubi-2019","status":"publish","type":"product","link":"https:\/\/fonsvinum.com\/de\/produkt\/francesco-rinaldi-barolo-cannubi-2019\/","title":{"rendered":"FRANCESCO RINALDI Barolo Cannubi 2019"},"content":{"rendered":"<h1>FRANCESCO RINALDI Barolo Cannubi 2019<\/h1>\n<h1>Barolo Cannubi 2019<\/h1>\n<p>&nbsp;<\/p>\n<h2 class=\"text-black\">Degustationsnotiz<\/h2>\n<p><b>Cannubi ist wohl die ber\u00fchmteste Lage im Piemont.\u00a0<\/b>Ein perfektes Terroir f\u00fcr Nebbiolo mit einem hohen Anteil an Sand. Intensives Rubinrot mit Granatreflexen,\u00a0<b>sagenhafte Farbe!<\/b>\u00a0Am Anfang zur\u00fcckhaltend, aber nach etwas Bel\u00fcftung gibt er richtig Gas.\u00a0<b>Enorm komplexe Nase.<\/b>\u00a0Duftet herrlich nach Veilchen und Rosenbl\u00e4ttern. Markante Gew\u00fcrznoten, Kardamon, Minze, Tee und schwarzer Pfeffer. Sch\u00f6n eingelegte Frucht, duftet nach reifen Walderdbeeren, Brombeeren und Johannisbeeren. Das ganze Aromab\u00fcndel wird von einer sandigen Mineralit\u00e4t perfekt unterst\u00fctzt.\u00a0<b>Am Gaumen unvergleichliche Spannung und enormer Druck, alles wirkt sehr kompakt<\/b>\u00a0mit toller Balance. Feste, feink\u00f6rnige Tannine, sch\u00f6n reif und harmonisch. Breitet sich aus mit fruchtig-w\u00fcrzigen Aromen, florale Noten und eine sensationelle Mineralit\u00e4t kommen dazu. Endet unheimlich lang mit saftigem Abgang.\u00a0<b>Ein fantastischer Barolo zum Tr\u00e4umen, einfach perfekt!<\/b> Wirkt noch jugendlich, wird in den n\u00e4chsten Jahren kr\u00e4ftig zulegen.<\/p>\n<h2><\/h2>\n<h2 class=\"text-black\">Vinifikation<\/h2>\n<div class=\"mb-[30px] ng-star-inserted\">\n<div class=\"mb-[30px] ng-star-inserted\">\n<p class=\"text-general mt-4 mb-1 text-lg whitespace-pre-line\">100% Nebbiolo aus Cannubi, der wohl ber\u00fchmtesten Lage im Piemont; Ausbau 36 Monate in grossen F\u00e4ssern (5000 l) aus slawonischer Eiche.<\/p>\n<\/div>\n<div class=\"mb-[30px] ng-star-inserted\"><\/div>\n<h4><\/h4>\n<h2 class=\"text-black\">Genussempfehlung<\/h2>\n<p>Toll zu Wild oder Steinpilzrisotto.<\/p>\n<\/div>\n<div class=\"mb-[30px] ng-star-inserted\"><\/div>\n","protected":false},"excerpt":{"rendered":"<p>FRANCESCO RINALDI Barolo Cannubi 2019 Barolo Cannubi 2019 &nbsp; Degustationsnotiz Cannubi ist wohl die ber\u00fchmteste Lage im Piemont.\u00a0Ein perfektes Terroir f\u00fcr Nebbiolo mit einem hohen Anteil an Sand. Intensives Rubinrot mit Granatreflexen,\u00a0sagenhafte Farbe!\u00a0Am Anfang zur\u00fcckhaltend, aber nach etwas Bel\u00fcftung gibt er richtig Gas.\u00a0Enorm komplexe Nase.\u00a0Duftet herrlich nach Veilchen und Rosenbl\u00e4ttern. Markante Gew\u00fcrznoten, Kardamon, Minze, Tee [&hellip;]<\/p>\n","protected":false},"featured_media":40829,"comment_status":"open","ping_status":"closed","template":"","meta":{"_acf_changed":false,"_monsterinsights_skip_tracking":false,"_monsterinsights_sitenote_active":false,"_monsterinsights_sitenote_note":"","_monsterinsights_sitenote_category":0},"product_brand":[],"product_cat":[1824],"product_tag":[15903,15893,15959],"class_list":{"0":"post-40843","1":"product","2":"type-product","3":"status-publish","4":"has-post-thumbnail","6":"product_cat-barolo-de","7":"product_tag-barolo-de","8":"product_tag-piemonte-de","9":"product_tag-vino-rosso-de","10":"pa_appellation-barolo-docg-de","11":"pa_formato-0-75-l-flasche-de","12":"pa_region-piemont-de","13":"pa_vine-100-nebbiolo-de","14":"pa_vintage-2019-de","16":"first","17":"instock","18":"sale","19":"taxable","20":"shipping-taxable","21":"purchasable","22":"product-type-simple"},"bundled_by":[],"bundle_stock_status":"instock","bundle_stock_quantity":2,"bundle_virtual":false,"bundle_layout":"","bundle_add_to_cart_form_location":"","bundle_editable_in_cart":false,"bundle_sold_individually_context":"","bundle_item_grouping":"","bundle_min_size":"","bundle_max_size":"","bundle_price":[],"bundled_items":[],"bundle_sell_ids":[],"yoast_head":"<!-- This site is optimized with the Yoast SEO plugin v27.3 - https:\/\/yoast.com\/product\/yoast-seo-wordpress\/ -->\n<title>Buy on Fons Vinum FRANCESCO RINALDI Barolo Cannubi 2019<\/title>\n<meta name=\"description\" content=\"Kaufen online FRANCESCO RINALDI Barolo Cannubi 2019 - FonsVinum\" \/>\n<meta name=\"robots\" content=\"index, follow, max-snippet:-1, max-image-preview:large, max-video-preview:-1\" \/>\n<link rel=\"canonical\" href=\"https:\/\/fonsvinum.com\/de\/produkt\/francesco-rinaldi-barolo-cannubi-2019\/\" \/>\n<meta property=\"og:locale\" content=\"de_DE\" \/>\n<meta property=\"og:type\" content=\"article\" \/>\n<meta property=\"og:title\" content=\"Buy on Fons Vinum FRANCESCO RINALDI Barolo Cannubi 2019\" \/>\n<meta property=\"og:description\" content=\"Kaufen online FRANCESCO RINALDI Barolo Cannubi 2019 - FonsVinum\" \/>\n<meta property=\"og:url\" content=\"https:\/\/fonsvinum.com\/de\/produkt\/francesco-rinaldi-barolo-cannubi-2019\/\" \/>\n<meta property=\"og:site_name\" content=\"Fons Vinum\" \/>\n<meta property=\"article:modified_time\" content=\"2025-12-02T19:19:58+00:00\" \/>\n<meta property=\"og:image\" content=\"https:\/\/fonsvinum.com\/files\/2023\/05\/barolo_cannubi-rinaldi.png\" \/>\n\t<meta property=\"og:image:width\" content=\"200\" \/>\n\t<meta property=\"og:image:height\" content=\"600\" \/>\n\t<meta property=\"og:image:type\" content=\"image\/png\" \/>\n<meta name=\"twitter:label1\" content=\"Gesch\u00e4tzte Lesezeit\" \/>\n\t<meta name=\"twitter:data1\" content=\"1\u00a0Minute\" \/>\n<script type=\"application\/ld+json\" class=\"yoast-schema-graph\">{\"@context\":\"https:\\\/\\\/schema.org\",\"@graph\":[{\"@type\":\"WebPage\",\"@id\":\"https:\\\/\\\/fonsvinum.com\\\/de\\\/produkt\\\/francesco-rinaldi-barolo-cannubi-2019\\\/\",\"url\":\"https:\\\/\\\/fonsvinum.com\\\/de\\\/produkt\\\/francesco-rinaldi-barolo-cannubi-2019\\\/\",\"name\":\"Buy on Fons Vinum FRANCESCO RINALDI Barolo Cannubi 2019\",\"isPartOf\":{\"@id\":\"https:\\\/\\\/fonsvinum.com\\\/en\\\/#website\"},\"primaryImageOfPage\":{\"@id\":\"https:\\\/\\\/fonsvinum.com\\\/de\\\/produkt\\\/francesco-rinaldi-barolo-cannubi-2019\\\/#primaryimage\"},\"image\":{\"@id\":\"https:\\\/\\\/fonsvinum.com\\\/de\\\/produkt\\\/francesco-rinaldi-barolo-cannubi-2019\\\/#primaryimage\"},\"thumbnailUrl\":\"https:\\\/\\\/fonsvinum.com\\\/files\\\/2023\\\/05\\\/barolo_cannubi-rinaldi.png\",\"datePublished\":\"2023-05-22T08:37:06+00:00\",\"dateModified\":\"2025-12-02T19:19:58+00:00\",\"description\":\"Kaufen online FRANCESCO RINALDI Barolo Cannubi 2019 - FonsVinum\",\"breadcrumb\":{\"@id\":\"https:\\\/\\\/fonsvinum.com\\\/de\\\/produkt\\\/francesco-rinaldi-barolo-cannubi-2019\\\/#breadcrumb\"},\"inLanguage\":\"de\",\"potentialAction\":[{\"@type\":\"ReadAction\",\"target\":[\"https:\\\/\\\/fonsvinum.com\\\/de\\\/produkt\\\/francesco-rinaldi-barolo-cannubi-2019\\\/\"]}]},{\"@type\":\"ImageObject\",\"inLanguage\":\"de\",\"@id\":\"https:\\\/\\\/fonsvinum.com\\\/de\\\/produkt\\\/francesco-rinaldi-barolo-cannubi-2019\\\/#primaryimage\",\"url\":\"https:\\\/\\\/fonsvinum.com\\\/files\\\/2023\\\/05\\\/barolo_cannubi-rinaldi.png\",\"contentUrl\":\"https:\\\/\\\/fonsvinum.com\\\/files\\\/2023\\\/05\\\/barolo_cannubi-rinaldi.png\",\"width\":200,\"height\":600},{\"@type\":\"BreadcrumbList\",\"@id\":\"https:\\\/\\\/fonsvinum.com\\\/de\\\/produkt\\\/francesco-rinaldi-barolo-cannubi-2019\\\/#breadcrumb\",\"itemListElement\":[{\"@type\":\"ListItem\",\"position\":1,\"name\":\"Startseite\",\"item\":\"https:\\\/\\\/fonsvinum.com\\\/de\\\/\"},{\"@type\":\"ListItem\",\"position\":2,\"name\":\"Shop\",\"item\":\"https:\\\/\\\/fonsvinum.com\\\/de\\\/shop\\\/\"},{\"@type\":\"ListItem\",\"position\":3,\"name\":\"FRANCESCO RINALDI Barolo Cannubi 2019\"}]},{\"@type\":\"WebSite\",\"@id\":\"https:\\\/\\\/fonsvinum.com\\\/en\\\/#website\",\"url\":\"https:\\\/\\\/fonsvinum.com\\\/en\\\/\",\"name\":\"Fons Vinum\",\"description\":\"Vendita Vino Online\",\"publisher\":{\"@id\":\"https:\\\/\\\/fonsvinum.com\\\/en\\\/#organization\"},\"potentialAction\":[{\"@type\":\"SearchAction\",\"target\":{\"@type\":\"EntryPoint\",\"urlTemplate\":\"https:\\\/\\\/fonsvinum.com\\\/en\\\/?s={search_term_string}\"},\"query-input\":{\"@type\":\"PropertyValueSpecification\",\"valueRequired\":true,\"valueName\":\"search_term_string\"}}],\"inLanguage\":\"de\"},{\"@type\":\"Organization\",\"@id\":\"https:\\\/\\\/fonsvinum.com\\\/en\\\/#organization\",\"name\":\"Fons Vinum\",\"url\":\"https:\\\/\\\/fonsvinum.com\\\/en\\\/\",\"logo\":{\"@type\":\"ImageObject\",\"inLanguage\":\"de\",\"@id\":\"https:\\\/\\\/fonsvinum.com\\\/en\\\/#\\\/schema\\\/logo\\\/image\\\/\",\"url\":\"\",\"contentUrl\":\"\",\"caption\":\"Fons Vinum\"},\"image\":{\"@id\":\"https:\\\/\\\/fonsvinum.com\\\/en\\\/#\\\/schema\\\/logo\\\/image\\\/\"}}]}<\/script>\n<!-- \/ Yoast SEO plugin. -->","yoast_head_json":{"title":"Buy on Fons Vinum FRANCESCO RINALDI Barolo Cannubi 2019","description":"Kaufen online FRANCESCO RINALDI Barolo Cannubi 2019 - FonsVinum","robots":{"index":"index","follow":"follow","max-snippet":"max-snippet:-1","max-image-preview":"max-image-preview:large","max-video-preview":"max-video-preview:-1"},"canonical":"https:\/\/fonsvinum.com\/de\/produkt\/francesco-rinaldi-barolo-cannubi-2019\/","og_locale":"de_DE","og_type":"article","og_title":"Buy on Fons Vinum FRANCESCO RINALDI Barolo Cannubi 2019","og_description":"Kaufen online FRANCESCO RINALDI Barolo Cannubi 2019 - FonsVinum","og_url":"https:\/\/fonsvinum.com\/de\/produkt\/francesco-rinaldi-barolo-cannubi-2019\/","og_site_name":"Fons Vinum","article_modified_time":"2025-12-02T19:19:58+00:00","og_image":[{"width":200,"height":600,"url":"https:\/\/fonsvinum.com\/files\/2023\/05\/barolo_cannubi-rinaldi.png","type":"image\/png"}],"twitter_misc":{"Gesch\u00e4tzte Lesezeit":"1\u00a0Minute"},"schema":{"@context":"https:\/\/schema.org","@graph":[{"@type":"WebPage","@id":"https:\/\/fonsvinum.com\/de\/produkt\/francesco-rinaldi-barolo-cannubi-2019\/","url":"https:\/\/fonsvinum.com\/de\/produkt\/francesco-rinaldi-barolo-cannubi-2019\/","name":"Buy on Fons Vinum FRANCESCO RINALDI Barolo Cannubi 2019","isPartOf":{"@id":"https:\/\/fonsvinum.com\/en\/#website"},"primaryImageOfPage":{"@id":"https:\/\/fonsvinum.com\/de\/produkt\/francesco-rinaldi-barolo-cannubi-2019\/#primaryimage"},"image":{"@id":"https:\/\/fonsvinum.com\/de\/produkt\/francesco-rinaldi-barolo-cannubi-2019\/#primaryimage"},"thumbnailUrl":"https:\/\/fonsvinum.com\/files\/2023\/05\/barolo_cannubi-rinaldi.png","datePublished":"2023-05-22T08:37:06+00:00","dateModified":"2025-12-02T19:19:58+00:00","description":"Kaufen online FRANCESCO RINALDI Barolo Cannubi 2019 - FonsVinum","breadcrumb":{"@id":"https:\/\/fonsvinum.com\/de\/produkt\/francesco-rinaldi-barolo-cannubi-2019\/#breadcrumb"},"inLanguage":"de","potentialAction":[{"@type":"ReadAction","target":["https:\/\/fonsvinum.com\/de\/produkt\/francesco-rinaldi-barolo-cannubi-2019\/"]}]},{"@type":"ImageObject","inLanguage":"de","@id":"https:\/\/fonsvinum.com\/de\/produkt\/francesco-rinaldi-barolo-cannubi-2019\/#primaryimage","url":"https:\/\/fonsvinum.com\/files\/2023\/05\/barolo_cannubi-rinaldi.png","contentUrl":"https:\/\/fonsvinum.com\/files\/2023\/05\/barolo_cannubi-rinaldi.png","width":200,"height":600},{"@type":"BreadcrumbList","@id":"https:\/\/fonsvinum.com\/de\/produkt\/francesco-rinaldi-barolo-cannubi-2019\/#breadcrumb","itemListElement":[{"@type":"ListItem","position":1,"name":"Startseite","item":"https:\/\/fonsvinum.com\/de\/"},{"@type":"ListItem","position":2,"name":"Shop","item":"https:\/\/fonsvinum.com\/de\/shop\/"},{"@type":"ListItem","position":3,"name":"FRANCESCO RINALDI Barolo Cannubi 2019"}]},{"@type":"WebSite","@id":"https:\/\/fonsvinum.com\/en\/#website","url":"https:\/\/fonsvinum.com\/en\/","name":"Fons Vinum","description":"Vendita Vino Online","publisher":{"@id":"https:\/\/fonsvinum.com\/en\/#organization"},"potentialAction":[{"@type":"SearchAction","target":{"@type":"EntryPoint","urlTemplate":"https:\/\/fonsvinum.com\/en\/?s={search_term_string}"},"query-input":{"@type":"PropertyValueSpecification","valueRequired":true,"valueName":"search_term_string"}}],"inLanguage":"de"},{"@type":"Organization","@id":"https:\/\/fonsvinum.com\/en\/#organization","name":"Fons Vinum","url":"https:\/\/fonsvinum.com\/en\/","logo":{"@type":"ImageObject","inLanguage":"de","@id":"https:\/\/fonsvinum.com\/en\/#\/schema\/logo\/image\/","url":"","contentUrl":"","caption":"Fons Vinum"},"image":{"@id":"https:\/\/fonsvinum.com\/en\/#\/schema\/logo\/image\/"}}]}},"acf":[],"_links":{"self":[{"href":"https:\/\/fonsvinum.com\/de\/wp-json\/wp\/v2\/product\/40843","targetHints":{"allow":["GET"]}}],"collection":[{"href":"https:\/\/fonsvinum.com\/de\/wp-json\/wp\/v2\/product"}],"about":[{"href":"https:\/\/fonsvinum.com\/de\/wp-json\/wp\/v2\/types\/product"}],"replies":[{"embeddable":true,"href":"https:\/\/fonsvinum.com\/de\/wp-json\/wp\/v2\/comments?post=40843"}],"wp:featuredmedia":[{"embeddable":true,"href":"https:\/\/fonsvinum.com\/de\/wp-json\/wp\/v2\/media\/40829"}],"wp:attachment":[{"href":"https:\/\/fonsvinum.com\/de\/wp-json\/wp\/v2\/media?parent=40843"}],"wp:term":[{"taxonomy":"product_brand","embeddable":true,"href":"https:\/\/fonsvinum.com\/de\/wp-json\/wp\/v2\/product_brand?post=40843"},{"taxonomy":"product_cat","embeddable":true,"href":"https:\/\/fonsvinum.com\/de\/wp-json\/wp\/v2\/product_cat?post=40843"},{"taxonomy":"product_tag","embeddable":true,"href":"https:\/\/fonsvinum.com\/de\/wp-json\/wp\/v2\/product_tag?post=40843"}],"curies":[{"name":"wp","href":"https:\/\/api.w.org\/{rel}","templated":true}]}}