{"id":40809,"date":"2023-05-17T11:33:00","date_gmt":"2023-05-17T09:33:00","guid":{"rendered":"https:\/\/fonsvinum.com\/?post_type=product&#038;p=40809"},"modified":"2023-05-17T12:03:03","modified_gmt":"2023-05-17T10:03:03","slug":"francesco-rinaldi-barolo-cannubi-2017","status":"publish","type":"product","link":"https:\/\/fonsvinum.com\/de\/produkt\/francesco-rinaldi-barolo-cannubi-2017\/","title":{"rendered":"FRANCESCO RINALDI Barolo Cannubi 2017"},"content":{"rendered":"<h1>FRANCESCO RINALDI Barolo Cannubi 2017<\/h1>\n<h1>Barolo Cannubi 2017<\/h1>\n<p>&nbsp;<\/p>\n<h2 class=\"text-black\">Degustationsnotiz<\/h2>\n<p>Mit seinem hohen Sandanteil ist Cannubi das perfekte Terroir f\u00fcr Nebbiolo. Mittleres Rubin mir granatroten Reflexen. Komplexer, tiefer Auftakt. Typische NebbioloAromen. Markante Noten nach Trockenfr\u00fcchten, Lakritze, Kr\u00e4utern und dunklen Rosen, gepaart mit reifen Himbeeren und Sauerkirschen. Toller, zupackender Gaumen, festes Tannin, wirkt sehr edel und vielschichtig. Die belebende S\u00e4ure st\u00fctzt die fruchtigen Aromen meisterhaft. Der Cannubi endet lang und kr\u00e4ftig mit markanter organischer Mineralit\u00e4t, die an schwarzen Tr\u00fcffel erinnert. Fantastischer Lagenwein, der noch lange Jahre reifen kann.<\/p>\n<h2><\/h2>\n<h2 class=\"text-black\">Vinifikation<\/h2>\n<div class=\"mb-[30px] ng-star-inserted\">\n<div class=\"mb-[30px] ng-star-inserted\">\n<p class=\"text-general mt-4 mb-1 text-lg whitespace-pre-line\">100% Nebbiolo aus Cannubi, der wohl ber\u00fchmtesten Lage im Piemont; Ausbau 36 Monate in grossen F\u00e4ssern (5000 l) aus slawonischer Eiche.<\/p>\n<\/div>\n<div class=\"mb-[30px] ng-star-inserted\"><\/div>\n<h4><\/h4>\n<h2 class=\"text-black\">Genussempfehlung<\/h2>\n<p>Toll zu Wild oder Steinpilzrisotto.<\/p>\n<\/div>\n<div class=\"mb-[30px] ng-star-inserted\"><\/div>\n","protected":false},"excerpt":{"rendered":"<p>FRANCESCO RINALDI Barolo Cannubi 2017 Barolo Cannubi 2017 &nbsp; Degustationsnotiz Mit seinem hohen Sandanteil ist Cannubi das perfekte Terroir f\u00fcr Nebbiolo. Mittleres Rubin mir granatroten Reflexen. Komplexer, tiefer Auftakt. Typische NebbioloAromen. Markante Noten nach Trockenfr\u00fcchten, Lakritze, Kr\u00e4utern und dunklen Rosen, gepaart mit reifen Himbeeren und Sauerkirschen. Toller, zupackender Gaumen, festes Tannin, wirkt sehr edel und [&hellip;]<\/p>\n","protected":false},"featured_media":40829,"comment_status":"open","ping_status":"closed","template":"","meta":{"_acf_changed":false,"_monsterinsights_skip_tracking":false,"_monsterinsights_sitenote_active":false,"_monsterinsights_sitenote_note":"","_monsterinsights_sitenote_category":0},"product_brand":[],"product_cat":[1824],"product_tag":[15903,15893,15959],"class_list":{"0":"post-40809","1":"product","2":"type-product","3":"status-publish","4":"has-post-thumbnail","6":"product_cat-barolo-de","7":"product_tag-barolo-de","8":"product_tag-piemonte-de","9":"product_tag-vino-rosso-de","10":"pa_appellation-barolo-docg-de","11":"pa_formato-0-75-l-flasche-de","12":"pa_region-piemont-de","13":"pa_vine-100-nebbiolo-de","14":"pa_vintage-2017-de","16":"first","17":"instock","18":"taxable","19":"shipping-taxable","20":"purchasable","21":"product-type-simple"},"bundled_by":[],"bundle_stock_status":"instock","bundle_stock_quantity":12,"bundle_virtual":false,"bundle_layout":"","bundle_add_to_cart_form_location":"","bundle_editable_in_cart":false,"bundle_sold_individually_context":"","bundle_item_grouping":"","bundle_min_size":"","bundle_max_size":"","bundle_price":[],"bundled_items":[],"bundle_sell_ids":[],"yoast_head":"<!-- This site is optimized with the Yoast SEO plugin v27.3 - https:\/\/yoast.com\/product\/yoast-seo-wordpress\/ -->\n<title>Buy on Fons Vinum FRANCESCO RINALDI Barolo Cannubi 2017<\/title>\n<meta name=\"description\" content=\"Kaufen online FRANCESCO RINALDI Barolo Cannubi 2017 - FonsVinum\" \/>\n<meta name=\"robots\" content=\"index, follow, max-snippet:-1, max-image-preview:large, max-video-preview:-1\" \/>\n<link rel=\"canonical\" href=\"https:\/\/fonsvinum.com\/de\/produkt\/francesco-rinaldi-barolo-cannubi-2017\/\" \/>\n<meta property=\"og:locale\" content=\"de_DE\" \/>\n<meta property=\"og:type\" content=\"article\" \/>\n<meta property=\"og:title\" content=\"Buy on Fons Vinum FRANCESCO RINALDI Barolo Cannubi 2017\" \/>\n<meta property=\"og:description\" content=\"Kaufen online FRANCESCO RINALDI Barolo Cannubi 2017 - FonsVinum\" \/>\n<meta property=\"og:url\" content=\"https:\/\/fonsvinum.com\/de\/produkt\/francesco-rinaldi-barolo-cannubi-2017\/\" \/>\n<meta property=\"og:site_name\" content=\"Fons Vinum\" \/>\n<meta property=\"article:modified_time\" content=\"2023-05-17T10:03:03+00:00\" \/>\n<meta property=\"og:image\" content=\"https:\/\/fonsvinum.com\/files\/2023\/05\/barolo_cannubi-rinaldi.png\" \/>\n\t<meta property=\"og:image:width\" content=\"200\" \/>\n\t<meta property=\"og:image:height\" content=\"600\" \/>\n\t<meta property=\"og:image:type\" content=\"image\/png\" \/>\n<meta name=\"twitter:label1\" content=\"Gesch\u00e4tzte Lesezeit\" \/>\n\t<meta name=\"twitter:data1\" content=\"1\u00a0Minute\" \/>\n<script type=\"application\/ld+json\" class=\"yoast-schema-graph\">{\"@context\":\"https:\\\/\\\/schema.org\",\"@graph\":[{\"@type\":\"WebPage\",\"@id\":\"https:\\\/\\\/fonsvinum.com\\\/de\\\/produkt\\\/francesco-rinaldi-barolo-cannubi-2017\\\/\",\"url\":\"https:\\\/\\\/fonsvinum.com\\\/de\\\/produkt\\\/francesco-rinaldi-barolo-cannubi-2017\\\/\",\"name\":\"Buy on Fons Vinum FRANCESCO RINALDI Barolo Cannubi 2017\",\"isPartOf\":{\"@id\":\"https:\\\/\\\/fonsvinum.com\\\/en\\\/#website\"},\"primaryImageOfPage\":{\"@id\":\"https:\\\/\\\/fonsvinum.com\\\/de\\\/produkt\\\/francesco-rinaldi-barolo-cannubi-2017\\\/#primaryimage\"},\"image\":{\"@id\":\"https:\\\/\\\/fonsvinum.com\\\/de\\\/produkt\\\/francesco-rinaldi-barolo-cannubi-2017\\\/#primaryimage\"},\"thumbnailUrl\":\"https:\\\/\\\/fonsvinum.com\\\/files\\\/2023\\\/05\\\/barolo_cannubi-rinaldi.png\",\"datePublished\":\"2023-05-17T09:33:00+00:00\",\"dateModified\":\"2023-05-17T10:03:03+00:00\",\"description\":\"Kaufen online FRANCESCO RINALDI Barolo Cannubi 2017 - FonsVinum\",\"breadcrumb\":{\"@id\":\"https:\\\/\\\/fonsvinum.com\\\/de\\\/produkt\\\/francesco-rinaldi-barolo-cannubi-2017\\\/#breadcrumb\"},\"inLanguage\":\"de\",\"potentialAction\":[{\"@type\":\"ReadAction\",\"target\":[\"https:\\\/\\\/fonsvinum.com\\\/de\\\/produkt\\\/francesco-rinaldi-barolo-cannubi-2017\\\/\"]}]},{\"@type\":\"ImageObject\",\"inLanguage\":\"de\",\"@id\":\"https:\\\/\\\/fonsvinum.com\\\/de\\\/produkt\\\/francesco-rinaldi-barolo-cannubi-2017\\\/#primaryimage\",\"url\":\"https:\\\/\\\/fonsvinum.com\\\/files\\\/2023\\\/05\\\/barolo_cannubi-rinaldi.png\",\"contentUrl\":\"https:\\\/\\\/fonsvinum.com\\\/files\\\/2023\\\/05\\\/barolo_cannubi-rinaldi.png\",\"width\":200,\"height\":600},{\"@type\":\"BreadcrumbList\",\"@id\":\"https:\\\/\\\/fonsvinum.com\\\/de\\\/produkt\\\/francesco-rinaldi-barolo-cannubi-2017\\\/#breadcrumb\",\"itemListElement\":[{\"@type\":\"ListItem\",\"position\":1,\"name\":\"Startseite\",\"item\":\"https:\\\/\\\/fonsvinum.com\\\/de\\\/\"},{\"@type\":\"ListItem\",\"position\":2,\"name\":\"Shop\",\"item\":\"https:\\\/\\\/fonsvinum.com\\\/de\\\/shop\\\/\"},{\"@type\":\"ListItem\",\"position\":3,\"name\":\"FRANCESCO RINALDI Barolo Cannubi 2017\"}]},{\"@type\":\"WebSite\",\"@id\":\"https:\\\/\\\/fonsvinum.com\\\/en\\\/#website\",\"url\":\"https:\\\/\\\/fonsvinum.com\\\/en\\\/\",\"name\":\"Fons Vinum\",\"description\":\"Vendita Vino Online\",\"publisher\":{\"@id\":\"https:\\\/\\\/fonsvinum.com\\\/en\\\/#organization\"},\"potentialAction\":[{\"@type\":\"SearchAction\",\"target\":{\"@type\":\"EntryPoint\",\"urlTemplate\":\"https:\\\/\\\/fonsvinum.com\\\/en\\\/?s={search_term_string}\"},\"query-input\":{\"@type\":\"PropertyValueSpecification\",\"valueRequired\":true,\"valueName\":\"search_term_string\"}}],\"inLanguage\":\"de\"},{\"@type\":\"Organization\",\"@id\":\"https:\\\/\\\/fonsvinum.com\\\/en\\\/#organization\",\"name\":\"Fons Vinum\",\"url\":\"https:\\\/\\\/fonsvinum.com\\\/en\\\/\",\"logo\":{\"@type\":\"ImageObject\",\"inLanguage\":\"de\",\"@id\":\"https:\\\/\\\/fonsvinum.com\\\/en\\\/#\\\/schema\\\/logo\\\/image\\\/\",\"url\":\"\",\"contentUrl\":\"\",\"caption\":\"Fons Vinum\"},\"image\":{\"@id\":\"https:\\\/\\\/fonsvinum.com\\\/en\\\/#\\\/schema\\\/logo\\\/image\\\/\"}}]}<\/script>\n<!-- \/ Yoast SEO plugin. -->","yoast_head_json":{"title":"Buy on Fons Vinum FRANCESCO RINALDI Barolo Cannubi 2017","description":"Kaufen online FRANCESCO RINALDI Barolo Cannubi 2017 - FonsVinum","robots":{"index":"index","follow":"follow","max-snippet":"max-snippet:-1","max-image-preview":"max-image-preview:large","max-video-preview":"max-video-preview:-1"},"canonical":"https:\/\/fonsvinum.com\/de\/produkt\/francesco-rinaldi-barolo-cannubi-2017\/","og_locale":"de_DE","og_type":"article","og_title":"Buy on Fons Vinum FRANCESCO RINALDI Barolo Cannubi 2017","og_description":"Kaufen online FRANCESCO RINALDI Barolo Cannubi 2017 - FonsVinum","og_url":"https:\/\/fonsvinum.com\/de\/produkt\/francesco-rinaldi-barolo-cannubi-2017\/","og_site_name":"Fons Vinum","article_modified_time":"2023-05-17T10:03:03+00:00","og_image":[{"width":200,"height":600,"url":"https:\/\/fonsvinum.com\/files\/2023\/05\/barolo_cannubi-rinaldi.png","type":"image\/png"}],"twitter_misc":{"Gesch\u00e4tzte Lesezeit":"1\u00a0Minute"},"schema":{"@context":"https:\/\/schema.org","@graph":[{"@type":"WebPage","@id":"https:\/\/fonsvinum.com\/de\/produkt\/francesco-rinaldi-barolo-cannubi-2017\/","url":"https:\/\/fonsvinum.com\/de\/produkt\/francesco-rinaldi-barolo-cannubi-2017\/","name":"Buy on Fons Vinum FRANCESCO RINALDI Barolo Cannubi 2017","isPartOf":{"@id":"https:\/\/fonsvinum.com\/en\/#website"},"primaryImageOfPage":{"@id":"https:\/\/fonsvinum.com\/de\/produkt\/francesco-rinaldi-barolo-cannubi-2017\/#primaryimage"},"image":{"@id":"https:\/\/fonsvinum.com\/de\/produkt\/francesco-rinaldi-barolo-cannubi-2017\/#primaryimage"},"thumbnailUrl":"https:\/\/fonsvinum.com\/files\/2023\/05\/barolo_cannubi-rinaldi.png","datePublished":"2023-05-17T09:33:00+00:00","dateModified":"2023-05-17T10:03:03+00:00","description":"Kaufen online FRANCESCO RINALDI Barolo Cannubi 2017 - FonsVinum","breadcrumb":{"@id":"https:\/\/fonsvinum.com\/de\/produkt\/francesco-rinaldi-barolo-cannubi-2017\/#breadcrumb"},"inLanguage":"de","potentialAction":[{"@type":"ReadAction","target":["https:\/\/fonsvinum.com\/de\/produkt\/francesco-rinaldi-barolo-cannubi-2017\/"]}]},{"@type":"ImageObject","inLanguage":"de","@id":"https:\/\/fonsvinum.com\/de\/produkt\/francesco-rinaldi-barolo-cannubi-2017\/#primaryimage","url":"https:\/\/fonsvinum.com\/files\/2023\/05\/barolo_cannubi-rinaldi.png","contentUrl":"https:\/\/fonsvinum.com\/files\/2023\/05\/barolo_cannubi-rinaldi.png","width":200,"height":600},{"@type":"BreadcrumbList","@id":"https:\/\/fonsvinum.com\/de\/produkt\/francesco-rinaldi-barolo-cannubi-2017\/#breadcrumb","itemListElement":[{"@type":"ListItem","position":1,"name":"Startseite","item":"https:\/\/fonsvinum.com\/de\/"},{"@type":"ListItem","position":2,"name":"Shop","item":"https:\/\/fonsvinum.com\/de\/shop\/"},{"@type":"ListItem","position":3,"name":"FRANCESCO RINALDI Barolo Cannubi 2017"}]},{"@type":"WebSite","@id":"https:\/\/fonsvinum.com\/en\/#website","url":"https:\/\/fonsvinum.com\/en\/","name":"Fons Vinum","description":"Vendita Vino Online","publisher":{"@id":"https:\/\/fonsvinum.com\/en\/#organization"},"potentialAction":[{"@type":"SearchAction","target":{"@type":"EntryPoint","urlTemplate":"https:\/\/fonsvinum.com\/en\/?s={search_term_string}"},"query-input":{"@type":"PropertyValueSpecification","valueRequired":true,"valueName":"search_term_string"}}],"inLanguage":"de"},{"@type":"Organization","@id":"https:\/\/fonsvinum.com\/en\/#organization","name":"Fons Vinum","url":"https:\/\/fonsvinum.com\/en\/","logo":{"@type":"ImageObject","inLanguage":"de","@id":"https:\/\/fonsvinum.com\/en\/#\/schema\/logo\/image\/","url":"","contentUrl":"","caption":"Fons Vinum"},"image":{"@id":"https:\/\/fonsvinum.com\/en\/#\/schema\/logo\/image\/"}}]}},"acf":[],"_links":{"self":[{"href":"https:\/\/fonsvinum.com\/de\/wp-json\/wp\/v2\/product\/40809","targetHints":{"allow":["GET"]}}],"collection":[{"href":"https:\/\/fonsvinum.com\/de\/wp-json\/wp\/v2\/product"}],"about":[{"href":"https:\/\/fonsvinum.com\/de\/wp-json\/wp\/v2\/types\/product"}],"replies":[{"embeddable":true,"href":"https:\/\/fonsvinum.com\/de\/wp-json\/wp\/v2\/comments?post=40809"}],"wp:featuredmedia":[{"embeddable":true,"href":"https:\/\/fonsvinum.com\/de\/wp-json\/wp\/v2\/media\/40829"}],"wp:attachment":[{"href":"https:\/\/fonsvinum.com\/de\/wp-json\/wp\/v2\/media?parent=40809"}],"wp:term":[{"taxonomy":"product_brand","embeddable":true,"href":"https:\/\/fonsvinum.com\/de\/wp-json\/wp\/v2\/product_brand?post=40809"},{"taxonomy":"product_cat","embeddable":true,"href":"https:\/\/fonsvinum.com\/de\/wp-json\/wp\/v2\/product_cat?post=40809"},{"taxonomy":"product_tag","embeddable":true,"href":"https:\/\/fonsvinum.com\/de\/wp-json\/wp\/v2\/product_tag?post=40809"}],"curies":[{"name":"wp","href":"https:\/\/api.w.org\/{rel}","templated":true}]}}