{"id":4074,"date":"2015-06-10T11:34:20","date_gmt":"2015-06-10T09:34:20","guid":{"rendered":"http:\/\/fonsvinum.com\/product\/solaia-1990-marchesi-antinori-2\/"},"modified":"2025-11-21T06:44:23","modified_gmt":"2025-11-21T05:44:23","slug":"solaia-1990-marchesi-antinori","status":"publish","type":"product","link":"https:\/\/fonsvinum.com\/de\/produkt\/solaia-1990-marchesi-antinori\/","title":{"rendered":"Solaia 1990 MARCHESI ANTINORI"},"content":{"rendered":"<h1><a href=\"http:\/\/www.solaia.net\/it#the-history-of-a-great-wine_article\">Solaia 1990<\/a> MARCHESI ANTINORI<\/h1>\n<h3>Solaia 1990 MARCHESI ANTINORI<\/h3>\n<p>La Famiglia Antinori si dedica alla produzione vinicola da pi\u00f9 di seicento anni: da quando, nel 1385, Giovanni di Piero Antinori entr\u00f2 a far parte dell&#8216; Arte Fiorentina dei Vinattieri.<\/p>\n<p>La famiglia ha sempre gestito direttamente questa attivit\u00e0 con scelte innovative e altamente coraggiose ma sempre mantenendo inalterato il rispetto per le tradizioni e per il territorio.<\/p>\n<ul>\n<li>La tenuta Tignanello \u00e8 composta di 319 ettari di cui 127 ettari piantati a vigneto.<\/li>\n<li>Due particelle viticole sono veri gioielli: Solaia, 20 ettari e Tignanello, 57 ettari.<\/li>\n<\/ul>\n<p>Il sito gode di una serie di caratteristiche speciali: l\u2019altitudine a 400 metri sopra il livello del mare, l&#8217;esposizione a sud-ovest, ideale per le variet\u00e0 tardive come il Cabernet e il Sangiovese di origine marina\u00a0 ricco di calcare e argilla.<\/p>\n<p>Il vigneto Solaia, attualmente si compone di 20 ettari ed \u00e8 piantato a Cabernet Sauvignon, Cabernet Franc e Sangiovese.<\/p>\n<ul>\n<li>Il sistema di allevamento \u00e8 un basso cordone speronato,<\/li>\n<li>le viti hanno una vita media di quindici anni e sono piantate con intervalli di densit\u00e0 da 5.500 a 7.200 ceppi per ettaro.<\/li>\n<\/ul>\n<p>Nel corso degli anni c&#8217;\u00e8 stato un progressivo rinnovamento del vigneto Solaia.<\/p>\n<p>Il vino \u00e8 strutturato, molto fruttato, con una leggera sovra maturazione tipica di una annata calda.<\/p>\n<h3>Riconoscimenti:<\/h3>\n<ul>\n<li>Wine Spectator 95\/100<\/li>\n<\/ul>\n","protected":false},"excerpt":{"rendered":"<p>Solaia 1990 MARCHESI ANTINORI Solaia 1990 MARCHESI ANTINORI La Famiglia Antinori si dedica alla produzione vinicola da pi\u00f9 di seicento anni: da quando, nel 1385, Giovanni di Piero Antinori entr\u00f2 a far parte dell&#8216; Arte Fiorentina dei Vinattieri. La famiglia ha sempre gestito direttamente questa attivit\u00e0 con scelte innovative e altamente coraggiose ma sempre mantenendo [&hellip;]<\/p>\n","protected":false},"featured_media":4064,"comment_status":"open","ping_status":"closed","template":"","meta":{"_acf_changed":false,"_monsterinsights_skip_tracking":false,"_monsterinsights_sitenote_active":false,"_monsterinsights_sitenote_note":"","_monsterinsights_sitenote_category":0},"product_brand":[],"product_cat":[2162],"product_tag":[1733,1751,1745],"class_list":{"0":"post-4074","1":"product","2":"type-product","3":"status-publish","4":"has-post-thumbnail","6":"product_cat-blend","7":"product_tag-aussergewoehnliche-weine-de","8":"product_tag-aussergewoehnliche-weine-aus-italien-de","9":"product_tag-super-tuscan-de","10":"pa_appellation-toscana-rosso-igt-de","11":"pa_formato-0-75-l-flasche-de","12":"pa_producer-marchesi-antinori-de","13":"pa_region-toskana-de","14":"pa_vine-75-cabernet-sauvignon-5-cabernet-franc-20-sangiovese-de","15":"pa_vintage-1990-de","17":"first","18":"instock","19":"taxable","20":"shipping-taxable","21":"purchasable","22":"product-type-simple"},"bundled_by":[],"bundle_stock_status":"instock","bundle_stock_quantity":1,"bundle_virtual":false,"bundle_layout":"","bundle_add_to_cart_form_location":"","bundle_editable_in_cart":false,"bundle_sold_individually_context":"","bundle_item_grouping":"","bundle_min_size":"","bundle_max_size":"","bundle_price":[],"bundled_items":[],"bundle_sell_ids":[],"yoast_head":"<!-- This site is optimized with the Yoast SEO plugin v27.2 - https:\/\/yoast.com\/product\/yoast-seo-wordpress\/ -->\n<title>Solaia 1990 MARCHESI ANTINORI acquista online<\/title>\n<meta name=\"description\" content=\"Solaia 1990 MARCHESI ANTINORI acquista online su Fons Vinum Riconoscimenti: Wine Spectator 95\/100 Il vino \u00e8 strutturato, molto fruttato, con una leggera sovra maturazione tipica di una annata calda.\" \/>\n<meta name=\"robots\" content=\"index, follow, max-snippet:-1, max-image-preview:large, max-video-preview:-1\" \/>\n<link rel=\"canonical\" href=\"https:\/\/fonsvinum.com\/de\/produkt\/solaia-1990-marchesi-antinori\/\" \/>\n<meta property=\"og:locale\" content=\"de_DE\" \/>\n<meta property=\"og:type\" content=\"article\" \/>\n<meta property=\"og:title\" content=\"Solaia 1990 MARCHESI ANTINORI acquista online\" \/>\n<meta property=\"og:description\" content=\"Solaia 1990 MARCHESI ANTINORI acquista online su Fons Vinum Riconoscimenti: Wine Spectator 95\/100 Il vino \u00e8 strutturato, molto fruttato, con una leggera sovra maturazione tipica di una annata calda.\" \/>\n<meta property=\"og:url\" content=\"https:\/\/fonsvinum.com\/de\/produkt\/solaia-1990-marchesi-antinori\/\" \/>\n<meta property=\"og:site_name\" content=\"Fons Vinum\" \/>\n<meta property=\"article:modified_time\" content=\"2025-11-21T05:44:23+00:00\" \/>\n<meta property=\"og:image\" content=\"https:\/\/fonsvinum.com\/files\/2015\/06\/solaia-marchesi-antinori.png\" \/>\n\t<meta property=\"og:image:width\" content=\"203\" \/>\n\t<meta property=\"og:image:height\" content=\"628\" \/>\n\t<meta property=\"og:image:type\" content=\"image\/png\" \/>\n<meta name=\"twitter:label1\" content=\"Gesch\u00e4tzte Lesezeit\" \/>\n\t<meta name=\"twitter:data1\" content=\"1\u00a0Minute\" \/>\n<script type=\"application\/ld+json\" class=\"yoast-schema-graph\">{\"@context\":\"https:\/\/schema.org\",\"@graph\":[{\"@type\":\"WebPage\",\"@id\":\"https:\/\/fonsvinum.com\/de\/produkt\/solaia-1990-marchesi-antinori\/\",\"url\":\"https:\/\/fonsvinum.com\/de\/produkt\/solaia-1990-marchesi-antinori\/\",\"name\":\"Solaia 1990 MARCHESI ANTINORI acquista online\",\"isPartOf\":{\"@id\":\"https:\/\/fonsvinum.com\/en\/#website\"},\"primaryImageOfPage\":{\"@id\":\"https:\/\/fonsvinum.com\/de\/produkt\/solaia-1990-marchesi-antinori\/#primaryimage\"},\"image\":{\"@id\":\"https:\/\/fonsvinum.com\/de\/produkt\/solaia-1990-marchesi-antinori\/#primaryimage\"},\"thumbnailUrl\":\"https:\/\/fonsvinum.com\/files\/2015\/06\/solaia-marchesi-antinori.png\",\"datePublished\":\"2015-06-10T09:34:20+00:00\",\"dateModified\":\"2025-11-21T05:44:23+00:00\",\"description\":\"Solaia 1990 MARCHESI ANTINORI acquista online su Fons Vinum Riconoscimenti: Wine Spectator 95\/100 Il vino \u00e8 strutturato, molto fruttato, con una leggera sovra maturazione tipica di una annata calda.\",\"breadcrumb\":{\"@id\":\"https:\/\/fonsvinum.com\/de\/produkt\/solaia-1990-marchesi-antinori\/#breadcrumb\"},\"inLanguage\":\"de\",\"potentialAction\":[{\"@type\":\"ReadAction\",\"target\":[\"https:\/\/fonsvinum.com\/de\/produkt\/solaia-1990-marchesi-antinori\/\"]}]},{\"@type\":\"ImageObject\",\"inLanguage\":\"de\",\"@id\":\"https:\/\/fonsvinum.com\/de\/produkt\/solaia-1990-marchesi-antinori\/#primaryimage\",\"url\":\"https:\/\/fonsvinum.com\/files\/2015\/06\/solaia-marchesi-antinori.png\",\"contentUrl\":\"https:\/\/fonsvinum.com\/files\/2015\/06\/solaia-marchesi-antinori.png\",\"width\":203,\"height\":628},{\"@type\":\"BreadcrumbList\",\"@id\":\"https:\/\/fonsvinum.com\/de\/produkt\/solaia-1990-marchesi-antinori\/#breadcrumb\",\"itemListElement\":[{\"@type\":\"ListItem\",\"position\":1,\"name\":\"Startseite\",\"item\":\"https:\/\/fonsvinum.com\/de\/\"},{\"@type\":\"ListItem\",\"position\":2,\"name\":\"Shop\",\"item\":\"https:\/\/fonsvinum.com\/de\/shop\/\"},{\"@type\":\"ListItem\",\"position\":3,\"name\":\"Solaia 1990 MARCHESI ANTINORI\"}]},{\"@type\":\"WebSite\",\"@id\":\"https:\/\/fonsvinum.com\/en\/#website\",\"url\":\"https:\/\/fonsvinum.com\/en\/\",\"name\":\"Fons Vinum\",\"description\":\"Vendita Vino Online\",\"publisher\":{\"@id\":\"https:\/\/fonsvinum.com\/en\/#organization\"},\"potentialAction\":[{\"@type\":\"SearchAction\",\"target\":{\"@type\":\"EntryPoint\",\"urlTemplate\":\"https:\/\/fonsvinum.com\/en\/?s={search_term_string}\"},\"query-input\":{\"@type\":\"PropertyValueSpecification\",\"valueRequired\":true,\"valueName\":\"search_term_string\"}}],\"inLanguage\":\"de\"},{\"@type\":\"Organization\",\"@id\":\"https:\/\/fonsvinum.com\/en\/#organization\",\"name\":\"Fons Vinum\",\"url\":\"https:\/\/fonsvinum.com\/en\/\",\"logo\":{\"@type\":\"ImageObject\",\"inLanguage\":\"de\",\"@id\":\"https:\/\/fonsvinum.com\/en\/#\/schema\/logo\/image\/\",\"url\":\"\",\"contentUrl\":\"\",\"caption\":\"Fons Vinum\"},\"image\":{\"@id\":\"https:\/\/fonsvinum.com\/en\/#\/schema\/logo\/image\/\"}}]}<\/script>\n<!-- \/ Yoast SEO plugin. -->","yoast_head_json":{"title":"Solaia 1990 MARCHESI ANTINORI acquista online","description":"Solaia 1990 MARCHESI ANTINORI acquista online su Fons Vinum Riconoscimenti: Wine Spectator 95\/100 Il vino \u00e8 strutturato, molto fruttato, con una leggera sovra maturazione tipica di una annata calda.","robots":{"index":"index","follow":"follow","max-snippet":"max-snippet:-1","max-image-preview":"max-image-preview:large","max-video-preview":"max-video-preview:-1"},"canonical":"https:\/\/fonsvinum.com\/de\/produkt\/solaia-1990-marchesi-antinori\/","og_locale":"de_DE","og_type":"article","og_title":"Solaia 1990 MARCHESI ANTINORI acquista online","og_description":"Solaia 1990 MARCHESI ANTINORI acquista online su Fons Vinum Riconoscimenti: Wine Spectator 95\/100 Il vino \u00e8 strutturato, molto fruttato, con una leggera sovra maturazione tipica di una annata calda.","og_url":"https:\/\/fonsvinum.com\/de\/produkt\/solaia-1990-marchesi-antinori\/","og_site_name":"Fons Vinum","article_modified_time":"2025-11-21T05:44:23+00:00","og_image":[{"width":203,"height":628,"url":"https:\/\/fonsvinum.com\/files\/2015\/06\/solaia-marchesi-antinori.png","type":"image\/png"}],"twitter_misc":{"Gesch\u00e4tzte Lesezeit":"1\u00a0Minute"},"schema":{"@context":"https:\/\/schema.org","@graph":[{"@type":"WebPage","@id":"https:\/\/fonsvinum.com\/de\/produkt\/solaia-1990-marchesi-antinori\/","url":"https:\/\/fonsvinum.com\/de\/produkt\/solaia-1990-marchesi-antinori\/","name":"Solaia 1990 MARCHESI ANTINORI acquista online","isPartOf":{"@id":"https:\/\/fonsvinum.com\/en\/#website"},"primaryImageOfPage":{"@id":"https:\/\/fonsvinum.com\/de\/produkt\/solaia-1990-marchesi-antinori\/#primaryimage"},"image":{"@id":"https:\/\/fonsvinum.com\/de\/produkt\/solaia-1990-marchesi-antinori\/#primaryimage"},"thumbnailUrl":"https:\/\/fonsvinum.com\/files\/2015\/06\/solaia-marchesi-antinori.png","datePublished":"2015-06-10T09:34:20+00:00","dateModified":"2025-11-21T05:44:23+00:00","description":"Solaia 1990 MARCHESI ANTINORI acquista online su Fons Vinum Riconoscimenti: Wine Spectator 95\/100 Il vino \u00e8 strutturato, molto fruttato, con una leggera sovra maturazione tipica di una annata calda.","breadcrumb":{"@id":"https:\/\/fonsvinum.com\/de\/produkt\/solaia-1990-marchesi-antinori\/#breadcrumb"},"inLanguage":"de","potentialAction":[{"@type":"ReadAction","target":["https:\/\/fonsvinum.com\/de\/produkt\/solaia-1990-marchesi-antinori\/"]}]},{"@type":"ImageObject","inLanguage":"de","@id":"https:\/\/fonsvinum.com\/de\/produkt\/solaia-1990-marchesi-antinori\/#primaryimage","url":"https:\/\/fonsvinum.com\/files\/2015\/06\/solaia-marchesi-antinori.png","contentUrl":"https:\/\/fonsvinum.com\/files\/2015\/06\/solaia-marchesi-antinori.png","width":203,"height":628},{"@type":"BreadcrumbList","@id":"https:\/\/fonsvinum.com\/de\/produkt\/solaia-1990-marchesi-antinori\/#breadcrumb","itemListElement":[{"@type":"ListItem","position":1,"name":"Startseite","item":"https:\/\/fonsvinum.com\/de\/"},{"@type":"ListItem","position":2,"name":"Shop","item":"https:\/\/fonsvinum.com\/de\/shop\/"},{"@type":"ListItem","position":3,"name":"Solaia 1990 MARCHESI ANTINORI"}]},{"@type":"WebSite","@id":"https:\/\/fonsvinum.com\/en\/#website","url":"https:\/\/fonsvinum.com\/en\/","name":"Fons Vinum","description":"Vendita Vino Online","publisher":{"@id":"https:\/\/fonsvinum.com\/en\/#organization"},"potentialAction":[{"@type":"SearchAction","target":{"@type":"EntryPoint","urlTemplate":"https:\/\/fonsvinum.com\/en\/?s={search_term_string}"},"query-input":{"@type":"PropertyValueSpecification","valueRequired":true,"valueName":"search_term_string"}}],"inLanguage":"de"},{"@type":"Organization","@id":"https:\/\/fonsvinum.com\/en\/#organization","name":"Fons Vinum","url":"https:\/\/fonsvinum.com\/en\/","logo":{"@type":"ImageObject","inLanguage":"de","@id":"https:\/\/fonsvinum.com\/en\/#\/schema\/logo\/image\/","url":"","contentUrl":"","caption":"Fons Vinum"},"image":{"@id":"https:\/\/fonsvinum.com\/en\/#\/schema\/logo\/image\/"}}]}},"acf":[],"_links":{"self":[{"href":"https:\/\/fonsvinum.com\/de\/wp-json\/wp\/v2\/product\/4074","targetHints":{"allow":["GET"]}}],"collection":[{"href":"https:\/\/fonsvinum.com\/de\/wp-json\/wp\/v2\/product"}],"about":[{"href":"https:\/\/fonsvinum.com\/de\/wp-json\/wp\/v2\/types\/product"}],"replies":[{"embeddable":true,"href":"https:\/\/fonsvinum.com\/de\/wp-json\/wp\/v2\/comments?post=4074"}],"wp:featuredmedia":[{"embeddable":true,"href":"https:\/\/fonsvinum.com\/de\/wp-json\/wp\/v2\/media\/4064"}],"wp:attachment":[{"href":"https:\/\/fonsvinum.com\/de\/wp-json\/wp\/v2\/media?parent=4074"}],"wp:term":[{"taxonomy":"product_brand","embeddable":true,"href":"https:\/\/fonsvinum.com\/de\/wp-json\/wp\/v2\/product_brand?post=4074"},{"taxonomy":"product_cat","embeddable":true,"href":"https:\/\/fonsvinum.com\/de\/wp-json\/wp\/v2\/product_cat?post=4074"},{"taxonomy":"product_tag","embeddable":true,"href":"https:\/\/fonsvinum.com\/de\/wp-json\/wp\/v2\/product_tag?post=4074"}],"curies":[{"name":"wp","href":"https:\/\/api.w.org\/{rel}","templated":true}]}}