{"id":40685,"date":"2023-05-11T10:01:19","date_gmt":"2023-05-11T08:01:19","guid":{"rendered":"https:\/\/fonsvinum.com\/?post_type=product&#038;p=40685"},"modified":"2026-04-14T15:42:31","modified_gmt":"2026-04-14T13:42:31","slug":"haderburg-brut-alto-adige","status":"publish","type":"product","link":"https:\/\/fonsvinum.com\/de\/produkt\/haderburg-brut-alto-adige\/","title":{"rendered":"HADERBURG Brut S\u00fcdtirol"},"content":{"rendered":"<h1>HADERBURG Brut S\u00fcdtirol<\/h1>\n<h2>Weingut Haderburg<\/h2>\n<p>Mitte der siebziger Jahre wagten sie einen gro\u00dfen Schritt und wandelten sich von einem landwirtschaftlichen Betrieb f\u00fcr Trauben- und Apfelanbau zu einem Weingut. Die Begeisterung f\u00fcr die hervorragende Qualit\u00e4t der selbst erzeugten Weine und Schaumweine pr\u00e4gt nun sowohl die Arbeit in den Rebzeilen als auch zwischen den F\u00e4ssern im Keller.<br \/>\nGest\u00e4rkt durch den Erwerb einiger hervorragend gelegener Weinberge in den letzten Jahren haben sie k\u00fcrzlich auch ihr Produktsortiment erweitert. Die Trauben f\u00fcr den Cuv\u00e9e Erah aus Merlot und Cabernet Sauvignon wachsen in Tramin, Kurtatsch und im Talgrund von Salurn, w\u00e4hrend der Gew\u00fcrztraminer aus Tramin und genauer aus der Fraktion S\u00f6ll stammt.  <\/p>\n<h1>Die Hand und Leidenschaft des Menschen<\/h1>\n<p>Im fernen Jahr 1976 begannen sie erstmals Schaumweine nach traditioneller Methode aus Chardonnay- und Blauburgunder-Trauben zu erzeugen. Als einziges S\u00fcdtiroler Weingut, das auf die Versektung eigener Weine spezialisiert ist, kann das Weingut nun vier hochwertige Schaumweine anbieten, die Frucht gro\u00dfer Erfahrung, harter Arbeit und Hingabe sind. Sorgf\u00e4ltig gereift, werden die f\u00fcr die Schaumweinherstellung verwendeten Weine dem klassischen Versektungsverfahren mit Flascheng\u00e4rung unterzogen. Der Wein verbleibt 24 bis 96 Monate in Kontakt mit der Hefe. Die Entfernung der Hefer\u00fcckst\u00e4nde aus den von Hand ger\u00fcttelten Flaschen erfolgt durch Degorgement. Von der Abf\u00fcllung bis zur Verpackung im Karton durchl\u00e4uft jede Flasche gut vierzigmal ihre H\u00e4nde! Der Haderburg Brut und der Haderburg Ros\u00e8 kommen mit 6 g Restzucker in den Handel, der Haderburg Pas Dos\u00e9 wird mit nur 2 g Restzucker verkauft. Der Riserva Hausmannhof verbleibt hingegen volle 8 Jahre in Kontakt mit der Hefe, bevor er seine ganze Kraft entfalten darf.       <\/p>\n<p>H\u00f6chste Strenge bei den Qualit\u00e4tskriterien, bereits bei der Pflege der Rebst\u00f6cke. Ihr entschiedener Rebschnitt und eine \u00e4u\u00dferst sorgf\u00e4ltige Traubenauswahl bestimmen die Qualit\u00e4t des Endprodukts. Ausschlie\u00dflich von Hand gelesen, tragen die Trauben somit zur Erzeugung von Weinen bei, die wir mit gr\u00f6\u00dfter Sorgfalt reifen lassen. Die Wei\u00dfweine beispielsweise werden sehr langsam vergoren und erst im Sommer des Folgejahres abgef\u00fcllt. Indem sie so die zarten fruchtigen Noten bewahren, die sie auszeichnen, profitieren die Weine von allen Vorz\u00fcgen eines langen Reifeprozesses.    <\/p>\n<p>Mit den Trestern vergoren, reifen die Rotweine hingegen in neuen und gebrauchten Barriques und gelangen erst 18 Monate sp\u00e4ter in die Flasche.<\/p>\n<p>Der Blauburgunder Riserva und die Wei\u00dfwein-Selektion Sauvignon reifen noch l\u00e4nger und kommen erst nach mindestens zwei bis drei Jahren nach der Lese in den Verkauf.<\/p>\n<h3>Vinifikation<\/h3>\n<p>Ausgew\u00e4hlte Trauben, vergoren und ausgebaut in Edelstahlf\u00e4ssern. Nach der Abf\u00fcllung (im Fr\u00fchjahr nach der Lese) zweite G\u00e4rung in der Flasche, mind. 24 Monate Reifung auf der Hefe, traditionelles R\u00fctteln auf R\u00fcttelpulten, Degorgement und Reifezeit vor der Markteinf\u00fchrung. <\/p>\n<h3>Duft<\/h3>\n<p>Elegantes, intensives Bouquet, Noten exotischer Fr\u00fcchte und florale Ankl\u00e4nge.<\/p>\n<h3><strong>Geschmack<\/strong><\/h3>\n<div class=\"line\">Harmonisch, mit feinem R\u00fcckgrat und ausgepr\u00e4gter Lebendigkeit.<\/div>\n<h3><strong>Kombinationen <\/strong><\/h3>\n<div>Vorspeisen, roher Lachs, Fischsalat, frittiertes Gem\u00fcse und Moscardini<\/div>\n<div class=\"line\"><\/div>\n<p>&nbsp;<\/p>\n","protected":false},"excerpt":{"rendered":"<p>HADERBURG Brut S\u00fcdtirol Weingut Haderburg Mitte der siebziger Jahre wagten sie einen gro\u00dfen Schritt und wandelten sich von einem landwirtschaftlichen Betrieb f\u00fcr Trauben- und Apfelanbau zu einem Weingut. Die Begeisterung f\u00fcr die hervorragende Qualit\u00e4t der selbst erzeugten Weine und Schaumweine pr\u00e4gt nun sowohl die Arbeit in den Rebzeilen als auch zwischen den F\u00e4ssern im Keller. [&hellip;]<\/p>\n","protected":false},"featured_media":40693,"comment_status":"open","ping_status":"closed","template":"","meta":{"_acf_changed":false,"_monsterinsights_skip_tracking":false,"_monsterinsights_sitenote_active":false,"_monsterinsights_sitenote_note":"","_monsterinsights_sitenote_category":0},"product_brand":[],"product_cat":[1481],"product_tag":[2410,17742,18458],"class_list":{"0":"post-40685","1":"product","2":"type-product","3":"status-publish","4":"has-post-thumbnail","6":"product_cat-brut-de","7":"product_tag-champagne-unter-30-euro-de","8":"product_tag-vino-bianco-de","9":"product_tag-weisweine-sudtirol","10":"pa_appellation-alto-adige-sudtirol-doc-de","11":"pa_formato-0-75-l-flasche-de","12":"pa_producer-haderburg","13":"pa_region-trentino-tiroler-etschland-de","14":"pa_vine-85-chardonnay-15-pinot-noir-de","16":"first","17":"instock","18":"sale","19":"taxable","20":"shipping-taxable","21":"purchasable","22":"product-type-simple"},"bundled_by":[],"bundle_stock_status":"instock","bundle_stock_quantity":12,"bundle_virtual":false,"bundle_layout":"","bundle_add_to_cart_form_location":"","bundle_editable_in_cart":false,"bundle_sold_individually_context":"","bundle_item_grouping":"","bundle_min_size":"","bundle_max_size":"","bundle_price":[],"bundled_items":[],"bundle_sell_ids":[],"yoast_head":"<!-- This site is optimized with the Yoast SEO plugin v27.3 - https:\/\/yoast.com\/product\/yoast-seo-wordpress\/ -->\n<title>HADERBURG Brut S\u00fcdtirol online bei FonsVinum kaufen<\/title>\n<meta name=\"description\" content=\"Kaufen Sie bei FonsVinum HADERBURG Brut S\u00fcdtirol; ein gehaltvoller S\u00fcdtiroler Wei\u00dfwein, \u00e4u\u00dferst komplex und reich an besonderen Nuancen...\" \/>\n<meta name=\"robots\" content=\"index, follow, max-snippet:-1, max-image-preview:large, max-video-preview:-1\" \/>\n<link rel=\"canonical\" href=\"https:\/\/fonsvinum.com\/de\/produkt\/haderburg-brut-alto-adige\/\" \/>\n<meta property=\"og:locale\" content=\"de_DE\" \/>\n<meta property=\"og:type\" content=\"article\" \/>\n<meta property=\"og:title\" content=\"HADERBURG Brut S\u00fcdtirol online bei FonsVinum kaufen\" \/>\n<meta property=\"og:description\" content=\"Kaufen Sie bei FonsVinum HADERBURG Brut S\u00fcdtirol; ein gehaltvoller S\u00fcdtiroler Wei\u00dfwein, \u00e4u\u00dferst komplex und reich an besonderen Nuancen...\" \/>\n<meta property=\"og:url\" content=\"https:\/\/fonsvinum.com\/de\/produkt\/haderburg-brut-alto-adige\/\" \/>\n<meta property=\"og:site_name\" content=\"Fons Vinum\" \/>\n<meta property=\"article:modified_time\" content=\"2026-04-14T13:42:31+00:00\" \/>\n<meta property=\"og:image\" content=\"https:\/\/fonsvinum.com\/files\/2023\/05\/haderburg-brut.png\" \/>\n\t<meta property=\"og:image:width\" content=\"200\" \/>\n\t<meta property=\"og:image:height\" content=\"600\" \/>\n\t<meta property=\"og:image:type\" content=\"image\/png\" \/>\n<meta name=\"twitter:label1\" content=\"Gesch\u00e4tzte Lesezeit\" \/>\n\t<meta name=\"twitter:data1\" content=\"1\u00a0Minute\" \/>\n<script type=\"application\/ld+json\" class=\"yoast-schema-graph\">{\"@context\":\"https:\\\/\\\/schema.org\",\"@graph\":[{\"@type\":\"WebPage\",\"@id\":\"https:\\\/\\\/fonsvinum.com\\\/de\\\/produkt\\\/haderburg-brut-alto-adige\\\/\",\"url\":\"https:\\\/\\\/fonsvinum.com\\\/de\\\/produkt\\\/haderburg-brut-alto-adige\\\/\",\"name\":\"HADERBURG Brut S\u00fcdtirol online bei FonsVinum kaufen\",\"isPartOf\":{\"@id\":\"https:\\\/\\\/fonsvinum.com\\\/en\\\/#website\"},\"primaryImageOfPage\":{\"@id\":\"https:\\\/\\\/fonsvinum.com\\\/de\\\/produkt\\\/haderburg-brut-alto-adige\\\/#primaryimage\"},\"image\":{\"@id\":\"https:\\\/\\\/fonsvinum.com\\\/de\\\/produkt\\\/haderburg-brut-alto-adige\\\/#primaryimage\"},\"thumbnailUrl\":\"https:\\\/\\\/fonsvinum.com\\\/files\\\/2023\\\/05\\\/haderburg-brut.png\",\"datePublished\":\"2023-05-11T08:01:19+00:00\",\"dateModified\":\"2026-04-14T13:42:31+00:00\",\"description\":\"Kaufen Sie bei FonsVinum HADERBURG Brut S\u00fcdtirol; ein gehaltvoller S\u00fcdtiroler Wei\u00dfwein, \u00e4u\u00dferst komplex und reich an besonderen Nuancen...\",\"breadcrumb\":{\"@id\":\"https:\\\/\\\/fonsvinum.com\\\/de\\\/produkt\\\/haderburg-brut-alto-adige\\\/#breadcrumb\"},\"inLanguage\":\"de\",\"potentialAction\":[{\"@type\":\"ReadAction\",\"target\":[\"https:\\\/\\\/fonsvinum.com\\\/de\\\/produkt\\\/haderburg-brut-alto-adige\\\/\"]}]},{\"@type\":\"ImageObject\",\"inLanguage\":\"de\",\"@id\":\"https:\\\/\\\/fonsvinum.com\\\/de\\\/produkt\\\/haderburg-brut-alto-adige\\\/#primaryimage\",\"url\":\"https:\\\/\\\/fonsvinum.com\\\/files\\\/2023\\\/05\\\/haderburg-brut.png\",\"contentUrl\":\"https:\\\/\\\/fonsvinum.com\\\/files\\\/2023\\\/05\\\/haderburg-brut.png\",\"width\":200,\"height\":600},{\"@type\":\"BreadcrumbList\",\"@id\":\"https:\\\/\\\/fonsvinum.com\\\/de\\\/produkt\\\/haderburg-brut-alto-adige\\\/#breadcrumb\",\"itemListElement\":[{\"@type\":\"ListItem\",\"position\":1,\"name\":\"Startseite\",\"item\":\"https:\\\/\\\/fonsvinum.com\\\/de\\\/\"},{\"@type\":\"ListItem\",\"position\":2,\"name\":\"Shop\",\"item\":\"https:\\\/\\\/fonsvinum.com\\\/de\\\/shop\\\/\"},{\"@type\":\"ListItem\",\"position\":3,\"name\":\"HADERBURG Brut S\u00fcdtirol\"}]},{\"@type\":\"WebSite\",\"@id\":\"https:\\\/\\\/fonsvinum.com\\\/en\\\/#website\",\"url\":\"https:\\\/\\\/fonsvinum.com\\\/en\\\/\",\"name\":\"Fons Vinum\",\"description\":\"Vendita Vino Online\",\"publisher\":{\"@id\":\"https:\\\/\\\/fonsvinum.com\\\/en\\\/#organization\"},\"potentialAction\":[{\"@type\":\"SearchAction\",\"target\":{\"@type\":\"EntryPoint\",\"urlTemplate\":\"https:\\\/\\\/fonsvinum.com\\\/en\\\/?s={search_term_string}\"},\"query-input\":{\"@type\":\"PropertyValueSpecification\",\"valueRequired\":true,\"valueName\":\"search_term_string\"}}],\"inLanguage\":\"de\"},{\"@type\":\"Organization\",\"@id\":\"https:\\\/\\\/fonsvinum.com\\\/en\\\/#organization\",\"name\":\"Fons Vinum\",\"url\":\"https:\\\/\\\/fonsvinum.com\\\/en\\\/\",\"logo\":{\"@type\":\"ImageObject\",\"inLanguage\":\"de\",\"@id\":\"https:\\\/\\\/fonsvinum.com\\\/en\\\/#\\\/schema\\\/logo\\\/image\\\/\",\"url\":\"\",\"contentUrl\":\"\",\"caption\":\"Fons Vinum\"},\"image\":{\"@id\":\"https:\\\/\\\/fonsvinum.com\\\/en\\\/#\\\/schema\\\/logo\\\/image\\\/\"}}]}<\/script>\n<!-- \/ Yoast SEO plugin. -->","yoast_head_json":{"title":"HADERBURG Brut S\u00fcdtirol online bei FonsVinum kaufen","description":"Kaufen Sie bei FonsVinum HADERBURG Brut S\u00fcdtirol; ein gehaltvoller S\u00fcdtiroler Wei\u00dfwein, \u00e4u\u00dferst komplex und reich an besonderen Nuancen...","robots":{"index":"index","follow":"follow","max-snippet":"max-snippet:-1","max-image-preview":"max-image-preview:large","max-video-preview":"max-video-preview:-1"},"canonical":"https:\/\/fonsvinum.com\/de\/produkt\/haderburg-brut-alto-adige\/","og_locale":"de_DE","og_type":"article","og_title":"HADERBURG Brut S\u00fcdtirol online bei FonsVinum kaufen","og_description":"Kaufen Sie bei FonsVinum HADERBURG Brut S\u00fcdtirol; ein gehaltvoller S\u00fcdtiroler Wei\u00dfwein, \u00e4u\u00dferst komplex und reich an besonderen Nuancen...","og_url":"https:\/\/fonsvinum.com\/de\/produkt\/haderburg-brut-alto-adige\/","og_site_name":"Fons Vinum","article_modified_time":"2026-04-14T13:42:31+00:00","og_image":[{"width":200,"height":600,"url":"https:\/\/fonsvinum.com\/files\/2023\/05\/haderburg-brut.png","type":"image\/png"}],"twitter_misc":{"Gesch\u00e4tzte Lesezeit":"1\u00a0Minute"},"schema":{"@context":"https:\/\/schema.org","@graph":[{"@type":"WebPage","@id":"https:\/\/fonsvinum.com\/de\/produkt\/haderburg-brut-alto-adige\/","url":"https:\/\/fonsvinum.com\/de\/produkt\/haderburg-brut-alto-adige\/","name":"HADERBURG Brut S\u00fcdtirol online bei FonsVinum kaufen","isPartOf":{"@id":"https:\/\/fonsvinum.com\/en\/#website"},"primaryImageOfPage":{"@id":"https:\/\/fonsvinum.com\/de\/produkt\/haderburg-brut-alto-adige\/#primaryimage"},"image":{"@id":"https:\/\/fonsvinum.com\/de\/produkt\/haderburg-brut-alto-adige\/#primaryimage"},"thumbnailUrl":"https:\/\/fonsvinum.com\/files\/2023\/05\/haderburg-brut.png","datePublished":"2023-05-11T08:01:19+00:00","dateModified":"2026-04-14T13:42:31+00:00","description":"Kaufen Sie bei FonsVinum HADERBURG Brut S\u00fcdtirol; ein gehaltvoller S\u00fcdtiroler Wei\u00dfwein, \u00e4u\u00dferst komplex und reich an besonderen Nuancen...","breadcrumb":{"@id":"https:\/\/fonsvinum.com\/de\/produkt\/haderburg-brut-alto-adige\/#breadcrumb"},"inLanguage":"de","potentialAction":[{"@type":"ReadAction","target":["https:\/\/fonsvinum.com\/de\/produkt\/haderburg-brut-alto-adige\/"]}]},{"@type":"ImageObject","inLanguage":"de","@id":"https:\/\/fonsvinum.com\/de\/produkt\/haderburg-brut-alto-adige\/#primaryimage","url":"https:\/\/fonsvinum.com\/files\/2023\/05\/haderburg-brut.png","contentUrl":"https:\/\/fonsvinum.com\/files\/2023\/05\/haderburg-brut.png","width":200,"height":600},{"@type":"BreadcrumbList","@id":"https:\/\/fonsvinum.com\/de\/produkt\/haderburg-brut-alto-adige\/#breadcrumb","itemListElement":[{"@type":"ListItem","position":1,"name":"Startseite","item":"https:\/\/fonsvinum.com\/de\/"},{"@type":"ListItem","position":2,"name":"Shop","item":"https:\/\/fonsvinum.com\/de\/shop\/"},{"@type":"ListItem","position":3,"name":"HADERBURG Brut S\u00fcdtirol"}]},{"@type":"WebSite","@id":"https:\/\/fonsvinum.com\/en\/#website","url":"https:\/\/fonsvinum.com\/en\/","name":"Fons Vinum","description":"Vendita Vino Online","publisher":{"@id":"https:\/\/fonsvinum.com\/en\/#organization"},"potentialAction":[{"@type":"SearchAction","target":{"@type":"EntryPoint","urlTemplate":"https:\/\/fonsvinum.com\/en\/?s={search_term_string}"},"query-input":{"@type":"PropertyValueSpecification","valueRequired":true,"valueName":"search_term_string"}}],"inLanguage":"de"},{"@type":"Organization","@id":"https:\/\/fonsvinum.com\/en\/#organization","name":"Fons Vinum","url":"https:\/\/fonsvinum.com\/en\/","logo":{"@type":"ImageObject","inLanguage":"de","@id":"https:\/\/fonsvinum.com\/en\/#\/schema\/logo\/image\/","url":"","contentUrl":"","caption":"Fons Vinum"},"image":{"@id":"https:\/\/fonsvinum.com\/en\/#\/schema\/logo\/image\/"}}]}},"acf":[],"_links":{"self":[{"href":"https:\/\/fonsvinum.com\/de\/wp-json\/wp\/v2\/product\/40685","targetHints":{"allow":["GET"]}}],"collection":[{"href":"https:\/\/fonsvinum.com\/de\/wp-json\/wp\/v2\/product"}],"about":[{"href":"https:\/\/fonsvinum.com\/de\/wp-json\/wp\/v2\/types\/product"}],"replies":[{"embeddable":true,"href":"https:\/\/fonsvinum.com\/de\/wp-json\/wp\/v2\/comments?post=40685"}],"wp:featuredmedia":[{"embeddable":true,"href":"https:\/\/fonsvinum.com\/de\/wp-json\/wp\/v2\/media\/40693"}],"wp:attachment":[{"href":"https:\/\/fonsvinum.com\/de\/wp-json\/wp\/v2\/media?parent=40685"}],"wp:term":[{"taxonomy":"product_brand","embeddable":true,"href":"https:\/\/fonsvinum.com\/de\/wp-json\/wp\/v2\/product_brand?post=40685"},{"taxonomy":"product_cat","embeddable":true,"href":"https:\/\/fonsvinum.com\/de\/wp-json\/wp\/v2\/product_cat?post=40685"},{"taxonomy":"product_tag","embeddable":true,"href":"https:\/\/fonsvinum.com\/de\/wp-json\/wp\/v2\/product_tag?post=40685"}],"curies":[{"name":"wp","href":"https:\/\/api.w.org\/{rel}","templated":true}]}}