{"id":40597,"date":"2023-05-08T12:10:45","date_gmt":"2023-05-08T10:10:45","guid":{"rendered":"https:\/\/fonsvinum.com\/?post_type=product&#038;p=40597"},"modified":"2023-05-15T11:18:50","modified_gmt":"2023-05-15T09:18:50","slug":"terlano-quarz-sauvignon-blanc-2021-doppio-magnum-in-owc","status":"publish","type":"product","link":"https:\/\/fonsvinum.com\/de\/produkt\/terlano-quarz-sauvignon-blanc-2021-doppio-magnum-in-owc\/","title":{"rendered":"TERLANO Quarz Sauvignon Blanc 2021 Doppio Magnum in OWC"},"content":{"rendered":"<div class=\"module-wrapper mod-1 margin-large-top margin-large-bottom\">\n<div class=\"section-wrapper text-section\">\n<div class=\"grid-container\">\n<div class=\"grid-x align-center\">\n<div class=\"cell large-9\">\n<div class=\"text \">\n<h2>TERLANO Quarz Sauvignon Blanc 2021 Doppio Magnum in OWC<\/h2>\n<h2><a href=\"https:\/\/fonsvinum.com\/de\/?s=TERLANO&amp;post_type=product\">TERLANO<\/a><\/h2>\n<h2>QUARZ <a href=\"https:\/\/fonsvinum.com\/de\/?s=SAUVIGNON&amp;post_type=product\">SAUVIGNON<\/a> BLANC<\/h2>\n<\/div>\n<\/div>\n<\/div>\n<\/div>\n<\/div>\n<\/div>\n<blockquote><p>&#8222;Filigran wie die feinen Quarzeinsprenglinge im vulkanischen Porphyrgestein Terlans zeigt sich unsere Sauvignonselektion, die einen wahrlich bezeichnenden Namen erhalten hat. Kennzeichnend f\u00fcr den Quarz sind seine feine Textur und Tiefe sowie ein salziger Nachhall, die diesem edlen Wei\u00dfwein mittlerweile internationales Renommee beschert haben.&#8220;<br \/>\nRudi Kofler<\/p><\/blockquote>\n<h3>&#8211; Charakter 2021 &#8211;<\/h3>\n<div id=\"0nm099-accordion\" class=\"accordion-content\" role=\"tabpanel\" data-tab-content=\"\" aria-labelledby=\"0nm099-accordion-label\" aria-hidden=\"false\">\n<ul>\n<li><strong>Farbe:<\/strong>\u00a0funkelndes gelbgr\u00fcn<\/li>\n<li><strong>Geruch:<\/strong>\u00a0Verlockend exotisch mit einer vielschichtigen Frucht von Mango, Papaya, Limette und roter Grapefruit aber auch Kr\u00e4uteraromen, die an Zitronengras, Melisse, Minze und gr\u00fcnen Tee erinnern, pr\u00e4sentiert sich dieser Sauvignon im Glas. Zudem enth\u00fcllt er verbunden mit einem Hauch von Stachelbeeren auch mineralische Feuersteinnoten.<\/li>\n<li><strong>Geschmack:<\/strong>\u00a0Ein \u00e4u\u00dferst interessantes Spiel erlebt man am Gaumen, wo sich die saftigen Fruchtaromen zusammen mit der feingliedrigen Mineralit\u00e4t zu einer beachtlichen harmonischen F\u00fclle vereinen und einen kraftvollen sowie langen Nachhall bescheren.<\/li>\n<\/ul>\n<\/div>\n","protected":false},"excerpt":{"rendered":"<p>TERLANO Quarz Sauvignon Blanc 2021 Doppio Magnum in OWC TERLANO QUARZ SAUVIGNON BLANC &#8222;Filigran wie die feinen Quarzeinsprenglinge im vulkanischen Porphyrgestein Terlans zeigt sich unsere Sauvignonselektion, die einen wahrlich bezeichnenden Namen erhalten hat. Kennzeichnend f\u00fcr den Quarz sind seine feine Textur und Tiefe sowie ein salziger Nachhall, die diesem edlen Wei\u00dfwein mittlerweile internationales Renommee beschert [&hellip;]<\/p>\n","protected":false},"featured_media":40611,"comment_status":"open","ping_status":"closed","template":"","meta":{"_acf_changed":false,"_monsterinsights_skip_tracking":false,"_monsterinsights_sitenote_active":false,"_monsterinsights_sitenote_note":"","_monsterinsights_sitenote_category":0},"product_brand":[],"product_cat":[2314],"product_tag":[2150,17742],"class_list":{"0":"post-40597","1":"product","2":"type-product","3":"status-publish","4":"has-post-thumbnail","6":"product_cat-sauvignon-de","7":"product_tag-grossformat","8":"product_tag-vino-bianco-de","9":"pa_appellation-alto-adige-bianco-doc-de","10":"pa_formato-3-00-l-flasche-de-3","11":"pa_producer-terlan-de","12":"pa_region-trentino-tiroler-etschland-de","13":"pa_vine-100-sauvignon-blanc-de","14":"pa_vintage-18393","16":"first","17":"instock","18":"taxable","19":"shipping-taxable","20":"purchasable","21":"product-type-simple"},"bundled_by":[],"bundle_stock_status":"instock","bundle_stock_quantity":1,"bundle_virtual":false,"bundle_layout":"","bundle_add_to_cart_form_location":"","bundle_editable_in_cart":false,"bundle_sold_individually_context":"","bundle_item_grouping":"","bundle_min_size":"","bundle_max_size":"","bundle_price":[],"bundled_items":[],"bundle_sell_ids":[],"yoast_head":"<!-- This site is optimized with the Yoast SEO plugin v27.3 - https:\/\/yoast.com\/product\/yoast-seo-wordpress\/ -->\n<title>Buy TERLANO Quarz Sauvignon Blanc 2021 Doppio Magnum OWC<\/title>\n<meta name=\"description\" content=\"Kaufen online TERLANO Quarz Sauvignon Blanc 2021TERLANO Quarz Sauvignon Blanc 2021 Doppio Magnum in OWC - Fons Vinum\" \/>\n<meta name=\"robots\" content=\"index, follow, max-snippet:-1, max-image-preview:large, max-video-preview:-1\" \/>\n<link rel=\"canonical\" href=\"https:\/\/fonsvinum.com\/de\/produkt\/terlano-quarz-sauvignon-blanc-2021-doppio-magnum-in-owc\/\" \/>\n<meta property=\"og:locale\" content=\"de_DE\" \/>\n<meta property=\"og:type\" content=\"article\" \/>\n<meta property=\"og:title\" content=\"Buy TERLANO Quarz Sauvignon Blanc 2021 Doppio Magnum OWC\" \/>\n<meta property=\"og:description\" content=\"Kaufen online TERLANO Quarz Sauvignon Blanc 2021TERLANO Quarz Sauvignon Blanc 2021 Doppio Magnum in OWC - Fons Vinum\" \/>\n<meta property=\"og:url\" content=\"https:\/\/fonsvinum.com\/de\/produkt\/terlano-quarz-sauvignon-blanc-2021-doppio-magnum-in-owc\/\" \/>\n<meta property=\"og:site_name\" content=\"Fons Vinum\" \/>\n<meta property=\"article:modified_time\" content=\"2023-05-15T09:18:50+00:00\" \/>\n<meta property=\"og:image\" content=\"https:\/\/fonsvinum.com\/files\/2023\/05\/Quarz-doppio-magnum-1.png\" \/>\n\t<meta property=\"og:image:width\" content=\"318\" \/>\n\t<meta property=\"og:image:height\" content=\"600\" \/>\n\t<meta property=\"og:image:type\" content=\"image\/png\" \/>\n<meta name=\"twitter:label1\" content=\"Gesch\u00e4tzte Lesezeit\" \/>\n\t<meta name=\"twitter:data1\" content=\"1\u00a0Minute\" \/>\n<script type=\"application\/ld+json\" class=\"yoast-schema-graph\">{\"@context\":\"https:\\\/\\\/schema.org\",\"@graph\":[{\"@type\":\"WebPage\",\"@id\":\"https:\\\/\\\/fonsvinum.com\\\/de\\\/produkt\\\/terlano-quarz-sauvignon-blanc-2021-doppio-magnum-in-owc\\\/\",\"url\":\"https:\\\/\\\/fonsvinum.com\\\/de\\\/produkt\\\/terlano-quarz-sauvignon-blanc-2021-doppio-magnum-in-owc\\\/\",\"name\":\"Buy TERLANO Quarz Sauvignon Blanc 2021 Doppio Magnum OWC\",\"isPartOf\":{\"@id\":\"https:\\\/\\\/fonsvinum.com\\\/en\\\/#website\"},\"primaryImageOfPage\":{\"@id\":\"https:\\\/\\\/fonsvinum.com\\\/de\\\/produkt\\\/terlano-quarz-sauvignon-blanc-2021-doppio-magnum-in-owc\\\/#primaryimage\"},\"image\":{\"@id\":\"https:\\\/\\\/fonsvinum.com\\\/de\\\/produkt\\\/terlano-quarz-sauvignon-blanc-2021-doppio-magnum-in-owc\\\/#primaryimage\"},\"thumbnailUrl\":\"https:\\\/\\\/fonsvinum.com\\\/files\\\/2023\\\/05\\\/Quarz-doppio-magnum-1.png\",\"datePublished\":\"2023-05-08T10:10:45+00:00\",\"dateModified\":\"2023-05-15T09:18:50+00:00\",\"description\":\"Kaufen online TERLANO Quarz Sauvignon Blanc 2021TERLANO Quarz Sauvignon Blanc 2021 Doppio Magnum in OWC - Fons Vinum\",\"breadcrumb\":{\"@id\":\"https:\\\/\\\/fonsvinum.com\\\/de\\\/produkt\\\/terlano-quarz-sauvignon-blanc-2021-doppio-magnum-in-owc\\\/#breadcrumb\"},\"inLanguage\":\"de\",\"potentialAction\":[{\"@type\":\"ReadAction\",\"target\":[\"https:\\\/\\\/fonsvinum.com\\\/de\\\/produkt\\\/terlano-quarz-sauvignon-blanc-2021-doppio-magnum-in-owc\\\/\"]}]},{\"@type\":\"ImageObject\",\"inLanguage\":\"de\",\"@id\":\"https:\\\/\\\/fonsvinum.com\\\/de\\\/produkt\\\/terlano-quarz-sauvignon-blanc-2021-doppio-magnum-in-owc\\\/#primaryimage\",\"url\":\"https:\\\/\\\/fonsvinum.com\\\/files\\\/2023\\\/05\\\/Quarz-doppio-magnum-1.png\",\"contentUrl\":\"https:\\\/\\\/fonsvinum.com\\\/files\\\/2023\\\/05\\\/Quarz-doppio-magnum-1.png\",\"width\":318,\"height\":600},{\"@type\":\"BreadcrumbList\",\"@id\":\"https:\\\/\\\/fonsvinum.com\\\/de\\\/produkt\\\/terlano-quarz-sauvignon-blanc-2021-doppio-magnum-in-owc\\\/#breadcrumb\",\"itemListElement\":[{\"@type\":\"ListItem\",\"position\":1,\"name\":\"Startseite\",\"item\":\"https:\\\/\\\/fonsvinum.com\\\/de\\\/\"},{\"@type\":\"ListItem\",\"position\":2,\"name\":\"Shop\",\"item\":\"https:\\\/\\\/fonsvinum.com\\\/de\\\/shop\\\/\"},{\"@type\":\"ListItem\",\"position\":3,\"name\":\"TERLANO Quarz Sauvignon Blanc 2021 Doppio Magnum in OWC\"}]},{\"@type\":\"WebSite\",\"@id\":\"https:\\\/\\\/fonsvinum.com\\\/en\\\/#website\",\"url\":\"https:\\\/\\\/fonsvinum.com\\\/en\\\/\",\"name\":\"Fons Vinum\",\"description\":\"Vendita Vino Online\",\"publisher\":{\"@id\":\"https:\\\/\\\/fonsvinum.com\\\/en\\\/#organization\"},\"potentialAction\":[{\"@type\":\"SearchAction\",\"target\":{\"@type\":\"EntryPoint\",\"urlTemplate\":\"https:\\\/\\\/fonsvinum.com\\\/en\\\/?s={search_term_string}\"},\"query-input\":{\"@type\":\"PropertyValueSpecification\",\"valueRequired\":true,\"valueName\":\"search_term_string\"}}],\"inLanguage\":\"de\"},{\"@type\":\"Organization\",\"@id\":\"https:\\\/\\\/fonsvinum.com\\\/en\\\/#organization\",\"name\":\"Fons Vinum\",\"url\":\"https:\\\/\\\/fonsvinum.com\\\/en\\\/\",\"logo\":{\"@type\":\"ImageObject\",\"inLanguage\":\"de\",\"@id\":\"https:\\\/\\\/fonsvinum.com\\\/en\\\/#\\\/schema\\\/logo\\\/image\\\/\",\"url\":\"\",\"contentUrl\":\"\",\"caption\":\"Fons Vinum\"},\"image\":{\"@id\":\"https:\\\/\\\/fonsvinum.com\\\/en\\\/#\\\/schema\\\/logo\\\/image\\\/\"}}]}<\/script>\n<!-- \/ Yoast SEO plugin. -->","yoast_head_json":{"title":"Buy TERLANO Quarz Sauvignon Blanc 2021 Doppio Magnum OWC","description":"Kaufen online TERLANO Quarz Sauvignon Blanc 2021TERLANO Quarz Sauvignon Blanc 2021 Doppio Magnum in OWC - Fons Vinum","robots":{"index":"index","follow":"follow","max-snippet":"max-snippet:-1","max-image-preview":"max-image-preview:large","max-video-preview":"max-video-preview:-1"},"canonical":"https:\/\/fonsvinum.com\/de\/produkt\/terlano-quarz-sauvignon-blanc-2021-doppio-magnum-in-owc\/","og_locale":"de_DE","og_type":"article","og_title":"Buy TERLANO Quarz Sauvignon Blanc 2021 Doppio Magnum OWC","og_description":"Kaufen online TERLANO Quarz Sauvignon Blanc 2021TERLANO Quarz Sauvignon Blanc 2021 Doppio Magnum in OWC - Fons Vinum","og_url":"https:\/\/fonsvinum.com\/de\/produkt\/terlano-quarz-sauvignon-blanc-2021-doppio-magnum-in-owc\/","og_site_name":"Fons Vinum","article_modified_time":"2023-05-15T09:18:50+00:00","og_image":[{"width":318,"height":600,"url":"https:\/\/fonsvinum.com\/files\/2023\/05\/Quarz-doppio-magnum-1.png","type":"image\/png"}],"twitter_misc":{"Gesch\u00e4tzte Lesezeit":"1\u00a0Minute"},"schema":{"@context":"https:\/\/schema.org","@graph":[{"@type":"WebPage","@id":"https:\/\/fonsvinum.com\/de\/produkt\/terlano-quarz-sauvignon-blanc-2021-doppio-magnum-in-owc\/","url":"https:\/\/fonsvinum.com\/de\/produkt\/terlano-quarz-sauvignon-blanc-2021-doppio-magnum-in-owc\/","name":"Buy TERLANO Quarz Sauvignon Blanc 2021 Doppio Magnum OWC","isPartOf":{"@id":"https:\/\/fonsvinum.com\/en\/#website"},"primaryImageOfPage":{"@id":"https:\/\/fonsvinum.com\/de\/produkt\/terlano-quarz-sauvignon-blanc-2021-doppio-magnum-in-owc\/#primaryimage"},"image":{"@id":"https:\/\/fonsvinum.com\/de\/produkt\/terlano-quarz-sauvignon-blanc-2021-doppio-magnum-in-owc\/#primaryimage"},"thumbnailUrl":"https:\/\/fonsvinum.com\/files\/2023\/05\/Quarz-doppio-magnum-1.png","datePublished":"2023-05-08T10:10:45+00:00","dateModified":"2023-05-15T09:18:50+00:00","description":"Kaufen online TERLANO Quarz Sauvignon Blanc 2021TERLANO Quarz Sauvignon Blanc 2021 Doppio Magnum in OWC - Fons Vinum","breadcrumb":{"@id":"https:\/\/fonsvinum.com\/de\/produkt\/terlano-quarz-sauvignon-blanc-2021-doppio-magnum-in-owc\/#breadcrumb"},"inLanguage":"de","potentialAction":[{"@type":"ReadAction","target":["https:\/\/fonsvinum.com\/de\/produkt\/terlano-quarz-sauvignon-blanc-2021-doppio-magnum-in-owc\/"]}]},{"@type":"ImageObject","inLanguage":"de","@id":"https:\/\/fonsvinum.com\/de\/produkt\/terlano-quarz-sauvignon-blanc-2021-doppio-magnum-in-owc\/#primaryimage","url":"https:\/\/fonsvinum.com\/files\/2023\/05\/Quarz-doppio-magnum-1.png","contentUrl":"https:\/\/fonsvinum.com\/files\/2023\/05\/Quarz-doppio-magnum-1.png","width":318,"height":600},{"@type":"BreadcrumbList","@id":"https:\/\/fonsvinum.com\/de\/produkt\/terlano-quarz-sauvignon-blanc-2021-doppio-magnum-in-owc\/#breadcrumb","itemListElement":[{"@type":"ListItem","position":1,"name":"Startseite","item":"https:\/\/fonsvinum.com\/de\/"},{"@type":"ListItem","position":2,"name":"Shop","item":"https:\/\/fonsvinum.com\/de\/shop\/"},{"@type":"ListItem","position":3,"name":"TERLANO Quarz Sauvignon Blanc 2021 Doppio Magnum in OWC"}]},{"@type":"WebSite","@id":"https:\/\/fonsvinum.com\/en\/#website","url":"https:\/\/fonsvinum.com\/en\/","name":"Fons Vinum","description":"Vendita Vino Online","publisher":{"@id":"https:\/\/fonsvinum.com\/en\/#organization"},"potentialAction":[{"@type":"SearchAction","target":{"@type":"EntryPoint","urlTemplate":"https:\/\/fonsvinum.com\/en\/?s={search_term_string}"},"query-input":{"@type":"PropertyValueSpecification","valueRequired":true,"valueName":"search_term_string"}}],"inLanguage":"de"},{"@type":"Organization","@id":"https:\/\/fonsvinum.com\/en\/#organization","name":"Fons Vinum","url":"https:\/\/fonsvinum.com\/en\/","logo":{"@type":"ImageObject","inLanguage":"de","@id":"https:\/\/fonsvinum.com\/en\/#\/schema\/logo\/image\/","url":"","contentUrl":"","caption":"Fons Vinum"},"image":{"@id":"https:\/\/fonsvinum.com\/en\/#\/schema\/logo\/image\/"}}]}},"acf":[],"_links":{"self":[{"href":"https:\/\/fonsvinum.com\/de\/wp-json\/wp\/v2\/product\/40597","targetHints":{"allow":["GET"]}}],"collection":[{"href":"https:\/\/fonsvinum.com\/de\/wp-json\/wp\/v2\/product"}],"about":[{"href":"https:\/\/fonsvinum.com\/de\/wp-json\/wp\/v2\/types\/product"}],"replies":[{"embeddable":true,"href":"https:\/\/fonsvinum.com\/de\/wp-json\/wp\/v2\/comments?post=40597"}],"wp:featuredmedia":[{"embeddable":true,"href":"https:\/\/fonsvinum.com\/de\/wp-json\/wp\/v2\/media\/40611"}],"wp:attachment":[{"href":"https:\/\/fonsvinum.com\/de\/wp-json\/wp\/v2\/media?parent=40597"}],"wp:term":[{"taxonomy":"product_brand","embeddable":true,"href":"https:\/\/fonsvinum.com\/de\/wp-json\/wp\/v2\/product_brand?post=40597"},{"taxonomy":"product_cat","embeddable":true,"href":"https:\/\/fonsvinum.com\/de\/wp-json\/wp\/v2\/product_cat?post=40597"},{"taxonomy":"product_tag","embeddable":true,"href":"https:\/\/fonsvinum.com\/de\/wp-json\/wp\/v2\/product_tag?post=40597"}],"curies":[{"name":"wp","href":"https:\/\/api.w.org\/{rel}","templated":true}]}}