{"id":40437,"date":"2023-04-21T12:02:56","date_gmt":"2023-04-21T10:02:56","guid":{"rendered":"https:\/\/fonsvinum.com\/?post_type=product&#038;p=40437"},"modified":"2023-04-24T16:29:16","modified_gmt":"2023-04-24T14:29:16","slug":"tenuta-dellornellaia-ornellaia-2020-la-proporzione-die-proportion","status":"publish","type":"product","link":"https:\/\/fonsvinum.com\/de\/produkt\/tenuta-dellornellaia-ornellaia-2020-la-proporzione-die-proportion\/","title":{"rendered":"TENUTA DELL&#8217;ORNELLAIA &#8211; Ornellaia 2020 \u201eLa Proporzione\u201c (die Proportion)"},"content":{"rendered":"<div data-wrapper=\"true\">\n<div class=\"uk-accordion-content\">\n<div class=\"post-content-container uk-hidden-small\">\n<div class=\"uk-accordion\">\n<div data-wrapper=\"true\">\n<div class=\"uk-accordion-content\">\n<div data-wrapper=\"true\">\n<div class=\"uk-accordion-content\">\n<h2><a href=\"https:\/\/fonsvinum.com\/de\/?filter_producer=tenute-dellornellaia-de&amp;s=TENUTA+DELL%27ORNELLAIA&amp;post_type=product\">TENUTA DELL&#8217;ORNELLAIA<\/a><\/h2>\n<h3>-DIE FAMILIE FRESCOBALDI-<\/h3>\n<p>Seit 700 Jahren verbindet die Familie Frescobaldi Tradition, Erfahrung und Innovation mit Kreativit\u00e4t und Streben nach Exzellenz. Es war stets das Bestreben der Familie, die Vielfalt des toskanischen Terroirs zu entwickeln und zu feiern. Als stolze Besitzer einiger der besten Weing\u00fcter der Region waren die Familienmitglieder stets darum bem\u00fcht, die Identit\u00e4t und die Selbstst\u00e4ndigkeit jedes einzelnen Besitzes zu bewahren.<\/p>\n<p>Weltweit gilt ORNELLAIA als eine Weingut-Ikone; im Besitz der Familie Frescobaldi hat es sich zu einer Erfolgsgeschichte entwickelt. Dies ist nur eines der Familienweing\u00fcter, zu denen auch ATTEMS (Friaul), MASSETO, DANZANTE, LUCE DELLA VITE und die sechs FRESCOBALDI-Weing\u00fctern Nipozzano, CastelGiocondo, Pomino, Ammiraglia, Castiglioni und Remole z\u00e4hlen.<\/p>\n<h2>ORNELLAIA \u201eLa Proporzione\u201c (die Proportion)<\/h2>\n<div class=\"scheda-container\">\n<div class=\"scheda-container-descr-cnt\">\n<p>Der Charakter des Ornellaia 2020, der f\u00fcnfzehnten Ausgabe der Vendemmia d\u2019Artista, ist \u201eLa Proporzione\u201c (die Proportion), der an die perfekte Ausgewogenheit der einzelnen Teile und ihrer Einheit erinnert.<br \/>\nF\u00fcr die Interpretation von \u201eLa Proporzione\u201c wurde der K\u00fcnstler Joseph Kosuth ausgew\u00e4hlt.<\/p>\n<p>Der K\u00fcnstler Joseph Kosuth aus den Vereinigten Staaten ist einer der gr\u00f6\u00dften Vertreter und Theoretiker der Konzeptkunst. Indem er die Definitionen und herk\u00f6mmlichen Verfahren der Kunst in Frage stellte, hat Kosuth den Schwerpunkt auf die Erforschung der Sprache gelegt mit dem Ziel, die Komplexit\u00e4t der kulturellen Kodierungen visuell offenzulegen. Ausgehend von der Idee, dass ein Kunstwerk eine Tautologie ist, da es f\u00fcr das Wollen des K\u00fcnstlers steht, stellt er die eigentliche Natur der Kunst in Frage, wobei er eher die konzeptuelle Dimension des Werks als die produktive-formale Dimension in den Vordergrund stellt. Kosuth hat im Wesentlichen an linguistischen Mitteln gearbeitet, wie dem Zitieren, der \u00dcbersetzung, der Wiederholung, dem Widerspruch und der Negation.<\/p>\n<p>Bei der Interpretation des Charakters von Ornellaia 2020 \u201eLa Proporzione\u201c (die Proportion) hat der K\u00fcnstler seine Aufmerksamkeit dem Studium des Wortes \u201evino\u201c in verschiedenen Indogermanischen Sprachen geschenkt und dabei einen Vergleichsbaum erstellt. Die Geschichte des Wortes wird in den parallelen Umformungen in den verschiedenen Sprachgemeinschaften wieder aufgenommen und es wird auf die Einheit in einer scheinbaren Vielzahl mittels einer Morphologie verwiesen. Dieser Neuformulierung wird der Satz aus Vitruvs Werk De Architectura zur Seite gestellt und so der grammatikalische Kreis des Konzepts der Proportion geschlossen.<\/p>\n<p>Der Wunsch, die au\u00dfergew\u00f6hnliche Qualit\u00e4t des Weinguts zu f\u00f6rdern, pr\u00e4gt seit Beginn die Ornellaia-Philosophie. Ornellaia ist eine Cuv\u00e9e aus Cabernet Sauvignon, Merlot, Cabernet Franc sowie Petit Verdot und der authentische Ausdruck eines einzigartigen Terroirs, das im Einklang mit der Natur entwickelt wurde.<\/p>\n<\/div>\n<\/div>\n<div class=\"post-content-container uk-hidden-small\">\n<div class=\"uk-accordion\">\n<h3 class=\"uk-accordion-title uk-active\">-VERKOSTUNGSNOTIZEN DESWEINMACHERS- 2020<\/h3>\n<div data-wrapper=\"true\">\n<div class=\"uk-accordion-content\">\n<div class=\"c-cCNRlB c-cCNRlB-fKKfJh-fontVariant-small c-cCNRlB-fZwUQD-fontFamily-secondary\">\n<p>\u201eDer wie gewohnt intensiv rubinrote Ornellaia 2020 offenbart in der Nase Noten reifer Beerenfr\u00fcchte und leichte Ankl\u00e4nge von Vanille und s\u00fc\u00dfem Tabak. Der Wein weist eine samtig weiche Textur und ein angenehmes, umh\u00fcllendes Mundgef\u00fchl auf, das zum zweiten Schluck einl\u00e4dt. Seine dichte und gleichzeitig elegante Tanninstruktur tr\u00e4gt das geschmackvolle, sch\u00f6n anhaltende Finale.\u201c<\/p>\n<\/div>\n<div class=\"c-cCNRlB c-cCNRlB-hJHIXV-fontVariant-caption c-cCNRlB-fZwUQD-fontFamily-secondary c-bXbWpx c-bXbWpx-yTkqL-top-30 c-bXbWpx-izXvS-css\">\n<p>Olga Fusari<\/p>\n<\/div>\n<\/div>\n<\/div>\n<\/div>\n<\/div>\n<\/div>\n<\/div>\n<\/div>\n<\/div>\n<\/div>\n<\/div>\n<\/div>\n<\/div>\n","protected":false},"excerpt":{"rendered":"<p>TENUTA DELL&#8217;ORNELLAIA -DIE FAMILIE FRESCOBALDI- Seit 700 Jahren verbindet die Familie Frescobaldi Tradition, Erfahrung und Innovation mit Kreativit\u00e4t und Streben nach Exzellenz. Es war stets das Bestreben der Familie, die Vielfalt des toskanischen Terroirs zu entwickeln und zu feiern. Als stolze Besitzer einiger der besten Weing\u00fcter der Region waren die Familienmitglieder stets darum bem\u00fcht, die [&hellip;]<\/p>\n","protected":false},"featured_media":40463,"comment_status":"open","ping_status":"closed","template":"","meta":{"_acf_changed":false,"_monsterinsights_skip_tracking":false,"_monsterinsights_sitenote_active":false,"_monsterinsights_sitenote_note":"","_monsterinsights_sitenote_category":0},"product_brand":[],"product_cat":[1693],"product_tag":[15959,1745],"class_list":{"0":"post-40437","1":"product","2":"type-product","3":"status-publish","4":"has-post-thumbnail","6":"product_cat-blend-2-de","7":"product_tag-vino-rosso-de","8":"product_tag-super-tuscan-de","9":"pa_appellation-bolgheri-superiore-doc-de","10":"pa_formato-0-75-l-flasche-de","11":"pa_producer-tenuta-dellornellaia-de","12":"pa_region-toskana-de","13":"pa_vintage-2020-de","15":"first","16":"instock","17":"taxable","18":"shipping-taxable","19":"purchasable","20":"product-type-simple"},"bundled_by":[],"bundle_stock_status":"instock","bundle_stock_quantity":1,"bundle_virtual":false,"bundle_layout":"","bundle_add_to_cart_form_location":"","bundle_editable_in_cart":false,"bundle_sold_individually_context":"","bundle_item_grouping":"","bundle_min_size":"","bundle_max_size":"","bundle_price":[],"bundled_items":[],"bundle_sell_ids":[],"yoast_head":"<!-- This site is optimized with the Yoast SEO plugin v27.2 - https:\/\/yoast.com\/product\/yoast-seo-wordpress\/ -->\n<title>TENUTA DELL&#039;ORNELLAIA - Ornellaia 2020 \u201eLa Proporzione\u201c (die Proportion)<\/title>\n<meta name=\"description\" content=\"Kaufen TENUTA DELL&#039;ORNELLAIA - Ornellaia 2020 \u201eLa Proporzione\u201c (die Proportion)- I Fonsvinum rare Weine online aus Piedmont, Toskana und Venetien\" \/>\n<meta name=\"robots\" content=\"index, follow, max-snippet:-1, max-image-preview:large, max-video-preview:-1\" \/>\n<link rel=\"canonical\" href=\"https:\/\/fonsvinum.com\/de\/produkt\/tenuta-dellornellaia-ornellaia-2020-la-proporzione-die-proportion\/\" \/>\n<meta property=\"og:locale\" content=\"de_DE\" \/>\n<meta property=\"og:type\" content=\"article\" \/>\n<meta property=\"og:title\" content=\"TENUTA DELL&#039;ORNELLAIA - Ornellaia 2020 \u201eLa Proporzione\u201c (die Proportion)\" \/>\n<meta property=\"og:description\" content=\"Kaufen TENUTA DELL&#039;ORNELLAIA - Ornellaia 2020 \u201eLa Proporzione\u201c (die Proportion)- I Fonsvinum rare Weine online aus Piedmont, Toskana und Venetien\" \/>\n<meta property=\"og:url\" content=\"https:\/\/fonsvinum.com\/de\/produkt\/tenuta-dellornellaia-ornellaia-2020-la-proporzione-die-proportion\/\" \/>\n<meta property=\"og:site_name\" content=\"Fons Vinum\" \/>\n<meta property=\"article:modified_time\" content=\"2023-04-24T14:29:16+00:00\" \/>\n<meta property=\"og:image\" content=\"https:\/\/fonsvinum.com\/files\/2023\/04\/Ornellaia-la-proporzione-2020.png\" \/>\n\t<meta property=\"og:image:width\" content=\"200\" \/>\n\t<meta property=\"og:image:height\" content=\"741\" \/>\n\t<meta property=\"og:image:type\" content=\"image\/png\" \/>\n<meta name=\"twitter:label1\" content=\"Gesch\u00e4tzte Lesezeit\" \/>\n\t<meta name=\"twitter:data1\" content=\"3\u00a0Minuten\" \/>\n<script type=\"application\/ld+json\" class=\"yoast-schema-graph\">{\"@context\":\"https:\/\/schema.org\",\"@graph\":[{\"@type\":\"WebPage\",\"@id\":\"https:\/\/fonsvinum.com\/de\/produkt\/tenuta-dellornellaia-ornellaia-2020-la-proporzione-die-proportion\/\",\"url\":\"https:\/\/fonsvinum.com\/de\/produkt\/tenuta-dellornellaia-ornellaia-2020-la-proporzione-die-proportion\/\",\"name\":\"TENUTA DELL'ORNELLAIA - Ornellaia 2020 \u201eLa Proporzione\u201c (die Proportion)\",\"isPartOf\":{\"@id\":\"https:\/\/fonsvinum.com\/en\/#website\"},\"primaryImageOfPage\":{\"@id\":\"https:\/\/fonsvinum.com\/de\/produkt\/tenuta-dellornellaia-ornellaia-2020-la-proporzione-die-proportion\/#primaryimage\"},\"image\":{\"@id\":\"https:\/\/fonsvinum.com\/de\/produkt\/tenuta-dellornellaia-ornellaia-2020-la-proporzione-die-proportion\/#primaryimage\"},\"thumbnailUrl\":\"https:\/\/fonsvinum.com\/files\/2023\/04\/Ornellaia-la-proporzione-2020.png\",\"datePublished\":\"2023-04-21T10:02:56+00:00\",\"dateModified\":\"2023-04-24T14:29:16+00:00\",\"description\":\"Kaufen TENUTA DELL'ORNELLAIA - Ornellaia 2020 \u201eLa Proporzione\u201c (die Proportion)- I Fonsvinum rare Weine online aus Piedmont, Toskana und Venetien\",\"breadcrumb\":{\"@id\":\"https:\/\/fonsvinum.com\/de\/produkt\/tenuta-dellornellaia-ornellaia-2020-la-proporzione-die-proportion\/#breadcrumb\"},\"inLanguage\":\"de\",\"potentialAction\":[{\"@type\":\"ReadAction\",\"target\":[\"https:\/\/fonsvinum.com\/de\/produkt\/tenuta-dellornellaia-ornellaia-2020-la-proporzione-die-proportion\/\"]}]},{\"@type\":\"ImageObject\",\"inLanguage\":\"de\",\"@id\":\"https:\/\/fonsvinum.com\/de\/produkt\/tenuta-dellornellaia-ornellaia-2020-la-proporzione-die-proportion\/#primaryimage\",\"url\":\"https:\/\/fonsvinum.com\/files\/2023\/04\/Ornellaia-la-proporzione-2020.png\",\"contentUrl\":\"https:\/\/fonsvinum.com\/files\/2023\/04\/Ornellaia-la-proporzione-2020.png\",\"width\":200,\"height\":741},{\"@type\":\"BreadcrumbList\",\"@id\":\"https:\/\/fonsvinum.com\/de\/produkt\/tenuta-dellornellaia-ornellaia-2020-la-proporzione-die-proportion\/#breadcrumb\",\"itemListElement\":[{\"@type\":\"ListItem\",\"position\":1,\"name\":\"Startseite\",\"item\":\"https:\/\/fonsvinum.com\/de\/\"},{\"@type\":\"ListItem\",\"position\":2,\"name\":\"Shop\",\"item\":\"https:\/\/fonsvinum.com\/de\/shop\/\"},{\"@type\":\"ListItem\",\"position\":3,\"name\":\"TENUTA DELL&#8217;ORNELLAIA &#8211; Ornellaia 2020 \u201eLa Proporzione\u201c (die Proportion)\"}]},{\"@type\":\"WebSite\",\"@id\":\"https:\/\/fonsvinum.com\/en\/#website\",\"url\":\"https:\/\/fonsvinum.com\/en\/\",\"name\":\"Fons Vinum\",\"description\":\"Vendita Vino Online\",\"publisher\":{\"@id\":\"https:\/\/fonsvinum.com\/en\/#organization\"},\"potentialAction\":[{\"@type\":\"SearchAction\",\"target\":{\"@type\":\"EntryPoint\",\"urlTemplate\":\"https:\/\/fonsvinum.com\/en\/?s={search_term_string}\"},\"query-input\":{\"@type\":\"PropertyValueSpecification\",\"valueRequired\":true,\"valueName\":\"search_term_string\"}}],\"inLanguage\":\"de\"},{\"@type\":\"Organization\",\"@id\":\"https:\/\/fonsvinum.com\/en\/#organization\",\"name\":\"Fons Vinum\",\"url\":\"https:\/\/fonsvinum.com\/en\/\",\"logo\":{\"@type\":\"ImageObject\",\"inLanguage\":\"de\",\"@id\":\"https:\/\/fonsvinum.com\/en\/#\/schema\/logo\/image\/\",\"url\":\"\",\"contentUrl\":\"\",\"caption\":\"Fons Vinum\"},\"image\":{\"@id\":\"https:\/\/fonsvinum.com\/en\/#\/schema\/logo\/image\/\"}}]}<\/script>\n<!-- \/ Yoast SEO plugin. -->","yoast_head_json":{"title":"TENUTA DELL'ORNELLAIA - Ornellaia 2020 \u201eLa Proporzione\u201c (die Proportion)","description":"Kaufen TENUTA DELL'ORNELLAIA - Ornellaia 2020 \u201eLa Proporzione\u201c (die Proportion)- I Fonsvinum rare Weine online aus Piedmont, Toskana und Venetien","robots":{"index":"index","follow":"follow","max-snippet":"max-snippet:-1","max-image-preview":"max-image-preview:large","max-video-preview":"max-video-preview:-1"},"canonical":"https:\/\/fonsvinum.com\/de\/produkt\/tenuta-dellornellaia-ornellaia-2020-la-proporzione-die-proportion\/","og_locale":"de_DE","og_type":"article","og_title":"TENUTA DELL'ORNELLAIA - Ornellaia 2020 \u201eLa Proporzione\u201c (die Proportion)","og_description":"Kaufen TENUTA DELL'ORNELLAIA - Ornellaia 2020 \u201eLa Proporzione\u201c (die Proportion)- I Fonsvinum rare Weine online aus Piedmont, Toskana und Venetien","og_url":"https:\/\/fonsvinum.com\/de\/produkt\/tenuta-dellornellaia-ornellaia-2020-la-proporzione-die-proportion\/","og_site_name":"Fons Vinum","article_modified_time":"2023-04-24T14:29:16+00:00","og_image":[{"width":200,"height":741,"url":"https:\/\/fonsvinum.com\/files\/2023\/04\/Ornellaia-la-proporzione-2020.png","type":"image\/png"}],"twitter_misc":{"Gesch\u00e4tzte Lesezeit":"3\u00a0Minuten"},"schema":{"@context":"https:\/\/schema.org","@graph":[{"@type":"WebPage","@id":"https:\/\/fonsvinum.com\/de\/produkt\/tenuta-dellornellaia-ornellaia-2020-la-proporzione-die-proportion\/","url":"https:\/\/fonsvinum.com\/de\/produkt\/tenuta-dellornellaia-ornellaia-2020-la-proporzione-die-proportion\/","name":"TENUTA DELL'ORNELLAIA - Ornellaia 2020 \u201eLa Proporzione\u201c (die Proportion)","isPartOf":{"@id":"https:\/\/fonsvinum.com\/en\/#website"},"primaryImageOfPage":{"@id":"https:\/\/fonsvinum.com\/de\/produkt\/tenuta-dellornellaia-ornellaia-2020-la-proporzione-die-proportion\/#primaryimage"},"image":{"@id":"https:\/\/fonsvinum.com\/de\/produkt\/tenuta-dellornellaia-ornellaia-2020-la-proporzione-die-proportion\/#primaryimage"},"thumbnailUrl":"https:\/\/fonsvinum.com\/files\/2023\/04\/Ornellaia-la-proporzione-2020.png","datePublished":"2023-04-21T10:02:56+00:00","dateModified":"2023-04-24T14:29:16+00:00","description":"Kaufen TENUTA DELL'ORNELLAIA - Ornellaia 2020 \u201eLa Proporzione\u201c (die Proportion)- I Fonsvinum rare Weine online aus Piedmont, Toskana und Venetien","breadcrumb":{"@id":"https:\/\/fonsvinum.com\/de\/produkt\/tenuta-dellornellaia-ornellaia-2020-la-proporzione-die-proportion\/#breadcrumb"},"inLanguage":"de","potentialAction":[{"@type":"ReadAction","target":["https:\/\/fonsvinum.com\/de\/produkt\/tenuta-dellornellaia-ornellaia-2020-la-proporzione-die-proportion\/"]}]},{"@type":"ImageObject","inLanguage":"de","@id":"https:\/\/fonsvinum.com\/de\/produkt\/tenuta-dellornellaia-ornellaia-2020-la-proporzione-die-proportion\/#primaryimage","url":"https:\/\/fonsvinum.com\/files\/2023\/04\/Ornellaia-la-proporzione-2020.png","contentUrl":"https:\/\/fonsvinum.com\/files\/2023\/04\/Ornellaia-la-proporzione-2020.png","width":200,"height":741},{"@type":"BreadcrumbList","@id":"https:\/\/fonsvinum.com\/de\/produkt\/tenuta-dellornellaia-ornellaia-2020-la-proporzione-die-proportion\/#breadcrumb","itemListElement":[{"@type":"ListItem","position":1,"name":"Startseite","item":"https:\/\/fonsvinum.com\/de\/"},{"@type":"ListItem","position":2,"name":"Shop","item":"https:\/\/fonsvinum.com\/de\/shop\/"},{"@type":"ListItem","position":3,"name":"TENUTA DELL&#8217;ORNELLAIA &#8211; Ornellaia 2020 \u201eLa Proporzione\u201c (die Proportion)"}]},{"@type":"WebSite","@id":"https:\/\/fonsvinum.com\/en\/#website","url":"https:\/\/fonsvinum.com\/en\/","name":"Fons Vinum","description":"Vendita Vino Online","publisher":{"@id":"https:\/\/fonsvinum.com\/en\/#organization"},"potentialAction":[{"@type":"SearchAction","target":{"@type":"EntryPoint","urlTemplate":"https:\/\/fonsvinum.com\/en\/?s={search_term_string}"},"query-input":{"@type":"PropertyValueSpecification","valueRequired":true,"valueName":"search_term_string"}}],"inLanguage":"de"},{"@type":"Organization","@id":"https:\/\/fonsvinum.com\/en\/#organization","name":"Fons Vinum","url":"https:\/\/fonsvinum.com\/en\/","logo":{"@type":"ImageObject","inLanguage":"de","@id":"https:\/\/fonsvinum.com\/en\/#\/schema\/logo\/image\/","url":"","contentUrl":"","caption":"Fons Vinum"},"image":{"@id":"https:\/\/fonsvinum.com\/en\/#\/schema\/logo\/image\/"}}]}},"acf":[],"_links":{"self":[{"href":"https:\/\/fonsvinum.com\/de\/wp-json\/wp\/v2\/product\/40437","targetHints":{"allow":["GET"]}}],"collection":[{"href":"https:\/\/fonsvinum.com\/de\/wp-json\/wp\/v2\/product"}],"about":[{"href":"https:\/\/fonsvinum.com\/de\/wp-json\/wp\/v2\/types\/product"}],"replies":[{"embeddable":true,"href":"https:\/\/fonsvinum.com\/de\/wp-json\/wp\/v2\/comments?post=40437"}],"wp:featuredmedia":[{"embeddable":true,"href":"https:\/\/fonsvinum.com\/de\/wp-json\/wp\/v2\/media\/40463"}],"wp:attachment":[{"href":"https:\/\/fonsvinum.com\/de\/wp-json\/wp\/v2\/media?parent=40437"}],"wp:term":[{"taxonomy":"product_brand","embeddable":true,"href":"https:\/\/fonsvinum.com\/de\/wp-json\/wp\/v2\/product_brand?post=40437"},{"taxonomy":"product_cat","embeddable":true,"href":"https:\/\/fonsvinum.com\/de\/wp-json\/wp\/v2\/product_cat?post=40437"},{"taxonomy":"product_tag","embeddable":true,"href":"https:\/\/fonsvinum.com\/de\/wp-json\/wp\/v2\/product_tag?post=40437"}],"curies":[{"name":"wp","href":"https:\/\/api.w.org\/{rel}","templated":true}]}}