{"id":40329,"date":"2023-04-18T15:17:05","date_gmt":"2023-04-18T13:17:05","guid":{"rendered":"https:\/\/fonsvinum.com\/?post_type=product&#038;p=40329"},"modified":"2025-08-24T15:44:55","modified_gmt":"2025-08-24T13:44:55","slug":"sauvignon-riserva-mathias-pfitscher-2020","status":"publish","type":"product","link":"https:\/\/fonsvinum.com\/de\/produkt\/sauvignon-riserva-mathias-pfitscher-2020\/","title":{"rendered":"SAUVIGNON RISERVA MATHIAS PFITSCHER 2020"},"content":{"rendered":"<h1>FAMILIE = FREU(N)DE<\/h1>\n<p>Ein bisschen wie unsere Weine sind auch wir Pfitschers: unterschiedlich im Charakter, aber immer geradlinig und ehrlich. Was gibt es wichtigeres f\u00fcr eine gute Zusammenarbeit, als ein gemeinsames Ziel! Unseres ist es, Euer Glas zu f\u00fcllen mit Eleganz, Charakter und dem Besten aus der Natur!<\/p>\n<h1>SAUVIGNON RISERVA MATHIAS PFITSCHER 2020<\/h1>\n<div class=\"woocommerce-product-details__short-description\">\n<p class=\"desc-small\">Dieser Wei\u00dfwein gedeiht auf grauem Porphyr und sandig-kalkigem Gesteinsmehl. Mit seiner zitronengelben Farbe o\u0308ffnet er im Glas sein komplexes Potential mit mineralischen Feuerstein- Nuancen und glasklarer Frucht. Im Geschmack pra\u0308sentiert sich der trockene Wein mit Tiefe, Pra\u0308zision und langem Abgang.<\/p>\n<\/div>\n<h2 class=\"stock out-of-stock\">VINIFIKATION<\/h2>\n<p>Nach circa sechsstu\u0308ndiger Kaltmazeration vor dem Pressvorgang erfolgt die Ga\u0308rung zu 50% im Eichenfass und 50% im Stahlfass bei einer kontrollierten Temperatur von 18\u00b0C. Wa\u0308hrend des 18 \u2013 monatigen Ausbaus im Holz \u2013 und Stahlfass auf der Feinhefe verfeinern sich Geschmack und Aroma.<\/p>\n<h2>EMPFOHLENE SPEISEN<\/h2>\n<p>Ideal zu Fisch, Meeresfru\u0308chten, Reisgerichten und Geflu\u0308gel.<\/p>\n","protected":false},"excerpt":{"rendered":"<p>FAMILIE = FREU(N)DE Ein bisschen wie unsere Weine sind auch wir Pfitschers: unterschiedlich im Charakter, aber immer geradlinig und ehrlich. Was gibt es wichtigeres f\u00fcr eine gute Zusammenarbeit, als ein gemeinsames Ziel! Unseres ist es, Euer Glas zu f\u00fcllen mit Eleganz, Charakter und dem Besten aus der Natur! SAUVIGNON RISERVA MATHIAS PFITSCHER 2020 Dieser Wei\u00dfwein [&hellip;]<\/p>\n","protected":false},"featured_media":40337,"comment_status":"open","ping_status":"closed","template":"","meta":{"_acf_changed":false,"_monsterinsights_skip_tracking":false,"_monsterinsights_sitenote_active":false,"_monsterinsights_sitenote_note":"","_monsterinsights_sitenote_category":0},"product_brand":[],"product_cat":[2314],"product_tag":[1751],"class_list":{"0":"post-40329","1":"product","2":"type-product","3":"status-publish","4":"has-post-thumbnail","6":"product_cat-sauvignon-de","7":"product_tag-aussergewoehnliche-weine-aus-italien-de","8":"pa_appellation-alto-adige-sudtirol-doc-de","9":"pa_formato-0-75-l-flasche-de","10":"pa_region-trentino-tiroler-etschland-de","11":"pa_vine-sauvignon-blanc-de","12":"pa_vintage-2020-de","14":"first","15":"outofstock","16":"sale","17":"taxable","18":"shipping-taxable","19":"purchasable","20":"product-type-simple"},"bundled_by":[],"bundle_stock_status":"outofstock","bundle_stock_quantity":0,"bundle_virtual":false,"bundle_layout":"","bundle_add_to_cart_form_location":"","bundle_editable_in_cart":false,"bundle_sold_individually_context":"","bundle_item_grouping":"","bundle_min_size":"","bundle_max_size":"","bundle_price":[],"bundled_items":[],"bundle_sell_ids":[6582],"yoast_head":"<!-- This site is optimized with the Yoast SEO plugin v27.3 - https:\/\/yoast.com\/product\/yoast-seo-wordpress\/ -->\n<title>SAUVIGNON RISERVA MATHIAS PFITSCHER 2020- Fons Vinum<\/title>\n<meta name=\"description\" content=\"Kaufen online -SAUVIGNON RISERVA MATHIAS PFITSCHER 2020- Fons Vinum\" \/>\n<meta name=\"robots\" content=\"index, follow, max-snippet:-1, max-image-preview:large, max-video-preview:-1\" \/>\n<link rel=\"canonical\" href=\"https:\/\/fonsvinum.com\/de\/produkt\/sauvignon-riserva-mathias-pfitscher-2020\/\" \/>\n<meta property=\"og:locale\" content=\"de_DE\" \/>\n<meta property=\"og:type\" content=\"article\" \/>\n<meta property=\"og:title\" content=\"SAUVIGNON RISERVA MATHIAS PFITSCHER 2020- Fons Vinum\" \/>\n<meta property=\"og:description\" content=\"Kaufen online -SAUVIGNON RISERVA MATHIAS PFITSCHER 2020- Fons Vinum\" \/>\n<meta property=\"og:url\" content=\"https:\/\/fonsvinum.com\/de\/produkt\/sauvignon-riserva-mathias-pfitscher-2020\/\" \/>\n<meta property=\"og:site_name\" content=\"Fons Vinum\" \/>\n<meta property=\"article:modified_time\" content=\"2025-08-24T13:44:55+00:00\" \/>\n<meta property=\"og:image\" content=\"https:\/\/fonsvinum.com\/files\/2023\/04\/mathias-2020-pfitscher.png\" \/>\n\t<meta property=\"og:image:width\" content=\"200\" \/>\n\t<meta property=\"og:image:height\" content=\"600\" \/>\n\t<meta property=\"og:image:type\" content=\"image\/png\" \/>\n<meta name=\"twitter:label1\" content=\"Gesch\u00e4tzte Lesezeit\" \/>\n\t<meta name=\"twitter:data1\" content=\"1\u00a0Minute\" \/>\n<script type=\"application\/ld+json\" class=\"yoast-schema-graph\">{\"@context\":\"https:\\\/\\\/schema.org\",\"@graph\":[{\"@type\":\"WebPage\",\"@id\":\"https:\\\/\\\/fonsvinum.com\\\/de\\\/produkt\\\/sauvignon-riserva-mathias-pfitscher-2020\\\/\",\"url\":\"https:\\\/\\\/fonsvinum.com\\\/de\\\/produkt\\\/sauvignon-riserva-mathias-pfitscher-2020\\\/\",\"name\":\"SAUVIGNON RISERVA MATHIAS PFITSCHER 2020- Fons Vinum\",\"isPartOf\":{\"@id\":\"https:\\\/\\\/fonsvinum.com\\\/en\\\/#website\"},\"primaryImageOfPage\":{\"@id\":\"https:\\\/\\\/fonsvinum.com\\\/de\\\/produkt\\\/sauvignon-riserva-mathias-pfitscher-2020\\\/#primaryimage\"},\"image\":{\"@id\":\"https:\\\/\\\/fonsvinum.com\\\/de\\\/produkt\\\/sauvignon-riserva-mathias-pfitscher-2020\\\/#primaryimage\"},\"thumbnailUrl\":\"https:\\\/\\\/fonsvinum.com\\\/files\\\/2023\\\/04\\\/mathias-2020-pfitscher.png\",\"datePublished\":\"2023-04-18T13:17:05+00:00\",\"dateModified\":\"2025-08-24T13:44:55+00:00\",\"description\":\"Kaufen online -SAUVIGNON RISERVA MATHIAS PFITSCHER 2020- Fons Vinum\",\"breadcrumb\":{\"@id\":\"https:\\\/\\\/fonsvinum.com\\\/de\\\/produkt\\\/sauvignon-riserva-mathias-pfitscher-2020\\\/#breadcrumb\"},\"inLanguage\":\"de\",\"potentialAction\":[{\"@type\":\"ReadAction\",\"target\":[\"https:\\\/\\\/fonsvinum.com\\\/de\\\/produkt\\\/sauvignon-riserva-mathias-pfitscher-2020\\\/\"]}]},{\"@type\":\"ImageObject\",\"inLanguage\":\"de\",\"@id\":\"https:\\\/\\\/fonsvinum.com\\\/de\\\/produkt\\\/sauvignon-riserva-mathias-pfitscher-2020\\\/#primaryimage\",\"url\":\"https:\\\/\\\/fonsvinum.com\\\/files\\\/2023\\\/04\\\/mathias-2020-pfitscher.png\",\"contentUrl\":\"https:\\\/\\\/fonsvinum.com\\\/files\\\/2023\\\/04\\\/mathias-2020-pfitscher.png\",\"width\":200,\"height\":600,\"caption\":\"mathias-2020-pfitscher\"},{\"@type\":\"BreadcrumbList\",\"@id\":\"https:\\\/\\\/fonsvinum.com\\\/de\\\/produkt\\\/sauvignon-riserva-mathias-pfitscher-2020\\\/#breadcrumb\",\"itemListElement\":[{\"@type\":\"ListItem\",\"position\":1,\"name\":\"Startseite\",\"item\":\"https:\\\/\\\/fonsvinum.com\\\/de\\\/\"},{\"@type\":\"ListItem\",\"position\":2,\"name\":\"Shop\",\"item\":\"https:\\\/\\\/fonsvinum.com\\\/de\\\/shop\\\/\"},{\"@type\":\"ListItem\",\"position\":3,\"name\":\"SAUVIGNON RISERVA MATHIAS PFITSCHER 2020\"}]},{\"@type\":\"WebSite\",\"@id\":\"https:\\\/\\\/fonsvinum.com\\\/en\\\/#website\",\"url\":\"https:\\\/\\\/fonsvinum.com\\\/en\\\/\",\"name\":\"Fons Vinum\",\"description\":\"Vendita Vino Online\",\"publisher\":{\"@id\":\"https:\\\/\\\/fonsvinum.com\\\/en\\\/#organization\"},\"potentialAction\":[{\"@type\":\"SearchAction\",\"target\":{\"@type\":\"EntryPoint\",\"urlTemplate\":\"https:\\\/\\\/fonsvinum.com\\\/en\\\/?s={search_term_string}\"},\"query-input\":{\"@type\":\"PropertyValueSpecification\",\"valueRequired\":true,\"valueName\":\"search_term_string\"}}],\"inLanguage\":\"de\"},{\"@type\":\"Organization\",\"@id\":\"https:\\\/\\\/fonsvinum.com\\\/en\\\/#organization\",\"name\":\"Fons Vinum\",\"url\":\"https:\\\/\\\/fonsvinum.com\\\/en\\\/\",\"logo\":{\"@type\":\"ImageObject\",\"inLanguage\":\"de\",\"@id\":\"https:\\\/\\\/fonsvinum.com\\\/en\\\/#\\\/schema\\\/logo\\\/image\\\/\",\"url\":\"\",\"contentUrl\":\"\",\"caption\":\"Fons Vinum\"},\"image\":{\"@id\":\"https:\\\/\\\/fonsvinum.com\\\/en\\\/#\\\/schema\\\/logo\\\/image\\\/\"}}]}<\/script>\n<!-- \/ Yoast SEO plugin. -->","yoast_head_json":{"title":"SAUVIGNON RISERVA MATHIAS PFITSCHER 2020- Fons Vinum","description":"Kaufen online -SAUVIGNON RISERVA MATHIAS PFITSCHER 2020- Fons Vinum","robots":{"index":"index","follow":"follow","max-snippet":"max-snippet:-1","max-image-preview":"max-image-preview:large","max-video-preview":"max-video-preview:-1"},"canonical":"https:\/\/fonsvinum.com\/de\/produkt\/sauvignon-riserva-mathias-pfitscher-2020\/","og_locale":"de_DE","og_type":"article","og_title":"SAUVIGNON RISERVA MATHIAS PFITSCHER 2020- Fons Vinum","og_description":"Kaufen online -SAUVIGNON RISERVA MATHIAS PFITSCHER 2020- Fons Vinum","og_url":"https:\/\/fonsvinum.com\/de\/produkt\/sauvignon-riserva-mathias-pfitscher-2020\/","og_site_name":"Fons Vinum","article_modified_time":"2025-08-24T13:44:55+00:00","og_image":[{"width":200,"height":600,"url":"https:\/\/fonsvinum.com\/files\/2023\/04\/mathias-2020-pfitscher.png","type":"image\/png"}],"twitter_misc":{"Gesch\u00e4tzte Lesezeit":"1\u00a0Minute"},"schema":{"@context":"https:\/\/schema.org","@graph":[{"@type":"WebPage","@id":"https:\/\/fonsvinum.com\/de\/produkt\/sauvignon-riserva-mathias-pfitscher-2020\/","url":"https:\/\/fonsvinum.com\/de\/produkt\/sauvignon-riserva-mathias-pfitscher-2020\/","name":"SAUVIGNON RISERVA MATHIAS PFITSCHER 2020- Fons Vinum","isPartOf":{"@id":"https:\/\/fonsvinum.com\/en\/#website"},"primaryImageOfPage":{"@id":"https:\/\/fonsvinum.com\/de\/produkt\/sauvignon-riserva-mathias-pfitscher-2020\/#primaryimage"},"image":{"@id":"https:\/\/fonsvinum.com\/de\/produkt\/sauvignon-riserva-mathias-pfitscher-2020\/#primaryimage"},"thumbnailUrl":"https:\/\/fonsvinum.com\/files\/2023\/04\/mathias-2020-pfitscher.png","datePublished":"2023-04-18T13:17:05+00:00","dateModified":"2025-08-24T13:44:55+00:00","description":"Kaufen online -SAUVIGNON RISERVA MATHIAS PFITSCHER 2020- Fons Vinum","breadcrumb":{"@id":"https:\/\/fonsvinum.com\/de\/produkt\/sauvignon-riserva-mathias-pfitscher-2020\/#breadcrumb"},"inLanguage":"de","potentialAction":[{"@type":"ReadAction","target":["https:\/\/fonsvinum.com\/de\/produkt\/sauvignon-riserva-mathias-pfitscher-2020\/"]}]},{"@type":"ImageObject","inLanguage":"de","@id":"https:\/\/fonsvinum.com\/de\/produkt\/sauvignon-riserva-mathias-pfitscher-2020\/#primaryimage","url":"https:\/\/fonsvinum.com\/files\/2023\/04\/mathias-2020-pfitscher.png","contentUrl":"https:\/\/fonsvinum.com\/files\/2023\/04\/mathias-2020-pfitscher.png","width":200,"height":600,"caption":"mathias-2020-pfitscher"},{"@type":"BreadcrumbList","@id":"https:\/\/fonsvinum.com\/de\/produkt\/sauvignon-riserva-mathias-pfitscher-2020\/#breadcrumb","itemListElement":[{"@type":"ListItem","position":1,"name":"Startseite","item":"https:\/\/fonsvinum.com\/de\/"},{"@type":"ListItem","position":2,"name":"Shop","item":"https:\/\/fonsvinum.com\/de\/shop\/"},{"@type":"ListItem","position":3,"name":"SAUVIGNON RISERVA MATHIAS PFITSCHER 2020"}]},{"@type":"WebSite","@id":"https:\/\/fonsvinum.com\/en\/#website","url":"https:\/\/fonsvinum.com\/en\/","name":"Fons Vinum","description":"Vendita Vino Online","publisher":{"@id":"https:\/\/fonsvinum.com\/en\/#organization"},"potentialAction":[{"@type":"SearchAction","target":{"@type":"EntryPoint","urlTemplate":"https:\/\/fonsvinum.com\/en\/?s={search_term_string}"},"query-input":{"@type":"PropertyValueSpecification","valueRequired":true,"valueName":"search_term_string"}}],"inLanguage":"de"},{"@type":"Organization","@id":"https:\/\/fonsvinum.com\/en\/#organization","name":"Fons Vinum","url":"https:\/\/fonsvinum.com\/en\/","logo":{"@type":"ImageObject","inLanguage":"de","@id":"https:\/\/fonsvinum.com\/en\/#\/schema\/logo\/image\/","url":"","contentUrl":"","caption":"Fons Vinum"},"image":{"@id":"https:\/\/fonsvinum.com\/en\/#\/schema\/logo\/image\/"}}]}},"acf":[],"_links":{"self":[{"href":"https:\/\/fonsvinum.com\/de\/wp-json\/wp\/v2\/product\/40329","targetHints":{"allow":["GET"]}}],"collection":[{"href":"https:\/\/fonsvinum.com\/de\/wp-json\/wp\/v2\/product"}],"about":[{"href":"https:\/\/fonsvinum.com\/de\/wp-json\/wp\/v2\/types\/product"}],"replies":[{"embeddable":true,"href":"https:\/\/fonsvinum.com\/de\/wp-json\/wp\/v2\/comments?post=40329"}],"wp:featuredmedia":[{"embeddable":true,"href":"https:\/\/fonsvinum.com\/de\/wp-json\/wp\/v2\/media\/40337"}],"wp:attachment":[{"href":"https:\/\/fonsvinum.com\/de\/wp-json\/wp\/v2\/media?parent=40329"}],"wp:term":[{"taxonomy":"product_brand","embeddable":true,"href":"https:\/\/fonsvinum.com\/de\/wp-json\/wp\/v2\/product_brand?post=40329"},{"taxonomy":"product_cat","embeddable":true,"href":"https:\/\/fonsvinum.com\/de\/wp-json\/wp\/v2\/product_cat?post=40329"},{"taxonomy":"product_tag","embeddable":true,"href":"https:\/\/fonsvinum.com\/de\/wp-json\/wp\/v2\/product_tag?post=40329"}],"curies":[{"name":"wp","href":"https:\/\/api.w.org\/{rel}","templated":true}]}}