{"id":40153,"date":"2023-03-24T11:15:57","date_gmt":"2023-03-24T10:15:57","guid":{"rendered":"https:\/\/fonsvinum.com\/?post_type=product&#038;p=40153"},"modified":"2026-02-05T07:35:55","modified_gmt":"2026-02-05T06:35:55","slug":"amarone-santurbano-speri-2018","status":"publish","type":"product","link":"https:\/\/fonsvinum.com\/de\/produkt\/amarone-santurbano-speri-2018\/","title":{"rendered":"Amarone Sant&#8217;Urbano Speri 2018"},"content":{"rendered":"<h1>Der <a href=\"https:\/\/fonsvinum.com\/de\/?s=amarone&amp;post_type=product\">Amarone<\/a> della Valpolicella DOC Classico Vigneto Monte Sant\u2019Urbano 2018<\/h1>\n<h2>Weingut Speri<\/h2>\n<p>Das Weingut Speri ist untrennbar mit zwei Namen verbunden: Amarone und Valpolicella. Amarone ist zweifellos der repr\u00e4sentativste Wein des Valpolicella und das Aush\u00e4ngeschild der renommierten Produktion von Speri.<br \/>\nDie Geschichte des Unternehmens begann in der ersten H\u00e4lfte des 19. Jahrhunderts mit einigen Hektar Land neben dem Wohnhaus der Familie Speri. Im Laufe der Jahre investierte das Unternehmen in den Erwerb weiterer L\u00e4ndereien im Valpolicella Classica-Gebiet und bewirtschaftete schlie\u00dflich 60 Hektar.<br \/>\nEs ist nach wie vor ein Familienbetrieb und wird nun in der siebten Generation gef\u00fchrt. Erfahrung und tiefe Verwurzelung in der Region haben Speri zu einem der gro\u00dfen Namen im Valpolicella-Weingut gemacht.<\/p>\n<h2>Weinberg Monte Sant&#8217;Urbano<\/h2>\n<p>Die Familie <a href=\"https:\/\/www.speri.com\/\">Speri<\/a> vinifiziert t\u00e4glich ausschlie\u00dflich eigene Trauben, setzt auf traditionelle Anbausysteme, die sich optimal f\u00fcr die einheimischen Rebsorten eignen (die offene, geneigte Pergola), und w\u00e4hlt Anbaumethoden mit minimalen Umweltauswirkungen.<\/p>\n<p>Die Weinberge der Familie Speri liegen im Valpolicella Classica-Gebiet auf H\u00f6henlagen zwischen 150 und 350 Metern \u00fcber dem Meeresspiegel. Sie sind in prestigetr\u00e4chtige Crus unterteilt (deren Trauben stets separat vinifiziert werden). Angrenzend an die \u201eMarogne\u201c, traditionelle Trockenmauern von bedeutender historischer und kultureller Wichtigkeit, befinden sich die Weinberge. Der Weinberg Sant\u2019Urbano liegt mitten in diesem Gebiet.<\/p>\n<p>Aus diesen 19 Hektar kalkhaltigem und vulkanischem Boden entsteht der Amarone Vigneto Monte Sant\u2019Urbano, das unbestrittene Aush\u00e4ngeschild der Familie Speri \u2013 ein exzellentes Beispiel f\u00fcr Finesse und Klassizismus. Nach der Selektion der besten Trauben werden diese \u00fcber einen langen Zeitraum (3\u20134 Monate, je nach Jahrgang) getrocknet. Die besten Trauben werden von Hand verlesen und auf traditionellen \u201eArele\u201c (Trockengestellen) ausgelegt. Anschlie\u00dfend ruhen sie 120 Tage lang unter kontrollierten Feuchtigkeitsbedingungen. Dies f\u00fchrt zu einem Feuchtigkeitsverlust von ca. 40 % und einer Konzentration von Zucker, N\u00e4hrstoffen und Tanninen. Dies bildet die Grundlage f\u00fcr einen Wein von bemerkenswerter Struktur und Geschmeidigkeit, der sich durch ausdrucksstarke Komplexit\u00e4t und unbestreitbare Langlebigkeit auszeichnet.<\/p>\n<h2>Verkostungsnotizen<\/h2>\n<p>Farbe: Intensives Rubinrot mit granatroten Reflexen<br \/>\nDuft: Intensiv und elegant mit Noten von Sauerkirschmarmelade, getrockneten Rosen und Zimt, im Abgang Rhabarber und Kaffee<br \/>\nGeschmack: Geschmeidig und elegant mit kr\u00e4ftigen Tanninen; warm und sehr anhaltend<\/p>\n<p>Serviertemperatur: 18\u201320 \u00b0C<\/p>\n<p>Passt ideal zu rotem Fleisch, Braten, Wild sowie Blauschimmel- und gereiftem K\u00e4se.<\/p>\n<p>&nbsp;<\/p>\n<p>&nbsp;<\/p>\n","protected":false},"excerpt":{"rendered":"<p>Der Amarone della Valpolicella DOC Classico Vigneto Monte Sant\u2019Urbano 2018 Weingut Speri Das Weingut Speri ist untrennbar mit zwei Namen verbunden: Amarone und Valpolicella. Amarone ist zweifellos der repr\u00e4sentativste Wein des Valpolicella und das Aush\u00e4ngeschild der renommierten Produktion von Speri. Die Geschichte des Unternehmens begann in der ersten H\u00e4lfte des 19. Jahrhunderts mit einigen Hektar [&hellip;]<\/p>\n","protected":false},"featured_media":5740,"comment_status":"open","ping_status":"closed","template":"","meta":{"_acf_changed":false,"_monsterinsights_skip_tracking":false,"_monsterinsights_sitenote_active":false,"_monsterinsights_sitenote_note":"","_monsterinsights_sitenote_category":0},"product_brand":[],"product_cat":[2336],"product_tag":[],"class_list":{"0":"post-40153","1":"product","2":"type-product","3":"status-publish","4":"has-post-thumbnail","6":"product_cat-amarone-de","7":"pa_appellation-amarone-della-valpolicella-docg-de","8":"pa_formato-0-75-l-flasche-de","9":"pa_producer-speri-de","10":"pa_region-venetien-de","11":"pa_vine-corvina-veronese-70-rondinella-25-corvinone-5-de","12":"pa_vintage-2018-de","14":"first","15":"instock","16":"sale","17":"featured","18":"taxable","19":"shipping-taxable","20":"purchasable","21":"product-type-simple"},"bundled_by":[],"bundle_stock_status":"instock","bundle_stock_quantity":10,"bundle_virtual":false,"bundle_layout":"","bundle_add_to_cart_form_location":"","bundle_editable_in_cart":false,"bundle_sold_individually_context":"","bundle_item_grouping":"","bundle_min_size":"","bundle_max_size":"","bundle_price":[],"bundled_items":[],"bundle_sell_ids":[],"yoast_head":"<!-- This site is optimized with the Yoast SEO plugin v27.2 - https:\/\/yoast.com\/product\/yoast-seo-wordpress\/ -->\n<title>Amarone Classico &quot;Vigneto Monte Sant&#039;Urbano&quot; Speri 2018| FonsVinum<\/title>\n<meta name=\"description\" content=\"Acquista online su FonsVinum Amarone Classico &quot;Vigneto Monte Sant&#039;Urbano&quot; Speri annata 2018, eccellente esempio di finezza e classicit\u00e0.\" \/>\n<meta name=\"robots\" content=\"index, follow, max-snippet:-1, max-image-preview:large, max-video-preview:-1\" \/>\n<link rel=\"canonical\" href=\"https:\/\/fonsvinum.com\/de\/produkt\/amarone-santurbano-speri-2018\/\" \/>\n<meta property=\"og:locale\" content=\"de_DE\" \/>\n<meta property=\"og:type\" content=\"article\" \/>\n<meta property=\"og:title\" content=\"Amarone Classico &quot;Vigneto Monte Sant&#039;Urbano&quot; Speri 2018| FonsVinum\" \/>\n<meta property=\"og:description\" content=\"Acquista online su FonsVinum Amarone Classico &quot;Vigneto Monte Sant&#039;Urbano&quot; Speri annata 2018, eccellente esempio di finezza e classicit\u00e0.\" \/>\n<meta property=\"og:url\" content=\"https:\/\/fonsvinum.com\/de\/produkt\/amarone-santurbano-speri-2018\/\" \/>\n<meta property=\"og:site_name\" content=\"Fons Vinum\" \/>\n<meta property=\"article:modified_time\" content=\"2026-02-05T06:35:55+00:00\" \/>\n<meta property=\"og:image\" content=\"https:\/\/fonsvinum.com\/files\/2013\/10\/amarone-valpolicella-sant-urbano-speri.png\" \/>\n\t<meta property=\"og:image:width\" content=\"200\" \/>\n\t<meta property=\"og:image:height\" content=\"600\" \/>\n\t<meta property=\"og:image:type\" content=\"image\/png\" \/>\n<meta name=\"twitter:label1\" content=\"Gesch\u00e4tzte Lesezeit\" \/>\n\t<meta name=\"twitter:data1\" content=\"3\u00a0Minuten\" \/>\n<script type=\"application\/ld+json\" class=\"yoast-schema-graph\">{\"@context\":\"https:\/\/schema.org\",\"@graph\":[{\"@type\":\"WebPage\",\"@id\":\"https:\/\/fonsvinum.com\/de\/produkt\/amarone-santurbano-speri-2018\/\",\"url\":\"https:\/\/fonsvinum.com\/de\/produkt\/amarone-santurbano-speri-2018\/\",\"name\":\"Amarone Classico \\\"Vigneto Monte Sant'Urbano\\\" Speri 2018| FonsVinum\",\"isPartOf\":{\"@id\":\"https:\/\/fonsvinum.com\/en\/#website\"},\"primaryImageOfPage\":{\"@id\":\"https:\/\/fonsvinum.com\/de\/produkt\/amarone-santurbano-speri-2018\/#primaryimage\"},\"image\":{\"@id\":\"https:\/\/fonsvinum.com\/de\/produkt\/amarone-santurbano-speri-2018\/#primaryimage\"},\"thumbnailUrl\":\"https:\/\/fonsvinum.com\/files\/2013\/10\/amarone-valpolicella-sant-urbano-speri.png\",\"datePublished\":\"2023-03-24T10:15:57+00:00\",\"dateModified\":\"2026-02-05T06:35:55+00:00\",\"description\":\"Acquista online su FonsVinum Amarone Classico \\\"Vigneto Monte Sant'Urbano\\\" Speri annata 2018, eccellente esempio di finezza e classicit\u00e0.\",\"breadcrumb\":{\"@id\":\"https:\/\/fonsvinum.com\/de\/produkt\/amarone-santurbano-speri-2018\/#breadcrumb\"},\"inLanguage\":\"de\",\"potentialAction\":[{\"@type\":\"ReadAction\",\"target\":[\"https:\/\/fonsvinum.com\/de\/produkt\/amarone-santurbano-speri-2018\/\"]}]},{\"@type\":\"ImageObject\",\"inLanguage\":\"de\",\"@id\":\"https:\/\/fonsvinum.com\/de\/produkt\/amarone-santurbano-speri-2018\/#primaryimage\",\"url\":\"https:\/\/fonsvinum.com\/files\/2013\/10\/amarone-valpolicella-sant-urbano-speri.png\",\"contentUrl\":\"https:\/\/fonsvinum.com\/files\/2013\/10\/amarone-valpolicella-sant-urbano-speri.png\",\"width\":200,\"height\":600},{\"@type\":\"BreadcrumbList\",\"@id\":\"https:\/\/fonsvinum.com\/de\/produkt\/amarone-santurbano-speri-2018\/#breadcrumb\",\"itemListElement\":[{\"@type\":\"ListItem\",\"position\":1,\"name\":\"Startseite\",\"item\":\"https:\/\/fonsvinum.com\/de\/\"},{\"@type\":\"ListItem\",\"position\":2,\"name\":\"Shop\",\"item\":\"https:\/\/fonsvinum.com\/de\/shop\/\"},{\"@type\":\"ListItem\",\"position\":3,\"name\":\"Amarone Sant&#8217;Urbano Speri 2018\"}]},{\"@type\":\"WebSite\",\"@id\":\"https:\/\/fonsvinum.com\/en\/#website\",\"url\":\"https:\/\/fonsvinum.com\/en\/\",\"name\":\"Fons Vinum\",\"description\":\"Vendita Vino Online\",\"publisher\":{\"@id\":\"https:\/\/fonsvinum.com\/en\/#organization\"},\"potentialAction\":[{\"@type\":\"SearchAction\",\"target\":{\"@type\":\"EntryPoint\",\"urlTemplate\":\"https:\/\/fonsvinum.com\/en\/?s={search_term_string}\"},\"query-input\":{\"@type\":\"PropertyValueSpecification\",\"valueRequired\":true,\"valueName\":\"search_term_string\"}}],\"inLanguage\":\"de\"},{\"@type\":\"Organization\",\"@id\":\"https:\/\/fonsvinum.com\/en\/#organization\",\"name\":\"Fons Vinum\",\"url\":\"https:\/\/fonsvinum.com\/en\/\",\"logo\":{\"@type\":\"ImageObject\",\"inLanguage\":\"de\",\"@id\":\"https:\/\/fonsvinum.com\/en\/#\/schema\/logo\/image\/\",\"url\":\"\",\"contentUrl\":\"\",\"caption\":\"Fons Vinum\"},\"image\":{\"@id\":\"https:\/\/fonsvinum.com\/en\/#\/schema\/logo\/image\/\"}}]}<\/script>\n<!-- \/ Yoast SEO plugin. -->","yoast_head_json":{"title":"Amarone Classico \"Vigneto Monte Sant'Urbano\" Speri 2018| FonsVinum","description":"Acquista online su FonsVinum Amarone Classico \"Vigneto Monte Sant'Urbano\" Speri annata 2018, eccellente esempio di finezza e classicit\u00e0.","robots":{"index":"index","follow":"follow","max-snippet":"max-snippet:-1","max-image-preview":"max-image-preview:large","max-video-preview":"max-video-preview:-1"},"canonical":"https:\/\/fonsvinum.com\/de\/produkt\/amarone-santurbano-speri-2018\/","og_locale":"de_DE","og_type":"article","og_title":"Amarone Classico \"Vigneto Monte Sant'Urbano\" Speri 2018| FonsVinum","og_description":"Acquista online su FonsVinum Amarone Classico \"Vigneto Monte Sant'Urbano\" Speri annata 2018, eccellente esempio di finezza e classicit\u00e0.","og_url":"https:\/\/fonsvinum.com\/de\/produkt\/amarone-santurbano-speri-2018\/","og_site_name":"Fons Vinum","article_modified_time":"2026-02-05T06:35:55+00:00","og_image":[{"width":200,"height":600,"url":"https:\/\/fonsvinum.com\/files\/2013\/10\/amarone-valpolicella-sant-urbano-speri.png","type":"image\/png"}],"twitter_misc":{"Gesch\u00e4tzte Lesezeit":"3\u00a0Minuten"},"schema":{"@context":"https:\/\/schema.org","@graph":[{"@type":"WebPage","@id":"https:\/\/fonsvinum.com\/de\/produkt\/amarone-santurbano-speri-2018\/","url":"https:\/\/fonsvinum.com\/de\/produkt\/amarone-santurbano-speri-2018\/","name":"Amarone Classico \"Vigneto Monte Sant'Urbano\" Speri 2018| FonsVinum","isPartOf":{"@id":"https:\/\/fonsvinum.com\/en\/#website"},"primaryImageOfPage":{"@id":"https:\/\/fonsvinum.com\/de\/produkt\/amarone-santurbano-speri-2018\/#primaryimage"},"image":{"@id":"https:\/\/fonsvinum.com\/de\/produkt\/amarone-santurbano-speri-2018\/#primaryimage"},"thumbnailUrl":"https:\/\/fonsvinum.com\/files\/2013\/10\/amarone-valpolicella-sant-urbano-speri.png","datePublished":"2023-03-24T10:15:57+00:00","dateModified":"2026-02-05T06:35:55+00:00","description":"Acquista online su FonsVinum Amarone Classico \"Vigneto Monte Sant'Urbano\" Speri annata 2018, eccellente esempio di finezza e classicit\u00e0.","breadcrumb":{"@id":"https:\/\/fonsvinum.com\/de\/produkt\/amarone-santurbano-speri-2018\/#breadcrumb"},"inLanguage":"de","potentialAction":[{"@type":"ReadAction","target":["https:\/\/fonsvinum.com\/de\/produkt\/amarone-santurbano-speri-2018\/"]}]},{"@type":"ImageObject","inLanguage":"de","@id":"https:\/\/fonsvinum.com\/de\/produkt\/amarone-santurbano-speri-2018\/#primaryimage","url":"https:\/\/fonsvinum.com\/files\/2013\/10\/amarone-valpolicella-sant-urbano-speri.png","contentUrl":"https:\/\/fonsvinum.com\/files\/2013\/10\/amarone-valpolicella-sant-urbano-speri.png","width":200,"height":600},{"@type":"BreadcrumbList","@id":"https:\/\/fonsvinum.com\/de\/produkt\/amarone-santurbano-speri-2018\/#breadcrumb","itemListElement":[{"@type":"ListItem","position":1,"name":"Startseite","item":"https:\/\/fonsvinum.com\/de\/"},{"@type":"ListItem","position":2,"name":"Shop","item":"https:\/\/fonsvinum.com\/de\/shop\/"},{"@type":"ListItem","position":3,"name":"Amarone Sant&#8217;Urbano Speri 2018"}]},{"@type":"WebSite","@id":"https:\/\/fonsvinum.com\/en\/#website","url":"https:\/\/fonsvinum.com\/en\/","name":"Fons Vinum","description":"Vendita Vino Online","publisher":{"@id":"https:\/\/fonsvinum.com\/en\/#organization"},"potentialAction":[{"@type":"SearchAction","target":{"@type":"EntryPoint","urlTemplate":"https:\/\/fonsvinum.com\/en\/?s={search_term_string}"},"query-input":{"@type":"PropertyValueSpecification","valueRequired":true,"valueName":"search_term_string"}}],"inLanguage":"de"},{"@type":"Organization","@id":"https:\/\/fonsvinum.com\/en\/#organization","name":"Fons Vinum","url":"https:\/\/fonsvinum.com\/en\/","logo":{"@type":"ImageObject","inLanguage":"de","@id":"https:\/\/fonsvinum.com\/en\/#\/schema\/logo\/image\/","url":"","contentUrl":"","caption":"Fons Vinum"},"image":{"@id":"https:\/\/fonsvinum.com\/en\/#\/schema\/logo\/image\/"}}]}},"acf":[],"_links":{"self":[{"href":"https:\/\/fonsvinum.com\/de\/wp-json\/wp\/v2\/product\/40153","targetHints":{"allow":["GET"]}}],"collection":[{"href":"https:\/\/fonsvinum.com\/de\/wp-json\/wp\/v2\/product"}],"about":[{"href":"https:\/\/fonsvinum.com\/de\/wp-json\/wp\/v2\/types\/product"}],"replies":[{"embeddable":true,"href":"https:\/\/fonsvinum.com\/de\/wp-json\/wp\/v2\/comments?post=40153"}],"wp:featuredmedia":[{"embeddable":true,"href":"https:\/\/fonsvinum.com\/de\/wp-json\/wp\/v2\/media\/5740"}],"wp:attachment":[{"href":"https:\/\/fonsvinum.com\/de\/wp-json\/wp\/v2\/media?parent=40153"}],"wp:term":[{"taxonomy":"product_brand","embeddable":true,"href":"https:\/\/fonsvinum.com\/de\/wp-json\/wp\/v2\/product_brand?post=40153"},{"taxonomy":"product_cat","embeddable":true,"href":"https:\/\/fonsvinum.com\/de\/wp-json\/wp\/v2\/product_cat?post=40153"},{"taxonomy":"product_tag","embeddable":true,"href":"https:\/\/fonsvinum.com\/de\/wp-json\/wp\/v2\/product_tag?post=40153"}],"curies":[{"name":"wp","href":"https:\/\/api.w.org\/{rel}","templated":true}]}}