{"id":39949,"date":"2023-03-16T10:55:57","date_gmt":"2023-03-16T09:55:57","guid":{"rendered":"https:\/\/fonsvinum.com\/?post_type=product&#038;p=39949"},"modified":"2023-03-16T11:16:17","modified_gmt":"2023-03-16T10:16:17","slug":"cantina-terlano-nova-domus-riserva-2020","status":"publish","type":"product","link":"https:\/\/fonsvinum.com\/de\/produkt\/cantina-terlano-nova-domus-riserva-2020\/","title":{"rendered":"Cantina Terlano Nova Domus Riserva 2020"},"content":{"rendered":"<p><a title=\"Cantina Terlano\" href=\"http:\/\/www.cantina-terlano.com\/it\/winery\/\" target=\"_blank\" rel=\"noopener noreferrer\">Terlano\u00a0<\/a><\/p>\n<h1>Cantina Terlano Nova Domus Riserva 2020<\/h1>\n<p>&#8222;Majest\u00e4tisch ragt die 1206 erstmals urkundlich erw\u00e4hnte Burgruine \u00fcber dem Dorfeingang von Terlan. Ebenso kr\u00e4ftig und komplex pr\u00e4sentiert sich unsere edle Cuv\u00e8e aus Wei\u00dfburgunder, Chardonnay und Sauvignon Blanc. Dieser klassische Terlaner bringt alle Vorz\u00fcge des Anbaugebietes charakterstark zum Vorschein und zeigt sich als kraftvoller, facettenreicher, mineralischer Wein, der sein Potential erst nach vielen Jahren Flaschenreife voll entfalten kann.&#8220;<br \/>\nRudi Kofler<\/p>\n<h3>Jahrgang 2020<\/h3>\n<p>Das Jahr begann mit einem trocknen und milden Winter. Erst im Monat M\u00e4rz fielen erste ergiebige Niederschl\u00e4ge. Anfang April kam es zu einem etwas verfr\u00fchtem aber dennoch sehr gleichm\u00e4\u00dfigem Austrieb der Reben. Es folgte ein warmer Mai mit zumeist strahlendem Sonnenschein. Dies f\u00f6rderte die Entwicklung der jungen Triebe besonders gut und f\u00fchrte in den fr\u00fchsten Lagen zu einem Bl\u00fchbeginn Mitte Mai. Ein K\u00e4lteeinbruch sowie mehrere Regentage Anfang Juni, verlangsamten die Triebentwicklung deutlich, parallel dazu verz\u00f6gerte sich die Bl\u00fcte in den sp\u00e4ten Lagen. Die darauffolgenden Monate Juli und August waren von ausgewogenen Niederschl\u00e4gen und angenehmen Temperaturen gepr\u00e4gt, wobei besonders die Nachttemperaturen stets auf ein k\u00fchles Niveau sanken. Die Ernte begann in den fr\u00fchen Lagen am 26. August mit Sonnenwetter.<\/p>\n<p>Gegen Ende August wurde die Ernte durch ergiebige Niederschl\u00e4ge unterbrochen und die unbest\u00e4ndige Witterung Anfang September stellte so manchen Winzer vor gro\u00dfe Herausforderungen. Partiell war es deshalb notwendig zwei Leseg\u00e4nge durchzuf\u00fchren, um selektiv nur Traubengut in Vollreife zu ernten. Diese akribische Arbeit erm\u00f6glichte es, am Ende die gew\u00fcnschte Reife und Qualit\u00e4t zu erreichen.<\/p>\n<p>Insgesamt erforderte der Jahrgang 2020 viel Nervenst\u00e4rke und war sehr herausfordernd. Durch eine konsequente Mengenreduktion und reichlich Geduld bei der Lese konnte eine gute Weinqualit\u00e4t erzielt werden.<\/p>\n<h3>Weinbeschreibung:<\/h3>\n<ul class=\"scheda-vino-ul-fixed\">\n<li>Farbe: frisches hellgelb mit leicht gr\u00fcnlichen Nuancen<\/li>\n<li>Geruch: Mit einer Vielzahl an Facetten pr\u00e4sentiert sich die Aromastruktur dieser Cuv\u00e9e. Ein Hauch von Kr\u00e4utern und Gew\u00fcrzen, wie Anis, Minze und Salbei, aber auch aromatische Fruchtnuancen, wobei vor allem der Duft von Aprikosen, Mandarinen, Honigmelone, Maracuja und Passionsfrucht, zeichnen den Terlaner aus. Unterstrichen wird der Gesamteindruck von mineralisch-salzigen Komponenten.<\/li>\n<li>Geschmack: Komplex und feingliedrig funkelt der Nova Domus am Gaumen, wobei der cremige und weiche Eindruck zusammen mit einer aromatisch-mineralischen Spannung eine interessante Symbiose eingeht und durch seine Textur sehr lange nachwirkt.<\/li>\n<\/ul>\n<div class=\"scheda-vino-left-boxes\">\n<div class=\"scheda-vino-half-left-boxes align-right\">\n<div id=\"map_canvas\" class=\"wine_soil_map\">\n<div class=\"gm-style\">\n<div>\n<div>\n<div>\n<div>\n<h3>Speisenempfehlung<\/h3>\n<div>Harmoniert sehr gut mit Kaviar aber auch passend zu gegrillter Lachsschnitte oder gebratenem Thunfisch; ebenso zu einer Fiorentina, Saltimbocca alla romana oder einer geschmorten Kalbsstelze; zudem zu einer Parmigiana mit Auberginen und Tr\u00fcffelfonduta.<\/div>\n<\/div>\n<\/div>\n<\/div>\n<\/div>\n<\/div>\n<\/div>\n<\/div>\n<\/div>\n","protected":false},"excerpt":{"rendered":"<p>Terlano\u00a0 Cantina Terlano Nova Domus Riserva 2020 &#8222;Majest\u00e4tisch ragt die 1206 erstmals urkundlich erw\u00e4hnte Burgruine \u00fcber dem Dorfeingang von Terlan. Ebenso kr\u00e4ftig und komplex pr\u00e4sentiert sich unsere edle Cuv\u00e8e aus Wei\u00dfburgunder, Chardonnay und Sauvignon Blanc. Dieser klassische Terlaner bringt alle Vorz\u00fcge des Anbaugebietes charakterstark zum Vorschein und zeigt sich als kraftvoller, facettenreicher, mineralischer Wein, der [&hellip;]<\/p>\n","protected":false},"featured_media":16867,"comment_status":"open","ping_status":"closed","template":"","meta":{"_acf_changed":false,"_monsterinsights_skip_tracking":false,"_monsterinsights_sitenote_active":false,"_monsterinsights_sitenote_note":"","_monsterinsights_sitenote_category":0},"product_brand":[],"product_cat":[2162],"product_tag":[],"class_list":{"0":"post-39949","1":"product","2":"type-product","3":"status-publish","4":"has-post-thumbnail","6":"product_cat-blend","7":"pa_appellation-alto-adige-bianco-doc-de","8":"pa_formato-0-75-l-flasche-de","9":"pa_producer-terlan-de","10":"pa_region-trentino-tiroler-etschland-de","11":"pa_vine-60-pinot-bianco-30-chardonnay-10-sauvignon-blanc-de","12":"pa_vintage-2020-de","14":"first","15":"instock","16":"taxable","17":"shipping-taxable","18":"purchasable","19":"product-type-simple"},"bundled_by":[],"bundle_stock_status":"instock","bundle_stock_quantity":6,"bundle_virtual":false,"bundle_layout":"","bundle_add_to_cart_form_location":"","bundle_editable_in_cart":false,"bundle_sold_individually_context":"","bundle_item_grouping":"","bundle_min_size":"","bundle_max_size":"","bundle_price":[],"bundled_items":[],"bundle_sell_ids":[],"yoast_head":"<!-- This site is optimized with the Yoast SEO plugin v27.3 - https:\/\/yoast.com\/product\/yoast-seo-wordpress\/ -->\n<title>Acquista on line Cantina Terlano Nova Domus Riserva 2020<\/title>\n<meta name=\"description\" content=\"Cantina Terlano Nova Domus Riserva 2020 \u00c8 ideale in combinazione con zuppa di pesce piccante, pepata di cozze o spaghetti allo scoglio.\" \/>\n<meta name=\"robots\" content=\"index, follow, max-snippet:-1, max-image-preview:large, max-video-preview:-1\" \/>\n<link rel=\"canonical\" href=\"https:\/\/fonsvinum.com\/de\/produkt\/cantina-terlano-nova-domus-riserva-2020\/\" \/>\n<meta property=\"og:locale\" content=\"de_DE\" \/>\n<meta property=\"og:type\" content=\"article\" \/>\n<meta property=\"og:title\" content=\"Acquista on line Cantina Terlano Nova Domus Riserva 2020\" \/>\n<meta property=\"og:description\" content=\"Cantina Terlano Nova Domus Riserva 2020 \u00c8 ideale in combinazione con zuppa di pesce piccante, pepata di cozze o spaghetti allo scoglio.\" \/>\n<meta property=\"og:url\" content=\"https:\/\/fonsvinum.com\/de\/produkt\/cantina-terlano-nova-domus-riserva-2020\/\" \/>\n<meta property=\"og:site_name\" content=\"Fons Vinum\" \/>\n<meta property=\"article:modified_time\" content=\"2023-03-16T10:16:17+00:00\" \/>\n<meta property=\"og:image\" content=\"https:\/\/fonsvinum.com\/files\/2019\/01\/Nova-Domus-Terlan-Ris-20.jpg\" \/>\n\t<meta property=\"og:image:width\" content=\"360\" \/>\n\t<meta property=\"og:image:height\" content=\"511\" \/>\n\t<meta property=\"og:image:type\" content=\"image\/jpeg\" \/>\n<meta name=\"twitter:label1\" content=\"Gesch\u00e4tzte Lesezeit\" \/>\n\t<meta name=\"twitter:data1\" content=\"3\u00a0Minuten\" \/>\n<script type=\"application\/ld+json\" class=\"yoast-schema-graph\">{\"@context\":\"https:\\\/\\\/schema.org\",\"@graph\":[{\"@type\":\"WebPage\",\"@id\":\"https:\\\/\\\/fonsvinum.com\\\/de\\\/produkt\\\/cantina-terlano-nova-domus-riserva-2020\\\/\",\"url\":\"https:\\\/\\\/fonsvinum.com\\\/de\\\/produkt\\\/cantina-terlano-nova-domus-riserva-2020\\\/\",\"name\":\"Acquista on line Cantina Terlano Nova Domus Riserva 2020\",\"isPartOf\":{\"@id\":\"https:\\\/\\\/fonsvinum.com\\\/en\\\/#website\"},\"primaryImageOfPage\":{\"@id\":\"https:\\\/\\\/fonsvinum.com\\\/de\\\/produkt\\\/cantina-terlano-nova-domus-riserva-2020\\\/#primaryimage\"},\"image\":{\"@id\":\"https:\\\/\\\/fonsvinum.com\\\/de\\\/produkt\\\/cantina-terlano-nova-domus-riserva-2020\\\/#primaryimage\"},\"thumbnailUrl\":\"https:\\\/\\\/fonsvinum.com\\\/files\\\/2019\\\/01\\\/Nova-Domus-Terlan-Ris-20.jpg\",\"datePublished\":\"2023-03-16T09:55:57+00:00\",\"dateModified\":\"2023-03-16T10:16:17+00:00\",\"description\":\"Cantina Terlano Nova Domus Riserva 2020 \u00c8 ideale in combinazione con zuppa di pesce piccante, pepata di cozze o spaghetti allo scoglio.\",\"breadcrumb\":{\"@id\":\"https:\\\/\\\/fonsvinum.com\\\/de\\\/produkt\\\/cantina-terlano-nova-domus-riserva-2020\\\/#breadcrumb\"},\"inLanguage\":\"de\",\"potentialAction\":[{\"@type\":\"ReadAction\",\"target\":[\"https:\\\/\\\/fonsvinum.com\\\/de\\\/produkt\\\/cantina-terlano-nova-domus-riserva-2020\\\/\"]}]},{\"@type\":\"ImageObject\",\"inLanguage\":\"de\",\"@id\":\"https:\\\/\\\/fonsvinum.com\\\/de\\\/produkt\\\/cantina-terlano-nova-domus-riserva-2020\\\/#primaryimage\",\"url\":\"https:\\\/\\\/fonsvinum.com\\\/files\\\/2019\\\/01\\\/Nova-Domus-Terlan-Ris-20.jpg\",\"contentUrl\":\"https:\\\/\\\/fonsvinum.com\\\/files\\\/2019\\\/01\\\/Nova-Domus-Terlan-Ris-20.jpg\",\"width\":360,\"height\":511},{\"@type\":\"BreadcrumbList\",\"@id\":\"https:\\\/\\\/fonsvinum.com\\\/de\\\/produkt\\\/cantina-terlano-nova-domus-riserva-2020\\\/#breadcrumb\",\"itemListElement\":[{\"@type\":\"ListItem\",\"position\":1,\"name\":\"Startseite\",\"item\":\"https:\\\/\\\/fonsvinum.com\\\/de\\\/\"},{\"@type\":\"ListItem\",\"position\":2,\"name\":\"Shop\",\"item\":\"https:\\\/\\\/fonsvinum.com\\\/de\\\/shop\\\/\"},{\"@type\":\"ListItem\",\"position\":3,\"name\":\"Cantina Terlano Nova Domus Riserva 2020\"}]},{\"@type\":\"WebSite\",\"@id\":\"https:\\\/\\\/fonsvinum.com\\\/en\\\/#website\",\"url\":\"https:\\\/\\\/fonsvinum.com\\\/en\\\/\",\"name\":\"Fons Vinum\",\"description\":\"Vendita Vino Online\",\"publisher\":{\"@id\":\"https:\\\/\\\/fonsvinum.com\\\/en\\\/#organization\"},\"potentialAction\":[{\"@type\":\"SearchAction\",\"target\":{\"@type\":\"EntryPoint\",\"urlTemplate\":\"https:\\\/\\\/fonsvinum.com\\\/en\\\/?s={search_term_string}\"},\"query-input\":{\"@type\":\"PropertyValueSpecification\",\"valueRequired\":true,\"valueName\":\"search_term_string\"}}],\"inLanguage\":\"de\"},{\"@type\":\"Organization\",\"@id\":\"https:\\\/\\\/fonsvinum.com\\\/en\\\/#organization\",\"name\":\"Fons Vinum\",\"url\":\"https:\\\/\\\/fonsvinum.com\\\/en\\\/\",\"logo\":{\"@type\":\"ImageObject\",\"inLanguage\":\"de\",\"@id\":\"https:\\\/\\\/fonsvinum.com\\\/en\\\/#\\\/schema\\\/logo\\\/image\\\/\",\"url\":\"\",\"contentUrl\":\"\",\"caption\":\"Fons Vinum\"},\"image\":{\"@id\":\"https:\\\/\\\/fonsvinum.com\\\/en\\\/#\\\/schema\\\/logo\\\/image\\\/\"}}]}<\/script>\n<!-- \/ Yoast SEO plugin. -->","yoast_head_json":{"title":"Acquista on line Cantina Terlano Nova Domus Riserva 2020","description":"Cantina Terlano Nova Domus Riserva 2020 \u00c8 ideale in combinazione con zuppa di pesce piccante, pepata di cozze o spaghetti allo scoglio.","robots":{"index":"index","follow":"follow","max-snippet":"max-snippet:-1","max-image-preview":"max-image-preview:large","max-video-preview":"max-video-preview:-1"},"canonical":"https:\/\/fonsvinum.com\/de\/produkt\/cantina-terlano-nova-domus-riserva-2020\/","og_locale":"de_DE","og_type":"article","og_title":"Acquista on line Cantina Terlano Nova Domus Riserva 2020","og_description":"Cantina Terlano Nova Domus Riserva 2020 \u00c8 ideale in combinazione con zuppa di pesce piccante, pepata di cozze o spaghetti allo scoglio.","og_url":"https:\/\/fonsvinum.com\/de\/produkt\/cantina-terlano-nova-domus-riserva-2020\/","og_site_name":"Fons Vinum","article_modified_time":"2023-03-16T10:16:17+00:00","og_image":[{"width":360,"height":511,"url":"https:\/\/fonsvinum.com\/files\/2019\/01\/Nova-Domus-Terlan-Ris-20.jpg","type":"image\/jpeg"}],"twitter_misc":{"Gesch\u00e4tzte Lesezeit":"3\u00a0Minuten"},"schema":{"@context":"https:\/\/schema.org","@graph":[{"@type":"WebPage","@id":"https:\/\/fonsvinum.com\/de\/produkt\/cantina-terlano-nova-domus-riserva-2020\/","url":"https:\/\/fonsvinum.com\/de\/produkt\/cantina-terlano-nova-domus-riserva-2020\/","name":"Acquista on line Cantina Terlano Nova Domus Riserva 2020","isPartOf":{"@id":"https:\/\/fonsvinum.com\/en\/#website"},"primaryImageOfPage":{"@id":"https:\/\/fonsvinum.com\/de\/produkt\/cantina-terlano-nova-domus-riserva-2020\/#primaryimage"},"image":{"@id":"https:\/\/fonsvinum.com\/de\/produkt\/cantina-terlano-nova-domus-riserva-2020\/#primaryimage"},"thumbnailUrl":"https:\/\/fonsvinum.com\/files\/2019\/01\/Nova-Domus-Terlan-Ris-20.jpg","datePublished":"2023-03-16T09:55:57+00:00","dateModified":"2023-03-16T10:16:17+00:00","description":"Cantina Terlano Nova Domus Riserva 2020 \u00c8 ideale in combinazione con zuppa di pesce piccante, pepata di cozze o spaghetti allo scoglio.","breadcrumb":{"@id":"https:\/\/fonsvinum.com\/de\/produkt\/cantina-terlano-nova-domus-riserva-2020\/#breadcrumb"},"inLanguage":"de","potentialAction":[{"@type":"ReadAction","target":["https:\/\/fonsvinum.com\/de\/produkt\/cantina-terlano-nova-domus-riserva-2020\/"]}]},{"@type":"ImageObject","inLanguage":"de","@id":"https:\/\/fonsvinum.com\/de\/produkt\/cantina-terlano-nova-domus-riserva-2020\/#primaryimage","url":"https:\/\/fonsvinum.com\/files\/2019\/01\/Nova-Domus-Terlan-Ris-20.jpg","contentUrl":"https:\/\/fonsvinum.com\/files\/2019\/01\/Nova-Domus-Terlan-Ris-20.jpg","width":360,"height":511},{"@type":"BreadcrumbList","@id":"https:\/\/fonsvinum.com\/de\/produkt\/cantina-terlano-nova-domus-riserva-2020\/#breadcrumb","itemListElement":[{"@type":"ListItem","position":1,"name":"Startseite","item":"https:\/\/fonsvinum.com\/de\/"},{"@type":"ListItem","position":2,"name":"Shop","item":"https:\/\/fonsvinum.com\/de\/shop\/"},{"@type":"ListItem","position":3,"name":"Cantina Terlano Nova Domus Riserva 2020"}]},{"@type":"WebSite","@id":"https:\/\/fonsvinum.com\/en\/#website","url":"https:\/\/fonsvinum.com\/en\/","name":"Fons Vinum","description":"Vendita Vino Online","publisher":{"@id":"https:\/\/fonsvinum.com\/en\/#organization"},"potentialAction":[{"@type":"SearchAction","target":{"@type":"EntryPoint","urlTemplate":"https:\/\/fonsvinum.com\/en\/?s={search_term_string}"},"query-input":{"@type":"PropertyValueSpecification","valueRequired":true,"valueName":"search_term_string"}}],"inLanguage":"de"},{"@type":"Organization","@id":"https:\/\/fonsvinum.com\/en\/#organization","name":"Fons Vinum","url":"https:\/\/fonsvinum.com\/en\/","logo":{"@type":"ImageObject","inLanguage":"de","@id":"https:\/\/fonsvinum.com\/en\/#\/schema\/logo\/image\/","url":"","contentUrl":"","caption":"Fons Vinum"},"image":{"@id":"https:\/\/fonsvinum.com\/en\/#\/schema\/logo\/image\/"}}]}},"acf":[],"_links":{"self":[{"href":"https:\/\/fonsvinum.com\/de\/wp-json\/wp\/v2\/product\/39949","targetHints":{"allow":["GET"]}}],"collection":[{"href":"https:\/\/fonsvinum.com\/de\/wp-json\/wp\/v2\/product"}],"about":[{"href":"https:\/\/fonsvinum.com\/de\/wp-json\/wp\/v2\/types\/product"}],"replies":[{"embeddable":true,"href":"https:\/\/fonsvinum.com\/de\/wp-json\/wp\/v2\/comments?post=39949"}],"wp:featuredmedia":[{"embeddable":true,"href":"https:\/\/fonsvinum.com\/de\/wp-json\/wp\/v2\/media\/16867"}],"wp:attachment":[{"href":"https:\/\/fonsvinum.com\/de\/wp-json\/wp\/v2\/media?parent=39949"}],"wp:term":[{"taxonomy":"product_brand","embeddable":true,"href":"https:\/\/fonsvinum.com\/de\/wp-json\/wp\/v2\/product_brand?post=39949"},{"taxonomy":"product_cat","embeddable":true,"href":"https:\/\/fonsvinum.com\/de\/wp-json\/wp\/v2\/product_cat?post=39949"},{"taxonomy":"product_tag","embeddable":true,"href":"https:\/\/fonsvinum.com\/de\/wp-json\/wp\/v2\/product_tag?post=39949"}],"curies":[{"name":"wp","href":"https:\/\/api.w.org\/{rel}","templated":true}]}}