{"id":39919,"date":"2023-03-13T11:28:10","date_gmt":"2023-03-13T10:28:10","guid":{"rendered":"https:\/\/fonsvinum.com\/?post_type=product&#038;p=39919"},"modified":"2023-03-13T12:24:57","modified_gmt":"2023-03-13T11:24:57","slug":"valpolicella-appassimento-santurbano-speri-2013","status":"publish","type":"product","link":"https:\/\/fonsvinum.com\/de\/produkt\/valpolicella-appassimento-santurbano-speri-2013\/","title":{"rendered":"VALPOLICELLA Appassimento Sant&#8217;Urbano SPERI 2013"},"content":{"rendered":"<h1>Appassimento Valpolicella DOC Classico Vigneto Monte Sant\u2019Urbano 2013<\/h1>\n<h2>Familie Speri<\/h2>\n<div class=\"wpb_column vc_column_container vc_col-sm-6\">\n<div class=\"vc_column-inner vc_custom_1537949657023\">\n<div class=\"wpb_wrapper\">\n<div class=\"wpb_text_column wpb_content_element \">\n<div class=\"wpb_wrapper\">\n<p><strong>Die Traube ist nicht nur der Grundstein f\u00fcr einen guten Wein, sie ist seine Essenz, seine Seele, sein Charakter.<\/strong>\u00a0Sie passt sich den Rhythmen der Natur an, stellt sich auf den Boden ein und l\u00e4sst sich von den H\u00e4nden des Landwirts unterweisen.<br \/>\n<strong>Den Boden zu bebauen, ist ein altes Gewerbe, das an Traditionen und ferne Zeiten erinnert. Vor sieben Generationen hat die Familie Speri mit dem Weinbau in der Valpolicella begonnen.<\/strong>\u00a0Die Zeiten \u00e4ndern sich, aber die alten Werte bleiben, ebenso wie der Stolz, Teil eines einzigartigen Gebiets zu sein, wie es die Valpolicella Classica ist, verbunden mit der moralischen Verpflichtung, anhand dieser Weine davon zu erz\u00e4hlen.<\/p>\n<p>Als eine historische Familie der Valpolicella ist der Betrieb Speri ein authentischer, naturgetreuer Weinhersteller der Valpolicella Classica, der aufgrund seiner Kontinuit\u00e4t und seiner festen Verwurzelung im Gebiet einen Bezugspunkt f\u00fcr die italienische \u00d6nologie darstellt.<\/p>\n<\/div>\n<\/div>\n<\/div>\n<\/div>\n<\/div>\n<div class=\"wpb_column vc_column_container vc_col-sm-6\">\n<div class=\"vc_column-inner vc_custom_1537949667673\">\n<div class=\"wpb_wrapper\">\n<div class=\"wpb_text_column wpb_content_element \">\n<div class=\"wpb_wrapper\">\n<p>Die Geschichte des Betriebs beginnt in der ersten H\u00e4lfte des 19. Jahrhunderts und inzwischen ist die Familie Speri bei der siebten Generation angelangt,\u00a0<strong>mit sich \u00fcber rund 60 Hektar erstreckenden Weinbergen in den besten Gebieten der Valpolicella Classica.<\/strong><\/p>\n<p><strong>Die St\u00e4rke des Betriebs<\/strong>\u00a0war schon immer ein Teamgeist und war in der Entwicklung der Produktionsstabilit\u00e4t in allen Phasen.<br \/>\nVon der Rebe bis zur Flasche, drei Generationen im Einsatz: Carlo, Alberto, Giampaolo, Giampietro, Laura, Chiara, Luca, und Giuseppe.<br \/>\n<strong>Nach Jahren nachhaltiger Landwirtschaft hat der Betrieb 2015 f\u00fcr seine gesamte Produktion das Biosiegel erlangt.<\/strong><\/p>\n<h2>VALPOLICELLA CLASSICO SUPERIORE SANT\u2019URBANO<\/h2>\n<p>Dies ist einer der bedeutendsten Valpolicella Superiore des Gebiets, gewonnen aus den Trauben des Weinbergs Monte Sant\u2019Urbano. Nach einer sorgf\u00e4ltigen Auslese werden die Trauben ca. 20-25 Tage lang getrocknet, wodurch sie an Konzentration, Aromaf\u00fclle und Weichheit gewinnen, die nach einer ca. zweij\u00e4hrigen Alterung ein perfektes Gleichgewicht erlangen. Dieser Wein besticht durch seine bemerkenswerte Eleganz und Komplexit\u00e4t.<\/p>\n<p><strong>DIE WEINLESE<\/strong><\/p>\n<p>Manuelle Traubenauswahl vom 20. September bis 11. Oktober. Austrocknung f\u00fcr 24 Tage in Obsthallen unter optimalen Temperatur-, Feuchtigkeits- und L\u00fcftungsbedingungen.<\/p>\n<p><strong>VINIFICATION<\/strong><\/p>\n<p>Zerkleinerung am 28. Oktober mit einem Brecher-Abbeermaschine. Mazeration in Tanks aus rostfreiem Stahl bei einer kontrollierten Temperatur von 20\u00b0-24\u00b0 C f\u00fcr einen Zeitraum von 10 Tage mit abwechselnd t\u00e4glichem Abpumpen und D\u00e9lestage. \u00dcbertragung in verglaste Zementbottiche f\u00fcr die Fertigstellung des alkoholischen<br \/>\nalkoholische und malolaktische G\u00e4rung. Reifung in 500 l Allier-Eichentonneaux f\u00fcr 24 Monate und Flaschenreifung.<\/p>\n<p><strong>VERKOSTUNGSNOTIZIEN<\/strong><\/p>\n<p>Intensive rubinrote Farbe mit einem breiten und umh\u00fcllenden Aromen bouquet von Fr\u00fcchten und Kr\u00e4utern. Ein Hauch von Gew\u00fcrzen, solide und durchsetzungsf\u00e4hig am Gaumen, weich und elegant.<\/p>\n<\/div>\n<\/div>\n<\/div>\n<\/div>\n<\/div>\n","protected":false},"excerpt":{"rendered":"<p>Appassimento Valpolicella DOC Classico Vigneto Monte Sant\u2019Urbano 2013 Familie Speri Die Traube ist nicht nur der Grundstein f\u00fcr einen guten Wein, sie ist seine Essenz, seine Seele, sein Charakter.\u00a0Sie passt sich den Rhythmen der Natur an, stellt sich auf den Boden ein und l\u00e4sst sich von den H\u00e4nden des Landwirts unterweisen. Den Boden zu bebauen, [&hellip;]<\/p>\n","protected":false},"featured_media":39927,"comment_status":"open","ping_status":"closed","template":"","meta":{"_acf_changed":false,"_monsterinsights_skip_tracking":false,"_monsterinsights_sitenote_active":false,"_monsterinsights_sitenote_note":"","_monsterinsights_sitenote_category":0},"product_brand":[],"product_cat":[2332,2380],"product_tag":[15959,17738],"class_list":{"0":"post-39919","1":"product","2":"type-product","3":"status-publish","4":"has-post-thumbnail","6":"product_cat-rotweine-de","7":"product_cat-valpolicella-de","8":"product_tag-vino-rosso-de","9":"product_tag-veneto-de","10":"pa_appellation-valpolicella-classico-doc-de","11":"pa_formato-0-75-l-flasche-de","12":"pa_producer-speri-de","13":"pa_region-venetien-de","14":"pa_vintage-2013-de","16":"first","17":"instock","18":"featured","19":"taxable","20":"shipping-taxable","21":"purchasable","22":"product-type-simple"},"bundled_by":[],"bundle_stock_status":"instock","bundle_stock_quantity":3,"bundle_virtual":false,"bundle_layout":"","bundle_add_to_cart_form_location":"","bundle_editable_in_cart":false,"bundle_sold_individually_context":"","bundle_item_grouping":"","bundle_min_size":"","bundle_max_size":"","bundle_price":[],"bundled_items":[],"bundle_sell_ids":[],"yoast_head":"<!-- This site is optimized with the Yoast SEO plugin v27.3 - https:\/\/yoast.com\/product\/yoast-seo-wordpress\/ -->\n<title>VALPOLICELLA Appassimento Sant&#039;Urbano SPERI 2013| F.Vinum<\/title>\n<meta name=\"description\" content=\"Kaufen online on FonsVinum VALPOLICELLA Appassimento Sant&#039;Urbano SPERI 2013, hervorragendes Beispiel f\u00fcr Finesse und Klassizismus.\" \/>\n<meta name=\"robots\" content=\"index, follow, max-snippet:-1, max-image-preview:large, max-video-preview:-1\" \/>\n<link rel=\"canonical\" href=\"https:\/\/fonsvinum.com\/de\/produkt\/valpolicella-appassimento-santurbano-speri-2013\/\" \/>\n<meta property=\"og:locale\" content=\"de_DE\" \/>\n<meta property=\"og:type\" content=\"article\" \/>\n<meta property=\"og:title\" content=\"VALPOLICELLA Appassimento Sant&#039;Urbano SPERI 2013| F.Vinum\" \/>\n<meta property=\"og:description\" content=\"Kaufen online on FonsVinum VALPOLICELLA Appassimento Sant&#039;Urbano SPERI 2013, hervorragendes Beispiel f\u00fcr Finesse und Klassizismus.\" \/>\n<meta property=\"og:url\" content=\"https:\/\/fonsvinum.com\/de\/produkt\/valpolicella-appassimento-santurbano-speri-2013\/\" \/>\n<meta property=\"og:site_name\" content=\"Fons Vinum\" \/>\n<meta property=\"article:modified_time\" content=\"2023-03-13T11:24:57+00:00\" \/>\n<meta property=\"og:image\" content=\"https:\/\/fonsvinum.com\/files\/2023\/03\/speri-valpolicella-superiore-sant-urbano-2013.png\" \/>\n\t<meta property=\"og:image:width\" content=\"200\" \/>\n\t<meta property=\"og:image:height\" content=\"600\" \/>\n\t<meta property=\"og:image:type\" content=\"image\/png\" \/>\n<meta name=\"twitter:label1\" content=\"Gesch\u00e4tzte Lesezeit\" \/>\n\t<meta name=\"twitter:data1\" content=\"3\u00a0Minuten\" \/>\n<script type=\"application\/ld+json\" class=\"yoast-schema-graph\">{\"@context\":\"https:\\\/\\\/schema.org\",\"@graph\":[{\"@type\":\"WebPage\",\"@id\":\"https:\\\/\\\/fonsvinum.com\\\/de\\\/produkt\\\/valpolicella-appassimento-santurbano-speri-2013\\\/\",\"url\":\"https:\\\/\\\/fonsvinum.com\\\/de\\\/produkt\\\/valpolicella-appassimento-santurbano-speri-2013\\\/\",\"name\":\"VALPOLICELLA Appassimento Sant'Urbano SPERI 2013| F.Vinum\",\"isPartOf\":{\"@id\":\"https:\\\/\\\/fonsvinum.com\\\/en\\\/#website\"},\"primaryImageOfPage\":{\"@id\":\"https:\\\/\\\/fonsvinum.com\\\/de\\\/produkt\\\/valpolicella-appassimento-santurbano-speri-2013\\\/#primaryimage\"},\"image\":{\"@id\":\"https:\\\/\\\/fonsvinum.com\\\/de\\\/produkt\\\/valpolicella-appassimento-santurbano-speri-2013\\\/#primaryimage\"},\"thumbnailUrl\":\"https:\\\/\\\/fonsvinum.com\\\/files\\\/2023\\\/03\\\/speri-valpolicella-superiore-sant-urbano-2013.png\",\"datePublished\":\"2023-03-13T10:28:10+00:00\",\"dateModified\":\"2023-03-13T11:24:57+00:00\",\"description\":\"Kaufen online on FonsVinum VALPOLICELLA Appassimento Sant'Urbano SPERI 2013, hervorragendes Beispiel f\u00fcr Finesse und Klassizismus.\",\"breadcrumb\":{\"@id\":\"https:\\\/\\\/fonsvinum.com\\\/de\\\/produkt\\\/valpolicella-appassimento-santurbano-speri-2013\\\/#breadcrumb\"},\"inLanguage\":\"de\",\"potentialAction\":[{\"@type\":\"ReadAction\",\"target\":[\"https:\\\/\\\/fonsvinum.com\\\/de\\\/produkt\\\/valpolicella-appassimento-santurbano-speri-2013\\\/\"]}]},{\"@type\":\"ImageObject\",\"inLanguage\":\"de\",\"@id\":\"https:\\\/\\\/fonsvinum.com\\\/de\\\/produkt\\\/valpolicella-appassimento-santurbano-speri-2013\\\/#primaryimage\",\"url\":\"https:\\\/\\\/fonsvinum.com\\\/files\\\/2023\\\/03\\\/speri-valpolicella-superiore-sant-urbano-2013.png\",\"contentUrl\":\"https:\\\/\\\/fonsvinum.com\\\/files\\\/2023\\\/03\\\/speri-valpolicella-superiore-sant-urbano-2013.png\",\"width\":200,\"height\":600},{\"@type\":\"BreadcrumbList\",\"@id\":\"https:\\\/\\\/fonsvinum.com\\\/de\\\/produkt\\\/valpolicella-appassimento-santurbano-speri-2013\\\/#breadcrumb\",\"itemListElement\":[{\"@type\":\"ListItem\",\"position\":1,\"name\":\"Startseite\",\"item\":\"https:\\\/\\\/fonsvinum.com\\\/de\\\/\"},{\"@type\":\"ListItem\",\"position\":2,\"name\":\"Shop\",\"item\":\"https:\\\/\\\/fonsvinum.com\\\/de\\\/shop\\\/\"},{\"@type\":\"ListItem\",\"position\":3,\"name\":\"VALPOLICELLA Appassimento Sant&#8217;Urbano SPERI 2013\"}]},{\"@type\":\"WebSite\",\"@id\":\"https:\\\/\\\/fonsvinum.com\\\/en\\\/#website\",\"url\":\"https:\\\/\\\/fonsvinum.com\\\/en\\\/\",\"name\":\"Fons Vinum\",\"description\":\"Vendita Vino Online\",\"publisher\":{\"@id\":\"https:\\\/\\\/fonsvinum.com\\\/en\\\/#organization\"},\"potentialAction\":[{\"@type\":\"SearchAction\",\"target\":{\"@type\":\"EntryPoint\",\"urlTemplate\":\"https:\\\/\\\/fonsvinum.com\\\/en\\\/?s={search_term_string}\"},\"query-input\":{\"@type\":\"PropertyValueSpecification\",\"valueRequired\":true,\"valueName\":\"search_term_string\"}}],\"inLanguage\":\"de\"},{\"@type\":\"Organization\",\"@id\":\"https:\\\/\\\/fonsvinum.com\\\/en\\\/#organization\",\"name\":\"Fons Vinum\",\"url\":\"https:\\\/\\\/fonsvinum.com\\\/en\\\/\",\"logo\":{\"@type\":\"ImageObject\",\"inLanguage\":\"de\",\"@id\":\"https:\\\/\\\/fonsvinum.com\\\/en\\\/#\\\/schema\\\/logo\\\/image\\\/\",\"url\":\"\",\"contentUrl\":\"\",\"caption\":\"Fons Vinum\"},\"image\":{\"@id\":\"https:\\\/\\\/fonsvinum.com\\\/en\\\/#\\\/schema\\\/logo\\\/image\\\/\"}}]}<\/script>\n<!-- \/ Yoast SEO plugin. -->","yoast_head_json":{"title":"VALPOLICELLA Appassimento Sant'Urbano SPERI 2013| F.Vinum","description":"Kaufen online on FonsVinum VALPOLICELLA Appassimento Sant'Urbano SPERI 2013, hervorragendes Beispiel f\u00fcr Finesse und Klassizismus.","robots":{"index":"index","follow":"follow","max-snippet":"max-snippet:-1","max-image-preview":"max-image-preview:large","max-video-preview":"max-video-preview:-1"},"canonical":"https:\/\/fonsvinum.com\/de\/produkt\/valpolicella-appassimento-santurbano-speri-2013\/","og_locale":"de_DE","og_type":"article","og_title":"VALPOLICELLA Appassimento Sant'Urbano SPERI 2013| F.Vinum","og_description":"Kaufen online on FonsVinum VALPOLICELLA Appassimento Sant'Urbano SPERI 2013, hervorragendes Beispiel f\u00fcr Finesse und Klassizismus.","og_url":"https:\/\/fonsvinum.com\/de\/produkt\/valpolicella-appassimento-santurbano-speri-2013\/","og_site_name":"Fons Vinum","article_modified_time":"2023-03-13T11:24:57+00:00","og_image":[{"width":200,"height":600,"url":"https:\/\/fonsvinum.com\/files\/2023\/03\/speri-valpolicella-superiore-sant-urbano-2013.png","type":"image\/png"}],"twitter_misc":{"Gesch\u00e4tzte Lesezeit":"3\u00a0Minuten"},"schema":{"@context":"https:\/\/schema.org","@graph":[{"@type":"WebPage","@id":"https:\/\/fonsvinum.com\/de\/produkt\/valpolicella-appassimento-santurbano-speri-2013\/","url":"https:\/\/fonsvinum.com\/de\/produkt\/valpolicella-appassimento-santurbano-speri-2013\/","name":"VALPOLICELLA Appassimento Sant'Urbano SPERI 2013| F.Vinum","isPartOf":{"@id":"https:\/\/fonsvinum.com\/en\/#website"},"primaryImageOfPage":{"@id":"https:\/\/fonsvinum.com\/de\/produkt\/valpolicella-appassimento-santurbano-speri-2013\/#primaryimage"},"image":{"@id":"https:\/\/fonsvinum.com\/de\/produkt\/valpolicella-appassimento-santurbano-speri-2013\/#primaryimage"},"thumbnailUrl":"https:\/\/fonsvinum.com\/files\/2023\/03\/speri-valpolicella-superiore-sant-urbano-2013.png","datePublished":"2023-03-13T10:28:10+00:00","dateModified":"2023-03-13T11:24:57+00:00","description":"Kaufen online on FonsVinum VALPOLICELLA Appassimento Sant'Urbano SPERI 2013, hervorragendes Beispiel f\u00fcr Finesse und Klassizismus.","breadcrumb":{"@id":"https:\/\/fonsvinum.com\/de\/produkt\/valpolicella-appassimento-santurbano-speri-2013\/#breadcrumb"},"inLanguage":"de","potentialAction":[{"@type":"ReadAction","target":["https:\/\/fonsvinum.com\/de\/produkt\/valpolicella-appassimento-santurbano-speri-2013\/"]}]},{"@type":"ImageObject","inLanguage":"de","@id":"https:\/\/fonsvinum.com\/de\/produkt\/valpolicella-appassimento-santurbano-speri-2013\/#primaryimage","url":"https:\/\/fonsvinum.com\/files\/2023\/03\/speri-valpolicella-superiore-sant-urbano-2013.png","contentUrl":"https:\/\/fonsvinum.com\/files\/2023\/03\/speri-valpolicella-superiore-sant-urbano-2013.png","width":200,"height":600},{"@type":"BreadcrumbList","@id":"https:\/\/fonsvinum.com\/de\/produkt\/valpolicella-appassimento-santurbano-speri-2013\/#breadcrumb","itemListElement":[{"@type":"ListItem","position":1,"name":"Startseite","item":"https:\/\/fonsvinum.com\/de\/"},{"@type":"ListItem","position":2,"name":"Shop","item":"https:\/\/fonsvinum.com\/de\/shop\/"},{"@type":"ListItem","position":3,"name":"VALPOLICELLA Appassimento Sant&#8217;Urbano SPERI 2013"}]},{"@type":"WebSite","@id":"https:\/\/fonsvinum.com\/en\/#website","url":"https:\/\/fonsvinum.com\/en\/","name":"Fons Vinum","description":"Vendita Vino Online","publisher":{"@id":"https:\/\/fonsvinum.com\/en\/#organization"},"potentialAction":[{"@type":"SearchAction","target":{"@type":"EntryPoint","urlTemplate":"https:\/\/fonsvinum.com\/en\/?s={search_term_string}"},"query-input":{"@type":"PropertyValueSpecification","valueRequired":true,"valueName":"search_term_string"}}],"inLanguage":"de"},{"@type":"Organization","@id":"https:\/\/fonsvinum.com\/en\/#organization","name":"Fons Vinum","url":"https:\/\/fonsvinum.com\/en\/","logo":{"@type":"ImageObject","inLanguage":"de","@id":"https:\/\/fonsvinum.com\/en\/#\/schema\/logo\/image\/","url":"","contentUrl":"","caption":"Fons Vinum"},"image":{"@id":"https:\/\/fonsvinum.com\/en\/#\/schema\/logo\/image\/"}}]}},"acf":[],"_links":{"self":[{"href":"https:\/\/fonsvinum.com\/de\/wp-json\/wp\/v2\/product\/39919","targetHints":{"allow":["GET"]}}],"collection":[{"href":"https:\/\/fonsvinum.com\/de\/wp-json\/wp\/v2\/product"}],"about":[{"href":"https:\/\/fonsvinum.com\/de\/wp-json\/wp\/v2\/types\/product"}],"replies":[{"embeddable":true,"href":"https:\/\/fonsvinum.com\/de\/wp-json\/wp\/v2\/comments?post=39919"}],"wp:featuredmedia":[{"embeddable":true,"href":"https:\/\/fonsvinum.com\/de\/wp-json\/wp\/v2\/media\/39927"}],"wp:attachment":[{"href":"https:\/\/fonsvinum.com\/de\/wp-json\/wp\/v2\/media?parent=39919"}],"wp:term":[{"taxonomy":"product_brand","embeddable":true,"href":"https:\/\/fonsvinum.com\/de\/wp-json\/wp\/v2\/product_brand?post=39919"},{"taxonomy":"product_cat","embeddable":true,"href":"https:\/\/fonsvinum.com\/de\/wp-json\/wp\/v2\/product_cat?post=39919"},{"taxonomy":"product_tag","embeddable":true,"href":"https:\/\/fonsvinum.com\/de\/wp-json\/wp\/v2\/product_tag?post=39919"}],"curies":[{"name":"wp","href":"https:\/\/api.w.org\/{rel}","templated":true}]}}