{"id":39901,"date":"2023-03-08T16:51:38","date_gmt":"2023-03-08T15:51:38","guid":{"rendered":"https:\/\/fonsvinum.com\/?post_type=product&#038;p=39901"},"modified":"2023-03-08T16:56:17","modified_gmt":"2023-03-08T15:56:17","slug":"san-michele-appiano-sanct-valentin-pinot-grigio-2020","status":"publish","type":"product","link":"https:\/\/fonsvinum.com\/de\/produkt\/san-michele-appiano-sanct-valentin-pinot-grigio-2020\/","title":{"rendered":"San Michele Appiano Sanct Valentin Pinot Grigio 2020"},"content":{"rendered":"<h1>San Michele Appiano Sanct Valentin Pinot Grigio 2020<\/h1>\n<h2><a href=\"http:\/\/www.stmichael.it\/#top\">San Michele Appiano<\/a><\/h2>\n<div class=\"half float_l\">\n<p>Erhaben und w\u00fcrdevoll thront die Kellerei St. Michael-Eppan seit \u00fcber 100 Jahren inmitten der \u00a0wichtigsten Weinbaugemeinde S\u00fcdtirols. Seit \u00fcber 2000 Jahren werden hier Weine angebaut. Das Gebiet rund um Eppan ist bekannt f\u00fcr seine idealen Voraussetzungen f\u00fcr den Weinbau. Ein gro\u00dfer Teil dieser Trauben werden in der Kellerei St. Michael-Eppan veredelt.<\/p>\n<\/div>\n<p class=\"half float_r\">Die 330 Winzerfamilien bilden das R\u00fcckgrat der Kellerei, die 1907 gegr\u00fcndet wurde. Ihre gro\u00dfe Passion gilt dem Weinbau, mit dem sie seit Generationen verbunden sind.<\/p>\n<p>Jeder Einzelne tr\u00e4gt mit Wissen, Tradition und Leidenschaft dazu bei, dass \u00a0die Kellerei \u00fcber ein exzellentes Traubenmaterial verf\u00fcgt, das in den Kellern mit viel Fingerspitzengef\u00fchl veredelt wird.<\/p>\n<h2>PINOT GRIGIO SANCT VALENTIN<\/h2>\n<div class=\"cell text-center\">\n<div class=\"cell text-center\">\n<p>1986 ist das Geburtsjahr des Pinot Grigio Sanct Valentin. Er wird aus dem besten Traubengut verschiedener Weinberge erstmals reinsortig produziert und in kleinen Holzf\u00e4ssern ausgebaut. Der ausdrucksstarke Pinot Grigio Sanct Valentin \u00fcberzeugt durch seine perfekte Balance von S\u00e4ure, Kraft und konzentrierten Aromen. Er ist einer der meist pr\u00e4mierten Grauburgunder Italiens und erfreut auch nach vielen Jahren der Reifung noch durch h\u00f6chsten Trinkgenuss.<\/p>\n<\/div>\n<div class=\"cell taste\">\n<div class=\"cell text-center margin_b\">\n<div class=\"cell text-center margin_b\">\n<ul>\n<li><strong>AUGE:<\/strong> kr\u00e4ftiges Strohgelb<\/li>\n<li><strong>NASE:<\/strong> fruchtiger Duft nach Apfel, Birne und feiner Vanille<\/li>\n<li><strong>GESCHMACK:<\/strong> charakterstark, angenehme S\u00e4ure, rauchige Nuancen<\/li>\n<\/ul>\n<\/div>\n<\/div>\n<\/div>\n<\/div>\n<div class=\"cell taste\">\n<div class=\"cell text-center margin_b\"><\/div>\n<\/div>\n","protected":false},"excerpt":{"rendered":"<p>San Michele Appiano Sanct Valentin Pinot Grigio 2020 San Michele Appiano Erhaben und w\u00fcrdevoll thront die Kellerei St. Michael-Eppan seit \u00fcber 100 Jahren inmitten der \u00a0wichtigsten Weinbaugemeinde S\u00fcdtirols. Seit \u00fcber 2000 Jahren werden hier Weine angebaut. Das Gebiet rund um Eppan ist bekannt f\u00fcr seine idealen Voraussetzungen f\u00fcr den Weinbau. Ein gro\u00dfer Teil dieser Trauben [&hellip;]<\/p>\n","protected":false},"featured_media":27062,"comment_status":"open","ping_status":"closed","template":"","meta":{"_acf_changed":false,"_monsterinsights_skip_tracking":false,"_monsterinsights_sitenote_active":false,"_monsterinsights_sitenote_note":"","_monsterinsights_sitenote_category":0},"product_brand":[],"product_cat":[2306],"product_tag":[],"class_list":{"0":"post-39901","1":"product","2":"type-product","3":"status-publish","4":"has-post-thumbnail","6":"product_cat-pinot-grigio-de","7":"pa_appellation-alto-adige-doc-de","8":"pa_formato-0-75-l-flasche-de","9":"pa_producer-san-michele-appiano-de","10":"pa_region-trentino-tiroler-etschland-de","11":"pa_vine-100-pinot-grigio-de","12":"pa_vintage-2020-de","14":"first","15":"instock","16":"taxable","17":"shipping-taxable","18":"purchasable","19":"product-type-simple"},"bundled_by":[],"bundle_stock_status":"instock","bundle_stock_quantity":9,"bundle_virtual":false,"bundle_layout":"","bundle_add_to_cart_form_location":"","bundle_editable_in_cart":false,"bundle_sold_individually_context":"","bundle_item_grouping":"","bundle_min_size":"","bundle_max_size":"","bundle_price":[],"bundled_items":[],"bundle_sell_ids":[6622],"yoast_head":"<!-- This site is optimized with the Yoast SEO plugin v27.3 - https:\/\/yoast.com\/product\/yoast-seo-wordpress\/ -->\n<title>San Michele Appiano Sanct Valentin Pinot Grigio 2020<\/title>\n<meta name=\"description\" content=\"San Michele Appiano Sanct Valentin Pinot Grigio 2020 FonsVinum- GESCHMACK: charakterstark, angenehme S\u00e4ure, rauchige Nuancen\" \/>\n<meta name=\"robots\" content=\"index, follow, max-snippet:-1, max-image-preview:large, max-video-preview:-1\" \/>\n<link rel=\"canonical\" href=\"https:\/\/fonsvinum.com\/de\/produkt\/san-michele-appiano-sanct-valentin-pinot-grigio-2020\/\" \/>\n<meta property=\"og:locale\" content=\"de_DE\" \/>\n<meta property=\"og:type\" content=\"article\" \/>\n<meta property=\"og:title\" content=\"San Michele Appiano Sanct Valentin Pinot Grigio 2020\" \/>\n<meta property=\"og:description\" content=\"San Michele Appiano Sanct Valentin Pinot Grigio 2020 FonsVinum- GESCHMACK: charakterstark, angenehme S\u00e4ure, rauchige Nuancen\" \/>\n<meta property=\"og:url\" content=\"https:\/\/fonsvinum.com\/de\/produkt\/san-michele-appiano-sanct-valentin-pinot-grigio-2020\/\" \/>\n<meta property=\"og:site_name\" content=\"Fons Vinum\" \/>\n<meta property=\"article:modified_time\" content=\"2023-03-08T15:56:17+00:00\" \/>\n<meta property=\"og:image\" content=\"https:\/\/fonsvinum.com\/files\/2020\/10\/pinot-grigio-sanct-valentin-san-michele-appiano.jpg\" \/>\n\t<meta property=\"og:image:width\" content=\"200\" \/>\n\t<meta property=\"og:image:height\" content=\"600\" \/>\n\t<meta property=\"og:image:type\" content=\"image\/jpeg\" \/>\n<meta name=\"twitter:label1\" content=\"Gesch\u00e4tzte Lesezeit\" \/>\n\t<meta name=\"twitter:data1\" content=\"2\u00a0Minuten\" \/>\n<script type=\"application\/ld+json\" class=\"yoast-schema-graph\">{\"@context\":\"https:\\\/\\\/schema.org\",\"@graph\":[{\"@type\":\"WebPage\",\"@id\":\"https:\\\/\\\/fonsvinum.com\\\/de\\\/produkt\\\/san-michele-appiano-sanct-valentin-pinot-grigio-2020\\\/\",\"url\":\"https:\\\/\\\/fonsvinum.com\\\/de\\\/produkt\\\/san-michele-appiano-sanct-valentin-pinot-grigio-2020\\\/\",\"name\":\"San Michele Appiano Sanct Valentin Pinot Grigio 2020\",\"isPartOf\":{\"@id\":\"https:\\\/\\\/fonsvinum.com\\\/en\\\/#website\"},\"primaryImageOfPage\":{\"@id\":\"https:\\\/\\\/fonsvinum.com\\\/de\\\/produkt\\\/san-michele-appiano-sanct-valentin-pinot-grigio-2020\\\/#primaryimage\"},\"image\":{\"@id\":\"https:\\\/\\\/fonsvinum.com\\\/de\\\/produkt\\\/san-michele-appiano-sanct-valentin-pinot-grigio-2020\\\/#primaryimage\"},\"thumbnailUrl\":\"https:\\\/\\\/fonsvinum.com\\\/files\\\/2020\\\/10\\\/pinot-grigio-sanct-valentin-san-michele-appiano.jpg\",\"datePublished\":\"2023-03-08T15:51:38+00:00\",\"dateModified\":\"2023-03-08T15:56:17+00:00\",\"description\":\"San Michele Appiano Sanct Valentin Pinot Grigio 2020 FonsVinum- GESCHMACK: charakterstark, angenehme S\u00e4ure, rauchige Nuancen\",\"breadcrumb\":{\"@id\":\"https:\\\/\\\/fonsvinum.com\\\/de\\\/produkt\\\/san-michele-appiano-sanct-valentin-pinot-grigio-2020\\\/#breadcrumb\"},\"inLanguage\":\"de\",\"potentialAction\":[{\"@type\":\"ReadAction\",\"target\":[\"https:\\\/\\\/fonsvinum.com\\\/de\\\/produkt\\\/san-michele-appiano-sanct-valentin-pinot-grigio-2020\\\/\"]}]},{\"@type\":\"ImageObject\",\"inLanguage\":\"de\",\"@id\":\"https:\\\/\\\/fonsvinum.com\\\/de\\\/produkt\\\/san-michele-appiano-sanct-valentin-pinot-grigio-2020\\\/#primaryimage\",\"url\":\"https:\\\/\\\/fonsvinum.com\\\/files\\\/2020\\\/10\\\/pinot-grigio-sanct-valentin-san-michele-appiano.jpg\",\"contentUrl\":\"https:\\\/\\\/fonsvinum.com\\\/files\\\/2020\\\/10\\\/pinot-grigio-sanct-valentin-san-michele-appiano.jpg\",\"width\":200,\"height\":600},{\"@type\":\"BreadcrumbList\",\"@id\":\"https:\\\/\\\/fonsvinum.com\\\/de\\\/produkt\\\/san-michele-appiano-sanct-valentin-pinot-grigio-2020\\\/#breadcrumb\",\"itemListElement\":[{\"@type\":\"ListItem\",\"position\":1,\"name\":\"Startseite\",\"item\":\"https:\\\/\\\/fonsvinum.com\\\/de\\\/\"},{\"@type\":\"ListItem\",\"position\":2,\"name\":\"Shop\",\"item\":\"https:\\\/\\\/fonsvinum.com\\\/de\\\/shop\\\/\"},{\"@type\":\"ListItem\",\"position\":3,\"name\":\"San Michele Appiano Sanct Valentin Pinot Grigio 2020\"}]},{\"@type\":\"WebSite\",\"@id\":\"https:\\\/\\\/fonsvinum.com\\\/en\\\/#website\",\"url\":\"https:\\\/\\\/fonsvinum.com\\\/en\\\/\",\"name\":\"Fons Vinum\",\"description\":\"Vendita Vino Online\",\"publisher\":{\"@id\":\"https:\\\/\\\/fonsvinum.com\\\/en\\\/#organization\"},\"potentialAction\":[{\"@type\":\"SearchAction\",\"target\":{\"@type\":\"EntryPoint\",\"urlTemplate\":\"https:\\\/\\\/fonsvinum.com\\\/en\\\/?s={search_term_string}\"},\"query-input\":{\"@type\":\"PropertyValueSpecification\",\"valueRequired\":true,\"valueName\":\"search_term_string\"}}],\"inLanguage\":\"de\"},{\"@type\":\"Organization\",\"@id\":\"https:\\\/\\\/fonsvinum.com\\\/en\\\/#organization\",\"name\":\"Fons Vinum\",\"url\":\"https:\\\/\\\/fonsvinum.com\\\/en\\\/\",\"logo\":{\"@type\":\"ImageObject\",\"inLanguage\":\"de\",\"@id\":\"https:\\\/\\\/fonsvinum.com\\\/en\\\/#\\\/schema\\\/logo\\\/image\\\/\",\"url\":\"\",\"contentUrl\":\"\",\"caption\":\"Fons Vinum\"},\"image\":{\"@id\":\"https:\\\/\\\/fonsvinum.com\\\/en\\\/#\\\/schema\\\/logo\\\/image\\\/\"}}]}<\/script>\n<!-- \/ Yoast SEO plugin. -->","yoast_head_json":{"title":"San Michele Appiano Sanct Valentin Pinot Grigio 2020","description":"San Michele Appiano Sanct Valentin Pinot Grigio 2020 FonsVinum- GESCHMACK: charakterstark, angenehme S\u00e4ure, rauchige Nuancen","robots":{"index":"index","follow":"follow","max-snippet":"max-snippet:-1","max-image-preview":"max-image-preview:large","max-video-preview":"max-video-preview:-1"},"canonical":"https:\/\/fonsvinum.com\/de\/produkt\/san-michele-appiano-sanct-valentin-pinot-grigio-2020\/","og_locale":"de_DE","og_type":"article","og_title":"San Michele Appiano Sanct Valentin Pinot Grigio 2020","og_description":"San Michele Appiano Sanct Valentin Pinot Grigio 2020 FonsVinum- GESCHMACK: charakterstark, angenehme S\u00e4ure, rauchige Nuancen","og_url":"https:\/\/fonsvinum.com\/de\/produkt\/san-michele-appiano-sanct-valentin-pinot-grigio-2020\/","og_site_name":"Fons Vinum","article_modified_time":"2023-03-08T15:56:17+00:00","og_image":[{"width":200,"height":600,"url":"https:\/\/fonsvinum.com\/files\/2020\/10\/pinot-grigio-sanct-valentin-san-michele-appiano.jpg","type":"image\/jpeg"}],"twitter_misc":{"Gesch\u00e4tzte Lesezeit":"2\u00a0Minuten"},"schema":{"@context":"https:\/\/schema.org","@graph":[{"@type":"WebPage","@id":"https:\/\/fonsvinum.com\/de\/produkt\/san-michele-appiano-sanct-valentin-pinot-grigio-2020\/","url":"https:\/\/fonsvinum.com\/de\/produkt\/san-michele-appiano-sanct-valentin-pinot-grigio-2020\/","name":"San Michele Appiano Sanct Valentin Pinot Grigio 2020","isPartOf":{"@id":"https:\/\/fonsvinum.com\/en\/#website"},"primaryImageOfPage":{"@id":"https:\/\/fonsvinum.com\/de\/produkt\/san-michele-appiano-sanct-valentin-pinot-grigio-2020\/#primaryimage"},"image":{"@id":"https:\/\/fonsvinum.com\/de\/produkt\/san-michele-appiano-sanct-valentin-pinot-grigio-2020\/#primaryimage"},"thumbnailUrl":"https:\/\/fonsvinum.com\/files\/2020\/10\/pinot-grigio-sanct-valentin-san-michele-appiano.jpg","datePublished":"2023-03-08T15:51:38+00:00","dateModified":"2023-03-08T15:56:17+00:00","description":"San Michele Appiano Sanct Valentin Pinot Grigio 2020 FonsVinum- GESCHMACK: charakterstark, angenehme S\u00e4ure, rauchige Nuancen","breadcrumb":{"@id":"https:\/\/fonsvinum.com\/de\/produkt\/san-michele-appiano-sanct-valentin-pinot-grigio-2020\/#breadcrumb"},"inLanguage":"de","potentialAction":[{"@type":"ReadAction","target":["https:\/\/fonsvinum.com\/de\/produkt\/san-michele-appiano-sanct-valentin-pinot-grigio-2020\/"]}]},{"@type":"ImageObject","inLanguage":"de","@id":"https:\/\/fonsvinum.com\/de\/produkt\/san-michele-appiano-sanct-valentin-pinot-grigio-2020\/#primaryimage","url":"https:\/\/fonsvinum.com\/files\/2020\/10\/pinot-grigio-sanct-valentin-san-michele-appiano.jpg","contentUrl":"https:\/\/fonsvinum.com\/files\/2020\/10\/pinot-grigio-sanct-valentin-san-michele-appiano.jpg","width":200,"height":600},{"@type":"BreadcrumbList","@id":"https:\/\/fonsvinum.com\/de\/produkt\/san-michele-appiano-sanct-valentin-pinot-grigio-2020\/#breadcrumb","itemListElement":[{"@type":"ListItem","position":1,"name":"Startseite","item":"https:\/\/fonsvinum.com\/de\/"},{"@type":"ListItem","position":2,"name":"Shop","item":"https:\/\/fonsvinum.com\/de\/shop\/"},{"@type":"ListItem","position":3,"name":"San Michele Appiano Sanct Valentin Pinot Grigio 2020"}]},{"@type":"WebSite","@id":"https:\/\/fonsvinum.com\/en\/#website","url":"https:\/\/fonsvinum.com\/en\/","name":"Fons Vinum","description":"Vendita Vino Online","publisher":{"@id":"https:\/\/fonsvinum.com\/en\/#organization"},"potentialAction":[{"@type":"SearchAction","target":{"@type":"EntryPoint","urlTemplate":"https:\/\/fonsvinum.com\/en\/?s={search_term_string}"},"query-input":{"@type":"PropertyValueSpecification","valueRequired":true,"valueName":"search_term_string"}}],"inLanguage":"de"},{"@type":"Organization","@id":"https:\/\/fonsvinum.com\/en\/#organization","name":"Fons Vinum","url":"https:\/\/fonsvinum.com\/en\/","logo":{"@type":"ImageObject","inLanguage":"de","@id":"https:\/\/fonsvinum.com\/en\/#\/schema\/logo\/image\/","url":"","contentUrl":"","caption":"Fons Vinum"},"image":{"@id":"https:\/\/fonsvinum.com\/en\/#\/schema\/logo\/image\/"}}]}},"acf":[],"_links":{"self":[{"href":"https:\/\/fonsvinum.com\/de\/wp-json\/wp\/v2\/product\/39901","targetHints":{"allow":["GET"]}}],"collection":[{"href":"https:\/\/fonsvinum.com\/de\/wp-json\/wp\/v2\/product"}],"about":[{"href":"https:\/\/fonsvinum.com\/de\/wp-json\/wp\/v2\/types\/product"}],"replies":[{"embeddable":true,"href":"https:\/\/fonsvinum.com\/de\/wp-json\/wp\/v2\/comments?post=39901"}],"wp:featuredmedia":[{"embeddable":true,"href":"https:\/\/fonsvinum.com\/de\/wp-json\/wp\/v2\/media\/27062"}],"wp:attachment":[{"href":"https:\/\/fonsvinum.com\/de\/wp-json\/wp\/v2\/media?parent=39901"}],"wp:term":[{"taxonomy":"product_brand","embeddable":true,"href":"https:\/\/fonsvinum.com\/de\/wp-json\/wp\/v2\/product_brand?post=39901"},{"taxonomy":"product_cat","embeddable":true,"href":"https:\/\/fonsvinum.com\/de\/wp-json\/wp\/v2\/product_cat?post=39901"},{"taxonomy":"product_tag","embeddable":true,"href":"https:\/\/fonsvinum.com\/de\/wp-json\/wp\/v2\/product_tag?post=39901"}],"curies":[{"name":"wp","href":"https:\/\/api.w.org\/{rel}","templated":true}]}}