{"id":39735,"date":"2023-02-21T12:31:26","date_gmt":"2023-02-21T11:31:26","guid":{"rendered":"https:\/\/fonsvinum.com\/?post_type=product&#038;p=39735"},"modified":"2026-04-21T06:39:07","modified_gmt":"2026-04-21T04:39:07","slug":"ca-del-baio-asili-barbaresco-2020","status":"publish","type":"product","link":"https:\/\/fonsvinum.com\/de\/produkt\/ca-del-baio-asili-barbaresco-2020\/","title":{"rendered":"CA&#8216; DEL BAIO Asili Barbaresco 2020"},"content":{"rendered":"<h1><a href=\"https:\/\/fonsvinum.com\/de\/produkt-kategorie\/rotweine-de\/barbaresco-de\/\">Barbaresco<\/a> 2020 <a href=\"https:\/\/fonsvinum.com\/?s=ASILI&amp;post_type=product\">Asili<\/a> DOCG <a href=\"https:\/\/www.cadelbaio.com\/\">Ca&#8216; Del Baio<\/a><\/h1>\n<h2>Barbaresco 2020 Asili DOCG Ca&#8216; Del Baio<\/h2>\n<h3>Die Geschichte<\/h3>\n<ul>\n<li>Seit vier Generationen ist das Weingut Ca&#8216; del Baio eine Familienangelegenheit, wie es in den Langhe Tradition ist.<\/li>\n<\/ul>\n<p>Von Vater zu Sohn haben die Grassos ihre Weinberge gehegt, die im Laufe der Zeit durch Heiraten und Zuk\u00e4ufe erweitert wurden.<\/p>\n<p>An einem Punkt, wo die Gebiete der Gemeinden Barbaresco, Neive und Treiso aufeinandertreffen, liegt das Weingut, das heute von den Schwestern Paola, Valentina und Federica gemeinsam mit ihrem Vater Giulio gef\u00fchrt wird, der stets in den Weinbergen pr\u00e4sent ist. Als eine der bedeutendsten Adressen der Barbaresco-Welt der letzten zwei Jahrzehnte ist Ca&#8216; del Baio heute ein solides Unternehmen, das nicht nur auf prestigetr\u00e4chtige Weinberge innerhalb der Appellation z\u00e4hlen kann, sondern auch die Weitsicht besa\u00df, den Blick nach au\u00dfen zu richten, um weiter zu wachsen. In Barbaresco befinden sich die Weinberge Asili und Pora, w\u00e4hrend in Treiso Vallegrande, Marcarini und Ferrere liegen: Die Qualit\u00e4t scheint fast eine nat\u00fcrliche Folge ihres Wertes, ihrer Vielfalt und der niedrigen Ertr\u00e4ge zu sein. Doch Giulio und seine T\u00f6chter f\u00fcgen die F\u00e4higkeit hinzu, mit Bedacht zu experimentieren.   <\/p>\n<p>Die teilweise Maischeg\u00e4rung auf den Rappen der Supercru Asili verleiht dem Wein ein Plus an Frische, dem man kaum widerstehen kann.<\/p>\n<h4>Asili<\/h4>\n<p>Barbaresco 2020 Asili DOCG Ca&#8216; Del Baio. Asili ist eine Menzione in der Gemeinde Barbaresco mit mittlerer Ausdehnung und H\u00f6henlagen zwischen 210 und 290 m \u00fc. M.<\/p>\n<p>Die Abgrenzung hat die Lage rund um den gleichnamigen H\u00fcgel (Bricco) festgelegt und kann daher auf verschiedene Ausrichtungen z\u00e4hlen, die mehr oder weniger f\u00fcr den Weinbau geeignet sind. Ein mythisches Cru des Barbaresco, hier in einer fruchtigen Version mit Nuancen von Gew\u00fcrzen und Lavendel; am Gaumen fleischig mit pr\u00e4gnantem Tannin, Kraft und einem salzigen Abgang <\/p>\n<h3>Organoleptische Eigenschaften<\/h3>\n<ul>\n<li>leuchtendes Rot<\/li>\n<li>intensives Bouquet mit Noten von Lavendel und Gew\u00fcrzen<\/li>\n<li> einnehmender und lebendiger Geschmack, getragen von einer pr\u00e4gnanten Tanninstruktur<\/li>\n<\/ul>\n<h3>Speiseempfehlungen<\/h3>\n<ul>\n<li>passt zu rotem Fleisch, Schmorgerichten und Eint\u00f6pfen, Wild und lange gereiftem K\u00e4se.<\/li>\n<li>besonders interessant ist die Kombination mit Schokolade.<\/li>\n<\/ul>\n<h4>Lagerung<\/h4>\n<ul>\n<li>Nat\u00fcrlich trinkbereit, sobald er auf den Markt kommt,<\/li>\n<li>besonders wenn er nach 15\u201320 Jahren verkostet wird.<\/li>\n<li>Schlie\u00dflich empfiehlt es sich, die Flasche liegend und vor intensivem Licht gesch\u00fctzt zu lagern<\/li>\n<\/ul>\n<p>&nbsp;<\/p>\n","protected":false},"excerpt":{"rendered":"<p>Barbaresco 2020 Asili DOCG Ca&#8216; Del Baio Barbaresco 2020 Asili DOCG Ca&#8216; Del Baio Die Geschichte Seit vier Generationen ist das Weingut Ca&#8216; del Baio eine Familienangelegenheit, wie es in den Langhe Tradition ist. Von Vater zu Sohn haben die Grassos ihre Weinberge gehegt, die im Laufe der Zeit durch Heiraten und Zuk\u00e4ufe erweitert wurden. [&hellip;]<\/p>\n","protected":false},"featured_media":39743,"comment_status":"open","ping_status":"closed","template":"","meta":{"_acf_changed":false,"_monsterinsights_skip_tracking":false,"_monsterinsights_sitenote_active":false,"_monsterinsights_sitenote_note":"","_monsterinsights_sitenote_category":0},"product_brand":[],"product_cat":[1773],"product_tag":[1751,15895],"class_list":{"0":"post-39735","1":"product","2":"type-product","3":"status-publish","4":"has-post-thumbnail","6":"product_cat-barbaresco-de","7":"product_tag-aussergewoehnliche-weine-aus-italien-de","8":"product_tag-barbaresco-de-2","9":"pa_appellation-barbaresco-docg-de","10":"pa_formato-0-75-l-flasche-de","11":"pa_producer-ca-del-baio-de","12":"pa_region-piemont-de","13":"pa_vine-100-nebbiolo-de","14":"pa_vintage-2020-de","16":"first","17":"instock","18":"taxable","19":"shipping-taxable","20":"purchasable","21":"product-type-simple"},"bundled_by":[],"bundle_stock_status":"instock","bundle_stock_quantity":3,"bundle_virtual":false,"bundle_layout":"","bundle_add_to_cart_form_location":"","bundle_editable_in_cart":false,"bundle_sold_individually_context":"","bundle_item_grouping":"","bundle_min_size":"","bundle_max_size":"","bundle_price":[],"bundled_items":[],"bundle_sell_ids":[],"yoast_head":"<!-- This site is optimized with the Yoast SEO plugin v27.3 - https:\/\/yoast.com\/product\/yoast-seo-wordpress\/ -->\n<title>CA&#039; DEL BAIO Asili Barbaresco 2020<\/title>\n<meta name=\"description\" content=\"Barbaresco 2020 Asili DOCG Ca&#039; Del Baio aus Treiso, Piemont. Online kaufen bei Fons Vinum \u2013 ab 6 Flaschen ist der Versand kostenlos\" \/>\n<meta name=\"robots\" content=\"index, follow, max-snippet:-1, max-image-preview:large, max-video-preview:-1\" \/>\n<link rel=\"canonical\" href=\"https:\/\/fonsvinum.com\/de\/produkt\/ca-del-baio-asili-barbaresco-2020\/\" \/>\n<meta property=\"og:locale\" content=\"de_DE\" \/>\n<meta property=\"og:type\" content=\"article\" \/>\n<meta property=\"og:title\" content=\"CA&#039; DEL BAIO Asili Barbaresco 2020\" \/>\n<meta property=\"og:description\" content=\"Barbaresco 2020 Asili DOCG Ca&#039; Del Baio aus Treiso, Piemont. Online kaufen bei Fons Vinum \u2013 ab 6 Flaschen ist der Versand kostenlos\" \/>\n<meta property=\"og:url\" content=\"https:\/\/fonsvinum.com\/de\/produkt\/ca-del-baio-asili-barbaresco-2020\/\" \/>\n<meta property=\"og:site_name\" content=\"Fons Vinum\" \/>\n<meta property=\"article:modified_time\" content=\"2026-04-21T04:39:07+00:00\" \/>\n<meta property=\"og:image\" content=\"https:\/\/fonsvinum.com\/files\/2023\/02\/ca-del-baio-barbaresco-asili.jpg\" \/>\n\t<meta property=\"og:image:width\" content=\"200\" \/>\n\t<meta property=\"og:image:height\" content=\"600\" \/>\n\t<meta property=\"og:image:type\" content=\"image\/jpeg\" \/>\n<meta name=\"twitter:label1\" content=\"Gesch\u00e4tzte Lesezeit\" \/>\n\t<meta name=\"twitter:data1\" content=\"1\u00a0Minute\" \/>\n<script type=\"application\/ld+json\" class=\"yoast-schema-graph\">{\"@context\":\"https:\\\/\\\/schema.org\",\"@graph\":[{\"@type\":\"WebPage\",\"@id\":\"https:\\\/\\\/fonsvinum.com\\\/de\\\/produkt\\\/ca-del-baio-asili-barbaresco-2020\\\/\",\"url\":\"https:\\\/\\\/fonsvinum.com\\\/de\\\/produkt\\\/ca-del-baio-asili-barbaresco-2020\\\/\",\"name\":\"CA' DEL BAIO Asili Barbaresco 2020\",\"isPartOf\":{\"@id\":\"https:\\\/\\\/fonsvinum.com\\\/en\\\/#website\"},\"primaryImageOfPage\":{\"@id\":\"https:\\\/\\\/fonsvinum.com\\\/de\\\/produkt\\\/ca-del-baio-asili-barbaresco-2020\\\/#primaryimage\"},\"image\":{\"@id\":\"https:\\\/\\\/fonsvinum.com\\\/de\\\/produkt\\\/ca-del-baio-asili-barbaresco-2020\\\/#primaryimage\"},\"thumbnailUrl\":\"https:\\\/\\\/fonsvinum.com\\\/files\\\/2023\\\/02\\\/ca-del-baio-barbaresco-asili.jpg\",\"datePublished\":\"2023-02-21T11:31:26+00:00\",\"dateModified\":\"2026-04-21T04:39:07+00:00\",\"description\":\"Barbaresco 2020 Asili DOCG Ca' Del Baio aus Treiso, Piemont. Online kaufen bei Fons Vinum \u2013 ab 6 Flaschen ist der Versand kostenlos\",\"breadcrumb\":{\"@id\":\"https:\\\/\\\/fonsvinum.com\\\/de\\\/produkt\\\/ca-del-baio-asili-barbaresco-2020\\\/#breadcrumb\"},\"inLanguage\":\"de\",\"potentialAction\":[{\"@type\":\"ReadAction\",\"target\":[\"https:\\\/\\\/fonsvinum.com\\\/de\\\/produkt\\\/ca-del-baio-asili-barbaresco-2020\\\/\"]}]},{\"@type\":\"ImageObject\",\"inLanguage\":\"de\",\"@id\":\"https:\\\/\\\/fonsvinum.com\\\/de\\\/produkt\\\/ca-del-baio-asili-barbaresco-2020\\\/#primaryimage\",\"url\":\"https:\\\/\\\/fonsvinum.com\\\/files\\\/2023\\\/02\\\/ca-del-baio-barbaresco-asili.jpg\",\"contentUrl\":\"https:\\\/\\\/fonsvinum.com\\\/files\\\/2023\\\/02\\\/ca-del-baio-barbaresco-asili.jpg\",\"width\":200,\"height\":600},{\"@type\":\"BreadcrumbList\",\"@id\":\"https:\\\/\\\/fonsvinum.com\\\/de\\\/produkt\\\/ca-del-baio-asili-barbaresco-2020\\\/#breadcrumb\",\"itemListElement\":[{\"@type\":\"ListItem\",\"position\":1,\"name\":\"Startseite\",\"item\":\"https:\\\/\\\/fonsvinum.com\\\/de\\\/\"},{\"@type\":\"ListItem\",\"position\":2,\"name\":\"Shop\",\"item\":\"https:\\\/\\\/fonsvinum.com\\\/de\\\/shop\\\/\"},{\"@type\":\"ListItem\",\"position\":3,\"name\":\"CA&#8217; DEL BAIO Asili Barbaresco 2020\"}]},{\"@type\":\"WebSite\",\"@id\":\"https:\\\/\\\/fonsvinum.com\\\/en\\\/#website\",\"url\":\"https:\\\/\\\/fonsvinum.com\\\/en\\\/\",\"name\":\"Fons Vinum\",\"description\":\"Vendita Vino Online\",\"publisher\":{\"@id\":\"https:\\\/\\\/fonsvinum.com\\\/en\\\/#organization\"},\"potentialAction\":[{\"@type\":\"SearchAction\",\"target\":{\"@type\":\"EntryPoint\",\"urlTemplate\":\"https:\\\/\\\/fonsvinum.com\\\/en\\\/?s={search_term_string}\"},\"query-input\":{\"@type\":\"PropertyValueSpecification\",\"valueRequired\":true,\"valueName\":\"search_term_string\"}}],\"inLanguage\":\"de\"},{\"@type\":\"Organization\",\"@id\":\"https:\\\/\\\/fonsvinum.com\\\/en\\\/#organization\",\"name\":\"Fons Vinum\",\"url\":\"https:\\\/\\\/fonsvinum.com\\\/en\\\/\",\"logo\":{\"@type\":\"ImageObject\",\"inLanguage\":\"de\",\"@id\":\"https:\\\/\\\/fonsvinum.com\\\/en\\\/#\\\/schema\\\/logo\\\/image\\\/\",\"url\":\"\",\"contentUrl\":\"\",\"caption\":\"Fons Vinum\"},\"image\":{\"@id\":\"https:\\\/\\\/fonsvinum.com\\\/en\\\/#\\\/schema\\\/logo\\\/image\\\/\"}}]}<\/script>\n<!-- \/ Yoast SEO plugin. -->","yoast_head_json":{"title":"CA' DEL BAIO Asili Barbaresco 2020","description":"Barbaresco 2020 Asili DOCG Ca' Del Baio aus Treiso, Piemont. Online kaufen bei Fons Vinum \u2013 ab 6 Flaschen ist der Versand kostenlos","robots":{"index":"index","follow":"follow","max-snippet":"max-snippet:-1","max-image-preview":"max-image-preview:large","max-video-preview":"max-video-preview:-1"},"canonical":"https:\/\/fonsvinum.com\/de\/produkt\/ca-del-baio-asili-barbaresco-2020\/","og_locale":"de_DE","og_type":"article","og_title":"CA' DEL BAIO Asili Barbaresco 2020","og_description":"Barbaresco 2020 Asili DOCG Ca' Del Baio aus Treiso, Piemont. Online kaufen bei Fons Vinum \u2013 ab 6 Flaschen ist der Versand kostenlos","og_url":"https:\/\/fonsvinum.com\/de\/produkt\/ca-del-baio-asili-barbaresco-2020\/","og_site_name":"Fons Vinum","article_modified_time":"2026-04-21T04:39:07+00:00","og_image":[{"width":200,"height":600,"url":"https:\/\/fonsvinum.com\/files\/2023\/02\/ca-del-baio-barbaresco-asili.jpg","type":"image\/jpeg"}],"twitter_misc":{"Gesch\u00e4tzte Lesezeit":"1\u00a0Minute"},"schema":{"@context":"https:\/\/schema.org","@graph":[{"@type":"WebPage","@id":"https:\/\/fonsvinum.com\/de\/produkt\/ca-del-baio-asili-barbaresco-2020\/","url":"https:\/\/fonsvinum.com\/de\/produkt\/ca-del-baio-asili-barbaresco-2020\/","name":"CA' DEL BAIO Asili Barbaresco 2020","isPartOf":{"@id":"https:\/\/fonsvinum.com\/en\/#website"},"primaryImageOfPage":{"@id":"https:\/\/fonsvinum.com\/de\/produkt\/ca-del-baio-asili-barbaresco-2020\/#primaryimage"},"image":{"@id":"https:\/\/fonsvinum.com\/de\/produkt\/ca-del-baio-asili-barbaresco-2020\/#primaryimage"},"thumbnailUrl":"https:\/\/fonsvinum.com\/files\/2023\/02\/ca-del-baio-barbaresco-asili.jpg","datePublished":"2023-02-21T11:31:26+00:00","dateModified":"2026-04-21T04:39:07+00:00","description":"Barbaresco 2020 Asili DOCG Ca' Del Baio aus Treiso, Piemont. Online kaufen bei Fons Vinum \u2013 ab 6 Flaschen ist der Versand kostenlos","breadcrumb":{"@id":"https:\/\/fonsvinum.com\/de\/produkt\/ca-del-baio-asili-barbaresco-2020\/#breadcrumb"},"inLanguage":"de","potentialAction":[{"@type":"ReadAction","target":["https:\/\/fonsvinum.com\/de\/produkt\/ca-del-baio-asili-barbaresco-2020\/"]}]},{"@type":"ImageObject","inLanguage":"de","@id":"https:\/\/fonsvinum.com\/de\/produkt\/ca-del-baio-asili-barbaresco-2020\/#primaryimage","url":"https:\/\/fonsvinum.com\/files\/2023\/02\/ca-del-baio-barbaresco-asili.jpg","contentUrl":"https:\/\/fonsvinum.com\/files\/2023\/02\/ca-del-baio-barbaresco-asili.jpg","width":200,"height":600},{"@type":"BreadcrumbList","@id":"https:\/\/fonsvinum.com\/de\/produkt\/ca-del-baio-asili-barbaresco-2020\/#breadcrumb","itemListElement":[{"@type":"ListItem","position":1,"name":"Startseite","item":"https:\/\/fonsvinum.com\/de\/"},{"@type":"ListItem","position":2,"name":"Shop","item":"https:\/\/fonsvinum.com\/de\/shop\/"},{"@type":"ListItem","position":3,"name":"CA&#8217; DEL BAIO Asili Barbaresco 2020"}]},{"@type":"WebSite","@id":"https:\/\/fonsvinum.com\/en\/#website","url":"https:\/\/fonsvinum.com\/en\/","name":"Fons Vinum","description":"Vendita Vino Online","publisher":{"@id":"https:\/\/fonsvinum.com\/en\/#organization"},"potentialAction":[{"@type":"SearchAction","target":{"@type":"EntryPoint","urlTemplate":"https:\/\/fonsvinum.com\/en\/?s={search_term_string}"},"query-input":{"@type":"PropertyValueSpecification","valueRequired":true,"valueName":"search_term_string"}}],"inLanguage":"de"},{"@type":"Organization","@id":"https:\/\/fonsvinum.com\/en\/#organization","name":"Fons Vinum","url":"https:\/\/fonsvinum.com\/en\/","logo":{"@type":"ImageObject","inLanguage":"de","@id":"https:\/\/fonsvinum.com\/en\/#\/schema\/logo\/image\/","url":"","contentUrl":"","caption":"Fons Vinum"},"image":{"@id":"https:\/\/fonsvinum.com\/en\/#\/schema\/logo\/image\/"}}]}},"acf":[],"_links":{"self":[{"href":"https:\/\/fonsvinum.com\/de\/wp-json\/wp\/v2\/product\/39735","targetHints":{"allow":["GET"]}}],"collection":[{"href":"https:\/\/fonsvinum.com\/de\/wp-json\/wp\/v2\/product"}],"about":[{"href":"https:\/\/fonsvinum.com\/de\/wp-json\/wp\/v2\/types\/product"}],"replies":[{"embeddable":true,"href":"https:\/\/fonsvinum.com\/de\/wp-json\/wp\/v2\/comments?post=39735"}],"wp:featuredmedia":[{"embeddable":true,"href":"https:\/\/fonsvinum.com\/de\/wp-json\/wp\/v2\/media\/39743"}],"wp:attachment":[{"href":"https:\/\/fonsvinum.com\/de\/wp-json\/wp\/v2\/media?parent=39735"}],"wp:term":[{"taxonomy":"product_brand","embeddable":true,"href":"https:\/\/fonsvinum.com\/de\/wp-json\/wp\/v2\/product_brand?post=39735"},{"taxonomy":"product_cat","embeddable":true,"href":"https:\/\/fonsvinum.com\/de\/wp-json\/wp\/v2\/product_cat?post=39735"},{"taxonomy":"product_tag","embeddable":true,"href":"https:\/\/fonsvinum.com\/de\/wp-json\/wp\/v2\/product_tag?post=39735"}],"curies":[{"name":"wp","href":"https:\/\/api.w.org\/{rel}","templated":true}]}}