{"id":39194,"date":"2022-12-28T10:04:28","date_gmt":"2022-12-28T09:04:28","guid":{"rendered":"https:\/\/fonsvinum.com\/?post_type=product&#038;p=39194"},"modified":"2026-04-14T15:38:56","modified_gmt":"2026-04-14T13:38:56","slug":"bartolo-mascarello-barolo-chinato","status":"publish","type":"product","link":"https:\/\/fonsvinum.com\/de\/produkt\/bartolo-mascarello-barolo-chinato\/","title":{"rendered":"BARTOLO MASCARELLO Barolo Chinato"},"content":{"rendered":"<h2>BARTOLO MASCARELLO Barolo Chinato<\/h2>\n<p>BARTOLO MASCARELLO  <a href=\"https:\/\/www.shopinlanghe.com\/sellers?render_type=sellerview&amp;id_seller=5\">Barolo<\/a> Chinato<\/p>\n<h2>WEINGUT &#8211; <a href=\"https:\/\/fonsvinum.com\/de\/attributes\/producer\/bartolo-mascarello-de-2\/\">BARTOLO MASCARELLO<\/a><\/h2>\n<p>Im Jahr 1918 beschloss Vater Giulio, nach den harten Erfahrungen des Krieges und angesichts der gro\u00dfen Schwierigkeiten der kleinen Cantina Sociale di Barolo, sich als Erstgeborener einer Winzerfamilie selbstst\u00e4ndig zu machen und Weinproduzent zu werden.<br \/>\nZun\u00e4chst entschied Giulio, den \u00fcblichen Verkauf von Wein in Korbflaschen an Privatpersonen durch eine kleine Flaschenproduktion zu erg\u00e4nzen. Zudem erwarb er kleine Parzellen in einigen der besten Lagen von Barolo: in Cannubi, San Lorenzo und Ru\u00e9 sowie in den Rocche di La Morra.<br \/>\nSo erlangte das Weingut eigene Autorit\u00e4t und zweifelloses Prestige.<br \/>\nIn der Nachkriegszeit und Anfang der 1960er-Jahre trat Sohn Bartolo in den Betrieb ein.<br \/>\nAbgesehen von der Erh\u00f6hung der Flaschenanzahl \u00e4nderte Bartolo nichts an der Arbeitsweise seines Vaters. Er bot jahrelang einen unglaublichen und sehr pers\u00f6nlichen Freisa an, der jedoch \u201enebbiolata\u201c war, also kurz auf dem Trester des Nebbiolo lag.  <\/p>\n<p>Die Tradition, eine einzige Cuv\u00e9e aus der Assemblage der 4 eigenen Weinberge zu keltern (3 Hektar Nebbiolo da Barolo von insgesamt 5 Hektar, die auch Barbera d\u2019Alba, Dolcetto d\u2019Alba und Freisa umfassen), besteht bis heute.<\/p>\n<p>Heute liegt die Leitung des Weinguts in den H\u00e4nden der Tochter Maria Teresa.<\/p>\n<p>Die Familientradition sieht eine Vinifizierung mit langer Mazeration und einen geduldigen Ausbau des Barolo in gro\u00dfen Eichenf\u00e4ssern \u00fcber 3 Jahre vor.<\/p>\n<p>Tradition ist laut den Mascarellos niemals starr, sondern stets offen f\u00fcr Neues, ohne die Wurzeln zur Vergangenheit zu kappen.<\/p>\n<h2><a href=\"https:\/\/fonsvinum.com\/de\/produkt-kategorie\/rotweine-de\/barolo-de\/\">BAROLO<\/a><\/h2>\n<h4>&#8230;historisches Ged\u00e4chtnis der Langhe<\/h4>\n<p>Der Barolo Mascarello verk\u00f6rpert das <strong>historische Ged\u00e4chtnis der Langhe<\/strong> und wird im legend\u00e4ren Weinkeller in der Via Roma 15 in der Gemeinde Barolo produziert, der im 20. Jahrhundert ein Treffpunkt f\u00fcr Intellektuelle, politische Aktivisten und gro\u00dfe Weinliebhaber war. Heute stellt dieses Etikett die Quintessenz der gro\u00dfen Rotweine der Langhe dar. <\/p>\n<p>Der Barolo Bartolo Mascarello fasziniert Weinliebhaber weltweit durch seine Treue zu einem traditionellen Stil, der selten geworden und fast verschwunden ist: ein strenger, herber und eleganter Wein, in der Jugend zur\u00fcckhaltend, der jedoch nach langer Flaschenreifung aromatisch und geschmacklich aufsteigt, bis er unvergleichliche Qualit\u00e4tsspitzen und eine komplexe, tiefe Struktur voller Nuancen und Dynamik erreicht.<\/p>\n<h4>&#8230;historisches und legend\u00e4res Etikett<\/h4>\n<p>Die Trauben f\u00fcr dieses <strong>historische und legend\u00e4re Etikett<\/strong> stammen von nur 3 Hektar in einigen der bedeutendsten Crus der Langhe, darunter die Lagen San Lorenzo, Cannubi und Rocche. Sie werden gemeinsam in Betontanks vinifiziert, ganz nach alter piemontesischer Tradition. Der Ausbau erfolgt anschlie\u00dfend f\u00fcr 32 Monate in gro\u00dfen F\u00e4ssern aus slawonischer Eiche. <\/p>\n<p>Der Barolo Mascarello Bartolo wurde nicht nur f\u00fcr seinen antiken Charme in Verbindung mit einem <strong>tadellosen und herben Profil<\/strong> ber\u00fchmt, sondern auch f\u00fcr sein au\u00dfergew\u00f6hnliches Alterungspotenzial, das mehrere Jahrzehnte umfassen kann. Er besitzt tiefe, komplexe aromatische Noten und D\u00fcfte von reifen Fr\u00fcchten, dunklen Beeren, Gew\u00fcrzen und getrockneten Blumen. Am Gaumen zeigt er sich fest und stoffig, aber auch frisch und schwungvoll, getragen von einer feinen und eleganten Tanninstruktur. Diese prachtvolle Flasche, die die ganze Tiefe der Produktionsphilosophie von Mascarello in sich tr\u00e4gt, ist zu einem unverzichtbaren Klassiker f\u00fcr Feinschmecker weltweit und Liebhaber gro\u00dfer Rotweine geworden, da sie in jedem Jahrgang die weite und komplexe territoriale Ausdruckskraft der Langhe ganzheitlich und authentisch wiedergibt.   <\/p>\n<h3>-Sensorische Beschreibung-<\/h3>\n<p>Der Barolo Chinato Mascarello weist eine dunkelgranatrote Farbe auf und offenbart in der Nase die vielf\u00e4ltigen Aromen der Gew\u00fcrze seines Aufgusses. Am Gaumen ist er warm, rund und mit einem langen, s\u00fc\u00dfen Abgang. <\/p>\n","protected":false},"excerpt":{"rendered":"<p>BARTOLO MASCARELLO Barolo Chinato BARTOLO MASCARELLO Barolo Chinato WEINGUT &#8211; BARTOLO MASCARELLO Im Jahr 1918 beschloss Vater Giulio, nach den harten Erfahrungen des Krieges und angesichts der gro\u00dfen Schwierigkeiten der kleinen Cantina Sociale di Barolo, sich als Erstgeborener einer Winzerfamilie selbstst\u00e4ndig zu machen und Weinproduzent zu werden. Zun\u00e4chst entschied Giulio, den \u00fcblichen Verkauf von Wein [&hellip;]<\/p>\n","protected":false},"featured_media":39202,"comment_status":"open","ping_status":"closed","template":"","meta":{"_acf_changed":false,"_monsterinsights_skip_tracking":false,"_monsterinsights_sitenote_active":false,"_monsterinsights_sitenote_note":"","_monsterinsights_sitenote_category":0},"product_brand":[],"product_cat":[1824],"product_tag":[1733,1751,15903],"class_list":{"0":"post-39194","1":"product","2":"type-product","3":"status-publish","4":"has-post-thumbnail","6":"product_cat-barolo-de","7":"product_tag-aussergewoehnliche-weine-de","8":"product_tag-aussergewoehnliche-weine-aus-italien-de","9":"product_tag-barolo-de","10":"pa_appellation-barolo-docg-de","11":"pa_formato-0-5-l-bottle-de","12":"pa_producer-bartolo-mascarello-de-2","13":"pa_region-piemont-de","14":"pa_vine-100-nebbiolo-de","16":"first","17":"instock","18":"sale","19":"taxable","20":"shipping-taxable","21":"purchasable","22":"product-type-simple"},"bundled_by":[],"bundle_stock_status":"instock","bundle_stock_quantity":7,"bundle_virtual":false,"bundle_layout":"","bundle_add_to_cart_form_location":"","bundle_editable_in_cart":false,"bundle_sold_individually_context":"","bundle_item_grouping":"","bundle_min_size":"","bundle_max_size":"","bundle_price":[],"bundled_items":[],"bundle_sell_ids":[],"yoast_head":"<!-- This site is optimized with the Yoast SEO plugin v27.3 - https:\/\/yoast.com\/product\/yoast-seo-wordpress\/ -->\n<title>Kaufen Sie BARTOLO MASCARELLO Barolo Chinato bei Fons Vinum<\/title>\n<meta name=\"description\" content=\"Kaufen Sie BARTOLO MASCARELLO Barolo Chinato online bei FonsVinum \u2013 mit tiefen aromatischen Noten und einer soliden Textur am Gaumen\" \/>\n<meta name=\"robots\" content=\"index, follow, max-snippet:-1, max-image-preview:large, max-video-preview:-1\" \/>\n<link rel=\"canonical\" href=\"https:\/\/fonsvinum.com\/de\/produkt\/bartolo-mascarello-barolo-chinato\/\" \/>\n<meta property=\"og:locale\" content=\"de_DE\" \/>\n<meta property=\"og:type\" content=\"article\" \/>\n<meta property=\"og:title\" content=\"Kaufen Sie BARTOLO MASCARELLO Barolo Chinato bei Fons Vinum\" \/>\n<meta property=\"og:description\" content=\"Kaufen Sie BARTOLO MASCARELLO Barolo Chinato online bei FonsVinum \u2013 mit tiefen aromatischen Noten und einer soliden Textur am Gaumen\" \/>\n<meta property=\"og:url\" content=\"https:\/\/fonsvinum.com\/de\/produkt\/bartolo-mascarello-barolo-chinato\/\" \/>\n<meta property=\"og:site_name\" content=\"Fons Vinum\" \/>\n<meta property=\"article:modified_time\" content=\"2026-04-14T13:38:56+00:00\" \/>\n<meta property=\"og:image\" content=\"https:\/\/fonsvinum.com\/files\/2022\/12\/Barolo-chinato-Bartolo-Mascarello.png\" \/>\n\t<meta property=\"og:image:width\" content=\"200\" \/>\n\t<meta property=\"og:image:height\" content=\"600\" \/>\n\t<meta property=\"og:image:type\" content=\"image\/png\" \/>\n<meta name=\"twitter:label1\" content=\"Gesch\u00e4tzte Lesezeit\" \/>\n\t<meta name=\"twitter:data1\" content=\"1\u00a0Minute\" \/>\n<script type=\"application\/ld+json\" class=\"yoast-schema-graph\">{\"@context\":\"https:\\\/\\\/schema.org\",\"@graph\":[{\"@type\":\"WebPage\",\"@id\":\"https:\\\/\\\/fonsvinum.com\\\/de\\\/produkt\\\/bartolo-mascarello-barolo-chinato\\\/\",\"url\":\"https:\\\/\\\/fonsvinum.com\\\/de\\\/produkt\\\/bartolo-mascarello-barolo-chinato\\\/\",\"name\":\"Kaufen Sie BARTOLO MASCARELLO Barolo Chinato bei Fons Vinum\",\"isPartOf\":{\"@id\":\"https:\\\/\\\/fonsvinum.com\\\/en\\\/#website\"},\"primaryImageOfPage\":{\"@id\":\"https:\\\/\\\/fonsvinum.com\\\/de\\\/produkt\\\/bartolo-mascarello-barolo-chinato\\\/#primaryimage\"},\"image\":{\"@id\":\"https:\\\/\\\/fonsvinum.com\\\/de\\\/produkt\\\/bartolo-mascarello-barolo-chinato\\\/#primaryimage\"},\"thumbnailUrl\":\"https:\\\/\\\/fonsvinum.com\\\/files\\\/2022\\\/12\\\/Barolo-chinato-Bartolo-Mascarello.png\",\"datePublished\":\"2022-12-28T09:04:28+00:00\",\"dateModified\":\"2026-04-14T13:38:56+00:00\",\"description\":\"Kaufen Sie BARTOLO MASCARELLO Barolo Chinato online bei FonsVinum \u2013 mit tiefen aromatischen Noten und einer soliden Textur am Gaumen\",\"breadcrumb\":{\"@id\":\"https:\\\/\\\/fonsvinum.com\\\/de\\\/produkt\\\/bartolo-mascarello-barolo-chinato\\\/#breadcrumb\"},\"inLanguage\":\"de\",\"potentialAction\":[{\"@type\":\"ReadAction\",\"target\":[\"https:\\\/\\\/fonsvinum.com\\\/de\\\/produkt\\\/bartolo-mascarello-barolo-chinato\\\/\"]}]},{\"@type\":\"ImageObject\",\"inLanguage\":\"de\",\"@id\":\"https:\\\/\\\/fonsvinum.com\\\/de\\\/produkt\\\/bartolo-mascarello-barolo-chinato\\\/#primaryimage\",\"url\":\"https:\\\/\\\/fonsvinum.com\\\/files\\\/2022\\\/12\\\/Barolo-chinato-Bartolo-Mascarello.png\",\"contentUrl\":\"https:\\\/\\\/fonsvinum.com\\\/files\\\/2022\\\/12\\\/Barolo-chinato-Bartolo-Mascarello.png\",\"width\":200,\"height\":600},{\"@type\":\"BreadcrumbList\",\"@id\":\"https:\\\/\\\/fonsvinum.com\\\/de\\\/produkt\\\/bartolo-mascarello-barolo-chinato\\\/#breadcrumb\",\"itemListElement\":[{\"@type\":\"ListItem\",\"position\":1,\"name\":\"Startseite\",\"item\":\"https:\\\/\\\/fonsvinum.com\\\/de\\\/\"},{\"@type\":\"ListItem\",\"position\":2,\"name\":\"Shop\",\"item\":\"https:\\\/\\\/fonsvinum.com\\\/de\\\/shop\\\/\"},{\"@type\":\"ListItem\",\"position\":3,\"name\":\"BARTOLO MASCARELLO Barolo Chinato\"}]},{\"@type\":\"WebSite\",\"@id\":\"https:\\\/\\\/fonsvinum.com\\\/en\\\/#website\",\"url\":\"https:\\\/\\\/fonsvinum.com\\\/en\\\/\",\"name\":\"Fons Vinum\",\"description\":\"Vendita Vino Online\",\"publisher\":{\"@id\":\"https:\\\/\\\/fonsvinum.com\\\/en\\\/#organization\"},\"potentialAction\":[{\"@type\":\"SearchAction\",\"target\":{\"@type\":\"EntryPoint\",\"urlTemplate\":\"https:\\\/\\\/fonsvinum.com\\\/en\\\/?s={search_term_string}\"},\"query-input\":{\"@type\":\"PropertyValueSpecification\",\"valueRequired\":true,\"valueName\":\"search_term_string\"}}],\"inLanguage\":\"de\"},{\"@type\":\"Organization\",\"@id\":\"https:\\\/\\\/fonsvinum.com\\\/en\\\/#organization\",\"name\":\"Fons Vinum\",\"url\":\"https:\\\/\\\/fonsvinum.com\\\/en\\\/\",\"logo\":{\"@type\":\"ImageObject\",\"inLanguage\":\"de\",\"@id\":\"https:\\\/\\\/fonsvinum.com\\\/en\\\/#\\\/schema\\\/logo\\\/image\\\/\",\"url\":\"\",\"contentUrl\":\"\",\"caption\":\"Fons Vinum\"},\"image\":{\"@id\":\"https:\\\/\\\/fonsvinum.com\\\/en\\\/#\\\/schema\\\/logo\\\/image\\\/\"}}]}<\/script>\n<!-- \/ Yoast SEO plugin. -->","yoast_head_json":{"title":"Kaufen Sie BARTOLO MASCARELLO Barolo Chinato bei Fons Vinum","description":"Kaufen Sie BARTOLO MASCARELLO Barolo Chinato online bei FonsVinum \u2013 mit tiefen aromatischen Noten und einer soliden Textur am Gaumen","robots":{"index":"index","follow":"follow","max-snippet":"max-snippet:-1","max-image-preview":"max-image-preview:large","max-video-preview":"max-video-preview:-1"},"canonical":"https:\/\/fonsvinum.com\/de\/produkt\/bartolo-mascarello-barolo-chinato\/","og_locale":"de_DE","og_type":"article","og_title":"Kaufen Sie BARTOLO MASCARELLO Barolo Chinato bei Fons Vinum","og_description":"Kaufen Sie BARTOLO MASCARELLO Barolo Chinato online bei FonsVinum \u2013 mit tiefen aromatischen Noten und einer soliden Textur am Gaumen","og_url":"https:\/\/fonsvinum.com\/de\/produkt\/bartolo-mascarello-barolo-chinato\/","og_site_name":"Fons Vinum","article_modified_time":"2026-04-14T13:38:56+00:00","og_image":[{"width":200,"height":600,"url":"https:\/\/fonsvinum.com\/files\/2022\/12\/Barolo-chinato-Bartolo-Mascarello.png","type":"image\/png"}],"twitter_misc":{"Gesch\u00e4tzte Lesezeit":"1\u00a0Minute"},"schema":{"@context":"https:\/\/schema.org","@graph":[{"@type":"WebPage","@id":"https:\/\/fonsvinum.com\/de\/produkt\/bartolo-mascarello-barolo-chinato\/","url":"https:\/\/fonsvinum.com\/de\/produkt\/bartolo-mascarello-barolo-chinato\/","name":"Kaufen Sie BARTOLO MASCARELLO Barolo Chinato bei Fons Vinum","isPartOf":{"@id":"https:\/\/fonsvinum.com\/en\/#website"},"primaryImageOfPage":{"@id":"https:\/\/fonsvinum.com\/de\/produkt\/bartolo-mascarello-barolo-chinato\/#primaryimage"},"image":{"@id":"https:\/\/fonsvinum.com\/de\/produkt\/bartolo-mascarello-barolo-chinato\/#primaryimage"},"thumbnailUrl":"https:\/\/fonsvinum.com\/files\/2022\/12\/Barolo-chinato-Bartolo-Mascarello.png","datePublished":"2022-12-28T09:04:28+00:00","dateModified":"2026-04-14T13:38:56+00:00","description":"Kaufen Sie BARTOLO MASCARELLO Barolo Chinato online bei FonsVinum \u2013 mit tiefen aromatischen Noten und einer soliden Textur am Gaumen","breadcrumb":{"@id":"https:\/\/fonsvinum.com\/de\/produkt\/bartolo-mascarello-barolo-chinato\/#breadcrumb"},"inLanguage":"de","potentialAction":[{"@type":"ReadAction","target":["https:\/\/fonsvinum.com\/de\/produkt\/bartolo-mascarello-barolo-chinato\/"]}]},{"@type":"ImageObject","inLanguage":"de","@id":"https:\/\/fonsvinum.com\/de\/produkt\/bartolo-mascarello-barolo-chinato\/#primaryimage","url":"https:\/\/fonsvinum.com\/files\/2022\/12\/Barolo-chinato-Bartolo-Mascarello.png","contentUrl":"https:\/\/fonsvinum.com\/files\/2022\/12\/Barolo-chinato-Bartolo-Mascarello.png","width":200,"height":600},{"@type":"BreadcrumbList","@id":"https:\/\/fonsvinum.com\/de\/produkt\/bartolo-mascarello-barolo-chinato\/#breadcrumb","itemListElement":[{"@type":"ListItem","position":1,"name":"Startseite","item":"https:\/\/fonsvinum.com\/de\/"},{"@type":"ListItem","position":2,"name":"Shop","item":"https:\/\/fonsvinum.com\/de\/shop\/"},{"@type":"ListItem","position":3,"name":"BARTOLO MASCARELLO Barolo Chinato"}]},{"@type":"WebSite","@id":"https:\/\/fonsvinum.com\/en\/#website","url":"https:\/\/fonsvinum.com\/en\/","name":"Fons Vinum","description":"Vendita Vino Online","publisher":{"@id":"https:\/\/fonsvinum.com\/en\/#organization"},"potentialAction":[{"@type":"SearchAction","target":{"@type":"EntryPoint","urlTemplate":"https:\/\/fonsvinum.com\/en\/?s={search_term_string}"},"query-input":{"@type":"PropertyValueSpecification","valueRequired":true,"valueName":"search_term_string"}}],"inLanguage":"de"},{"@type":"Organization","@id":"https:\/\/fonsvinum.com\/en\/#organization","name":"Fons Vinum","url":"https:\/\/fonsvinum.com\/en\/","logo":{"@type":"ImageObject","inLanguage":"de","@id":"https:\/\/fonsvinum.com\/en\/#\/schema\/logo\/image\/","url":"","contentUrl":"","caption":"Fons Vinum"},"image":{"@id":"https:\/\/fonsvinum.com\/en\/#\/schema\/logo\/image\/"}}]}},"acf":[],"_links":{"self":[{"href":"https:\/\/fonsvinum.com\/de\/wp-json\/wp\/v2\/product\/39194","targetHints":{"allow":["GET"]}}],"collection":[{"href":"https:\/\/fonsvinum.com\/de\/wp-json\/wp\/v2\/product"}],"about":[{"href":"https:\/\/fonsvinum.com\/de\/wp-json\/wp\/v2\/types\/product"}],"replies":[{"embeddable":true,"href":"https:\/\/fonsvinum.com\/de\/wp-json\/wp\/v2\/comments?post=39194"}],"wp:featuredmedia":[{"embeddable":true,"href":"https:\/\/fonsvinum.com\/de\/wp-json\/wp\/v2\/media\/39202"}],"wp:attachment":[{"href":"https:\/\/fonsvinum.com\/de\/wp-json\/wp\/v2\/media?parent=39194"}],"wp:term":[{"taxonomy":"product_brand","embeddable":true,"href":"https:\/\/fonsvinum.com\/de\/wp-json\/wp\/v2\/product_brand?post=39194"},{"taxonomy":"product_cat","embeddable":true,"href":"https:\/\/fonsvinum.com\/de\/wp-json\/wp\/v2\/product_cat?post=39194"},{"taxonomy":"product_tag","embeddable":true,"href":"https:\/\/fonsvinum.com\/de\/wp-json\/wp\/v2\/product_tag?post=39194"}],"curies":[{"name":"wp","href":"https:\/\/api.w.org\/{rel}","templated":true}]}}