{"id":39132,"date":"2022-12-21T11:25:02","date_gmt":"2022-12-21T10:25:02","guid":{"rendered":"https:\/\/fonsvinum.com\/?post_type=product&#038;p=39132"},"modified":"2022-12-21T12:05:20","modified_gmt":"2022-12-21T11:05:20","slug":"barolo-sandrone-vite-talin-2014","status":"publish","type":"product","link":"https:\/\/fonsvinum.com\/de\/produkt\/barolo-sandrone-vite-talin-2014\/","title":{"rendered":"Barolo Sandrone Vite Talin 2014"},"content":{"rendered":"<h1>Barolo Sandrone Vite Talin 2014<\/h1>\n<h3><span>Der Wein<\/span><\/h3>\n<p>Vite Talin ist geboren, der neue Barolo der Familie Sandrone, in dem die Traube intensiver strahlt als das Territorium.<\/p>\n<p><strong><span>Es dauerte 25 Jahre an Versuchen und Bewertungen<\/span><\/strong><span>\u00a0.\u00a02019, nach sechsj\u00e4hriger Reifung, erscheint der erste Jahrgang des Barolo Vite Talin von 2013. Ein Wein, der geboren und dazu bestimmt ist, so zu sein, wie er sich Luciano vorgestellt hat.\u00a0Eine Kombination aus Enthusiasmus, Neugier, Bescheidenheit und Hingabe.<\/span><\/p>\n<p><span>Die Geschichte von Vite Talin ist all dies eingebettet in den Intellekt von Luciano Sandrone, 1987 ein neugieriger Junge mit einem gro\u00dfen Wunsch, etwas zu tun, und im Vertrauen eines \u00e4lteren Winzers, Natale Ronzana, bekannt als Talin, der bereit ist, seinen Weinberg anzuvertrauen zu den K\u00fcsten von Barolo, in Luciano.\u00a0Und genau in der oben erw\u00e4hnten Parzelle bemerkt Luciano, der zwischen den Reihen arbeitet,\u00a0<\/span><strong><span>eine Rebe mit besonderen Merkmalen<\/span><\/strong><span>\u00a0: sp\u00e4rliche und kleine Trauben, Trauben mit kleineren Abmessungen als die Norm und mit einer dunkelblauen Farbe, sehr bereift, zur\u00fcckhaltendere Vegetation, weniger Kraft als die anderen dicken, gezackten Bl\u00e4tter.\u00a0Die Pflanze wird nicht entwurzelt, sondern\u00a0<\/span><strong><span>Jahr f\u00fcr Jahr markiert und beobachtet<\/span><\/strong><span>\u00a0: Sie zeigt zu jeder Jahreszeit die gleichen Merkmale.<\/span><\/p>\n<p><span>Damit beginnt f\u00fcr Luciano eine Experimentierphase: Mikrovinifikationen best\u00e4tigen eine gute Farbe, hervorragende Tannine und einen ausgewogenen Alkohol.\u00a0Zwischen Ende der achtziger und Anfang der neunziger Jahre wird das Pflanzenobjekt von Lucianos Neugier durch die Technik der Veredelung im Feld vermehrt.\u00a0Im Laufe von vier Jahren kann man sagen, dass sich die einzigartigen Merkmale im Weinberg wiederholen.\u00a0Im Keller zeigt der neue Wein eine \u00fcberdurchschnittliche Struktur.\u00a0<\/span><strong><span>Gleichzeitig wird eine Zusammenarbeit mit dem Nationalen Forschungsrat<\/span><\/strong><span> in Person von Anna Schneider, Forscherin am Zentrum f\u00fcr die genetische Verbesserung der Rebe,\u00a0aktiviert .<\/span><\/p>\n<p>Luciano Sandrone: \u201eDieser Wein dr\u00fcckt eine Reise aus, die begonnen hat, um zu bewahren und zu sch\u00fctzen, was Mutter Natur befohlen hat.\u00a0Es konnte nur Vite Talin sein: \u201eRebe\u201c, zu Ehren dieser einzigartigen Pflanze und \u201eTalin\u201c, um diesem alten Winzer zu huldigen, der mir vertraute, der an meine F\u00e4higkeit zum Staunen glaubte.\u00a0Ich habe die Fr\u00fcchte der Erde begr\u00fc\u00dft, ich habe eine Gelegenheit ergriffen und kultiviert.\u00a0Nebbiolo: mein Leben\u201c<\/p>\n<p><span>Erst 2017 kam dank DNA-Analysen die Gewissheit: Es handelt sich um eine Nebbiolo-Rebe mit sehr hohen Qualit\u00e4tsmerkmalen.\u00a0F\u00fcr diese Pflanze mit einzigartigen Eigenschaften und f\u00fcr diesen zuk\u00fcnftigen Barolo scheint der Weg, der 25 Jahre zuvor begann, nun klar.\u00a0Der Jahrgang 2013, der bereits drei Jahre zun\u00e4chst im Tonneaux und dann im gro\u00dfen Fass gereift ist, setzt seine Veredelung in der Flasche fort.\u00a0Heute, im Jahr 2019, ist Vite Talin endlich fertig.<\/span><\/p>\n<p><span>Dasselbe Etikett zeigt die Besonderheit und Einzigartigkeit von Vite Talin: ein Wein, in dem die Traube intensiver strahlt als das Terroir.<\/span><\/p>\n<h3><span>Geschmacksnoten<\/span><\/h3>\n<div class=\"cappello\">\n<p><span><span class=\"goog-text-highlight\">Vite Talin ist ein reichhaltiger, kostbarer Wein, der sich f\u00fcr eine lange Lagerung eignet, mit einer intensiven und makellosen granatroten Farbe, mit einem breiten und abwechslungsreichen Bouquet, das derzeit vor allem mit fruchtigen und blumigen D\u00fcften \u00fcbers\u00e4t ist, w\u00e4hrend die w\u00fcrzigen nur angedeutet werden.\u00a0<\/span>Die Struktur ist gro\u00dfartig, mit einer betr\u00e4chtlichen Kraft, auch Tannin, was die gro\u00dfe Neigung des Weins zur Langlebigkeit best\u00e4tigt.<\/span><\/p>\n<\/div>\n","protected":false},"excerpt":{"rendered":"<p>Barolo Sandrone Vite Talin 2014 Der Wein Vite Talin ist geboren, der neue Barolo der Familie Sandrone, in dem die Traube intensiver strahlt als das Territorium. Es dauerte 25 Jahre an Versuchen und Bewertungen\u00a0.\u00a02019, nach sechsj\u00e4hriger Reifung, erscheint der erste Jahrgang des Barolo Vite Talin von 2013. Ein Wein, der geboren und dazu bestimmt ist, [&hellip;]<\/p>\n","protected":false},"featured_media":39140,"comment_status":"open","ping_status":"closed","template":"","meta":{"_acf_changed":false,"_monsterinsights_skip_tracking":false,"_monsterinsights_sitenote_active":false,"_monsterinsights_sitenote_note":"","_monsterinsights_sitenote_category":0},"product_brand":[],"product_cat":[1824],"product_tag":[15903,15893,15959],"class_list":{"0":"post-39132","1":"product","2":"type-product","3":"status-publish","4":"has-post-thumbnail","6":"product_cat-barolo-de","7":"product_tag-barolo-de","8":"product_tag-piemonte-de","9":"product_tag-vino-rosso-de","10":"pa_appellation-barolo-docg-de","11":"pa_formato-0-75-l-flasche-de","12":"pa_producer-luciano-sandrone-de","13":"pa_region-piemont-de","14":"pa_vine-nebbiolo-de","15":"pa_vintage-2014-de","17":"first","18":"instock","19":"sale","20":"taxable","21":"shipping-taxable","22":"purchasable","23":"product-type-simple"},"bundled_by":[],"bundle_stock_status":"instock","bundle_stock_quantity":2,"bundle_virtual":false,"bundle_layout":"","bundle_add_to_cart_form_location":"","bundle_editable_in_cart":false,"bundle_sold_individually_context":"","bundle_item_grouping":"","bundle_min_size":"","bundle_max_size":"","bundle_price":[],"bundled_items":[],"bundle_sell_ids":[],"yoast_head":"<!-- This site is optimized with the Yoast SEO plugin v27.3 - https:\/\/yoast.com\/product\/yoast-seo-wordpress\/ -->\n<title>Kaufen on line on Fons Vinum Barolo Sandrone Vite Talin 2014<\/title>\n<meta name=\"description\" content=\"Barolo Sandrone Vite Talin 2014 Piemontesisches Weingut . I Fons Vinum rare Weine aus Piedmont und Toskana. Kaufen 6 Flasche!\" \/>\n<meta name=\"robots\" content=\"index, follow, max-snippet:-1, max-image-preview:large, max-video-preview:-1\" \/>\n<link rel=\"canonical\" href=\"https:\/\/fonsvinum.com\/de\/produkt\/barolo-sandrone-vite-talin-2014\/\" \/>\n<meta property=\"og:locale\" content=\"de_DE\" \/>\n<meta property=\"og:type\" content=\"article\" \/>\n<meta property=\"og:title\" content=\"Kaufen on line on Fons Vinum Barolo Sandrone Vite Talin 2014\" \/>\n<meta property=\"og:description\" content=\"Barolo Sandrone Vite Talin 2014 Piemontesisches Weingut . I Fons Vinum rare Weine aus Piedmont und Toskana. Kaufen 6 Flasche!\" \/>\n<meta property=\"og:url\" content=\"https:\/\/fonsvinum.com\/de\/produkt\/barolo-sandrone-vite-talin-2014\/\" \/>\n<meta property=\"og:site_name\" content=\"Fons Vinum\" \/>\n<meta property=\"article:modified_time\" content=\"2022-12-21T11:05:20+00:00\" \/>\n<meta property=\"og:image\" content=\"https:\/\/fonsvinum.com\/files\/2022\/12\/SANDRONE_-_Barolo_DOCG_-_Vite_Talin_2014_-_ASTUCCIATO.png\" \/>\n\t<meta property=\"og:image:width\" content=\"200\" \/>\n\t<meta property=\"og:image:height\" content=\"600\" \/>\n\t<meta property=\"og:image:type\" content=\"image\/png\" \/>\n<meta name=\"twitter:label1\" content=\"Gesch\u00e4tzte Lesezeit\" \/>\n\t<meta name=\"twitter:data1\" content=\"3\u00a0Minuten\" \/>\n<script type=\"application\/ld+json\" class=\"yoast-schema-graph\">{\"@context\":\"https:\\\/\\\/schema.org\",\"@graph\":[{\"@type\":\"WebPage\",\"@id\":\"https:\\\/\\\/fonsvinum.com\\\/de\\\/produkt\\\/barolo-sandrone-vite-talin-2014\\\/\",\"url\":\"https:\\\/\\\/fonsvinum.com\\\/de\\\/produkt\\\/barolo-sandrone-vite-talin-2014\\\/\",\"name\":\"Kaufen on line on Fons Vinum Barolo Sandrone Vite Talin 2014\",\"isPartOf\":{\"@id\":\"https:\\\/\\\/fonsvinum.com\\\/en\\\/#website\"},\"primaryImageOfPage\":{\"@id\":\"https:\\\/\\\/fonsvinum.com\\\/de\\\/produkt\\\/barolo-sandrone-vite-talin-2014\\\/#primaryimage\"},\"image\":{\"@id\":\"https:\\\/\\\/fonsvinum.com\\\/de\\\/produkt\\\/barolo-sandrone-vite-talin-2014\\\/#primaryimage\"},\"thumbnailUrl\":\"https:\\\/\\\/fonsvinum.com\\\/files\\\/2022\\\/12\\\/SANDRONE_-_Barolo_DOCG_-_Vite_Talin_2014_-_ASTUCCIATO.png\",\"datePublished\":\"2022-12-21T10:25:02+00:00\",\"dateModified\":\"2022-12-21T11:05:20+00:00\",\"description\":\"Barolo Sandrone Vite Talin 2014 Piemontesisches Weingut . I Fons Vinum rare Weine aus Piedmont und Toskana. Kaufen 6 Flasche!\",\"breadcrumb\":{\"@id\":\"https:\\\/\\\/fonsvinum.com\\\/de\\\/produkt\\\/barolo-sandrone-vite-talin-2014\\\/#breadcrumb\"},\"inLanguage\":\"de\",\"potentialAction\":[{\"@type\":\"ReadAction\",\"target\":[\"https:\\\/\\\/fonsvinum.com\\\/de\\\/produkt\\\/barolo-sandrone-vite-talin-2014\\\/\"]}]},{\"@type\":\"ImageObject\",\"inLanguage\":\"de\",\"@id\":\"https:\\\/\\\/fonsvinum.com\\\/de\\\/produkt\\\/barolo-sandrone-vite-talin-2014\\\/#primaryimage\",\"url\":\"https:\\\/\\\/fonsvinum.com\\\/files\\\/2022\\\/12\\\/SANDRONE_-_Barolo_DOCG_-_Vite_Talin_2014_-_ASTUCCIATO.png\",\"contentUrl\":\"https:\\\/\\\/fonsvinum.com\\\/files\\\/2022\\\/12\\\/SANDRONE_-_Barolo_DOCG_-_Vite_Talin_2014_-_ASTUCCIATO.png\",\"width\":200,\"height\":600},{\"@type\":\"BreadcrumbList\",\"@id\":\"https:\\\/\\\/fonsvinum.com\\\/de\\\/produkt\\\/barolo-sandrone-vite-talin-2014\\\/#breadcrumb\",\"itemListElement\":[{\"@type\":\"ListItem\",\"position\":1,\"name\":\"Startseite\",\"item\":\"https:\\\/\\\/fonsvinum.com\\\/de\\\/\"},{\"@type\":\"ListItem\",\"position\":2,\"name\":\"Shop\",\"item\":\"https:\\\/\\\/fonsvinum.com\\\/de\\\/shop\\\/\"},{\"@type\":\"ListItem\",\"position\":3,\"name\":\"Barolo Sandrone Vite Talin 2014\"}]},{\"@type\":\"WebSite\",\"@id\":\"https:\\\/\\\/fonsvinum.com\\\/en\\\/#website\",\"url\":\"https:\\\/\\\/fonsvinum.com\\\/en\\\/\",\"name\":\"Fons Vinum\",\"description\":\"Vendita Vino Online\",\"publisher\":{\"@id\":\"https:\\\/\\\/fonsvinum.com\\\/en\\\/#organization\"},\"potentialAction\":[{\"@type\":\"SearchAction\",\"target\":{\"@type\":\"EntryPoint\",\"urlTemplate\":\"https:\\\/\\\/fonsvinum.com\\\/en\\\/?s={search_term_string}\"},\"query-input\":{\"@type\":\"PropertyValueSpecification\",\"valueRequired\":true,\"valueName\":\"search_term_string\"}}],\"inLanguage\":\"de\"},{\"@type\":\"Organization\",\"@id\":\"https:\\\/\\\/fonsvinum.com\\\/en\\\/#organization\",\"name\":\"Fons Vinum\",\"url\":\"https:\\\/\\\/fonsvinum.com\\\/en\\\/\",\"logo\":{\"@type\":\"ImageObject\",\"inLanguage\":\"de\",\"@id\":\"https:\\\/\\\/fonsvinum.com\\\/en\\\/#\\\/schema\\\/logo\\\/image\\\/\",\"url\":\"\",\"contentUrl\":\"\",\"caption\":\"Fons Vinum\"},\"image\":{\"@id\":\"https:\\\/\\\/fonsvinum.com\\\/en\\\/#\\\/schema\\\/logo\\\/image\\\/\"}}]}<\/script>\n<!-- \/ Yoast SEO plugin. -->","yoast_head_json":{"title":"Kaufen on line on Fons Vinum Barolo Sandrone Vite Talin 2014","description":"Barolo Sandrone Vite Talin 2014 Piemontesisches Weingut . I Fons Vinum rare Weine aus Piedmont und Toskana. Kaufen 6 Flasche!","robots":{"index":"index","follow":"follow","max-snippet":"max-snippet:-1","max-image-preview":"max-image-preview:large","max-video-preview":"max-video-preview:-1"},"canonical":"https:\/\/fonsvinum.com\/de\/produkt\/barolo-sandrone-vite-talin-2014\/","og_locale":"de_DE","og_type":"article","og_title":"Kaufen on line on Fons Vinum Barolo Sandrone Vite Talin 2014","og_description":"Barolo Sandrone Vite Talin 2014 Piemontesisches Weingut . I Fons Vinum rare Weine aus Piedmont und Toskana. Kaufen 6 Flasche!","og_url":"https:\/\/fonsvinum.com\/de\/produkt\/barolo-sandrone-vite-talin-2014\/","og_site_name":"Fons Vinum","article_modified_time":"2022-12-21T11:05:20+00:00","og_image":[{"width":200,"height":600,"url":"https:\/\/fonsvinum.com\/files\/2022\/12\/SANDRONE_-_Barolo_DOCG_-_Vite_Talin_2014_-_ASTUCCIATO.png","type":"image\/png"}],"twitter_misc":{"Gesch\u00e4tzte Lesezeit":"3\u00a0Minuten"},"schema":{"@context":"https:\/\/schema.org","@graph":[{"@type":"WebPage","@id":"https:\/\/fonsvinum.com\/de\/produkt\/barolo-sandrone-vite-talin-2014\/","url":"https:\/\/fonsvinum.com\/de\/produkt\/barolo-sandrone-vite-talin-2014\/","name":"Kaufen on line on Fons Vinum Barolo Sandrone Vite Talin 2014","isPartOf":{"@id":"https:\/\/fonsvinum.com\/en\/#website"},"primaryImageOfPage":{"@id":"https:\/\/fonsvinum.com\/de\/produkt\/barolo-sandrone-vite-talin-2014\/#primaryimage"},"image":{"@id":"https:\/\/fonsvinum.com\/de\/produkt\/barolo-sandrone-vite-talin-2014\/#primaryimage"},"thumbnailUrl":"https:\/\/fonsvinum.com\/files\/2022\/12\/SANDRONE_-_Barolo_DOCG_-_Vite_Talin_2014_-_ASTUCCIATO.png","datePublished":"2022-12-21T10:25:02+00:00","dateModified":"2022-12-21T11:05:20+00:00","description":"Barolo Sandrone Vite Talin 2014 Piemontesisches Weingut . I Fons Vinum rare Weine aus Piedmont und Toskana. Kaufen 6 Flasche!","breadcrumb":{"@id":"https:\/\/fonsvinum.com\/de\/produkt\/barolo-sandrone-vite-talin-2014\/#breadcrumb"},"inLanguage":"de","potentialAction":[{"@type":"ReadAction","target":["https:\/\/fonsvinum.com\/de\/produkt\/barolo-sandrone-vite-talin-2014\/"]}]},{"@type":"ImageObject","inLanguage":"de","@id":"https:\/\/fonsvinum.com\/de\/produkt\/barolo-sandrone-vite-talin-2014\/#primaryimage","url":"https:\/\/fonsvinum.com\/files\/2022\/12\/SANDRONE_-_Barolo_DOCG_-_Vite_Talin_2014_-_ASTUCCIATO.png","contentUrl":"https:\/\/fonsvinum.com\/files\/2022\/12\/SANDRONE_-_Barolo_DOCG_-_Vite_Talin_2014_-_ASTUCCIATO.png","width":200,"height":600},{"@type":"BreadcrumbList","@id":"https:\/\/fonsvinum.com\/de\/produkt\/barolo-sandrone-vite-talin-2014\/#breadcrumb","itemListElement":[{"@type":"ListItem","position":1,"name":"Startseite","item":"https:\/\/fonsvinum.com\/de\/"},{"@type":"ListItem","position":2,"name":"Shop","item":"https:\/\/fonsvinum.com\/de\/shop\/"},{"@type":"ListItem","position":3,"name":"Barolo Sandrone Vite Talin 2014"}]},{"@type":"WebSite","@id":"https:\/\/fonsvinum.com\/en\/#website","url":"https:\/\/fonsvinum.com\/en\/","name":"Fons Vinum","description":"Vendita Vino Online","publisher":{"@id":"https:\/\/fonsvinum.com\/en\/#organization"},"potentialAction":[{"@type":"SearchAction","target":{"@type":"EntryPoint","urlTemplate":"https:\/\/fonsvinum.com\/en\/?s={search_term_string}"},"query-input":{"@type":"PropertyValueSpecification","valueRequired":true,"valueName":"search_term_string"}}],"inLanguage":"de"},{"@type":"Organization","@id":"https:\/\/fonsvinum.com\/en\/#organization","name":"Fons Vinum","url":"https:\/\/fonsvinum.com\/en\/","logo":{"@type":"ImageObject","inLanguage":"de","@id":"https:\/\/fonsvinum.com\/en\/#\/schema\/logo\/image\/","url":"","contentUrl":"","caption":"Fons Vinum"},"image":{"@id":"https:\/\/fonsvinum.com\/en\/#\/schema\/logo\/image\/"}}]}},"acf":[],"_links":{"self":[{"href":"https:\/\/fonsvinum.com\/de\/wp-json\/wp\/v2\/product\/39132","targetHints":{"allow":["GET"]}}],"collection":[{"href":"https:\/\/fonsvinum.com\/de\/wp-json\/wp\/v2\/product"}],"about":[{"href":"https:\/\/fonsvinum.com\/de\/wp-json\/wp\/v2\/types\/product"}],"replies":[{"embeddable":true,"href":"https:\/\/fonsvinum.com\/de\/wp-json\/wp\/v2\/comments?post=39132"}],"wp:featuredmedia":[{"embeddable":true,"href":"https:\/\/fonsvinum.com\/de\/wp-json\/wp\/v2\/media\/39140"}],"wp:attachment":[{"href":"https:\/\/fonsvinum.com\/de\/wp-json\/wp\/v2\/media?parent=39132"}],"wp:term":[{"taxonomy":"product_brand","embeddable":true,"href":"https:\/\/fonsvinum.com\/de\/wp-json\/wp\/v2\/product_brand?post=39132"},{"taxonomy":"product_cat","embeddable":true,"href":"https:\/\/fonsvinum.com\/de\/wp-json\/wp\/v2\/product_cat?post=39132"},{"taxonomy":"product_tag","embeddable":true,"href":"https:\/\/fonsvinum.com\/de\/wp-json\/wp\/v2\/product_tag?post=39132"}],"curies":[{"name":"wp","href":"https:\/\/api.w.org\/{rel}","templated":true}]}}