{"id":39034,"date":"2022-12-15T10:40:49","date_gmt":"2022-12-15T09:40:49","guid":{"rendered":"https:\/\/fonsvinum.com\/?post_type=product&#038;p=39034"},"modified":"2022-12-15T11:38:46","modified_gmt":"2022-12-15T10:38:46","slug":"bollinger-la-grande-annee-champagne-rose-2014","status":"publish","type":"product","link":"https:\/\/fonsvinum.com\/de\/produkt\/bollinger-la-grande-annee-champagne-rose-2014\/","title":{"rendered":"BOLLINGER La Grande Annee Champagne Ros\u00e8 2014"},"content":{"rendered":"<h1><a href=\"https:\/\/fonsvinum.com\/de\/\/?s=BOLLINGER&amp;post_type=product\">BOLLINGER<\/a> La Grande Annee <a href=\"https:\/\/fonsvinum.com\/de\/?s=CHAMPAGNE&amp;post_type=product\">Champagne <\/a>Ros\u00e8 2014<\/h1>\n<p>Der La Grand Ann\u00e9e Ros\u00e9 2014 besteht aus Pinot Noir und Chardonnay aus 21 verschiedenen Cru Weinbergen, wobei Pinot Noir vor allem aus A\u00ff und Verzenay stammt und die Chardonnay-Trauben aus Le Mesnil-sur-Oger und Oiry.<\/p>\n<p>Bitte nicht zu kalt servieren, idealerweise um die 10\u00b0C, denn dann kann sich die Grand Ann\u00e9e richtig entfalten. Mit etwas Luft kommen seine feinen Fruchtaromen von kleinen Walderdbeeren zum Vorschein. L\u00e4sst man sich Zeit, wird das Bouquet \u00e4u\u00dferst komplex und es entfalten sich sehr feine Brioche-T\u00f6ne aus der langen Lagerung auf der Hefe, florale Noten und Ankl\u00e4nge von Zitrusfr\u00fcchten. Auch am Gaumen zeigt La Grande Ann\u00e9e ein sch\u00f6nes Aromengeflecht. Es ist ein unglaublich eleganter und sehr subtiler Champagner.<\/p>\n<p><strong>Speisen-Empfehlung<\/strong>: Aperitif, Solist, Meditationswein<\/p>\n","protected":false},"excerpt":{"rendered":"<p>BOLLINGER La Grande Annee Champagne Ros\u00e8 2014 Der La Grand Ann\u00e9e Ros\u00e9 2014 besteht aus Pinot Noir und Chardonnay aus 21 verschiedenen Cru Weinbergen, wobei Pinot Noir vor allem aus A\u00ff und Verzenay stammt und die Chardonnay-Trauben aus Le Mesnil-sur-Oger und Oiry. Bitte nicht zu kalt servieren, idealerweise um die 10\u00b0C, denn dann kann sich [&hellip;]<\/p>\n","protected":false},"featured_media":39048,"comment_status":"open","ping_status":"closed","template":"","meta":{"_acf_changed":false,"_monsterinsights_skip_tracking":false,"_monsterinsights_sitenote_active":false,"_monsterinsights_sitenote_note":"","_monsterinsights_sitenote_category":0},"product_brand":[],"product_cat":[2160,1478],"product_tag":[1802,17724],"class_list":{"0":"post-39034","1":"product","2":"type-product","3":"status-publish","4":"has-post-thumbnail","6":"product_cat-champagne-de","7":"product_cat-rose-de","8":"product_tag-champagne-de","9":"product_tag-francia-de","10":"pa_appellation-champagne-aoc-de","11":"pa_formato-0-75-l-flasche-de","12":"pa_producer-bollinger-de","13":"pa_region-champagne-de","14":"pa_vine-72-chardonnay-28-pinot-nero-de-de","15":"pa_vintage-2014-de","17":"first","18":"instock","19":"sale","20":"taxable","21":"shipping-taxable","22":"purchasable","23":"product-type-simple"},"bundled_by":[],"bundle_stock_status":"instock","bundle_stock_quantity":5,"bundle_virtual":false,"bundle_layout":"","bundle_add_to_cart_form_location":"","bundle_editable_in_cart":false,"bundle_sold_individually_context":"","bundle_item_grouping":"","bundle_min_size":"","bundle_max_size":"","bundle_price":[],"bundled_items":[],"bundle_sell_ids":[],"yoast_head":"<!-- This site is optimized with the Yoast SEO plugin v27.2 - https:\/\/yoast.com\/product\/yoast-seo-wordpress\/ -->\n<title>BOLLINGER La Grande Annee Champagne Ros\u00e8 2014<\/title>\n<meta name=\"description\" content=\"BOLLINGER La Grande Annee Champagne Ros\u00e8 2014\" \/>\n<meta name=\"robots\" content=\"index, follow, max-snippet:-1, max-image-preview:large, max-video-preview:-1\" \/>\n<link rel=\"canonical\" href=\"https:\/\/fonsvinum.com\/de\/produkt\/bollinger-la-grande-annee-champagne-rose-2014\/\" \/>\n<meta property=\"og:locale\" content=\"de_DE\" \/>\n<meta property=\"og:type\" content=\"article\" \/>\n<meta property=\"og:title\" content=\"BOLLINGER La Grande Annee Champagne Ros\u00e8 2014\" \/>\n<meta property=\"og:description\" content=\"BOLLINGER La Grande Annee Champagne Ros\u00e8 2014\" \/>\n<meta property=\"og:url\" content=\"https:\/\/fonsvinum.com\/de\/produkt\/bollinger-la-grande-annee-champagne-rose-2014\/\" \/>\n<meta property=\"og:site_name\" content=\"Fons Vinum\" \/>\n<meta property=\"article:modified_time\" content=\"2022-12-15T10:38:46+00:00\" \/>\n<meta property=\"og:image\" content=\"https:\/\/fonsvinum.com\/files\/2022\/12\/LA-GRANDE-ANNEE-Rose-BOLLINGER-2014-1.png\" \/>\n\t<meta property=\"og:image:width\" content=\"200\" \/>\n\t<meta property=\"og:image:height\" content=\"600\" \/>\n\t<meta property=\"og:image:type\" content=\"image\/png\" \/>\n<meta name=\"twitter:label1\" content=\"Gesch\u00e4tzte Lesezeit\" \/>\n\t<meta name=\"twitter:data1\" content=\"1\u00a0Minute\" \/>\n<script type=\"application\/ld+json\" class=\"yoast-schema-graph\">{\"@context\":\"https:\/\/schema.org\",\"@graph\":[{\"@type\":\"WebPage\",\"@id\":\"https:\/\/fonsvinum.com\/de\/produkt\/bollinger-la-grande-annee-champagne-rose-2014\/\",\"url\":\"https:\/\/fonsvinum.com\/de\/produkt\/bollinger-la-grande-annee-champagne-rose-2014\/\",\"name\":\"BOLLINGER La Grande Annee Champagne Ros\u00e8 2014\",\"isPartOf\":{\"@id\":\"https:\/\/fonsvinum.com\/en\/#website\"},\"primaryImageOfPage\":{\"@id\":\"https:\/\/fonsvinum.com\/de\/produkt\/bollinger-la-grande-annee-champagne-rose-2014\/#primaryimage\"},\"image\":{\"@id\":\"https:\/\/fonsvinum.com\/de\/produkt\/bollinger-la-grande-annee-champagne-rose-2014\/#primaryimage\"},\"thumbnailUrl\":\"https:\/\/fonsvinum.com\/files\/2022\/12\/LA-GRANDE-ANNEE-Rose-BOLLINGER-2014-1.png\",\"datePublished\":\"2022-12-15T09:40:49+00:00\",\"dateModified\":\"2022-12-15T10:38:46+00:00\",\"description\":\"BOLLINGER La Grande Annee Champagne Ros\u00e8 2014\",\"breadcrumb\":{\"@id\":\"https:\/\/fonsvinum.com\/de\/produkt\/bollinger-la-grande-annee-champagne-rose-2014\/#breadcrumb\"},\"inLanguage\":\"de\",\"potentialAction\":[{\"@type\":\"ReadAction\",\"target\":[\"https:\/\/fonsvinum.com\/de\/produkt\/bollinger-la-grande-annee-champagne-rose-2014\/\"]}]},{\"@type\":\"ImageObject\",\"inLanguage\":\"de\",\"@id\":\"https:\/\/fonsvinum.com\/de\/produkt\/bollinger-la-grande-annee-champagne-rose-2014\/#primaryimage\",\"url\":\"https:\/\/fonsvinum.com\/files\/2022\/12\/LA-GRANDE-ANNEE-Rose-BOLLINGER-2014-1.png\",\"contentUrl\":\"https:\/\/fonsvinum.com\/files\/2022\/12\/LA-GRANDE-ANNEE-Rose-BOLLINGER-2014-1.png\",\"width\":200,\"height\":600},{\"@type\":\"BreadcrumbList\",\"@id\":\"https:\/\/fonsvinum.com\/de\/produkt\/bollinger-la-grande-annee-champagne-rose-2014\/#breadcrumb\",\"itemListElement\":[{\"@type\":\"ListItem\",\"position\":1,\"name\":\"Startseite\",\"item\":\"https:\/\/fonsvinum.com\/de\/\"},{\"@type\":\"ListItem\",\"position\":2,\"name\":\"Shop\",\"item\":\"https:\/\/fonsvinum.com\/de\/shop\/\"},{\"@type\":\"ListItem\",\"position\":3,\"name\":\"BOLLINGER La Grande Annee Champagne Ros\u00e8 2014\"}]},{\"@type\":\"WebSite\",\"@id\":\"https:\/\/fonsvinum.com\/en\/#website\",\"url\":\"https:\/\/fonsvinum.com\/en\/\",\"name\":\"Fons Vinum\",\"description\":\"Vendita Vino Online\",\"publisher\":{\"@id\":\"https:\/\/fonsvinum.com\/en\/#organization\"},\"potentialAction\":[{\"@type\":\"SearchAction\",\"target\":{\"@type\":\"EntryPoint\",\"urlTemplate\":\"https:\/\/fonsvinum.com\/en\/?s={search_term_string}\"},\"query-input\":{\"@type\":\"PropertyValueSpecification\",\"valueRequired\":true,\"valueName\":\"search_term_string\"}}],\"inLanguage\":\"de\"},{\"@type\":\"Organization\",\"@id\":\"https:\/\/fonsvinum.com\/en\/#organization\",\"name\":\"Fons Vinum\",\"url\":\"https:\/\/fonsvinum.com\/en\/\",\"logo\":{\"@type\":\"ImageObject\",\"inLanguage\":\"de\",\"@id\":\"https:\/\/fonsvinum.com\/en\/#\/schema\/logo\/image\/\",\"url\":\"\",\"contentUrl\":\"\",\"caption\":\"Fons Vinum\"},\"image\":{\"@id\":\"https:\/\/fonsvinum.com\/en\/#\/schema\/logo\/image\/\"}}]}<\/script>\n<!-- \/ Yoast SEO plugin. -->","yoast_head_json":{"title":"BOLLINGER La Grande Annee Champagne Ros\u00e8 2014","description":"BOLLINGER La Grande Annee Champagne Ros\u00e8 2014","robots":{"index":"index","follow":"follow","max-snippet":"max-snippet:-1","max-image-preview":"max-image-preview:large","max-video-preview":"max-video-preview:-1"},"canonical":"https:\/\/fonsvinum.com\/de\/produkt\/bollinger-la-grande-annee-champagne-rose-2014\/","og_locale":"de_DE","og_type":"article","og_title":"BOLLINGER La Grande Annee Champagne Ros\u00e8 2014","og_description":"BOLLINGER La Grande Annee Champagne Ros\u00e8 2014","og_url":"https:\/\/fonsvinum.com\/de\/produkt\/bollinger-la-grande-annee-champagne-rose-2014\/","og_site_name":"Fons Vinum","article_modified_time":"2022-12-15T10:38:46+00:00","og_image":[{"width":200,"height":600,"url":"https:\/\/fonsvinum.com\/files\/2022\/12\/LA-GRANDE-ANNEE-Rose-BOLLINGER-2014-1.png","type":"image\/png"}],"twitter_misc":{"Gesch\u00e4tzte Lesezeit":"1\u00a0Minute"},"schema":{"@context":"https:\/\/schema.org","@graph":[{"@type":"WebPage","@id":"https:\/\/fonsvinum.com\/de\/produkt\/bollinger-la-grande-annee-champagne-rose-2014\/","url":"https:\/\/fonsvinum.com\/de\/produkt\/bollinger-la-grande-annee-champagne-rose-2014\/","name":"BOLLINGER La Grande Annee Champagne Ros\u00e8 2014","isPartOf":{"@id":"https:\/\/fonsvinum.com\/en\/#website"},"primaryImageOfPage":{"@id":"https:\/\/fonsvinum.com\/de\/produkt\/bollinger-la-grande-annee-champagne-rose-2014\/#primaryimage"},"image":{"@id":"https:\/\/fonsvinum.com\/de\/produkt\/bollinger-la-grande-annee-champagne-rose-2014\/#primaryimage"},"thumbnailUrl":"https:\/\/fonsvinum.com\/files\/2022\/12\/LA-GRANDE-ANNEE-Rose-BOLLINGER-2014-1.png","datePublished":"2022-12-15T09:40:49+00:00","dateModified":"2022-12-15T10:38:46+00:00","description":"BOLLINGER La Grande Annee Champagne Ros\u00e8 2014","breadcrumb":{"@id":"https:\/\/fonsvinum.com\/de\/produkt\/bollinger-la-grande-annee-champagne-rose-2014\/#breadcrumb"},"inLanguage":"de","potentialAction":[{"@type":"ReadAction","target":["https:\/\/fonsvinum.com\/de\/produkt\/bollinger-la-grande-annee-champagne-rose-2014\/"]}]},{"@type":"ImageObject","inLanguage":"de","@id":"https:\/\/fonsvinum.com\/de\/produkt\/bollinger-la-grande-annee-champagne-rose-2014\/#primaryimage","url":"https:\/\/fonsvinum.com\/files\/2022\/12\/LA-GRANDE-ANNEE-Rose-BOLLINGER-2014-1.png","contentUrl":"https:\/\/fonsvinum.com\/files\/2022\/12\/LA-GRANDE-ANNEE-Rose-BOLLINGER-2014-1.png","width":200,"height":600},{"@type":"BreadcrumbList","@id":"https:\/\/fonsvinum.com\/de\/produkt\/bollinger-la-grande-annee-champagne-rose-2014\/#breadcrumb","itemListElement":[{"@type":"ListItem","position":1,"name":"Startseite","item":"https:\/\/fonsvinum.com\/de\/"},{"@type":"ListItem","position":2,"name":"Shop","item":"https:\/\/fonsvinum.com\/de\/shop\/"},{"@type":"ListItem","position":3,"name":"BOLLINGER La Grande Annee Champagne Ros\u00e8 2014"}]},{"@type":"WebSite","@id":"https:\/\/fonsvinum.com\/en\/#website","url":"https:\/\/fonsvinum.com\/en\/","name":"Fons Vinum","description":"Vendita Vino Online","publisher":{"@id":"https:\/\/fonsvinum.com\/en\/#organization"},"potentialAction":[{"@type":"SearchAction","target":{"@type":"EntryPoint","urlTemplate":"https:\/\/fonsvinum.com\/en\/?s={search_term_string}"},"query-input":{"@type":"PropertyValueSpecification","valueRequired":true,"valueName":"search_term_string"}}],"inLanguage":"de"},{"@type":"Organization","@id":"https:\/\/fonsvinum.com\/en\/#organization","name":"Fons Vinum","url":"https:\/\/fonsvinum.com\/en\/","logo":{"@type":"ImageObject","inLanguage":"de","@id":"https:\/\/fonsvinum.com\/en\/#\/schema\/logo\/image\/","url":"","contentUrl":"","caption":"Fons Vinum"},"image":{"@id":"https:\/\/fonsvinum.com\/en\/#\/schema\/logo\/image\/"}}]}},"acf":[],"_links":{"self":[{"href":"https:\/\/fonsvinum.com\/de\/wp-json\/wp\/v2\/product\/39034","targetHints":{"allow":["GET"]}}],"collection":[{"href":"https:\/\/fonsvinum.com\/de\/wp-json\/wp\/v2\/product"}],"about":[{"href":"https:\/\/fonsvinum.com\/de\/wp-json\/wp\/v2\/types\/product"}],"replies":[{"embeddable":true,"href":"https:\/\/fonsvinum.com\/de\/wp-json\/wp\/v2\/comments?post=39034"}],"wp:featuredmedia":[{"embeddable":true,"href":"https:\/\/fonsvinum.com\/de\/wp-json\/wp\/v2\/media\/39048"}],"wp:attachment":[{"href":"https:\/\/fonsvinum.com\/de\/wp-json\/wp\/v2\/media?parent=39034"}],"wp:term":[{"taxonomy":"product_brand","embeddable":true,"href":"https:\/\/fonsvinum.com\/de\/wp-json\/wp\/v2\/product_brand?post=39034"},{"taxonomy":"product_cat","embeddable":true,"href":"https:\/\/fonsvinum.com\/de\/wp-json\/wp\/v2\/product_cat?post=39034"},{"taxonomy":"product_tag","embeddable":true,"href":"https:\/\/fonsvinum.com\/de\/wp-json\/wp\/v2\/product_tag?post=39034"}],"curies":[{"name":"wp","href":"https:\/\/api.w.org\/{rel}","templated":true}]}}