{"id":38722,"date":"2022-11-14T10:38:18","date_gmt":"2022-11-14T09:38:18","guid":{"rendered":"https:\/\/fonsvinum.com\/?post_type=product&#038;p=38722"},"modified":"2022-11-14T11:24:24","modified_gmt":"2022-11-14T10:24:24","slug":"ornellaia-2017-solare","status":"publish","type":"product","link":"https:\/\/fonsvinum.com\/de\/produkt\/ornellaia-2017-solare\/","title":{"rendered":"ORNELLAIA 2017\u201eSolare\u201c"},"content":{"rendered":"<h1><a href=\"http:\/\/www.ornellaia.com\/de\/\">ORNELLAIA<\/a> 2017<\/h1>\n<div data-wrapper=\"true\">\n<div class=\"uk-accordion-content\">\n<div class=\"scheda-container\">\n<div class=\"scheda-container-descr-cnt\">\n<p>Der Wunsch, die au\u00dfergew\u00f6hnliche Qualit\u00e4t des Weinguts zu f\u00f6rdern, pr\u00e4gt seit Beginn die Ornellaia-Philosophie. Ornellaia ist eine Cuv\u00e9e aus Cabernet Sauvignon, Merlot, Cabernet Franc sowie Petit Verdot und der authentische Ausdruck eines einzigartigen Terroirs, das im Einklang mit der Natur entwickelt wurde.<\/p>\n<h1>Ornellaia 2017\u00a0\u201eSolare\u201c<\/h1>\n<div class=\"vendemmia-artista-sections\">\n<div id=\"video\" class=\"section uk-display-block\">\n<div id=\"video\" class=\"section uk-display-block\">\n<p>Im Rahmen der 12. Auflage des Ornellaia Vendemmia d\u2019Artista Projekts interpretiert\u00a0<strong>Tom\u00e1s Saraceno<\/strong>\u00a0den Charakter \u201eSolare\u201c (sonnig) des Ornellaia 2017 und l\u00e4dt uns mit seiner Interpretation ein, \u00fcber die Auswirkungen unserer Handlungen auf den Planeten nachzudenken. Der K\u00fcnstler hat im Rahmen dieses Projekts nicht nur ein besonderes, ganz pers\u00f6nliches Meisterwerk f\u00fcr das Weingut geschaffen, sondern auch eine limitierte Serie von 111 gro\u00dfformatigen Flaschen k\u00fcnstlerisch gestaltet und ein Sonderetikett entworfen, das auf je einer Flasche Ornellaia in jeder Kiste \u00e0 6\u00d7750 ml Flaschen zu finden sein wird.<\/p>\n<h1>Der K\u00fcnstler\u00a0Tom\u00e1s Saraceno<\/h1>\n<\/div>\n<div id=\"artista\" class=\"section\">\n<div id=\"artista\" class=\"section\">\n<p>Tom\u00e1s Saraceno ist ein Vision\u00e4r, der mit seinen Werken die Welt der zeitgen\u00f6ssischen Kunst nachhaltig aufger\u00fcttelt hat. Die Arbeit des 1973 in Argentinien geborenen K\u00fcnstlers ist gepr\u00e4gt von der konzeptuellen Verflechtung von Kunst, Natur- und Sozialwissenschaften. Seine am Schnittpunkt dieser so vollkommen unterschiedlichen Welten eingebetteten schwebenden Skulpturen, Gemeinschaftsprojekte und interaktiven Installationen er\u00f6ffnen uns in Zeiten des \u00f6kologischen Aufruhrs neue nachhaltige Wege, die Umwelt zu erkunden und zu bewohnen.<\/p>\n<\/div>\n<div id=\"edizione_limitata\" class=\"section\">\n<h1>Sonderetiketten<\/h1>\n<p>Wie bei jeder Ausgabe hat der K\u00fcnstler Tom\u00e1s Saraceno eine Kollektion f\u00fcr gro\u00dfe Flaschenformate entwickelt: 100 Doppelmagnum (3 Liter), 10 Imperial (6 Liter) und ein einziges Exemplar f\u00fcr das Salmanazar-Format (9 Liter). Tom\u00e1s Saraceno hat auch das Sonderetikett f\u00fcr das 0,75 l-Format entworfen: In jeder Ornellaia-Weinkiste des Jahrgangs 2017 befindet sich jeweils eine Flasche mit K\u00fcnstleretikett. Dies ist das zentrale Thema dieses Projekts, in dem die Interaktion zwischen Mensch und Kunstwerk eine unmittelbare Verbindung mit dem eng ineinander verschlungenen Beziehungsgeflecht herstellt, das sich \u00fcber Mikro- und Makror\u00e4ume bis hin zur Sonne erstreckt.<\/p>\n<\/div>\n<\/div>\n<\/div>\n<\/div>\n<\/div>\n<\/div>\n<div class=\"post-content-container uk-hidden-small\">\n<div class=\"uk-accordion\">\n<h3 class=\"uk-accordion-title uk-active\">WINEMAKER\u2019S TASTING NOTES 2017<\/h3>\n<div data-wrapper=\"true\">\n<div class=\"uk-accordion-content\">\n<p>\u201eOrnellaia 2017 interpretiert das besonders warme und sonnige Jahr meisterhaft. Die intensive und dunkle Farbe k\u00fcndigt einen Wein von sch\u00f6ner Konzentration an. In der Nase reich und komplex, setzt er Aromen von reifen Beerenfr\u00fcchten frei, begleitet von Noten von s\u00fc\u00dfem Tabak und Vanille. Am Gaumen offenbart sich ein Ornellaia von gro\u00dfer Ausgewogenheit, eine Kombination aus Best\u00e4ndigkeit und angenehmer Frische.\u201c<\/p>\n<p>Olga Fusari \u2013 Weinmacher \u2013 Juli 2019<\/p>\n<h3 class=\"uk-accordion-title uk-active\">BEWERTUNGEN &#8211; 2017<\/h3>\n<div data-wrapper=\"true\">\n<div class=\"uk-accordion-content\">\n<p>James Suckling\u00a0<span class=\"gold\">95-96<\/span><\/p>\n<p>Antonio Galloni\u00a0<span class=\"gold\">97<\/span><\/p>\n<\/div>\n<\/div>\n<\/div>\n<\/div>\n<\/div>\n<\/div>\n<\/div>\n<\/div>\n","protected":false},"excerpt":{"rendered":"<p>ORNELLAIA 2017 Der Wunsch, die au\u00dfergew\u00f6hnliche Qualit\u00e4t des Weinguts zu f\u00f6rdern, pr\u00e4gt seit Beginn die Ornellaia-Philosophie. Ornellaia ist eine Cuv\u00e9e aus Cabernet Sauvignon, Merlot, Cabernet Franc sowie Petit Verdot und der authentische Ausdruck eines einzigartigen Terroirs, das im Einklang mit der Natur entwickelt wurde. Ornellaia 2017\u00a0\u201eSolare\u201c Im Rahmen der 12. Auflage des Ornellaia Vendemmia d\u2019Artista [&hellip;]<\/p>\n","protected":false},"featured_media":38800,"comment_status":"open","ping_status":"closed","template":"","meta":{"_acf_changed":false,"_monsterinsights_skip_tracking":false,"_monsterinsights_sitenote_active":false,"_monsterinsights_sitenote_note":"","_monsterinsights_sitenote_category":0},"product_brand":[],"product_cat":[2162],"product_tag":[1733,1751],"class_list":{"0":"post-38722","1":"product","2":"type-product","3":"status-publish","4":"has-post-thumbnail","6":"product_cat-blend","7":"product_tag-aussergewoehnliche-weine-de","8":"product_tag-aussergewoehnliche-weine-aus-italien-de","9":"pa_appellation-bolgheri-superiore-doc-de","10":"pa_formato-0-75-l-flasche-de","11":"pa_producer-tenuta-dellornellaia-de","12":"pa_region-toskana-de","13":"pa_vine-56-cabernet-sauvignon-25-merlot-10-petit-verdot-9-cabernet-franc-de","14":"pa_vintage-2017-de","16":"first","17":"instock","18":"taxable","19":"shipping-taxable","20":"purchasable","21":"product-type-simple"},"bundled_by":[],"bundle_stock_status":"instock","bundle_stock_quantity":2,"bundle_virtual":false,"bundle_layout":"","bundle_add_to_cart_form_location":"","bundle_editable_in_cart":false,"bundle_sold_individually_context":"","bundle_item_grouping":"","bundle_min_size":"","bundle_max_size":"","bundle_price":[],"bundled_items":[],"bundle_sell_ids":[],"yoast_head":"<!-- This site is optimized with the Yoast SEO plugin v27.3 - https:\/\/yoast.com\/product\/yoast-seo-wordpress\/ -->\n<title>ORNELLAIA 2017\u201eSolare\u201c I FONSVINUM RARE WEINE ONLINE<\/title>\n<meta name=\"description\" content=\"ORNELLAIA 2017\u201eSolare\u201c I Fonsvinum rare Weine online aus Piedmont, Toskana und Venetien 56% CABERNET SAUVIGNON25% MERLOT10% PETIT VERDOT9% CABERNET FRANC\" \/>\n<meta name=\"robots\" content=\"index, follow, max-snippet:-1, max-image-preview:large, max-video-preview:-1\" \/>\n<link rel=\"canonical\" href=\"https:\/\/fonsvinum.com\/de\/produkt\/ornellaia-2017-solare\/\" \/>\n<meta property=\"og:locale\" content=\"de_DE\" \/>\n<meta property=\"og:type\" content=\"article\" \/>\n<meta property=\"og:title\" content=\"ORNELLAIA 2017\u201eSolare\u201c I FONSVINUM RARE WEINE ONLINE\" \/>\n<meta property=\"og:description\" content=\"ORNELLAIA 2017\u201eSolare\u201c I Fonsvinum rare Weine online aus Piedmont, Toskana und Venetien 56% CABERNET SAUVIGNON25% MERLOT10% PETIT VERDOT9% CABERNET FRANC\" \/>\n<meta property=\"og:url\" content=\"https:\/\/fonsvinum.com\/de\/produkt\/ornellaia-2017-solare\/\" \/>\n<meta property=\"og:site_name\" content=\"Fons Vinum\" \/>\n<meta property=\"article:modified_time\" content=\"2022-11-14T10:24:24+00:00\" \/>\n<meta property=\"og:image\" content=\"https:\/\/fonsvinum.com\/files\/2022\/11\/ornellaia-2017-solare.png\" \/>\n\t<meta property=\"og:image:width\" content=\"200\" \/>\n\t<meta property=\"og:image:height\" content=\"600\" \/>\n\t<meta property=\"og:image:type\" content=\"image\/png\" \/>\n<meta name=\"twitter:label1\" content=\"Gesch\u00e4tzte Lesezeit\" \/>\n\t<meta name=\"twitter:data1\" content=\"2\u00a0Minuten\" \/>\n<script type=\"application\/ld+json\" class=\"yoast-schema-graph\">{\"@context\":\"https:\\\/\\\/schema.org\",\"@graph\":[{\"@type\":\"WebPage\",\"@id\":\"https:\\\/\\\/fonsvinum.com\\\/de\\\/produkt\\\/ornellaia-2017-solare\\\/\",\"url\":\"https:\\\/\\\/fonsvinum.com\\\/de\\\/produkt\\\/ornellaia-2017-solare\\\/\",\"name\":\"ORNELLAIA 2017\u201eSolare\u201c I FONSVINUM RARE WEINE ONLINE\",\"isPartOf\":{\"@id\":\"https:\\\/\\\/fonsvinum.com\\\/en\\\/#website\"},\"primaryImageOfPage\":{\"@id\":\"https:\\\/\\\/fonsvinum.com\\\/de\\\/produkt\\\/ornellaia-2017-solare\\\/#primaryimage\"},\"image\":{\"@id\":\"https:\\\/\\\/fonsvinum.com\\\/de\\\/produkt\\\/ornellaia-2017-solare\\\/#primaryimage\"},\"thumbnailUrl\":\"https:\\\/\\\/fonsvinum.com\\\/files\\\/2022\\\/11\\\/ornellaia-2017-solare.png\",\"datePublished\":\"2022-11-14T09:38:18+00:00\",\"dateModified\":\"2022-11-14T10:24:24+00:00\",\"description\":\"ORNELLAIA 2017\u201eSolare\u201c I Fonsvinum rare Weine online aus Piedmont, Toskana und Venetien 56% CABERNET SAUVIGNON25% MERLOT10% PETIT VERDOT9% CABERNET FRANC\",\"breadcrumb\":{\"@id\":\"https:\\\/\\\/fonsvinum.com\\\/de\\\/produkt\\\/ornellaia-2017-solare\\\/#breadcrumb\"},\"inLanguage\":\"de\",\"potentialAction\":[{\"@type\":\"ReadAction\",\"target\":[\"https:\\\/\\\/fonsvinum.com\\\/de\\\/produkt\\\/ornellaia-2017-solare\\\/\"]}]},{\"@type\":\"ImageObject\",\"inLanguage\":\"de\",\"@id\":\"https:\\\/\\\/fonsvinum.com\\\/de\\\/produkt\\\/ornellaia-2017-solare\\\/#primaryimage\",\"url\":\"https:\\\/\\\/fonsvinum.com\\\/files\\\/2022\\\/11\\\/ornellaia-2017-solare.png\",\"contentUrl\":\"https:\\\/\\\/fonsvinum.com\\\/files\\\/2022\\\/11\\\/ornellaia-2017-solare.png\",\"width\":200,\"height\":600},{\"@type\":\"BreadcrumbList\",\"@id\":\"https:\\\/\\\/fonsvinum.com\\\/de\\\/produkt\\\/ornellaia-2017-solare\\\/#breadcrumb\",\"itemListElement\":[{\"@type\":\"ListItem\",\"position\":1,\"name\":\"Startseite\",\"item\":\"https:\\\/\\\/fonsvinum.com\\\/de\\\/\"},{\"@type\":\"ListItem\",\"position\":2,\"name\":\"Shop\",\"item\":\"https:\\\/\\\/fonsvinum.com\\\/de\\\/shop\\\/\"},{\"@type\":\"ListItem\",\"position\":3,\"name\":\"ORNELLAIA 2017\u201eSolare\u201c\"}]},{\"@type\":\"WebSite\",\"@id\":\"https:\\\/\\\/fonsvinum.com\\\/en\\\/#website\",\"url\":\"https:\\\/\\\/fonsvinum.com\\\/en\\\/\",\"name\":\"Fons Vinum\",\"description\":\"Vendita Vino Online\",\"publisher\":{\"@id\":\"https:\\\/\\\/fonsvinum.com\\\/en\\\/#organization\"},\"potentialAction\":[{\"@type\":\"SearchAction\",\"target\":{\"@type\":\"EntryPoint\",\"urlTemplate\":\"https:\\\/\\\/fonsvinum.com\\\/en\\\/?s={search_term_string}\"},\"query-input\":{\"@type\":\"PropertyValueSpecification\",\"valueRequired\":true,\"valueName\":\"search_term_string\"}}],\"inLanguage\":\"de\"},{\"@type\":\"Organization\",\"@id\":\"https:\\\/\\\/fonsvinum.com\\\/en\\\/#organization\",\"name\":\"Fons Vinum\",\"url\":\"https:\\\/\\\/fonsvinum.com\\\/en\\\/\",\"logo\":{\"@type\":\"ImageObject\",\"inLanguage\":\"de\",\"@id\":\"https:\\\/\\\/fonsvinum.com\\\/en\\\/#\\\/schema\\\/logo\\\/image\\\/\",\"url\":\"\",\"contentUrl\":\"\",\"caption\":\"Fons Vinum\"},\"image\":{\"@id\":\"https:\\\/\\\/fonsvinum.com\\\/en\\\/#\\\/schema\\\/logo\\\/image\\\/\"}}]}<\/script>\n<!-- \/ Yoast SEO plugin. -->","yoast_head_json":{"title":"ORNELLAIA 2017\u201eSolare\u201c I FONSVINUM RARE WEINE ONLINE","description":"ORNELLAIA 2017\u201eSolare\u201c I Fonsvinum rare Weine online aus Piedmont, Toskana und Venetien 56% CABERNET SAUVIGNON25% MERLOT10% PETIT VERDOT9% CABERNET FRANC","robots":{"index":"index","follow":"follow","max-snippet":"max-snippet:-1","max-image-preview":"max-image-preview:large","max-video-preview":"max-video-preview:-1"},"canonical":"https:\/\/fonsvinum.com\/de\/produkt\/ornellaia-2017-solare\/","og_locale":"de_DE","og_type":"article","og_title":"ORNELLAIA 2017\u201eSolare\u201c I FONSVINUM RARE WEINE ONLINE","og_description":"ORNELLAIA 2017\u201eSolare\u201c I Fonsvinum rare Weine online aus Piedmont, Toskana und Venetien 56% CABERNET SAUVIGNON25% MERLOT10% PETIT VERDOT9% CABERNET FRANC","og_url":"https:\/\/fonsvinum.com\/de\/produkt\/ornellaia-2017-solare\/","og_site_name":"Fons Vinum","article_modified_time":"2022-11-14T10:24:24+00:00","og_image":[{"width":200,"height":600,"url":"https:\/\/fonsvinum.com\/files\/2022\/11\/ornellaia-2017-solare.png","type":"image\/png"}],"twitter_misc":{"Gesch\u00e4tzte Lesezeit":"2\u00a0Minuten"},"schema":{"@context":"https:\/\/schema.org","@graph":[{"@type":"WebPage","@id":"https:\/\/fonsvinum.com\/de\/produkt\/ornellaia-2017-solare\/","url":"https:\/\/fonsvinum.com\/de\/produkt\/ornellaia-2017-solare\/","name":"ORNELLAIA 2017\u201eSolare\u201c I FONSVINUM RARE WEINE ONLINE","isPartOf":{"@id":"https:\/\/fonsvinum.com\/en\/#website"},"primaryImageOfPage":{"@id":"https:\/\/fonsvinum.com\/de\/produkt\/ornellaia-2017-solare\/#primaryimage"},"image":{"@id":"https:\/\/fonsvinum.com\/de\/produkt\/ornellaia-2017-solare\/#primaryimage"},"thumbnailUrl":"https:\/\/fonsvinum.com\/files\/2022\/11\/ornellaia-2017-solare.png","datePublished":"2022-11-14T09:38:18+00:00","dateModified":"2022-11-14T10:24:24+00:00","description":"ORNELLAIA 2017\u201eSolare\u201c I Fonsvinum rare Weine online aus Piedmont, Toskana und Venetien 56% CABERNET SAUVIGNON25% MERLOT10% PETIT VERDOT9% CABERNET FRANC","breadcrumb":{"@id":"https:\/\/fonsvinum.com\/de\/produkt\/ornellaia-2017-solare\/#breadcrumb"},"inLanguage":"de","potentialAction":[{"@type":"ReadAction","target":["https:\/\/fonsvinum.com\/de\/produkt\/ornellaia-2017-solare\/"]}]},{"@type":"ImageObject","inLanguage":"de","@id":"https:\/\/fonsvinum.com\/de\/produkt\/ornellaia-2017-solare\/#primaryimage","url":"https:\/\/fonsvinum.com\/files\/2022\/11\/ornellaia-2017-solare.png","contentUrl":"https:\/\/fonsvinum.com\/files\/2022\/11\/ornellaia-2017-solare.png","width":200,"height":600},{"@type":"BreadcrumbList","@id":"https:\/\/fonsvinum.com\/de\/produkt\/ornellaia-2017-solare\/#breadcrumb","itemListElement":[{"@type":"ListItem","position":1,"name":"Startseite","item":"https:\/\/fonsvinum.com\/de\/"},{"@type":"ListItem","position":2,"name":"Shop","item":"https:\/\/fonsvinum.com\/de\/shop\/"},{"@type":"ListItem","position":3,"name":"ORNELLAIA 2017\u201eSolare\u201c"}]},{"@type":"WebSite","@id":"https:\/\/fonsvinum.com\/en\/#website","url":"https:\/\/fonsvinum.com\/en\/","name":"Fons Vinum","description":"Vendita Vino Online","publisher":{"@id":"https:\/\/fonsvinum.com\/en\/#organization"},"potentialAction":[{"@type":"SearchAction","target":{"@type":"EntryPoint","urlTemplate":"https:\/\/fonsvinum.com\/en\/?s={search_term_string}"},"query-input":{"@type":"PropertyValueSpecification","valueRequired":true,"valueName":"search_term_string"}}],"inLanguage":"de"},{"@type":"Organization","@id":"https:\/\/fonsvinum.com\/en\/#organization","name":"Fons Vinum","url":"https:\/\/fonsvinum.com\/en\/","logo":{"@type":"ImageObject","inLanguage":"de","@id":"https:\/\/fonsvinum.com\/en\/#\/schema\/logo\/image\/","url":"","contentUrl":"","caption":"Fons Vinum"},"image":{"@id":"https:\/\/fonsvinum.com\/en\/#\/schema\/logo\/image\/"}}]}},"acf":[],"_links":{"self":[{"href":"https:\/\/fonsvinum.com\/de\/wp-json\/wp\/v2\/product\/38722","targetHints":{"allow":["GET"]}}],"collection":[{"href":"https:\/\/fonsvinum.com\/de\/wp-json\/wp\/v2\/product"}],"about":[{"href":"https:\/\/fonsvinum.com\/de\/wp-json\/wp\/v2\/types\/product"}],"replies":[{"embeddable":true,"href":"https:\/\/fonsvinum.com\/de\/wp-json\/wp\/v2\/comments?post=38722"}],"wp:featuredmedia":[{"embeddable":true,"href":"https:\/\/fonsvinum.com\/de\/wp-json\/wp\/v2\/media\/38800"}],"wp:attachment":[{"href":"https:\/\/fonsvinum.com\/de\/wp-json\/wp\/v2\/media?parent=38722"}],"wp:term":[{"taxonomy":"product_brand","embeddable":true,"href":"https:\/\/fonsvinum.com\/de\/wp-json\/wp\/v2\/product_brand?post=38722"},{"taxonomy":"product_cat","embeddable":true,"href":"https:\/\/fonsvinum.com\/de\/wp-json\/wp\/v2\/product_cat?post=38722"},{"taxonomy":"product_tag","embeddable":true,"href":"https:\/\/fonsvinum.com\/de\/wp-json\/wp\/v2\/product_tag?post=38722"}],"curies":[{"name":"wp","href":"https:\/\/api.w.org\/{rel}","templated":true}]}}