{"id":38566,"date":"2022-10-19T11:17:40","date_gmt":"2022-10-19T09:17:40","guid":{"rendered":"https:\/\/fonsvinum.com\/?post_type=product&#038;p=38566"},"modified":"2026-04-22T21:21:30","modified_gmt":"2026-04-22T19:21:30","slug":"produttori-del-barbaresco-barbaresco-2019","status":"publish","type":"product","link":"https:\/\/fonsvinum.com\/de\/produkt\/produttori-del-barbaresco-barbaresco-2019\/","title":{"rendered":"PRODUTTORI DEL BARBARESCO Barbaresco 2019"},"content":{"rendered":"<h2>PRODUTTORI DEL BARBARESCO <a href=\"https:\/\/www.shopinlanghe.com\/vini-e-distillati\/vini-rossi\/barbaresco\">Barbaresco<\/a> 2019<\/h2>\n<p>Der Barbaresco PRODUTTORI DEL BARBARESCO Barbaresco 2019 ist einer der Barbarescos mit dem besten Preis-Leistungs-Verh\u00e4ltnis.<\/p>\n<h2>PRODUTTORI DEL <a href=\"https:\/\/fonsvinum.com\/de\/produkt-kategorie\/rotweine-de\/barbaresco-de\/\">BARBARESCO<\/a><\/h2>\n<h3>DIE GESCHICHTE<\/h3>\n<div>\n<p>1894 ist ein entscheidendes Jahr f\u00fcr Barbaresco. Vor diesem Datum wurde der hier angebaute Nebbiolo verkauft, um Barolo zu produzieren, oder als einfacher Tafelwein vinifiziert. Im Jahr 1894 gr\u00fcndete Domizio Cavazza, damals Direktor der K\u00f6niglichen Weinbauschule in Alba und wohnhaft in Barbaresco, wo er Besitzer des Schlosses und des dazugeh\u00f6rigen landwirtschaftlichen Betriebs war, die \u201eCantine Sociali di Barbaresco\u201c zur \u201eErzeugung von Luxus- und Tafelweinen\u201c.  <\/p>\n<p>Indem er neun Landwirte und Besitzer um sich scharte, begann er in den Kellern des Schlosses zu vinifizieren und den Wein nach dem Dorf selbst zu benennen. Dass der in Barbaresco ausgebaute Nebbiolo eigene, ausgepr\u00e4gte Merkmale besa\u00df, war bekannt, doch Cavazza war der Erste, der diese Besonderheit auf dem Etikett anerkannte. 1894 gilt somit als das inoffizielle Geburtsjahr des Barbaresco-Weins.  <\/p>\n<p>Cavazza starb 1913 und die Genossenschaftskellerei wurde in den 1920er-Jahren geschlossen. 1958 griff Don Fiorino Marengo, der damalige Pfarrer von Barbaresco, diese Tradition wieder auf, versammelte neunzehn Winzer und gr\u00fcndete die Produttori del Barbaresco \u201ezur Qualifizierung und Garantie des Barbaresco\u201c. Diese Ziele wurden voll erreicht und werden bis heute verfolgt: Dank der Hingabe und Arbeit der Winzer, die sie ins Leben gerufen haben, gilt die Produttori del Barbaresco seit langem als eine der renommiertesten Kellereien der Zone und als Vorbild f\u00fcr Genossenschaften weltweit.  <\/p>\n<\/div>\n<h3 class=\"interno\">DIE KELLEREI<\/h3>\n<div>\n<p>Gegr\u00fcndet im Jahr 1958, z\u00e4hlt sie heute 50 Mitglieder mit rund 110 Hektar Nebbiolo-Weinbergen (1\/7 des Ursprungsgebiets) und kontrolliert einen Gro\u00dfteil der historischen \u201eCrus\u201c der Region. Die Produttori del Barbaresco vinifiziert ausschlie\u00dflich Nebbiolo-Trauben und erzeugt einen Barbaresco D.O.C.G. aus Trauben verschiedener Lagen des Ursprungsgebiets sowie einen Nebbiolo Langhe D.O.C. aus Trauben derselben Weinberge, die als weniger geeignet f\u00fcr einen Lagerwein eingestuft wurden \u2013 einfacher und trinkfreudiger. <\/p>\n<p>In gro\u00dfen Jahrg\u00e4ngen werden 9 Barbaresco aus spezifischen Lagen produziert und als Barbaresco Riserva vermarktet: Asili, Rabaj\u00e0, Rio Sordo, Ovello, Montestefano, Paj\u00e9, Muncagota, Montefico, Pora \u2013 Gebiete, die seit jeher f\u00fcr die Erzeugung besonders wertvoller Trauben bekannt sind. Seit dem Jahrgang 2007 sind sie offiziell als \u201eMenzioni Geografiche Aggiuntive\u201c anerkannt. Der Name des Crus und der Weinbergbesitzer sind auf den nummerierten Etiketten aufgef\u00fchrt.  <\/p>\n<p>In einem guten Jahrgang werden so etwa 500.000 Flaschen produziert, aufgeteilt in Barbaresco (40 %), Riserva (35 %) und Nebbiolo Langhe (25 %).<\/p>\n<h2>BARBARESCO<\/h2>\n<\/div>\n<p>Der Barbaresco wird jedes Jahr von den 100 Hektar Weinbergen im Ursprungsgebiet produziert, haupts\u00e4chlich in der Gemeinde Barbaresco selbst.<\/p>\n<p>In gro\u00dfen Jahrg\u00e4ngen, wenn die Qualit\u00e4t der Trauben in der gesamten Zone hervorragend ist, werden die historischen Crus separat ausgebaut und als Riserva abgef\u00fcllt; der Barbaresco wird dann aus den Trauben der anderen Weinberge erzeugt.<\/p>\n<p>In normalen Jahrg\u00e4ngen werden keine Riservas produziert und die Trauben der Crus werden f\u00fcr die Erzeugung des Barbaresco verwendet, was dessen intrinsische Qualit\u00e4t steigert.<\/p>\n<p>Dank der Vielfalt der genutzten Weinberge bringt der Barbaresco der \u201eProduttori\u201c die spezifischen Merkmale jedes Jahrgangs mit gro\u00dfer Ausgewogenheit und Harmonie bestm\u00f6glich zum Ausdruck.<\/p>\n<p>Der Barbaresco der Produttori del Barbaresco ist einer der edelsten Rotweine des Piemonts mit einer antiken Geschichte. Er wurde erstmals Ende des 18. Jahrhunderts erw\u00e4hnt, doch erst um 1894 begann der Barbaresco dank Domizio Cavazza und seiner Cantine Sociali die Welt zu erobern. Nach ihm gr\u00fcndete Don Fiorino Marengo 1958 die Produttori del Barbaresco. Heute konzentriert sich der Anbau des Barbaresco auf einige Gemeinden in der Provinz Cuneo, Piemont, und in der ber\u00fchmten Langhe-Region. Diese ist sehr regen- und nebelreich, was jedoch ideal f\u00fcr den Anbau des Nebbiolo ist \u2013 eine empfindliche Rebsorte, die eine langsame Reifung ben\u00f6tigt, die sich in manchen Jahren bis in den sp\u00e4ten November hineinziehen kann. Die Lehm- oder Kalk-Lehm-B\u00f6den sind zusammen mit der H\u00f6henlage der Region Schl\u00fcsselelemente f\u00fcr den Anbau, was der Qualit\u00e4t des Barbaresco, einem Wein aus 100 % Nebbiolo, zugutekommt.    <\/p>\n<h3>Die Vinifizierung des Barbaresco der Produttori del Barbaresco<\/h3>\n<p>Bei der Ernte der Nebbiolo-Trauben werden diese gepresst, um den Most zu gewinnen. Dieser fermentiert in riesigen Bottichen oder Edelstahltanks bei 28 \u00b0C, 30 Tage auf den Schalen, mit zweimal t\u00e4glichem Umpumpen und abgeschlossener malolaktischer G\u00e4rung. Die so verl\u00e4ngerten Reifezeiten des Barbaresco sind kein Zufall, sondern erm\u00f6glichen es ihm, seinen charakteristischen trockenen und delikaten Geschmack anzunehmen. <\/p>\n<h2>Jahrgang 2019<\/h2>\n<p><strong>Rebsorte<\/strong>: 100 % Nebbiolo<br \/>\n<strong>Weinberg:<\/strong> verschiedene Lagen im Ursprungsgebiet des Barbaresco<br \/>\n<strong>Fl\u00e4che:<\/strong> Auswahl von Trauben aus den 100 Hektar Eigenbesitz<br \/>\n<strong>Ausrichtung:<\/strong> S\u00fcd, West, Ost<br \/>\n<strong>Boden:<\/strong> kalkhaltiger Ton mit Sandadern<br \/>\n<strong>Vinifizierung:<\/strong> G\u00e4rung im Edelstahltank bei 28 \u00b0C, 30 Tage auf den Schalen, 2-mal t\u00e4glich Umpumpen, abgeschlossene malolaktische G\u00e4rung<br \/>\n<strong>Ausbau:<\/strong> 24 Monate in 50-hl-Eichenf\u00e4ssern<br \/>\n<strong>Produktion:<\/strong> ca. 260.000 Flaschen<br \/>\n<strong>Jahrgangscharakter:<\/strong> vollmundiger Jahrgang, reife rote Fr\u00fcchte, kr\u00e4ftige Tannine, gro\u00dfe Struktur<br \/>\n<strong>Charakteristika des Weinbergs:<\/strong> verschiedene Weinberge in der Herkunftszone<br \/>\n<strong>Lagerf\u00e4higkeit:<\/strong> 20\u201325 Jahre ab der Ernte<br \/>\n<strong>Weinberg<\/strong><strong>besitzer:<\/strong> 54 Mitgliedswinzer<br \/>\n<strong>Speiseempfehlungen:<\/strong> Eiernudeln, Fleischgerichte und mittelalter K\u00e4se<\/p>\n","protected":false},"excerpt":{"rendered":"<p>PRODUTTORI DEL BARBARESCO Barbaresco 2019 Der Barbaresco PRODUTTORI DEL BARBARESCO Barbaresco 2019 ist einer der Barbarescos mit dem besten Preis-Leistungs-Verh\u00e4ltnis. PRODUTTORI DEL BARBARESCO DIE GESCHICHTE 1894 ist ein entscheidendes Jahr f\u00fcr Barbaresco. Vor diesem Datum wurde der hier angebaute Nebbiolo verkauft, um Barolo zu produzieren, oder als einfacher Tafelwein vinifiziert. Im Jahr 1894 gr\u00fcndete Domizio [&hellip;]<\/p>\n","protected":false},"featured_media":6480,"comment_status":"open","ping_status":"closed","template":"","meta":{"_acf_changed":false,"_monsterinsights_skip_tracking":false,"_monsterinsights_sitenote_active":false,"_monsterinsights_sitenote_note":"","_monsterinsights_sitenote_category":0},"product_brand":[],"product_cat":[1773],"product_tag":[1751,15895,18450,15893],"class_list":{"0":"post-38566","1":"product","2":"type-product","3":"status-publish","4":"has-post-thumbnail","6":"product_cat-barbaresco-de","7":"product_tag-aussergewoehnliche-weine-aus-italien-de","8":"product_tag-barbaresco-de-2","9":"product_tag-langhe-weine","10":"product_tag-piemonte-de","11":"pa_appellation-barbaresco-docg-de","12":"pa_formato-0-75-l-flasche-de","13":"pa_producer-produttori-del-barbaresco-de","14":"pa_region-piemont-de","15":"pa_vine-100-nebbiolo-de","16":"pa_vintage-2019-de","18":"first","19":"instock","20":"taxable","21":"shipping-taxable","22":"purchasable","23":"product-type-simple"},"bundled_by":[],"bundle_stock_status":"instock","bundle_stock_quantity":6,"bundle_virtual":false,"bundle_layout":"","bundle_add_to_cart_form_location":"","bundle_editable_in_cart":false,"bundle_sold_individually_context":"","bundle_item_grouping":"","bundle_min_size":"","bundle_max_size":"","bundle_price":[],"bundled_items":[],"bundle_sell_ids":[],"yoast_head":"<!-- This site is optimized with the Yoast SEO plugin v27.3 - https:\/\/yoast.com\/product\/yoast-seo-wordpress\/ -->\n<title>PRODUTTORI DEL BARBARESCO Barbaresco 2019<\/title>\n<meta name=\"description\" content=\"PRODUTTORI DEL BARBARESCO Barbaresco 2019 -FonsVinum- ...vollmundiger Jahrgang, reife rote Fr\u00fcchte, kr\u00e4ftige Tannine, gro\u00dfe Struktur...\" \/>\n<meta name=\"robots\" content=\"index, follow, max-snippet:-1, max-image-preview:large, max-video-preview:-1\" \/>\n<link rel=\"canonical\" href=\"https:\/\/fonsvinum.com\/de\/produkt\/produttori-del-barbaresco-barbaresco-2019\/\" \/>\n<meta property=\"og:locale\" content=\"de_DE\" \/>\n<meta property=\"og:type\" content=\"article\" \/>\n<meta property=\"og:title\" content=\"PRODUTTORI DEL BARBARESCO Barbaresco 2019\" \/>\n<meta property=\"og:description\" content=\"PRODUTTORI DEL BARBARESCO Barbaresco 2019 -FonsVinum- ...vollmundiger Jahrgang, reife rote Fr\u00fcchte, kr\u00e4ftige Tannine, gro\u00dfe Struktur...\" \/>\n<meta property=\"og:url\" content=\"https:\/\/fonsvinum.com\/de\/produkt\/produttori-del-barbaresco-barbaresco-2019\/\" \/>\n<meta property=\"og:site_name\" content=\"Fons Vinum\" \/>\n<meta property=\"article:modified_time\" content=\"2026-04-22T19:21:30+00:00\" \/>\n<meta property=\"og:image\" content=\"https:\/\/fonsvinum.com\/files\/2013\/04\/barbaresco_produttori-e1619329424255.jpg\" \/>\n\t<meta property=\"og:image:width\" content=\"200\" \/>\n\t<meta property=\"og:image:height\" content=\"541\" \/>\n\t<meta property=\"og:image:type\" content=\"image\/jpeg\" \/>\n<meta name=\"twitter:label1\" content=\"Gesch\u00e4tzte Lesezeit\" \/>\n\t<meta name=\"twitter:data1\" content=\"1\u00a0Minute\" \/>\n<script type=\"application\/ld+json\" class=\"yoast-schema-graph\">{\"@context\":\"https:\\\/\\\/schema.org\",\"@graph\":[{\"@type\":\"WebPage\",\"@id\":\"https:\\\/\\\/fonsvinum.com\\\/de\\\/produkt\\\/produttori-del-barbaresco-barbaresco-2019\\\/\",\"url\":\"https:\\\/\\\/fonsvinum.com\\\/de\\\/produkt\\\/produttori-del-barbaresco-barbaresco-2019\\\/\",\"name\":\"PRODUTTORI DEL BARBARESCO Barbaresco 2019\",\"isPartOf\":{\"@id\":\"https:\\\/\\\/fonsvinum.com\\\/en\\\/#website\"},\"primaryImageOfPage\":{\"@id\":\"https:\\\/\\\/fonsvinum.com\\\/de\\\/produkt\\\/produttori-del-barbaresco-barbaresco-2019\\\/#primaryimage\"},\"image\":{\"@id\":\"https:\\\/\\\/fonsvinum.com\\\/de\\\/produkt\\\/produttori-del-barbaresco-barbaresco-2019\\\/#primaryimage\"},\"thumbnailUrl\":\"https:\\\/\\\/fonsvinum.com\\\/files\\\/2013\\\/04\\\/barbaresco_produttori-e1619329424255.jpg\",\"datePublished\":\"2022-10-19T09:17:40+00:00\",\"dateModified\":\"2026-04-22T19:21:30+00:00\",\"description\":\"PRODUTTORI DEL BARBARESCO Barbaresco 2019 -FonsVinum- ...vollmundiger Jahrgang, reife rote Fr\u00fcchte, kr\u00e4ftige Tannine, gro\u00dfe Struktur...\",\"breadcrumb\":{\"@id\":\"https:\\\/\\\/fonsvinum.com\\\/de\\\/produkt\\\/produttori-del-barbaresco-barbaresco-2019\\\/#breadcrumb\"},\"inLanguage\":\"de\",\"potentialAction\":[{\"@type\":\"ReadAction\",\"target\":[\"https:\\\/\\\/fonsvinum.com\\\/de\\\/produkt\\\/produttori-del-barbaresco-barbaresco-2019\\\/\"]}]},{\"@type\":\"ImageObject\",\"inLanguage\":\"de\",\"@id\":\"https:\\\/\\\/fonsvinum.com\\\/de\\\/produkt\\\/produttori-del-barbaresco-barbaresco-2019\\\/#primaryimage\",\"url\":\"https:\\\/\\\/fonsvinum.com\\\/files\\\/2013\\\/04\\\/barbaresco_produttori-e1619329424255.jpg\",\"contentUrl\":\"https:\\\/\\\/fonsvinum.com\\\/files\\\/2013\\\/04\\\/barbaresco_produttori-e1619329424255.jpg\",\"width\":200,\"height\":541,\"caption\":\"Barbaresco PRODUTTORI DEL BARBARESCO\"},{\"@type\":\"BreadcrumbList\",\"@id\":\"https:\\\/\\\/fonsvinum.com\\\/de\\\/produkt\\\/produttori-del-barbaresco-barbaresco-2019\\\/#breadcrumb\",\"itemListElement\":[{\"@type\":\"ListItem\",\"position\":1,\"name\":\"Startseite\",\"item\":\"https:\\\/\\\/fonsvinum.com\\\/de\\\/\"},{\"@type\":\"ListItem\",\"position\":2,\"name\":\"Shop\",\"item\":\"https:\\\/\\\/fonsvinum.com\\\/de\\\/shop\\\/\"},{\"@type\":\"ListItem\",\"position\":3,\"name\":\"PRODUTTORI DEL BARBARESCO Barbaresco 2019\"}]},{\"@type\":\"WebSite\",\"@id\":\"https:\\\/\\\/fonsvinum.com\\\/en\\\/#website\",\"url\":\"https:\\\/\\\/fonsvinum.com\\\/en\\\/\",\"name\":\"Fons Vinum\",\"description\":\"Vendita Vino Online\",\"publisher\":{\"@id\":\"https:\\\/\\\/fonsvinum.com\\\/en\\\/#organization\"},\"potentialAction\":[{\"@type\":\"SearchAction\",\"target\":{\"@type\":\"EntryPoint\",\"urlTemplate\":\"https:\\\/\\\/fonsvinum.com\\\/en\\\/?s={search_term_string}\"},\"query-input\":{\"@type\":\"PropertyValueSpecification\",\"valueRequired\":true,\"valueName\":\"search_term_string\"}}],\"inLanguage\":\"de\"},{\"@type\":\"Organization\",\"@id\":\"https:\\\/\\\/fonsvinum.com\\\/en\\\/#organization\",\"name\":\"Fons Vinum\",\"url\":\"https:\\\/\\\/fonsvinum.com\\\/en\\\/\",\"logo\":{\"@type\":\"ImageObject\",\"inLanguage\":\"de\",\"@id\":\"https:\\\/\\\/fonsvinum.com\\\/en\\\/#\\\/schema\\\/logo\\\/image\\\/\",\"url\":\"\",\"contentUrl\":\"\",\"caption\":\"Fons Vinum\"},\"image\":{\"@id\":\"https:\\\/\\\/fonsvinum.com\\\/en\\\/#\\\/schema\\\/logo\\\/image\\\/\"}}]}<\/script>\n<!-- \/ Yoast SEO plugin. -->","yoast_head_json":{"title":"PRODUTTORI DEL BARBARESCO Barbaresco 2019","description":"PRODUTTORI DEL BARBARESCO Barbaresco 2019 -FonsVinum- ...vollmundiger Jahrgang, reife rote Fr\u00fcchte, kr\u00e4ftige Tannine, gro\u00dfe Struktur...","robots":{"index":"index","follow":"follow","max-snippet":"max-snippet:-1","max-image-preview":"max-image-preview:large","max-video-preview":"max-video-preview:-1"},"canonical":"https:\/\/fonsvinum.com\/de\/produkt\/produttori-del-barbaresco-barbaresco-2019\/","og_locale":"de_DE","og_type":"article","og_title":"PRODUTTORI DEL BARBARESCO Barbaresco 2019","og_description":"PRODUTTORI DEL BARBARESCO Barbaresco 2019 -FonsVinum- ...vollmundiger Jahrgang, reife rote Fr\u00fcchte, kr\u00e4ftige Tannine, gro\u00dfe Struktur...","og_url":"https:\/\/fonsvinum.com\/de\/produkt\/produttori-del-barbaresco-barbaresco-2019\/","og_site_name":"Fons Vinum","article_modified_time":"2026-04-22T19:21:30+00:00","og_image":[{"width":200,"height":541,"url":"https:\/\/fonsvinum.com\/files\/2013\/04\/barbaresco_produttori-e1619329424255.jpg","type":"image\/jpeg"}],"twitter_misc":{"Gesch\u00e4tzte Lesezeit":"1\u00a0Minute"},"schema":{"@context":"https:\/\/schema.org","@graph":[{"@type":"WebPage","@id":"https:\/\/fonsvinum.com\/de\/produkt\/produttori-del-barbaresco-barbaresco-2019\/","url":"https:\/\/fonsvinum.com\/de\/produkt\/produttori-del-barbaresco-barbaresco-2019\/","name":"PRODUTTORI DEL BARBARESCO Barbaresco 2019","isPartOf":{"@id":"https:\/\/fonsvinum.com\/en\/#website"},"primaryImageOfPage":{"@id":"https:\/\/fonsvinum.com\/de\/produkt\/produttori-del-barbaresco-barbaresco-2019\/#primaryimage"},"image":{"@id":"https:\/\/fonsvinum.com\/de\/produkt\/produttori-del-barbaresco-barbaresco-2019\/#primaryimage"},"thumbnailUrl":"https:\/\/fonsvinum.com\/files\/2013\/04\/barbaresco_produttori-e1619329424255.jpg","datePublished":"2022-10-19T09:17:40+00:00","dateModified":"2026-04-22T19:21:30+00:00","description":"PRODUTTORI DEL BARBARESCO Barbaresco 2019 -FonsVinum- ...vollmundiger Jahrgang, reife rote Fr\u00fcchte, kr\u00e4ftige Tannine, gro\u00dfe Struktur...","breadcrumb":{"@id":"https:\/\/fonsvinum.com\/de\/produkt\/produttori-del-barbaresco-barbaresco-2019\/#breadcrumb"},"inLanguage":"de","potentialAction":[{"@type":"ReadAction","target":["https:\/\/fonsvinum.com\/de\/produkt\/produttori-del-barbaresco-barbaresco-2019\/"]}]},{"@type":"ImageObject","inLanguage":"de","@id":"https:\/\/fonsvinum.com\/de\/produkt\/produttori-del-barbaresco-barbaresco-2019\/#primaryimage","url":"https:\/\/fonsvinum.com\/files\/2013\/04\/barbaresco_produttori-e1619329424255.jpg","contentUrl":"https:\/\/fonsvinum.com\/files\/2013\/04\/barbaresco_produttori-e1619329424255.jpg","width":200,"height":541,"caption":"Barbaresco PRODUTTORI DEL BARBARESCO"},{"@type":"BreadcrumbList","@id":"https:\/\/fonsvinum.com\/de\/produkt\/produttori-del-barbaresco-barbaresco-2019\/#breadcrumb","itemListElement":[{"@type":"ListItem","position":1,"name":"Startseite","item":"https:\/\/fonsvinum.com\/de\/"},{"@type":"ListItem","position":2,"name":"Shop","item":"https:\/\/fonsvinum.com\/de\/shop\/"},{"@type":"ListItem","position":3,"name":"PRODUTTORI DEL BARBARESCO Barbaresco 2019"}]},{"@type":"WebSite","@id":"https:\/\/fonsvinum.com\/en\/#website","url":"https:\/\/fonsvinum.com\/en\/","name":"Fons Vinum","description":"Vendita Vino Online","publisher":{"@id":"https:\/\/fonsvinum.com\/en\/#organization"},"potentialAction":[{"@type":"SearchAction","target":{"@type":"EntryPoint","urlTemplate":"https:\/\/fonsvinum.com\/en\/?s={search_term_string}"},"query-input":{"@type":"PropertyValueSpecification","valueRequired":true,"valueName":"search_term_string"}}],"inLanguage":"de"},{"@type":"Organization","@id":"https:\/\/fonsvinum.com\/en\/#organization","name":"Fons Vinum","url":"https:\/\/fonsvinum.com\/en\/","logo":{"@type":"ImageObject","inLanguage":"de","@id":"https:\/\/fonsvinum.com\/en\/#\/schema\/logo\/image\/","url":"","contentUrl":"","caption":"Fons Vinum"},"image":{"@id":"https:\/\/fonsvinum.com\/en\/#\/schema\/logo\/image\/"}}]}},"acf":[],"_links":{"self":[{"href":"https:\/\/fonsvinum.com\/de\/wp-json\/wp\/v2\/product\/38566","targetHints":{"allow":["GET"]}}],"collection":[{"href":"https:\/\/fonsvinum.com\/de\/wp-json\/wp\/v2\/product"}],"about":[{"href":"https:\/\/fonsvinum.com\/de\/wp-json\/wp\/v2\/types\/product"}],"replies":[{"embeddable":true,"href":"https:\/\/fonsvinum.com\/de\/wp-json\/wp\/v2\/comments?post=38566"}],"wp:featuredmedia":[{"embeddable":true,"href":"https:\/\/fonsvinum.com\/de\/wp-json\/wp\/v2\/media\/6480"}],"wp:attachment":[{"href":"https:\/\/fonsvinum.com\/de\/wp-json\/wp\/v2\/media?parent=38566"}],"wp:term":[{"taxonomy":"product_brand","embeddable":true,"href":"https:\/\/fonsvinum.com\/de\/wp-json\/wp\/v2\/product_brand?post=38566"},{"taxonomy":"product_cat","embeddable":true,"href":"https:\/\/fonsvinum.com\/de\/wp-json\/wp\/v2\/product_cat?post=38566"},{"taxonomy":"product_tag","embeddable":true,"href":"https:\/\/fonsvinum.com\/de\/wp-json\/wp\/v2\/product_tag?post=38566"}],"curies":[{"name":"wp","href":"https:\/\/api.w.org\/{rel}","templated":true}]}}