{"id":38560,"date":"2022-10-19T11:12:37","date_gmt":"2022-10-19T09:12:37","guid":{"rendered":"https:\/\/fonsvinum.com\/?post_type=product&#038;p=38560"},"modified":"2022-10-19T11:16:42","modified_gmt":"2022-10-19T09:16:42","slug":"nebbiolo-produttori-del-barbaresco-2021","status":"publish","type":"product","link":"https:\/\/fonsvinum.com\/de\/produkt\/nebbiolo-produttori-del-barbaresco-2021\/","title":{"rendered":"Nebbiolo PRODUTTORI DEL BARBARESCO 2021"},"content":{"rendered":"<h1>Nebbiolo PRODUTTORI DEL BARBARESCO 2021<\/h1>\n<p>Knapp \u00fcber 50 Winzerfamilien bewirtschaften gemeinsam fast 20% der gesamten Rebfl\u00e4chen im Barbaresco und erzeugen daraus \u00fcber 500.000 Flaschen j\u00e4hrlich, wovon in guten Jahrg\u00e4ngen 30% auf die als Riserva ausgebauten Cru Lagen entfallen. Frei nach dem Motto \u201eNebbiolo Only\u201c \u2013 werden nur Weine aus Nebbiolo erzeugt. Der Langhe Nebbiolo DOC der Produttori del Barbaresco ist der einfachste Wein der Genossenschaft. Es werden teilweise die Trauben der jungen Reben verwendet, sowie auch \u00dcbermengen der \u00e4lteren Reben herunter klassiert. Die Mazeration erfolgt in Betontanks f\u00fcr 24 Tage bei 28\u00b0C, wobei der Hut zweimal t\u00e4glich \u00fcbersp\u00fclt wird, bis die malolaktische G\u00e4rung abgeschlossen ist. Anschlie\u00dfend reift der Wein f\u00fcr 6 Monate in gro\u00dfen F\u00e4sser aus Eiche und weitere 6 Monate in der Flasche, bevor der Wein in der Verkauf geht.<\/p>\n<ul>\n<li>Im Glas zeigt sich derLanghe Nebbiolo mit mittlerem Granatrot<\/li>\n<li>\u00a0In der Nase frische rote Fr\u00fcchte mit w\u00fcrzigen Noten von Pfeffer und Anis<\/li>\n<li>\u00a0Am Gaumen mittlere K\u00f6rper mit guter Balance aus S\u00e4ure, Tanninen und Frucht<\/li>\n<li>\u00a0Perfekt zu Pasta und Pizza, wei\u00dfem und rotem Fleisch, kr\u00e4ftigen Fischgerichten<\/li>\n<\/ul>\n","protected":false},"excerpt":{"rendered":"<p>Nebbiolo PRODUTTORI DEL BARBARESCO 2021 Knapp \u00fcber 50 Winzerfamilien bewirtschaften gemeinsam fast 20% der gesamten Rebfl\u00e4chen im Barbaresco und erzeugen daraus \u00fcber 500.000 Flaschen j\u00e4hrlich, wovon in guten Jahrg\u00e4ngen 30% auf die als Riserva ausgebauten Cru Lagen entfallen. Frei nach dem Motto \u201eNebbiolo Only\u201c \u2013 werden nur Weine aus Nebbiolo erzeugt. Der Langhe Nebbiolo DOC [&hellip;]<\/p>\n","protected":false},"featured_media":6484,"comment_status":"open","ping_status":"closed","template":"","meta":{"_acf_changed":false,"_monsterinsights_skip_tracking":false,"_monsterinsights_sitenote_active":false,"_monsterinsights_sitenote_note":"","_monsterinsights_sitenote_category":0},"product_brand":[],"product_cat":[2356],"product_tag":[],"class_list":{"0":"post-38560","1":"product","2":"type-product","3":"status-publish","4":"has-post-thumbnail","6":"product_cat-nebbiolo-de","7":"pa_appellation-langhe-nebbiolo-doc-de","8":"pa_formato-0-75-l-flasche-de","9":"pa_producer-produttori-del-barbaresco-de","10":"pa_region-piemont-de","11":"pa_vine-100-nebbiolo-de","12":"pa_vintage-18393","14":"first","15":"outofstock","16":"taxable","17":"shipping-taxable","18":"purchasable","19":"product-type-simple"},"bundled_by":[],"bundle_stock_status":"outofstock","bundle_stock_quantity":0,"bundle_virtual":false,"bundle_layout":"","bundle_add_to_cart_form_location":"","bundle_editable_in_cart":false,"bundle_sold_individually_context":"","bundle_item_grouping":"","bundle_min_size":"","bundle_max_size":"","bundle_price":[],"bundled_items":[],"bundle_sell_ids":[],"yoast_head":"<!-- This site is optimized with the Yoast SEO plugin v27.2 - https:\/\/yoast.com\/product\/yoast-seo-wordpress\/ -->\n<title>Nebbiolo PRODUTTORI DEL BARBARESCO 2021<\/title>\n<meta name=\"description\" content=\"Nebbiolo PRODUTTORI DEL BARBARESCO 2021 I Fonsvinum rare Weine online aus Piedmont, Toskana und Venetien\" \/>\n<meta name=\"robots\" content=\"index, follow, max-snippet:-1, max-image-preview:large, max-video-preview:-1\" \/>\n<link rel=\"canonical\" href=\"https:\/\/fonsvinum.com\/de\/produkt\/nebbiolo-produttori-del-barbaresco-2021\/\" \/>\n<meta property=\"og:locale\" content=\"de_DE\" \/>\n<meta property=\"og:type\" content=\"article\" \/>\n<meta property=\"og:title\" content=\"Nebbiolo PRODUTTORI DEL BARBARESCO 2021\" \/>\n<meta property=\"og:description\" content=\"Nebbiolo PRODUTTORI DEL BARBARESCO 2021 I Fonsvinum rare Weine online aus Piedmont, Toskana und Venetien\" \/>\n<meta property=\"og:url\" content=\"https:\/\/fonsvinum.com\/de\/produkt\/nebbiolo-produttori-del-barbaresco-2021\/\" \/>\n<meta property=\"og:site_name\" content=\"Fons Vinum\" \/>\n<meta property=\"article:modified_time\" content=\"2022-10-19T09:16:42+00:00\" \/>\n<meta property=\"og:image\" content=\"https:\/\/fonsvinum.com\/files\/2013\/04\/nebbiolo_langhe_produttoridelbarbaresco.jpg\" \/>\n\t<meta property=\"og:image:width\" content=\"156\" \/>\n\t<meta property=\"og:image:height\" content=\"527\" \/>\n\t<meta property=\"og:image:type\" content=\"image\/jpeg\" \/>\n<meta name=\"twitter:label1\" content=\"Gesch\u00e4tzte Lesezeit\" \/>\n\t<meta name=\"twitter:data1\" content=\"1\u00a0Minute\" \/>\n<script type=\"application\/ld+json\" class=\"yoast-schema-graph\">{\"@context\":\"https:\/\/schema.org\",\"@graph\":[{\"@type\":\"WebPage\",\"@id\":\"https:\/\/fonsvinum.com\/de\/produkt\/nebbiolo-produttori-del-barbaresco-2021\/\",\"url\":\"https:\/\/fonsvinum.com\/de\/produkt\/nebbiolo-produttori-del-barbaresco-2021\/\",\"name\":\"Nebbiolo PRODUTTORI DEL BARBARESCO 2021\",\"isPartOf\":{\"@id\":\"https:\/\/fonsvinum.com\/en\/#website\"},\"primaryImageOfPage\":{\"@id\":\"https:\/\/fonsvinum.com\/de\/produkt\/nebbiolo-produttori-del-barbaresco-2021\/#primaryimage\"},\"image\":{\"@id\":\"https:\/\/fonsvinum.com\/de\/produkt\/nebbiolo-produttori-del-barbaresco-2021\/#primaryimage\"},\"thumbnailUrl\":\"https:\/\/fonsvinum.com\/files\/2013\/04\/nebbiolo_langhe_produttoridelbarbaresco.jpg\",\"datePublished\":\"2022-10-19T09:12:37+00:00\",\"dateModified\":\"2022-10-19T09:16:42+00:00\",\"description\":\"Nebbiolo PRODUTTORI DEL BARBARESCO 2021 I Fonsvinum rare Weine online aus Piedmont, Toskana und Venetien\",\"breadcrumb\":{\"@id\":\"https:\/\/fonsvinum.com\/de\/produkt\/nebbiolo-produttori-del-barbaresco-2021\/#breadcrumb\"},\"inLanguage\":\"de\",\"potentialAction\":[{\"@type\":\"ReadAction\",\"target\":[\"https:\/\/fonsvinum.com\/de\/produkt\/nebbiolo-produttori-del-barbaresco-2021\/\"]}]},{\"@type\":\"ImageObject\",\"inLanguage\":\"de\",\"@id\":\"https:\/\/fonsvinum.com\/de\/produkt\/nebbiolo-produttori-del-barbaresco-2021\/#primaryimage\",\"url\":\"https:\/\/fonsvinum.com\/files\/2013\/04\/nebbiolo_langhe_produttoridelbarbaresco.jpg\",\"contentUrl\":\"https:\/\/fonsvinum.com\/files\/2013\/04\/nebbiolo_langhe_produttoridelbarbaresco.jpg\",\"width\":156,\"height\":527},{\"@type\":\"BreadcrumbList\",\"@id\":\"https:\/\/fonsvinum.com\/de\/produkt\/nebbiolo-produttori-del-barbaresco-2021\/#breadcrumb\",\"itemListElement\":[{\"@type\":\"ListItem\",\"position\":1,\"name\":\"Startseite\",\"item\":\"https:\/\/fonsvinum.com\/de\/\"},{\"@type\":\"ListItem\",\"position\":2,\"name\":\"Shop\",\"item\":\"https:\/\/fonsvinum.com\/de\/shop\/\"},{\"@type\":\"ListItem\",\"position\":3,\"name\":\"Nebbiolo PRODUTTORI DEL BARBARESCO 2021\"}]},{\"@type\":\"WebSite\",\"@id\":\"https:\/\/fonsvinum.com\/en\/#website\",\"url\":\"https:\/\/fonsvinum.com\/en\/\",\"name\":\"Fons Vinum\",\"description\":\"Vendita Vino Online\",\"publisher\":{\"@id\":\"https:\/\/fonsvinum.com\/en\/#organization\"},\"potentialAction\":[{\"@type\":\"SearchAction\",\"target\":{\"@type\":\"EntryPoint\",\"urlTemplate\":\"https:\/\/fonsvinum.com\/en\/?s={search_term_string}\"},\"query-input\":{\"@type\":\"PropertyValueSpecification\",\"valueRequired\":true,\"valueName\":\"search_term_string\"}}],\"inLanguage\":\"de\"},{\"@type\":\"Organization\",\"@id\":\"https:\/\/fonsvinum.com\/en\/#organization\",\"name\":\"Fons Vinum\",\"url\":\"https:\/\/fonsvinum.com\/en\/\",\"logo\":{\"@type\":\"ImageObject\",\"inLanguage\":\"de\",\"@id\":\"https:\/\/fonsvinum.com\/en\/#\/schema\/logo\/image\/\",\"url\":\"\",\"contentUrl\":\"\",\"caption\":\"Fons Vinum\"},\"image\":{\"@id\":\"https:\/\/fonsvinum.com\/en\/#\/schema\/logo\/image\/\"}}]}<\/script>\n<!-- \/ Yoast SEO plugin. -->","yoast_head_json":{"title":"Nebbiolo PRODUTTORI DEL BARBARESCO 2021","description":"Nebbiolo PRODUTTORI DEL BARBARESCO 2021 I Fonsvinum rare Weine online aus Piedmont, Toskana und Venetien","robots":{"index":"index","follow":"follow","max-snippet":"max-snippet:-1","max-image-preview":"max-image-preview:large","max-video-preview":"max-video-preview:-1"},"canonical":"https:\/\/fonsvinum.com\/de\/produkt\/nebbiolo-produttori-del-barbaresco-2021\/","og_locale":"de_DE","og_type":"article","og_title":"Nebbiolo PRODUTTORI DEL BARBARESCO 2021","og_description":"Nebbiolo PRODUTTORI DEL BARBARESCO 2021 I Fonsvinum rare Weine online aus Piedmont, Toskana und Venetien","og_url":"https:\/\/fonsvinum.com\/de\/produkt\/nebbiolo-produttori-del-barbaresco-2021\/","og_site_name":"Fons Vinum","article_modified_time":"2022-10-19T09:16:42+00:00","og_image":[{"width":156,"height":527,"url":"https:\/\/fonsvinum.com\/files\/2013\/04\/nebbiolo_langhe_produttoridelbarbaresco.jpg","type":"image\/jpeg"}],"twitter_misc":{"Gesch\u00e4tzte Lesezeit":"1\u00a0Minute"},"schema":{"@context":"https:\/\/schema.org","@graph":[{"@type":"WebPage","@id":"https:\/\/fonsvinum.com\/de\/produkt\/nebbiolo-produttori-del-barbaresco-2021\/","url":"https:\/\/fonsvinum.com\/de\/produkt\/nebbiolo-produttori-del-barbaresco-2021\/","name":"Nebbiolo PRODUTTORI DEL BARBARESCO 2021","isPartOf":{"@id":"https:\/\/fonsvinum.com\/en\/#website"},"primaryImageOfPage":{"@id":"https:\/\/fonsvinum.com\/de\/produkt\/nebbiolo-produttori-del-barbaresco-2021\/#primaryimage"},"image":{"@id":"https:\/\/fonsvinum.com\/de\/produkt\/nebbiolo-produttori-del-barbaresco-2021\/#primaryimage"},"thumbnailUrl":"https:\/\/fonsvinum.com\/files\/2013\/04\/nebbiolo_langhe_produttoridelbarbaresco.jpg","datePublished":"2022-10-19T09:12:37+00:00","dateModified":"2022-10-19T09:16:42+00:00","description":"Nebbiolo PRODUTTORI DEL BARBARESCO 2021 I Fonsvinum rare Weine online aus Piedmont, Toskana und Venetien","breadcrumb":{"@id":"https:\/\/fonsvinum.com\/de\/produkt\/nebbiolo-produttori-del-barbaresco-2021\/#breadcrumb"},"inLanguage":"de","potentialAction":[{"@type":"ReadAction","target":["https:\/\/fonsvinum.com\/de\/produkt\/nebbiolo-produttori-del-barbaresco-2021\/"]}]},{"@type":"ImageObject","inLanguage":"de","@id":"https:\/\/fonsvinum.com\/de\/produkt\/nebbiolo-produttori-del-barbaresco-2021\/#primaryimage","url":"https:\/\/fonsvinum.com\/files\/2013\/04\/nebbiolo_langhe_produttoridelbarbaresco.jpg","contentUrl":"https:\/\/fonsvinum.com\/files\/2013\/04\/nebbiolo_langhe_produttoridelbarbaresco.jpg","width":156,"height":527},{"@type":"BreadcrumbList","@id":"https:\/\/fonsvinum.com\/de\/produkt\/nebbiolo-produttori-del-barbaresco-2021\/#breadcrumb","itemListElement":[{"@type":"ListItem","position":1,"name":"Startseite","item":"https:\/\/fonsvinum.com\/de\/"},{"@type":"ListItem","position":2,"name":"Shop","item":"https:\/\/fonsvinum.com\/de\/shop\/"},{"@type":"ListItem","position":3,"name":"Nebbiolo PRODUTTORI DEL BARBARESCO 2021"}]},{"@type":"WebSite","@id":"https:\/\/fonsvinum.com\/en\/#website","url":"https:\/\/fonsvinum.com\/en\/","name":"Fons Vinum","description":"Vendita Vino Online","publisher":{"@id":"https:\/\/fonsvinum.com\/en\/#organization"},"potentialAction":[{"@type":"SearchAction","target":{"@type":"EntryPoint","urlTemplate":"https:\/\/fonsvinum.com\/en\/?s={search_term_string}"},"query-input":{"@type":"PropertyValueSpecification","valueRequired":true,"valueName":"search_term_string"}}],"inLanguage":"de"},{"@type":"Organization","@id":"https:\/\/fonsvinum.com\/en\/#organization","name":"Fons Vinum","url":"https:\/\/fonsvinum.com\/en\/","logo":{"@type":"ImageObject","inLanguage":"de","@id":"https:\/\/fonsvinum.com\/en\/#\/schema\/logo\/image\/","url":"","contentUrl":"","caption":"Fons Vinum"},"image":{"@id":"https:\/\/fonsvinum.com\/en\/#\/schema\/logo\/image\/"}}]}},"acf":[],"_links":{"self":[{"href":"https:\/\/fonsvinum.com\/de\/wp-json\/wp\/v2\/product\/38560","targetHints":{"allow":["GET"]}}],"collection":[{"href":"https:\/\/fonsvinum.com\/de\/wp-json\/wp\/v2\/product"}],"about":[{"href":"https:\/\/fonsvinum.com\/de\/wp-json\/wp\/v2\/types\/product"}],"replies":[{"embeddable":true,"href":"https:\/\/fonsvinum.com\/de\/wp-json\/wp\/v2\/comments?post=38560"}],"wp:featuredmedia":[{"embeddable":true,"href":"https:\/\/fonsvinum.com\/de\/wp-json\/wp\/v2\/media\/6484"}],"wp:attachment":[{"href":"https:\/\/fonsvinum.com\/de\/wp-json\/wp\/v2\/media?parent=38560"}],"wp:term":[{"taxonomy":"product_brand","embeddable":true,"href":"https:\/\/fonsvinum.com\/de\/wp-json\/wp\/v2\/product_brand?post=38560"},{"taxonomy":"product_cat","embeddable":true,"href":"https:\/\/fonsvinum.com\/de\/wp-json\/wp\/v2\/product_cat?post=38560"},{"taxonomy":"product_tag","embeddable":true,"href":"https:\/\/fonsvinum.com\/de\/wp-json\/wp\/v2\/product_tag?post=38560"}],"curies":[{"name":"wp","href":"https:\/\/api.w.org\/{rel}","templated":true}]}}