{"id":38540,"date":"2022-10-18T09:55:54","date_gmt":"2022-10-18T07:55:54","guid":{"rendered":"https:\/\/fonsvinum.com\/?post_type=product&#038;p=38540"},"modified":"2022-10-18T10:01:53","modified_gmt":"2022-10-18T08:01:53","slug":"amarone-santurbano-speri-2017","status":"publish","type":"product","link":"https:\/\/fonsvinum.com\/de\/produkt\/amarone-santurbano-speri-2017\/","title":{"rendered":"Amarone Sant&#8217;Urbano Speri 2017"},"content":{"rendered":"<h1>Der Amarone della Valpolicella DOC Classico Vigneto Monte Sant\u2019Urbano 2017<\/h1>\n<p>Besticht mit seiner dichten granatroten Farbe.<\/p>\n<p>Feinw\u00fcrzige, warme Aromen von Pflaumen, s\u00fc\u00dfen Fr\u00fcchten, Rosinen, Kaffee, Tabak und Vanille sowie eine Spur von Bitterschokolade umspielen die Nase.<\/p>\n<p>Im komplexen, anhaltenden, weichen, vollen und nuancenreichen Mund brilliert er mit einer herzhaften Fruchtf\u00fclle und der sanften Tanninstruktur.<\/p>\n<p>Genie\u00dfen Sie ihn zu w\u00fcrzigen Kaninchenpasteten, geschmortem Wildschwein und reifen K\u00e4sesorten.<\/p>\n<p>&nbsp;<\/p>\n","protected":false},"excerpt":{"rendered":"<p>Der Amarone della Valpolicella DOC Classico Vigneto Monte Sant\u2019Urbano 2017 Besticht mit seiner dichten granatroten Farbe. Feinw\u00fcrzige, warme Aromen von Pflaumen, s\u00fc\u00dfen Fr\u00fcchten, Rosinen, Kaffee, Tabak und Vanille sowie eine Spur von Bitterschokolade umspielen die Nase. Im komplexen, anhaltenden, weichen, vollen und nuancenreichen Mund brilliert er mit einer herzhaften Fruchtf\u00fclle und der sanften Tanninstruktur. Genie\u00dfen [&hellip;]<\/p>\n","protected":false},"featured_media":5740,"comment_status":"open","ping_status":"closed","template":"","meta":{"_acf_changed":false,"_monsterinsights_skip_tracking":false,"_monsterinsights_sitenote_active":false,"_monsterinsights_sitenote_note":"","_monsterinsights_sitenote_category":0},"product_brand":[],"product_cat":[2336],"product_tag":[],"class_list":{"0":"post-38540","1":"product","2":"type-product","3":"status-publish","4":"has-post-thumbnail","6":"product_cat-amarone-de","7":"pa_appellation-amarone-della-valpolicella-docg-de","8":"pa_formato-0-75-l-flasche-de","9":"pa_producer-speri-de","10":"pa_region-venetien-de","11":"pa_vine-corvina-veronese-70-rondinella-25-corvinone-5-de","12":"pa_vintage-2017-de","14":"first","15":"instock","16":"featured","17":"taxable","18":"shipping-taxable","19":"purchasable","20":"product-type-simple"},"bundled_by":[],"bundle_stock_status":"instock","bundle_stock_quantity":6,"bundle_virtual":false,"bundle_layout":"","bundle_add_to_cart_form_location":"","bundle_editable_in_cart":false,"bundle_sold_individually_context":"","bundle_item_grouping":"","bundle_min_size":"","bundle_max_size":"","bundle_price":[],"bundled_items":[],"bundle_sell_ids":[],"yoast_head":"<!-- This site is optimized with the Yoast SEO plugin v27.2 - https:\/\/yoast.com\/product\/yoast-seo-wordpress\/ -->\n<title>Amarone Classico &quot;Vigneto Monte Sant&#039;Urbano&quot; Speri 2017| FonsVinum<\/title>\n<meta name=\"description\" content=\"Acquista online su FonsVinum Amarone Classico &quot;Vigneto Monte Sant&#039;Urbano&quot; Speri annata 2017, eccellente esempio di finezza e classicit\u00e0.\" \/>\n<meta name=\"robots\" content=\"index, follow, max-snippet:-1, max-image-preview:large, max-video-preview:-1\" \/>\n<link rel=\"canonical\" href=\"https:\/\/fonsvinum.com\/de\/produkt\/amarone-santurbano-speri-2017\/\" \/>\n<meta property=\"og:locale\" content=\"de_DE\" \/>\n<meta property=\"og:type\" content=\"article\" \/>\n<meta property=\"og:title\" content=\"Amarone Classico &quot;Vigneto Monte Sant&#039;Urbano&quot; Speri 2017| FonsVinum\" \/>\n<meta property=\"og:description\" content=\"Acquista online su FonsVinum Amarone Classico &quot;Vigneto Monte Sant&#039;Urbano&quot; Speri annata 2017, eccellente esempio di finezza e classicit\u00e0.\" \/>\n<meta property=\"og:url\" content=\"https:\/\/fonsvinum.com\/de\/produkt\/amarone-santurbano-speri-2017\/\" \/>\n<meta property=\"og:site_name\" content=\"Fons Vinum\" \/>\n<meta property=\"article:modified_time\" content=\"2022-10-18T08:01:53+00:00\" \/>\n<meta property=\"og:image\" content=\"https:\/\/fonsvinum.com\/files\/2013\/10\/amarone-valpolicella-sant-urbano-speri.png\" \/>\n\t<meta property=\"og:image:width\" content=\"200\" \/>\n\t<meta property=\"og:image:height\" content=\"600\" \/>\n\t<meta property=\"og:image:type\" content=\"image\/png\" \/>\n<meta name=\"twitter:label1\" content=\"Gesch\u00e4tzte Lesezeit\" \/>\n\t<meta name=\"twitter:data1\" content=\"1\u00a0Minute\" \/>\n<script type=\"application\/ld+json\" class=\"yoast-schema-graph\">{\"@context\":\"https:\/\/schema.org\",\"@graph\":[{\"@type\":\"WebPage\",\"@id\":\"https:\/\/fonsvinum.com\/de\/produkt\/amarone-santurbano-speri-2017\/\",\"url\":\"https:\/\/fonsvinum.com\/de\/produkt\/amarone-santurbano-speri-2017\/\",\"name\":\"Amarone Classico \\\"Vigneto Monte Sant'Urbano\\\" Speri 2017| FonsVinum\",\"isPartOf\":{\"@id\":\"https:\/\/fonsvinum.com\/en\/#website\"},\"primaryImageOfPage\":{\"@id\":\"https:\/\/fonsvinum.com\/de\/produkt\/amarone-santurbano-speri-2017\/#primaryimage\"},\"image\":{\"@id\":\"https:\/\/fonsvinum.com\/de\/produkt\/amarone-santurbano-speri-2017\/#primaryimage\"},\"thumbnailUrl\":\"https:\/\/fonsvinum.com\/files\/2013\/10\/amarone-valpolicella-sant-urbano-speri.png\",\"datePublished\":\"2022-10-18T07:55:54+00:00\",\"dateModified\":\"2022-10-18T08:01:53+00:00\",\"description\":\"Acquista online su FonsVinum Amarone Classico \\\"Vigneto Monte Sant'Urbano\\\" Speri annata 2017, eccellente esempio di finezza e classicit\u00e0.\",\"breadcrumb\":{\"@id\":\"https:\/\/fonsvinum.com\/de\/produkt\/amarone-santurbano-speri-2017\/#breadcrumb\"},\"inLanguage\":\"de\",\"potentialAction\":[{\"@type\":\"ReadAction\",\"target\":[\"https:\/\/fonsvinum.com\/de\/produkt\/amarone-santurbano-speri-2017\/\"]}]},{\"@type\":\"ImageObject\",\"inLanguage\":\"de\",\"@id\":\"https:\/\/fonsvinum.com\/de\/produkt\/amarone-santurbano-speri-2017\/#primaryimage\",\"url\":\"https:\/\/fonsvinum.com\/files\/2013\/10\/amarone-valpolicella-sant-urbano-speri.png\",\"contentUrl\":\"https:\/\/fonsvinum.com\/files\/2013\/10\/amarone-valpolicella-sant-urbano-speri.png\",\"width\":200,\"height\":600},{\"@type\":\"BreadcrumbList\",\"@id\":\"https:\/\/fonsvinum.com\/de\/produkt\/amarone-santurbano-speri-2017\/#breadcrumb\",\"itemListElement\":[{\"@type\":\"ListItem\",\"position\":1,\"name\":\"Startseite\",\"item\":\"https:\/\/fonsvinum.com\/de\/\"},{\"@type\":\"ListItem\",\"position\":2,\"name\":\"Shop\",\"item\":\"https:\/\/fonsvinum.com\/de\/shop\/\"},{\"@type\":\"ListItem\",\"position\":3,\"name\":\"Amarone Sant&#8217;Urbano Speri 2017\"}]},{\"@type\":\"WebSite\",\"@id\":\"https:\/\/fonsvinum.com\/en\/#website\",\"url\":\"https:\/\/fonsvinum.com\/en\/\",\"name\":\"Fons Vinum\",\"description\":\"Vendita Vino Online\",\"publisher\":{\"@id\":\"https:\/\/fonsvinum.com\/en\/#organization\"},\"potentialAction\":[{\"@type\":\"SearchAction\",\"target\":{\"@type\":\"EntryPoint\",\"urlTemplate\":\"https:\/\/fonsvinum.com\/en\/?s={search_term_string}\"},\"query-input\":{\"@type\":\"PropertyValueSpecification\",\"valueRequired\":true,\"valueName\":\"search_term_string\"}}],\"inLanguage\":\"de\"},{\"@type\":\"Organization\",\"@id\":\"https:\/\/fonsvinum.com\/en\/#organization\",\"name\":\"Fons Vinum\",\"url\":\"https:\/\/fonsvinum.com\/en\/\",\"logo\":{\"@type\":\"ImageObject\",\"inLanguage\":\"de\",\"@id\":\"https:\/\/fonsvinum.com\/en\/#\/schema\/logo\/image\/\",\"url\":\"\",\"contentUrl\":\"\",\"caption\":\"Fons Vinum\"},\"image\":{\"@id\":\"https:\/\/fonsvinum.com\/en\/#\/schema\/logo\/image\/\"}}]}<\/script>\n<!-- \/ Yoast SEO plugin. -->","yoast_head_json":{"title":"Amarone Classico \"Vigneto Monte Sant'Urbano\" Speri 2017| FonsVinum","description":"Acquista online su FonsVinum Amarone Classico \"Vigneto Monte Sant'Urbano\" Speri annata 2017, eccellente esempio di finezza e classicit\u00e0.","robots":{"index":"index","follow":"follow","max-snippet":"max-snippet:-1","max-image-preview":"max-image-preview:large","max-video-preview":"max-video-preview:-1"},"canonical":"https:\/\/fonsvinum.com\/de\/produkt\/amarone-santurbano-speri-2017\/","og_locale":"de_DE","og_type":"article","og_title":"Amarone Classico \"Vigneto Monte Sant'Urbano\" Speri 2017| FonsVinum","og_description":"Acquista online su FonsVinum Amarone Classico \"Vigneto Monte Sant'Urbano\" Speri annata 2017, eccellente esempio di finezza e classicit\u00e0.","og_url":"https:\/\/fonsvinum.com\/de\/produkt\/amarone-santurbano-speri-2017\/","og_site_name":"Fons Vinum","article_modified_time":"2022-10-18T08:01:53+00:00","og_image":[{"width":200,"height":600,"url":"https:\/\/fonsvinum.com\/files\/2013\/10\/amarone-valpolicella-sant-urbano-speri.png","type":"image\/png"}],"twitter_misc":{"Gesch\u00e4tzte Lesezeit":"1\u00a0Minute"},"schema":{"@context":"https:\/\/schema.org","@graph":[{"@type":"WebPage","@id":"https:\/\/fonsvinum.com\/de\/produkt\/amarone-santurbano-speri-2017\/","url":"https:\/\/fonsvinum.com\/de\/produkt\/amarone-santurbano-speri-2017\/","name":"Amarone Classico \"Vigneto Monte Sant'Urbano\" Speri 2017| FonsVinum","isPartOf":{"@id":"https:\/\/fonsvinum.com\/en\/#website"},"primaryImageOfPage":{"@id":"https:\/\/fonsvinum.com\/de\/produkt\/amarone-santurbano-speri-2017\/#primaryimage"},"image":{"@id":"https:\/\/fonsvinum.com\/de\/produkt\/amarone-santurbano-speri-2017\/#primaryimage"},"thumbnailUrl":"https:\/\/fonsvinum.com\/files\/2013\/10\/amarone-valpolicella-sant-urbano-speri.png","datePublished":"2022-10-18T07:55:54+00:00","dateModified":"2022-10-18T08:01:53+00:00","description":"Acquista online su FonsVinum Amarone Classico \"Vigneto Monte Sant'Urbano\" Speri annata 2017, eccellente esempio di finezza e classicit\u00e0.","breadcrumb":{"@id":"https:\/\/fonsvinum.com\/de\/produkt\/amarone-santurbano-speri-2017\/#breadcrumb"},"inLanguage":"de","potentialAction":[{"@type":"ReadAction","target":["https:\/\/fonsvinum.com\/de\/produkt\/amarone-santurbano-speri-2017\/"]}]},{"@type":"ImageObject","inLanguage":"de","@id":"https:\/\/fonsvinum.com\/de\/produkt\/amarone-santurbano-speri-2017\/#primaryimage","url":"https:\/\/fonsvinum.com\/files\/2013\/10\/amarone-valpolicella-sant-urbano-speri.png","contentUrl":"https:\/\/fonsvinum.com\/files\/2013\/10\/amarone-valpolicella-sant-urbano-speri.png","width":200,"height":600},{"@type":"BreadcrumbList","@id":"https:\/\/fonsvinum.com\/de\/produkt\/amarone-santurbano-speri-2017\/#breadcrumb","itemListElement":[{"@type":"ListItem","position":1,"name":"Startseite","item":"https:\/\/fonsvinum.com\/de\/"},{"@type":"ListItem","position":2,"name":"Shop","item":"https:\/\/fonsvinum.com\/de\/shop\/"},{"@type":"ListItem","position":3,"name":"Amarone Sant&#8217;Urbano Speri 2017"}]},{"@type":"WebSite","@id":"https:\/\/fonsvinum.com\/en\/#website","url":"https:\/\/fonsvinum.com\/en\/","name":"Fons Vinum","description":"Vendita Vino Online","publisher":{"@id":"https:\/\/fonsvinum.com\/en\/#organization"},"potentialAction":[{"@type":"SearchAction","target":{"@type":"EntryPoint","urlTemplate":"https:\/\/fonsvinum.com\/en\/?s={search_term_string}"},"query-input":{"@type":"PropertyValueSpecification","valueRequired":true,"valueName":"search_term_string"}}],"inLanguage":"de"},{"@type":"Organization","@id":"https:\/\/fonsvinum.com\/en\/#organization","name":"Fons Vinum","url":"https:\/\/fonsvinum.com\/en\/","logo":{"@type":"ImageObject","inLanguage":"de","@id":"https:\/\/fonsvinum.com\/en\/#\/schema\/logo\/image\/","url":"","contentUrl":"","caption":"Fons Vinum"},"image":{"@id":"https:\/\/fonsvinum.com\/en\/#\/schema\/logo\/image\/"}}]}},"acf":[],"_links":{"self":[{"href":"https:\/\/fonsvinum.com\/de\/wp-json\/wp\/v2\/product\/38540","targetHints":{"allow":["GET"]}}],"collection":[{"href":"https:\/\/fonsvinum.com\/de\/wp-json\/wp\/v2\/product"}],"about":[{"href":"https:\/\/fonsvinum.com\/de\/wp-json\/wp\/v2\/types\/product"}],"replies":[{"embeddable":true,"href":"https:\/\/fonsvinum.com\/de\/wp-json\/wp\/v2\/comments?post=38540"}],"wp:featuredmedia":[{"embeddable":true,"href":"https:\/\/fonsvinum.com\/de\/wp-json\/wp\/v2\/media\/5740"}],"wp:attachment":[{"href":"https:\/\/fonsvinum.com\/de\/wp-json\/wp\/v2\/media?parent=38540"}],"wp:term":[{"taxonomy":"product_brand","embeddable":true,"href":"https:\/\/fonsvinum.com\/de\/wp-json\/wp\/v2\/product_brand?post=38540"},{"taxonomy":"product_cat","embeddable":true,"href":"https:\/\/fonsvinum.com\/de\/wp-json\/wp\/v2\/product_cat?post=38540"},{"taxonomy":"product_tag","embeddable":true,"href":"https:\/\/fonsvinum.com\/de\/wp-json\/wp\/v2\/product_tag?post=38540"}],"curies":[{"name":"wp","href":"https:\/\/api.w.org\/{rel}","templated":true}]}}