{"id":38264,"date":"2022-07-08T12:17:47","date_gmt":"2022-07-08T10:17:47","guid":{"rendered":"https:\/\/fonsvinum.com\/?post_type=product&#038;p=38264"},"modified":"2026-04-23T05:53:25","modified_gmt":"2026-04-23T03:53:25","slug":"gaja-barbaresco-2019","status":"publish","type":"product","link":"https:\/\/fonsvinum.com\/de\/produkt\/gaja-barbaresco-2019\/","title":{"rendered":"GAJA Barbaresco 2019"},"content":{"rendered":"<h1>GAJA <a href=\"https:\/\/fonsvinum.com\/de\/produkt-kategorie\/rotweine-de\/barbaresco-de\/\">Barbaresco<\/a> 2019<\/h1>\n<h2>Weingut <a href=\"https:\/\/fonsvinum.com\/de\/attributes\/producer\/gaja-de\/\">GAJA<\/a><\/h2>\n<p><a href=\"https:\/\/www.gajadistribuzione.it\/\">Gaja<\/a> ist heute ein Weingut, das allein im Piemont fast 100 Hektar eigene, kontrollierte Weinberge bewirtschaftet. Das Weingut Gaja wurde 1859 in Barbaresco, im Herzen der <a href=\"https:\/\/www.shopinlanghe.com\/sellers?render_type=sellerview&amp;id_seller=5\">Langhe<\/a>, gegr\u00fcndet und ist seit jeher als einer der bedeutendsten Namen in der Barbaresco-Produktion bekannt. <\/p>\n<p>Vom Gr\u00fcnder Giovanni bis zu Angelo Gaja hat diese Familie stets nach Qualit\u00e4t gestrebt. Das Piemont ist eine der berufensten Regionen f\u00fcr die Produktion gro\u00dfer Weine. Hier nimmt der Nebbiolo oft poetische Z\u00fcge an.  <\/p>\n<p>Angelo Gaja hatte in den 60er Jahren das Verdienst, die Traditionen zu erneuern. Dies bedeutete die Einf\u00fchrung neuer Techniken wie die Reduzierung des Ertrags pro Hektar, eine bessere Kontrolle der G\u00e4rtemperatur, einen sorgf\u00e4ltigen Einsatz des Barriques, die Verwendung l\u00e4ngerer Korken.<br \/>\nSo verstand es Gaja, mit der Zeit zu gehen, ohne in den Fehler zu verfallen, in der Tradition zu erstarren. Ein Erfolg also, der mit Intelligenz und Intuition aufgebaut, von der Strenge und den Opfern der Vorg\u00e4nger geerbt und in den letzten Jahrzehnten dank der hervorragenden F\u00fchrung von Angelo entwickelt und gefestigt wurde.  <\/p>\n<p>Gaja hat um sich herum das Image einer starken und unverzichtbaren Marke aufgebaut, Symbol f\u00fcr die Gr\u00f6\u00dfe des Barbaresco und eines Weins, der die Poesie seines Terroirs im Glas zu erz\u00e4hlen wei\u00df.<\/p>\n<h2><a href=\"https:\/\/fonsvinum.com\/?s=BARBARESCO&amp;post_type=product\">BARBARESCO<\/a><\/h2>\n<p>GAJA Barbaresco 2019. Der Barbaresco von Gaja ist ein Wein von immensem Reichtum und Ausdruckskraft, erzeugt von einem legend\u00e4ren Weingut der Langhe.<\/p>\n<p>Edle Flaschen, denen Sie einen Ehrenplatz im Keller vorbehalten sollten, um sie im richtigen Moment zu \u00f6ffnen und ihre vorz\u00fcgliche Komplexit\u00e4t in vollen Z\u00fcgen zu genie\u00dfen!<\/p>\n<h3>-Verkostungsnotizen-<\/h3>\n<p>Der Barbaresco Gaja ist entschieden, w\u00fcrzig, lakritzig, streng, R\u00f6stnoten, Kaffee, Mentholnuancen, Heidelbeere und balsamische Ankl\u00e4nge. Alles ist wunderbar definiert. <\/p>\n<ul>\n<li>Am <strong>Gaumen<\/strong> ist er \u00e4u\u00dferst reichhaltig, von gro\u00dfer Eleganz, mit entschiedenen und pr\u00e4zisen Tanninen. S\u00fc\u00dfes und sehr langes Finale. <\/li>\n<li>Ein Barbaresco mit \u00fcberbordender <strong>Nase,<\/strong> gro\u00dfer Struktur und s\u00fc\u00dfem, schmeichelndem Finale.<\/li>\n<\/ul>\n","protected":false},"excerpt":{"rendered":"<p>GAJA Barbaresco 2019 Weingut GAJA Gaja ist heute ein Weingut, das allein im Piemont fast 100 Hektar eigene, kontrollierte Weinberge bewirtschaftet. Das Weingut Gaja wurde 1859 in Barbaresco, im Herzen der Langhe, gegr\u00fcndet und ist seit jeher als einer der bedeutendsten Namen in der Barbaresco-Produktion bekannt. Vom Gr\u00fcnder Giovanni bis zu Angelo Gaja hat diese [&hellip;]<\/p>\n","protected":false},"featured_media":36874,"comment_status":"open","ping_status":"closed","template":"","meta":{"_acf_changed":false,"_monsterinsights_skip_tracking":false,"_monsterinsights_sitenote_active":false,"_monsterinsights_sitenote_note":"","_monsterinsights_sitenote_category":0},"product_brand":[],"product_cat":[1773],"product_tag":[15895,18450,15893,15959],"class_list":{"0":"post-38264","1":"product","2":"type-product","3":"status-publish","4":"has-post-thumbnail","6":"product_cat-barbaresco-de","7":"product_tag-barbaresco-de-2","8":"product_tag-langhe-weine","9":"product_tag-piemonte-de","10":"product_tag-vino-rosso-de","11":"pa_appellation-barbaresco-docg-de","12":"pa_formato-0-75-l-flasche-de","13":"pa_producer-gaja-de","14":"pa_region-piemont-de","15":"pa_vine-100-nebbiolo-de","16":"pa_vintage-2019-de","18":"first","19":"instock","20":"taxable","21":"shipping-taxable","22":"purchasable","23":"product-type-simple"},"bundled_by":[],"bundle_stock_status":"instock","bundle_stock_quantity":3,"bundle_virtual":false,"bundle_layout":"","bundle_add_to_cart_form_location":"","bundle_editable_in_cart":false,"bundle_sold_individually_context":"","bundle_item_grouping":"","bundle_min_size":"","bundle_max_size":"","bundle_price":[],"bundled_items":[],"bundle_sell_ids":[],"yoast_head":"<!-- This site is optimized with the Yoast SEO plugin v27.3 - https:\/\/yoast.com\/product\/yoast-seo-wordpress\/ -->\n<title>Kaufen Sie GAJA Barbaresco 2019 online bei FonsVinum<\/title>\n<meta name=\"description\" content=\"Kaufen Sie GAJA Barbaresco 2018 online bei FonsVinum \u2013 ein Barbaresco mit opulenter Nase, gro\u00dfartiger Struktur und einem s\u00fc\u00dfen, schmeichelnden Finale.\" \/>\n<meta name=\"robots\" content=\"index, follow, max-snippet:-1, max-image-preview:large, max-video-preview:-1\" \/>\n<link rel=\"canonical\" href=\"https:\/\/fonsvinum.com\/de\/produkt\/gaja-barbaresco-2019\/\" \/>\n<meta property=\"og:locale\" content=\"de_DE\" \/>\n<meta property=\"og:type\" content=\"article\" \/>\n<meta property=\"og:title\" content=\"Kaufen Sie GAJA Barbaresco 2019 online bei FonsVinum\" \/>\n<meta property=\"og:description\" content=\"Kaufen Sie GAJA Barbaresco 2018 online bei FonsVinum \u2013 ein Barbaresco mit opulenter Nase, gro\u00dfartiger Struktur und einem s\u00fc\u00dfen, schmeichelnden Finale.\" \/>\n<meta property=\"og:url\" content=\"https:\/\/fonsvinum.com\/de\/produkt\/gaja-barbaresco-2019\/\" \/>\n<meta property=\"og:site_name\" content=\"Fons Vinum\" \/>\n<meta property=\"article:modified_time\" content=\"2026-04-23T03:53:25+00:00\" \/>\n<meta property=\"og:image\" content=\"https:\/\/fonsvinum.com\/files\/2022\/02\/barbaresco-gaja.jpg\" \/>\n\t<meta property=\"og:image:width\" content=\"200\" \/>\n\t<meta property=\"og:image:height\" content=\"600\" \/>\n\t<meta property=\"og:image:type\" content=\"image\/jpeg\" \/>\n<meta name=\"twitter:label1\" content=\"Gesch\u00e4tzte Lesezeit\" \/>\n\t<meta name=\"twitter:data1\" content=\"1\u00a0Minute\" \/>\n<script type=\"application\/ld+json\" class=\"yoast-schema-graph\">{\"@context\":\"https:\\\/\\\/schema.org\",\"@graph\":[{\"@type\":\"WebPage\",\"@id\":\"https:\\\/\\\/fonsvinum.com\\\/de\\\/produkt\\\/gaja-barbaresco-2019\\\/\",\"url\":\"https:\\\/\\\/fonsvinum.com\\\/de\\\/produkt\\\/gaja-barbaresco-2019\\\/\",\"name\":\"Kaufen Sie GAJA Barbaresco 2019 online bei FonsVinum\",\"isPartOf\":{\"@id\":\"https:\\\/\\\/fonsvinum.com\\\/en\\\/#website\"},\"primaryImageOfPage\":{\"@id\":\"https:\\\/\\\/fonsvinum.com\\\/de\\\/produkt\\\/gaja-barbaresco-2019\\\/#primaryimage\"},\"image\":{\"@id\":\"https:\\\/\\\/fonsvinum.com\\\/de\\\/produkt\\\/gaja-barbaresco-2019\\\/#primaryimage\"},\"thumbnailUrl\":\"https:\\\/\\\/fonsvinum.com\\\/files\\\/2022\\\/02\\\/barbaresco-gaja.jpg\",\"datePublished\":\"2022-07-08T10:17:47+00:00\",\"dateModified\":\"2026-04-23T03:53:25+00:00\",\"description\":\"Kaufen Sie GAJA Barbaresco 2018 online bei FonsVinum \u2013 ein Barbaresco mit opulenter Nase, gro\u00dfartiger Struktur und einem s\u00fc\u00dfen, schmeichelnden Finale.\",\"breadcrumb\":{\"@id\":\"https:\\\/\\\/fonsvinum.com\\\/de\\\/produkt\\\/gaja-barbaresco-2019\\\/#breadcrumb\"},\"inLanguage\":\"de\",\"potentialAction\":[{\"@type\":\"ReadAction\",\"target\":[\"https:\\\/\\\/fonsvinum.com\\\/de\\\/produkt\\\/gaja-barbaresco-2019\\\/\"]}]},{\"@type\":\"ImageObject\",\"inLanguage\":\"de\",\"@id\":\"https:\\\/\\\/fonsvinum.com\\\/de\\\/produkt\\\/gaja-barbaresco-2019\\\/#primaryimage\",\"url\":\"https:\\\/\\\/fonsvinum.com\\\/files\\\/2022\\\/02\\\/barbaresco-gaja.jpg\",\"contentUrl\":\"https:\\\/\\\/fonsvinum.com\\\/files\\\/2022\\\/02\\\/barbaresco-gaja.jpg\",\"width\":200,\"height\":600},{\"@type\":\"BreadcrumbList\",\"@id\":\"https:\\\/\\\/fonsvinum.com\\\/de\\\/produkt\\\/gaja-barbaresco-2019\\\/#breadcrumb\",\"itemListElement\":[{\"@type\":\"ListItem\",\"position\":1,\"name\":\"Startseite\",\"item\":\"https:\\\/\\\/fonsvinum.com\\\/de\\\/\"},{\"@type\":\"ListItem\",\"position\":2,\"name\":\"Shop\",\"item\":\"https:\\\/\\\/fonsvinum.com\\\/de\\\/shop\\\/\"},{\"@type\":\"ListItem\",\"position\":3,\"name\":\"GAJA Barbaresco 2019\"}]},{\"@type\":\"WebSite\",\"@id\":\"https:\\\/\\\/fonsvinum.com\\\/en\\\/#website\",\"url\":\"https:\\\/\\\/fonsvinum.com\\\/en\\\/\",\"name\":\"Fons Vinum\",\"description\":\"Vendita Vino Online\",\"publisher\":{\"@id\":\"https:\\\/\\\/fonsvinum.com\\\/en\\\/#organization\"},\"potentialAction\":[{\"@type\":\"SearchAction\",\"target\":{\"@type\":\"EntryPoint\",\"urlTemplate\":\"https:\\\/\\\/fonsvinum.com\\\/en\\\/?s={search_term_string}\"},\"query-input\":{\"@type\":\"PropertyValueSpecification\",\"valueRequired\":true,\"valueName\":\"search_term_string\"}}],\"inLanguage\":\"de\"},{\"@type\":\"Organization\",\"@id\":\"https:\\\/\\\/fonsvinum.com\\\/en\\\/#organization\",\"name\":\"Fons Vinum\",\"url\":\"https:\\\/\\\/fonsvinum.com\\\/en\\\/\",\"logo\":{\"@type\":\"ImageObject\",\"inLanguage\":\"de\",\"@id\":\"https:\\\/\\\/fonsvinum.com\\\/en\\\/#\\\/schema\\\/logo\\\/image\\\/\",\"url\":\"\",\"contentUrl\":\"\",\"caption\":\"Fons Vinum\"},\"image\":{\"@id\":\"https:\\\/\\\/fonsvinum.com\\\/en\\\/#\\\/schema\\\/logo\\\/image\\\/\"}}]}<\/script>\n<!-- \/ Yoast SEO plugin. -->","yoast_head_json":{"title":"Kaufen Sie GAJA Barbaresco 2019 online bei FonsVinum","description":"Kaufen Sie GAJA Barbaresco 2018 online bei FonsVinum \u2013 ein Barbaresco mit opulenter Nase, gro\u00dfartiger Struktur und einem s\u00fc\u00dfen, schmeichelnden Finale.","robots":{"index":"index","follow":"follow","max-snippet":"max-snippet:-1","max-image-preview":"max-image-preview:large","max-video-preview":"max-video-preview:-1"},"canonical":"https:\/\/fonsvinum.com\/de\/produkt\/gaja-barbaresco-2019\/","og_locale":"de_DE","og_type":"article","og_title":"Kaufen Sie GAJA Barbaresco 2019 online bei FonsVinum","og_description":"Kaufen Sie GAJA Barbaresco 2018 online bei FonsVinum \u2013 ein Barbaresco mit opulenter Nase, gro\u00dfartiger Struktur und einem s\u00fc\u00dfen, schmeichelnden Finale.","og_url":"https:\/\/fonsvinum.com\/de\/produkt\/gaja-barbaresco-2019\/","og_site_name":"Fons Vinum","article_modified_time":"2026-04-23T03:53:25+00:00","og_image":[{"width":200,"height":600,"url":"https:\/\/fonsvinum.com\/files\/2022\/02\/barbaresco-gaja.jpg","type":"image\/jpeg"}],"twitter_misc":{"Gesch\u00e4tzte Lesezeit":"1\u00a0Minute"},"schema":{"@context":"https:\/\/schema.org","@graph":[{"@type":"WebPage","@id":"https:\/\/fonsvinum.com\/de\/produkt\/gaja-barbaresco-2019\/","url":"https:\/\/fonsvinum.com\/de\/produkt\/gaja-barbaresco-2019\/","name":"Kaufen Sie GAJA Barbaresco 2019 online bei FonsVinum","isPartOf":{"@id":"https:\/\/fonsvinum.com\/en\/#website"},"primaryImageOfPage":{"@id":"https:\/\/fonsvinum.com\/de\/produkt\/gaja-barbaresco-2019\/#primaryimage"},"image":{"@id":"https:\/\/fonsvinum.com\/de\/produkt\/gaja-barbaresco-2019\/#primaryimage"},"thumbnailUrl":"https:\/\/fonsvinum.com\/files\/2022\/02\/barbaresco-gaja.jpg","datePublished":"2022-07-08T10:17:47+00:00","dateModified":"2026-04-23T03:53:25+00:00","description":"Kaufen Sie GAJA Barbaresco 2018 online bei FonsVinum \u2013 ein Barbaresco mit opulenter Nase, gro\u00dfartiger Struktur und einem s\u00fc\u00dfen, schmeichelnden Finale.","breadcrumb":{"@id":"https:\/\/fonsvinum.com\/de\/produkt\/gaja-barbaresco-2019\/#breadcrumb"},"inLanguage":"de","potentialAction":[{"@type":"ReadAction","target":["https:\/\/fonsvinum.com\/de\/produkt\/gaja-barbaresco-2019\/"]}]},{"@type":"ImageObject","inLanguage":"de","@id":"https:\/\/fonsvinum.com\/de\/produkt\/gaja-barbaresco-2019\/#primaryimage","url":"https:\/\/fonsvinum.com\/files\/2022\/02\/barbaresco-gaja.jpg","contentUrl":"https:\/\/fonsvinum.com\/files\/2022\/02\/barbaresco-gaja.jpg","width":200,"height":600},{"@type":"BreadcrumbList","@id":"https:\/\/fonsvinum.com\/de\/produkt\/gaja-barbaresco-2019\/#breadcrumb","itemListElement":[{"@type":"ListItem","position":1,"name":"Startseite","item":"https:\/\/fonsvinum.com\/de\/"},{"@type":"ListItem","position":2,"name":"Shop","item":"https:\/\/fonsvinum.com\/de\/shop\/"},{"@type":"ListItem","position":3,"name":"GAJA Barbaresco 2019"}]},{"@type":"WebSite","@id":"https:\/\/fonsvinum.com\/en\/#website","url":"https:\/\/fonsvinum.com\/en\/","name":"Fons Vinum","description":"Vendita Vino Online","publisher":{"@id":"https:\/\/fonsvinum.com\/en\/#organization"},"potentialAction":[{"@type":"SearchAction","target":{"@type":"EntryPoint","urlTemplate":"https:\/\/fonsvinum.com\/en\/?s={search_term_string}"},"query-input":{"@type":"PropertyValueSpecification","valueRequired":true,"valueName":"search_term_string"}}],"inLanguage":"de"},{"@type":"Organization","@id":"https:\/\/fonsvinum.com\/en\/#organization","name":"Fons Vinum","url":"https:\/\/fonsvinum.com\/en\/","logo":{"@type":"ImageObject","inLanguage":"de","@id":"https:\/\/fonsvinum.com\/en\/#\/schema\/logo\/image\/","url":"","contentUrl":"","caption":"Fons Vinum"},"image":{"@id":"https:\/\/fonsvinum.com\/en\/#\/schema\/logo\/image\/"}}]}},"acf":[],"_links":{"self":[{"href":"https:\/\/fonsvinum.com\/de\/wp-json\/wp\/v2\/product\/38264","targetHints":{"allow":["GET"]}}],"collection":[{"href":"https:\/\/fonsvinum.com\/de\/wp-json\/wp\/v2\/product"}],"about":[{"href":"https:\/\/fonsvinum.com\/de\/wp-json\/wp\/v2\/types\/product"}],"replies":[{"embeddable":true,"href":"https:\/\/fonsvinum.com\/de\/wp-json\/wp\/v2\/comments?post=38264"}],"wp:featuredmedia":[{"embeddable":true,"href":"https:\/\/fonsvinum.com\/de\/wp-json\/wp\/v2\/media\/36874"}],"wp:attachment":[{"href":"https:\/\/fonsvinum.com\/de\/wp-json\/wp\/v2\/media?parent=38264"}],"wp:term":[{"taxonomy":"product_brand","embeddable":true,"href":"https:\/\/fonsvinum.com\/de\/wp-json\/wp\/v2\/product_brand?post=38264"},{"taxonomy":"product_cat","embeddable":true,"href":"https:\/\/fonsvinum.com\/de\/wp-json\/wp\/v2\/product_cat?post=38264"},{"taxonomy":"product_tag","embeddable":true,"href":"https:\/\/fonsvinum.com\/de\/wp-json\/wp\/v2\/product_tag?post=38264"}],"curies":[{"name":"wp","href":"https:\/\/api.w.org\/{rel}","templated":true}]}}