{"id":37541,"date":"2022-03-03T15:24:22","date_gmt":"2022-03-03T14:24:22","guid":{"rendered":"https:\/\/fonsvinum.com\/?post_type=product&#038;p=37541"},"modified":"2022-03-03T16:48:40","modified_gmt":"2022-03-03T15:48:40","slug":"kellerei-andrian-somereto-chardonnay-2021","status":"publish","type":"product","link":"https:\/\/fonsvinum.com\/de\/produkt\/kellerei-andrian-somereto-chardonnay-2021\/","title":{"rendered":"KELLEREI ANDRIAN Somereto Chardonnay 2021"},"content":{"rendered":"<h2>KELLEREI ANDRIAN Somereto Chardonnay 2021<\/h2>\n<p>KELLEREI ANDRIAN Somereto Chardonnay 2021<\/p>\n<p><em>Best\u00e4ndigkeit in der Ver\u00e4nderung<\/em><\/p>\n<p>Einzig in der Ver\u00e4nderung liegt Best\u00e4ndigkeit. In Andrian l\u00e4sst man sich nicht einfach vom Strom der Zeit treiben. Schon immer nimmt man die Geschicke aktiv in die Hand. 1893 wagten die Andrianer Weinbauern den ersten Schritt, b\u00fcndelten ihre Kr\u00e4fte zur ersten Kellereigenossenschaft S\u00fcdtirols und damit zur ersten der fr\u00fcheren ungarisch-\u00f6sterreichischen Donaumonarchie. 115 Jahre sp\u00e4ter \u2013 im Jahr 2008 \u2013 treffen sie eine weitere wegweisende Entscheidung: ein B\u00fcndnis mit der angesehenen Cantina Terlan auf der gegen\u00fcberliegenden Tal- und Etsch-Seite.<\/p>\n<p>Die St\u00e4rken beider <a href=\"https:\/\/fonsvinum.com\/de\/attributes\/producer\/kellerei-andrian\/\">Weing\u00fcter<\/a> sind heute geb\u00fcndelt und doch klar voneinander getrennt. Die Cantina Andrian und ihr gro\u00dfes Lagenpotenzial haben Bestand, ebenso wie die historischen Errungenschaften der Andrianer zum Beispiel f\u00fcr Lagrein, der hier als einer der ersten im Barrique ausgebaut wurde.<\/p>\n<p>Auf Basis der beharrlichen Qualit\u00e4tskriterien und durch eine starke Fokussierung auf den Terroir-Gedanken, die sich schon in Terlan bew\u00e4hrt hatten, entwickelt sich die Cantina Andrian in steten Schritten weiter. Heute blickt sie gest\u00e4rkt in die Zukunft, kann stolz sein auf die eigene Identit\u00e4t und Qualit\u00e4t. Diese haben ihren Ursprung in einem einzigartigen, von Kalk gepr\u00e4gtem Terroir, einem v\u00f6llig anderen Klima als in Terlan und in Rebsorten, die zu diesen beiden Parametern ideal passen.<\/p>\n<h2>CHARDONNAY SOMERETO<\/h2>\n<h3>WEINCHARAKTERISTIK<\/h3>\n<ul>\n<li><strong>FARBE<\/strong> helles strohgelb;<\/li>\n<li><strong>DUFT<\/strong> fruchtig und intensiv im Bukett, an reife Bananen und tropische Fru\u0308chte erinnernd;<\/li>\n<li><strong>GESCHMACK<\/strong> harmonisch und volumin\u00f6s, sehr nachhaltig mit angenehmer S\u00e4ure.<\/li>\n<\/ul>\n","protected":false},"excerpt":{"rendered":"<p>KELLEREI ANDRIAN Somereto Chardonnay 2021 KELLEREI ANDRIAN Somereto Chardonnay 2021 Best\u00e4ndigkeit in der Ver\u00e4nderung Einzig in der Ver\u00e4nderung liegt Best\u00e4ndigkeit. In Andrian l\u00e4sst man sich nicht einfach vom Strom der Zeit treiben. Schon immer nimmt man die Geschicke aktiv in die Hand. 1893 wagten die Andrianer Weinbauern den ersten Schritt, b\u00fcndelten ihre Kr\u00e4fte zur ersten [&hellip;]<\/p>\n","protected":false},"featured_media":37549,"comment_status":"open","ping_status":"closed","template":"","meta":{"_acf_changed":false,"_monsterinsights_skip_tracking":false,"_monsterinsights_sitenote_active":false,"_monsterinsights_sitenote_note":"","_monsterinsights_sitenote_category":0},"product_brand":[],"product_cat":[1778],"product_tag":[17742],"class_list":{"0":"post-37541","1":"product","2":"type-product","3":"status-publish","4":"has-post-thumbnail","6":"product_cat-chardonnay-de","7":"product_tag-vino-bianco-de","8":"pa_appellation-alto-adige-sudtirol-doc-de","9":"pa_formato-0-75-l-flasche-de","10":"pa_producer-kellerei-andrian","11":"pa_region-trentino-tiroler-etschland-de","12":"pa_vine-100-chardonnay-de","13":"pa_vintage-18393","15":"first","16":"instock","17":"taxable","18":"shipping-taxable","19":"purchasable","20":"product-type-simple"},"bundled_by":[],"bundle_stock_status":"instock","bundle_stock_quantity":1,"bundle_virtual":false,"bundle_layout":"","bundle_add_to_cart_form_location":"","bundle_editable_in_cart":false,"bundle_sold_individually_context":"","bundle_item_grouping":"","bundle_min_size":"","bundle_max_size":"","bundle_price":[],"bundled_items":[],"bundle_sell_ids":[],"yoast_head":"<!-- This site is optimized with the Yoast SEO plugin v27.3 - https:\/\/yoast.com\/product\/yoast-seo-wordpress\/ -->\n<title>KELLEREI ANDRIAN Somereto Chardonnay 2021<\/title>\n<meta name=\"description\" content=\"Kaufen online KELLEREI ANDRIAN Somereto Chardonnay 2021, harmonisch und volumin\u00f6s, sehr nachhaltig mit angenehmer S\u00e4ure.\" \/>\n<meta name=\"robots\" content=\"index, follow, max-snippet:-1, max-image-preview:large, max-video-preview:-1\" \/>\n<link rel=\"canonical\" href=\"https:\/\/fonsvinum.com\/de\/produkt\/kellerei-andrian-somereto-chardonnay-2021\/\" \/>\n<meta property=\"og:locale\" content=\"de_DE\" \/>\n<meta property=\"og:type\" content=\"article\" \/>\n<meta property=\"og:title\" content=\"KELLEREI ANDRIAN Somereto Chardonnay 2021\" \/>\n<meta property=\"og:description\" content=\"Kaufen online KELLEREI ANDRIAN Somereto Chardonnay 2021, harmonisch und volumin\u00f6s, sehr nachhaltig mit angenehmer S\u00e4ure.\" \/>\n<meta property=\"og:url\" content=\"https:\/\/fonsvinum.com\/de\/produkt\/kellerei-andrian-somereto-chardonnay-2021\/\" \/>\n<meta property=\"og:site_name\" content=\"Fons Vinum\" \/>\n<meta property=\"article:modified_time\" content=\"2022-03-03T15:48:40+00:00\" \/>\n<meta property=\"og:image\" content=\"https:\/\/fonsvinum.com\/files\/2022\/03\/cantina-andrian-chardonnay-somereto.jpg\" \/>\n\t<meta property=\"og:image:width\" content=\"200\" \/>\n\t<meta property=\"og:image:height\" content=\"600\" \/>\n\t<meta property=\"og:image:type\" content=\"image\/jpeg\" \/>\n<meta name=\"twitter:label1\" content=\"Gesch\u00e4tzte Lesezeit\" \/>\n\t<meta name=\"twitter:data1\" content=\"2\u00a0Minuten\" \/>\n<script type=\"application\/ld+json\" class=\"yoast-schema-graph\">{\"@context\":\"https:\\\/\\\/schema.org\",\"@graph\":[{\"@type\":\"WebPage\",\"@id\":\"https:\\\/\\\/fonsvinum.com\\\/de\\\/produkt\\\/kellerei-andrian-somereto-chardonnay-2021\\\/\",\"url\":\"https:\\\/\\\/fonsvinum.com\\\/de\\\/produkt\\\/kellerei-andrian-somereto-chardonnay-2021\\\/\",\"name\":\"KELLEREI ANDRIAN Somereto Chardonnay 2021\",\"isPartOf\":{\"@id\":\"https:\\\/\\\/fonsvinum.com\\\/en\\\/#website\"},\"primaryImageOfPage\":{\"@id\":\"https:\\\/\\\/fonsvinum.com\\\/de\\\/produkt\\\/kellerei-andrian-somereto-chardonnay-2021\\\/#primaryimage\"},\"image\":{\"@id\":\"https:\\\/\\\/fonsvinum.com\\\/de\\\/produkt\\\/kellerei-andrian-somereto-chardonnay-2021\\\/#primaryimage\"},\"thumbnailUrl\":\"https:\\\/\\\/fonsvinum.com\\\/files\\\/2022\\\/03\\\/cantina-andrian-chardonnay-somereto.jpg\",\"datePublished\":\"2022-03-03T14:24:22+00:00\",\"dateModified\":\"2022-03-03T15:48:40+00:00\",\"description\":\"Kaufen online KELLEREI ANDRIAN Somereto Chardonnay 2021, harmonisch und volumin\u00f6s, sehr nachhaltig mit angenehmer S\u00e4ure.\",\"breadcrumb\":{\"@id\":\"https:\\\/\\\/fonsvinum.com\\\/de\\\/produkt\\\/kellerei-andrian-somereto-chardonnay-2021\\\/#breadcrumb\"},\"inLanguage\":\"de\",\"potentialAction\":[{\"@type\":\"ReadAction\",\"target\":[\"https:\\\/\\\/fonsvinum.com\\\/de\\\/produkt\\\/kellerei-andrian-somereto-chardonnay-2021\\\/\"]}]},{\"@type\":\"ImageObject\",\"inLanguage\":\"de\",\"@id\":\"https:\\\/\\\/fonsvinum.com\\\/de\\\/produkt\\\/kellerei-andrian-somereto-chardonnay-2021\\\/#primaryimage\",\"url\":\"https:\\\/\\\/fonsvinum.com\\\/files\\\/2022\\\/03\\\/cantina-andrian-chardonnay-somereto.jpg\",\"contentUrl\":\"https:\\\/\\\/fonsvinum.com\\\/files\\\/2022\\\/03\\\/cantina-andrian-chardonnay-somereto.jpg\",\"width\":200,\"height\":600},{\"@type\":\"BreadcrumbList\",\"@id\":\"https:\\\/\\\/fonsvinum.com\\\/de\\\/produkt\\\/kellerei-andrian-somereto-chardonnay-2021\\\/#breadcrumb\",\"itemListElement\":[{\"@type\":\"ListItem\",\"position\":1,\"name\":\"Startseite\",\"item\":\"https:\\\/\\\/fonsvinum.com\\\/de\\\/\"},{\"@type\":\"ListItem\",\"position\":2,\"name\":\"Shop\",\"item\":\"https:\\\/\\\/fonsvinum.com\\\/de\\\/shop\\\/\"},{\"@type\":\"ListItem\",\"position\":3,\"name\":\"KELLEREI ANDRIAN Somereto Chardonnay 2021\"}]},{\"@type\":\"WebSite\",\"@id\":\"https:\\\/\\\/fonsvinum.com\\\/en\\\/#website\",\"url\":\"https:\\\/\\\/fonsvinum.com\\\/en\\\/\",\"name\":\"Fons Vinum\",\"description\":\"Vendita Vino Online\",\"publisher\":{\"@id\":\"https:\\\/\\\/fonsvinum.com\\\/en\\\/#organization\"},\"potentialAction\":[{\"@type\":\"SearchAction\",\"target\":{\"@type\":\"EntryPoint\",\"urlTemplate\":\"https:\\\/\\\/fonsvinum.com\\\/en\\\/?s={search_term_string}\"},\"query-input\":{\"@type\":\"PropertyValueSpecification\",\"valueRequired\":true,\"valueName\":\"search_term_string\"}}],\"inLanguage\":\"de\"},{\"@type\":\"Organization\",\"@id\":\"https:\\\/\\\/fonsvinum.com\\\/en\\\/#organization\",\"name\":\"Fons Vinum\",\"url\":\"https:\\\/\\\/fonsvinum.com\\\/en\\\/\",\"logo\":{\"@type\":\"ImageObject\",\"inLanguage\":\"de\",\"@id\":\"https:\\\/\\\/fonsvinum.com\\\/en\\\/#\\\/schema\\\/logo\\\/image\\\/\",\"url\":\"\",\"contentUrl\":\"\",\"caption\":\"Fons Vinum\"},\"image\":{\"@id\":\"https:\\\/\\\/fonsvinum.com\\\/en\\\/#\\\/schema\\\/logo\\\/image\\\/\"}}]}<\/script>\n<!-- \/ Yoast SEO plugin. -->","yoast_head_json":{"title":"KELLEREI ANDRIAN Somereto Chardonnay 2021","description":"Kaufen online KELLEREI ANDRIAN Somereto Chardonnay 2021, harmonisch und volumin\u00f6s, sehr nachhaltig mit angenehmer S\u00e4ure.","robots":{"index":"index","follow":"follow","max-snippet":"max-snippet:-1","max-image-preview":"max-image-preview:large","max-video-preview":"max-video-preview:-1"},"canonical":"https:\/\/fonsvinum.com\/de\/produkt\/kellerei-andrian-somereto-chardonnay-2021\/","og_locale":"de_DE","og_type":"article","og_title":"KELLEREI ANDRIAN Somereto Chardonnay 2021","og_description":"Kaufen online KELLEREI ANDRIAN Somereto Chardonnay 2021, harmonisch und volumin\u00f6s, sehr nachhaltig mit angenehmer S\u00e4ure.","og_url":"https:\/\/fonsvinum.com\/de\/produkt\/kellerei-andrian-somereto-chardonnay-2021\/","og_site_name":"Fons Vinum","article_modified_time":"2022-03-03T15:48:40+00:00","og_image":[{"width":200,"height":600,"url":"https:\/\/fonsvinum.com\/files\/2022\/03\/cantina-andrian-chardonnay-somereto.jpg","type":"image\/jpeg"}],"twitter_misc":{"Gesch\u00e4tzte Lesezeit":"2\u00a0Minuten"},"schema":{"@context":"https:\/\/schema.org","@graph":[{"@type":"WebPage","@id":"https:\/\/fonsvinum.com\/de\/produkt\/kellerei-andrian-somereto-chardonnay-2021\/","url":"https:\/\/fonsvinum.com\/de\/produkt\/kellerei-andrian-somereto-chardonnay-2021\/","name":"KELLEREI ANDRIAN Somereto Chardonnay 2021","isPartOf":{"@id":"https:\/\/fonsvinum.com\/en\/#website"},"primaryImageOfPage":{"@id":"https:\/\/fonsvinum.com\/de\/produkt\/kellerei-andrian-somereto-chardonnay-2021\/#primaryimage"},"image":{"@id":"https:\/\/fonsvinum.com\/de\/produkt\/kellerei-andrian-somereto-chardonnay-2021\/#primaryimage"},"thumbnailUrl":"https:\/\/fonsvinum.com\/files\/2022\/03\/cantina-andrian-chardonnay-somereto.jpg","datePublished":"2022-03-03T14:24:22+00:00","dateModified":"2022-03-03T15:48:40+00:00","description":"Kaufen online KELLEREI ANDRIAN Somereto Chardonnay 2021, harmonisch und volumin\u00f6s, sehr nachhaltig mit angenehmer S\u00e4ure.","breadcrumb":{"@id":"https:\/\/fonsvinum.com\/de\/produkt\/kellerei-andrian-somereto-chardonnay-2021\/#breadcrumb"},"inLanguage":"de","potentialAction":[{"@type":"ReadAction","target":["https:\/\/fonsvinum.com\/de\/produkt\/kellerei-andrian-somereto-chardonnay-2021\/"]}]},{"@type":"ImageObject","inLanguage":"de","@id":"https:\/\/fonsvinum.com\/de\/produkt\/kellerei-andrian-somereto-chardonnay-2021\/#primaryimage","url":"https:\/\/fonsvinum.com\/files\/2022\/03\/cantina-andrian-chardonnay-somereto.jpg","contentUrl":"https:\/\/fonsvinum.com\/files\/2022\/03\/cantina-andrian-chardonnay-somereto.jpg","width":200,"height":600},{"@type":"BreadcrumbList","@id":"https:\/\/fonsvinum.com\/de\/produkt\/kellerei-andrian-somereto-chardonnay-2021\/#breadcrumb","itemListElement":[{"@type":"ListItem","position":1,"name":"Startseite","item":"https:\/\/fonsvinum.com\/de\/"},{"@type":"ListItem","position":2,"name":"Shop","item":"https:\/\/fonsvinum.com\/de\/shop\/"},{"@type":"ListItem","position":3,"name":"KELLEREI ANDRIAN Somereto Chardonnay 2021"}]},{"@type":"WebSite","@id":"https:\/\/fonsvinum.com\/en\/#website","url":"https:\/\/fonsvinum.com\/en\/","name":"Fons Vinum","description":"Vendita Vino Online","publisher":{"@id":"https:\/\/fonsvinum.com\/en\/#organization"},"potentialAction":[{"@type":"SearchAction","target":{"@type":"EntryPoint","urlTemplate":"https:\/\/fonsvinum.com\/en\/?s={search_term_string}"},"query-input":{"@type":"PropertyValueSpecification","valueRequired":true,"valueName":"search_term_string"}}],"inLanguage":"de"},{"@type":"Organization","@id":"https:\/\/fonsvinum.com\/en\/#organization","name":"Fons Vinum","url":"https:\/\/fonsvinum.com\/en\/","logo":{"@type":"ImageObject","inLanguage":"de","@id":"https:\/\/fonsvinum.com\/en\/#\/schema\/logo\/image\/","url":"","contentUrl":"","caption":"Fons Vinum"},"image":{"@id":"https:\/\/fonsvinum.com\/en\/#\/schema\/logo\/image\/"}}]}},"acf":[],"_links":{"self":[{"href":"https:\/\/fonsvinum.com\/de\/wp-json\/wp\/v2\/product\/37541","targetHints":{"allow":["GET"]}}],"collection":[{"href":"https:\/\/fonsvinum.com\/de\/wp-json\/wp\/v2\/product"}],"about":[{"href":"https:\/\/fonsvinum.com\/de\/wp-json\/wp\/v2\/types\/product"}],"replies":[{"embeddable":true,"href":"https:\/\/fonsvinum.com\/de\/wp-json\/wp\/v2\/comments?post=37541"}],"wp:featuredmedia":[{"embeddable":true,"href":"https:\/\/fonsvinum.com\/de\/wp-json\/wp\/v2\/media\/37549"}],"wp:attachment":[{"href":"https:\/\/fonsvinum.com\/de\/wp-json\/wp\/v2\/media?parent=37541"}],"wp:term":[{"taxonomy":"product_brand","embeddable":true,"href":"https:\/\/fonsvinum.com\/de\/wp-json\/wp\/v2\/product_brand?post=37541"},{"taxonomy":"product_cat","embeddable":true,"href":"https:\/\/fonsvinum.com\/de\/wp-json\/wp\/v2\/product_cat?post=37541"},{"taxonomy":"product_tag","embeddable":true,"href":"https:\/\/fonsvinum.com\/de\/wp-json\/wp\/v2\/product_tag?post=37541"}],"curies":[{"name":"wp","href":"https:\/\/api.w.org\/{rel}","templated":true}]}}