{"id":37257,"date":"2022-02-23T10:31:36","date_gmt":"2022-02-23T09:31:36","guid":{"rendered":"https:\/\/fonsvinum.com\/?post_type=product&#038;p=37257"},"modified":"2022-02-23T10:41:40","modified_gmt":"2022-02-23T09:41:40","slug":"castello-banfi-ris-poggio-alloro-brunello-di-montalcino-2015","status":"publish","type":"product","link":"https:\/\/fonsvinum.com\/de\/produkt\/castello-banfi-ris-poggio-alloro-brunello-di-montalcino-2015\/","title":{"rendered":"CASTELLO BANFI Ris. Poggio all&#8217;Oro Brunello di Montalcino 2015"},"content":{"rendered":"<h2>CASTELLO BANFI Ris. Poggio all&#8217;Oro Brunello di Montalcino 2015<\/h2>\n<p><a href=\"https:\/\/fonsvinum.com\/de\/attributes\/producer\/castello-banfi-de\/\">CASTELLO BANFI<\/a> Ris. Poggio all&#8217;Oro Brunello di Montalcino 2015<\/p>\n<p>Banfi wurde 1978 dank dem Willen der italo-amerikanischen Br\u00fcder, John und Harry Mariani, gegr\u00fcndet.<\/p>\n<div class=\"product--description\">\n<p>Von Anfang an war es das Ziel der beiden Br\u00fcder, ein bahnbrechendes Projekt mit einer zukunftsweisenden Kellerei und einem nach der neusten Wissenschaft gef\u00fchrten Weinberg zu realisieren, um Spitzenweine zu erzeugen.<\/p>\n<p>An der Seite der Familie Mariani, Ezio Rivella, einer von Italiens f\u00fchrenden \u00d6nologen, der verstand,<\/p>\n<p>dass das Gut, aufgrund der Reichhaltigkeit der B\u00f6den und des privilegierten Mikroklimas, eine einzigartige Entwicklungsm\u00f6glichkeit vorwies.<\/p>\n<p>In den gleichen Jahren erwarben die Br\u00fcder, John und Harry, auch die historische Weinkellerei im Piemont, Bruzzone, die 1869 gegr\u00fcndet wurde und in der Herstellung von Schaumweinen spezialisiert war, heute als Banfi Piemont bekannt.<\/p>\n<p>Die Veranlagung des Gebiets von Montalcino und das besondere Mikroklima inspirieren die Herstellung von Weinen von hohem Wert und au\u00dferordentlicher Qualit\u00e4t von Castello Banfi.<br \/>\nAus ausgew\u00e4hlten Trauben, ausschlie\u00dflich in den Weinbergen des Weinguts geerntet, vereinen diese prachtvollen Weine auf vollkommene Weise die innovativsten Techniken und die althergebrachten Traditionen im Weinbau.<\/p>\n<h2>BRUNELLO DI MONTALCINO RIS. POGGIO ALL&#8217;ORO<\/h2>\n<p>Der Weinberg &#8222;Poggio all&#8217;Oro&#8220;, der besonders gut aufgrund seines g\u00fcnstigen Mikroklimas veranlagt ist, liegt in der H\u00fcgelregion der s\u00fcdlichen H\u00e4nge der Gemeinde Montalcino. H\u00f6he: 250 Meter \u00fcber dem Meeresspiegel. Lage: H\u00fcgel<\/p>\n<h3>THE WINEMAKER COMMENT<\/h3>\n<p>Ein Juwel der Familie Banfi, ein Brunello Riserva, ausschlie\u00dflich in den allerbesten Jahrg\u00e4ngen mit ausgew\u00e4hlten Trauben des Weinbergs Poggio all&#8217;Oro hergestellt, wo der Sangiovese ideale Wachstumsbedingungen vorfindet. F\u00fcnf Jahre ausgebaut, davon fast drei Jahre in Barriquef\u00e4ssern aus franz\u00f6sischer Eiche, unterscheidet er sich aufgrund seiner au\u00dferordentlichen Eleganz und der langen Lagerf\u00e4higkeit.<\/p>\n<\/div>\n","protected":false},"excerpt":{"rendered":"<p>CASTELLO BANFI Ris. Poggio all&#8217;Oro Brunello di Montalcino 2015 CASTELLO BANFI Ris. Poggio all&#8217;Oro Brunello di Montalcino 2015 Banfi wurde 1978 dank dem Willen der italo-amerikanischen Br\u00fcder, John und Harry Mariani, gegr\u00fcndet. Von Anfang an war es das Ziel der beiden Br\u00fcder, ein bahnbrechendes Projekt mit einer zukunftsweisenden Kellerei und einem nach der neusten Wissenschaft [&hellip;]<\/p>\n","protected":false},"featured_media":37253,"comment_status":"open","ping_status":"closed","template":"","meta":{"_acf_changed":false,"_monsterinsights_skip_tracking":false,"_monsterinsights_sitenote_active":false,"_monsterinsights_sitenote_note":"","_monsterinsights_sitenote_category":0},"product_brand":[],"product_cat":[1762],"product_tag":[15911,15959],"class_list":{"0":"post-37257","1":"product","2":"type-product","3":"status-publish","4":"has-post-thumbnail","6":"product_cat-brunello-de","7":"product_tag-brunello-de-2","8":"product_tag-vino-rosso-de","9":"pa_appellation-brunello-di-montalcino-docg-riserva-de","10":"pa_formato-0-75-l-flasche-de","11":"pa_producer-castello-banfi-de","12":"pa_region-toskana-de","13":"pa_vine-100-sangiovese-de","14":"pa_vintage-2015-de","16":"first","17":"instock","18":"taxable","19":"shipping-taxable","20":"purchasable","21":"product-type-simple"},"bundled_by":[],"bundle_stock_status":"instock","bundle_stock_quantity":12,"bundle_virtual":false,"bundle_layout":"","bundle_add_to_cart_form_location":"","bundle_editable_in_cart":false,"bundle_sold_individually_context":"","bundle_item_grouping":"","bundle_min_size":"","bundle_max_size":"","bundle_price":[],"bundled_items":[],"bundle_sell_ids":[],"yoast_head":"<!-- This site is optimized with the Yoast SEO plugin v27.3 - https:\/\/yoast.com\/product\/yoast-seo-wordpress\/ -->\n<title>CASTELLO BANFI Ris. Poggio all&#039;Oro Brunello di Montalcino 2015<\/title>\n<meta name=\"description\" content=\"Kaufen online CASTELLO BANFI Ris. Poggio all&#039;Oro Brunello di Montalcino 2015 - Fons Vinum -\" \/>\n<meta name=\"robots\" content=\"index, follow, max-snippet:-1, max-image-preview:large, max-video-preview:-1\" \/>\n<link rel=\"canonical\" href=\"https:\/\/fonsvinum.com\/de\/produkt\/castello-banfi-ris-poggio-alloro-brunello-di-montalcino-2015\/\" \/>\n<meta property=\"og:locale\" content=\"de_DE\" \/>\n<meta property=\"og:type\" content=\"article\" \/>\n<meta property=\"og:title\" content=\"CASTELLO BANFI Ris. Poggio all&#039;Oro Brunello di Montalcino 2015\" \/>\n<meta property=\"og:description\" content=\"Kaufen online CASTELLO BANFI Ris. Poggio all&#039;Oro Brunello di Montalcino 2015 - Fons Vinum -\" \/>\n<meta property=\"og:url\" content=\"https:\/\/fonsvinum.com\/de\/produkt\/castello-banfi-ris-poggio-alloro-brunello-di-montalcino-2015\/\" \/>\n<meta property=\"og:site_name\" content=\"Fons Vinum\" \/>\n<meta property=\"article:modified_time\" content=\"2022-02-23T09:41:40+00:00\" \/>\n<meta property=\"og:image\" content=\"https:\/\/fonsvinum.com\/files\/2022\/02\/castello-banfi-ris-poggio-oro.jpg\" \/>\n\t<meta property=\"og:image:width\" content=\"200\" \/>\n\t<meta property=\"og:image:height\" content=\"600\" \/>\n\t<meta property=\"og:image:type\" content=\"image\/jpeg\" \/>\n<meta name=\"twitter:label1\" content=\"Gesch\u00e4tzte Lesezeit\" \/>\n\t<meta name=\"twitter:data1\" content=\"2\u00a0Minuten\" \/>\n<script type=\"application\/ld+json\" class=\"yoast-schema-graph\">{\"@context\":\"https:\\\/\\\/schema.org\",\"@graph\":[{\"@type\":\"WebPage\",\"@id\":\"https:\\\/\\\/fonsvinum.com\\\/de\\\/produkt\\\/castello-banfi-ris-poggio-alloro-brunello-di-montalcino-2015\\\/\",\"url\":\"https:\\\/\\\/fonsvinum.com\\\/de\\\/produkt\\\/castello-banfi-ris-poggio-alloro-brunello-di-montalcino-2015\\\/\",\"name\":\"CASTELLO BANFI Ris. Poggio all'Oro Brunello di Montalcino 2015\",\"isPartOf\":{\"@id\":\"https:\\\/\\\/fonsvinum.com\\\/en\\\/#website\"},\"primaryImageOfPage\":{\"@id\":\"https:\\\/\\\/fonsvinum.com\\\/de\\\/produkt\\\/castello-banfi-ris-poggio-alloro-brunello-di-montalcino-2015\\\/#primaryimage\"},\"image\":{\"@id\":\"https:\\\/\\\/fonsvinum.com\\\/de\\\/produkt\\\/castello-banfi-ris-poggio-alloro-brunello-di-montalcino-2015\\\/#primaryimage\"},\"thumbnailUrl\":\"https:\\\/\\\/fonsvinum.com\\\/files\\\/2022\\\/02\\\/castello-banfi-ris-poggio-oro.jpg\",\"datePublished\":\"2022-02-23T09:31:36+00:00\",\"dateModified\":\"2022-02-23T09:41:40+00:00\",\"description\":\"Kaufen online CASTELLO BANFI Ris. Poggio all'Oro Brunello di Montalcino 2015 - Fons Vinum -\",\"breadcrumb\":{\"@id\":\"https:\\\/\\\/fonsvinum.com\\\/de\\\/produkt\\\/castello-banfi-ris-poggio-alloro-brunello-di-montalcino-2015\\\/#breadcrumb\"},\"inLanguage\":\"de\",\"potentialAction\":[{\"@type\":\"ReadAction\",\"target\":[\"https:\\\/\\\/fonsvinum.com\\\/de\\\/produkt\\\/castello-banfi-ris-poggio-alloro-brunello-di-montalcino-2015\\\/\"]}]},{\"@type\":\"ImageObject\",\"inLanguage\":\"de\",\"@id\":\"https:\\\/\\\/fonsvinum.com\\\/de\\\/produkt\\\/castello-banfi-ris-poggio-alloro-brunello-di-montalcino-2015\\\/#primaryimage\",\"url\":\"https:\\\/\\\/fonsvinum.com\\\/files\\\/2022\\\/02\\\/castello-banfi-ris-poggio-oro.jpg\",\"contentUrl\":\"https:\\\/\\\/fonsvinum.com\\\/files\\\/2022\\\/02\\\/castello-banfi-ris-poggio-oro.jpg\",\"width\":200,\"height\":600},{\"@type\":\"BreadcrumbList\",\"@id\":\"https:\\\/\\\/fonsvinum.com\\\/de\\\/produkt\\\/castello-banfi-ris-poggio-alloro-brunello-di-montalcino-2015\\\/#breadcrumb\",\"itemListElement\":[{\"@type\":\"ListItem\",\"position\":1,\"name\":\"Startseite\",\"item\":\"https:\\\/\\\/fonsvinum.com\\\/de\\\/\"},{\"@type\":\"ListItem\",\"position\":2,\"name\":\"Shop\",\"item\":\"https:\\\/\\\/fonsvinum.com\\\/de\\\/shop\\\/\"},{\"@type\":\"ListItem\",\"position\":3,\"name\":\"CASTELLO BANFI Ris. Poggio all&#8217;Oro Brunello di Montalcino 2015\"}]},{\"@type\":\"WebSite\",\"@id\":\"https:\\\/\\\/fonsvinum.com\\\/en\\\/#website\",\"url\":\"https:\\\/\\\/fonsvinum.com\\\/en\\\/\",\"name\":\"Fons Vinum\",\"description\":\"Vendita Vino Online\",\"publisher\":{\"@id\":\"https:\\\/\\\/fonsvinum.com\\\/en\\\/#organization\"},\"potentialAction\":[{\"@type\":\"SearchAction\",\"target\":{\"@type\":\"EntryPoint\",\"urlTemplate\":\"https:\\\/\\\/fonsvinum.com\\\/en\\\/?s={search_term_string}\"},\"query-input\":{\"@type\":\"PropertyValueSpecification\",\"valueRequired\":true,\"valueName\":\"search_term_string\"}}],\"inLanguage\":\"de\"},{\"@type\":\"Organization\",\"@id\":\"https:\\\/\\\/fonsvinum.com\\\/en\\\/#organization\",\"name\":\"Fons Vinum\",\"url\":\"https:\\\/\\\/fonsvinum.com\\\/en\\\/\",\"logo\":{\"@type\":\"ImageObject\",\"inLanguage\":\"de\",\"@id\":\"https:\\\/\\\/fonsvinum.com\\\/en\\\/#\\\/schema\\\/logo\\\/image\\\/\",\"url\":\"\",\"contentUrl\":\"\",\"caption\":\"Fons Vinum\"},\"image\":{\"@id\":\"https:\\\/\\\/fonsvinum.com\\\/en\\\/#\\\/schema\\\/logo\\\/image\\\/\"}}]}<\/script>\n<!-- \/ Yoast SEO plugin. -->","yoast_head_json":{"title":"CASTELLO BANFI Ris. Poggio all'Oro Brunello di Montalcino 2015","description":"Kaufen online CASTELLO BANFI Ris. Poggio all'Oro Brunello di Montalcino 2015 - Fons Vinum -","robots":{"index":"index","follow":"follow","max-snippet":"max-snippet:-1","max-image-preview":"max-image-preview:large","max-video-preview":"max-video-preview:-1"},"canonical":"https:\/\/fonsvinum.com\/de\/produkt\/castello-banfi-ris-poggio-alloro-brunello-di-montalcino-2015\/","og_locale":"de_DE","og_type":"article","og_title":"CASTELLO BANFI Ris. Poggio all'Oro Brunello di Montalcino 2015","og_description":"Kaufen online CASTELLO BANFI Ris. Poggio all'Oro Brunello di Montalcino 2015 - Fons Vinum -","og_url":"https:\/\/fonsvinum.com\/de\/produkt\/castello-banfi-ris-poggio-alloro-brunello-di-montalcino-2015\/","og_site_name":"Fons Vinum","article_modified_time":"2022-02-23T09:41:40+00:00","og_image":[{"width":200,"height":600,"url":"https:\/\/fonsvinum.com\/files\/2022\/02\/castello-banfi-ris-poggio-oro.jpg","type":"image\/jpeg"}],"twitter_misc":{"Gesch\u00e4tzte Lesezeit":"2\u00a0Minuten"},"schema":{"@context":"https:\/\/schema.org","@graph":[{"@type":"WebPage","@id":"https:\/\/fonsvinum.com\/de\/produkt\/castello-banfi-ris-poggio-alloro-brunello-di-montalcino-2015\/","url":"https:\/\/fonsvinum.com\/de\/produkt\/castello-banfi-ris-poggio-alloro-brunello-di-montalcino-2015\/","name":"CASTELLO BANFI Ris. Poggio all'Oro Brunello di Montalcino 2015","isPartOf":{"@id":"https:\/\/fonsvinum.com\/en\/#website"},"primaryImageOfPage":{"@id":"https:\/\/fonsvinum.com\/de\/produkt\/castello-banfi-ris-poggio-alloro-brunello-di-montalcino-2015\/#primaryimage"},"image":{"@id":"https:\/\/fonsvinum.com\/de\/produkt\/castello-banfi-ris-poggio-alloro-brunello-di-montalcino-2015\/#primaryimage"},"thumbnailUrl":"https:\/\/fonsvinum.com\/files\/2022\/02\/castello-banfi-ris-poggio-oro.jpg","datePublished":"2022-02-23T09:31:36+00:00","dateModified":"2022-02-23T09:41:40+00:00","description":"Kaufen online CASTELLO BANFI Ris. Poggio all'Oro Brunello di Montalcino 2015 - Fons Vinum -","breadcrumb":{"@id":"https:\/\/fonsvinum.com\/de\/produkt\/castello-banfi-ris-poggio-alloro-brunello-di-montalcino-2015\/#breadcrumb"},"inLanguage":"de","potentialAction":[{"@type":"ReadAction","target":["https:\/\/fonsvinum.com\/de\/produkt\/castello-banfi-ris-poggio-alloro-brunello-di-montalcino-2015\/"]}]},{"@type":"ImageObject","inLanguage":"de","@id":"https:\/\/fonsvinum.com\/de\/produkt\/castello-banfi-ris-poggio-alloro-brunello-di-montalcino-2015\/#primaryimage","url":"https:\/\/fonsvinum.com\/files\/2022\/02\/castello-banfi-ris-poggio-oro.jpg","contentUrl":"https:\/\/fonsvinum.com\/files\/2022\/02\/castello-banfi-ris-poggio-oro.jpg","width":200,"height":600},{"@type":"BreadcrumbList","@id":"https:\/\/fonsvinum.com\/de\/produkt\/castello-banfi-ris-poggio-alloro-brunello-di-montalcino-2015\/#breadcrumb","itemListElement":[{"@type":"ListItem","position":1,"name":"Startseite","item":"https:\/\/fonsvinum.com\/de\/"},{"@type":"ListItem","position":2,"name":"Shop","item":"https:\/\/fonsvinum.com\/de\/shop\/"},{"@type":"ListItem","position":3,"name":"CASTELLO BANFI Ris. Poggio all&#8217;Oro Brunello di Montalcino 2015"}]},{"@type":"WebSite","@id":"https:\/\/fonsvinum.com\/en\/#website","url":"https:\/\/fonsvinum.com\/en\/","name":"Fons Vinum","description":"Vendita Vino Online","publisher":{"@id":"https:\/\/fonsvinum.com\/en\/#organization"},"potentialAction":[{"@type":"SearchAction","target":{"@type":"EntryPoint","urlTemplate":"https:\/\/fonsvinum.com\/en\/?s={search_term_string}"},"query-input":{"@type":"PropertyValueSpecification","valueRequired":true,"valueName":"search_term_string"}}],"inLanguage":"de"},{"@type":"Organization","@id":"https:\/\/fonsvinum.com\/en\/#organization","name":"Fons Vinum","url":"https:\/\/fonsvinum.com\/en\/","logo":{"@type":"ImageObject","inLanguage":"de","@id":"https:\/\/fonsvinum.com\/en\/#\/schema\/logo\/image\/","url":"","contentUrl":"","caption":"Fons Vinum"},"image":{"@id":"https:\/\/fonsvinum.com\/en\/#\/schema\/logo\/image\/"}}]}},"acf":[],"_links":{"self":[{"href":"https:\/\/fonsvinum.com\/de\/wp-json\/wp\/v2\/product\/37257","targetHints":{"allow":["GET"]}}],"collection":[{"href":"https:\/\/fonsvinum.com\/de\/wp-json\/wp\/v2\/product"}],"about":[{"href":"https:\/\/fonsvinum.com\/de\/wp-json\/wp\/v2\/types\/product"}],"replies":[{"embeddable":true,"href":"https:\/\/fonsvinum.com\/de\/wp-json\/wp\/v2\/comments?post=37257"}],"wp:featuredmedia":[{"embeddable":true,"href":"https:\/\/fonsvinum.com\/de\/wp-json\/wp\/v2\/media\/37253"}],"wp:attachment":[{"href":"https:\/\/fonsvinum.com\/de\/wp-json\/wp\/v2\/media?parent=37257"}],"wp:term":[{"taxonomy":"product_brand","embeddable":true,"href":"https:\/\/fonsvinum.com\/de\/wp-json\/wp\/v2\/product_brand?post=37257"},{"taxonomy":"product_cat","embeddable":true,"href":"https:\/\/fonsvinum.com\/de\/wp-json\/wp\/v2\/product_cat?post=37257"},{"taxonomy":"product_tag","embeddable":true,"href":"https:\/\/fonsvinum.com\/de\/wp-json\/wp\/v2\/product_tag?post=37257"}],"curies":[{"name":"wp","href":"https:\/\/api.w.org\/{rel}","templated":true}]}}