{"id":36904,"date":"2022-02-10T16:41:58","date_gmt":"2022-02-10T15:41:58","guid":{"rendered":"https:\/\/fonsvinum.com\/?post_type=product&#038;p=36904"},"modified":"2022-02-10T16:50:26","modified_gmt":"2022-02-10T15:50:26","slug":"castello-dei-rampolla-sammarco-2000","status":"publish","type":"product","link":"https:\/\/fonsvinum.com\/de\/produkt\/castello-dei-rampolla-sammarco-2000\/","title":{"rendered":"CASTELLO DEI RAMPOLLA Sammarco 2000"},"content":{"rendered":"<h2>CASTELLO DEI RAMPOLLA Sammarco 2000<\/h2>\n<p><a href=\"https:\/\/fonsvinum.com\/de\/attributes\/producer\/castello-dei-rampolla-de\/\">CASTELLO DEI RAMPOLLA<\/a> Sammarco 2000<\/p>\n<h2>SAMMARCO<\/h2>\n<p>Castello dei Rampolla hat ein breitgef\u00e4chertes Sortiment. Sammarco geh\u00f6rt zu den Herzst\u00fccken des Weinguts.<\/p>\n<p>Ein gro\u00dfer <a href=\"https:\/\/www.shopinlanghe.com\/sellers?render_type=sellerview&amp;id_seller=5\">Wein<\/a> Italiens mit kontinuierlich guter Qualit\u00e4t.<\/p>\n<p>Dieser Cabernet Sauvignon wird mit kleinen Zus\u00e4tzen von Sangiovese und Merlot veredelt.<\/p>\n<p>Durch lange Monate im Barrique \u00fcberzeugt er mit ausgepr\u00e4gten Vanille- und R\u00f6staromen.<\/p>\n<p>Ein klassischer Toskaner, der traditionell gut zu gereiftem Hartk\u00e4se gereicht werden kann.<\/p>\n<p>Dunkles gebratenes Fleisch f\u00fchlt sich in Begleitung des Sammarcos ebenfalls sehr wohl.<\/p>\n<h3>Sammarco 2000<\/h3>\n<p>The Wine Advocate: 89<br \/>\nWine Spectator: 90<br \/>\nVinuous Media: 92<\/p>\n","protected":false},"excerpt":{"rendered":"<p>CASTELLO DEI RAMPOLLA Sammarco 2000 CASTELLO DEI RAMPOLLA Sammarco 2000 SAMMARCO Castello dei Rampolla hat ein breitgef\u00e4chertes Sortiment. Sammarco geh\u00f6rt zu den Herzst\u00fccken des Weinguts. Ein gro\u00dfer Wein Italiens mit kontinuierlich guter Qualit\u00e4t. Dieser Cabernet Sauvignon wird mit kleinen Zus\u00e4tzen von Sangiovese und Merlot veredelt. Durch lange Monate im Barrique \u00fcberzeugt er mit ausgepr\u00e4gten Vanille- [&hellip;]<\/p>\n","protected":false},"featured_media":36894,"comment_status":"open","ping_status":"closed","template":"","meta":{"_acf_changed":false,"_monsterinsights_skip_tracking":false,"_monsterinsights_sitenote_active":false,"_monsterinsights_sitenote_note":"","_monsterinsights_sitenote_category":0},"product_brand":[],"product_cat":[1693],"product_tag":[1733,15959,1745,3583],"class_list":{"0":"post-36904","1":"product","2":"type-product","3":"status-publish","4":"has-post-thumbnail","6":"product_cat-blend-2-de","7":"product_tag-aussergewoehnliche-weine-de","8":"product_tag-vino-rosso-de","9":"product_tag-super-tuscan-de","10":"product_tag-vini-toscani-de","11":"pa_appellation-toscana-rosso-igt-de","12":"pa_formato-0-75-l-flasche-de","13":"pa_producer-castello-dei-rampolla-de","14":"pa_region-toskana-de","15":"pa_vintage-2000-de","17":"first","18":"instock","19":"taxable","20":"shipping-taxable","21":"purchasable","22":"product-type-simple"},"bundled_by":[],"bundle_stock_status":"instock","bundle_stock_quantity":6,"bundle_virtual":false,"bundle_layout":"","bundle_add_to_cart_form_location":"","bundle_editable_in_cart":false,"bundle_sold_individually_context":"","bundle_item_grouping":"","bundle_min_size":"","bundle_max_size":"","bundle_price":[],"bundled_items":[],"bundle_sell_ids":[],"yoast_head":"<!-- This site is optimized with the Yoast SEO plugin v27.2 - https:\/\/yoast.com\/product\/yoast-seo-wordpress\/ -->\n<title>CASTELLO DEI RAMPOLLA Sammarco 2000<\/title>\n<meta name=\"description\" content=\"CASTELLO DEI RAMPOLLA Sammarco 2000 Toscana Rosso IGT.\" \/>\n<meta name=\"robots\" content=\"index, follow, max-snippet:-1, max-image-preview:large, max-video-preview:-1\" \/>\n<link rel=\"canonical\" href=\"https:\/\/fonsvinum.com\/de\/produkt\/castello-dei-rampolla-sammarco-2000\/\" \/>\n<meta property=\"og:locale\" content=\"de_DE\" \/>\n<meta property=\"og:type\" content=\"article\" \/>\n<meta property=\"og:title\" content=\"CASTELLO DEI RAMPOLLA Sammarco 2000\" \/>\n<meta property=\"og:description\" content=\"CASTELLO DEI RAMPOLLA Sammarco 2000 Toscana Rosso IGT.\" \/>\n<meta property=\"og:url\" content=\"https:\/\/fonsvinum.com\/de\/produkt\/castello-dei-rampolla-sammarco-2000\/\" \/>\n<meta property=\"og:site_name\" content=\"Fons Vinum\" \/>\n<meta property=\"article:modified_time\" content=\"2022-02-10T15:50:26+00:00\" \/>\n<meta property=\"og:image\" content=\"https:\/\/fonsvinum.com\/files\/2022\/02\/Castello-dei-Rampolla-Sammarco.jpg\" \/>\n\t<meta property=\"og:image:width\" content=\"200\" \/>\n\t<meta property=\"og:image:height\" content=\"600\" \/>\n\t<meta property=\"og:image:type\" content=\"image\/jpeg\" \/>\n<meta name=\"twitter:label1\" content=\"Gesch\u00e4tzte Lesezeit\" \/>\n\t<meta name=\"twitter:data1\" content=\"1\u00a0Minute\" \/>\n<script type=\"application\/ld+json\" class=\"yoast-schema-graph\">{\"@context\":\"https:\/\/schema.org\",\"@graph\":[{\"@type\":\"WebPage\",\"@id\":\"https:\/\/fonsvinum.com\/de\/produkt\/castello-dei-rampolla-sammarco-2000\/\",\"url\":\"https:\/\/fonsvinum.com\/de\/produkt\/castello-dei-rampolla-sammarco-2000\/\",\"name\":\"CASTELLO DEI RAMPOLLA Sammarco 2000\",\"isPartOf\":{\"@id\":\"https:\/\/fonsvinum.com\/en\/#website\"},\"primaryImageOfPage\":{\"@id\":\"https:\/\/fonsvinum.com\/de\/produkt\/castello-dei-rampolla-sammarco-2000\/#primaryimage\"},\"image\":{\"@id\":\"https:\/\/fonsvinum.com\/de\/produkt\/castello-dei-rampolla-sammarco-2000\/#primaryimage\"},\"thumbnailUrl\":\"https:\/\/fonsvinum.com\/files\/2022\/02\/Castello-dei-Rampolla-Sammarco.jpg\",\"datePublished\":\"2022-02-10T15:41:58+00:00\",\"dateModified\":\"2022-02-10T15:50:26+00:00\",\"description\":\"CASTELLO DEI RAMPOLLA Sammarco 2000 Toscana Rosso IGT.\",\"breadcrumb\":{\"@id\":\"https:\/\/fonsvinum.com\/de\/produkt\/castello-dei-rampolla-sammarco-2000\/#breadcrumb\"},\"inLanguage\":\"de\",\"potentialAction\":[{\"@type\":\"ReadAction\",\"target\":[\"https:\/\/fonsvinum.com\/de\/produkt\/castello-dei-rampolla-sammarco-2000\/\"]}]},{\"@type\":\"ImageObject\",\"inLanguage\":\"de\",\"@id\":\"https:\/\/fonsvinum.com\/de\/produkt\/castello-dei-rampolla-sammarco-2000\/#primaryimage\",\"url\":\"https:\/\/fonsvinum.com\/files\/2022\/02\/Castello-dei-Rampolla-Sammarco.jpg\",\"contentUrl\":\"https:\/\/fonsvinum.com\/files\/2022\/02\/Castello-dei-Rampolla-Sammarco.jpg\",\"width\":200,\"height\":600},{\"@type\":\"BreadcrumbList\",\"@id\":\"https:\/\/fonsvinum.com\/de\/produkt\/castello-dei-rampolla-sammarco-2000\/#breadcrumb\",\"itemListElement\":[{\"@type\":\"ListItem\",\"position\":1,\"name\":\"Startseite\",\"item\":\"https:\/\/fonsvinum.com\/de\/\"},{\"@type\":\"ListItem\",\"position\":2,\"name\":\"Shop\",\"item\":\"https:\/\/fonsvinum.com\/de\/shop\/\"},{\"@type\":\"ListItem\",\"position\":3,\"name\":\"CASTELLO DEI RAMPOLLA Sammarco 2000\"}]},{\"@type\":\"WebSite\",\"@id\":\"https:\/\/fonsvinum.com\/en\/#website\",\"url\":\"https:\/\/fonsvinum.com\/en\/\",\"name\":\"Fons Vinum\",\"description\":\"Vendita Vino Online\",\"publisher\":{\"@id\":\"https:\/\/fonsvinum.com\/en\/#organization\"},\"potentialAction\":[{\"@type\":\"SearchAction\",\"target\":{\"@type\":\"EntryPoint\",\"urlTemplate\":\"https:\/\/fonsvinum.com\/en\/?s={search_term_string}\"},\"query-input\":{\"@type\":\"PropertyValueSpecification\",\"valueRequired\":true,\"valueName\":\"search_term_string\"}}],\"inLanguage\":\"de\"},{\"@type\":\"Organization\",\"@id\":\"https:\/\/fonsvinum.com\/en\/#organization\",\"name\":\"Fons Vinum\",\"url\":\"https:\/\/fonsvinum.com\/en\/\",\"logo\":{\"@type\":\"ImageObject\",\"inLanguage\":\"de\",\"@id\":\"https:\/\/fonsvinum.com\/en\/#\/schema\/logo\/image\/\",\"url\":\"\",\"contentUrl\":\"\",\"caption\":\"Fons Vinum\"},\"image\":{\"@id\":\"https:\/\/fonsvinum.com\/en\/#\/schema\/logo\/image\/\"}}]}<\/script>\n<!-- \/ Yoast SEO plugin. -->","yoast_head_json":{"title":"CASTELLO DEI RAMPOLLA Sammarco 2000","description":"CASTELLO DEI RAMPOLLA Sammarco 2000 Toscana Rosso IGT.","robots":{"index":"index","follow":"follow","max-snippet":"max-snippet:-1","max-image-preview":"max-image-preview:large","max-video-preview":"max-video-preview:-1"},"canonical":"https:\/\/fonsvinum.com\/de\/produkt\/castello-dei-rampolla-sammarco-2000\/","og_locale":"de_DE","og_type":"article","og_title":"CASTELLO DEI RAMPOLLA Sammarco 2000","og_description":"CASTELLO DEI RAMPOLLA Sammarco 2000 Toscana Rosso IGT.","og_url":"https:\/\/fonsvinum.com\/de\/produkt\/castello-dei-rampolla-sammarco-2000\/","og_site_name":"Fons Vinum","article_modified_time":"2022-02-10T15:50:26+00:00","og_image":[{"width":200,"height":600,"url":"https:\/\/fonsvinum.com\/files\/2022\/02\/Castello-dei-Rampolla-Sammarco.jpg","type":"image\/jpeg"}],"twitter_misc":{"Gesch\u00e4tzte Lesezeit":"1\u00a0Minute"},"schema":{"@context":"https:\/\/schema.org","@graph":[{"@type":"WebPage","@id":"https:\/\/fonsvinum.com\/de\/produkt\/castello-dei-rampolla-sammarco-2000\/","url":"https:\/\/fonsvinum.com\/de\/produkt\/castello-dei-rampolla-sammarco-2000\/","name":"CASTELLO DEI RAMPOLLA Sammarco 2000","isPartOf":{"@id":"https:\/\/fonsvinum.com\/en\/#website"},"primaryImageOfPage":{"@id":"https:\/\/fonsvinum.com\/de\/produkt\/castello-dei-rampolla-sammarco-2000\/#primaryimage"},"image":{"@id":"https:\/\/fonsvinum.com\/de\/produkt\/castello-dei-rampolla-sammarco-2000\/#primaryimage"},"thumbnailUrl":"https:\/\/fonsvinum.com\/files\/2022\/02\/Castello-dei-Rampolla-Sammarco.jpg","datePublished":"2022-02-10T15:41:58+00:00","dateModified":"2022-02-10T15:50:26+00:00","description":"CASTELLO DEI RAMPOLLA Sammarco 2000 Toscana Rosso IGT.","breadcrumb":{"@id":"https:\/\/fonsvinum.com\/de\/produkt\/castello-dei-rampolla-sammarco-2000\/#breadcrumb"},"inLanguage":"de","potentialAction":[{"@type":"ReadAction","target":["https:\/\/fonsvinum.com\/de\/produkt\/castello-dei-rampolla-sammarco-2000\/"]}]},{"@type":"ImageObject","inLanguage":"de","@id":"https:\/\/fonsvinum.com\/de\/produkt\/castello-dei-rampolla-sammarco-2000\/#primaryimage","url":"https:\/\/fonsvinum.com\/files\/2022\/02\/Castello-dei-Rampolla-Sammarco.jpg","contentUrl":"https:\/\/fonsvinum.com\/files\/2022\/02\/Castello-dei-Rampolla-Sammarco.jpg","width":200,"height":600},{"@type":"BreadcrumbList","@id":"https:\/\/fonsvinum.com\/de\/produkt\/castello-dei-rampolla-sammarco-2000\/#breadcrumb","itemListElement":[{"@type":"ListItem","position":1,"name":"Startseite","item":"https:\/\/fonsvinum.com\/de\/"},{"@type":"ListItem","position":2,"name":"Shop","item":"https:\/\/fonsvinum.com\/de\/shop\/"},{"@type":"ListItem","position":3,"name":"CASTELLO DEI RAMPOLLA Sammarco 2000"}]},{"@type":"WebSite","@id":"https:\/\/fonsvinum.com\/en\/#website","url":"https:\/\/fonsvinum.com\/en\/","name":"Fons Vinum","description":"Vendita Vino Online","publisher":{"@id":"https:\/\/fonsvinum.com\/en\/#organization"},"potentialAction":[{"@type":"SearchAction","target":{"@type":"EntryPoint","urlTemplate":"https:\/\/fonsvinum.com\/en\/?s={search_term_string}"},"query-input":{"@type":"PropertyValueSpecification","valueRequired":true,"valueName":"search_term_string"}}],"inLanguage":"de"},{"@type":"Organization","@id":"https:\/\/fonsvinum.com\/en\/#organization","name":"Fons Vinum","url":"https:\/\/fonsvinum.com\/en\/","logo":{"@type":"ImageObject","inLanguage":"de","@id":"https:\/\/fonsvinum.com\/en\/#\/schema\/logo\/image\/","url":"","contentUrl":"","caption":"Fons Vinum"},"image":{"@id":"https:\/\/fonsvinum.com\/en\/#\/schema\/logo\/image\/"}}]}},"acf":[],"_links":{"self":[{"href":"https:\/\/fonsvinum.com\/de\/wp-json\/wp\/v2\/product\/36904","targetHints":{"allow":["GET"]}}],"collection":[{"href":"https:\/\/fonsvinum.com\/de\/wp-json\/wp\/v2\/product"}],"about":[{"href":"https:\/\/fonsvinum.com\/de\/wp-json\/wp\/v2\/types\/product"}],"replies":[{"embeddable":true,"href":"https:\/\/fonsvinum.com\/de\/wp-json\/wp\/v2\/comments?post=36904"}],"wp:featuredmedia":[{"embeddable":true,"href":"https:\/\/fonsvinum.com\/de\/wp-json\/wp\/v2\/media\/36894"}],"wp:attachment":[{"href":"https:\/\/fonsvinum.com\/de\/wp-json\/wp\/v2\/media?parent=36904"}],"wp:term":[{"taxonomy":"product_brand","embeddable":true,"href":"https:\/\/fonsvinum.com\/de\/wp-json\/wp\/v2\/product_brand?post=36904"},{"taxonomy":"product_cat","embeddable":true,"href":"https:\/\/fonsvinum.com\/de\/wp-json\/wp\/v2\/product_cat?post=36904"},{"taxonomy":"product_tag","embeddable":true,"href":"https:\/\/fonsvinum.com\/de\/wp-json\/wp\/v2\/product_tag?post=36904"}],"curies":[{"name":"wp","href":"https:\/\/api.w.org\/{rel}","templated":true}]}}