{"id":36848,"date":"2022-02-09T15:33:48","date_gmt":"2022-02-09T14:33:48","guid":{"rendered":"https:\/\/fonsvinum.com\/?post_type=product&#038;p=36848"},"modified":"2022-02-09T16:23:05","modified_gmt":"2022-02-09T15:23:05","slug":"tenuta-dellornellaia-il-carisma-ornellaia-2015-magnum-in-owc","status":"publish","type":"product","link":"https:\/\/fonsvinum.com\/de\/produkt\/tenuta-dellornellaia-il-carisma-ornellaia-2015-magnum-in-owc\/","title":{"rendered":"TENUTA DELL&#8217;ORNELLAIA &#8211; Il Carisma Ornellaia 2015 Magnum in OWC"},"content":{"rendered":"<div data-wrapper=\"true\">\n<div class=\"uk-accordion-content\">\n<div class=\"post-content-container uk-hidden-small\">\n<div class=\"uk-accordion\">\n<div data-wrapper=\"true\">\n<div class=\"uk-accordion-content\">\n<div data-wrapper=\"true\">\n<div class=\"uk-accordion-content\">\n<h2 style=\"text-align: left\">TENUTA DELL&#8217;ORNELLAIA &#8211; Il Carisma Ornellaia 2015 Magnum in OWC<\/h2>\n<p>TENUTA DELL&#8217;ORNELLAIA &#8211; Il Carisma Ornellaia 2015 Magnum in OWC<\/p>\n<h3 style=\"text-align: center\">&#8211; OWC: original wood case &#8211;<\/h3>\n<h2><a href=\"https:\/\/fonsvinum.com\/de\/attributes\/producer\/tenuta-dellornellaia-de\/\">TENUTA DELL&#8217;ORNELLAIA<\/a><\/h2>\n<h3>-DIE FAMILIE FRESCOBALDI-<\/h3>\n<p>Seit 700 Jahren verbindet die Familie Frescobaldi Tradition, Erfahrung und Innovation mit Kreativit\u00e4t und Streben nach Exzellenz. Es war stets das Bestreben der Familie, die Vielfalt des toskanischen Terroirs zu entwickeln und zu feiern. Als stolze Besitzer einiger der besten Weing\u00fcter der Region waren die Familienmitglieder stets darum bem\u00fcht, die Identit\u00e4t und die Selbstst\u00e4ndigkeit jedes einzelnen Besitzes zu bewahren.<\/p>\n<p>Weltweit gilt ORNELLAIA als eine Weingut-Ikone; im Besitz der Familie Frescobaldi hat es sich zu einer Erfolgsgeschichte entwickelt. Dies ist nur eines der Familienweing\u00fcter, zu denen auch ATTEMS (Friaul), MASSETO, DANZANTE, LUCE DELLA VITE und die sechs FRESCOBALDI-Weing\u00fctern Nipozzano, CastelGiocondo, Pomino, Ammiraglia, Castiglioni und Remole z\u00e4hlen.<\/p>\n<h2><a href=\"https:\/\/fonsvinum.com\/de\/?s=ORNELLAIA&amp;post_type=product\">ORNELLAIA<\/a><\/h2>\n<div class=\"scheda-container\">\n<div class=\"scheda-container-descr-cnt\">\n<p>Der Wunsch, die au\u00dfergew\u00f6hnliche Qualit\u00e4t des Weinguts zu f\u00f6rdern, pr\u00e4gt seit Beginn die Ornellaia-Philosophie. Ornellaia ist eine Cuv\u00e9e aus Cabernet Sauvignon, Merlot, Cabernet Franc sowie Petit Verdot und der authentische Ausdruck eines einzigartigen Terroirs, das im Einklang mit der Natur entwickelt wurde.<\/p>\n<h3>Ornellaia 2015 \u201eIl Carisma\u201c<\/h3>\n<p>F\u00fcr die Interpretation des Charakters, \u201eIl Carisma\u201c (Charisma), des Ornellaia Jahrgangs 2015 fiel die Entscheidung auf den s\u00fcdafrikanischen K\u00fcnstler William Kentridge: Dieser hat f\u00fcr die zehnte Auflage des Projekts \u201eVendemmia d\u2019Artista\u201c (Lese des K\u00fcnstlers) nicht nur ein Kunstwerk geschaffen, das auf dem Weingut ausgestellt wird, sondern auch eine limitierte Serie gro\u00dfformatiger Flaschen individuell k\u00fcnstlerisch gestaltet sowie ein Etikett entworfen, mit dem je eine Flasche pro Holzkiste \u00e0 sechs 0,75 l-Flaschen des Ornellaia 2015 versehen ist. Das gleiche Etikett wird auch auf allen Magnumflaschen und auf den Deckeln ihrer Holzkisten angebracht.<\/p>\n<\/div>\n<\/div>\n<div class=\"post-content-container uk-hidden-small\">\n<div class=\"uk-accordion\">\n<div data-wrapper=\"true\">\n<div class=\"uk-accordion-content\">\n<h3>BEWERTUNGEN &#8211; 2015<\/h3>\n<p>Wine Advocate 93<br \/>\nJames Suckling 98<br \/>\nWine Spectator 97<br \/>\nAntonio Galloni 98<\/p>\n<\/div>\n<\/div>\n<\/div>\n<\/div>\n<\/div>\n<\/div>\n<\/div>\n<\/div>\n<\/div>\n<\/div>\n<\/div>\n<\/div>\n","protected":false},"excerpt":{"rendered":"<p>TENUTA DELL&#8217;ORNELLAIA &#8211; Il Carisma Ornellaia 2015 Magnum in OWC TENUTA DELL&#8217;ORNELLAIA &#8211; Il Carisma Ornellaia 2015 Magnum in OWC &#8211; OWC: original wood case &#8211; TENUTA DELL&#8217;ORNELLAIA -DIE FAMILIE FRESCOBALDI- Seit 700 Jahren verbindet die Familie Frescobaldi Tradition, Erfahrung und Innovation mit Kreativit\u00e4t und Streben nach Exzellenz. Es war stets das Bestreben der Familie, [&hellip;]<\/p>\n","protected":false},"featured_media":36856,"comment_status":"open","ping_status":"closed","template":"","meta":{"_acf_changed":false,"_monsterinsights_skip_tracking":false,"_monsterinsights_sitenote_active":false,"_monsterinsights_sitenote_note":"","_monsterinsights_sitenote_category":0},"product_brand":[],"product_cat":[1693],"product_tag":[1751,17732,15959,1745,3583],"class_list":{"0":"post-36848","1":"product","2":"type-product","3":"status-publish","4":"has-post-thumbnail","6":"product_cat-blend-2-de","7":"product_tag-aussergewoehnliche-weine-aus-italien-de","8":"product_tag-magnum-de","9":"product_tag-vino-rosso-de","10":"product_tag-super-tuscan-de","11":"product_tag-vini-toscani-de","12":"pa_appellation-bolgheri-superiore-doc-de","13":"pa_formato-1-50-l-flasche-de","14":"pa_producer-tenuta-dellornellaia-de","15":"pa_region-toskana-de","16":"pa_vine-3-cabernet-sauvignon-23-merlot-17-cabernet-franc-7-petit-verdot","17":"pa_vintage-2015-de","19":"first","20":"instock","21":"taxable","22":"shipping-taxable","23":"purchasable","24":"product-type-simple"},"bundled_by":[],"bundle_stock_status":"instock","bundle_stock_quantity":1,"bundle_virtual":false,"bundle_layout":"","bundle_add_to_cart_form_location":"","bundle_editable_in_cart":false,"bundle_sold_individually_context":"","bundle_item_grouping":"","bundle_min_size":"","bundle_max_size":"","bundle_price":[],"bundled_items":[],"bundle_sell_ids":[],"yoast_head":"<!-- This site is optimized with the Yoast SEO plugin v27.3 - https:\/\/yoast.com\/product\/yoast-seo-wordpress\/ -->\n<title>TENUTA DELL&#039;ORNELLAIA - Il Carisma Ornellaia 2015 Magnum in OWC<\/title>\n<meta name=\"description\" content=\"Kaufen online TENUTA DELL&#039;ORNELLAIA - Il Carisma Ornellaia 2015 Magnum in OWC I Fonsvinum rare Weine online aus Piedmont, Toskana und Venetien\" \/>\n<meta name=\"robots\" content=\"index, follow, max-snippet:-1, max-image-preview:large, max-video-preview:-1\" \/>\n<link rel=\"canonical\" href=\"https:\/\/fonsvinum.com\/de\/produkt\/tenuta-dellornellaia-il-carisma-ornellaia-2015-magnum-in-owc\/\" \/>\n<meta property=\"og:locale\" content=\"de_DE\" \/>\n<meta property=\"og:type\" content=\"article\" \/>\n<meta property=\"og:title\" content=\"TENUTA DELL&#039;ORNELLAIA - Il Carisma Ornellaia 2015 Magnum in OWC\" \/>\n<meta property=\"og:description\" content=\"Kaufen online TENUTA DELL&#039;ORNELLAIA - Il Carisma Ornellaia 2015 Magnum in OWC I Fonsvinum rare Weine online aus Piedmont, Toskana und Venetien\" \/>\n<meta property=\"og:url\" content=\"https:\/\/fonsvinum.com\/de\/produkt\/tenuta-dellornellaia-il-carisma-ornellaia-2015-magnum-in-owc\/\" \/>\n<meta property=\"og:site_name\" content=\"Fons Vinum\" \/>\n<meta property=\"article:modified_time\" content=\"2022-02-09T15:23:05+00:00\" \/>\n<meta property=\"og:image\" content=\"https:\/\/fonsvinum.com\/files\/2022\/02\/Ornellaia-2015-Magnum-Il-Carisma.jpg\" \/>\n\t<meta property=\"og:image:width\" content=\"200\" \/>\n\t<meta property=\"og:image:height\" content=\"600\" \/>\n\t<meta property=\"og:image:type\" content=\"image\/jpeg\" \/>\n<meta name=\"twitter:label1\" content=\"Gesch\u00e4tzte Lesezeit\" \/>\n\t<meta name=\"twitter:data1\" content=\"2\u00a0Minuten\" \/>\n<script type=\"application\/ld+json\" class=\"yoast-schema-graph\">{\"@context\":\"https:\\\/\\\/schema.org\",\"@graph\":[{\"@type\":\"WebPage\",\"@id\":\"https:\\\/\\\/fonsvinum.com\\\/de\\\/produkt\\\/tenuta-dellornellaia-il-carisma-ornellaia-2015-magnum-in-owc\\\/\",\"url\":\"https:\\\/\\\/fonsvinum.com\\\/de\\\/produkt\\\/tenuta-dellornellaia-il-carisma-ornellaia-2015-magnum-in-owc\\\/\",\"name\":\"TENUTA DELL'ORNELLAIA - Il Carisma Ornellaia 2015 Magnum in OWC\",\"isPartOf\":{\"@id\":\"https:\\\/\\\/fonsvinum.com\\\/en\\\/#website\"},\"primaryImageOfPage\":{\"@id\":\"https:\\\/\\\/fonsvinum.com\\\/de\\\/produkt\\\/tenuta-dellornellaia-il-carisma-ornellaia-2015-magnum-in-owc\\\/#primaryimage\"},\"image\":{\"@id\":\"https:\\\/\\\/fonsvinum.com\\\/de\\\/produkt\\\/tenuta-dellornellaia-il-carisma-ornellaia-2015-magnum-in-owc\\\/#primaryimage\"},\"thumbnailUrl\":\"https:\\\/\\\/fonsvinum.com\\\/files\\\/2022\\\/02\\\/Ornellaia-2015-Magnum-Il-Carisma.jpg\",\"datePublished\":\"2022-02-09T14:33:48+00:00\",\"dateModified\":\"2022-02-09T15:23:05+00:00\",\"description\":\"Kaufen online TENUTA DELL'ORNELLAIA - Il Carisma Ornellaia 2015 Magnum in OWC I Fonsvinum rare Weine online aus Piedmont, Toskana und Venetien\",\"breadcrumb\":{\"@id\":\"https:\\\/\\\/fonsvinum.com\\\/de\\\/produkt\\\/tenuta-dellornellaia-il-carisma-ornellaia-2015-magnum-in-owc\\\/#breadcrumb\"},\"inLanguage\":\"de\",\"potentialAction\":[{\"@type\":\"ReadAction\",\"target\":[\"https:\\\/\\\/fonsvinum.com\\\/de\\\/produkt\\\/tenuta-dellornellaia-il-carisma-ornellaia-2015-magnum-in-owc\\\/\"]}]},{\"@type\":\"ImageObject\",\"inLanguage\":\"de\",\"@id\":\"https:\\\/\\\/fonsvinum.com\\\/de\\\/produkt\\\/tenuta-dellornellaia-il-carisma-ornellaia-2015-magnum-in-owc\\\/#primaryimage\",\"url\":\"https:\\\/\\\/fonsvinum.com\\\/files\\\/2022\\\/02\\\/Ornellaia-2015-Magnum-Il-Carisma.jpg\",\"contentUrl\":\"https:\\\/\\\/fonsvinum.com\\\/files\\\/2022\\\/02\\\/Ornellaia-2015-Magnum-Il-Carisma.jpg\",\"width\":200,\"height\":600},{\"@type\":\"BreadcrumbList\",\"@id\":\"https:\\\/\\\/fonsvinum.com\\\/de\\\/produkt\\\/tenuta-dellornellaia-il-carisma-ornellaia-2015-magnum-in-owc\\\/#breadcrumb\",\"itemListElement\":[{\"@type\":\"ListItem\",\"position\":1,\"name\":\"Startseite\",\"item\":\"https:\\\/\\\/fonsvinum.com\\\/de\\\/\"},{\"@type\":\"ListItem\",\"position\":2,\"name\":\"Shop\",\"item\":\"https:\\\/\\\/fonsvinum.com\\\/de\\\/shop\\\/\"},{\"@type\":\"ListItem\",\"position\":3,\"name\":\"TENUTA DELL&#8217;ORNELLAIA &#8211; Il Carisma Ornellaia 2015 Magnum in OWC\"}]},{\"@type\":\"WebSite\",\"@id\":\"https:\\\/\\\/fonsvinum.com\\\/en\\\/#website\",\"url\":\"https:\\\/\\\/fonsvinum.com\\\/en\\\/\",\"name\":\"Fons Vinum\",\"description\":\"Vendita Vino Online\",\"publisher\":{\"@id\":\"https:\\\/\\\/fonsvinum.com\\\/en\\\/#organization\"},\"potentialAction\":[{\"@type\":\"SearchAction\",\"target\":{\"@type\":\"EntryPoint\",\"urlTemplate\":\"https:\\\/\\\/fonsvinum.com\\\/en\\\/?s={search_term_string}\"},\"query-input\":{\"@type\":\"PropertyValueSpecification\",\"valueRequired\":true,\"valueName\":\"search_term_string\"}}],\"inLanguage\":\"de\"},{\"@type\":\"Organization\",\"@id\":\"https:\\\/\\\/fonsvinum.com\\\/en\\\/#organization\",\"name\":\"Fons Vinum\",\"url\":\"https:\\\/\\\/fonsvinum.com\\\/en\\\/\",\"logo\":{\"@type\":\"ImageObject\",\"inLanguage\":\"de\",\"@id\":\"https:\\\/\\\/fonsvinum.com\\\/en\\\/#\\\/schema\\\/logo\\\/image\\\/\",\"url\":\"\",\"contentUrl\":\"\",\"caption\":\"Fons Vinum\"},\"image\":{\"@id\":\"https:\\\/\\\/fonsvinum.com\\\/en\\\/#\\\/schema\\\/logo\\\/image\\\/\"}}]}<\/script>\n<!-- \/ Yoast SEO plugin. -->","yoast_head_json":{"title":"TENUTA DELL'ORNELLAIA - Il Carisma Ornellaia 2015 Magnum in OWC","description":"Kaufen online TENUTA DELL'ORNELLAIA - Il Carisma Ornellaia 2015 Magnum in OWC I Fonsvinum rare Weine online aus Piedmont, Toskana und Venetien","robots":{"index":"index","follow":"follow","max-snippet":"max-snippet:-1","max-image-preview":"max-image-preview:large","max-video-preview":"max-video-preview:-1"},"canonical":"https:\/\/fonsvinum.com\/de\/produkt\/tenuta-dellornellaia-il-carisma-ornellaia-2015-magnum-in-owc\/","og_locale":"de_DE","og_type":"article","og_title":"TENUTA DELL'ORNELLAIA - Il Carisma Ornellaia 2015 Magnum in OWC","og_description":"Kaufen online TENUTA DELL'ORNELLAIA - Il Carisma Ornellaia 2015 Magnum in OWC I Fonsvinum rare Weine online aus Piedmont, Toskana und Venetien","og_url":"https:\/\/fonsvinum.com\/de\/produkt\/tenuta-dellornellaia-il-carisma-ornellaia-2015-magnum-in-owc\/","og_site_name":"Fons Vinum","article_modified_time":"2022-02-09T15:23:05+00:00","og_image":[{"width":200,"height":600,"url":"https:\/\/fonsvinum.com\/files\/2022\/02\/Ornellaia-2015-Magnum-Il-Carisma.jpg","type":"image\/jpeg"}],"twitter_misc":{"Gesch\u00e4tzte Lesezeit":"2\u00a0Minuten"},"schema":{"@context":"https:\/\/schema.org","@graph":[{"@type":"WebPage","@id":"https:\/\/fonsvinum.com\/de\/produkt\/tenuta-dellornellaia-il-carisma-ornellaia-2015-magnum-in-owc\/","url":"https:\/\/fonsvinum.com\/de\/produkt\/tenuta-dellornellaia-il-carisma-ornellaia-2015-magnum-in-owc\/","name":"TENUTA DELL'ORNELLAIA - Il Carisma Ornellaia 2015 Magnum in OWC","isPartOf":{"@id":"https:\/\/fonsvinum.com\/en\/#website"},"primaryImageOfPage":{"@id":"https:\/\/fonsvinum.com\/de\/produkt\/tenuta-dellornellaia-il-carisma-ornellaia-2015-magnum-in-owc\/#primaryimage"},"image":{"@id":"https:\/\/fonsvinum.com\/de\/produkt\/tenuta-dellornellaia-il-carisma-ornellaia-2015-magnum-in-owc\/#primaryimage"},"thumbnailUrl":"https:\/\/fonsvinum.com\/files\/2022\/02\/Ornellaia-2015-Magnum-Il-Carisma.jpg","datePublished":"2022-02-09T14:33:48+00:00","dateModified":"2022-02-09T15:23:05+00:00","description":"Kaufen online TENUTA DELL'ORNELLAIA - Il Carisma Ornellaia 2015 Magnum in OWC I Fonsvinum rare Weine online aus Piedmont, Toskana und Venetien","breadcrumb":{"@id":"https:\/\/fonsvinum.com\/de\/produkt\/tenuta-dellornellaia-il-carisma-ornellaia-2015-magnum-in-owc\/#breadcrumb"},"inLanguage":"de","potentialAction":[{"@type":"ReadAction","target":["https:\/\/fonsvinum.com\/de\/produkt\/tenuta-dellornellaia-il-carisma-ornellaia-2015-magnum-in-owc\/"]}]},{"@type":"ImageObject","inLanguage":"de","@id":"https:\/\/fonsvinum.com\/de\/produkt\/tenuta-dellornellaia-il-carisma-ornellaia-2015-magnum-in-owc\/#primaryimage","url":"https:\/\/fonsvinum.com\/files\/2022\/02\/Ornellaia-2015-Magnum-Il-Carisma.jpg","contentUrl":"https:\/\/fonsvinum.com\/files\/2022\/02\/Ornellaia-2015-Magnum-Il-Carisma.jpg","width":200,"height":600},{"@type":"BreadcrumbList","@id":"https:\/\/fonsvinum.com\/de\/produkt\/tenuta-dellornellaia-il-carisma-ornellaia-2015-magnum-in-owc\/#breadcrumb","itemListElement":[{"@type":"ListItem","position":1,"name":"Startseite","item":"https:\/\/fonsvinum.com\/de\/"},{"@type":"ListItem","position":2,"name":"Shop","item":"https:\/\/fonsvinum.com\/de\/shop\/"},{"@type":"ListItem","position":3,"name":"TENUTA DELL&#8217;ORNELLAIA &#8211; Il Carisma Ornellaia 2015 Magnum in OWC"}]},{"@type":"WebSite","@id":"https:\/\/fonsvinum.com\/en\/#website","url":"https:\/\/fonsvinum.com\/en\/","name":"Fons Vinum","description":"Vendita Vino Online","publisher":{"@id":"https:\/\/fonsvinum.com\/en\/#organization"},"potentialAction":[{"@type":"SearchAction","target":{"@type":"EntryPoint","urlTemplate":"https:\/\/fonsvinum.com\/en\/?s={search_term_string}"},"query-input":{"@type":"PropertyValueSpecification","valueRequired":true,"valueName":"search_term_string"}}],"inLanguage":"de"},{"@type":"Organization","@id":"https:\/\/fonsvinum.com\/en\/#organization","name":"Fons Vinum","url":"https:\/\/fonsvinum.com\/en\/","logo":{"@type":"ImageObject","inLanguage":"de","@id":"https:\/\/fonsvinum.com\/en\/#\/schema\/logo\/image\/","url":"","contentUrl":"","caption":"Fons Vinum"},"image":{"@id":"https:\/\/fonsvinum.com\/en\/#\/schema\/logo\/image\/"}}]}},"acf":[],"_links":{"self":[{"href":"https:\/\/fonsvinum.com\/de\/wp-json\/wp\/v2\/product\/36848","targetHints":{"allow":["GET"]}}],"collection":[{"href":"https:\/\/fonsvinum.com\/de\/wp-json\/wp\/v2\/product"}],"about":[{"href":"https:\/\/fonsvinum.com\/de\/wp-json\/wp\/v2\/types\/product"}],"replies":[{"embeddable":true,"href":"https:\/\/fonsvinum.com\/de\/wp-json\/wp\/v2\/comments?post=36848"}],"wp:featuredmedia":[{"embeddable":true,"href":"https:\/\/fonsvinum.com\/de\/wp-json\/wp\/v2\/media\/36856"}],"wp:attachment":[{"href":"https:\/\/fonsvinum.com\/de\/wp-json\/wp\/v2\/media?parent=36848"}],"wp:term":[{"taxonomy":"product_brand","embeddable":true,"href":"https:\/\/fonsvinum.com\/de\/wp-json\/wp\/v2\/product_brand?post=36848"},{"taxonomy":"product_cat","embeddable":true,"href":"https:\/\/fonsvinum.com\/de\/wp-json\/wp\/v2\/product_cat?post=36848"},{"taxonomy":"product_tag","embeddable":true,"href":"https:\/\/fonsvinum.com\/de\/wp-json\/wp\/v2\/product_tag?post=36848"}],"curies":[{"name":"wp","href":"https:\/\/api.w.org\/{rel}","templated":true}]}}